{"id":1886,"date":"2023-06-12T05:59:13","date_gmt":"2023-06-12T05:59:13","guid":{"rendered":"https:\/\/der-schulbedarf.Shop\/?post_type=product&#038;p=1886"},"modified":"2024-11-27T13:49:31","modified_gmt":"2024-11-27T13:49:31","slug":"leserabe-sonderausgaben-rabenstarke-dinogeschichten-fuer-erstleser","status":"publish","type":"product","link":"https:\/\/der-schulbedarf.shop\/produkt-des-monats\/produkt\/leserabe-sonderausgaben-rabenstarke-dinogeschichten-fuer-erstleser\/","title":{"rendered":"Leserabe &#8211; Sonderausgaben: Rabenstarke Dinogeschichten f\u00fcr Erstleser"},"content":{"rendered":"<p>Lesen lernen wie im Flug!<\/p>\n<p>Das Spielen im Wald k\u00f6nnte so sch\u00f6n sein, w\u00e4re da nicht T-Rex, der gef\u00e4hrlichste Raubsaurier aller Zeiten! Doch die Dino-Kinder Brocken, H\u00f6rnchen und Quak lassen sich nicht so leicht erschrecken. Gemeinsam wollen sie T-Rex das Handwerk legen.<br \/>\nAndernorts finden Maja und Timmy einen Zauberknochen, der sie in die Urzeit bef\u00f6rdert. Dort ist alles viel gr\u00f6\u00dfer, viel hei\u00dfer \u2013 und viel gef\u00e4hrlicher! Sogar vor wild gewordenen Dinosauriern m\u00fcssen sich die Geschwister in Acht nehmen.<\/p>\n","protected":false},"excerpt":{"rendered":"<p>Lesen lernen wie im Flug!<\/p>\n<p>Das Spielen im Wald k\u00f6nnte so sch\u00f6n sein, w\u00e4re da nicht T-Rex, der gef\u00e4hrlichste Raubsaurier aller Zeiten! Doch die Dino-Kinder Brocken, H\u00f6rnchen und Quak lassen sich nicht so leicht erschrecken. Gemeinsam wollen sie T-Rex das Handwerk legen.<br \/>\nAndernorts finden Maja und Timmy einen Zauberknochen, der sie in die Urzeit bef\u00f6rdert. Dort ist alles viel gr\u00f6\u00dfer, viel hei\u00dfer \u2013 und viel gef\u00e4hrlicher! Sogar vor wild gewordenen Dinosauriern m\u00fcssen sich die Geschwister in Acht nehmen.<\/p>\n","protected":false},"featured_media":1938,"comment_status":"open","ping_status":"closed","template":"","meta":[],"product_cat":[224,944,225],"product_tag":[111,201,469,115,114,113],"class_list":{"0":"post-1886","1":"product","2":"type-product","3":"status-publish","4":"has-post-thumbnail","6":"product_cat-kinderbuecher","7":"product_cat-produktzufuehrung-geizhal","8":"product_cat-ravensburger-kinderbuecher","9":"product_tag-beschaeftigung","10":"product_tag-buecher","11":"product_tag-einschulung-geschenk","12":"product_tag-fuer-jungen","13":"product_tag-fuer-maedchen","14":"product_tag-geschenk","15":"post","16":"post-with-thumbnail","17":"post-with-thumbnail-large","19":"first","20":"instock","21":"taxable","22":"shipping-taxable","23":"purchasable","24":"product-type-simple"},"yoast_head":"<!-- This site is optimized with the Yoast SEO plugin v26.6 - https:\/\/yoast.com\/wordpress\/plugins\/seo\/ -->\n<title>Leserabe - Sonderausgaben: Rabenstarke Dinogeschichten f\u00fcr Erstleser - der-Schulbedarf.shop<\/title>\n<meta name=\"robots\" content=\"index, follow, max-snippet:-1, max-image-preview:large, max-video-preview:-1\" \/>\n<link rel=\"canonical\" href=\"https:\/\/der-schulbedarf.shop\/produkt-des-monats\/produkt\/leserabe-sonderausgaben-rabenstarke-dinogeschichten-fuer-erstleser\/\" \/>\n<meta property=\"og:locale\" content=\"de_DE\" \/>\n<meta property=\"og:type\" content=\"article\" \/>\n<meta property=\"og:title\" content=\"Leserabe - Sonderausgaben: Rabenstarke Dinogeschichten f\u00fcr Erstleser - der-Schulbedarf.shop\" \/>\n<meta property=\"og:description\" content=\"Lesen lernen wie im Flug!  Das Spielen im Wald k\u00f6nnte so sch\u00f6n sein, w\u00e4re da nicht T-Rex, der gef\u00e4hrlichste Raubsaurier aller Zeiten! Doch die Dino-Kinder Brocken, H\u00f6rnchen und Quak lassen sich nicht so leicht erschrecken. Gemeinsam wollen sie T-Rex das Handwerk legen. Andernorts finden Maja und Timmy einen Zauberknochen, der sie in die Urzeit bef\u00f6rdert. Dort ist alles viel gr\u00f6\u00dfer, viel hei\u00dfer \u2013 und viel gef\u00e4hrlicher! Sogar vor wild gewordenen Dinosauriern m\u00fcssen sich die Geschwister in Acht nehmen.\" \/>\n<meta property=\"og:url\" content=\"https:\/\/der-schulbedarf.shop\/produkt-des-monats\/produkt\/leserabe-sonderausgaben-rabenstarke-dinogeschichten-fuer-erstleser\/\" \/>\n<meta property=\"og:site_name\" content=\"der-Schulbedarf.shop\" \/>\n<meta property=\"article:modified_time\" content=\"2024-11-27T13:49:31+00:00\" \/>\n<meta property=\"og:image\" content=\"https:\/\/der-schulbedarf.shop\/wp-content\/uploads\/2023\/06\/46276-720x380-1.webp\" \/>\n\t<meta property=\"og:image:width\" content=\"720\" \/>\n\t<meta property=\"og:image:height\" content=\"380\" \/>\n\t<meta property=\"og:image:type\" content=\"image\/webp\" \/>\n<meta name=\"twitter:card\" content=\"summary_large_image\" \/>\n<meta name=\"twitter:label1\" content=\"Gesch\u00e4tzte Lesezeit\" \/>\n\t<meta name=\"twitter:data1\" content=\"1\u00a0Minute\" \/>\n<script type=\"application\/ld+json\" class=\"yoast-schema-graph\">{\"@context\":\"https:\/\/schema.org\",\"@graph\":[{\"@type\":\"WebPage\",\"@id\":\"https:\/\/der-schulbedarf.shop\/produkt-des-monats\/produkt\/leserabe-sonderausgaben-rabenstarke-dinogeschichten-fuer-erstleser\/\",\"url\":\"https:\/\/der-schulbedarf.shop\/produkt-des-monats\/produkt\/leserabe-sonderausgaben-rabenstarke-dinogeschichten-fuer-erstleser\/\",\"name\":\"Leserabe - Sonderausgaben: Rabenstarke Dinogeschichten f\u00fcr Erstleser - der-Schulbedarf.shop\",\"isPartOf\":{\"@id\":\"https:\/\/der-schulbedarf.shop\/produkt-des-monats\/#website\"},\"primaryImageOfPage\":{\"@id\":\"https:\/\/der-schulbedarf.shop\/produkt-des-monats\/produkt\/leserabe-sonderausgaben-rabenstarke-dinogeschichten-fuer-erstleser\/#primaryimage\"},\"image\":{\"@id\":\"https:\/\/der-schulbedarf.shop\/produkt-des-monats\/produkt\/leserabe-sonderausgaben-rabenstarke-dinogeschichten-fuer-erstleser\/#primaryimage\"},\"thumbnailUrl\":\"https:\/\/der-schulbedarf.shop\/wp-content\/uploads\/2023\/06\/46276-720x380-1.webp\",\"datePublished\":\"2023-06-12T05:59:13+00:00\",\"dateModified\":\"2024-11-27T13:49:31+00:00\",\"breadcrumb\":{\"@id\":\"https:\/\/der-schulbedarf.shop\/produkt-des-monats\/produkt\/leserabe-sonderausgaben-rabenstarke-dinogeschichten-fuer-erstleser\/#breadcrumb\"},\"inLanguage\":\"de\",\"potentialAction\":[{\"@type\":\"ReadAction\",\"target\":[\"https:\/\/der-schulbedarf.shop\/produkt-des-monats\/produkt\/leserabe-sonderausgaben-rabenstarke-dinogeschichten-fuer-erstleser\/\"]}]},{\"@type\":\"ImageObject\",\"inLanguage\":\"de\",\"@id\":\"https:\/\/der-schulbedarf.shop\/produkt-des-monats\/produkt\/leserabe-sonderausgaben-rabenstarke-dinogeschichten-fuer-erstleser\/#primaryimage\",\"url\":\"https:\/\/der-schulbedarf.shop\/wp-content\/uploads\/2023\/06\/46276-720x380-1.webp\",\"contentUrl\":\"https:\/\/der-schulbedarf.shop\/wp-content\/uploads\/2023\/06\/46276-720x380-1.webp\",\"width\":720,\"height\":380},{\"@type\":\"BreadcrumbList\",\"@id\":\"https:\/\/der-schulbedarf.shop\/produkt-des-monats\/produkt\/leserabe-sonderausgaben-rabenstarke-dinogeschichten-fuer-erstleser\/#breadcrumb\",\"itemListElement\":[{\"@type\":\"ListItem\",\"position\":1,\"name\":\"Shop\",\"item\":\"https:\/\/der-schulbedarf.shop\/produkt-des-monats\/shop\/\"},{\"@type\":\"ListItem\",\"position\":2,\"name\":\"Leserabe &#8211; Sonderausgaben: Rabenstarke Dinogeschichten f\u00fcr Erstleser\"}]},{\"@type\":\"WebSite\",\"@id\":\"https:\/\/der-schulbedarf.shop\/produkt-des-monats\/#website\",\"url\":\"https:\/\/der-schulbedarf.shop\/produkt-des-monats\/\",\"name\":\"der-Schulbedarf.shop\",\"description\":\"\",\"publisher\":{\"@id\":\"https:\/\/der-schulbedarf.shop\/produkt-des-monats\/#organization\"},\"potentialAction\":[{\"@type\":\"SearchAction\",\"target\":{\"@type\":\"EntryPoint\",\"urlTemplate\":\"https:\/\/der-schulbedarf.shop\/produkt-des-monats\/?s={search_term_string}\"},\"query-input\":{\"@type\":\"PropertyValueSpecification\",\"valueRequired\":true,\"valueName\":\"search_term_string\"}}],\"inLanguage\":\"de\"},{\"@type\":\"Organization\",\"@id\":\"https:\/\/der-schulbedarf.shop\/produkt-des-monats\/#organization\",\"name\":\"der-Schulbedarf.shop\",\"url\":\"https:\/\/der-schulbedarf.shop\/produkt-des-monats\/\",\"logo\":{\"@type\":\"ImageObject\",\"inLanguage\":\"de\",\"@id\":\"https:\/\/der-schulbedarf.shop\/produkt-des-monats\/#\/schema\/logo\/image\/\",\"url\":\"https:\/\/der-schulbedarf.shop\/wp-content\/uploads\/2024\/02\/grafik-e1709551115899.png\",\"contentUrl\":\"https:\/\/der-schulbedarf.shop\/wp-content\/uploads\/2024\/02\/grafik-e1709551115899.png\",\"width\":80,\"height\":80,\"caption\":\"der-Schulbedarf.shop\"},\"image\":{\"@id\":\"https:\/\/der-schulbedarf.shop\/produkt-des-monats\/#\/schema\/logo\/image\/\"}}]}<\/script>\n<!-- \/ Yoast SEO plugin. -->","yoast_head_json":{"title":"Leserabe - Sonderausgaben: Rabenstarke Dinogeschichten f\u00fcr Erstleser - der-Schulbedarf.shop","robots":{"index":"index","follow":"follow","max-snippet":"max-snippet:-1","max-image-preview":"max-image-preview:large","max-video-preview":"max-video-preview:-1"},"canonical":"https:\/\/der-schulbedarf.shop\/produkt-des-monats\/produkt\/leserabe-sonderausgaben-rabenstarke-dinogeschichten-fuer-erstleser\/","og_locale":"de_DE","og_type":"article","og_title":"Leserabe - Sonderausgaben: Rabenstarke Dinogeschichten f\u00fcr Erstleser - der-Schulbedarf.shop","og_description":"Lesen lernen wie im Flug!  Das Spielen im Wald k\u00f6nnte so sch\u00f6n sein, w\u00e4re da nicht T-Rex, der gef\u00e4hrlichste Raubsaurier aller Zeiten! Doch die Dino-Kinder Brocken, H\u00f6rnchen und Quak lassen sich nicht so leicht erschrecken. Gemeinsam wollen sie T-Rex das Handwerk legen. Andernorts finden Maja und Timmy einen Zauberknochen, der sie in die Urzeit bef\u00f6rdert. Dort ist alles viel gr\u00f6\u00dfer, viel hei\u00dfer \u2013 und viel gef\u00e4hrlicher! Sogar vor wild gewordenen Dinosauriern m\u00fcssen sich die Geschwister in Acht nehmen.","og_url":"https:\/\/der-schulbedarf.shop\/produkt-des-monats\/produkt\/leserabe-sonderausgaben-rabenstarke-dinogeschichten-fuer-erstleser\/","og_site_name":"der-Schulbedarf.shop","article_modified_time":"2024-11-27T13:49:31+00:00","og_image":[{"width":720,"height":380,"url":"https:\/\/der-schulbedarf.shop\/wp-content\/uploads\/2023\/06\/46276-720x380-1.webp","type":"image\/webp"}],"twitter_card":"summary_large_image","twitter_misc":{"Gesch\u00e4tzte Lesezeit":"1\u00a0Minute"},"schema":{"@context":"https:\/\/schema.org","@graph":[{"@type":"WebPage","@id":"https:\/\/der-schulbedarf.shop\/produkt-des-monats\/produkt\/leserabe-sonderausgaben-rabenstarke-dinogeschichten-fuer-erstleser\/","url":"https:\/\/der-schulbedarf.shop\/produkt-des-monats\/produkt\/leserabe-sonderausgaben-rabenstarke-dinogeschichten-fuer-erstleser\/","name":"Leserabe - Sonderausgaben: Rabenstarke Dinogeschichten f\u00fcr Erstleser - der-Schulbedarf.shop","isPartOf":{"@id":"https:\/\/der-schulbedarf.shop\/produkt-des-monats\/#website"},"primaryImageOfPage":{"@id":"https:\/\/der-schulbedarf.shop\/produkt-des-monats\/produkt\/leserabe-sonderausgaben-rabenstarke-dinogeschichten-fuer-erstleser\/#primaryimage"},"image":{"@id":"https:\/\/der-schulbedarf.shop\/produkt-des-monats\/produkt\/leserabe-sonderausgaben-rabenstarke-dinogeschichten-fuer-erstleser\/#primaryimage"},"thumbnailUrl":"https:\/\/der-schulbedarf.shop\/wp-content\/uploads\/2023\/06\/46276-720x380-1.webp","datePublished":"2023-06-12T05:59:13+00:00","dateModified":"2024-11-27T13:49:31+00:00","breadcrumb":{"@id":"https:\/\/der-schulbedarf.shop\/produkt-des-monats\/produkt\/leserabe-sonderausgaben-rabenstarke-dinogeschichten-fuer-erstleser\/#breadcrumb"},"inLanguage":"de","potentialAction":[{"@type":"ReadAction","target":["https:\/\/der-schulbedarf.shop\/produkt-des-monats\/produkt\/leserabe-sonderausgaben-rabenstarke-dinogeschichten-fuer-erstleser\/"]}]},{"@type":"ImageObject","inLanguage":"de","@id":"https:\/\/der-schulbedarf.shop\/produkt-des-monats\/produkt\/leserabe-sonderausgaben-rabenstarke-dinogeschichten-fuer-erstleser\/#primaryimage","url":"https:\/\/der-schulbedarf.shop\/wp-content\/uploads\/2023\/06\/46276-720x380-1.webp","contentUrl":"https:\/\/der-schulbedarf.shop\/wp-content\/uploads\/2023\/06\/46276-720x380-1.webp","width":720,"height":380},{"@type":"BreadcrumbList","@id":"https:\/\/der-schulbedarf.shop\/produkt-des-monats\/produkt\/leserabe-sonderausgaben-rabenstarke-dinogeschichten-fuer-erstleser\/#breadcrumb","itemListElement":[{"@type":"ListItem","position":1,"name":"Shop","item":"https:\/\/der-schulbedarf.shop\/produkt-des-monats\/shop\/"},{"@type":"ListItem","position":2,"name":"Leserabe &#8211; Sonderausgaben: Rabenstarke Dinogeschichten f\u00fcr Erstleser"}]},{"@type":"WebSite","@id":"https:\/\/der-schulbedarf.shop\/produkt-des-monats\/#website","url":"https:\/\/der-schulbedarf.shop\/produkt-des-monats\/","name":"der-Schulbedarf.shop","description":"","publisher":{"@id":"https:\/\/der-schulbedarf.shop\/produkt-des-monats\/#organization"},"potentialAction":[{"@type":"SearchAction","target":{"@type":"EntryPoint","urlTemplate":"https:\/\/der-schulbedarf.shop\/produkt-des-monats\/?s={search_term_string}"},"query-input":{"@type":"PropertyValueSpecification","valueRequired":true,"valueName":"search_term_string"}}],"inLanguage":"de"},{"@type":"Organization","@id":"https:\/\/der-schulbedarf.shop\/produkt-des-monats\/#organization","name":"der-Schulbedarf.shop","url":"https:\/\/der-schulbedarf.shop\/produkt-des-monats\/","logo":{"@type":"ImageObject","inLanguage":"de","@id":"https:\/\/der-schulbedarf.shop\/produkt-des-monats\/#\/schema\/logo\/image\/","url":"https:\/\/der-schulbedarf.shop\/wp-content\/uploads\/2024\/02\/grafik-e1709551115899.png","contentUrl":"https:\/\/der-schulbedarf.shop\/wp-content\/uploads\/2024\/02\/grafik-e1709551115899.png","width":80,"height":80,"caption":"der-Schulbedarf.shop"},"image":{"@id":"https:\/\/der-schulbedarf.shop\/produkt-des-monats\/#\/schema\/logo\/image\/"}}]}},"_links":{"self":[{"href":"https:\/\/der-schulbedarf.shop\/produkt-des-monats\/wp-json\/wp\/v2\/product\/1886","targetHints":{"allow":["GET"]}}],"collection":[{"href":"https:\/\/der-schulbedarf.shop\/produkt-des-monats\/wp-json\/wp\/v2\/product"}],"about":[{"href":"https:\/\/der-schulbedarf.shop\/produkt-des-monats\/wp-json\/wp\/v2\/types\/product"}],"replies":[{"embeddable":true,"href":"https:\/\/der-schulbedarf.shop\/produkt-des-monats\/wp-json\/wp\/v2\/comments?post=1886"}],"wp:featuredmedia":[{"embeddable":true,"href":"https:\/\/der-schulbedarf.shop\/produkt-des-monats\/wp-json\/wp\/v2\/media\/1938"}],"wp:attachment":[{"href":"https:\/\/der-schulbedarf.shop\/produkt-des-monats\/wp-json\/wp\/v2\/media?parent=1886"}],"wp:term":[{"taxonomy":"product_cat","embeddable":true,"href":"https:\/\/der-schulbedarf.shop\/produkt-des-monats\/wp-json\/wp\/v2\/product_cat?post=1886"},{"taxonomy":"product_tag","embeddable":true,"href":"https:\/\/der-schulbedarf.shop\/produkt-des-monats\/wp-json\/wp\/v2\/product_tag?post=1886"}],"curies":[{"name":"wp","href":"https:\/\/api.w.org\/{rel}","templated":true}]}}