{"id":1912,"date":"2023-06-12T05:12:58","date_gmt":"2023-06-12T05:12:58","guid":{"rendered":"https:\/\/der-schulbedarf.Shop\/?post_type=product&#038;p=1912"},"modified":"2024-11-27T13:55:16","modified_gmt":"2024-11-27T13:55:16","slug":"leserabe-2-lesestufe-der-fall-katzenpfote","status":"publish","type":"product","link":"https:\/\/der-schulbedarf.shop\/produkt-des-monats\/produkt\/leserabe-2-lesestufe-der-fall-katzenpfote\/","title":{"rendered":"Leserabe &#8211; 2. Lesestufe: Der Fall Katzenpfote"},"content":{"rendered":"<p>Lesen lernen wie im Flug!<\/p>\n<p>L.I.A \u2013 das sind Lilly, Ida und Aylin. Sie sind beste Freundinnen. Jeden Freitag kaufen sie f\u00fcr Lillys Nachbarin Frau Simion auf dem Markt ein. Doch eines Tages verschwindet Frau Simions Kater T\u00fcpfel. Das klingt nach dem ersten Fall f\u00fcr den Detektiv-Club L.I.A! Und schnell haben die Sp\u00fcrnasen einen Verdacht. Doch ob sie wirklich auf der richtigen Spur sind und den Falls l\u00f6sen k\u00f6nnen?<\/p>\n<p>Die Kinderb\u00fccher der Reihe Leserabe \u2013 2. Lesestufe wurden mit P\u00e4dagogen entwickelt und richten sich an fortgeschrittene Erstleser ab der 2. Klasse. Spannende Geschichten in Fibelschrift wecken die Lesemotivation von M\u00e4dchen und Jungen ab 7 Jahren. Durch Verst\u00e4ndnisfragen zum Text wird das Gelesene spielerisch \u00fcberpr\u00fcft.<\/p>\n<p>Empfohlen von Stiftung Lesen, gelistet bei Antolin.<\/p>\n","protected":false},"excerpt":{"rendered":"<p>Lesen lernen wie im Flug!<\/p>\n<p>L.I.A \u2013 das sind Lilly, Ida und Aylin. Sie sind beste Freundinnen. Jeden Freitag kaufen sie f\u00fcr Lillys Nachbarin Frau Simion auf dem Markt ein. Doch eines Tages verschwindet Frau Simions Kater T\u00fcpfel. Das klingt nach dem ersten Fall f\u00fcr den Detektiv-Club L.I.A! Und schnell haben die Sp\u00fcrnasen einen Verdacht. Doch ob sie wirklich auf der richtigen Spur sind und den Falls l\u00f6sen k\u00f6nnen?<\/p>\n","protected":false},"featured_media":1918,"comment_status":"open","ping_status":"closed","template":"","meta":[],"product_cat":[900,224,944,225],"product_tag":[220,268,192,111,200,201,613,115,114,210,198,181],"class_list":{"0":"post-1912","1":"product","2":"type-product","3":"status-publish","4":"has-post-thumbnail","6":"product_cat-2-klasse","7":"product_cat-kinderbuecher","8":"product_cat-produktzufuehrung-geizhal","9":"product_cat-ravensburger-kinderbuecher","10":"product_tag-ab-7-jahren","11":"product_tag-abenteuer","12":"product_tag-antolin","13":"product_tag-beschaeftigung","14":"product_tag-buch","15":"product_tag-buecher","16":"product_tag-detektive","17":"product_tag-fuer-jungen","18":"product_tag-fuer-maedchen","19":"product_tag-geschenk-kinder","20":"product_tag-kinderbuch","21":"product_tag-kinderbuecher","22":"post","23":"post-with-thumbnail","24":"post-with-thumbnail-large","26":"first","27":"instock","28":"taxable","29":"shipping-taxable","30":"purchasable","31":"product-type-simple"},"yoast_head":"<!-- This site is optimized with the Yoast SEO plugin v26.6 - https:\/\/yoast.com\/wordpress\/plugins\/seo\/ -->\n<title>Leserabe -Der Fall Katzenpfote<\/title>\n<meta name=\"description\" content=\"Leserabe -Der Fall Katzenpfote. Die Sp\u00fcrnasen des Detektivclubs L.I.A. suchen Frau Simions Kater T\u00fcpfel. Spannende Geschichte um 3 Freundinnen. Ab 7 Jahre.\" \/>\n<meta name=\"robots\" content=\"index, follow, max-snippet:-1, max-image-preview:large, max-video-preview:-1\" \/>\n<link rel=\"canonical\" href=\"https:\/\/der-schulbedarf.shop\/produkt-des-monats\/produkt\/leserabe-2-lesestufe-der-fall-katzenpfote\/\" \/>\n<meta property=\"og:locale\" content=\"de_DE\" \/>\n<meta property=\"og:type\" content=\"article\" \/>\n<meta property=\"og:title\" content=\"Leserabe -Der Fall Katzenpfote\" \/>\n<meta property=\"og:description\" content=\"Leserabe -Der Fall Katzenpfote. Die Sp\u00fcrnasen des Detektivclubs L.I.A. suchen Frau Simions Kater T\u00fcpfel. Spannende Geschichte um 3 Freundinnen. Ab 7 Jahre.\" \/>\n<meta property=\"og:url\" content=\"https:\/\/der-schulbedarf.shop\/produkt-des-monats\/produkt\/leserabe-2-lesestufe-der-fall-katzenpfote\/\" \/>\n<meta property=\"og:site_name\" content=\"der-Schulbedarf.shop\" \/>\n<meta property=\"article:modified_time\" content=\"2024-11-27T13:55:16+00:00\" \/>\n<meta property=\"og:image\" content=\"https:\/\/der-schulbedarf.shop\/wp-content\/uploads\/2023\/06\/Der-Fall-Katzenpfote.webp\" \/>\n\t<meta property=\"og:image:width\" content=\"720\" \/>\n\t<meta property=\"og:image:height\" content=\"380\" \/>\n\t<meta property=\"og:image:type\" content=\"image\/webp\" \/>\n<meta name=\"twitter:card\" content=\"summary_large_image\" \/>\n<meta name=\"twitter:label1\" content=\"Gesch\u00e4tzte Lesezeit\" \/>\n\t<meta name=\"twitter:data1\" content=\"1\u00a0Minute\" \/>\n<script type=\"application\/ld+json\" class=\"yoast-schema-graph\">{\"@context\":\"https:\/\/schema.org\",\"@graph\":[{\"@type\":\"WebPage\",\"@id\":\"https:\/\/der-schulbedarf.shop\/produkt-des-monats\/produkt\/leserabe-2-lesestufe-der-fall-katzenpfote\/\",\"url\":\"https:\/\/der-schulbedarf.shop\/produkt-des-monats\/produkt\/leserabe-2-lesestufe-der-fall-katzenpfote\/\",\"name\":\"Leserabe -Der Fall Katzenpfote\",\"isPartOf\":{\"@id\":\"https:\/\/der-schulbedarf.shop\/produkt-des-monats\/#website\"},\"primaryImageOfPage\":{\"@id\":\"https:\/\/der-schulbedarf.shop\/produkt-des-monats\/produkt\/leserabe-2-lesestufe-der-fall-katzenpfote\/#primaryimage\"},\"image\":{\"@id\":\"https:\/\/der-schulbedarf.shop\/produkt-des-monats\/produkt\/leserabe-2-lesestufe-der-fall-katzenpfote\/#primaryimage\"},\"thumbnailUrl\":\"https:\/\/der-schulbedarf.shop\/wp-content\/uploads\/2023\/06\/Der-Fall-Katzenpfote.webp\",\"datePublished\":\"2023-06-12T05:12:58+00:00\",\"dateModified\":\"2024-11-27T13:55:16+00:00\",\"description\":\"Leserabe -Der Fall Katzenpfote. Die Sp\u00fcrnasen des Detektivclubs L.I.A. suchen Frau Simions Kater T\u00fcpfel. Spannende Geschichte um 3 Freundinnen. Ab 7 Jahre.\",\"breadcrumb\":{\"@id\":\"https:\/\/der-schulbedarf.shop\/produkt-des-monats\/produkt\/leserabe-2-lesestufe-der-fall-katzenpfote\/#breadcrumb\"},\"inLanguage\":\"de\",\"potentialAction\":[{\"@type\":\"ReadAction\",\"target\":[\"https:\/\/der-schulbedarf.shop\/produkt-des-monats\/produkt\/leserabe-2-lesestufe-der-fall-katzenpfote\/\"]}]},{\"@type\":\"ImageObject\",\"inLanguage\":\"de\",\"@id\":\"https:\/\/der-schulbedarf.shop\/produkt-des-monats\/produkt\/leserabe-2-lesestufe-der-fall-katzenpfote\/#primaryimage\",\"url\":\"https:\/\/der-schulbedarf.shop\/wp-content\/uploads\/2023\/06\/Der-Fall-Katzenpfote.webp\",\"contentUrl\":\"https:\/\/der-schulbedarf.shop\/wp-content\/uploads\/2023\/06\/Der-Fall-Katzenpfote.webp\",\"width\":720,\"height\":380,\"caption\":\"fall cat\"},{\"@type\":\"BreadcrumbList\",\"@id\":\"https:\/\/der-schulbedarf.shop\/produkt-des-monats\/produkt\/leserabe-2-lesestufe-der-fall-katzenpfote\/#breadcrumb\",\"itemListElement\":[{\"@type\":\"ListItem\",\"position\":1,\"name\":\"Shop\",\"item\":\"https:\/\/der-schulbedarf.shop\/produkt-des-monats\/shop\/\"},{\"@type\":\"ListItem\",\"position\":2,\"name\":\"Leserabe &#8211; 2. Lesestufe: Der Fall Katzenpfote\"}]},{\"@type\":\"WebSite\",\"@id\":\"https:\/\/der-schulbedarf.shop\/produkt-des-monats\/#website\",\"url\":\"https:\/\/der-schulbedarf.shop\/produkt-des-monats\/\",\"name\":\"der-Schulbedarf.shop\",\"description\":\"\",\"publisher\":{\"@id\":\"https:\/\/der-schulbedarf.shop\/produkt-des-monats\/#organization\"},\"potentialAction\":[{\"@type\":\"SearchAction\",\"target\":{\"@type\":\"EntryPoint\",\"urlTemplate\":\"https:\/\/der-schulbedarf.shop\/produkt-des-monats\/?s={search_term_string}\"},\"query-input\":{\"@type\":\"PropertyValueSpecification\",\"valueRequired\":true,\"valueName\":\"search_term_string\"}}],\"inLanguage\":\"de\"},{\"@type\":\"Organization\",\"@id\":\"https:\/\/der-schulbedarf.shop\/produkt-des-monats\/#organization\",\"name\":\"der-Schulbedarf.shop\",\"url\":\"https:\/\/der-schulbedarf.shop\/produkt-des-monats\/\",\"logo\":{\"@type\":\"ImageObject\",\"inLanguage\":\"de\",\"@id\":\"https:\/\/der-schulbedarf.shop\/produkt-des-monats\/#\/schema\/logo\/image\/\",\"url\":\"https:\/\/der-schulbedarf.shop\/wp-content\/uploads\/2024\/02\/grafik-e1709551115899.png\",\"contentUrl\":\"https:\/\/der-schulbedarf.shop\/wp-content\/uploads\/2024\/02\/grafik-e1709551115899.png\",\"width\":80,\"height\":80,\"caption\":\"der-Schulbedarf.shop\"},\"image\":{\"@id\":\"https:\/\/der-schulbedarf.shop\/produkt-des-monats\/#\/schema\/logo\/image\/\"}}]}<\/script>\n<!-- \/ Yoast SEO plugin. -->","yoast_head_json":{"title":"Leserabe -Der Fall Katzenpfote","description":"Leserabe -Der Fall Katzenpfote. Die Sp\u00fcrnasen des Detektivclubs L.I.A. suchen Frau Simions Kater T\u00fcpfel. Spannende Geschichte um 3 Freundinnen. Ab 7 Jahre.","robots":{"index":"index","follow":"follow","max-snippet":"max-snippet:-1","max-image-preview":"max-image-preview:large","max-video-preview":"max-video-preview:-1"},"canonical":"https:\/\/der-schulbedarf.shop\/produkt-des-monats\/produkt\/leserabe-2-lesestufe-der-fall-katzenpfote\/","og_locale":"de_DE","og_type":"article","og_title":"Leserabe -Der Fall Katzenpfote","og_description":"Leserabe -Der Fall Katzenpfote. Die Sp\u00fcrnasen des Detektivclubs L.I.A. suchen Frau Simions Kater T\u00fcpfel. Spannende Geschichte um 3 Freundinnen. Ab 7 Jahre.","og_url":"https:\/\/der-schulbedarf.shop\/produkt-des-monats\/produkt\/leserabe-2-lesestufe-der-fall-katzenpfote\/","og_site_name":"der-Schulbedarf.shop","article_modified_time":"2024-11-27T13:55:16+00:00","og_image":[{"width":720,"height":380,"url":"https:\/\/der-schulbedarf.shop\/wp-content\/uploads\/2023\/06\/Der-Fall-Katzenpfote.webp","type":"image\/webp"}],"twitter_card":"summary_large_image","twitter_misc":{"Gesch\u00e4tzte Lesezeit":"1\u00a0Minute"},"schema":{"@context":"https:\/\/schema.org","@graph":[{"@type":"WebPage","@id":"https:\/\/der-schulbedarf.shop\/produkt-des-monats\/produkt\/leserabe-2-lesestufe-der-fall-katzenpfote\/","url":"https:\/\/der-schulbedarf.shop\/produkt-des-monats\/produkt\/leserabe-2-lesestufe-der-fall-katzenpfote\/","name":"Leserabe -Der Fall Katzenpfote","isPartOf":{"@id":"https:\/\/der-schulbedarf.shop\/produkt-des-monats\/#website"},"primaryImageOfPage":{"@id":"https:\/\/der-schulbedarf.shop\/produkt-des-monats\/produkt\/leserabe-2-lesestufe-der-fall-katzenpfote\/#primaryimage"},"image":{"@id":"https:\/\/der-schulbedarf.shop\/produkt-des-monats\/produkt\/leserabe-2-lesestufe-der-fall-katzenpfote\/#primaryimage"},"thumbnailUrl":"https:\/\/der-schulbedarf.shop\/wp-content\/uploads\/2023\/06\/Der-Fall-Katzenpfote.webp","datePublished":"2023-06-12T05:12:58+00:00","dateModified":"2024-11-27T13:55:16+00:00","description":"Leserabe -Der Fall Katzenpfote. Die Sp\u00fcrnasen des Detektivclubs L.I.A. suchen Frau Simions Kater T\u00fcpfel. Spannende Geschichte um 3 Freundinnen. Ab 7 Jahre.","breadcrumb":{"@id":"https:\/\/der-schulbedarf.shop\/produkt-des-monats\/produkt\/leserabe-2-lesestufe-der-fall-katzenpfote\/#breadcrumb"},"inLanguage":"de","potentialAction":[{"@type":"ReadAction","target":["https:\/\/der-schulbedarf.shop\/produkt-des-monats\/produkt\/leserabe-2-lesestufe-der-fall-katzenpfote\/"]}]},{"@type":"ImageObject","inLanguage":"de","@id":"https:\/\/der-schulbedarf.shop\/produkt-des-monats\/produkt\/leserabe-2-lesestufe-der-fall-katzenpfote\/#primaryimage","url":"https:\/\/der-schulbedarf.shop\/wp-content\/uploads\/2023\/06\/Der-Fall-Katzenpfote.webp","contentUrl":"https:\/\/der-schulbedarf.shop\/wp-content\/uploads\/2023\/06\/Der-Fall-Katzenpfote.webp","width":720,"height":380,"caption":"fall cat"},{"@type":"BreadcrumbList","@id":"https:\/\/der-schulbedarf.shop\/produkt-des-monats\/produkt\/leserabe-2-lesestufe-der-fall-katzenpfote\/#breadcrumb","itemListElement":[{"@type":"ListItem","position":1,"name":"Shop","item":"https:\/\/der-schulbedarf.shop\/produkt-des-monats\/shop\/"},{"@type":"ListItem","position":2,"name":"Leserabe &#8211; 2. Lesestufe: Der Fall Katzenpfote"}]},{"@type":"WebSite","@id":"https:\/\/der-schulbedarf.shop\/produkt-des-monats\/#website","url":"https:\/\/der-schulbedarf.shop\/produkt-des-monats\/","name":"der-Schulbedarf.shop","description":"","publisher":{"@id":"https:\/\/der-schulbedarf.shop\/produkt-des-monats\/#organization"},"potentialAction":[{"@type":"SearchAction","target":{"@type":"EntryPoint","urlTemplate":"https:\/\/der-schulbedarf.shop\/produkt-des-monats\/?s={search_term_string}"},"query-input":{"@type":"PropertyValueSpecification","valueRequired":true,"valueName":"search_term_string"}}],"inLanguage":"de"},{"@type":"Organization","@id":"https:\/\/der-schulbedarf.shop\/produkt-des-monats\/#organization","name":"der-Schulbedarf.shop","url":"https:\/\/der-schulbedarf.shop\/produkt-des-monats\/","logo":{"@type":"ImageObject","inLanguage":"de","@id":"https:\/\/der-schulbedarf.shop\/produkt-des-monats\/#\/schema\/logo\/image\/","url":"https:\/\/der-schulbedarf.shop\/wp-content\/uploads\/2024\/02\/grafik-e1709551115899.png","contentUrl":"https:\/\/der-schulbedarf.shop\/wp-content\/uploads\/2024\/02\/grafik-e1709551115899.png","width":80,"height":80,"caption":"der-Schulbedarf.shop"},"image":{"@id":"https:\/\/der-schulbedarf.shop\/produkt-des-monats\/#\/schema\/logo\/image\/"}}]}},"_links":{"self":[{"href":"https:\/\/der-schulbedarf.shop\/produkt-des-monats\/wp-json\/wp\/v2\/product\/1912","targetHints":{"allow":["GET"]}}],"collection":[{"href":"https:\/\/der-schulbedarf.shop\/produkt-des-monats\/wp-json\/wp\/v2\/product"}],"about":[{"href":"https:\/\/der-schulbedarf.shop\/produkt-des-monats\/wp-json\/wp\/v2\/types\/product"}],"replies":[{"embeddable":true,"href":"https:\/\/der-schulbedarf.shop\/produkt-des-monats\/wp-json\/wp\/v2\/comments?post=1912"}],"wp:featuredmedia":[{"embeddable":true,"href":"https:\/\/der-schulbedarf.shop\/produkt-des-monats\/wp-json\/wp\/v2\/media\/1918"}],"wp:attachment":[{"href":"https:\/\/der-schulbedarf.shop\/produkt-des-monats\/wp-json\/wp\/v2\/media?parent=1912"}],"wp:term":[{"taxonomy":"product_cat","embeddable":true,"href":"https:\/\/der-schulbedarf.shop\/produkt-des-monats\/wp-json\/wp\/v2\/product_cat?post=1912"},{"taxonomy":"product_tag","embeddable":true,"href":"https:\/\/der-schulbedarf.shop\/produkt-des-monats\/wp-json\/wp\/v2\/product_tag?post=1912"}],"curies":[{"name":"wp","href":"https:\/\/api.w.org\/{rel}","templated":true}]}}