{"id":2046,"date":"2023-06-12T20:53:28","date_gmt":"2023-06-12T20:53:28","guid":{"rendered":"https:\/\/der-schulbedarf.Shop\/?post_type=product&#038;p=2046"},"modified":"2024-11-27T12:36:49","modified_gmt":"2024-11-27T12:36:49","slug":"leserabe-sonderausgaben-die-schoensten-fantasiegeschichten-mit-extra-vielen-raetseln","status":"publish","type":"product","link":"https:\/\/der-schulbedarf.shop\/produkt-des-monats\/produkt\/leserabe-sonderausgaben-die-schoensten-fantasiegeschichten-mit-extra-vielen-raetseln\/","title":{"rendered":"Leserabe &#8211; Sonderausgaben: Die sch\u00f6nsten Fantasiegeschichten mit extra vielen R\u00e4tseln"},"content":{"rendered":"<p>Lesen lernen wie im Flug mit spannenden Geschichten und extra vielen R\u00e4tseln!<\/p>\n<p>Die Geschichten in diesen B\u00fcchern erz\u00e4hlen von fantastischen Abenteuern. Mit den extra vielen spannenden Erstleser-R\u00e4tseln zwischen den Geschichten macht das Lesenlernen richtig Spa\u00df! Und ganz nebenbei wird die Leselust der Kids geweckt.<\/p>\n<p>Lesen lernen wie im Flug! Die Kinderb\u00fccher der Reihe Leserabe wurden mit P\u00e4dagogen entwickelt und richten sich an Leseanf\u00e4nger ab der 1. Klasse. Spannende Geschichten und extra viele R\u00e4tsel motivieren zum Lesen und steigern die Lesekompetenz von Jungen und M\u00e4dchen ab 6 Jahren.<\/p>\n<p>Empfohlen von Stiftung Lesen, gelistet bei Antolin.<\/p>\n","protected":false},"excerpt":{"rendered":"<p>Lesen lernen wie im Flug mit spannenden Geschichten und extra vielen R\u00e4tseln!<\/p>\n<p>Die Geschichten in diesen B\u00fcchern erz\u00e4hlen von fantastischen Abenteuern. Mit den extra vielen spannenden Erstleser-R\u00e4tseln zwischen den Geschichten macht das Lesenlernen richtig Spa\u00df! Und ganz nebenbei wird die Leselust der Kids geweckt.<\/p>\n<p>&nbsp;<\/p>\n","protected":false},"featured_media":2912,"comment_status":"open","ping_status":"closed","template":"","meta":[],"product_cat":[899,224,944,225],"product_tag":[652,111,107,200,201,183,115,114,198,181,185,1069],"class_list":{"0":"post-2046","1":"product","2":"type-product","3":"status-publish","4":"has-post-thumbnail","6":"product_cat-1-klasse","7":"product_cat-kinderbuecher","8":"product_cat-produktzufuehrung-geizhal","9":"product_cat-ravensburger-kinderbuecher","10":"product_tag-ab-6-jahren","11":"product_tag-beschaeftigung","12":"product_tag-beschaeftigung-kinder","13":"product_tag-buch","14":"product_tag-buecher","15":"product_tag-fantasie","16":"product_tag-fuer-jungen","17":"product_tag-fuer-maedchen","18":"product_tag-kinderbuch","19":"product_tag-kinderbuecher","20":"product_tag-leseanfaenger","21":"product_tag-spannende-geschichten","22":"post","23":"post-with-thumbnail","24":"post-with-thumbnail-large","26":"first","27":"instock","28":"taxable","29":"shipping-taxable","30":"purchasable","31":"product-type-simple"},"yoast_head":"<!-- This site is optimized with the Yoast SEO plugin v26.6 - https:\/\/yoast.com\/wordpress\/plugins\/seo\/ -->\n<title>Leserabe -Die sch\u00f6nsten Fantasiegeschichten<\/title>\n<meta name=\"description\" content=\"Leserabe -Die sch\u00f6nsten Fantasiegeschichten. Spannende Geschichten von fantastischen Abenteuern. F\u00fcr Kinder ab 6 Jahren. Von P\u00e4dagogen entwickelt.\" \/>\n<meta name=\"robots\" content=\"index, follow, max-snippet:-1, max-image-preview:large, max-video-preview:-1\" \/>\n<link rel=\"canonical\" href=\"https:\/\/der-schulbedarf.shop\/produkt-des-monats\/produkt\/leserabe-sonderausgaben-die-schoensten-fantasiegeschichten-mit-extra-vielen-raetseln\/\" \/>\n<meta property=\"og:locale\" content=\"de_DE\" \/>\n<meta property=\"og:type\" content=\"article\" \/>\n<meta property=\"og:title\" content=\"Leserabe -Die sch\u00f6nsten Fantasiegeschichten\" \/>\n<meta property=\"og:description\" content=\"Leserabe -Die sch\u00f6nsten Fantasiegeschichten. Spannende Geschichten von fantastischen Abenteuern. F\u00fcr Kinder ab 6 Jahren. Von P\u00e4dagogen entwickelt.\" \/>\n<meta property=\"og:url\" content=\"https:\/\/der-schulbedarf.shop\/produkt-des-monats\/produkt\/leserabe-sonderausgaben-die-schoensten-fantasiegeschichten-mit-extra-vielen-raetseln\/\" \/>\n<meta property=\"og:site_name\" content=\"der-Schulbedarf.shop\" \/>\n<meta property=\"article:modified_time\" content=\"2024-11-27T12:36:49+00:00\" \/>\n<meta property=\"og:image\" content=\"https:\/\/der-schulbedarf.shop\/wp-content\/uploads\/2023\/06\/46295_1-1-720x380-1.webp\" \/>\n\t<meta property=\"og:image:width\" content=\"720\" \/>\n\t<meta property=\"og:image:height\" content=\"380\" \/>\n\t<meta property=\"og:image:type\" content=\"image\/webp\" \/>\n<meta name=\"twitter:card\" content=\"summary_large_image\" \/>\n<meta name=\"twitter:label1\" content=\"Gesch\u00e4tzte Lesezeit\" \/>\n\t<meta name=\"twitter:data1\" content=\"1\u00a0Minute\" \/>\n<script type=\"application\/ld+json\" class=\"yoast-schema-graph\">{\"@context\":\"https:\/\/schema.org\",\"@graph\":[{\"@type\":\"WebPage\",\"@id\":\"https:\/\/der-schulbedarf.shop\/produkt-des-monats\/produkt\/leserabe-sonderausgaben-die-schoensten-fantasiegeschichten-mit-extra-vielen-raetseln\/\",\"url\":\"https:\/\/der-schulbedarf.shop\/produkt-des-monats\/produkt\/leserabe-sonderausgaben-die-schoensten-fantasiegeschichten-mit-extra-vielen-raetseln\/\",\"name\":\"Leserabe -Die sch\u00f6nsten Fantasiegeschichten\",\"isPartOf\":{\"@id\":\"https:\/\/der-schulbedarf.shop\/produkt-des-monats\/#website\"},\"primaryImageOfPage\":{\"@id\":\"https:\/\/der-schulbedarf.shop\/produkt-des-monats\/produkt\/leserabe-sonderausgaben-die-schoensten-fantasiegeschichten-mit-extra-vielen-raetseln\/#primaryimage\"},\"image\":{\"@id\":\"https:\/\/der-schulbedarf.shop\/produkt-des-monats\/produkt\/leserabe-sonderausgaben-die-schoensten-fantasiegeschichten-mit-extra-vielen-raetseln\/#primaryimage\"},\"thumbnailUrl\":\"https:\/\/der-schulbedarf.shop\/wp-content\/uploads\/2023\/06\/46295_1-1-720x380-1.webp\",\"datePublished\":\"2023-06-12T20:53:28+00:00\",\"dateModified\":\"2024-11-27T12:36:49+00:00\",\"description\":\"Leserabe -Die sch\u00f6nsten Fantasiegeschichten. Spannende Geschichten von fantastischen Abenteuern. F\u00fcr Kinder ab 6 Jahren. Von P\u00e4dagogen entwickelt.\",\"breadcrumb\":{\"@id\":\"https:\/\/der-schulbedarf.shop\/produkt-des-monats\/produkt\/leserabe-sonderausgaben-die-schoensten-fantasiegeschichten-mit-extra-vielen-raetseln\/#breadcrumb\"},\"inLanguage\":\"de\",\"potentialAction\":[{\"@type\":\"ReadAction\",\"target\":[\"https:\/\/der-schulbedarf.shop\/produkt-des-monats\/produkt\/leserabe-sonderausgaben-die-schoensten-fantasiegeschichten-mit-extra-vielen-raetseln\/\"]}]},{\"@type\":\"ImageObject\",\"inLanguage\":\"de\",\"@id\":\"https:\/\/der-schulbedarf.shop\/produkt-des-monats\/produkt\/leserabe-sonderausgaben-die-schoensten-fantasiegeschichten-mit-extra-vielen-raetseln\/#primaryimage\",\"url\":\"https:\/\/der-schulbedarf.shop\/wp-content\/uploads\/2023\/06\/46295_1-1-720x380-1.webp\",\"contentUrl\":\"https:\/\/der-schulbedarf.shop\/wp-content\/uploads\/2023\/06\/46295_1-1-720x380-1.webp\",\"width\":720,\"height\":380},{\"@type\":\"BreadcrumbList\",\"@id\":\"https:\/\/der-schulbedarf.shop\/produkt-des-monats\/produkt\/leserabe-sonderausgaben-die-schoensten-fantasiegeschichten-mit-extra-vielen-raetseln\/#breadcrumb\",\"itemListElement\":[{\"@type\":\"ListItem\",\"position\":1,\"name\":\"Shop\",\"item\":\"https:\/\/der-schulbedarf.shop\/produkt-des-monats\/shop\/\"},{\"@type\":\"ListItem\",\"position\":2,\"name\":\"Leserabe &#8211; Sonderausgaben: Die sch\u00f6nsten Fantasiegeschichten mit extra vielen R\u00e4tseln\"}]},{\"@type\":\"WebSite\",\"@id\":\"https:\/\/der-schulbedarf.shop\/produkt-des-monats\/#website\",\"url\":\"https:\/\/der-schulbedarf.shop\/produkt-des-monats\/\",\"name\":\"der-Schulbedarf.shop\",\"description\":\"\",\"publisher\":{\"@id\":\"https:\/\/der-schulbedarf.shop\/produkt-des-monats\/#organization\"},\"potentialAction\":[{\"@type\":\"SearchAction\",\"target\":{\"@type\":\"EntryPoint\",\"urlTemplate\":\"https:\/\/der-schulbedarf.shop\/produkt-des-monats\/?s={search_term_string}\"},\"query-input\":{\"@type\":\"PropertyValueSpecification\",\"valueRequired\":true,\"valueName\":\"search_term_string\"}}],\"inLanguage\":\"de\"},{\"@type\":\"Organization\",\"@id\":\"https:\/\/der-schulbedarf.shop\/produkt-des-monats\/#organization\",\"name\":\"der-Schulbedarf.shop\",\"url\":\"https:\/\/der-schulbedarf.shop\/produkt-des-monats\/\",\"logo\":{\"@type\":\"ImageObject\",\"inLanguage\":\"de\",\"@id\":\"https:\/\/der-schulbedarf.shop\/produkt-des-monats\/#\/schema\/logo\/image\/\",\"url\":\"https:\/\/der-schulbedarf.shop\/wp-content\/uploads\/2024\/02\/grafik-e1709551115899.png\",\"contentUrl\":\"https:\/\/der-schulbedarf.shop\/wp-content\/uploads\/2024\/02\/grafik-e1709551115899.png\",\"width\":80,\"height\":80,\"caption\":\"der-Schulbedarf.shop\"},\"image\":{\"@id\":\"https:\/\/der-schulbedarf.shop\/produkt-des-monats\/#\/schema\/logo\/image\/\"}}]}<\/script>\n<!-- \/ Yoast SEO plugin. -->","yoast_head_json":{"title":"Leserabe -Die sch\u00f6nsten Fantasiegeschichten","description":"Leserabe -Die sch\u00f6nsten Fantasiegeschichten. Spannende Geschichten von fantastischen Abenteuern. F\u00fcr Kinder ab 6 Jahren. Von P\u00e4dagogen entwickelt.","robots":{"index":"index","follow":"follow","max-snippet":"max-snippet:-1","max-image-preview":"max-image-preview:large","max-video-preview":"max-video-preview:-1"},"canonical":"https:\/\/der-schulbedarf.shop\/produkt-des-monats\/produkt\/leserabe-sonderausgaben-die-schoensten-fantasiegeschichten-mit-extra-vielen-raetseln\/","og_locale":"de_DE","og_type":"article","og_title":"Leserabe -Die sch\u00f6nsten Fantasiegeschichten","og_description":"Leserabe -Die sch\u00f6nsten Fantasiegeschichten. Spannende Geschichten von fantastischen Abenteuern. F\u00fcr Kinder ab 6 Jahren. Von P\u00e4dagogen entwickelt.","og_url":"https:\/\/der-schulbedarf.shop\/produkt-des-monats\/produkt\/leserabe-sonderausgaben-die-schoensten-fantasiegeschichten-mit-extra-vielen-raetseln\/","og_site_name":"der-Schulbedarf.shop","article_modified_time":"2024-11-27T12:36:49+00:00","og_image":[{"width":720,"height":380,"url":"https:\/\/der-schulbedarf.shop\/wp-content\/uploads\/2023\/06\/46295_1-1-720x380-1.webp","type":"image\/webp"}],"twitter_card":"summary_large_image","twitter_misc":{"Gesch\u00e4tzte Lesezeit":"1\u00a0Minute"},"schema":{"@context":"https:\/\/schema.org","@graph":[{"@type":"WebPage","@id":"https:\/\/der-schulbedarf.shop\/produkt-des-monats\/produkt\/leserabe-sonderausgaben-die-schoensten-fantasiegeschichten-mit-extra-vielen-raetseln\/","url":"https:\/\/der-schulbedarf.shop\/produkt-des-monats\/produkt\/leserabe-sonderausgaben-die-schoensten-fantasiegeschichten-mit-extra-vielen-raetseln\/","name":"Leserabe -Die sch\u00f6nsten Fantasiegeschichten","isPartOf":{"@id":"https:\/\/der-schulbedarf.shop\/produkt-des-monats\/#website"},"primaryImageOfPage":{"@id":"https:\/\/der-schulbedarf.shop\/produkt-des-monats\/produkt\/leserabe-sonderausgaben-die-schoensten-fantasiegeschichten-mit-extra-vielen-raetseln\/#primaryimage"},"image":{"@id":"https:\/\/der-schulbedarf.shop\/produkt-des-monats\/produkt\/leserabe-sonderausgaben-die-schoensten-fantasiegeschichten-mit-extra-vielen-raetseln\/#primaryimage"},"thumbnailUrl":"https:\/\/der-schulbedarf.shop\/wp-content\/uploads\/2023\/06\/46295_1-1-720x380-1.webp","datePublished":"2023-06-12T20:53:28+00:00","dateModified":"2024-11-27T12:36:49+00:00","description":"Leserabe -Die sch\u00f6nsten Fantasiegeschichten. Spannende Geschichten von fantastischen Abenteuern. F\u00fcr Kinder ab 6 Jahren. Von P\u00e4dagogen entwickelt.","breadcrumb":{"@id":"https:\/\/der-schulbedarf.shop\/produkt-des-monats\/produkt\/leserabe-sonderausgaben-die-schoensten-fantasiegeschichten-mit-extra-vielen-raetseln\/#breadcrumb"},"inLanguage":"de","potentialAction":[{"@type":"ReadAction","target":["https:\/\/der-schulbedarf.shop\/produkt-des-monats\/produkt\/leserabe-sonderausgaben-die-schoensten-fantasiegeschichten-mit-extra-vielen-raetseln\/"]}]},{"@type":"ImageObject","inLanguage":"de","@id":"https:\/\/der-schulbedarf.shop\/produkt-des-monats\/produkt\/leserabe-sonderausgaben-die-schoensten-fantasiegeschichten-mit-extra-vielen-raetseln\/#primaryimage","url":"https:\/\/der-schulbedarf.shop\/wp-content\/uploads\/2023\/06\/46295_1-1-720x380-1.webp","contentUrl":"https:\/\/der-schulbedarf.shop\/wp-content\/uploads\/2023\/06\/46295_1-1-720x380-1.webp","width":720,"height":380},{"@type":"BreadcrumbList","@id":"https:\/\/der-schulbedarf.shop\/produkt-des-monats\/produkt\/leserabe-sonderausgaben-die-schoensten-fantasiegeschichten-mit-extra-vielen-raetseln\/#breadcrumb","itemListElement":[{"@type":"ListItem","position":1,"name":"Shop","item":"https:\/\/der-schulbedarf.shop\/produkt-des-monats\/shop\/"},{"@type":"ListItem","position":2,"name":"Leserabe &#8211; Sonderausgaben: Die sch\u00f6nsten Fantasiegeschichten mit extra vielen R\u00e4tseln"}]},{"@type":"WebSite","@id":"https:\/\/der-schulbedarf.shop\/produkt-des-monats\/#website","url":"https:\/\/der-schulbedarf.shop\/produkt-des-monats\/","name":"der-Schulbedarf.shop","description":"","publisher":{"@id":"https:\/\/der-schulbedarf.shop\/produkt-des-monats\/#organization"},"potentialAction":[{"@type":"SearchAction","target":{"@type":"EntryPoint","urlTemplate":"https:\/\/der-schulbedarf.shop\/produkt-des-monats\/?s={search_term_string}"},"query-input":{"@type":"PropertyValueSpecification","valueRequired":true,"valueName":"search_term_string"}}],"inLanguage":"de"},{"@type":"Organization","@id":"https:\/\/der-schulbedarf.shop\/produkt-des-monats\/#organization","name":"der-Schulbedarf.shop","url":"https:\/\/der-schulbedarf.shop\/produkt-des-monats\/","logo":{"@type":"ImageObject","inLanguage":"de","@id":"https:\/\/der-schulbedarf.shop\/produkt-des-monats\/#\/schema\/logo\/image\/","url":"https:\/\/der-schulbedarf.shop\/wp-content\/uploads\/2024\/02\/grafik-e1709551115899.png","contentUrl":"https:\/\/der-schulbedarf.shop\/wp-content\/uploads\/2024\/02\/grafik-e1709551115899.png","width":80,"height":80,"caption":"der-Schulbedarf.shop"},"image":{"@id":"https:\/\/der-schulbedarf.shop\/produkt-des-monats\/#\/schema\/logo\/image\/"}}]}},"_links":{"self":[{"href":"https:\/\/der-schulbedarf.shop\/produkt-des-monats\/wp-json\/wp\/v2\/product\/2046","targetHints":{"allow":["GET"]}}],"collection":[{"href":"https:\/\/der-schulbedarf.shop\/produkt-des-monats\/wp-json\/wp\/v2\/product"}],"about":[{"href":"https:\/\/der-schulbedarf.shop\/produkt-des-monats\/wp-json\/wp\/v2\/types\/product"}],"replies":[{"embeddable":true,"href":"https:\/\/der-schulbedarf.shop\/produkt-des-monats\/wp-json\/wp\/v2\/comments?post=2046"}],"wp:featuredmedia":[{"embeddable":true,"href":"https:\/\/der-schulbedarf.shop\/produkt-des-monats\/wp-json\/wp\/v2\/media\/2912"}],"wp:attachment":[{"href":"https:\/\/der-schulbedarf.shop\/produkt-des-monats\/wp-json\/wp\/v2\/media?parent=2046"}],"wp:term":[{"taxonomy":"product_cat","embeddable":true,"href":"https:\/\/der-schulbedarf.shop\/produkt-des-monats\/wp-json\/wp\/v2\/product_cat?post=2046"},{"taxonomy":"product_tag","embeddable":true,"href":"https:\/\/der-schulbedarf.shop\/produkt-des-monats\/wp-json\/wp\/v2\/product_tag?post=2046"}],"curies":[{"name":"wp","href":"https:\/\/api.w.org\/{rel}","templated":true}]}}