{"id":2062,"date":"2023-06-12T22:37:29","date_gmt":"2023-06-12T22:37:29","guid":{"rendered":"https:\/\/der-schulbedarf.Shop\/?post_type=product&#038;p=2062"},"modified":"2024-11-27T12:20:29","modified_gmt":"2024-11-27T12:20:29","slug":"disney-die-eiskoenigin-2-fuer-erstleser-band-1-das-abenteuer-beginnt","status":"publish","type":"product","link":"https:\/\/der-schulbedarf.shop\/produkt-des-monats\/produkt\/disney-die-eiskoenigin-2-fuer-erstleser-band-1-das-abenteuer-beginnt\/","title":{"rendered":"Disney Die Eisk\u00f6nigin 2 &#8211; F\u00fcr Erstleser: Band 1 Das Abenteuer beginnt"},"content":{"rendered":"<p>Begleite Elsa und Anna auf einer neuen Reise!<\/p>\n<p>Elsa ist gl\u00fccklich in Arendelle und verbringt viel Zeit mit ihrer Schwester Anna, Schneemann Olaf, dem mutigen Kristoff und Rentier Sven. Eines Tages h\u00f6rt Elsa jedoch eine seltsame Stimme, die sie aus dem K\u00f6nigreich locken will. Wer ruft sie? Was soll sie tun? Wird Elsa endlich erfahren, warum sie magische Kr\u00e4fte hat?<br \/>\nAuf der Suche nach Antworten erleben Elsa, Anna und ihre Freunde ein aufregendes Abenteuer. Dabei erfahren sie, wie wichtig Freundschaft und Familie sind.<\/p>\n<p>Lerne lesen mit deinen Lieblingshelden aus Disneys Die Eisk\u00f6nigin 2!<\/p>\n<p>Band 1: Disney Die Eisk\u00f6nigin 2 Das Abenteuer beginnt: Das Erstlesebuch zum Film, ISBN 978-3-473-49146-9<br \/>\nBand 2: Disney Die Eisk\u00f6nigin 2: Das Erstlesebuch zum Film, ISBN 978-3-473-49184-1, erh\u00e4ltlich ab Mai 2020.<\/p>\n<p>Band 1 zu Disneys Kinohighlight! Bekannte Figuren wie Olaf, Kristoff und Anna, aber auch neue Charaktere erleben in &#8222;Die Eisk\u00f6nigin 2&#8220; ein spannendes Abenteuer. Das perfekte Lesefutter f\u00fcr Erstleser ab 7 Jahren mit Bildern zum Film!Begleite Elsa und Anna auf einer neuen Reise!Warum hat Elsa magische Kr\u00e4fte? Was will die geheimnisvolle Stimme von ihr?Gibt es den verzauberten Wald wirklich, von dem die Eltern Elsa und Anna erz\u00e4hlten? Auf der Suche nach Antworten erleben Elsa, ihre Schwester Anna, der mutige Kristoff, Rentier Sven und nat\u00fcrlich Schneemann Olaf ein aufregendes Abenteuer. Es lauern viele Gefahren auf die Freunde. Auf ihrer Reise erkennen sie, wie wichtig Freundschaft und Familie sind.<\/p>\n","protected":false},"excerpt":{"rendered":"<p>Begleite Elsa und Anna auf einer neuen Reise!<\/p>\n<p>Elsa ist gl\u00fccklich in Arendelle und verbringt viel Zeit mit ihrer Schwester Anna, Schneemann Olaf, dem mutigen Kristoff und Rentier Sven. Eines Tages h\u00f6rt Elsa jedoch eine seltsame Stimme, die sie aus dem K\u00f6nigreich locken will. Wer ruft sie? Was soll sie tun? Wird Elsa endlich erfahren, warum sie magische Kr\u00e4fte hat?<br \/>\nAuf der Suche nach Antworten erleben Elsa, Anna und ihre Freunde ein aufregendes Abenteuer. Dabei erfahren sie, wie wichtig Freundschaft und Familie sind.<\/p>\n<p>Lerne lesen mit deinen Lieblingshelden aus Disneys Die Eisk\u00f6nigin 2!<\/p>\n<p>Band 1: Disney Die Eisk\u00f6nigin 2 Das Abenteuer beginnt: Das Erstlesebuch zum Film, ISBN 978-3-473-49146-9<br \/>\nBand 2: Disney Die Eisk\u00f6nigin 2: Das Erstlesebuch zum Film, ISBN 978-3-473-49184-1, erh\u00e4ltlich ab Mai 2020.<\/p>\n","protected":false},"featured_media":2898,"comment_status":"open","ping_status":"closed","template":"","meta":[],"product_cat":[224,944,225],"product_tag":[111,107,200,114,113,112],"class_list":{"0":"post-2062","1":"product","2":"type-product","3":"status-publish","4":"has-post-thumbnail","6":"product_cat-kinderbuecher","7":"product_cat-produktzufuehrung-geizhal","8":"product_cat-ravensburger-kinderbuecher","9":"product_tag-beschaeftigung","10":"product_tag-beschaeftigung-kinder","11":"product_tag-buch","12":"product_tag-fuer-maedchen","13":"product_tag-geschenk","14":"product_tag-geschenkidee","15":"post","16":"post-with-thumbnail","17":"post-with-thumbnail-large","19":"first","20":"instock","21":"taxable","22":"shipping-taxable","23":"purchasable","24":"product-type-simple"},"yoast_head":"<!-- This site is optimized with the Yoast SEO plugin v26.6 - https:\/\/yoast.com\/wordpress\/plugins\/seo\/ -->\n<title>Disney Die Eisk\u00f6nigin 2 - F\u00fcr Erstleser: Band 1 Das Abenteuer beginnt - der-Schulbedarf.shop<\/title>\n<meta name=\"robots\" content=\"index, follow, max-snippet:-1, max-image-preview:large, max-video-preview:-1\" \/>\n<link rel=\"canonical\" href=\"https:\/\/der-schulbedarf.shop\/produkt-des-monats\/produkt\/disney-die-eiskoenigin-2-fuer-erstleser-band-1-das-abenteuer-beginnt\/\" \/>\n<meta property=\"og:locale\" content=\"de_DE\" \/>\n<meta property=\"og:type\" content=\"article\" \/>\n<meta property=\"og:title\" content=\"Disney Die Eisk\u00f6nigin 2 - F\u00fcr Erstleser: Band 1 Das Abenteuer beginnt - der-Schulbedarf.shop\" \/>\n<meta property=\"og:description\" content=\"Begleite Elsa und Anna auf einer neuen Reise!  Elsa ist gl\u00fccklich in Arendelle und verbringt viel Zeit mit ihrer Schwester Anna, Schneemann Olaf, dem mutigen Kristoff und Rentier Sven. Eines Tages h\u00f6rt Elsa jedoch eine seltsame Stimme, die sie aus dem K\u00f6nigreich locken will. Wer ruft sie? Was soll sie tun? Wird Elsa endlich erfahren, warum sie magische Kr\u00e4fte hat? Auf der Suche nach Antworten erleben Elsa, Anna und ihre Freunde ein aufregendes Abenteuer. Dabei erfahren sie, wie wichtig Freundschaft und Familie sind.  Lerne lesen mit deinen Lieblingshelden aus Disneys Die Eisk\u00f6nigin 2!  Band 1: Disney Die Eisk\u00f6nigin 2 Das Abenteuer beginnt: Das Erstlesebuch zum Film, ISBN 978-3-473-49146-9 Band 2: Disney Die Eisk\u00f6nigin 2: Das Erstlesebuch zum Film, ISBN 978-3-473-49184-1, erh\u00e4ltlich ab Mai 2020.\" \/>\n<meta property=\"og:url\" content=\"https:\/\/der-schulbedarf.shop\/produkt-des-monats\/produkt\/disney-die-eiskoenigin-2-fuer-erstleser-band-1-das-abenteuer-beginnt\/\" \/>\n<meta property=\"og:site_name\" content=\"der-Schulbedarf.shop\" \/>\n<meta property=\"article:modified_time\" content=\"2024-11-27T12:20:29+00:00\" \/>\n<meta property=\"og:image\" content=\"https:\/\/der-schulbedarf.shop\/wp-content\/uploads\/2023\/06\/49146_1-706x380-1.webp\" \/>\n\t<meta property=\"og:image:width\" content=\"706\" \/>\n\t<meta property=\"og:image:height\" content=\"380\" \/>\n\t<meta property=\"og:image:type\" content=\"image\/webp\" \/>\n<meta name=\"twitter:card\" content=\"summary_large_image\" \/>\n<meta name=\"twitter:label1\" content=\"Gesch\u00e4tzte Lesezeit\" \/>\n\t<meta name=\"twitter:data1\" content=\"2\u00a0Minuten\" \/>\n<script type=\"application\/ld+json\" class=\"yoast-schema-graph\">{\"@context\":\"https:\/\/schema.org\",\"@graph\":[{\"@type\":\"WebPage\",\"@id\":\"https:\/\/der-schulbedarf.shop\/produkt-des-monats\/produkt\/disney-die-eiskoenigin-2-fuer-erstleser-band-1-das-abenteuer-beginnt\/\",\"url\":\"https:\/\/der-schulbedarf.shop\/produkt-des-monats\/produkt\/disney-die-eiskoenigin-2-fuer-erstleser-band-1-das-abenteuer-beginnt\/\",\"name\":\"Disney Die Eisk\u00f6nigin 2 - F\u00fcr Erstleser: Band 1 Das Abenteuer beginnt - der-Schulbedarf.shop\",\"isPartOf\":{\"@id\":\"https:\/\/der-schulbedarf.shop\/produkt-des-monats\/#website\"},\"primaryImageOfPage\":{\"@id\":\"https:\/\/der-schulbedarf.shop\/produkt-des-monats\/produkt\/disney-die-eiskoenigin-2-fuer-erstleser-band-1-das-abenteuer-beginnt\/#primaryimage\"},\"image\":{\"@id\":\"https:\/\/der-schulbedarf.shop\/produkt-des-monats\/produkt\/disney-die-eiskoenigin-2-fuer-erstleser-band-1-das-abenteuer-beginnt\/#primaryimage\"},\"thumbnailUrl\":\"https:\/\/der-schulbedarf.shop\/wp-content\/uploads\/2023\/06\/49146_1-706x380-1.webp\",\"datePublished\":\"2023-06-12T22:37:29+00:00\",\"dateModified\":\"2024-11-27T12:20:29+00:00\",\"breadcrumb\":{\"@id\":\"https:\/\/der-schulbedarf.shop\/produkt-des-monats\/produkt\/disney-die-eiskoenigin-2-fuer-erstleser-band-1-das-abenteuer-beginnt\/#breadcrumb\"},\"inLanguage\":\"de\",\"potentialAction\":[{\"@type\":\"ReadAction\",\"target\":[\"https:\/\/der-schulbedarf.shop\/produkt-des-monats\/produkt\/disney-die-eiskoenigin-2-fuer-erstleser-band-1-das-abenteuer-beginnt\/\"]}]},{\"@type\":\"ImageObject\",\"inLanguage\":\"de\",\"@id\":\"https:\/\/der-schulbedarf.shop\/produkt-des-monats\/produkt\/disney-die-eiskoenigin-2-fuer-erstleser-band-1-das-abenteuer-beginnt\/#primaryimage\",\"url\":\"https:\/\/der-schulbedarf.shop\/wp-content\/uploads\/2023\/06\/49146_1-706x380-1.webp\",\"contentUrl\":\"https:\/\/der-schulbedarf.shop\/wp-content\/uploads\/2023\/06\/49146_1-706x380-1.webp\",\"width\":706,\"height\":380},{\"@type\":\"BreadcrumbList\",\"@id\":\"https:\/\/der-schulbedarf.shop\/produkt-des-monats\/produkt\/disney-die-eiskoenigin-2-fuer-erstleser-band-1-das-abenteuer-beginnt\/#breadcrumb\",\"itemListElement\":[{\"@type\":\"ListItem\",\"position\":1,\"name\":\"Shop\",\"item\":\"https:\/\/der-schulbedarf.shop\/produkt-des-monats\/shop\/\"},{\"@type\":\"ListItem\",\"position\":2,\"name\":\"Disney Die Eisk\u00f6nigin 2 &#8211; F\u00fcr Erstleser: Band 1 Das Abenteuer beginnt\"}]},{\"@type\":\"WebSite\",\"@id\":\"https:\/\/der-schulbedarf.shop\/produkt-des-monats\/#website\",\"url\":\"https:\/\/der-schulbedarf.shop\/produkt-des-monats\/\",\"name\":\"der-Schulbedarf.shop\",\"description\":\"\",\"publisher\":{\"@id\":\"https:\/\/der-schulbedarf.shop\/produkt-des-monats\/#organization\"},\"potentialAction\":[{\"@type\":\"SearchAction\",\"target\":{\"@type\":\"EntryPoint\",\"urlTemplate\":\"https:\/\/der-schulbedarf.shop\/produkt-des-monats\/?s={search_term_string}\"},\"query-input\":{\"@type\":\"PropertyValueSpecification\",\"valueRequired\":true,\"valueName\":\"search_term_string\"}}],\"inLanguage\":\"de\"},{\"@type\":\"Organization\",\"@id\":\"https:\/\/der-schulbedarf.shop\/produkt-des-monats\/#organization\",\"name\":\"der-Schulbedarf.shop\",\"url\":\"https:\/\/der-schulbedarf.shop\/produkt-des-monats\/\",\"logo\":{\"@type\":\"ImageObject\",\"inLanguage\":\"de\",\"@id\":\"https:\/\/der-schulbedarf.shop\/produkt-des-monats\/#\/schema\/logo\/image\/\",\"url\":\"https:\/\/der-schulbedarf.shop\/wp-content\/uploads\/2024\/02\/grafik-e1709551115899.png\",\"contentUrl\":\"https:\/\/der-schulbedarf.shop\/wp-content\/uploads\/2024\/02\/grafik-e1709551115899.png\",\"width\":80,\"height\":80,\"caption\":\"der-Schulbedarf.shop\"},\"image\":{\"@id\":\"https:\/\/der-schulbedarf.shop\/produkt-des-monats\/#\/schema\/logo\/image\/\"}}]}<\/script>\n<!-- \/ Yoast SEO plugin. -->","yoast_head_json":{"title":"Disney Die Eisk\u00f6nigin 2 - F\u00fcr Erstleser: Band 1 Das Abenteuer beginnt - der-Schulbedarf.shop","robots":{"index":"index","follow":"follow","max-snippet":"max-snippet:-1","max-image-preview":"max-image-preview:large","max-video-preview":"max-video-preview:-1"},"canonical":"https:\/\/der-schulbedarf.shop\/produkt-des-monats\/produkt\/disney-die-eiskoenigin-2-fuer-erstleser-band-1-das-abenteuer-beginnt\/","og_locale":"de_DE","og_type":"article","og_title":"Disney Die Eisk\u00f6nigin 2 - F\u00fcr Erstleser: Band 1 Das Abenteuer beginnt - der-Schulbedarf.shop","og_description":"Begleite Elsa und Anna auf einer neuen Reise!  Elsa ist gl\u00fccklich in Arendelle und verbringt viel Zeit mit ihrer Schwester Anna, Schneemann Olaf, dem mutigen Kristoff und Rentier Sven. Eines Tages h\u00f6rt Elsa jedoch eine seltsame Stimme, die sie aus dem K\u00f6nigreich locken will. Wer ruft sie? Was soll sie tun? Wird Elsa endlich erfahren, warum sie magische Kr\u00e4fte hat? Auf der Suche nach Antworten erleben Elsa, Anna und ihre Freunde ein aufregendes Abenteuer. Dabei erfahren sie, wie wichtig Freundschaft und Familie sind.  Lerne lesen mit deinen Lieblingshelden aus Disneys Die Eisk\u00f6nigin 2!  Band 1: Disney Die Eisk\u00f6nigin 2 Das Abenteuer beginnt: Das Erstlesebuch zum Film, ISBN 978-3-473-49146-9 Band 2: Disney Die Eisk\u00f6nigin 2: Das Erstlesebuch zum Film, ISBN 978-3-473-49184-1, erh\u00e4ltlich ab Mai 2020.","og_url":"https:\/\/der-schulbedarf.shop\/produkt-des-monats\/produkt\/disney-die-eiskoenigin-2-fuer-erstleser-band-1-das-abenteuer-beginnt\/","og_site_name":"der-Schulbedarf.shop","article_modified_time":"2024-11-27T12:20:29+00:00","og_image":[{"width":706,"height":380,"url":"https:\/\/der-schulbedarf.shop\/wp-content\/uploads\/2023\/06\/49146_1-706x380-1.webp","type":"image\/webp"}],"twitter_card":"summary_large_image","twitter_misc":{"Gesch\u00e4tzte Lesezeit":"2\u00a0Minuten"},"schema":{"@context":"https:\/\/schema.org","@graph":[{"@type":"WebPage","@id":"https:\/\/der-schulbedarf.shop\/produkt-des-monats\/produkt\/disney-die-eiskoenigin-2-fuer-erstleser-band-1-das-abenteuer-beginnt\/","url":"https:\/\/der-schulbedarf.shop\/produkt-des-monats\/produkt\/disney-die-eiskoenigin-2-fuer-erstleser-band-1-das-abenteuer-beginnt\/","name":"Disney Die Eisk\u00f6nigin 2 - F\u00fcr Erstleser: Band 1 Das Abenteuer beginnt - der-Schulbedarf.shop","isPartOf":{"@id":"https:\/\/der-schulbedarf.shop\/produkt-des-monats\/#website"},"primaryImageOfPage":{"@id":"https:\/\/der-schulbedarf.shop\/produkt-des-monats\/produkt\/disney-die-eiskoenigin-2-fuer-erstleser-band-1-das-abenteuer-beginnt\/#primaryimage"},"image":{"@id":"https:\/\/der-schulbedarf.shop\/produkt-des-monats\/produkt\/disney-die-eiskoenigin-2-fuer-erstleser-band-1-das-abenteuer-beginnt\/#primaryimage"},"thumbnailUrl":"https:\/\/der-schulbedarf.shop\/wp-content\/uploads\/2023\/06\/49146_1-706x380-1.webp","datePublished":"2023-06-12T22:37:29+00:00","dateModified":"2024-11-27T12:20:29+00:00","breadcrumb":{"@id":"https:\/\/der-schulbedarf.shop\/produkt-des-monats\/produkt\/disney-die-eiskoenigin-2-fuer-erstleser-band-1-das-abenteuer-beginnt\/#breadcrumb"},"inLanguage":"de","potentialAction":[{"@type":"ReadAction","target":["https:\/\/der-schulbedarf.shop\/produkt-des-monats\/produkt\/disney-die-eiskoenigin-2-fuer-erstleser-band-1-das-abenteuer-beginnt\/"]}]},{"@type":"ImageObject","inLanguage":"de","@id":"https:\/\/der-schulbedarf.shop\/produkt-des-monats\/produkt\/disney-die-eiskoenigin-2-fuer-erstleser-band-1-das-abenteuer-beginnt\/#primaryimage","url":"https:\/\/der-schulbedarf.shop\/wp-content\/uploads\/2023\/06\/49146_1-706x380-1.webp","contentUrl":"https:\/\/der-schulbedarf.shop\/wp-content\/uploads\/2023\/06\/49146_1-706x380-1.webp","width":706,"height":380},{"@type":"BreadcrumbList","@id":"https:\/\/der-schulbedarf.shop\/produkt-des-monats\/produkt\/disney-die-eiskoenigin-2-fuer-erstleser-band-1-das-abenteuer-beginnt\/#breadcrumb","itemListElement":[{"@type":"ListItem","position":1,"name":"Shop","item":"https:\/\/der-schulbedarf.shop\/produkt-des-monats\/shop\/"},{"@type":"ListItem","position":2,"name":"Disney Die Eisk\u00f6nigin 2 &#8211; F\u00fcr Erstleser: Band 1 Das Abenteuer beginnt"}]},{"@type":"WebSite","@id":"https:\/\/der-schulbedarf.shop\/produkt-des-monats\/#website","url":"https:\/\/der-schulbedarf.shop\/produkt-des-monats\/","name":"der-Schulbedarf.shop","description":"","publisher":{"@id":"https:\/\/der-schulbedarf.shop\/produkt-des-monats\/#organization"},"potentialAction":[{"@type":"SearchAction","target":{"@type":"EntryPoint","urlTemplate":"https:\/\/der-schulbedarf.shop\/produkt-des-monats\/?s={search_term_string}"},"query-input":{"@type":"PropertyValueSpecification","valueRequired":true,"valueName":"search_term_string"}}],"inLanguage":"de"},{"@type":"Organization","@id":"https:\/\/der-schulbedarf.shop\/produkt-des-monats\/#organization","name":"der-Schulbedarf.shop","url":"https:\/\/der-schulbedarf.shop\/produkt-des-monats\/","logo":{"@type":"ImageObject","inLanguage":"de","@id":"https:\/\/der-schulbedarf.shop\/produkt-des-monats\/#\/schema\/logo\/image\/","url":"https:\/\/der-schulbedarf.shop\/wp-content\/uploads\/2024\/02\/grafik-e1709551115899.png","contentUrl":"https:\/\/der-schulbedarf.shop\/wp-content\/uploads\/2024\/02\/grafik-e1709551115899.png","width":80,"height":80,"caption":"der-Schulbedarf.shop"},"image":{"@id":"https:\/\/der-schulbedarf.shop\/produkt-des-monats\/#\/schema\/logo\/image\/"}}]}},"_links":{"self":[{"href":"https:\/\/der-schulbedarf.shop\/produkt-des-monats\/wp-json\/wp\/v2\/product\/2062","targetHints":{"allow":["GET"]}}],"collection":[{"href":"https:\/\/der-schulbedarf.shop\/produkt-des-monats\/wp-json\/wp\/v2\/product"}],"about":[{"href":"https:\/\/der-schulbedarf.shop\/produkt-des-monats\/wp-json\/wp\/v2\/types\/product"}],"replies":[{"embeddable":true,"href":"https:\/\/der-schulbedarf.shop\/produkt-des-monats\/wp-json\/wp\/v2\/comments?post=2062"}],"wp:featuredmedia":[{"embeddable":true,"href":"https:\/\/der-schulbedarf.shop\/produkt-des-monats\/wp-json\/wp\/v2\/media\/2898"}],"wp:attachment":[{"href":"https:\/\/der-schulbedarf.shop\/produkt-des-monats\/wp-json\/wp\/v2\/media?parent=2062"}],"wp:term":[{"taxonomy":"product_cat","embeddable":true,"href":"https:\/\/der-schulbedarf.shop\/produkt-des-monats\/wp-json\/wp\/v2\/product_cat?post=2062"},{"taxonomy":"product_tag","embeddable":true,"href":"https:\/\/der-schulbedarf.shop\/produkt-des-monats\/wp-json\/wp\/v2\/product_tag?post=2062"}],"curies":[{"name":"wp","href":"https:\/\/api.w.org\/{rel}","templated":true}]}}