{"id":2071,"date":"2023-06-12T22:51:50","date_gmt":"2023-06-12T22:51:50","guid":{"rendered":"https:\/\/der-schulbedarf.Shop\/?post_type=product&#038;p=2071"},"modified":"2024-11-27T11:27:02","modified_gmt":"2024-11-27T11:27:02","slug":"mia-and-me-das-geheimnis-von-centopia-das-erstlesebuch-zum-film","status":"publish","type":"product","link":"https:\/\/der-schulbedarf.shop\/produkt-des-monats\/produkt\/mia-and-me-das-geheimnis-von-centopia-das-erstlesebuch-zum-film\/","title":{"rendered":"Mia and me &#8211; Das Geheimnis von Centopia &#8211; Das Erstlesebuch zum Film"},"content":{"rendered":"<p>Mias gr\u00f6\u00dftes Abenteuer in Centopia f\u00fcr Erstleser ab 7 Jahren<\/p>\n<p>Eine uralte Prophezeiung rankt sich um den magischen Edelstein in Mias Armband. Sie f\u00fchrt Mia auf eine abenteuerliche Reise zu den entlegensten Inseln Centopias. Dort stellt sie sich nicht nur einem m\u00e4chtigen Gegner, sondern nimmt auch ihr eigenes Schicksal in die Hand.<br \/>\nDie gro\u00dfe Schrift, die einfachen W\u00f6rter und kurzen S\u00e4tze sind ideal f\u00fcr Leseanf\u00e4nger. So macht Lesenlernen Spa\u00df!<\/p>\n<p>Als Mia zum ersten Mal seit dem Tod ihrer Eltern in ihr altes Familiensommerhaus zur\u00fcckkehrt, entdeckt sie ein geheimes Orakel aus Centopia! Ohne ihre Eltern f\u00fchlt Mia sich in dem Haus etwas einsam \u2013 um diesem Gef\u00fchl zu entkommen, liest Mia das Orakel und wird durch das magische Portal wieder in die Einhornwelt von Centopia hineingezogen. Dort lernt sie Iko, einen Elfen von der Lotusinsel, kennen, der dringend ihre Hilfe ben\u00f6tigt. Er enth\u00fcllt, dass Toxor, ein monstr\u00f6ser, kr\u00f6tenhafter, rachs\u00fcchtiger B\u00f6sewicht, die Lotusinsel gerade \u00fcbernimmt und ihre fantastischen Bewohner mit seiner dunklen Magie in eine Armee willenloser Schergen verwandelt! W\u00e4hrend der gro\u00dfe Kampf um die Lotusinsel zu einer Rettungsmission wird, wird unsere Heldin erkennen, dass Einsamkeit vor niemandem Halt macht und dass die dunkle Macht der Angst niemals siegen wird, solange es Freundschaft und Hoffnung gibt.<\/p>\n","protected":false},"excerpt":{"rendered":"<p>Mias gr\u00f6\u00dftes Abenteuer in Centopia f\u00fcr Erstleser ab 7 Jahren<\/p>\n<p>Eine uralte Prophezeiung rankt sich um den magischen Edelstein in Mias Armband. Sie f\u00fchrt Mia auf eine abenteuerliche Reise zu den entlegensten Inseln Centopias. Dort stellt sie sich nicht nur einem m\u00e4chtigen Gegner, sondern nimmt auch ihr eigenes Schicksal in die Hand.<br \/>\nDie gro\u00dfe Schrift, die einfachen W\u00f6rter und kurzen S\u00e4tze sind ideal f\u00fcr Leseanf\u00e4nger. So macht Lesenlernen Spa\u00df!<\/p>\n","protected":false},"featured_media":2890,"comment_status":"open","ping_status":"closed","template":"","meta":[],"product_cat":[224,944,225],"product_tag":[111,107,200,201,195,115,114,113,112,198],"class_list":{"0":"post-2071","1":"product","2":"type-product","3":"status-publish","4":"has-post-thumbnail","6":"product_cat-kinderbuecher","7":"product_cat-produktzufuehrung-geizhal","8":"product_cat-ravensburger-kinderbuecher","9":"product_tag-beschaeftigung","10":"product_tag-beschaeftigung-kinder","11":"product_tag-buch","12":"product_tag-buecher","13":"product_tag-erstleser","14":"product_tag-fuer-jungen","15":"product_tag-fuer-maedchen","16":"product_tag-geschenk","17":"product_tag-geschenkidee","18":"product_tag-kinderbuch","19":"post","20":"post-with-thumbnail","21":"post-with-thumbnail-large","23":"first","24":"instock","25":"taxable","26":"shipping-taxable","27":"purchasable","28":"product-type-simple"},"yoast_head":"<!-- This site is optimized with the Yoast SEO plugin v26.6 - https:\/\/yoast.com\/wordpress\/plugins\/seo\/ -->\n<title>Mia and me - Das Geheimnis von Centopia - Das Erstlesebuch zum Film - der-Schulbedarf.shop<\/title>\n<meta name=\"robots\" content=\"index, follow, max-snippet:-1, max-image-preview:large, max-video-preview:-1\" \/>\n<link rel=\"canonical\" href=\"https:\/\/der-schulbedarf.shop\/produkt-des-monats\/produkt\/mia-and-me-das-geheimnis-von-centopia-das-erstlesebuch-zum-film\/\" \/>\n<meta property=\"og:locale\" content=\"de_DE\" \/>\n<meta property=\"og:type\" content=\"article\" \/>\n<meta property=\"og:title\" content=\"Mia and me - Das Geheimnis von Centopia - Das Erstlesebuch zum Film - der-Schulbedarf.shop\" \/>\n<meta property=\"og:description\" content=\"Mias gr\u00f6\u00dftes Abenteuer in Centopia f\u00fcr Erstleser ab 7 Jahren  Eine uralte Prophezeiung rankt sich um den magischen Edelstein in Mias Armband. Sie f\u00fchrt Mia auf eine abenteuerliche Reise zu den entlegensten Inseln Centopias. Dort stellt sie sich nicht nur einem m\u00e4chtigen Gegner, sondern nimmt auch ihr eigenes Schicksal in die Hand. Die gro\u00dfe Schrift, die einfachen W\u00f6rter und kurzen S\u00e4tze sind ideal f\u00fcr Leseanf\u00e4nger. So macht Lesenlernen Spa\u00df!\" \/>\n<meta property=\"og:url\" content=\"https:\/\/der-schulbedarf.shop\/produkt-des-monats\/produkt\/mia-and-me-das-geheimnis-von-centopia-das-erstlesebuch-zum-film\/\" \/>\n<meta property=\"og:site_name\" content=\"der-Schulbedarf.shop\" \/>\n<meta property=\"article:modified_time\" content=\"2024-11-27T11:27:02+00:00\" \/>\n<meta property=\"og:image\" content=\"https:\/\/der-schulbedarf.shop\/wp-content\/uploads\/2023\/06\/49624-700x380-1.webp\" \/>\n\t<meta property=\"og:image:width\" content=\"700\" \/>\n\t<meta property=\"og:image:height\" content=\"380\" \/>\n\t<meta property=\"og:image:type\" content=\"image\/webp\" \/>\n<meta name=\"twitter:card\" content=\"summary_large_image\" \/>\n<meta name=\"twitter:label1\" content=\"Gesch\u00e4tzte Lesezeit\" \/>\n\t<meta name=\"twitter:data1\" content=\"2\u00a0Minuten\" \/>\n<script type=\"application\/ld+json\" class=\"yoast-schema-graph\">{\"@context\":\"https:\/\/schema.org\",\"@graph\":[{\"@type\":\"WebPage\",\"@id\":\"https:\/\/der-schulbedarf.shop\/produkt-des-monats\/produkt\/mia-and-me-das-geheimnis-von-centopia-das-erstlesebuch-zum-film\/\",\"url\":\"https:\/\/der-schulbedarf.shop\/produkt-des-monats\/produkt\/mia-and-me-das-geheimnis-von-centopia-das-erstlesebuch-zum-film\/\",\"name\":\"Mia and me - Das Geheimnis von Centopia - Das Erstlesebuch zum Film - der-Schulbedarf.shop\",\"isPartOf\":{\"@id\":\"https:\/\/der-schulbedarf.shop\/produkt-des-monats\/#website\"},\"primaryImageOfPage\":{\"@id\":\"https:\/\/der-schulbedarf.shop\/produkt-des-monats\/produkt\/mia-and-me-das-geheimnis-von-centopia-das-erstlesebuch-zum-film\/#primaryimage\"},\"image\":{\"@id\":\"https:\/\/der-schulbedarf.shop\/produkt-des-monats\/produkt\/mia-and-me-das-geheimnis-von-centopia-das-erstlesebuch-zum-film\/#primaryimage\"},\"thumbnailUrl\":\"https:\/\/der-schulbedarf.shop\/wp-content\/uploads\/2023\/06\/49624-700x380-1.webp\",\"datePublished\":\"2023-06-12T22:51:50+00:00\",\"dateModified\":\"2024-11-27T11:27:02+00:00\",\"breadcrumb\":{\"@id\":\"https:\/\/der-schulbedarf.shop\/produkt-des-monats\/produkt\/mia-and-me-das-geheimnis-von-centopia-das-erstlesebuch-zum-film\/#breadcrumb\"},\"inLanguage\":\"de\",\"potentialAction\":[{\"@type\":\"ReadAction\",\"target\":[\"https:\/\/der-schulbedarf.shop\/produkt-des-monats\/produkt\/mia-and-me-das-geheimnis-von-centopia-das-erstlesebuch-zum-film\/\"]}]},{\"@type\":\"ImageObject\",\"inLanguage\":\"de\",\"@id\":\"https:\/\/der-schulbedarf.shop\/produkt-des-monats\/produkt\/mia-and-me-das-geheimnis-von-centopia-das-erstlesebuch-zum-film\/#primaryimage\",\"url\":\"https:\/\/der-schulbedarf.shop\/wp-content\/uploads\/2023\/06\/49624-700x380-1.webp\",\"contentUrl\":\"https:\/\/der-schulbedarf.shop\/wp-content\/uploads\/2023\/06\/49624-700x380-1.webp\",\"width\":700,\"height\":380},{\"@type\":\"BreadcrumbList\",\"@id\":\"https:\/\/der-schulbedarf.shop\/produkt-des-monats\/produkt\/mia-and-me-das-geheimnis-von-centopia-das-erstlesebuch-zum-film\/#breadcrumb\",\"itemListElement\":[{\"@type\":\"ListItem\",\"position\":1,\"name\":\"Shop\",\"item\":\"https:\/\/der-schulbedarf.shop\/produkt-des-monats\/shop\/\"},{\"@type\":\"ListItem\",\"position\":2,\"name\":\"Mia and me &#8211; Das Geheimnis von Centopia &#8211; Das Erstlesebuch zum Film\"}]},{\"@type\":\"WebSite\",\"@id\":\"https:\/\/der-schulbedarf.shop\/produkt-des-monats\/#website\",\"url\":\"https:\/\/der-schulbedarf.shop\/produkt-des-monats\/\",\"name\":\"der-Schulbedarf.shop\",\"description\":\"\",\"publisher\":{\"@id\":\"https:\/\/der-schulbedarf.shop\/produkt-des-monats\/#organization\"},\"potentialAction\":[{\"@type\":\"SearchAction\",\"target\":{\"@type\":\"EntryPoint\",\"urlTemplate\":\"https:\/\/der-schulbedarf.shop\/produkt-des-monats\/?s={search_term_string}\"},\"query-input\":{\"@type\":\"PropertyValueSpecification\",\"valueRequired\":true,\"valueName\":\"search_term_string\"}}],\"inLanguage\":\"de\"},{\"@type\":\"Organization\",\"@id\":\"https:\/\/der-schulbedarf.shop\/produkt-des-monats\/#organization\",\"name\":\"der-Schulbedarf.shop\",\"url\":\"https:\/\/der-schulbedarf.shop\/produkt-des-monats\/\",\"logo\":{\"@type\":\"ImageObject\",\"inLanguage\":\"de\",\"@id\":\"https:\/\/der-schulbedarf.shop\/produkt-des-monats\/#\/schema\/logo\/image\/\",\"url\":\"https:\/\/der-schulbedarf.shop\/wp-content\/uploads\/2024\/02\/grafik-e1709551115899.png\",\"contentUrl\":\"https:\/\/der-schulbedarf.shop\/wp-content\/uploads\/2024\/02\/grafik-e1709551115899.png\",\"width\":80,\"height\":80,\"caption\":\"der-Schulbedarf.shop\"},\"image\":{\"@id\":\"https:\/\/der-schulbedarf.shop\/produkt-des-monats\/#\/schema\/logo\/image\/\"}}]}<\/script>\n<!-- \/ Yoast SEO plugin. -->","yoast_head_json":{"title":"Mia and me - Das Geheimnis von Centopia - Das Erstlesebuch zum Film - der-Schulbedarf.shop","robots":{"index":"index","follow":"follow","max-snippet":"max-snippet:-1","max-image-preview":"max-image-preview:large","max-video-preview":"max-video-preview:-1"},"canonical":"https:\/\/der-schulbedarf.shop\/produkt-des-monats\/produkt\/mia-and-me-das-geheimnis-von-centopia-das-erstlesebuch-zum-film\/","og_locale":"de_DE","og_type":"article","og_title":"Mia and me - Das Geheimnis von Centopia - Das Erstlesebuch zum Film - der-Schulbedarf.shop","og_description":"Mias gr\u00f6\u00dftes Abenteuer in Centopia f\u00fcr Erstleser ab 7 Jahren  Eine uralte Prophezeiung rankt sich um den magischen Edelstein in Mias Armband. Sie f\u00fchrt Mia auf eine abenteuerliche Reise zu den entlegensten Inseln Centopias. Dort stellt sie sich nicht nur einem m\u00e4chtigen Gegner, sondern nimmt auch ihr eigenes Schicksal in die Hand. Die gro\u00dfe Schrift, die einfachen W\u00f6rter und kurzen S\u00e4tze sind ideal f\u00fcr Leseanf\u00e4nger. So macht Lesenlernen Spa\u00df!","og_url":"https:\/\/der-schulbedarf.shop\/produkt-des-monats\/produkt\/mia-and-me-das-geheimnis-von-centopia-das-erstlesebuch-zum-film\/","og_site_name":"der-Schulbedarf.shop","article_modified_time":"2024-11-27T11:27:02+00:00","og_image":[{"width":700,"height":380,"url":"https:\/\/der-schulbedarf.shop\/wp-content\/uploads\/2023\/06\/49624-700x380-1.webp","type":"image\/webp"}],"twitter_card":"summary_large_image","twitter_misc":{"Gesch\u00e4tzte Lesezeit":"2\u00a0Minuten"},"schema":{"@context":"https:\/\/schema.org","@graph":[{"@type":"WebPage","@id":"https:\/\/der-schulbedarf.shop\/produkt-des-monats\/produkt\/mia-and-me-das-geheimnis-von-centopia-das-erstlesebuch-zum-film\/","url":"https:\/\/der-schulbedarf.shop\/produkt-des-monats\/produkt\/mia-and-me-das-geheimnis-von-centopia-das-erstlesebuch-zum-film\/","name":"Mia and me - Das Geheimnis von Centopia - Das Erstlesebuch zum Film - der-Schulbedarf.shop","isPartOf":{"@id":"https:\/\/der-schulbedarf.shop\/produkt-des-monats\/#website"},"primaryImageOfPage":{"@id":"https:\/\/der-schulbedarf.shop\/produkt-des-monats\/produkt\/mia-and-me-das-geheimnis-von-centopia-das-erstlesebuch-zum-film\/#primaryimage"},"image":{"@id":"https:\/\/der-schulbedarf.shop\/produkt-des-monats\/produkt\/mia-and-me-das-geheimnis-von-centopia-das-erstlesebuch-zum-film\/#primaryimage"},"thumbnailUrl":"https:\/\/der-schulbedarf.shop\/wp-content\/uploads\/2023\/06\/49624-700x380-1.webp","datePublished":"2023-06-12T22:51:50+00:00","dateModified":"2024-11-27T11:27:02+00:00","breadcrumb":{"@id":"https:\/\/der-schulbedarf.shop\/produkt-des-monats\/produkt\/mia-and-me-das-geheimnis-von-centopia-das-erstlesebuch-zum-film\/#breadcrumb"},"inLanguage":"de","potentialAction":[{"@type":"ReadAction","target":["https:\/\/der-schulbedarf.shop\/produkt-des-monats\/produkt\/mia-and-me-das-geheimnis-von-centopia-das-erstlesebuch-zum-film\/"]}]},{"@type":"ImageObject","inLanguage":"de","@id":"https:\/\/der-schulbedarf.shop\/produkt-des-monats\/produkt\/mia-and-me-das-geheimnis-von-centopia-das-erstlesebuch-zum-film\/#primaryimage","url":"https:\/\/der-schulbedarf.shop\/wp-content\/uploads\/2023\/06\/49624-700x380-1.webp","contentUrl":"https:\/\/der-schulbedarf.shop\/wp-content\/uploads\/2023\/06\/49624-700x380-1.webp","width":700,"height":380},{"@type":"BreadcrumbList","@id":"https:\/\/der-schulbedarf.shop\/produkt-des-monats\/produkt\/mia-and-me-das-geheimnis-von-centopia-das-erstlesebuch-zum-film\/#breadcrumb","itemListElement":[{"@type":"ListItem","position":1,"name":"Shop","item":"https:\/\/der-schulbedarf.shop\/produkt-des-monats\/shop\/"},{"@type":"ListItem","position":2,"name":"Mia and me &#8211; Das Geheimnis von Centopia &#8211; Das Erstlesebuch zum Film"}]},{"@type":"WebSite","@id":"https:\/\/der-schulbedarf.shop\/produkt-des-monats\/#website","url":"https:\/\/der-schulbedarf.shop\/produkt-des-monats\/","name":"der-Schulbedarf.shop","description":"","publisher":{"@id":"https:\/\/der-schulbedarf.shop\/produkt-des-monats\/#organization"},"potentialAction":[{"@type":"SearchAction","target":{"@type":"EntryPoint","urlTemplate":"https:\/\/der-schulbedarf.shop\/produkt-des-monats\/?s={search_term_string}"},"query-input":{"@type":"PropertyValueSpecification","valueRequired":true,"valueName":"search_term_string"}}],"inLanguage":"de"},{"@type":"Organization","@id":"https:\/\/der-schulbedarf.shop\/produkt-des-monats\/#organization","name":"der-Schulbedarf.shop","url":"https:\/\/der-schulbedarf.shop\/produkt-des-monats\/","logo":{"@type":"ImageObject","inLanguage":"de","@id":"https:\/\/der-schulbedarf.shop\/produkt-des-monats\/#\/schema\/logo\/image\/","url":"https:\/\/der-schulbedarf.shop\/wp-content\/uploads\/2024\/02\/grafik-e1709551115899.png","contentUrl":"https:\/\/der-schulbedarf.shop\/wp-content\/uploads\/2024\/02\/grafik-e1709551115899.png","width":80,"height":80,"caption":"der-Schulbedarf.shop"},"image":{"@id":"https:\/\/der-schulbedarf.shop\/produkt-des-monats\/#\/schema\/logo\/image\/"}}]}},"_links":{"self":[{"href":"https:\/\/der-schulbedarf.shop\/produkt-des-monats\/wp-json\/wp\/v2\/product\/2071","targetHints":{"allow":["GET"]}}],"collection":[{"href":"https:\/\/der-schulbedarf.shop\/produkt-des-monats\/wp-json\/wp\/v2\/product"}],"about":[{"href":"https:\/\/der-schulbedarf.shop\/produkt-des-monats\/wp-json\/wp\/v2\/types\/product"}],"replies":[{"embeddable":true,"href":"https:\/\/der-schulbedarf.shop\/produkt-des-monats\/wp-json\/wp\/v2\/comments?post=2071"}],"wp:featuredmedia":[{"embeddable":true,"href":"https:\/\/der-schulbedarf.shop\/produkt-des-monats\/wp-json\/wp\/v2\/media\/2890"}],"wp:attachment":[{"href":"https:\/\/der-schulbedarf.shop\/produkt-des-monats\/wp-json\/wp\/v2\/media?parent=2071"}],"wp:term":[{"taxonomy":"product_cat","embeddable":true,"href":"https:\/\/der-schulbedarf.shop\/produkt-des-monats\/wp-json\/wp\/v2\/product_cat?post=2071"},{"taxonomy":"product_tag","embeddable":true,"href":"https:\/\/der-schulbedarf.shop\/produkt-des-monats\/wp-json\/wp\/v2\/product_tag?post=2071"}],"curies":[{"name":"wp","href":"https:\/\/api.w.org\/{rel}","templated":true}]}}