{"id":2086,"date":"2023-06-12T23:29:26","date_gmt":"2023-06-12T23:29:26","guid":{"rendered":"https:\/\/der-schulbedarf.Shop\/?post_type=product&#038;p=2086"},"modified":"2025-07-03T18:52:58","modified_gmt":"2025-07-03T18:52:58","slug":"1000-gefahren-junior-disney-villains-chaos-beim-korallenfest","status":"publish","type":"product","link":"https:\/\/der-schulbedarf.shop\/produkt-des-monats\/produkt\/1000-gefahren-junior-disney-villains-chaos-beim-korallenfest\/","title":{"rendered":"1000 Gefahren junior &#8211; Disney Villains: Chaos beim Korallenfest"},"content":{"rendered":"<p>1000 Gefahren &#8211; 1000 Abenteuer mit Disneys Ursula!<\/p>\n<p>Jetzt bist du an der Reihe! Du bist die Hauptperson. Entscheide selbst, wie sich die Geschichte entwickelt. Du bist der schnellste Schwertfisch der sieben Weltmeere. Wie alle anderen Meeresbewohner freust du dich auf das allj\u00e4hrliche Korallenfest. Doch ihr habt die Rechnung ohne die fiese Meereshexe Ursula gemacht, die das Fest um jeden Preis verhindern will. Findest du heraus, was sie vorhat? Oder spielst du lieber Flossenball? Wenn du das Korallenfest retten willst, lies weiter auf Seite &#8230;<\/p>\n<p>Die beliebte Kinderbuch-Reihe \u201e1000 Gefahren. Du entscheidest selbst!\u201c nun endlich auch f\u00fcr Erstleser! Jeder Weg entf\u00fchrt dich in ein neues Abenteuer. Welchen Weg w\u00e4hlst du? Welcher Spur folgst du? Geht deine Geschichte jetzt schon zu Ende? Ein ganz besonderes R\u00e4tsel- und Entscheidungsbuch f\u00fcr Kinder! Mit farbigen Bildern und Fibelschrift &#8211; f\u00fcr Leseanf\u00e4nger ab 7 Jahren perfekt geeignet.<\/p>\n<p>Band 1: B\u00f6ses Spiel im Dinopark, Band 2: Aufruhr in der Ritterburg, Band 3: Das Geheimnis der Pirateninsel, Band 4: Hei\u00dfe Spur im Wilden Westen, Band 5: Disney Villains: Chaos beim Korallenfest, Band 6: Disney Villains: Ein tierisch guter Plan<\/p>\n","protected":false},"excerpt":{"rendered":"<p>1000 Gefahren &#8211; 1000 Abenteuer mit Disneys Ursula!<\/p>\n<p>Jetzt bist du an der Reihe! Du bist die Hauptperson. Entscheide selbst, wie sich die Geschichte entwickelt. Du bist der schnellste Schwertfisch der sieben Weltmeere. Wie alle anderen Meeresbewohner freust du dich auf das allj\u00e4hrliche Korallenfest. Doch ihr habt die Rechnung ohne die fiese Meereshexe Ursula gemacht, die das Fest um jeden Preis verhindern will. Findest du heraus, was sie vorhat? Oder spielst du lieber Flossenball? Wenn du das Korallenfest retten willst, lies weiter auf Seite &#8230;<\/p>\n","protected":false},"featured_media":2877,"comment_status":"open","ping_status":"closed","template":"","meta":[],"product_cat":[224,944,225],"product_tag":[111,107,200,201,115,114,113,198],"class_list":{"0":"post-2086","1":"product","2":"type-product","3":"status-publish","4":"has-post-thumbnail","6":"product_cat-kinderbuecher","7":"product_cat-produktzufuehrung-geizhal","8":"product_cat-ravensburger-kinderbuecher","9":"product_tag-beschaeftigung","10":"product_tag-beschaeftigung-kinder","11":"product_tag-buch","12":"product_tag-buecher","13":"product_tag-fuer-jungen","14":"product_tag-fuer-maedchen","15":"product_tag-geschenk","16":"product_tag-kinderbuch","17":"post","18":"post-with-thumbnail","19":"post-with-thumbnail-large","21":"first","22":"outofstock","23":"taxable","24":"shipping-taxable","25":"purchasable","26":"product-type-simple"},"yoast_head":"<!-- This site is optimized with the Yoast SEO plugin v26.6 - https:\/\/yoast.com\/wordpress\/plugins\/seo\/ -->\n<title>1000 Gefahren junior - Disney Villains: Chaos beim Korallenfest - der-Schulbedarf.shop<\/title>\n<meta name=\"robots\" content=\"index, follow, max-snippet:-1, max-image-preview:large, max-video-preview:-1\" \/>\n<link rel=\"canonical\" href=\"https:\/\/der-schulbedarf.shop\/produkt-des-monats\/produkt\/1000-gefahren-junior-disney-villains-chaos-beim-korallenfest\/\" \/>\n<meta property=\"og:locale\" content=\"de_DE\" \/>\n<meta property=\"og:type\" content=\"article\" \/>\n<meta property=\"og:title\" content=\"1000 Gefahren junior - Disney Villains: Chaos beim Korallenfest - der-Schulbedarf.shop\" \/>\n<meta property=\"og:description\" content=\"1000 Gefahren - 1000 Abenteuer mit Disneys Ursula!  Jetzt bist du an der Reihe! Du bist die Hauptperson. Entscheide selbst, wie sich die Geschichte entwickelt. Du bist der schnellste Schwertfisch der sieben Weltmeere. Wie alle anderen Meeresbewohner freust du dich auf das allj\u00e4hrliche Korallenfest. Doch ihr habt die Rechnung ohne die fiese Meereshexe Ursula gemacht, die das Fest um jeden Preis verhindern will. Findest du heraus, was sie vorhat? Oder spielst du lieber Flossenball? Wenn du das Korallenfest retten willst, lies weiter auf Seite ...\" \/>\n<meta property=\"og:url\" content=\"https:\/\/der-schulbedarf.shop\/produkt-des-monats\/produkt\/1000-gefahren-junior-disney-villains-chaos-beim-korallenfest\/\" \/>\n<meta property=\"og:site_name\" content=\"der-Schulbedarf.shop\" \/>\n<meta property=\"article:modified_time\" content=\"2025-07-03T18:52:58+00:00\" \/>\n<meta property=\"og:image\" content=\"https:\/\/der-schulbedarf.shop\/wp-content\/uploads\/2023\/06\/49691-720x380-1.webp\" \/>\n\t<meta property=\"og:image:width\" content=\"720\" \/>\n\t<meta property=\"og:image:height\" content=\"380\" \/>\n\t<meta property=\"og:image:type\" content=\"image\/webp\" \/>\n<meta name=\"twitter:card\" content=\"summary_large_image\" \/>\n<meta name=\"twitter:label1\" content=\"Gesch\u00e4tzte Lesezeit\" \/>\n\t<meta name=\"twitter:data1\" content=\"2\u00a0Minuten\" \/>\n<script type=\"application\/ld+json\" class=\"yoast-schema-graph\">{\"@context\":\"https:\/\/schema.org\",\"@graph\":[{\"@type\":\"WebPage\",\"@id\":\"https:\/\/der-schulbedarf.shop\/produkt-des-monats\/produkt\/1000-gefahren-junior-disney-villains-chaos-beim-korallenfest\/\",\"url\":\"https:\/\/der-schulbedarf.shop\/produkt-des-monats\/produkt\/1000-gefahren-junior-disney-villains-chaos-beim-korallenfest\/\",\"name\":\"1000 Gefahren junior - Disney Villains: Chaos beim Korallenfest - der-Schulbedarf.shop\",\"isPartOf\":{\"@id\":\"https:\/\/der-schulbedarf.shop\/produkt-des-monats\/#website\"},\"primaryImageOfPage\":{\"@id\":\"https:\/\/der-schulbedarf.shop\/produkt-des-monats\/produkt\/1000-gefahren-junior-disney-villains-chaos-beim-korallenfest\/#primaryimage\"},\"image\":{\"@id\":\"https:\/\/der-schulbedarf.shop\/produkt-des-monats\/produkt\/1000-gefahren-junior-disney-villains-chaos-beim-korallenfest\/#primaryimage\"},\"thumbnailUrl\":\"https:\/\/der-schulbedarf.shop\/wp-content\/uploads\/2023\/06\/49691-720x380-1.webp\",\"datePublished\":\"2023-06-12T23:29:26+00:00\",\"dateModified\":\"2025-07-03T18:52:58+00:00\",\"breadcrumb\":{\"@id\":\"https:\/\/der-schulbedarf.shop\/produkt-des-monats\/produkt\/1000-gefahren-junior-disney-villains-chaos-beim-korallenfest\/#breadcrumb\"},\"inLanguage\":\"de\",\"potentialAction\":[{\"@type\":\"ReadAction\",\"target\":[\"https:\/\/der-schulbedarf.shop\/produkt-des-monats\/produkt\/1000-gefahren-junior-disney-villains-chaos-beim-korallenfest\/\"]}]},{\"@type\":\"ImageObject\",\"inLanguage\":\"de\",\"@id\":\"https:\/\/der-schulbedarf.shop\/produkt-des-monats\/produkt\/1000-gefahren-junior-disney-villains-chaos-beim-korallenfest\/#primaryimage\",\"url\":\"https:\/\/der-schulbedarf.shop\/wp-content\/uploads\/2023\/06\/49691-720x380-1.webp\",\"contentUrl\":\"https:\/\/der-schulbedarf.shop\/wp-content\/uploads\/2023\/06\/49691-720x380-1.webp\",\"width\":720,\"height\":380},{\"@type\":\"BreadcrumbList\",\"@id\":\"https:\/\/der-schulbedarf.shop\/produkt-des-monats\/produkt\/1000-gefahren-junior-disney-villains-chaos-beim-korallenfest\/#breadcrumb\",\"itemListElement\":[{\"@type\":\"ListItem\",\"position\":1,\"name\":\"Shop\",\"item\":\"https:\/\/der-schulbedarf.shop\/produkt-des-monats\/shop\/\"},{\"@type\":\"ListItem\",\"position\":2,\"name\":\"1000 Gefahren junior &#8211; Disney Villains: Chaos beim Korallenfest\"}]},{\"@type\":\"WebSite\",\"@id\":\"https:\/\/der-schulbedarf.shop\/produkt-des-monats\/#website\",\"url\":\"https:\/\/der-schulbedarf.shop\/produkt-des-monats\/\",\"name\":\"der-Schulbedarf.shop\",\"description\":\"\",\"publisher\":{\"@id\":\"https:\/\/der-schulbedarf.shop\/produkt-des-monats\/#organization\"},\"potentialAction\":[{\"@type\":\"SearchAction\",\"target\":{\"@type\":\"EntryPoint\",\"urlTemplate\":\"https:\/\/der-schulbedarf.shop\/produkt-des-monats\/?s={search_term_string}\"},\"query-input\":{\"@type\":\"PropertyValueSpecification\",\"valueRequired\":true,\"valueName\":\"search_term_string\"}}],\"inLanguage\":\"de\"},{\"@type\":\"Organization\",\"@id\":\"https:\/\/der-schulbedarf.shop\/produkt-des-monats\/#organization\",\"name\":\"der-Schulbedarf.shop\",\"url\":\"https:\/\/der-schulbedarf.shop\/produkt-des-monats\/\",\"logo\":{\"@type\":\"ImageObject\",\"inLanguage\":\"de\",\"@id\":\"https:\/\/der-schulbedarf.shop\/produkt-des-monats\/#\/schema\/logo\/image\/\",\"url\":\"https:\/\/der-schulbedarf.shop\/wp-content\/uploads\/2024\/02\/grafik-e1709551115899.png\",\"contentUrl\":\"https:\/\/der-schulbedarf.shop\/wp-content\/uploads\/2024\/02\/grafik-e1709551115899.png\",\"width\":80,\"height\":80,\"caption\":\"der-Schulbedarf.shop\"},\"image\":{\"@id\":\"https:\/\/der-schulbedarf.shop\/produkt-des-monats\/#\/schema\/logo\/image\/\"}}]}<\/script>\n<!-- \/ Yoast SEO plugin. -->","yoast_head_json":{"title":"1000 Gefahren junior - Disney Villains: Chaos beim Korallenfest - der-Schulbedarf.shop","robots":{"index":"index","follow":"follow","max-snippet":"max-snippet:-1","max-image-preview":"max-image-preview:large","max-video-preview":"max-video-preview:-1"},"canonical":"https:\/\/der-schulbedarf.shop\/produkt-des-monats\/produkt\/1000-gefahren-junior-disney-villains-chaos-beim-korallenfest\/","og_locale":"de_DE","og_type":"article","og_title":"1000 Gefahren junior - Disney Villains: Chaos beim Korallenfest - der-Schulbedarf.shop","og_description":"1000 Gefahren - 1000 Abenteuer mit Disneys Ursula!  Jetzt bist du an der Reihe! Du bist die Hauptperson. Entscheide selbst, wie sich die Geschichte entwickelt. Du bist der schnellste Schwertfisch der sieben Weltmeere. Wie alle anderen Meeresbewohner freust du dich auf das allj\u00e4hrliche Korallenfest. Doch ihr habt die Rechnung ohne die fiese Meereshexe Ursula gemacht, die das Fest um jeden Preis verhindern will. Findest du heraus, was sie vorhat? Oder spielst du lieber Flossenball? Wenn du das Korallenfest retten willst, lies weiter auf Seite ...","og_url":"https:\/\/der-schulbedarf.shop\/produkt-des-monats\/produkt\/1000-gefahren-junior-disney-villains-chaos-beim-korallenfest\/","og_site_name":"der-Schulbedarf.shop","article_modified_time":"2025-07-03T18:52:58+00:00","og_image":[{"width":720,"height":380,"url":"https:\/\/der-schulbedarf.shop\/wp-content\/uploads\/2023\/06\/49691-720x380-1.webp","type":"image\/webp"}],"twitter_card":"summary_large_image","twitter_misc":{"Gesch\u00e4tzte Lesezeit":"2\u00a0Minuten"},"schema":{"@context":"https:\/\/schema.org","@graph":[{"@type":"WebPage","@id":"https:\/\/der-schulbedarf.shop\/produkt-des-monats\/produkt\/1000-gefahren-junior-disney-villains-chaos-beim-korallenfest\/","url":"https:\/\/der-schulbedarf.shop\/produkt-des-monats\/produkt\/1000-gefahren-junior-disney-villains-chaos-beim-korallenfest\/","name":"1000 Gefahren junior - Disney Villains: Chaos beim Korallenfest - der-Schulbedarf.shop","isPartOf":{"@id":"https:\/\/der-schulbedarf.shop\/produkt-des-monats\/#website"},"primaryImageOfPage":{"@id":"https:\/\/der-schulbedarf.shop\/produkt-des-monats\/produkt\/1000-gefahren-junior-disney-villains-chaos-beim-korallenfest\/#primaryimage"},"image":{"@id":"https:\/\/der-schulbedarf.shop\/produkt-des-monats\/produkt\/1000-gefahren-junior-disney-villains-chaos-beim-korallenfest\/#primaryimage"},"thumbnailUrl":"https:\/\/der-schulbedarf.shop\/wp-content\/uploads\/2023\/06\/49691-720x380-1.webp","datePublished":"2023-06-12T23:29:26+00:00","dateModified":"2025-07-03T18:52:58+00:00","breadcrumb":{"@id":"https:\/\/der-schulbedarf.shop\/produkt-des-monats\/produkt\/1000-gefahren-junior-disney-villains-chaos-beim-korallenfest\/#breadcrumb"},"inLanguage":"de","potentialAction":[{"@type":"ReadAction","target":["https:\/\/der-schulbedarf.shop\/produkt-des-monats\/produkt\/1000-gefahren-junior-disney-villains-chaos-beim-korallenfest\/"]}]},{"@type":"ImageObject","inLanguage":"de","@id":"https:\/\/der-schulbedarf.shop\/produkt-des-monats\/produkt\/1000-gefahren-junior-disney-villains-chaos-beim-korallenfest\/#primaryimage","url":"https:\/\/der-schulbedarf.shop\/wp-content\/uploads\/2023\/06\/49691-720x380-1.webp","contentUrl":"https:\/\/der-schulbedarf.shop\/wp-content\/uploads\/2023\/06\/49691-720x380-1.webp","width":720,"height":380},{"@type":"BreadcrumbList","@id":"https:\/\/der-schulbedarf.shop\/produkt-des-monats\/produkt\/1000-gefahren-junior-disney-villains-chaos-beim-korallenfest\/#breadcrumb","itemListElement":[{"@type":"ListItem","position":1,"name":"Shop","item":"https:\/\/der-schulbedarf.shop\/produkt-des-monats\/shop\/"},{"@type":"ListItem","position":2,"name":"1000 Gefahren junior &#8211; Disney Villains: Chaos beim Korallenfest"}]},{"@type":"WebSite","@id":"https:\/\/der-schulbedarf.shop\/produkt-des-monats\/#website","url":"https:\/\/der-schulbedarf.shop\/produkt-des-monats\/","name":"der-Schulbedarf.shop","description":"","publisher":{"@id":"https:\/\/der-schulbedarf.shop\/produkt-des-monats\/#organization"},"potentialAction":[{"@type":"SearchAction","target":{"@type":"EntryPoint","urlTemplate":"https:\/\/der-schulbedarf.shop\/produkt-des-monats\/?s={search_term_string}"},"query-input":{"@type":"PropertyValueSpecification","valueRequired":true,"valueName":"search_term_string"}}],"inLanguage":"de"},{"@type":"Organization","@id":"https:\/\/der-schulbedarf.shop\/produkt-des-monats\/#organization","name":"der-Schulbedarf.shop","url":"https:\/\/der-schulbedarf.shop\/produkt-des-monats\/","logo":{"@type":"ImageObject","inLanguage":"de","@id":"https:\/\/der-schulbedarf.shop\/produkt-des-monats\/#\/schema\/logo\/image\/","url":"https:\/\/der-schulbedarf.shop\/wp-content\/uploads\/2024\/02\/grafik-e1709551115899.png","contentUrl":"https:\/\/der-schulbedarf.shop\/wp-content\/uploads\/2024\/02\/grafik-e1709551115899.png","width":80,"height":80,"caption":"der-Schulbedarf.shop"},"image":{"@id":"https:\/\/der-schulbedarf.shop\/produkt-des-monats\/#\/schema\/logo\/image\/"}}]}},"_links":{"self":[{"href":"https:\/\/der-schulbedarf.shop\/produkt-des-monats\/wp-json\/wp\/v2\/product\/2086","targetHints":{"allow":["GET"]}}],"collection":[{"href":"https:\/\/der-schulbedarf.shop\/produkt-des-monats\/wp-json\/wp\/v2\/product"}],"about":[{"href":"https:\/\/der-schulbedarf.shop\/produkt-des-monats\/wp-json\/wp\/v2\/types\/product"}],"replies":[{"embeddable":true,"href":"https:\/\/der-schulbedarf.shop\/produkt-des-monats\/wp-json\/wp\/v2\/comments?post=2086"}],"wp:featuredmedia":[{"embeddable":true,"href":"https:\/\/der-schulbedarf.shop\/produkt-des-monats\/wp-json\/wp\/v2\/media\/2877"}],"wp:attachment":[{"href":"https:\/\/der-schulbedarf.shop\/produkt-des-monats\/wp-json\/wp\/v2\/media?parent=2086"}],"wp:term":[{"taxonomy":"product_cat","embeddable":true,"href":"https:\/\/der-schulbedarf.shop\/produkt-des-monats\/wp-json\/wp\/v2\/product_cat?post=2086"},{"taxonomy":"product_tag","embeddable":true,"href":"https:\/\/der-schulbedarf.shop\/produkt-des-monats\/wp-json\/wp\/v2\/product_tag?post=2086"}],"curies":[{"name":"wp","href":"https:\/\/api.w.org\/{rel}","templated":true}]}}