{"id":2092,"date":"2023-06-13T01:09:57","date_gmt":"2023-06-13T01:09:57","guid":{"rendered":"https:\/\/der-schulbedarf.Shop\/?post_type=product&#038;p=2092"},"modified":"2025-11-01T08:35:25","modified_gmt":"2025-11-01T08:35:25","slug":"mia-and-me-neue-welten-neue-freunde-fuer-erstleser","status":"publish","type":"product","link":"https:\/\/der-schulbedarf.shop\/produkt-des-monats\/produkt\/mia-and-me-neue-welten-neue-freunde-fuer-erstleser\/","title":{"rendered":"Mia and me: Neue Welten, neue Freunde &#8211; f\u00fcr Erstleser"},"content":{"rendered":"<p>Was passiert in Centopia? Lesenlernen mit Mia und ihren Freunden<\/p>\n<p>Nach langer Zeit kehrt Mia nach Centopia zur\u00fcck. Ihre Freunde Yuko, Mo und Onchao brauchen ihre Hilfe: Erdbeben ersch\u00fcttern die Insel. Mias Orakel hilft den Freunden, das Geheimnis zu l\u00fcften. Sie entdecken etwas Unglaubliches!<br \/>\nDie gek\u00fcrzte Handlung, die einfachen S\u00e4tze und viele Bilder erleichtern das Textverst\u00e4ndnis. So macht Lesenlernen Spa\u00df!<\/p>\n<p>Mia und ihre Freunde konnten den b\u00f6sen Dunkelelfen Lord Drakon endlich besiegen. Doch schon bald braucht Centopia erneut Mias Hilfe: Immer wieder gibt es kurze Erdbeben, doch niemand wei\u00df, warum. Zum Gl\u00fcck gibt Mias Orakel den entscheidenden Hinweis.<br \/>\nGemeinsam mit Yuko, Mo und Onchao findet Mia die Ursache f\u00fcr die Erdbeben. Die Freunde k\u00f6nnen kaum glauben, was in Centopia gerade passiert! Was das ist? Das k\u00f6nnen Erstleser ab 7 Jahren in diesem Buch herausfinden.<br \/>\nStark gek\u00fcrzt, mit einfachen W\u00f6rtern und vielen Bildern wird hier eine TV-Folge nacherz\u00e4hlt. St\u00fcck f\u00fcr St\u00fcck schaffen Leseanf\u00e4nger das ganze Buch und die schnellen Erfolge machen Lust auf mehr!<\/p>\n","protected":false},"excerpt":{"rendered":"<p>Was passiert in Centopia? Lesenlernen mit Mia und ihren Freunden<\/p>\n<p>Nach langer Zeit kehrt Mia nach Centopia zur\u00fcck. Ihre Freunde Yuko, Mo und Onchao brauchen ihre Hilfe: Erdbeben ersch\u00fcttern die Insel. Mias Orakel hilft den Freunden, das Geheimnis zu l\u00fcften. Sie entdecken etwas Unglaubliches!<br \/>\nDie gek\u00fcrzte Handlung, die einfachen S\u00e4tze und viele Bilder erleichtern das Textverst\u00e4ndnis. So macht Lesenlernen Spa\u00df!<\/p>\n","protected":false},"featured_media":2873,"comment_status":"open","ping_status":"closed","template":"","meta":[],"product_cat":[224,915,944,225],"product_tag":[111,107,200,201,114,112,198],"class_list":{"0":"post-2092","1":"product","2":"type-product","3":"status-publish","4":"has-post-thumbnail","6":"product_cat-kinderbuecher","7":"product_cat-produkt-feeds","8":"product_cat-produktzufuehrung-geizhal","9":"product_cat-ravensburger-kinderbuecher","10":"product_tag-beschaeftigung","11":"product_tag-beschaeftigung-kinder","12":"product_tag-buch","13":"product_tag-buecher","14":"product_tag-fuer-maedchen","15":"product_tag-geschenkidee","16":"product_tag-kinderbuch","17":"post","18":"post-with-thumbnail","19":"post-with-thumbnail-large","21":"first","22":"outofstock","23":"taxable","24":"shipping-taxable","25":"purchasable","26":"product-type-simple"},"yoast_head":"<!-- This site is optimized with the Yoast SEO plugin v26.6 - https:\/\/yoast.com\/wordpress\/plugins\/seo\/ -->\n<title>Mia and me: Neue Welten, neue Freunde - f\u00fcr Erstleser - der-Schulbedarf.shop<\/title>\n<meta name=\"robots\" content=\"index, follow, max-snippet:-1, max-image-preview:large, max-video-preview:-1\" \/>\n<link rel=\"canonical\" href=\"https:\/\/der-schulbedarf.shop\/produkt-des-monats\/produkt\/mia-and-me-neue-welten-neue-freunde-fuer-erstleser\/\" \/>\n<meta property=\"og:locale\" content=\"de_DE\" \/>\n<meta property=\"og:type\" content=\"article\" \/>\n<meta property=\"og:title\" content=\"Mia and me: Neue Welten, neue Freunde - f\u00fcr Erstleser - der-Schulbedarf.shop\" \/>\n<meta property=\"og:description\" content=\"Was passiert in Centopia? Lesenlernen mit Mia und ihren Freunden  Nach langer Zeit kehrt Mia nach Centopia zur\u00fcck. Ihre Freunde Yuko, Mo und Onchao brauchen ihre Hilfe: Erdbeben ersch\u00fcttern die Insel. Mias Orakel hilft den Freunden, das Geheimnis zu l\u00fcften. Sie entdecken etwas Unglaubliches! Die gek\u00fcrzte Handlung, die einfachen S\u00e4tze und viele Bilder erleichtern das Textverst\u00e4ndnis. So macht Lesenlernen Spa\u00df!\" \/>\n<meta property=\"og:url\" content=\"https:\/\/der-schulbedarf.shop\/produkt-des-monats\/produkt\/mia-and-me-neue-welten-neue-freunde-fuer-erstleser\/\" \/>\n<meta property=\"og:site_name\" content=\"der-Schulbedarf.shop\" \/>\n<meta property=\"article:modified_time\" content=\"2025-11-01T08:35:25+00:00\" \/>\n<meta property=\"og:image\" content=\"https:\/\/der-schulbedarf.shop\/wp-content\/uploads\/2023\/06\/49695-699x380-1.webp\" \/>\n\t<meta property=\"og:image:width\" content=\"699\" \/>\n\t<meta property=\"og:image:height\" content=\"380\" \/>\n\t<meta property=\"og:image:type\" content=\"image\/webp\" \/>\n<meta name=\"twitter:card\" content=\"summary_large_image\" \/>\n<meta name=\"twitter:label1\" content=\"Gesch\u00e4tzte Lesezeit\" \/>\n\t<meta name=\"twitter:data1\" content=\"2\u00a0Minuten\" \/>\n<script type=\"application\/ld+json\" class=\"yoast-schema-graph\">{\"@context\":\"https:\/\/schema.org\",\"@graph\":[{\"@type\":\"WebPage\",\"@id\":\"https:\/\/der-schulbedarf.shop\/produkt-des-monats\/produkt\/mia-and-me-neue-welten-neue-freunde-fuer-erstleser\/\",\"url\":\"https:\/\/der-schulbedarf.shop\/produkt-des-monats\/produkt\/mia-and-me-neue-welten-neue-freunde-fuer-erstleser\/\",\"name\":\"Mia and me: Neue Welten, neue Freunde - f\u00fcr Erstleser - der-Schulbedarf.shop\",\"isPartOf\":{\"@id\":\"https:\/\/der-schulbedarf.shop\/produkt-des-monats\/#website\"},\"primaryImageOfPage\":{\"@id\":\"https:\/\/der-schulbedarf.shop\/produkt-des-monats\/produkt\/mia-and-me-neue-welten-neue-freunde-fuer-erstleser\/#primaryimage\"},\"image\":{\"@id\":\"https:\/\/der-schulbedarf.shop\/produkt-des-monats\/produkt\/mia-and-me-neue-welten-neue-freunde-fuer-erstleser\/#primaryimage\"},\"thumbnailUrl\":\"https:\/\/der-schulbedarf.shop\/wp-content\/uploads\/2023\/06\/49695-699x380-1.webp\",\"datePublished\":\"2023-06-13T01:09:57+00:00\",\"dateModified\":\"2025-11-01T08:35:25+00:00\",\"breadcrumb\":{\"@id\":\"https:\/\/der-schulbedarf.shop\/produkt-des-monats\/produkt\/mia-and-me-neue-welten-neue-freunde-fuer-erstleser\/#breadcrumb\"},\"inLanguage\":\"de\",\"potentialAction\":[{\"@type\":\"ReadAction\",\"target\":[\"https:\/\/der-schulbedarf.shop\/produkt-des-monats\/produkt\/mia-and-me-neue-welten-neue-freunde-fuer-erstleser\/\"]}]},{\"@type\":\"ImageObject\",\"inLanguage\":\"de\",\"@id\":\"https:\/\/der-schulbedarf.shop\/produkt-des-monats\/produkt\/mia-and-me-neue-welten-neue-freunde-fuer-erstleser\/#primaryimage\",\"url\":\"https:\/\/der-schulbedarf.shop\/wp-content\/uploads\/2023\/06\/49695-699x380-1.webp\",\"contentUrl\":\"https:\/\/der-schulbedarf.shop\/wp-content\/uploads\/2023\/06\/49695-699x380-1.webp\",\"width\":699,\"height\":380},{\"@type\":\"BreadcrumbList\",\"@id\":\"https:\/\/der-schulbedarf.shop\/produkt-des-monats\/produkt\/mia-and-me-neue-welten-neue-freunde-fuer-erstleser\/#breadcrumb\",\"itemListElement\":[{\"@type\":\"ListItem\",\"position\":1,\"name\":\"Shop\",\"item\":\"https:\/\/der-schulbedarf.shop\/produkt-des-monats\/shop\/\"},{\"@type\":\"ListItem\",\"position\":2,\"name\":\"Mia and me: Neue Welten, neue Freunde &#8211; f\u00fcr Erstleser\"}]},{\"@type\":\"WebSite\",\"@id\":\"https:\/\/der-schulbedarf.shop\/produkt-des-monats\/#website\",\"url\":\"https:\/\/der-schulbedarf.shop\/produkt-des-monats\/\",\"name\":\"der-Schulbedarf.shop\",\"description\":\"\",\"publisher\":{\"@id\":\"https:\/\/der-schulbedarf.shop\/produkt-des-monats\/#organization\"},\"potentialAction\":[{\"@type\":\"SearchAction\",\"target\":{\"@type\":\"EntryPoint\",\"urlTemplate\":\"https:\/\/der-schulbedarf.shop\/produkt-des-monats\/?s={search_term_string}\"},\"query-input\":{\"@type\":\"PropertyValueSpecification\",\"valueRequired\":true,\"valueName\":\"search_term_string\"}}],\"inLanguage\":\"de\"},{\"@type\":\"Organization\",\"@id\":\"https:\/\/der-schulbedarf.shop\/produkt-des-monats\/#organization\",\"name\":\"der-Schulbedarf.shop\",\"url\":\"https:\/\/der-schulbedarf.shop\/produkt-des-monats\/\",\"logo\":{\"@type\":\"ImageObject\",\"inLanguage\":\"de\",\"@id\":\"https:\/\/der-schulbedarf.shop\/produkt-des-monats\/#\/schema\/logo\/image\/\",\"url\":\"https:\/\/der-schulbedarf.shop\/wp-content\/uploads\/2024\/02\/grafik-e1709551115899.png\",\"contentUrl\":\"https:\/\/der-schulbedarf.shop\/wp-content\/uploads\/2024\/02\/grafik-e1709551115899.png\",\"width\":80,\"height\":80,\"caption\":\"der-Schulbedarf.shop\"},\"image\":{\"@id\":\"https:\/\/der-schulbedarf.shop\/produkt-des-monats\/#\/schema\/logo\/image\/\"}}]}<\/script>\n<!-- \/ Yoast SEO plugin. -->","yoast_head_json":{"title":"Mia and me: Neue Welten, neue Freunde - f\u00fcr Erstleser - der-Schulbedarf.shop","robots":{"index":"index","follow":"follow","max-snippet":"max-snippet:-1","max-image-preview":"max-image-preview:large","max-video-preview":"max-video-preview:-1"},"canonical":"https:\/\/der-schulbedarf.shop\/produkt-des-monats\/produkt\/mia-and-me-neue-welten-neue-freunde-fuer-erstleser\/","og_locale":"de_DE","og_type":"article","og_title":"Mia and me: Neue Welten, neue Freunde - f\u00fcr Erstleser - der-Schulbedarf.shop","og_description":"Was passiert in Centopia? Lesenlernen mit Mia und ihren Freunden  Nach langer Zeit kehrt Mia nach Centopia zur\u00fcck. Ihre Freunde Yuko, Mo und Onchao brauchen ihre Hilfe: Erdbeben ersch\u00fcttern die Insel. Mias Orakel hilft den Freunden, das Geheimnis zu l\u00fcften. Sie entdecken etwas Unglaubliches! Die gek\u00fcrzte Handlung, die einfachen S\u00e4tze und viele Bilder erleichtern das Textverst\u00e4ndnis. So macht Lesenlernen Spa\u00df!","og_url":"https:\/\/der-schulbedarf.shop\/produkt-des-monats\/produkt\/mia-and-me-neue-welten-neue-freunde-fuer-erstleser\/","og_site_name":"der-Schulbedarf.shop","article_modified_time":"2025-11-01T08:35:25+00:00","og_image":[{"width":699,"height":380,"url":"https:\/\/der-schulbedarf.shop\/wp-content\/uploads\/2023\/06\/49695-699x380-1.webp","type":"image\/webp"}],"twitter_card":"summary_large_image","twitter_misc":{"Gesch\u00e4tzte Lesezeit":"2\u00a0Minuten"},"schema":{"@context":"https:\/\/schema.org","@graph":[{"@type":"WebPage","@id":"https:\/\/der-schulbedarf.shop\/produkt-des-monats\/produkt\/mia-and-me-neue-welten-neue-freunde-fuer-erstleser\/","url":"https:\/\/der-schulbedarf.shop\/produkt-des-monats\/produkt\/mia-and-me-neue-welten-neue-freunde-fuer-erstleser\/","name":"Mia and me: Neue Welten, neue Freunde - f\u00fcr Erstleser - der-Schulbedarf.shop","isPartOf":{"@id":"https:\/\/der-schulbedarf.shop\/produkt-des-monats\/#website"},"primaryImageOfPage":{"@id":"https:\/\/der-schulbedarf.shop\/produkt-des-monats\/produkt\/mia-and-me-neue-welten-neue-freunde-fuer-erstleser\/#primaryimage"},"image":{"@id":"https:\/\/der-schulbedarf.shop\/produkt-des-monats\/produkt\/mia-and-me-neue-welten-neue-freunde-fuer-erstleser\/#primaryimage"},"thumbnailUrl":"https:\/\/der-schulbedarf.shop\/wp-content\/uploads\/2023\/06\/49695-699x380-1.webp","datePublished":"2023-06-13T01:09:57+00:00","dateModified":"2025-11-01T08:35:25+00:00","breadcrumb":{"@id":"https:\/\/der-schulbedarf.shop\/produkt-des-monats\/produkt\/mia-and-me-neue-welten-neue-freunde-fuer-erstleser\/#breadcrumb"},"inLanguage":"de","potentialAction":[{"@type":"ReadAction","target":["https:\/\/der-schulbedarf.shop\/produkt-des-monats\/produkt\/mia-and-me-neue-welten-neue-freunde-fuer-erstleser\/"]}]},{"@type":"ImageObject","inLanguage":"de","@id":"https:\/\/der-schulbedarf.shop\/produkt-des-monats\/produkt\/mia-and-me-neue-welten-neue-freunde-fuer-erstleser\/#primaryimage","url":"https:\/\/der-schulbedarf.shop\/wp-content\/uploads\/2023\/06\/49695-699x380-1.webp","contentUrl":"https:\/\/der-schulbedarf.shop\/wp-content\/uploads\/2023\/06\/49695-699x380-1.webp","width":699,"height":380},{"@type":"BreadcrumbList","@id":"https:\/\/der-schulbedarf.shop\/produkt-des-monats\/produkt\/mia-and-me-neue-welten-neue-freunde-fuer-erstleser\/#breadcrumb","itemListElement":[{"@type":"ListItem","position":1,"name":"Shop","item":"https:\/\/der-schulbedarf.shop\/produkt-des-monats\/shop\/"},{"@type":"ListItem","position":2,"name":"Mia and me: Neue Welten, neue Freunde &#8211; f\u00fcr Erstleser"}]},{"@type":"WebSite","@id":"https:\/\/der-schulbedarf.shop\/produkt-des-monats\/#website","url":"https:\/\/der-schulbedarf.shop\/produkt-des-monats\/","name":"der-Schulbedarf.shop","description":"","publisher":{"@id":"https:\/\/der-schulbedarf.shop\/produkt-des-monats\/#organization"},"potentialAction":[{"@type":"SearchAction","target":{"@type":"EntryPoint","urlTemplate":"https:\/\/der-schulbedarf.shop\/produkt-des-monats\/?s={search_term_string}"},"query-input":{"@type":"PropertyValueSpecification","valueRequired":true,"valueName":"search_term_string"}}],"inLanguage":"de"},{"@type":"Organization","@id":"https:\/\/der-schulbedarf.shop\/produkt-des-monats\/#organization","name":"der-Schulbedarf.shop","url":"https:\/\/der-schulbedarf.shop\/produkt-des-monats\/","logo":{"@type":"ImageObject","inLanguage":"de","@id":"https:\/\/der-schulbedarf.shop\/produkt-des-monats\/#\/schema\/logo\/image\/","url":"https:\/\/der-schulbedarf.shop\/wp-content\/uploads\/2024\/02\/grafik-e1709551115899.png","contentUrl":"https:\/\/der-schulbedarf.shop\/wp-content\/uploads\/2024\/02\/grafik-e1709551115899.png","width":80,"height":80,"caption":"der-Schulbedarf.shop"},"image":{"@id":"https:\/\/der-schulbedarf.shop\/produkt-des-monats\/#\/schema\/logo\/image\/"}}]}},"_links":{"self":[{"href":"https:\/\/der-schulbedarf.shop\/produkt-des-monats\/wp-json\/wp\/v2\/product\/2092","targetHints":{"allow":["GET"]}}],"collection":[{"href":"https:\/\/der-schulbedarf.shop\/produkt-des-monats\/wp-json\/wp\/v2\/product"}],"about":[{"href":"https:\/\/der-schulbedarf.shop\/produkt-des-monats\/wp-json\/wp\/v2\/types\/product"}],"replies":[{"embeddable":true,"href":"https:\/\/der-schulbedarf.shop\/produkt-des-monats\/wp-json\/wp\/v2\/comments?post=2092"}],"wp:featuredmedia":[{"embeddable":true,"href":"https:\/\/der-schulbedarf.shop\/produkt-des-monats\/wp-json\/wp\/v2\/media\/2873"}],"wp:attachment":[{"href":"https:\/\/der-schulbedarf.shop\/produkt-des-monats\/wp-json\/wp\/v2\/media?parent=2092"}],"wp:term":[{"taxonomy":"product_cat","embeddable":true,"href":"https:\/\/der-schulbedarf.shop\/produkt-des-monats\/wp-json\/wp\/v2\/product_cat?post=2092"},{"taxonomy":"product_tag","embeddable":true,"href":"https:\/\/der-schulbedarf.shop\/produkt-des-monats\/wp-json\/wp\/v2\/product_tag?post=2092"}],"curies":[{"name":"wp","href":"https:\/\/api.w.org\/{rel}","templated":true}]}}