{"id":2325,"date":"2023-06-15T12:37:49","date_gmt":"2023-06-15T12:37:49","guid":{"rendered":"https:\/\/der-schulbedarf.Shop\/?post_type=product&#038;p=2325"},"modified":"2025-07-03T12:46:41","modified_gmt":"2025-07-03T12:46:41","slug":"1000-gefahren-junior-disney-villains-ein-tierisch-guter-plan","status":"publish","type":"product","link":"https:\/\/der-schulbedarf.shop\/produkt-des-monats\/produkt\/1000-gefahren-junior-disney-villains-ein-tierisch-guter-plan\/","title":{"rendered":"1000 Gefahren junior &#8211; Disney Villains: Ein tierisch guter Plan"},"content":{"rendered":"<p>1000 Gefahren &#8211; 1000 Abenteuer mit Disneys Cruella!<\/p>\n<p>Jetzt bist du an der Reihe! Du bist die Hauptperson. Entscheide selbst, wie sich die Geschichte entwickelt. Du bist das cleverste Erdm\u00e4nnchen im ganzen Zoo. Eines Nachts beobachtest du, wie Einbrecher durch den Zoo streifen. Kannst du alle Tiere rechtzeitig warnen? Oder findest du lieber heraus, wer die beiden Tollpatsche Horace und Jasper geschickt hat? Wenn dich dein Weg zu ihrer Chefin Cruella f\u00fchren soll, lies weiter auf Seite \u2026<\/p>\n<p>Die beliebte Kinderbuch-Reihe \u201e1000 Gefahren. Du entscheidest selbst!\u201c nun endlich auch f\u00fcr Erstleser! Jeder Weg entf\u00fchrt dich in ein neues Abenteuer. Welchen Weg w\u00e4hlst du? Welcher Spur folgst du? Geht deine Geschichte jetzt schon zu Ende? Ein ganz besonderes R\u00e4tsel- und Entscheidungsbuch f\u00fcr Kinder! Mit farbigen Bildern und Fibelschrift &#8211; f\u00fcr Leseanf\u00e4nger ab 7 Jahren perfekt geeignet.<\/p>\n<p>Band 1: B\u00f6ses Spiel im Dinopark, Band 2: Aufruhr in der Ritterburg, Band 3: Das Geheimnis der Pirateninsel, Band 4: Hei\u00dfe Spur im Wilden Westen, Band 5: Disney Villains: Chaos beim Korallenfest, Band 6: Disney Villains: Ein tierisch guter Plan<\/p>\n","protected":false},"excerpt":{"rendered":"<p>1000 Gefahren &#8211; 1000 Abenteuer mit Disneys Cruella!<\/p>\n<p>Jetzt bist du an der Reihe! Du bist die Hauptperson. Entscheide selbst, wie sich die Geschichte entwickelt. Du bist das cleverste Erdm\u00e4nnchen im ganzen Zoo. Eines Nachts beobachtest du, wie Einbrecher durch den Zoo streifen. Kannst du alle Tiere rechtzeitig warnen? Oder findest du lieber heraus, wer die beiden Tollpatsche Horace und Jasper geschickt hat? Wenn dich dein Weg zu ihrer Chefin Cruella f\u00fchren soll, lies weiter auf Seite \u2026<\/p>\n","protected":false},"featured_media":2795,"comment_status":"open","ping_status":"closed","template":"","meta":[],"product_cat":[224,915,944,225],"product_tag":[268,111,107,200,115,114,1004,1065,198,181],"class_list":{"0":"post-2325","1":"product","2":"type-product","3":"status-publish","4":"has-post-thumbnail","6":"product_cat-kinderbuecher","7":"product_cat-produkt-feeds","8":"product_cat-produktzufuehrung-geizhal","9":"product_cat-ravensburger-kinderbuecher","10":"product_tag-abenteuer","11":"product_tag-beschaeftigung","12":"product_tag-beschaeftigung-kinder","13":"product_tag-buch","14":"product_tag-fuer-jungen","15":"product_tag-fuer-maedchen","16":"product_tag-kinder-ab-7-jahren","17":"product_tag-kinder-krimi","18":"product_tag-kinderbuch","19":"product_tag-kinderbuecher","20":"post","21":"post-with-thumbnail","22":"post-with-thumbnail-large","24":"first","25":"outofstock","26":"taxable","27":"shipping-taxable","28":"purchasable","29":"product-type-simple"},"yoast_head":"<!-- This site is optimized with the Yoast SEO plugin v26.6 - https:\/\/yoast.com\/wordpress\/plugins\/seo\/ -->\n<title>1000 Gefahren junior - Disney Villains: Ein tierisch guter Plan - der-Schulbedarf.shop<\/title>\n<meta name=\"description\" content=\"Disney Villains: Ein tierisch guter Plan. Spannende Abenteuer f\u00fcr Kinder ab 7 Jahren. Alarm! Einbrecher im Zoo, kleine Detektive l\u00f6sen alle F\u00e4lle.\" \/>\n<meta name=\"robots\" content=\"index, follow, max-snippet:-1, max-image-preview:large, max-video-preview:-1\" \/>\n<link rel=\"canonical\" href=\"https:\/\/der-schulbedarf.shop\/produkt-des-monats\/produkt\/1000-gefahren-junior-disney-villains-ein-tierisch-guter-plan\/\" \/>\n<meta property=\"og:locale\" content=\"de_DE\" \/>\n<meta property=\"og:type\" content=\"article\" \/>\n<meta property=\"og:title\" content=\"1000 Gefahren junior - Disney Villains: Ein tierisch guter Plan - der-Schulbedarf.shop\" \/>\n<meta property=\"og:description\" content=\"Disney Villains: Ein tierisch guter Plan. Spannende Abenteuer f\u00fcr Kinder ab 7 Jahren. Alarm! Einbrecher im Zoo, kleine Detektive l\u00f6sen alle F\u00e4lle.\" \/>\n<meta property=\"og:url\" content=\"https:\/\/der-schulbedarf.shop\/produkt-des-monats\/produkt\/1000-gefahren-junior-disney-villains-ein-tierisch-guter-plan\/\" \/>\n<meta property=\"og:site_name\" content=\"der-Schulbedarf.shop\" \/>\n<meta property=\"article:modified_time\" content=\"2025-07-03T12:46:41+00:00\" \/>\n<meta property=\"og:image\" content=\"https:\/\/der-schulbedarf.shop\/wp-content\/uploads\/2023\/06\/49698-720x380-1.webp\" \/>\n\t<meta property=\"og:image:width\" content=\"720\" \/>\n\t<meta property=\"og:image:height\" content=\"380\" \/>\n\t<meta property=\"og:image:type\" content=\"image\/webp\" \/>\n<meta name=\"twitter:card\" content=\"summary_large_image\" \/>\n<meta name=\"twitter:label1\" content=\"Gesch\u00e4tzte Lesezeit\" \/>\n\t<meta name=\"twitter:data1\" content=\"2\u00a0Minuten\" \/>\n<script type=\"application\/ld+json\" class=\"yoast-schema-graph\">{\"@context\":\"https:\/\/schema.org\",\"@graph\":[{\"@type\":\"WebPage\",\"@id\":\"https:\/\/der-schulbedarf.shop\/produkt-des-monats\/produkt\/1000-gefahren-junior-disney-villains-ein-tierisch-guter-plan\/\",\"url\":\"https:\/\/der-schulbedarf.shop\/produkt-des-monats\/produkt\/1000-gefahren-junior-disney-villains-ein-tierisch-guter-plan\/\",\"name\":\"1000 Gefahren junior - Disney Villains: Ein tierisch guter Plan - der-Schulbedarf.shop\",\"isPartOf\":{\"@id\":\"https:\/\/der-schulbedarf.shop\/produkt-des-monats\/#website\"},\"primaryImageOfPage\":{\"@id\":\"https:\/\/der-schulbedarf.shop\/produkt-des-monats\/produkt\/1000-gefahren-junior-disney-villains-ein-tierisch-guter-plan\/#primaryimage\"},\"image\":{\"@id\":\"https:\/\/der-schulbedarf.shop\/produkt-des-monats\/produkt\/1000-gefahren-junior-disney-villains-ein-tierisch-guter-plan\/#primaryimage\"},\"thumbnailUrl\":\"https:\/\/der-schulbedarf.shop\/wp-content\/uploads\/2023\/06\/49698-720x380-1.webp\",\"datePublished\":\"2023-06-15T12:37:49+00:00\",\"dateModified\":\"2025-07-03T12:46:41+00:00\",\"description\":\"Disney Villains: Ein tierisch guter Plan. Spannende Abenteuer f\u00fcr Kinder ab 7 Jahren. Alarm! Einbrecher im Zoo, kleine Detektive l\u00f6sen alle F\u00e4lle.\",\"breadcrumb\":{\"@id\":\"https:\/\/der-schulbedarf.shop\/produkt-des-monats\/produkt\/1000-gefahren-junior-disney-villains-ein-tierisch-guter-plan\/#breadcrumb\"},\"inLanguage\":\"de\",\"potentialAction\":[{\"@type\":\"ReadAction\",\"target\":[\"https:\/\/der-schulbedarf.shop\/produkt-des-monats\/produkt\/1000-gefahren-junior-disney-villains-ein-tierisch-guter-plan\/\"]}]},{\"@type\":\"ImageObject\",\"inLanguage\":\"de\",\"@id\":\"https:\/\/der-schulbedarf.shop\/produkt-des-monats\/produkt\/1000-gefahren-junior-disney-villains-ein-tierisch-guter-plan\/#primaryimage\",\"url\":\"https:\/\/der-schulbedarf.shop\/wp-content\/uploads\/2023\/06\/49698-720x380-1.webp\",\"contentUrl\":\"https:\/\/der-schulbedarf.shop\/wp-content\/uploads\/2023\/06\/49698-720x380-1.webp\",\"width\":720,\"height\":380},{\"@type\":\"BreadcrumbList\",\"@id\":\"https:\/\/der-schulbedarf.shop\/produkt-des-monats\/produkt\/1000-gefahren-junior-disney-villains-ein-tierisch-guter-plan\/#breadcrumb\",\"itemListElement\":[{\"@type\":\"ListItem\",\"position\":1,\"name\":\"Shop\",\"item\":\"https:\/\/der-schulbedarf.shop\/produkt-des-monats\/shop\/\"},{\"@type\":\"ListItem\",\"position\":2,\"name\":\"1000 Gefahren junior &#8211; Disney Villains: Ein tierisch guter Plan\"}]},{\"@type\":\"WebSite\",\"@id\":\"https:\/\/der-schulbedarf.shop\/produkt-des-monats\/#website\",\"url\":\"https:\/\/der-schulbedarf.shop\/produkt-des-monats\/\",\"name\":\"der-Schulbedarf.shop\",\"description\":\"\",\"publisher\":{\"@id\":\"https:\/\/der-schulbedarf.shop\/produkt-des-monats\/#organization\"},\"potentialAction\":[{\"@type\":\"SearchAction\",\"target\":{\"@type\":\"EntryPoint\",\"urlTemplate\":\"https:\/\/der-schulbedarf.shop\/produkt-des-monats\/?s={search_term_string}\"},\"query-input\":{\"@type\":\"PropertyValueSpecification\",\"valueRequired\":true,\"valueName\":\"search_term_string\"}}],\"inLanguage\":\"de\"},{\"@type\":\"Organization\",\"@id\":\"https:\/\/der-schulbedarf.shop\/produkt-des-monats\/#organization\",\"name\":\"der-Schulbedarf.shop\",\"url\":\"https:\/\/der-schulbedarf.shop\/produkt-des-monats\/\",\"logo\":{\"@type\":\"ImageObject\",\"inLanguage\":\"de\",\"@id\":\"https:\/\/der-schulbedarf.shop\/produkt-des-monats\/#\/schema\/logo\/image\/\",\"url\":\"https:\/\/der-schulbedarf.shop\/wp-content\/uploads\/2024\/02\/grafik-e1709551115899.png\",\"contentUrl\":\"https:\/\/der-schulbedarf.shop\/wp-content\/uploads\/2024\/02\/grafik-e1709551115899.png\",\"width\":80,\"height\":80,\"caption\":\"der-Schulbedarf.shop\"},\"image\":{\"@id\":\"https:\/\/der-schulbedarf.shop\/produkt-des-monats\/#\/schema\/logo\/image\/\"}}]}<\/script>\n<!-- \/ Yoast SEO plugin. -->","yoast_head_json":{"title":"1000 Gefahren junior - Disney Villains: Ein tierisch guter Plan - der-Schulbedarf.shop","description":"Disney Villains: Ein tierisch guter Plan. Spannende Abenteuer f\u00fcr Kinder ab 7 Jahren. Alarm! Einbrecher im Zoo, kleine Detektive l\u00f6sen alle F\u00e4lle.","robots":{"index":"index","follow":"follow","max-snippet":"max-snippet:-1","max-image-preview":"max-image-preview:large","max-video-preview":"max-video-preview:-1"},"canonical":"https:\/\/der-schulbedarf.shop\/produkt-des-monats\/produkt\/1000-gefahren-junior-disney-villains-ein-tierisch-guter-plan\/","og_locale":"de_DE","og_type":"article","og_title":"1000 Gefahren junior - Disney Villains: Ein tierisch guter Plan - der-Schulbedarf.shop","og_description":"Disney Villains: Ein tierisch guter Plan. Spannende Abenteuer f\u00fcr Kinder ab 7 Jahren. Alarm! Einbrecher im Zoo, kleine Detektive l\u00f6sen alle F\u00e4lle.","og_url":"https:\/\/der-schulbedarf.shop\/produkt-des-monats\/produkt\/1000-gefahren-junior-disney-villains-ein-tierisch-guter-plan\/","og_site_name":"der-Schulbedarf.shop","article_modified_time":"2025-07-03T12:46:41+00:00","og_image":[{"width":720,"height":380,"url":"https:\/\/der-schulbedarf.shop\/wp-content\/uploads\/2023\/06\/49698-720x380-1.webp","type":"image\/webp"}],"twitter_card":"summary_large_image","twitter_misc":{"Gesch\u00e4tzte Lesezeit":"2\u00a0Minuten"},"schema":{"@context":"https:\/\/schema.org","@graph":[{"@type":"WebPage","@id":"https:\/\/der-schulbedarf.shop\/produkt-des-monats\/produkt\/1000-gefahren-junior-disney-villains-ein-tierisch-guter-plan\/","url":"https:\/\/der-schulbedarf.shop\/produkt-des-monats\/produkt\/1000-gefahren-junior-disney-villains-ein-tierisch-guter-plan\/","name":"1000 Gefahren junior - Disney Villains: Ein tierisch guter Plan - der-Schulbedarf.shop","isPartOf":{"@id":"https:\/\/der-schulbedarf.shop\/produkt-des-monats\/#website"},"primaryImageOfPage":{"@id":"https:\/\/der-schulbedarf.shop\/produkt-des-monats\/produkt\/1000-gefahren-junior-disney-villains-ein-tierisch-guter-plan\/#primaryimage"},"image":{"@id":"https:\/\/der-schulbedarf.shop\/produkt-des-monats\/produkt\/1000-gefahren-junior-disney-villains-ein-tierisch-guter-plan\/#primaryimage"},"thumbnailUrl":"https:\/\/der-schulbedarf.shop\/wp-content\/uploads\/2023\/06\/49698-720x380-1.webp","datePublished":"2023-06-15T12:37:49+00:00","dateModified":"2025-07-03T12:46:41+00:00","description":"Disney Villains: Ein tierisch guter Plan. Spannende Abenteuer f\u00fcr Kinder ab 7 Jahren. Alarm! Einbrecher im Zoo, kleine Detektive l\u00f6sen alle F\u00e4lle.","breadcrumb":{"@id":"https:\/\/der-schulbedarf.shop\/produkt-des-monats\/produkt\/1000-gefahren-junior-disney-villains-ein-tierisch-guter-plan\/#breadcrumb"},"inLanguage":"de","potentialAction":[{"@type":"ReadAction","target":["https:\/\/der-schulbedarf.shop\/produkt-des-monats\/produkt\/1000-gefahren-junior-disney-villains-ein-tierisch-guter-plan\/"]}]},{"@type":"ImageObject","inLanguage":"de","@id":"https:\/\/der-schulbedarf.shop\/produkt-des-monats\/produkt\/1000-gefahren-junior-disney-villains-ein-tierisch-guter-plan\/#primaryimage","url":"https:\/\/der-schulbedarf.shop\/wp-content\/uploads\/2023\/06\/49698-720x380-1.webp","contentUrl":"https:\/\/der-schulbedarf.shop\/wp-content\/uploads\/2023\/06\/49698-720x380-1.webp","width":720,"height":380},{"@type":"BreadcrumbList","@id":"https:\/\/der-schulbedarf.shop\/produkt-des-monats\/produkt\/1000-gefahren-junior-disney-villains-ein-tierisch-guter-plan\/#breadcrumb","itemListElement":[{"@type":"ListItem","position":1,"name":"Shop","item":"https:\/\/der-schulbedarf.shop\/produkt-des-monats\/shop\/"},{"@type":"ListItem","position":2,"name":"1000 Gefahren junior &#8211; Disney Villains: Ein tierisch guter Plan"}]},{"@type":"WebSite","@id":"https:\/\/der-schulbedarf.shop\/produkt-des-monats\/#website","url":"https:\/\/der-schulbedarf.shop\/produkt-des-monats\/","name":"der-Schulbedarf.shop","description":"","publisher":{"@id":"https:\/\/der-schulbedarf.shop\/produkt-des-monats\/#organization"},"potentialAction":[{"@type":"SearchAction","target":{"@type":"EntryPoint","urlTemplate":"https:\/\/der-schulbedarf.shop\/produkt-des-monats\/?s={search_term_string}"},"query-input":{"@type":"PropertyValueSpecification","valueRequired":true,"valueName":"search_term_string"}}],"inLanguage":"de"},{"@type":"Organization","@id":"https:\/\/der-schulbedarf.shop\/produkt-des-monats\/#organization","name":"der-Schulbedarf.shop","url":"https:\/\/der-schulbedarf.shop\/produkt-des-monats\/","logo":{"@type":"ImageObject","inLanguage":"de","@id":"https:\/\/der-schulbedarf.shop\/produkt-des-monats\/#\/schema\/logo\/image\/","url":"https:\/\/der-schulbedarf.shop\/wp-content\/uploads\/2024\/02\/grafik-e1709551115899.png","contentUrl":"https:\/\/der-schulbedarf.shop\/wp-content\/uploads\/2024\/02\/grafik-e1709551115899.png","width":80,"height":80,"caption":"der-Schulbedarf.shop"},"image":{"@id":"https:\/\/der-schulbedarf.shop\/produkt-des-monats\/#\/schema\/logo\/image\/"}}]}},"_links":{"self":[{"href":"https:\/\/der-schulbedarf.shop\/produkt-des-monats\/wp-json\/wp\/v2\/product\/2325","targetHints":{"allow":["GET"]}}],"collection":[{"href":"https:\/\/der-schulbedarf.shop\/produkt-des-monats\/wp-json\/wp\/v2\/product"}],"about":[{"href":"https:\/\/der-schulbedarf.shop\/produkt-des-monats\/wp-json\/wp\/v2\/types\/product"}],"replies":[{"embeddable":true,"href":"https:\/\/der-schulbedarf.shop\/produkt-des-monats\/wp-json\/wp\/v2\/comments?post=2325"}],"wp:featuredmedia":[{"embeddable":true,"href":"https:\/\/der-schulbedarf.shop\/produkt-des-monats\/wp-json\/wp\/v2\/media\/2795"}],"wp:attachment":[{"href":"https:\/\/der-schulbedarf.shop\/produkt-des-monats\/wp-json\/wp\/v2\/media?parent=2325"}],"wp:term":[{"taxonomy":"product_cat","embeddable":true,"href":"https:\/\/der-schulbedarf.shop\/produkt-des-monats\/wp-json\/wp\/v2\/product_cat?post=2325"},{"taxonomy":"product_tag","embeddable":true,"href":"https:\/\/der-schulbedarf.shop\/produkt-des-monats\/wp-json\/wp\/v2\/product_tag?post=2325"}],"curies":[{"name":"wp","href":"https:\/\/api.w.org\/{rel}","templated":true}]}}