{"id":2330,"date":"2023-06-15T12:34:47","date_gmt":"2023-06-15T12:34:47","guid":{"rendered":"https:\/\/der-schulbedarf.Shop\/?post_type=product&#038;p=2330"},"modified":"2024-11-27T11:48:09","modified_gmt":"2024-11-27T11:48:09","slug":"dino-ranch-kleiner-dino-grosses-chaos","status":"publish","type":"product","link":"https:\/\/der-schulbedarf.shop\/produkt-des-monats\/produkt\/dino-ranch-kleiner-dino-grosses-chaos\/","title":{"rendered":"Dino Ranch: Kleiner Dino, gro\u00dfes Chaos"},"content":{"rendered":"<p>Mit der Dino Ranch spielerisch lesen lernen ab 5 Jahren<\/p>\n<p>Auf der Dino Ranch geht&#8217;s rund: Die Kinder Jon, Min und Miguel finden ein verlassenes Dino-Ei. Als der Baby-Dino schl\u00fcpft, nehmen sich die drei des Kleinen an und werden dabei vor so manch eine Herausforderung gestellt. Doch gemeinsam schaffen sie alles! \u201eGemeinsam\u201c ist ein gutes Stichwort, denn in diesem Buch ersetzen Bilder die Hauptw\u00f6rter, sodass bereits Vorschulkinder mitlesen k\u00f6nnen \u2013 spa\u00dfige Lesezeit garantiert!<\/p>\n<p>Dieses Buch lesen Kinder im Vorschulalter und Erwachsene im Team! Bilder ersetzen die Substantive, sodass M\u00e4dchen und Jungen ab 5 Jahren leicht in den Leseprozess einbezogen werden und ganz einfach \u201emitlesen\u201c k\u00f6nnen. Durch die Bilder im Text lernen die Kinder, den Zeilen zu folgen. Und so bekommen auf diese Weise ganz spielerisch ein erstes Gef\u00fchl f\u00fcr das Lesen. So werden aus Kindergartenkindern im Handumdrehen Leseanf\u00e4nger:innen und aus Vorlesestunden gemeinsame Leseerlebnisse.<\/p>\n<p>&nbsp;<\/p>\n","protected":false},"excerpt":{"rendered":"<p>Mit der Dino Ranch spielerisch lesen lernen ab 5 Jahren<\/p>\n<p>Auf der Dino Ranch geht&#8217;s rund: Die Kinder Jon, Min und Miguel finden ein verlassenes Dino-Ei! Als der Baby-Dino schl\u00fcpft, nehmen sich die drei des Kleinen an und werden dabei vor so manch eine Herausforderung gestellt. Doch gemeinsam schaffen sie alles! \u201eGemeinsam\u201c ist ein gutes Stichwort, denn in diesem Buch ersetzen Bilder die Hauptw\u00f6rter, sodass bereits Vorschulkinder mitlesen k\u00f6nnen \u2013 spa\u00dfige Lesezeit garantiert!<\/p>\n","protected":false},"featured_media":2791,"comment_status":"open","ping_status":"closed","template":"","meta":[],"product_cat":[224,915,944,225],"product_tag":[111,107,200,201,115,114,113,198,181],"class_list":{"0":"post-2330","1":"product","2":"type-product","3":"status-publish","4":"has-post-thumbnail","6":"product_cat-kinderbuecher","7":"product_cat-produkt-feeds","8":"product_cat-produktzufuehrung-geizhal","9":"product_cat-ravensburger-kinderbuecher","10":"product_tag-beschaeftigung","11":"product_tag-beschaeftigung-kinder","12":"product_tag-buch","13":"product_tag-buecher","14":"product_tag-fuer-jungen","15":"product_tag-fuer-maedchen","16":"product_tag-geschenk","17":"product_tag-kinderbuch","18":"product_tag-kinderbuecher","19":"post","20":"post-with-thumbnail","21":"post-with-thumbnail-large","23":"first","24":"instock","25":"taxable","26":"shipping-taxable","27":"purchasable","28":"product-type-simple"},"yoast_head":"<!-- This site is optimized with the Yoast SEO plugin v26.6 - https:\/\/yoast.com\/wordpress\/plugins\/seo\/ -->\n<title>Dino Ranch: Kleiner Dino, gro\u00dfes Chaos - der-Schulbedarf.shop<\/title>\n<meta name=\"description\" content=\"Dino Ranch: Kleiner Dino gro\u00dfes Chaos. Spannende Abenteuer auf der Dino Ranch. F\u00fcr Kinder ab 5 Jahren. Spielerisch Lesen lernen. Von P\u00e4dagogen entwickelt.\" \/>\n<meta name=\"robots\" content=\"index, follow, max-snippet:-1, max-image-preview:large, max-video-preview:-1\" \/>\n<link rel=\"canonical\" href=\"https:\/\/der-schulbedarf.shop\/produkt-des-monats\/produkt\/dino-ranch-kleiner-dino-grosses-chaos\/\" \/>\n<meta property=\"og:locale\" content=\"de_DE\" \/>\n<meta property=\"og:type\" content=\"article\" \/>\n<meta property=\"og:title\" content=\"Dino Ranch: Kleiner Dino, gro\u00dfes Chaos - der-Schulbedarf.shop\" \/>\n<meta property=\"og:description\" content=\"Dino Ranch: Kleiner Dino gro\u00dfes Chaos. Spannende Abenteuer auf der Dino Ranch. F\u00fcr Kinder ab 5 Jahren. Spielerisch Lesen lernen. Von P\u00e4dagogen entwickelt.\" \/>\n<meta property=\"og:url\" content=\"https:\/\/der-schulbedarf.shop\/produkt-des-monats\/produkt\/dino-ranch-kleiner-dino-grosses-chaos\/\" \/>\n<meta property=\"og:site_name\" content=\"der-Schulbedarf.shop\" \/>\n<meta property=\"article:modified_time\" content=\"2024-11-27T11:48:09+00:00\" \/>\n<meta property=\"og:image\" content=\"https:\/\/der-schulbedarf.shop\/wp-content\/uploads\/2023\/06\/49733-720x380-1.webp\" \/>\n\t<meta property=\"og:image:width\" content=\"720\" \/>\n\t<meta property=\"og:image:height\" content=\"380\" \/>\n\t<meta property=\"og:image:type\" content=\"image\/webp\" \/>\n<meta name=\"twitter:card\" content=\"summary_large_image\" \/>\n<meta name=\"twitter:label1\" content=\"Gesch\u00e4tzte Lesezeit\" \/>\n\t<meta name=\"twitter:data1\" content=\"1\u00a0Minute\" \/>\n<script type=\"application\/ld+json\" class=\"yoast-schema-graph\">{\"@context\":\"https:\/\/schema.org\",\"@graph\":[{\"@type\":\"WebPage\",\"@id\":\"https:\/\/der-schulbedarf.shop\/produkt-des-monats\/produkt\/dino-ranch-kleiner-dino-grosses-chaos\/\",\"url\":\"https:\/\/der-schulbedarf.shop\/produkt-des-monats\/produkt\/dino-ranch-kleiner-dino-grosses-chaos\/\",\"name\":\"Dino Ranch: Kleiner Dino, gro\u00dfes Chaos - der-Schulbedarf.shop\",\"isPartOf\":{\"@id\":\"https:\/\/der-schulbedarf.shop\/produkt-des-monats\/#website\"},\"primaryImageOfPage\":{\"@id\":\"https:\/\/der-schulbedarf.shop\/produkt-des-monats\/produkt\/dino-ranch-kleiner-dino-grosses-chaos\/#primaryimage\"},\"image\":{\"@id\":\"https:\/\/der-schulbedarf.shop\/produkt-des-monats\/produkt\/dino-ranch-kleiner-dino-grosses-chaos\/#primaryimage\"},\"thumbnailUrl\":\"https:\/\/der-schulbedarf.shop\/wp-content\/uploads\/2023\/06\/49733-720x380-1.webp\",\"datePublished\":\"2023-06-15T12:34:47+00:00\",\"dateModified\":\"2024-11-27T11:48:09+00:00\",\"description\":\"Dino Ranch: Kleiner Dino gro\u00dfes Chaos. Spannende Abenteuer auf der Dino Ranch. F\u00fcr Kinder ab 5 Jahren. Spielerisch Lesen lernen. Von P\u00e4dagogen entwickelt.\",\"breadcrumb\":{\"@id\":\"https:\/\/der-schulbedarf.shop\/produkt-des-monats\/produkt\/dino-ranch-kleiner-dino-grosses-chaos\/#breadcrumb\"},\"inLanguage\":\"de\",\"potentialAction\":[{\"@type\":\"ReadAction\",\"target\":[\"https:\/\/der-schulbedarf.shop\/produkt-des-monats\/produkt\/dino-ranch-kleiner-dino-grosses-chaos\/\"]}]},{\"@type\":\"ImageObject\",\"inLanguage\":\"de\",\"@id\":\"https:\/\/der-schulbedarf.shop\/produkt-des-monats\/produkt\/dino-ranch-kleiner-dino-grosses-chaos\/#primaryimage\",\"url\":\"https:\/\/der-schulbedarf.shop\/wp-content\/uploads\/2023\/06\/49733-720x380-1.webp\",\"contentUrl\":\"https:\/\/der-schulbedarf.shop\/wp-content\/uploads\/2023\/06\/49733-720x380-1.webp\",\"width\":720,\"height\":380},{\"@type\":\"BreadcrumbList\",\"@id\":\"https:\/\/der-schulbedarf.shop\/produkt-des-monats\/produkt\/dino-ranch-kleiner-dino-grosses-chaos\/#breadcrumb\",\"itemListElement\":[{\"@type\":\"ListItem\",\"position\":1,\"name\":\"Shop\",\"item\":\"https:\/\/der-schulbedarf.shop\/produkt-des-monats\/shop\/\"},{\"@type\":\"ListItem\",\"position\":2,\"name\":\"Dino Ranch: Kleiner Dino, gro\u00dfes Chaos\"}]},{\"@type\":\"WebSite\",\"@id\":\"https:\/\/der-schulbedarf.shop\/produkt-des-monats\/#website\",\"url\":\"https:\/\/der-schulbedarf.shop\/produkt-des-monats\/\",\"name\":\"der-Schulbedarf.shop\",\"description\":\"\",\"publisher\":{\"@id\":\"https:\/\/der-schulbedarf.shop\/produkt-des-monats\/#organization\"},\"potentialAction\":[{\"@type\":\"SearchAction\",\"target\":{\"@type\":\"EntryPoint\",\"urlTemplate\":\"https:\/\/der-schulbedarf.shop\/produkt-des-monats\/?s={search_term_string}\"},\"query-input\":{\"@type\":\"PropertyValueSpecification\",\"valueRequired\":true,\"valueName\":\"search_term_string\"}}],\"inLanguage\":\"de\"},{\"@type\":\"Organization\",\"@id\":\"https:\/\/der-schulbedarf.shop\/produkt-des-monats\/#organization\",\"name\":\"der-Schulbedarf.shop\",\"url\":\"https:\/\/der-schulbedarf.shop\/produkt-des-monats\/\",\"logo\":{\"@type\":\"ImageObject\",\"inLanguage\":\"de\",\"@id\":\"https:\/\/der-schulbedarf.shop\/produkt-des-monats\/#\/schema\/logo\/image\/\",\"url\":\"https:\/\/der-schulbedarf.shop\/wp-content\/uploads\/2024\/02\/grafik-e1709551115899.png\",\"contentUrl\":\"https:\/\/der-schulbedarf.shop\/wp-content\/uploads\/2024\/02\/grafik-e1709551115899.png\",\"width\":80,\"height\":80,\"caption\":\"der-Schulbedarf.shop\"},\"image\":{\"@id\":\"https:\/\/der-schulbedarf.shop\/produkt-des-monats\/#\/schema\/logo\/image\/\"}}]}<\/script>\n<!-- \/ Yoast SEO plugin. -->","yoast_head_json":{"title":"Dino Ranch: Kleiner Dino, gro\u00dfes Chaos - der-Schulbedarf.shop","description":"Dino Ranch: Kleiner Dino gro\u00dfes Chaos. Spannende Abenteuer auf der Dino Ranch. F\u00fcr Kinder ab 5 Jahren. Spielerisch Lesen lernen. Von P\u00e4dagogen entwickelt.","robots":{"index":"index","follow":"follow","max-snippet":"max-snippet:-1","max-image-preview":"max-image-preview:large","max-video-preview":"max-video-preview:-1"},"canonical":"https:\/\/der-schulbedarf.shop\/produkt-des-monats\/produkt\/dino-ranch-kleiner-dino-grosses-chaos\/","og_locale":"de_DE","og_type":"article","og_title":"Dino Ranch: Kleiner Dino, gro\u00dfes Chaos - der-Schulbedarf.shop","og_description":"Dino Ranch: Kleiner Dino gro\u00dfes Chaos. Spannende Abenteuer auf der Dino Ranch. F\u00fcr Kinder ab 5 Jahren. Spielerisch Lesen lernen. Von P\u00e4dagogen entwickelt.","og_url":"https:\/\/der-schulbedarf.shop\/produkt-des-monats\/produkt\/dino-ranch-kleiner-dino-grosses-chaos\/","og_site_name":"der-Schulbedarf.shop","article_modified_time":"2024-11-27T11:48:09+00:00","og_image":[{"width":720,"height":380,"url":"https:\/\/der-schulbedarf.shop\/wp-content\/uploads\/2023\/06\/49733-720x380-1.webp","type":"image\/webp"}],"twitter_card":"summary_large_image","twitter_misc":{"Gesch\u00e4tzte Lesezeit":"1\u00a0Minute"},"schema":{"@context":"https:\/\/schema.org","@graph":[{"@type":"WebPage","@id":"https:\/\/der-schulbedarf.shop\/produkt-des-monats\/produkt\/dino-ranch-kleiner-dino-grosses-chaos\/","url":"https:\/\/der-schulbedarf.shop\/produkt-des-monats\/produkt\/dino-ranch-kleiner-dino-grosses-chaos\/","name":"Dino Ranch: Kleiner Dino, gro\u00dfes Chaos - der-Schulbedarf.shop","isPartOf":{"@id":"https:\/\/der-schulbedarf.shop\/produkt-des-monats\/#website"},"primaryImageOfPage":{"@id":"https:\/\/der-schulbedarf.shop\/produkt-des-monats\/produkt\/dino-ranch-kleiner-dino-grosses-chaos\/#primaryimage"},"image":{"@id":"https:\/\/der-schulbedarf.shop\/produkt-des-monats\/produkt\/dino-ranch-kleiner-dino-grosses-chaos\/#primaryimage"},"thumbnailUrl":"https:\/\/der-schulbedarf.shop\/wp-content\/uploads\/2023\/06\/49733-720x380-1.webp","datePublished":"2023-06-15T12:34:47+00:00","dateModified":"2024-11-27T11:48:09+00:00","description":"Dino Ranch: Kleiner Dino gro\u00dfes Chaos. Spannende Abenteuer auf der Dino Ranch. F\u00fcr Kinder ab 5 Jahren. Spielerisch Lesen lernen. Von P\u00e4dagogen entwickelt.","breadcrumb":{"@id":"https:\/\/der-schulbedarf.shop\/produkt-des-monats\/produkt\/dino-ranch-kleiner-dino-grosses-chaos\/#breadcrumb"},"inLanguage":"de","potentialAction":[{"@type":"ReadAction","target":["https:\/\/der-schulbedarf.shop\/produkt-des-monats\/produkt\/dino-ranch-kleiner-dino-grosses-chaos\/"]}]},{"@type":"ImageObject","inLanguage":"de","@id":"https:\/\/der-schulbedarf.shop\/produkt-des-monats\/produkt\/dino-ranch-kleiner-dino-grosses-chaos\/#primaryimage","url":"https:\/\/der-schulbedarf.shop\/wp-content\/uploads\/2023\/06\/49733-720x380-1.webp","contentUrl":"https:\/\/der-schulbedarf.shop\/wp-content\/uploads\/2023\/06\/49733-720x380-1.webp","width":720,"height":380},{"@type":"BreadcrumbList","@id":"https:\/\/der-schulbedarf.shop\/produkt-des-monats\/produkt\/dino-ranch-kleiner-dino-grosses-chaos\/#breadcrumb","itemListElement":[{"@type":"ListItem","position":1,"name":"Shop","item":"https:\/\/der-schulbedarf.shop\/produkt-des-monats\/shop\/"},{"@type":"ListItem","position":2,"name":"Dino Ranch: Kleiner Dino, gro\u00dfes Chaos"}]},{"@type":"WebSite","@id":"https:\/\/der-schulbedarf.shop\/produkt-des-monats\/#website","url":"https:\/\/der-schulbedarf.shop\/produkt-des-monats\/","name":"der-Schulbedarf.shop","description":"","publisher":{"@id":"https:\/\/der-schulbedarf.shop\/produkt-des-monats\/#organization"},"potentialAction":[{"@type":"SearchAction","target":{"@type":"EntryPoint","urlTemplate":"https:\/\/der-schulbedarf.shop\/produkt-des-monats\/?s={search_term_string}"},"query-input":{"@type":"PropertyValueSpecification","valueRequired":true,"valueName":"search_term_string"}}],"inLanguage":"de"},{"@type":"Organization","@id":"https:\/\/der-schulbedarf.shop\/produkt-des-monats\/#organization","name":"der-Schulbedarf.shop","url":"https:\/\/der-schulbedarf.shop\/produkt-des-monats\/","logo":{"@type":"ImageObject","inLanguage":"de","@id":"https:\/\/der-schulbedarf.shop\/produkt-des-monats\/#\/schema\/logo\/image\/","url":"https:\/\/der-schulbedarf.shop\/wp-content\/uploads\/2024\/02\/grafik-e1709551115899.png","contentUrl":"https:\/\/der-schulbedarf.shop\/wp-content\/uploads\/2024\/02\/grafik-e1709551115899.png","width":80,"height":80,"caption":"der-Schulbedarf.shop"},"image":{"@id":"https:\/\/der-schulbedarf.shop\/produkt-des-monats\/#\/schema\/logo\/image\/"}}]}},"_links":{"self":[{"href":"https:\/\/der-schulbedarf.shop\/produkt-des-monats\/wp-json\/wp\/v2\/product\/2330","targetHints":{"allow":["GET"]}}],"collection":[{"href":"https:\/\/der-schulbedarf.shop\/produkt-des-monats\/wp-json\/wp\/v2\/product"}],"about":[{"href":"https:\/\/der-schulbedarf.shop\/produkt-des-monats\/wp-json\/wp\/v2\/types\/product"}],"replies":[{"embeddable":true,"href":"https:\/\/der-schulbedarf.shop\/produkt-des-monats\/wp-json\/wp\/v2\/comments?post=2330"}],"wp:featuredmedia":[{"embeddable":true,"href":"https:\/\/der-schulbedarf.shop\/produkt-des-monats\/wp-json\/wp\/v2\/media\/2791"}],"wp:attachment":[{"href":"https:\/\/der-schulbedarf.shop\/produkt-des-monats\/wp-json\/wp\/v2\/media?parent=2330"}],"wp:term":[{"taxonomy":"product_cat","embeddable":true,"href":"https:\/\/der-schulbedarf.shop\/produkt-des-monats\/wp-json\/wp\/v2\/product_cat?post=2330"},{"taxonomy":"product_tag","embeddable":true,"href":"https:\/\/der-schulbedarf.shop\/produkt-des-monats\/wp-json\/wp\/v2\/product_tag?post=2330"}],"curies":[{"name":"wp","href":"https:\/\/api.w.org\/{rel}","templated":true}]}}