{"id":2335,"date":"2023-06-15T12:31:45","date_gmt":"2023-06-15T12:31:45","guid":{"rendered":"https:\/\/der-schulbedarf.Shop\/?post_type=product&#038;p=2335"},"modified":"2024-11-27T11:48:59","modified_gmt":"2024-11-27T11:48:59","slug":"disney-magischer-adventskalender-zum-lesenlernen","status":"publish","type":"product","link":"https:\/\/der-schulbedarf.shop\/produkt-des-monats\/produkt\/disney-magischer-adventskalender-zum-lesenlernen\/","title":{"rendered":"Disney: Magischer Adventskalender zum Lesenlernen"},"content":{"rendered":"<p>So macht das Warten Spa\u00df: ein Advent voller Disney-Zauber<\/p>\n<p>In 24 kurzen Kapiteln begleiten die Disney-Lieblinge Kinder ab 7 Jahren durch die Adventszeit. Aufgeteilt in zw\u00f6lf kurze Geschichten und zw\u00f6lf spielerische R\u00e4tsel, k\u00f6nnen Erstleserinnen und Erstleser dieses Buch bereits ganz allein lesen. Jeden Tag meistern sie ein neues Kapitel und entdecken dabei spielerisch den Spa\u00df am Lesen und Schreiben. Die Geschichten rund um die geliebten Heldinnen und Helden aus Toy Story, Cars, Arielle, u.v.m. sind mal lustig, mal spannend und immer einfach magisch.<\/p>\n<p>Die kurzen Texte, einfachen S\u00e4tze und die gro\u00dfe Schrift sind ideal zum Lesenlernen. Die R\u00e4tsel zwischendurch sorgen f\u00fcr spielerische Abwechslung und f\u00f6rdern nebenbei Kreativit\u00e4t und Schreibkompetenz. Ein Adventskalender, der Kindern und Eltern Freude bereitet.<\/p>\n<p>&nbsp;<\/p>\n<p>&nbsp;<\/p>\n","protected":false},"excerpt":{"rendered":"<p>So macht das Warten Spa\u00df: ein Advent voller Disney-Zauber<\/p>\n<p>In 24 kurzen Kapiteln begleiten die Disney-Lieblinge Kinder ab 7 Jahren durch die Adventszeit. Aufgeteilt in zw\u00f6lf kurze Geschichten und zw\u00f6lf spielerische R\u00e4tsel, k\u00f6nnen Erstleserinnen und Erstleser dieses Buch bereits ganz allein lesen. Jeden Tag meistern sie ein neues Kapitel und entdecken dabei spielerisch den Spa\u00df am Lesen und Schreiben. Die Geschichten rund um die geliebten Heldinnen und Helden aus Toy Story, Cars, Arielle, u.v.m. sind mal lustig, mal spannend und immer einfach magisch.<\/p>\n","protected":false},"featured_media":2789,"comment_status":"open","ping_status":"closed","template":"","meta":[],"product_cat":[224,915,944,225],"product_tag":[111,107,200,201,115,114,210,198,181],"class_list":{"0":"post-2335","1":"product","2":"type-product","3":"status-publish","4":"has-post-thumbnail","6":"product_cat-kinderbuecher","7":"product_cat-produkt-feeds","8":"product_cat-produktzufuehrung-geizhal","9":"product_cat-ravensburger-kinderbuecher","10":"product_tag-beschaeftigung","11":"product_tag-beschaeftigung-kinder","12":"product_tag-buch","13":"product_tag-buecher","14":"product_tag-fuer-jungen","15":"product_tag-fuer-maedchen","16":"product_tag-geschenk-kinder","17":"product_tag-kinderbuch","18":"product_tag-kinderbuecher","19":"post","20":"post-with-thumbnail","21":"post-with-thumbnail-large","23":"first","24":"instock","25":"taxable","26":"shipping-taxable","27":"purchasable","28":"product-type-simple"},"yoast_head":"<!-- This site is optimized with the Yoast SEO plugin v26.6 - https:\/\/yoast.com\/wordpress\/plugins\/seo\/ -->\n<title>Disney: Magischer Adventskalender zum Lesenlernen - der-Schulbedarf.shop<\/title>\n<meta name=\"description\" content=\"Disney: Magischer Adventskalender zum Lesenlernen. Kinder ab 7 Jahren. 24 Kapitel f\u00fchren Kinder mit ihren Helden Toy Story, Cars, u.v.m. durch den Advent.\" \/>\n<meta name=\"robots\" content=\"index, follow, max-snippet:-1, max-image-preview:large, max-video-preview:-1\" \/>\n<link rel=\"canonical\" href=\"https:\/\/der-schulbedarf.shop\/produkt-des-monats\/produkt\/disney-magischer-adventskalender-zum-lesenlernen\/\" \/>\n<meta property=\"og:locale\" content=\"de_DE\" \/>\n<meta property=\"og:type\" content=\"article\" \/>\n<meta property=\"og:title\" content=\"Disney: Magischer Adventskalender zum Lesenlernen - der-Schulbedarf.shop\" \/>\n<meta property=\"og:description\" content=\"Disney: Magischer Adventskalender zum Lesenlernen. Kinder ab 7 Jahren. 24 Kapitel f\u00fchren Kinder mit ihren Helden Toy Story, Cars, u.v.m. durch den Advent.\" \/>\n<meta property=\"og:url\" content=\"https:\/\/der-schulbedarf.shop\/produkt-des-monats\/produkt\/disney-magischer-adventskalender-zum-lesenlernen\/\" \/>\n<meta property=\"og:site_name\" content=\"der-Schulbedarf.shop\" \/>\n<meta property=\"article:modified_time\" content=\"2024-11-27T11:48:59+00:00\" \/>\n<meta property=\"og:image\" content=\"https:\/\/der-schulbedarf.shop\/wp-content\/uploads\/2023\/06\/49746-720x380-1.webp\" \/>\n\t<meta property=\"og:image:width\" content=\"720\" \/>\n\t<meta property=\"og:image:height\" content=\"380\" \/>\n\t<meta property=\"og:image:type\" content=\"image\/webp\" \/>\n<meta name=\"twitter:card\" content=\"summary_large_image\" \/>\n<meta name=\"twitter:label1\" content=\"Gesch\u00e4tzte Lesezeit\" \/>\n\t<meta name=\"twitter:data1\" content=\"1\u00a0Minute\" \/>\n<script type=\"application\/ld+json\" class=\"yoast-schema-graph\">{\"@context\":\"https:\/\/schema.org\",\"@graph\":[{\"@type\":\"WebPage\",\"@id\":\"https:\/\/der-schulbedarf.shop\/produkt-des-monats\/produkt\/disney-magischer-adventskalender-zum-lesenlernen\/\",\"url\":\"https:\/\/der-schulbedarf.shop\/produkt-des-monats\/produkt\/disney-magischer-adventskalender-zum-lesenlernen\/\",\"name\":\"Disney: Magischer Adventskalender zum Lesenlernen - der-Schulbedarf.shop\",\"isPartOf\":{\"@id\":\"https:\/\/der-schulbedarf.shop\/produkt-des-monats\/#website\"},\"primaryImageOfPage\":{\"@id\":\"https:\/\/der-schulbedarf.shop\/produkt-des-monats\/produkt\/disney-magischer-adventskalender-zum-lesenlernen\/#primaryimage\"},\"image\":{\"@id\":\"https:\/\/der-schulbedarf.shop\/produkt-des-monats\/produkt\/disney-magischer-adventskalender-zum-lesenlernen\/#primaryimage\"},\"thumbnailUrl\":\"https:\/\/der-schulbedarf.shop\/wp-content\/uploads\/2023\/06\/49746-720x380-1.webp\",\"datePublished\":\"2023-06-15T12:31:45+00:00\",\"dateModified\":\"2024-11-27T11:48:59+00:00\",\"description\":\"Disney: Magischer Adventskalender zum Lesenlernen. Kinder ab 7 Jahren. 24 Kapitel f\u00fchren Kinder mit ihren Helden Toy Story, Cars, u.v.m. durch den Advent.\",\"breadcrumb\":{\"@id\":\"https:\/\/der-schulbedarf.shop\/produkt-des-monats\/produkt\/disney-magischer-adventskalender-zum-lesenlernen\/#breadcrumb\"},\"inLanguage\":\"de\",\"potentialAction\":[{\"@type\":\"ReadAction\",\"target\":[\"https:\/\/der-schulbedarf.shop\/produkt-des-monats\/produkt\/disney-magischer-adventskalender-zum-lesenlernen\/\"]}]},{\"@type\":\"ImageObject\",\"inLanguage\":\"de\",\"@id\":\"https:\/\/der-schulbedarf.shop\/produkt-des-monats\/produkt\/disney-magischer-adventskalender-zum-lesenlernen\/#primaryimage\",\"url\":\"https:\/\/der-schulbedarf.shop\/wp-content\/uploads\/2023\/06\/49746-720x380-1.webp\",\"contentUrl\":\"https:\/\/der-schulbedarf.shop\/wp-content\/uploads\/2023\/06\/49746-720x380-1.webp\",\"width\":720,\"height\":380},{\"@type\":\"BreadcrumbList\",\"@id\":\"https:\/\/der-schulbedarf.shop\/produkt-des-monats\/produkt\/disney-magischer-adventskalender-zum-lesenlernen\/#breadcrumb\",\"itemListElement\":[{\"@type\":\"ListItem\",\"position\":1,\"name\":\"Shop\",\"item\":\"https:\/\/der-schulbedarf.shop\/produkt-des-monats\/shop\/\"},{\"@type\":\"ListItem\",\"position\":2,\"name\":\"Disney: Magischer Adventskalender zum Lesenlernen\"}]},{\"@type\":\"WebSite\",\"@id\":\"https:\/\/der-schulbedarf.shop\/produkt-des-monats\/#website\",\"url\":\"https:\/\/der-schulbedarf.shop\/produkt-des-monats\/\",\"name\":\"der-Schulbedarf.shop\",\"description\":\"\",\"publisher\":{\"@id\":\"https:\/\/der-schulbedarf.shop\/produkt-des-monats\/#organization\"},\"potentialAction\":[{\"@type\":\"SearchAction\",\"target\":{\"@type\":\"EntryPoint\",\"urlTemplate\":\"https:\/\/der-schulbedarf.shop\/produkt-des-monats\/?s={search_term_string}\"},\"query-input\":{\"@type\":\"PropertyValueSpecification\",\"valueRequired\":true,\"valueName\":\"search_term_string\"}}],\"inLanguage\":\"de\"},{\"@type\":\"Organization\",\"@id\":\"https:\/\/der-schulbedarf.shop\/produkt-des-monats\/#organization\",\"name\":\"der-Schulbedarf.shop\",\"url\":\"https:\/\/der-schulbedarf.shop\/produkt-des-monats\/\",\"logo\":{\"@type\":\"ImageObject\",\"inLanguage\":\"de\",\"@id\":\"https:\/\/der-schulbedarf.shop\/produkt-des-monats\/#\/schema\/logo\/image\/\",\"url\":\"https:\/\/der-schulbedarf.shop\/wp-content\/uploads\/2024\/02\/grafik-e1709551115899.png\",\"contentUrl\":\"https:\/\/der-schulbedarf.shop\/wp-content\/uploads\/2024\/02\/grafik-e1709551115899.png\",\"width\":80,\"height\":80,\"caption\":\"der-Schulbedarf.shop\"},\"image\":{\"@id\":\"https:\/\/der-schulbedarf.shop\/produkt-des-monats\/#\/schema\/logo\/image\/\"}}]}<\/script>\n<!-- \/ Yoast SEO plugin. -->","yoast_head_json":{"title":"Disney: Magischer Adventskalender zum Lesenlernen - der-Schulbedarf.shop","description":"Disney: Magischer Adventskalender zum Lesenlernen. Kinder ab 7 Jahren. 24 Kapitel f\u00fchren Kinder mit ihren Helden Toy Story, Cars, u.v.m. durch den Advent.","robots":{"index":"index","follow":"follow","max-snippet":"max-snippet:-1","max-image-preview":"max-image-preview:large","max-video-preview":"max-video-preview:-1"},"canonical":"https:\/\/der-schulbedarf.shop\/produkt-des-monats\/produkt\/disney-magischer-adventskalender-zum-lesenlernen\/","og_locale":"de_DE","og_type":"article","og_title":"Disney: Magischer Adventskalender zum Lesenlernen - der-Schulbedarf.shop","og_description":"Disney: Magischer Adventskalender zum Lesenlernen. Kinder ab 7 Jahren. 24 Kapitel f\u00fchren Kinder mit ihren Helden Toy Story, Cars, u.v.m. durch den Advent.","og_url":"https:\/\/der-schulbedarf.shop\/produkt-des-monats\/produkt\/disney-magischer-adventskalender-zum-lesenlernen\/","og_site_name":"der-Schulbedarf.shop","article_modified_time":"2024-11-27T11:48:59+00:00","og_image":[{"width":720,"height":380,"url":"https:\/\/der-schulbedarf.shop\/wp-content\/uploads\/2023\/06\/49746-720x380-1.webp","type":"image\/webp"}],"twitter_card":"summary_large_image","twitter_misc":{"Gesch\u00e4tzte Lesezeit":"1\u00a0Minute"},"schema":{"@context":"https:\/\/schema.org","@graph":[{"@type":"WebPage","@id":"https:\/\/der-schulbedarf.shop\/produkt-des-monats\/produkt\/disney-magischer-adventskalender-zum-lesenlernen\/","url":"https:\/\/der-schulbedarf.shop\/produkt-des-monats\/produkt\/disney-magischer-adventskalender-zum-lesenlernen\/","name":"Disney: Magischer Adventskalender zum Lesenlernen - der-Schulbedarf.shop","isPartOf":{"@id":"https:\/\/der-schulbedarf.shop\/produkt-des-monats\/#website"},"primaryImageOfPage":{"@id":"https:\/\/der-schulbedarf.shop\/produkt-des-monats\/produkt\/disney-magischer-adventskalender-zum-lesenlernen\/#primaryimage"},"image":{"@id":"https:\/\/der-schulbedarf.shop\/produkt-des-monats\/produkt\/disney-magischer-adventskalender-zum-lesenlernen\/#primaryimage"},"thumbnailUrl":"https:\/\/der-schulbedarf.shop\/wp-content\/uploads\/2023\/06\/49746-720x380-1.webp","datePublished":"2023-06-15T12:31:45+00:00","dateModified":"2024-11-27T11:48:59+00:00","description":"Disney: Magischer Adventskalender zum Lesenlernen. Kinder ab 7 Jahren. 24 Kapitel f\u00fchren Kinder mit ihren Helden Toy Story, Cars, u.v.m. durch den Advent.","breadcrumb":{"@id":"https:\/\/der-schulbedarf.shop\/produkt-des-monats\/produkt\/disney-magischer-adventskalender-zum-lesenlernen\/#breadcrumb"},"inLanguage":"de","potentialAction":[{"@type":"ReadAction","target":["https:\/\/der-schulbedarf.shop\/produkt-des-monats\/produkt\/disney-magischer-adventskalender-zum-lesenlernen\/"]}]},{"@type":"ImageObject","inLanguage":"de","@id":"https:\/\/der-schulbedarf.shop\/produkt-des-monats\/produkt\/disney-magischer-adventskalender-zum-lesenlernen\/#primaryimage","url":"https:\/\/der-schulbedarf.shop\/wp-content\/uploads\/2023\/06\/49746-720x380-1.webp","contentUrl":"https:\/\/der-schulbedarf.shop\/wp-content\/uploads\/2023\/06\/49746-720x380-1.webp","width":720,"height":380},{"@type":"BreadcrumbList","@id":"https:\/\/der-schulbedarf.shop\/produkt-des-monats\/produkt\/disney-magischer-adventskalender-zum-lesenlernen\/#breadcrumb","itemListElement":[{"@type":"ListItem","position":1,"name":"Shop","item":"https:\/\/der-schulbedarf.shop\/produkt-des-monats\/shop\/"},{"@type":"ListItem","position":2,"name":"Disney: Magischer Adventskalender zum Lesenlernen"}]},{"@type":"WebSite","@id":"https:\/\/der-schulbedarf.shop\/produkt-des-monats\/#website","url":"https:\/\/der-schulbedarf.shop\/produkt-des-monats\/","name":"der-Schulbedarf.shop","description":"","publisher":{"@id":"https:\/\/der-schulbedarf.shop\/produkt-des-monats\/#organization"},"potentialAction":[{"@type":"SearchAction","target":{"@type":"EntryPoint","urlTemplate":"https:\/\/der-schulbedarf.shop\/produkt-des-monats\/?s={search_term_string}"},"query-input":{"@type":"PropertyValueSpecification","valueRequired":true,"valueName":"search_term_string"}}],"inLanguage":"de"},{"@type":"Organization","@id":"https:\/\/der-schulbedarf.shop\/produkt-des-monats\/#organization","name":"der-Schulbedarf.shop","url":"https:\/\/der-schulbedarf.shop\/produkt-des-monats\/","logo":{"@type":"ImageObject","inLanguage":"de","@id":"https:\/\/der-schulbedarf.shop\/produkt-des-monats\/#\/schema\/logo\/image\/","url":"https:\/\/der-schulbedarf.shop\/wp-content\/uploads\/2024\/02\/grafik-e1709551115899.png","contentUrl":"https:\/\/der-schulbedarf.shop\/wp-content\/uploads\/2024\/02\/grafik-e1709551115899.png","width":80,"height":80,"caption":"der-Schulbedarf.shop"},"image":{"@id":"https:\/\/der-schulbedarf.shop\/produkt-des-monats\/#\/schema\/logo\/image\/"}}]}},"_links":{"self":[{"href":"https:\/\/der-schulbedarf.shop\/produkt-des-monats\/wp-json\/wp\/v2\/product\/2335","targetHints":{"allow":["GET"]}}],"collection":[{"href":"https:\/\/der-schulbedarf.shop\/produkt-des-monats\/wp-json\/wp\/v2\/product"}],"about":[{"href":"https:\/\/der-schulbedarf.shop\/produkt-des-monats\/wp-json\/wp\/v2\/types\/product"}],"replies":[{"embeddable":true,"href":"https:\/\/der-schulbedarf.shop\/produkt-des-monats\/wp-json\/wp\/v2\/comments?post=2335"}],"wp:featuredmedia":[{"embeddable":true,"href":"https:\/\/der-schulbedarf.shop\/produkt-des-monats\/wp-json\/wp\/v2\/media\/2789"}],"wp:attachment":[{"href":"https:\/\/der-schulbedarf.shop\/produkt-des-monats\/wp-json\/wp\/v2\/media?parent=2335"}],"wp:term":[{"taxonomy":"product_cat","embeddable":true,"href":"https:\/\/der-schulbedarf.shop\/produkt-des-monats\/wp-json\/wp\/v2\/product_cat?post=2335"},{"taxonomy":"product_tag","embeddable":true,"href":"https:\/\/der-schulbedarf.shop\/produkt-des-monats\/wp-json\/wp\/v2\/product_tag?post=2335"}],"curies":[{"name":"wp","href":"https:\/\/api.w.org\/{rel}","templated":true}]}}