{"id":2338,"date":"2023-06-15T12:29:07","date_gmt":"2023-06-15T12:29:07","guid":{"rendered":"https:\/\/der-schulbedarf.Shop\/?post_type=product&#038;p=2338"},"modified":"2025-07-03T12:46:41","modified_gmt":"2025-07-03T12:46:41","slug":"1000-gefahren-junior-disney-villains-der-fluch-der-boesen-fee","status":"publish","type":"product","link":"https:\/\/der-schulbedarf.shop\/produkt-des-monats\/produkt\/1000-gefahren-junior-disney-villains-der-fluch-der-boesen-fee\/","title":{"rendered":"1000 Gefahren junior &#8211; Disney Villains: Der Fluch der b\u00f6sen Fee"},"content":{"rendered":"<p>1000 Gefahren &#8211; 1000 Abenteuer mit Disney&#8217;s Maleficent!<\/p>\n<p>Jetzt bist du dran! Du bist die Hauptfigur. Entscheide selbst, wie die Geschichte weitergeht. Die k\u00f6nigliche Familie schmei\u00dft eine gro\u00dfe Party im Schloss. Auch du bist eingeladen. Ein ungebetener Gast st\u00f6rt das Fest: Malefiz, die b\u00f6se Fee! Sie entf\u00fchrt den Prinzen und verwandelt alle anderen G\u00e4ste in Stein. Jetzt liegt es an dir: Rettest du den Prinzen oder hilfst du zuerst den Menschen im Schloss? Wenn du m\u00f6chtest, dass dein Weg dich zu Maleficents dunklem Schloss f\u00fchrt, lies weiter auf Seite&#8230;<\/p>\n<p>Die beliebte Kinderbuchreihe \u201e1000 Gefahren. Du entscheidest selbst!\u201c jetzt endlich auch f\u00fcr Erstleser! Jeder Weg f\u00fchrt dich in ein neues Abenteuer. Welchen Weg w\u00e4hlst du? Welcher Spur folgst du? Endet deine Geschichte jetzt? Ein ganz besonderes R\u00e4tsel- und Entscheidungsbuch f\u00fcr Kinder! Mit farbigen Bildern und Fibeln &#8211; perfekt f\u00fcr Einsteiger ab 7 Jahren.<\/p>\n<p>Band 1: Abgefahrenes Spiel im Dinopark, Band 2: Aufruhr in der Ritterburg, Band 3: Das Geheimnis der Pirateninsel, Band 4: Hei\u00dfe Spur im Wilden Westen, Band 5: Disney Villains: Chaos auf dem Korallenfest, Band 6: Disney-Schurken: Ein biestig guter Plan<\/p>\n<p>\u00dcbersetzt mit DeepL.com (kostenlose Version)<\/p>\n","protected":false},"excerpt":{"rendered":"<p><span style=\"vertical-align: inherit;\"><span style=\"vertical-align: inherit;\">Now it is your turn! <\/span><span style=\"vertical-align: inherit;\">You are the main character. <\/span><span style=\"vertical-align: inherit;\">Decide for yourself how the story develops. <\/span><span style=\"vertical-align: inherit;\">The royal family throws a big party at the castle. <\/span><span style=\"vertical-align: inherit;\">You are invited too. <\/span><span style=\"vertical-align: inherit;\">An uninvited guest breaks up the party: Malefiz, the evil fairy! <\/span><span style=\"vertical-align: inherit;\">She kidnaps the prince and turns all other guests to stone. <\/span><span style=\"vertical-align: inherit;\">Now it&#8217;s up to you: do you save the prince or do you help the people in the castle first? <\/span><span style=\"vertical-align: inherit;\">If you want your path to lead you to Maleficent&#8217;s dark castle, continue reading on page&#8230;<\/span><\/span><\/p>\n","protected":false},"featured_media":2785,"comment_status":"open","ping_status":"closed","template":"","meta":[],"product_cat":[224,915,944,225],"product_tag":[268,223,881,198,181,343],"class_list":{"0":"post-2338","1":"product","2":"type-product","3":"status-publish","4":"has-post-thumbnail","6":"product_cat-kinderbuecher","7":"product_cat-produkt-feeds","8":"product_cat-produktzufuehrung-geizhal","9":"product_cat-ravensburger-kinderbuecher","10":"product_tag-abenteuer","11":"product_tag-fuer-kinder-ab-7-jahre","12":"product_tag-kinder","13":"product_tag-kinderbuch","14":"product_tag-kinderbuecher","15":"product_tag-maerchen","16":"post","17":"post-with-thumbnail","18":"post-with-thumbnail-large","20":"first","21":"outofstock","22":"taxable","23":"shipping-taxable","24":"purchasable","25":"product-type-simple"},"yoast_head":"<!-- This site is optimized with the Yoast SEO plugin v26.6 - https:\/\/yoast.com\/wordpress\/plugins\/seo\/ -->\n<title>1000 Gefahren junior - Disney Villains: Der Fluch der b\u00f6sen Fee - der-Schulbedarf.shop<\/title>\n<meta name=\"robots\" content=\"index, follow, max-snippet:-1, max-image-preview:large, max-video-preview:-1\" \/>\n<link rel=\"canonical\" href=\"https:\/\/der-schulbedarf.shop\/produkt-des-monats\/produkt\/1000-gefahren-junior-disney-villains-der-fluch-der-boesen-fee\/\" \/>\n<meta property=\"og:locale\" content=\"de_DE\" \/>\n<meta property=\"og:type\" content=\"article\" \/>\n<meta property=\"og:title\" content=\"1000 Gefahren junior - Disney Villains: Der Fluch der b\u00f6sen Fee - der-Schulbedarf.shop\" \/>\n<meta property=\"og:description\" content=\"Now it is your turn! You are the main character. Decide for yourself how the story develops. The royal family throws a big party at the castle. You are invited too. An uninvited guest breaks up the party: Malefiz, the evil fairy! She kidnaps the prince and turns all other guests to stone. Now it&#039;s up to you: do you save the prince or do you help the people in the castle first? If you want your path to lead you to Maleficent&#039;s dark castle, continue reading on page...\" \/>\n<meta property=\"og:url\" content=\"https:\/\/der-schulbedarf.shop\/produkt-des-monats\/produkt\/1000-gefahren-junior-disney-villains-der-fluch-der-boesen-fee\/\" \/>\n<meta property=\"og:site_name\" content=\"der-Schulbedarf.shop\" \/>\n<meta property=\"article:modified_time\" content=\"2025-07-03T12:46:41+00:00\" \/>\n<meta property=\"og:image\" content=\"https:\/\/der-schulbedarf.shop\/wp-content\/uploads\/2023\/06\/49747-720x380-1.webp\" \/>\n\t<meta property=\"og:image:width\" content=\"720\" \/>\n\t<meta property=\"og:image:height\" content=\"380\" \/>\n\t<meta property=\"og:image:type\" content=\"image\/webp\" \/>\n<meta name=\"twitter:card\" content=\"summary_large_image\" \/>\n<meta name=\"twitter:label1\" content=\"Gesch\u00e4tzte Lesezeit\" \/>\n\t<meta name=\"twitter:data1\" content=\"2\u00a0Minuten\" \/>\n<script type=\"application\/ld+json\" class=\"yoast-schema-graph\">{\"@context\":\"https:\/\/schema.org\",\"@graph\":[{\"@type\":\"WebPage\",\"@id\":\"https:\/\/der-schulbedarf.shop\/produkt-des-monats\/produkt\/1000-gefahren-junior-disney-villains-der-fluch-der-boesen-fee\/\",\"url\":\"https:\/\/der-schulbedarf.shop\/produkt-des-monats\/produkt\/1000-gefahren-junior-disney-villains-der-fluch-der-boesen-fee\/\",\"name\":\"1000 Gefahren junior - Disney Villains: Der Fluch der b\u00f6sen Fee - der-Schulbedarf.shop\",\"isPartOf\":{\"@id\":\"https:\/\/der-schulbedarf.shop\/produkt-des-monats\/#website\"},\"primaryImageOfPage\":{\"@id\":\"https:\/\/der-schulbedarf.shop\/produkt-des-monats\/produkt\/1000-gefahren-junior-disney-villains-der-fluch-der-boesen-fee\/#primaryimage\"},\"image\":{\"@id\":\"https:\/\/der-schulbedarf.shop\/produkt-des-monats\/produkt\/1000-gefahren-junior-disney-villains-der-fluch-der-boesen-fee\/#primaryimage\"},\"thumbnailUrl\":\"https:\/\/der-schulbedarf.shop\/wp-content\/uploads\/2023\/06\/49747-720x380-1.webp\",\"datePublished\":\"2023-06-15T12:29:07+00:00\",\"dateModified\":\"2025-07-03T12:46:41+00:00\",\"breadcrumb\":{\"@id\":\"https:\/\/der-schulbedarf.shop\/produkt-des-monats\/produkt\/1000-gefahren-junior-disney-villains-der-fluch-der-boesen-fee\/#breadcrumb\"},\"inLanguage\":\"de\",\"potentialAction\":[{\"@type\":\"ReadAction\",\"target\":[\"https:\/\/der-schulbedarf.shop\/produkt-des-monats\/produkt\/1000-gefahren-junior-disney-villains-der-fluch-der-boesen-fee\/\"]}]},{\"@type\":\"ImageObject\",\"inLanguage\":\"de\",\"@id\":\"https:\/\/der-schulbedarf.shop\/produkt-des-monats\/produkt\/1000-gefahren-junior-disney-villains-der-fluch-der-boesen-fee\/#primaryimage\",\"url\":\"https:\/\/der-schulbedarf.shop\/wp-content\/uploads\/2023\/06\/49747-720x380-1.webp\",\"contentUrl\":\"https:\/\/der-schulbedarf.shop\/wp-content\/uploads\/2023\/06\/49747-720x380-1.webp\",\"width\":720,\"height\":380,\"caption\":\"Disney Villains: Der Fluch der b\u00f6sen Fee\"},{\"@type\":\"BreadcrumbList\",\"@id\":\"https:\/\/der-schulbedarf.shop\/produkt-des-monats\/produkt\/1000-gefahren-junior-disney-villains-der-fluch-der-boesen-fee\/#breadcrumb\",\"itemListElement\":[{\"@type\":\"ListItem\",\"position\":1,\"name\":\"Shop\",\"item\":\"https:\/\/der-schulbedarf.shop\/produkt-des-monats\/shop\/\"},{\"@type\":\"ListItem\",\"position\":2,\"name\":\"1000 Gefahren junior &#8211; Disney Villains: Der Fluch der b\u00f6sen Fee\"}]},{\"@type\":\"WebSite\",\"@id\":\"https:\/\/der-schulbedarf.shop\/produkt-des-monats\/#website\",\"url\":\"https:\/\/der-schulbedarf.shop\/produkt-des-monats\/\",\"name\":\"der-Schulbedarf.shop\",\"description\":\"\",\"publisher\":{\"@id\":\"https:\/\/der-schulbedarf.shop\/produkt-des-monats\/#organization\"},\"potentialAction\":[{\"@type\":\"SearchAction\",\"target\":{\"@type\":\"EntryPoint\",\"urlTemplate\":\"https:\/\/der-schulbedarf.shop\/produkt-des-monats\/?s={search_term_string}\"},\"query-input\":{\"@type\":\"PropertyValueSpecification\",\"valueRequired\":true,\"valueName\":\"search_term_string\"}}],\"inLanguage\":\"de\"},{\"@type\":\"Organization\",\"@id\":\"https:\/\/der-schulbedarf.shop\/produkt-des-monats\/#organization\",\"name\":\"der-Schulbedarf.shop\",\"url\":\"https:\/\/der-schulbedarf.shop\/produkt-des-monats\/\",\"logo\":{\"@type\":\"ImageObject\",\"inLanguage\":\"de\",\"@id\":\"https:\/\/der-schulbedarf.shop\/produkt-des-monats\/#\/schema\/logo\/image\/\",\"url\":\"https:\/\/der-schulbedarf.shop\/wp-content\/uploads\/2024\/02\/grafik-e1709551115899.png\",\"contentUrl\":\"https:\/\/der-schulbedarf.shop\/wp-content\/uploads\/2024\/02\/grafik-e1709551115899.png\",\"width\":80,\"height\":80,\"caption\":\"der-Schulbedarf.shop\"},\"image\":{\"@id\":\"https:\/\/der-schulbedarf.shop\/produkt-des-monats\/#\/schema\/logo\/image\/\"}}]}<\/script>\n<!-- \/ Yoast SEO plugin. -->","yoast_head_json":{"title":"1000 Gefahren junior - Disney Villains: Der Fluch der b\u00f6sen Fee - der-Schulbedarf.shop","robots":{"index":"index","follow":"follow","max-snippet":"max-snippet:-1","max-image-preview":"max-image-preview:large","max-video-preview":"max-video-preview:-1"},"canonical":"https:\/\/der-schulbedarf.shop\/produkt-des-monats\/produkt\/1000-gefahren-junior-disney-villains-der-fluch-der-boesen-fee\/","og_locale":"de_DE","og_type":"article","og_title":"1000 Gefahren junior - Disney Villains: Der Fluch der b\u00f6sen Fee - der-Schulbedarf.shop","og_description":"Now it is your turn! You are the main character. Decide for yourself how the story develops. The royal family throws a big party at the castle. You are invited too. An uninvited guest breaks up the party: Malefiz, the evil fairy! She kidnaps the prince and turns all other guests to stone. Now it's up to you: do you save the prince or do you help the people in the castle first? If you want your path to lead you to Maleficent's dark castle, continue reading on page...","og_url":"https:\/\/der-schulbedarf.shop\/produkt-des-monats\/produkt\/1000-gefahren-junior-disney-villains-der-fluch-der-boesen-fee\/","og_site_name":"der-Schulbedarf.shop","article_modified_time":"2025-07-03T12:46:41+00:00","og_image":[{"width":720,"height":380,"url":"https:\/\/der-schulbedarf.shop\/wp-content\/uploads\/2023\/06\/49747-720x380-1.webp","type":"image\/webp"}],"twitter_card":"summary_large_image","twitter_misc":{"Gesch\u00e4tzte Lesezeit":"2\u00a0Minuten"},"schema":{"@context":"https:\/\/schema.org","@graph":[{"@type":"WebPage","@id":"https:\/\/der-schulbedarf.shop\/produkt-des-monats\/produkt\/1000-gefahren-junior-disney-villains-der-fluch-der-boesen-fee\/","url":"https:\/\/der-schulbedarf.shop\/produkt-des-monats\/produkt\/1000-gefahren-junior-disney-villains-der-fluch-der-boesen-fee\/","name":"1000 Gefahren junior - Disney Villains: Der Fluch der b\u00f6sen Fee - der-Schulbedarf.shop","isPartOf":{"@id":"https:\/\/der-schulbedarf.shop\/produkt-des-monats\/#website"},"primaryImageOfPage":{"@id":"https:\/\/der-schulbedarf.shop\/produkt-des-monats\/produkt\/1000-gefahren-junior-disney-villains-der-fluch-der-boesen-fee\/#primaryimage"},"image":{"@id":"https:\/\/der-schulbedarf.shop\/produkt-des-monats\/produkt\/1000-gefahren-junior-disney-villains-der-fluch-der-boesen-fee\/#primaryimage"},"thumbnailUrl":"https:\/\/der-schulbedarf.shop\/wp-content\/uploads\/2023\/06\/49747-720x380-1.webp","datePublished":"2023-06-15T12:29:07+00:00","dateModified":"2025-07-03T12:46:41+00:00","breadcrumb":{"@id":"https:\/\/der-schulbedarf.shop\/produkt-des-monats\/produkt\/1000-gefahren-junior-disney-villains-der-fluch-der-boesen-fee\/#breadcrumb"},"inLanguage":"de","potentialAction":[{"@type":"ReadAction","target":["https:\/\/der-schulbedarf.shop\/produkt-des-monats\/produkt\/1000-gefahren-junior-disney-villains-der-fluch-der-boesen-fee\/"]}]},{"@type":"ImageObject","inLanguage":"de","@id":"https:\/\/der-schulbedarf.shop\/produkt-des-monats\/produkt\/1000-gefahren-junior-disney-villains-der-fluch-der-boesen-fee\/#primaryimage","url":"https:\/\/der-schulbedarf.shop\/wp-content\/uploads\/2023\/06\/49747-720x380-1.webp","contentUrl":"https:\/\/der-schulbedarf.shop\/wp-content\/uploads\/2023\/06\/49747-720x380-1.webp","width":720,"height":380,"caption":"Disney Villains: Der Fluch der b\u00f6sen Fee"},{"@type":"BreadcrumbList","@id":"https:\/\/der-schulbedarf.shop\/produkt-des-monats\/produkt\/1000-gefahren-junior-disney-villains-der-fluch-der-boesen-fee\/#breadcrumb","itemListElement":[{"@type":"ListItem","position":1,"name":"Shop","item":"https:\/\/der-schulbedarf.shop\/produkt-des-monats\/shop\/"},{"@type":"ListItem","position":2,"name":"1000 Gefahren junior &#8211; Disney Villains: Der Fluch der b\u00f6sen Fee"}]},{"@type":"WebSite","@id":"https:\/\/der-schulbedarf.shop\/produkt-des-monats\/#website","url":"https:\/\/der-schulbedarf.shop\/produkt-des-monats\/","name":"der-Schulbedarf.shop","description":"","publisher":{"@id":"https:\/\/der-schulbedarf.shop\/produkt-des-monats\/#organization"},"potentialAction":[{"@type":"SearchAction","target":{"@type":"EntryPoint","urlTemplate":"https:\/\/der-schulbedarf.shop\/produkt-des-monats\/?s={search_term_string}"},"query-input":{"@type":"PropertyValueSpecification","valueRequired":true,"valueName":"search_term_string"}}],"inLanguage":"de"},{"@type":"Organization","@id":"https:\/\/der-schulbedarf.shop\/produkt-des-monats\/#organization","name":"der-Schulbedarf.shop","url":"https:\/\/der-schulbedarf.shop\/produkt-des-monats\/","logo":{"@type":"ImageObject","inLanguage":"de","@id":"https:\/\/der-schulbedarf.shop\/produkt-des-monats\/#\/schema\/logo\/image\/","url":"https:\/\/der-schulbedarf.shop\/wp-content\/uploads\/2024\/02\/grafik-e1709551115899.png","contentUrl":"https:\/\/der-schulbedarf.shop\/wp-content\/uploads\/2024\/02\/grafik-e1709551115899.png","width":80,"height":80,"caption":"der-Schulbedarf.shop"},"image":{"@id":"https:\/\/der-schulbedarf.shop\/produkt-des-monats\/#\/schema\/logo\/image\/"}}]}},"_links":{"self":[{"href":"https:\/\/der-schulbedarf.shop\/produkt-des-monats\/wp-json\/wp\/v2\/product\/2338","targetHints":{"allow":["GET"]}}],"collection":[{"href":"https:\/\/der-schulbedarf.shop\/produkt-des-monats\/wp-json\/wp\/v2\/product"}],"about":[{"href":"https:\/\/der-schulbedarf.shop\/produkt-des-monats\/wp-json\/wp\/v2\/types\/product"}],"replies":[{"embeddable":true,"href":"https:\/\/der-schulbedarf.shop\/produkt-des-monats\/wp-json\/wp\/v2\/comments?post=2338"}],"wp:featuredmedia":[{"embeddable":true,"href":"https:\/\/der-schulbedarf.shop\/produkt-des-monats\/wp-json\/wp\/v2\/media\/2785"}],"wp:attachment":[{"href":"https:\/\/der-schulbedarf.shop\/produkt-des-monats\/wp-json\/wp\/v2\/media?parent=2338"}],"wp:term":[{"taxonomy":"product_cat","embeddable":true,"href":"https:\/\/der-schulbedarf.shop\/produkt-des-monats\/wp-json\/wp\/v2\/product_cat?post=2338"},{"taxonomy":"product_tag","embeddable":true,"href":"https:\/\/der-schulbedarf.shop\/produkt-des-monats\/wp-json\/wp\/v2\/product_tag?post=2338"}],"curies":[{"name":"wp","href":"https:\/\/api.w.org\/{rel}","templated":true}]}}