{"id":2343,"date":"2023-06-15T12:25:32","date_gmt":"2023-06-15T12:25:32","guid":{"rendered":"https:\/\/der-schulbedarf.Shop\/?post_type=product&#038;p=2343"},"modified":"2024-11-27T11:50:43","modified_gmt":"2024-11-27T11:50:43","slug":"disney-starke-heldinnen-erstleseabenteuer","status":"publish","type":"product","link":"https:\/\/der-schulbedarf.shop\/produkt-des-monats\/produkt\/disney-starke-heldinnen-erstleseabenteuer\/","title":{"rendered":"Disney: Starke Heldinnen &#8211; Erstleseabenteuer"},"content":{"rendered":"<p>Volle Girl Power mit Disneys Heldinnen: Die Filme \u201eRaya\u201c, \u201eVaiana\u201c und \u201eEncanto\u201c zum Selbstlesen ab 7 Jahren oder zum Vorlesen ab 5<\/p>\n<p>Diese M\u00e4dels lassen sich nicht aufhalten: Raya macht sich auf die Suche nach dem letzten Drachen. Vaiana bricht auf, um einer G\u00f6ttin ihr Herz zur\u00fcckzubringen. Mirabel beweist ihrer Gro\u00dfmutter, dass niemand perfekt sein muss \u2013 und rettet damit die Magie des Encanto.<br \/>\nWarum uns diese Geschichten begeistern? Sie zeigen uns, dass wir keine Prinzessin sein m\u00fcssen, um eine Heldin zu sein. Mit vielen Bildern und einfachen Texten machen sie nun auch Mut zum Lesenlernen.<\/p>\n<p>Raya, Vaiana und Mirabel haben die Herzen vieler junger Fans im Sturm erobert. Was macht sie so besonders? Ganz einfach: Diese M\u00e4dchen beweisen Mut, Cleverness und viel Leidenschaft, um ihre Ziele zu erreichen \u2013 sind aber auch mal unsicher und voller Zweifel. Sie haben keine Zauberkr\u00e4fte und sind keine \u201etypischen\u201c Prinzessinnen. Sie zeigen uns, was in uns allen steckt.<br \/>\nDiese Abenteuer mit vielen sch\u00f6nen Illustrationen f\u00f6rdern die Fantasie und Kreativit\u00e4t der Kinder und unterst\u00fctzen ihre Sprachkompetenz und sozialen F\u00e4higkeiten. Gerade deshalb ist gemeinsame (Vor-)Lesezeit f\u00fcr Kinder im Kindergarten- und Grundschulalter so bedeutend. Mit den beliebten Vorbildern aus den Disney-Filmen macht das Lesenlernen noch viel mehr Spa\u00df.<\/p>\n","protected":false},"excerpt":{"rendered":"<p>Diese M\u00e4dels lassen sich nicht aufhalten: Raya macht sich auf die Suche nach dem letzten Drachen. Vaiana bricht auf, um einer G\u00f6ttin ihr Herz zur\u00fcckzubringen. Mirabel beweist ihrer Gro\u00dfmutter, dass niemand perfekt sein muss \u2013 und rettet damit die Magie des Encanto.<br \/>\nWarum uns diese Geschichten begeistern? Sie zeigen uns, dass wir keine Prinzessin sein m\u00fcssen, um eine Heldin zu sein. Mit vielen Bildern und einfachen Texten machen sie nun auch Mut zum Lesenlernen.<\/p>\n","protected":false},"featured_media":2781,"comment_status":"open","ping_status":"closed","template":"","meta":[],"product_cat":[224,915,944,225],"product_tag":[111,107,200,115,114,113,198],"class_list":{"0":"post-2343","1":"product","2":"type-product","3":"status-publish","4":"has-post-thumbnail","6":"product_cat-kinderbuecher","7":"product_cat-produkt-feeds","8":"product_cat-produktzufuehrung-geizhal","9":"product_cat-ravensburger-kinderbuecher","10":"product_tag-beschaeftigung","11":"product_tag-beschaeftigung-kinder","12":"product_tag-buch","13":"product_tag-fuer-jungen","14":"product_tag-fuer-maedchen","15":"product_tag-geschenk","16":"product_tag-kinderbuch","17":"post","18":"post-with-thumbnail","19":"post-with-thumbnail-large","21":"first","22":"instock","23":"taxable","24":"shipping-taxable","25":"purchasable","26":"product-type-simple"},"yoast_head":"<!-- This site is optimized with the Yoast SEO plugin v26.6 - https:\/\/yoast.com\/wordpress\/plugins\/seo\/ -->\n<title>Disney: Starke Heldinnen - Erstleseabenteuer - der-Schulbedarf.shop<\/title>\n<meta name=\"robots\" content=\"index, follow, max-snippet:-1, max-image-preview:large, max-video-preview:-1\" \/>\n<link rel=\"canonical\" href=\"https:\/\/der-schulbedarf.shop\/produkt-des-monats\/produkt\/disney-starke-heldinnen-erstleseabenteuer\/\" \/>\n<meta property=\"og:locale\" content=\"de_DE\" \/>\n<meta property=\"og:type\" content=\"article\" \/>\n<meta property=\"og:title\" content=\"Disney: Starke Heldinnen - Erstleseabenteuer - der-Schulbedarf.shop\" \/>\n<meta property=\"og:description\" content=\"Diese M\u00e4dels lassen sich nicht aufhalten: Raya macht sich auf die Suche nach dem letzten Drachen. Vaiana bricht auf, um einer G\u00f6ttin ihr Herz zur\u00fcckzubringen. Mirabel beweist ihrer Gro\u00dfmutter, dass niemand perfekt sein muss \u2013 und rettet damit die Magie des Encanto. Warum uns diese Geschichten begeistern? Sie zeigen uns, dass wir keine Prinzessin sein m\u00fcssen, um eine Heldin zu sein. Mit vielen Bildern und einfachen Texten machen sie nun auch Mut zum Lesenlernen.\" \/>\n<meta property=\"og:url\" content=\"https:\/\/der-schulbedarf.shop\/produkt-des-monats\/produkt\/disney-starke-heldinnen-erstleseabenteuer\/\" \/>\n<meta property=\"og:site_name\" content=\"der-Schulbedarf.shop\" \/>\n<meta property=\"article:modified_time\" content=\"2024-11-27T11:50:43+00:00\" \/>\n<meta property=\"og:image\" content=\"https:\/\/der-schulbedarf.shop\/wp-content\/uploads\/2023\/06\/49755-720x380-1.webp\" \/>\n\t<meta property=\"og:image:width\" content=\"720\" \/>\n\t<meta property=\"og:image:height\" content=\"380\" \/>\n\t<meta property=\"og:image:type\" content=\"image\/webp\" \/>\n<meta name=\"twitter:card\" content=\"summary_large_image\" \/>\n<meta name=\"twitter:label1\" content=\"Gesch\u00e4tzte Lesezeit\" \/>\n\t<meta name=\"twitter:data1\" content=\"2\u00a0Minuten\" \/>\n<script type=\"application\/ld+json\" class=\"yoast-schema-graph\">{\"@context\":\"https:\/\/schema.org\",\"@graph\":[{\"@type\":\"WebPage\",\"@id\":\"https:\/\/der-schulbedarf.shop\/produkt-des-monats\/produkt\/disney-starke-heldinnen-erstleseabenteuer\/\",\"url\":\"https:\/\/der-schulbedarf.shop\/produkt-des-monats\/produkt\/disney-starke-heldinnen-erstleseabenteuer\/\",\"name\":\"Disney: Starke Heldinnen - Erstleseabenteuer - der-Schulbedarf.shop\",\"isPartOf\":{\"@id\":\"https:\/\/der-schulbedarf.shop\/produkt-des-monats\/#website\"},\"primaryImageOfPage\":{\"@id\":\"https:\/\/der-schulbedarf.shop\/produkt-des-monats\/produkt\/disney-starke-heldinnen-erstleseabenteuer\/#primaryimage\"},\"image\":{\"@id\":\"https:\/\/der-schulbedarf.shop\/produkt-des-monats\/produkt\/disney-starke-heldinnen-erstleseabenteuer\/#primaryimage\"},\"thumbnailUrl\":\"https:\/\/der-schulbedarf.shop\/wp-content\/uploads\/2023\/06\/49755-720x380-1.webp\",\"datePublished\":\"2023-06-15T12:25:32+00:00\",\"dateModified\":\"2024-11-27T11:50:43+00:00\",\"breadcrumb\":{\"@id\":\"https:\/\/der-schulbedarf.shop\/produkt-des-monats\/produkt\/disney-starke-heldinnen-erstleseabenteuer\/#breadcrumb\"},\"inLanguage\":\"de\",\"potentialAction\":[{\"@type\":\"ReadAction\",\"target\":[\"https:\/\/der-schulbedarf.shop\/produkt-des-monats\/produkt\/disney-starke-heldinnen-erstleseabenteuer\/\"]}]},{\"@type\":\"ImageObject\",\"inLanguage\":\"de\",\"@id\":\"https:\/\/der-schulbedarf.shop\/produkt-des-monats\/produkt\/disney-starke-heldinnen-erstleseabenteuer\/#primaryimage\",\"url\":\"https:\/\/der-schulbedarf.shop\/wp-content\/uploads\/2023\/06\/49755-720x380-1.webp\",\"contentUrl\":\"https:\/\/der-schulbedarf.shop\/wp-content\/uploads\/2023\/06\/49755-720x380-1.webp\",\"width\":720,\"height\":380},{\"@type\":\"BreadcrumbList\",\"@id\":\"https:\/\/der-schulbedarf.shop\/produkt-des-monats\/produkt\/disney-starke-heldinnen-erstleseabenteuer\/#breadcrumb\",\"itemListElement\":[{\"@type\":\"ListItem\",\"position\":1,\"name\":\"Shop\",\"item\":\"https:\/\/der-schulbedarf.shop\/produkt-des-monats\/shop\/\"},{\"@type\":\"ListItem\",\"position\":2,\"name\":\"Disney: Starke Heldinnen &#8211; Erstleseabenteuer\"}]},{\"@type\":\"WebSite\",\"@id\":\"https:\/\/der-schulbedarf.shop\/produkt-des-monats\/#website\",\"url\":\"https:\/\/der-schulbedarf.shop\/produkt-des-monats\/\",\"name\":\"der-Schulbedarf.shop\",\"description\":\"\",\"publisher\":{\"@id\":\"https:\/\/der-schulbedarf.shop\/produkt-des-monats\/#organization\"},\"potentialAction\":[{\"@type\":\"SearchAction\",\"target\":{\"@type\":\"EntryPoint\",\"urlTemplate\":\"https:\/\/der-schulbedarf.shop\/produkt-des-monats\/?s={search_term_string}\"},\"query-input\":{\"@type\":\"PropertyValueSpecification\",\"valueRequired\":true,\"valueName\":\"search_term_string\"}}],\"inLanguage\":\"de\"},{\"@type\":\"Organization\",\"@id\":\"https:\/\/der-schulbedarf.shop\/produkt-des-monats\/#organization\",\"name\":\"der-Schulbedarf.shop\",\"url\":\"https:\/\/der-schulbedarf.shop\/produkt-des-monats\/\",\"logo\":{\"@type\":\"ImageObject\",\"inLanguage\":\"de\",\"@id\":\"https:\/\/der-schulbedarf.shop\/produkt-des-monats\/#\/schema\/logo\/image\/\",\"url\":\"https:\/\/der-schulbedarf.shop\/wp-content\/uploads\/2024\/02\/grafik-e1709551115899.png\",\"contentUrl\":\"https:\/\/der-schulbedarf.shop\/wp-content\/uploads\/2024\/02\/grafik-e1709551115899.png\",\"width\":80,\"height\":80,\"caption\":\"der-Schulbedarf.shop\"},\"image\":{\"@id\":\"https:\/\/der-schulbedarf.shop\/produkt-des-monats\/#\/schema\/logo\/image\/\"}}]}<\/script>\n<!-- \/ Yoast SEO plugin. -->","yoast_head_json":{"title":"Disney: Starke Heldinnen - Erstleseabenteuer - der-Schulbedarf.shop","robots":{"index":"index","follow":"follow","max-snippet":"max-snippet:-1","max-image-preview":"max-image-preview:large","max-video-preview":"max-video-preview:-1"},"canonical":"https:\/\/der-schulbedarf.shop\/produkt-des-monats\/produkt\/disney-starke-heldinnen-erstleseabenteuer\/","og_locale":"de_DE","og_type":"article","og_title":"Disney: Starke Heldinnen - Erstleseabenteuer - der-Schulbedarf.shop","og_description":"Diese M\u00e4dels lassen sich nicht aufhalten: Raya macht sich auf die Suche nach dem letzten Drachen. Vaiana bricht auf, um einer G\u00f6ttin ihr Herz zur\u00fcckzubringen. Mirabel beweist ihrer Gro\u00dfmutter, dass niemand perfekt sein muss \u2013 und rettet damit die Magie des Encanto. Warum uns diese Geschichten begeistern? Sie zeigen uns, dass wir keine Prinzessin sein m\u00fcssen, um eine Heldin zu sein. Mit vielen Bildern und einfachen Texten machen sie nun auch Mut zum Lesenlernen.","og_url":"https:\/\/der-schulbedarf.shop\/produkt-des-monats\/produkt\/disney-starke-heldinnen-erstleseabenteuer\/","og_site_name":"der-Schulbedarf.shop","article_modified_time":"2024-11-27T11:50:43+00:00","og_image":[{"width":720,"height":380,"url":"https:\/\/der-schulbedarf.shop\/wp-content\/uploads\/2023\/06\/49755-720x380-1.webp","type":"image\/webp"}],"twitter_card":"summary_large_image","twitter_misc":{"Gesch\u00e4tzte Lesezeit":"2\u00a0Minuten"},"schema":{"@context":"https:\/\/schema.org","@graph":[{"@type":"WebPage","@id":"https:\/\/der-schulbedarf.shop\/produkt-des-monats\/produkt\/disney-starke-heldinnen-erstleseabenteuer\/","url":"https:\/\/der-schulbedarf.shop\/produkt-des-monats\/produkt\/disney-starke-heldinnen-erstleseabenteuer\/","name":"Disney: Starke Heldinnen - Erstleseabenteuer - der-Schulbedarf.shop","isPartOf":{"@id":"https:\/\/der-schulbedarf.shop\/produkt-des-monats\/#website"},"primaryImageOfPage":{"@id":"https:\/\/der-schulbedarf.shop\/produkt-des-monats\/produkt\/disney-starke-heldinnen-erstleseabenteuer\/#primaryimage"},"image":{"@id":"https:\/\/der-schulbedarf.shop\/produkt-des-monats\/produkt\/disney-starke-heldinnen-erstleseabenteuer\/#primaryimage"},"thumbnailUrl":"https:\/\/der-schulbedarf.shop\/wp-content\/uploads\/2023\/06\/49755-720x380-1.webp","datePublished":"2023-06-15T12:25:32+00:00","dateModified":"2024-11-27T11:50:43+00:00","breadcrumb":{"@id":"https:\/\/der-schulbedarf.shop\/produkt-des-monats\/produkt\/disney-starke-heldinnen-erstleseabenteuer\/#breadcrumb"},"inLanguage":"de","potentialAction":[{"@type":"ReadAction","target":["https:\/\/der-schulbedarf.shop\/produkt-des-monats\/produkt\/disney-starke-heldinnen-erstleseabenteuer\/"]}]},{"@type":"ImageObject","inLanguage":"de","@id":"https:\/\/der-schulbedarf.shop\/produkt-des-monats\/produkt\/disney-starke-heldinnen-erstleseabenteuer\/#primaryimage","url":"https:\/\/der-schulbedarf.shop\/wp-content\/uploads\/2023\/06\/49755-720x380-1.webp","contentUrl":"https:\/\/der-schulbedarf.shop\/wp-content\/uploads\/2023\/06\/49755-720x380-1.webp","width":720,"height":380},{"@type":"BreadcrumbList","@id":"https:\/\/der-schulbedarf.shop\/produkt-des-monats\/produkt\/disney-starke-heldinnen-erstleseabenteuer\/#breadcrumb","itemListElement":[{"@type":"ListItem","position":1,"name":"Shop","item":"https:\/\/der-schulbedarf.shop\/produkt-des-monats\/shop\/"},{"@type":"ListItem","position":2,"name":"Disney: Starke Heldinnen &#8211; Erstleseabenteuer"}]},{"@type":"WebSite","@id":"https:\/\/der-schulbedarf.shop\/produkt-des-monats\/#website","url":"https:\/\/der-schulbedarf.shop\/produkt-des-monats\/","name":"der-Schulbedarf.shop","description":"","publisher":{"@id":"https:\/\/der-schulbedarf.shop\/produkt-des-monats\/#organization"},"potentialAction":[{"@type":"SearchAction","target":{"@type":"EntryPoint","urlTemplate":"https:\/\/der-schulbedarf.shop\/produkt-des-monats\/?s={search_term_string}"},"query-input":{"@type":"PropertyValueSpecification","valueRequired":true,"valueName":"search_term_string"}}],"inLanguage":"de"},{"@type":"Organization","@id":"https:\/\/der-schulbedarf.shop\/produkt-des-monats\/#organization","name":"der-Schulbedarf.shop","url":"https:\/\/der-schulbedarf.shop\/produkt-des-monats\/","logo":{"@type":"ImageObject","inLanguage":"de","@id":"https:\/\/der-schulbedarf.shop\/produkt-des-monats\/#\/schema\/logo\/image\/","url":"https:\/\/der-schulbedarf.shop\/wp-content\/uploads\/2024\/02\/grafik-e1709551115899.png","contentUrl":"https:\/\/der-schulbedarf.shop\/wp-content\/uploads\/2024\/02\/grafik-e1709551115899.png","width":80,"height":80,"caption":"der-Schulbedarf.shop"},"image":{"@id":"https:\/\/der-schulbedarf.shop\/produkt-des-monats\/#\/schema\/logo\/image\/"}}]}},"_links":{"self":[{"href":"https:\/\/der-schulbedarf.shop\/produkt-des-monats\/wp-json\/wp\/v2\/product\/2343","targetHints":{"allow":["GET"]}}],"collection":[{"href":"https:\/\/der-schulbedarf.shop\/produkt-des-monats\/wp-json\/wp\/v2\/product"}],"about":[{"href":"https:\/\/der-schulbedarf.shop\/produkt-des-monats\/wp-json\/wp\/v2\/types\/product"}],"replies":[{"embeddable":true,"href":"https:\/\/der-schulbedarf.shop\/produkt-des-monats\/wp-json\/wp\/v2\/comments?post=2343"}],"wp:featuredmedia":[{"embeddable":true,"href":"https:\/\/der-schulbedarf.shop\/produkt-des-monats\/wp-json\/wp\/v2\/media\/2781"}],"wp:attachment":[{"href":"https:\/\/der-schulbedarf.shop\/produkt-des-monats\/wp-json\/wp\/v2\/media?parent=2343"}],"wp:term":[{"taxonomy":"product_cat","embeddable":true,"href":"https:\/\/der-schulbedarf.shop\/produkt-des-monats\/wp-json\/wp\/v2\/product_cat?post=2343"},{"taxonomy":"product_tag","embeddable":true,"href":"https:\/\/der-schulbedarf.shop\/produkt-des-monats\/wp-json\/wp\/v2\/product_tag?post=2343"}],"curies":[{"name":"wp","href":"https:\/\/api.w.org\/{rel}","templated":true}]}}