{"id":2589,"date":"2023-06-15T01:47:02","date_gmt":"2023-06-15T01:47:02","guid":{"rendered":"https:\/\/der-schulbedarf.Shop\/?post_type=product&#038;p=2589"},"modified":"2025-08-12T16:04:12","modified_gmt":"2025-08-12T16:04:12","slug":"disney-wish-das-erstlesebuch-zum-film","status":"publish","type":"product","link":"https:\/\/der-schulbedarf.shop\/produkt-des-monats\/produkt\/disney-wish-das-erstlesebuch-zum-film\/","title":{"rendered":"Disney Wish: Das Erstlesebuch zum Film"},"content":{"rendered":"<p>Hier werden W\u00fcnsche wahr: Das gro\u00dfe Kino-Highlight im Disney-Jubil\u00e4umsjahr zum Selbstlesen ab 7 Jahren oder zum Vorlesen<\/p>\n<p>Wie entstand eigentlich der Wunschstern, der so viele W\u00fcnsche in den gro\u00dfen Disney-M\u00e4rchen erf\u00fcllte?<br \/>\nDie f\u00fcrsorgliche und zuversichtliche Asha lebt in Rosas, dem K\u00f6nigreich der W\u00fcnsche. Hingebungsvoll k\u00fcmmert sie sich um ihre Heimat. In einem Moment gro\u00dfer Verzweiflung wendet sie sich an die Sterne \u2013 und wird erh\u00f6rt. Gemeinsam mit einem kleinen aber energiegeladenen Stern stellt sie sich ihrem gr\u00f6\u00dften Feind und beweist: Wenn Mut auf Magie trifft, werden W\u00fcnsche wahr.<\/p>\n<p>Dieses Erstlesebuch zum Film bringt die Magie von \u201eWish\u201c ins eigene Zuhause. In einfachen S\u00e4tzen und kurzen Kapiteln mit vielen Bildern wird der Film f\u00fcr Kinder ab 7 Jahren nacherz\u00e4hlt. Seite f\u00fcr Seite lesen die Kinder die Geschichte selbst und werden Wort f\u00fcr Wort zum Leseprofi.<\/p>\n<p>&nbsp;<\/p>\n","protected":false},"excerpt":{"rendered":"<p>Hier werden W\u00fcnsche wahr: Das gro\u00dfe Kino-Highlight im Disney-Jubil\u00e4umsjahr zum Selbstlesen ab 7 Jahren oder zum Vorlesen<\/p>\n<p>Wie entstand eigentlich der Wunschstern, der so viele W\u00fcnsche in den gro\u00dfen Disney-M\u00e4rchen erf\u00fcllte?<br \/>\nDie f\u00fcrsorgliche und zuversichtliche Asha lebt in Rosas, dem K\u00f6nigreich der W\u00fcnsche. Hingebungsvoll k\u00fcmmert sie sich um ihre Heimat. In einem Moment gro\u00dfer Verzweiflung wendet sie sich an die Sterne \u2013 und wird erh\u00f6rt. Gemeinsam mit einem kleinen aber energiegeladenen Stern stellt sie sich ihrem gr\u00f6\u00dften Feind und beweist: Wenn Mut auf Magie trifft, werden W\u00fcnsche wahr.<\/p>\n","protected":false},"featured_media":3344,"comment_status":"open","ping_status":"closed","template":"","meta":[],"product_cat":[224,915,944,225],"product_tag":[111,200,201,115,114,181],"class_list":{"0":"post-2589","1":"product","2":"type-product","3":"status-publish","4":"has-post-thumbnail","6":"product_cat-kinderbuecher","7":"product_cat-produkt-feeds","8":"product_cat-produktzufuehrung-geizhal","9":"product_cat-ravensburger-kinderbuecher","10":"product_tag-beschaeftigung","11":"product_tag-buch","12":"product_tag-buecher","13":"product_tag-fuer-jungen","14":"product_tag-fuer-maedchen","15":"product_tag-kinderbuecher","16":"post","17":"post-with-thumbnail","18":"post-with-thumbnail-large","20":"first","21":"outofstock","22":"taxable","23":"shipping-taxable","24":"purchasable","25":"product-type-simple"},"yoast_head":"<!-- This site is optimized with the Yoast SEO plugin v26.6 - https:\/\/yoast.com\/wordpress\/plugins\/seo\/ -->\n<title>Disney Wish: Das Erstlesebuch zum Film - der-Schulbedarf.shop<\/title>\n<meta name=\"robots\" content=\"index, follow, max-snippet:-1, max-image-preview:large, max-video-preview:-1\" \/>\n<link rel=\"canonical\" href=\"https:\/\/der-schulbedarf.shop\/produkt-des-monats\/produkt\/disney-wish-das-erstlesebuch-zum-film\/\" \/>\n<meta property=\"og:locale\" content=\"de_DE\" \/>\n<meta property=\"og:type\" content=\"article\" \/>\n<meta property=\"og:title\" content=\"Disney Wish: Das Erstlesebuch zum Film - der-Schulbedarf.shop\" \/>\n<meta property=\"og:description\" content=\"Hier werden W\u00fcnsche wahr: Das gro\u00dfe Kino-Highlight im Disney-Jubil\u00e4umsjahr zum Selbstlesen ab 7 Jahren oder zum Vorlesen  Wie entstand eigentlich der Wunschstern, der so viele W\u00fcnsche in den gro\u00dfen Disney-M\u00e4rchen erf\u00fcllte? Die f\u00fcrsorgliche und zuversichtliche Asha lebt in Rosas, dem K\u00f6nigreich der W\u00fcnsche. Hingebungsvoll k\u00fcmmert sie sich um ihre Heimat. In einem Moment gro\u00dfer Verzweiflung wendet sie sich an die Sterne \u2013 und wird erh\u00f6rt. Gemeinsam mit einem kleinen aber energiegeladenen Stern stellt sie sich ihrem gr\u00f6\u00dften Feind und beweist: Wenn Mut auf Magie trifft, werden W\u00fcnsche wahr.\" \/>\n<meta property=\"og:url\" content=\"https:\/\/der-schulbedarf.shop\/produkt-des-monats\/produkt\/disney-wish-das-erstlesebuch-zum-film\/\" \/>\n<meta property=\"og:site_name\" content=\"der-Schulbedarf.shop\" \/>\n<meta property=\"article:modified_time\" content=\"2025-08-12T16:04:12+00:00\" \/>\n<meta property=\"og:image\" content=\"https:\/\/der-schulbedarf.shop\/wp-content\/uploads\/2023\/06\/49757.jpg\" \/>\n\t<meta property=\"og:image:width\" content=\"755\" \/>\n\t<meta property=\"og:image:height\" content=\"1024\" \/>\n\t<meta property=\"og:image:type\" content=\"image\/jpeg\" \/>\n<meta name=\"twitter:card\" content=\"summary_large_image\" \/>\n<meta name=\"twitter:label1\" content=\"Gesch\u00e4tzte Lesezeit\" \/>\n\t<meta name=\"twitter:data1\" content=\"1\u00a0Minute\" \/>\n<script type=\"application\/ld+json\" class=\"yoast-schema-graph\">{\"@context\":\"https:\/\/schema.org\",\"@graph\":[{\"@type\":\"WebPage\",\"@id\":\"https:\/\/der-schulbedarf.shop\/produkt-des-monats\/produkt\/disney-wish-das-erstlesebuch-zum-film\/\",\"url\":\"https:\/\/der-schulbedarf.shop\/produkt-des-monats\/produkt\/disney-wish-das-erstlesebuch-zum-film\/\",\"name\":\"Disney Wish: Das Erstlesebuch zum Film - der-Schulbedarf.shop\",\"isPartOf\":{\"@id\":\"https:\/\/der-schulbedarf.shop\/produkt-des-monats\/#website\"},\"primaryImageOfPage\":{\"@id\":\"https:\/\/der-schulbedarf.shop\/produkt-des-monats\/produkt\/disney-wish-das-erstlesebuch-zum-film\/#primaryimage\"},\"image\":{\"@id\":\"https:\/\/der-schulbedarf.shop\/produkt-des-monats\/produkt\/disney-wish-das-erstlesebuch-zum-film\/#primaryimage\"},\"thumbnailUrl\":\"https:\/\/der-schulbedarf.shop\/wp-content\/uploads\/2023\/06\/49757.jpg\",\"datePublished\":\"2023-06-15T01:47:02+00:00\",\"dateModified\":\"2025-08-12T16:04:12+00:00\",\"breadcrumb\":{\"@id\":\"https:\/\/der-schulbedarf.shop\/produkt-des-monats\/produkt\/disney-wish-das-erstlesebuch-zum-film\/#breadcrumb\"},\"inLanguage\":\"de\",\"potentialAction\":[{\"@type\":\"ReadAction\",\"target\":[\"https:\/\/der-schulbedarf.shop\/produkt-des-monats\/produkt\/disney-wish-das-erstlesebuch-zum-film\/\"]}]},{\"@type\":\"ImageObject\",\"inLanguage\":\"de\",\"@id\":\"https:\/\/der-schulbedarf.shop\/produkt-des-monats\/produkt\/disney-wish-das-erstlesebuch-zum-film\/#primaryimage\",\"url\":\"https:\/\/der-schulbedarf.shop\/wp-content\/uploads\/2023\/06\/49757.jpg\",\"contentUrl\":\"https:\/\/der-schulbedarf.shop\/wp-content\/uploads\/2023\/06\/49757.jpg\",\"width\":755,\"height\":1024},{\"@type\":\"BreadcrumbList\",\"@id\":\"https:\/\/der-schulbedarf.shop\/produkt-des-monats\/produkt\/disney-wish-das-erstlesebuch-zum-film\/#breadcrumb\",\"itemListElement\":[{\"@type\":\"ListItem\",\"position\":1,\"name\":\"Shop\",\"item\":\"https:\/\/der-schulbedarf.shop\/produkt-des-monats\/shop\/\"},{\"@type\":\"ListItem\",\"position\":2,\"name\":\"Disney Wish: Das Erstlesebuch zum Film\"}]},{\"@type\":\"WebSite\",\"@id\":\"https:\/\/der-schulbedarf.shop\/produkt-des-monats\/#website\",\"url\":\"https:\/\/der-schulbedarf.shop\/produkt-des-monats\/\",\"name\":\"der-Schulbedarf.shop\",\"description\":\"\",\"publisher\":{\"@id\":\"https:\/\/der-schulbedarf.shop\/produkt-des-monats\/#organization\"},\"potentialAction\":[{\"@type\":\"SearchAction\",\"target\":{\"@type\":\"EntryPoint\",\"urlTemplate\":\"https:\/\/der-schulbedarf.shop\/produkt-des-monats\/?s={search_term_string}\"},\"query-input\":{\"@type\":\"PropertyValueSpecification\",\"valueRequired\":true,\"valueName\":\"search_term_string\"}}],\"inLanguage\":\"de\"},{\"@type\":\"Organization\",\"@id\":\"https:\/\/der-schulbedarf.shop\/produkt-des-monats\/#organization\",\"name\":\"der-Schulbedarf.shop\",\"url\":\"https:\/\/der-schulbedarf.shop\/produkt-des-monats\/\",\"logo\":{\"@type\":\"ImageObject\",\"inLanguage\":\"de\",\"@id\":\"https:\/\/der-schulbedarf.shop\/produkt-des-monats\/#\/schema\/logo\/image\/\",\"url\":\"https:\/\/der-schulbedarf.shop\/wp-content\/uploads\/2024\/02\/grafik-e1709551115899.png\",\"contentUrl\":\"https:\/\/der-schulbedarf.shop\/wp-content\/uploads\/2024\/02\/grafik-e1709551115899.png\",\"width\":80,\"height\":80,\"caption\":\"der-Schulbedarf.shop\"},\"image\":{\"@id\":\"https:\/\/der-schulbedarf.shop\/produkt-des-monats\/#\/schema\/logo\/image\/\"}}]}<\/script>\n<!-- \/ Yoast SEO plugin. -->","yoast_head_json":{"title":"Disney Wish: Das Erstlesebuch zum Film - der-Schulbedarf.shop","robots":{"index":"index","follow":"follow","max-snippet":"max-snippet:-1","max-image-preview":"max-image-preview:large","max-video-preview":"max-video-preview:-1"},"canonical":"https:\/\/der-schulbedarf.shop\/produkt-des-monats\/produkt\/disney-wish-das-erstlesebuch-zum-film\/","og_locale":"de_DE","og_type":"article","og_title":"Disney Wish: Das Erstlesebuch zum Film - der-Schulbedarf.shop","og_description":"Hier werden W\u00fcnsche wahr: Das gro\u00dfe Kino-Highlight im Disney-Jubil\u00e4umsjahr zum Selbstlesen ab 7 Jahren oder zum Vorlesen  Wie entstand eigentlich der Wunschstern, der so viele W\u00fcnsche in den gro\u00dfen Disney-M\u00e4rchen erf\u00fcllte? Die f\u00fcrsorgliche und zuversichtliche Asha lebt in Rosas, dem K\u00f6nigreich der W\u00fcnsche. Hingebungsvoll k\u00fcmmert sie sich um ihre Heimat. In einem Moment gro\u00dfer Verzweiflung wendet sie sich an die Sterne \u2013 und wird erh\u00f6rt. Gemeinsam mit einem kleinen aber energiegeladenen Stern stellt sie sich ihrem gr\u00f6\u00dften Feind und beweist: Wenn Mut auf Magie trifft, werden W\u00fcnsche wahr.","og_url":"https:\/\/der-schulbedarf.shop\/produkt-des-monats\/produkt\/disney-wish-das-erstlesebuch-zum-film\/","og_site_name":"der-Schulbedarf.shop","article_modified_time":"2025-08-12T16:04:12+00:00","og_image":[{"width":755,"height":1024,"url":"https:\/\/der-schulbedarf.shop\/wp-content\/uploads\/2023\/06\/49757.jpg","type":"image\/jpeg"}],"twitter_card":"summary_large_image","twitter_misc":{"Gesch\u00e4tzte Lesezeit":"1\u00a0Minute"},"schema":{"@context":"https:\/\/schema.org","@graph":[{"@type":"WebPage","@id":"https:\/\/der-schulbedarf.shop\/produkt-des-monats\/produkt\/disney-wish-das-erstlesebuch-zum-film\/","url":"https:\/\/der-schulbedarf.shop\/produkt-des-monats\/produkt\/disney-wish-das-erstlesebuch-zum-film\/","name":"Disney Wish: Das Erstlesebuch zum Film - der-Schulbedarf.shop","isPartOf":{"@id":"https:\/\/der-schulbedarf.shop\/produkt-des-monats\/#website"},"primaryImageOfPage":{"@id":"https:\/\/der-schulbedarf.shop\/produkt-des-monats\/produkt\/disney-wish-das-erstlesebuch-zum-film\/#primaryimage"},"image":{"@id":"https:\/\/der-schulbedarf.shop\/produkt-des-monats\/produkt\/disney-wish-das-erstlesebuch-zum-film\/#primaryimage"},"thumbnailUrl":"https:\/\/der-schulbedarf.shop\/wp-content\/uploads\/2023\/06\/49757.jpg","datePublished":"2023-06-15T01:47:02+00:00","dateModified":"2025-08-12T16:04:12+00:00","breadcrumb":{"@id":"https:\/\/der-schulbedarf.shop\/produkt-des-monats\/produkt\/disney-wish-das-erstlesebuch-zum-film\/#breadcrumb"},"inLanguage":"de","potentialAction":[{"@type":"ReadAction","target":["https:\/\/der-schulbedarf.shop\/produkt-des-monats\/produkt\/disney-wish-das-erstlesebuch-zum-film\/"]}]},{"@type":"ImageObject","inLanguage":"de","@id":"https:\/\/der-schulbedarf.shop\/produkt-des-monats\/produkt\/disney-wish-das-erstlesebuch-zum-film\/#primaryimage","url":"https:\/\/der-schulbedarf.shop\/wp-content\/uploads\/2023\/06\/49757.jpg","contentUrl":"https:\/\/der-schulbedarf.shop\/wp-content\/uploads\/2023\/06\/49757.jpg","width":755,"height":1024},{"@type":"BreadcrumbList","@id":"https:\/\/der-schulbedarf.shop\/produkt-des-monats\/produkt\/disney-wish-das-erstlesebuch-zum-film\/#breadcrumb","itemListElement":[{"@type":"ListItem","position":1,"name":"Shop","item":"https:\/\/der-schulbedarf.shop\/produkt-des-monats\/shop\/"},{"@type":"ListItem","position":2,"name":"Disney Wish: Das Erstlesebuch zum Film"}]},{"@type":"WebSite","@id":"https:\/\/der-schulbedarf.shop\/produkt-des-monats\/#website","url":"https:\/\/der-schulbedarf.shop\/produkt-des-monats\/","name":"der-Schulbedarf.shop","description":"","publisher":{"@id":"https:\/\/der-schulbedarf.shop\/produkt-des-monats\/#organization"},"potentialAction":[{"@type":"SearchAction","target":{"@type":"EntryPoint","urlTemplate":"https:\/\/der-schulbedarf.shop\/produkt-des-monats\/?s={search_term_string}"},"query-input":{"@type":"PropertyValueSpecification","valueRequired":true,"valueName":"search_term_string"}}],"inLanguage":"de"},{"@type":"Organization","@id":"https:\/\/der-schulbedarf.shop\/produkt-des-monats\/#organization","name":"der-Schulbedarf.shop","url":"https:\/\/der-schulbedarf.shop\/produkt-des-monats\/","logo":{"@type":"ImageObject","inLanguage":"de","@id":"https:\/\/der-schulbedarf.shop\/produkt-des-monats\/#\/schema\/logo\/image\/","url":"https:\/\/der-schulbedarf.shop\/wp-content\/uploads\/2024\/02\/grafik-e1709551115899.png","contentUrl":"https:\/\/der-schulbedarf.shop\/wp-content\/uploads\/2024\/02\/grafik-e1709551115899.png","width":80,"height":80,"caption":"der-Schulbedarf.shop"},"image":{"@id":"https:\/\/der-schulbedarf.shop\/produkt-des-monats\/#\/schema\/logo\/image\/"}}]}},"_links":{"self":[{"href":"https:\/\/der-schulbedarf.shop\/produkt-des-monats\/wp-json\/wp\/v2\/product\/2589","targetHints":{"allow":["GET"]}}],"collection":[{"href":"https:\/\/der-schulbedarf.shop\/produkt-des-monats\/wp-json\/wp\/v2\/product"}],"about":[{"href":"https:\/\/der-schulbedarf.shop\/produkt-des-monats\/wp-json\/wp\/v2\/types\/product"}],"replies":[{"embeddable":true,"href":"https:\/\/der-schulbedarf.shop\/produkt-des-monats\/wp-json\/wp\/v2\/comments?post=2589"}],"wp:featuredmedia":[{"embeddable":true,"href":"https:\/\/der-schulbedarf.shop\/produkt-des-monats\/wp-json\/wp\/v2\/media\/3344"}],"wp:attachment":[{"href":"https:\/\/der-schulbedarf.shop\/produkt-des-monats\/wp-json\/wp\/v2\/media?parent=2589"}],"wp:term":[{"taxonomy":"product_cat","embeddable":true,"href":"https:\/\/der-schulbedarf.shop\/produkt-des-monats\/wp-json\/wp\/v2\/product_cat?post=2589"},{"taxonomy":"product_tag","embeddable":true,"href":"https:\/\/der-schulbedarf.shop\/produkt-des-monats\/wp-json\/wp\/v2\/product_tag?post=2589"}],"curies":[{"name":"wp","href":"https:\/\/api.w.org\/{rel}","templated":true}]}}