{"id":2590,"date":"2023-06-15T10:59:40","date_gmt":"2023-06-15T10:59:40","guid":{"rendered":"https:\/\/der-schulbedarf.Shop\/?post_type=product&#038;p=2590"},"modified":"2024-11-27T11:50:56","modified_gmt":"2024-11-27T11:50:56","slug":"wieso-weshalb-warum-erstleser-band-1-dinosaurier","status":"publish","type":"product","link":"https:\/\/der-schulbedarf.shop\/produkt-des-monats\/produkt\/wieso-weshalb-warum-erstleser-band-1-dinosaurier\/","title":{"rendered":"Wieso? Weshalb? Warum? Erstleser, Band 1: Dinosaurier"},"content":{"rendered":"<p>Wieso? Weshalb? Warum? Erstleser, Band 1: Dinosaurier<\/p>\n<p>Viele Jahrmillionen waren sie die Herrscher unseres Planeten: die Dinos. Ob T-Rex, Triceratops oder Stegosaurus \u2013 hier k\u00f6nnen Erstleser die Welt der gigantischen Echsen selbst\u00e4ndig entdecken. Sie erfahren, wie die Urzeitriesen lebten, warum sie ausstarben und wie man Fossilien erforscht. Leicht verst\u00e4ndliche Texte, anschauliche Illustrationen und Fotos helfen beim Lesen lernen. Und f\u00fcr jede Menge Spa\u00df sorgen Sticker, ein Spiel und viele R\u00e4tsel.<\/p>\n<p>Wieso? Weshalb? Warum? Erstleser<br \/>\nDie Sachbuchreihe f\u00fcr Kinder ab der 2. Lesestufe<\/p>\n<p>Lesetraining, Sachwissen und Spielspa\u00df in einem!<br \/>\nMit der Reihe Wieso? Weshalb? Warum? Erstleser erschlie\u00dfen sich Kinder ihre Lieblingsthemen selbst. In vier Kapiteln beantworten die B\u00fccher brennende Kinderfragen in kurzen, leicht verst\u00e4ndlichen S\u00e4tzen. Wie lebt man auf einer Raumstation? Welche Sprache sprechen Wale? Wie gef\u00e4hrlich ist ein Vulkan?<br \/>\nIllustrationen und Fotos helfen den Kindern dabei, das Gelesene zu verstehen.<br \/>\nZus\u00e4tzlich gibt es am Ende jedes Kapitels Buchstaben- und Kreuzwortr\u00e4tsel, Suchbilder, Sudokus und vieles mehr. Ganze acht Seiten mit unterschiedlichsten R\u00e4tseln und ein Lese Quiz laden zum Knobeln ein. Ein Leselotto-Spiel hilft beim Verst\u00e4ndnis schwieriger W\u00f6rter. Auf einer Sticker Seite zeigen Texte, wo welcher Aufkleber hingeh\u00f6rt.<br \/>\nSpielerisch lesen lernen wird hier gro\u00dfgeschrieben.<\/p>\n","protected":false},"excerpt":{"rendered":"<p>Viele Jahrmillionen waren sie die Herrscher unseres Planeten: die Dinos. Ob T-Rex, Triceratops oder Stegosaurus \u2013 hier k\u00f6nnen Erstleser die Welt der gigantischen Echsen selbst\u00e4ndig entdecken. Sie erfahren, wie die Urzeitriesen lebten, warum sie ausstarben und wie man Fossilien erforscht. Leicht verst\u00e4ndliche Texte, anschauliche Illustrationen und Fotos helfen beim Lesen lernen. Und f\u00fcr jede Menge Spa\u00df sorgen Sticker, ein Spiel und viele R\u00e4tsel.<\/p>\n","protected":false},"featured_media":2729,"comment_status":"open","ping_status":"closed","template":"","meta":[],"product_cat":[224,915,944,225],"product_tag":[558,111,200,201,115,114,112,881,198,181,202,1054,862],"class_list":{"0":"post-2590","1":"product","2":"type-product","3":"status-publish","4":"has-post-thumbnail","6":"product_cat-kinderbuecher","7":"product_cat-produkt-feeds","8":"product_cat-produktzufuehrung-geizhal","9":"product_cat-ravensburger-kinderbuecher","10":"product_tag-2-lesestufe","11":"product_tag-beschaeftigung","12":"product_tag-buch","13":"product_tag-buecher","14":"product_tag-fuer-jungen","15":"product_tag-fuer-maedchen","16":"product_tag-geschenkidee","17":"product_tag-kinder","18":"product_tag-kinderbuch","19":"product_tag-kinderbuecher","20":"product_tag-lesen","21":"product_tag-lesetraining","22":"product_tag-sachbuch","23":"post","24":"post-with-thumbnail","25":"post-with-thumbnail-large","27":"first","28":"instock","29":"taxable","30":"shipping-taxable","31":"purchasable","32":"product-type-simple"},"yoast_head":"<!-- This site is optimized with the Yoast SEO plugin v26.6 - https:\/\/yoast.com\/wordpress\/plugins\/seo\/ -->\n<title>Wieso? Weshalb? Warum? Erstleser, Band 1: Dinosaurier - der-Schulbedarf.shop<\/title>\n<meta name=\"description\" content=\"Die Sachbuchreihe f\u00fcr Kinder ab der 2. Lesestufe. Band 1: Dinosaurier. Alles \u00fcber T-Rex, Triceratops oder Stegosaurus. Spa\u00df mit der Faszination \u00fcber Dinos.\" \/>\n<meta name=\"robots\" content=\"index, follow, max-snippet:-1, max-image-preview:large, max-video-preview:-1\" \/>\n<link rel=\"canonical\" href=\"https:\/\/der-schulbedarf.shop\/produkt-des-monats\/produkt\/wieso-weshalb-warum-erstleser-band-1-dinosaurier\/\" \/>\n<meta property=\"og:locale\" content=\"de_DE\" \/>\n<meta property=\"og:type\" content=\"article\" \/>\n<meta property=\"og:title\" content=\"Wieso? Weshalb? Warum? Erstleser, Band 1: Dinosaurier - der-Schulbedarf.shop\" \/>\n<meta property=\"og:description\" content=\"Die Sachbuchreihe f\u00fcr Kinder ab der 2. Lesestufe. Band 1: Dinosaurier. Alles \u00fcber T-Rex, Triceratops oder Stegosaurus. Spa\u00df mit der Faszination \u00fcber Dinos.\" \/>\n<meta property=\"og:url\" content=\"https:\/\/der-schulbedarf.shop\/produkt-des-monats\/produkt\/wieso-weshalb-warum-erstleser-band-1-dinosaurier\/\" \/>\n<meta property=\"og:site_name\" content=\"der-Schulbedarf.shop\" \/>\n<meta property=\"article:modified_time\" content=\"2024-11-27T11:50:56+00:00\" \/>\n<meta property=\"og:image\" content=\"https:\/\/der-schulbedarf.shop\/wp-content\/uploads\/2023\/06\/60000-720x380-1.webp\" \/>\n\t<meta property=\"og:image:width\" content=\"720\" \/>\n\t<meta property=\"og:image:height\" content=\"380\" \/>\n\t<meta property=\"og:image:type\" content=\"image\/webp\" \/>\n<meta name=\"twitter:card\" content=\"summary_large_image\" \/>\n<meta name=\"twitter:label1\" content=\"Gesch\u00e4tzte Lesezeit\" \/>\n\t<meta name=\"twitter:data1\" content=\"2\u00a0Minuten\" \/>\n<script type=\"application\/ld+json\" class=\"yoast-schema-graph\">{\"@context\":\"https:\/\/schema.org\",\"@graph\":[{\"@type\":\"WebPage\",\"@id\":\"https:\/\/der-schulbedarf.shop\/produkt-des-monats\/produkt\/wieso-weshalb-warum-erstleser-band-1-dinosaurier\/\",\"url\":\"https:\/\/der-schulbedarf.shop\/produkt-des-monats\/produkt\/wieso-weshalb-warum-erstleser-band-1-dinosaurier\/\",\"name\":\"Wieso? Weshalb? Warum? Erstleser, Band 1: Dinosaurier - der-Schulbedarf.shop\",\"isPartOf\":{\"@id\":\"https:\/\/der-schulbedarf.shop\/produkt-des-monats\/#website\"},\"primaryImageOfPage\":{\"@id\":\"https:\/\/der-schulbedarf.shop\/produkt-des-monats\/produkt\/wieso-weshalb-warum-erstleser-band-1-dinosaurier\/#primaryimage\"},\"image\":{\"@id\":\"https:\/\/der-schulbedarf.shop\/produkt-des-monats\/produkt\/wieso-weshalb-warum-erstleser-band-1-dinosaurier\/#primaryimage\"},\"thumbnailUrl\":\"https:\/\/der-schulbedarf.shop\/wp-content\/uploads\/2023\/06\/60000-720x380-1.webp\",\"datePublished\":\"2023-06-15T10:59:40+00:00\",\"dateModified\":\"2024-11-27T11:50:56+00:00\",\"description\":\"Die Sachbuchreihe f\u00fcr Kinder ab der 2. Lesestufe. Band 1: Dinosaurier. Alles \u00fcber T-Rex, Triceratops oder Stegosaurus. Spa\u00df mit der Faszination \u00fcber Dinos.\",\"breadcrumb\":{\"@id\":\"https:\/\/der-schulbedarf.shop\/produkt-des-monats\/produkt\/wieso-weshalb-warum-erstleser-band-1-dinosaurier\/#breadcrumb\"},\"inLanguage\":\"de\",\"potentialAction\":[{\"@type\":\"ReadAction\",\"target\":[\"https:\/\/der-schulbedarf.shop\/produkt-des-monats\/produkt\/wieso-weshalb-warum-erstleser-band-1-dinosaurier\/\"]}]},{\"@type\":\"ImageObject\",\"inLanguage\":\"de\",\"@id\":\"https:\/\/der-schulbedarf.shop\/produkt-des-monats\/produkt\/wieso-weshalb-warum-erstleser-band-1-dinosaurier\/#primaryimage\",\"url\":\"https:\/\/der-schulbedarf.shop\/wp-content\/uploads\/2023\/06\/60000-720x380-1.webp\",\"contentUrl\":\"https:\/\/der-schulbedarf.shop\/wp-content\/uploads\/2023\/06\/60000-720x380-1.webp\",\"width\":720,\"height\":380},{\"@type\":\"BreadcrumbList\",\"@id\":\"https:\/\/der-schulbedarf.shop\/produkt-des-monats\/produkt\/wieso-weshalb-warum-erstleser-band-1-dinosaurier\/#breadcrumb\",\"itemListElement\":[{\"@type\":\"ListItem\",\"position\":1,\"name\":\"Shop\",\"item\":\"https:\/\/der-schulbedarf.shop\/produkt-des-monats\/shop\/\"},{\"@type\":\"ListItem\",\"position\":2,\"name\":\"Wieso? Weshalb? Warum? Erstleser, Band 1: Dinosaurier\"}]},{\"@type\":\"WebSite\",\"@id\":\"https:\/\/der-schulbedarf.shop\/produkt-des-monats\/#website\",\"url\":\"https:\/\/der-schulbedarf.shop\/produkt-des-monats\/\",\"name\":\"der-Schulbedarf.shop\",\"description\":\"\",\"publisher\":{\"@id\":\"https:\/\/der-schulbedarf.shop\/produkt-des-monats\/#organization\"},\"potentialAction\":[{\"@type\":\"SearchAction\",\"target\":{\"@type\":\"EntryPoint\",\"urlTemplate\":\"https:\/\/der-schulbedarf.shop\/produkt-des-monats\/?s={search_term_string}\"},\"query-input\":{\"@type\":\"PropertyValueSpecification\",\"valueRequired\":true,\"valueName\":\"search_term_string\"}}],\"inLanguage\":\"de\"},{\"@type\":\"Organization\",\"@id\":\"https:\/\/der-schulbedarf.shop\/produkt-des-monats\/#organization\",\"name\":\"der-Schulbedarf.shop\",\"url\":\"https:\/\/der-schulbedarf.shop\/produkt-des-monats\/\",\"logo\":{\"@type\":\"ImageObject\",\"inLanguage\":\"de\",\"@id\":\"https:\/\/der-schulbedarf.shop\/produkt-des-monats\/#\/schema\/logo\/image\/\",\"url\":\"https:\/\/der-schulbedarf.shop\/wp-content\/uploads\/2024\/02\/grafik-e1709551115899.png\",\"contentUrl\":\"https:\/\/der-schulbedarf.shop\/wp-content\/uploads\/2024\/02\/grafik-e1709551115899.png\",\"width\":80,\"height\":80,\"caption\":\"der-Schulbedarf.shop\"},\"image\":{\"@id\":\"https:\/\/der-schulbedarf.shop\/produkt-des-monats\/#\/schema\/logo\/image\/\"}}]}<\/script>\n<!-- \/ Yoast SEO plugin. -->","yoast_head_json":{"title":"Wieso? Weshalb? Warum? Erstleser, Band 1: Dinosaurier - der-Schulbedarf.shop","description":"Die Sachbuchreihe f\u00fcr Kinder ab der 2. Lesestufe. Band 1: Dinosaurier. Alles \u00fcber T-Rex, Triceratops oder Stegosaurus. Spa\u00df mit der Faszination \u00fcber Dinos.","robots":{"index":"index","follow":"follow","max-snippet":"max-snippet:-1","max-image-preview":"max-image-preview:large","max-video-preview":"max-video-preview:-1"},"canonical":"https:\/\/der-schulbedarf.shop\/produkt-des-monats\/produkt\/wieso-weshalb-warum-erstleser-band-1-dinosaurier\/","og_locale":"de_DE","og_type":"article","og_title":"Wieso? Weshalb? Warum? Erstleser, Band 1: Dinosaurier - der-Schulbedarf.shop","og_description":"Die Sachbuchreihe f\u00fcr Kinder ab der 2. Lesestufe. Band 1: Dinosaurier. Alles \u00fcber T-Rex, Triceratops oder Stegosaurus. Spa\u00df mit der Faszination \u00fcber Dinos.","og_url":"https:\/\/der-schulbedarf.shop\/produkt-des-monats\/produkt\/wieso-weshalb-warum-erstleser-band-1-dinosaurier\/","og_site_name":"der-Schulbedarf.shop","article_modified_time":"2024-11-27T11:50:56+00:00","og_image":[{"width":720,"height":380,"url":"https:\/\/der-schulbedarf.shop\/wp-content\/uploads\/2023\/06\/60000-720x380-1.webp","type":"image\/webp"}],"twitter_card":"summary_large_image","twitter_misc":{"Gesch\u00e4tzte Lesezeit":"2\u00a0Minuten"},"schema":{"@context":"https:\/\/schema.org","@graph":[{"@type":"WebPage","@id":"https:\/\/der-schulbedarf.shop\/produkt-des-monats\/produkt\/wieso-weshalb-warum-erstleser-band-1-dinosaurier\/","url":"https:\/\/der-schulbedarf.shop\/produkt-des-monats\/produkt\/wieso-weshalb-warum-erstleser-band-1-dinosaurier\/","name":"Wieso? Weshalb? Warum? Erstleser, Band 1: Dinosaurier - der-Schulbedarf.shop","isPartOf":{"@id":"https:\/\/der-schulbedarf.shop\/produkt-des-monats\/#website"},"primaryImageOfPage":{"@id":"https:\/\/der-schulbedarf.shop\/produkt-des-monats\/produkt\/wieso-weshalb-warum-erstleser-band-1-dinosaurier\/#primaryimage"},"image":{"@id":"https:\/\/der-schulbedarf.shop\/produkt-des-monats\/produkt\/wieso-weshalb-warum-erstleser-band-1-dinosaurier\/#primaryimage"},"thumbnailUrl":"https:\/\/der-schulbedarf.shop\/wp-content\/uploads\/2023\/06\/60000-720x380-1.webp","datePublished":"2023-06-15T10:59:40+00:00","dateModified":"2024-11-27T11:50:56+00:00","description":"Die Sachbuchreihe f\u00fcr Kinder ab der 2. Lesestufe. Band 1: Dinosaurier. Alles \u00fcber T-Rex, Triceratops oder Stegosaurus. Spa\u00df mit der Faszination \u00fcber Dinos.","breadcrumb":{"@id":"https:\/\/der-schulbedarf.shop\/produkt-des-monats\/produkt\/wieso-weshalb-warum-erstleser-band-1-dinosaurier\/#breadcrumb"},"inLanguage":"de","potentialAction":[{"@type":"ReadAction","target":["https:\/\/der-schulbedarf.shop\/produkt-des-monats\/produkt\/wieso-weshalb-warum-erstleser-band-1-dinosaurier\/"]}]},{"@type":"ImageObject","inLanguage":"de","@id":"https:\/\/der-schulbedarf.shop\/produkt-des-monats\/produkt\/wieso-weshalb-warum-erstleser-band-1-dinosaurier\/#primaryimage","url":"https:\/\/der-schulbedarf.shop\/wp-content\/uploads\/2023\/06\/60000-720x380-1.webp","contentUrl":"https:\/\/der-schulbedarf.shop\/wp-content\/uploads\/2023\/06\/60000-720x380-1.webp","width":720,"height":380},{"@type":"BreadcrumbList","@id":"https:\/\/der-schulbedarf.shop\/produkt-des-monats\/produkt\/wieso-weshalb-warum-erstleser-band-1-dinosaurier\/#breadcrumb","itemListElement":[{"@type":"ListItem","position":1,"name":"Shop","item":"https:\/\/der-schulbedarf.shop\/produkt-des-monats\/shop\/"},{"@type":"ListItem","position":2,"name":"Wieso? Weshalb? Warum? Erstleser, Band 1: Dinosaurier"}]},{"@type":"WebSite","@id":"https:\/\/der-schulbedarf.shop\/produkt-des-monats\/#website","url":"https:\/\/der-schulbedarf.shop\/produkt-des-monats\/","name":"der-Schulbedarf.shop","description":"","publisher":{"@id":"https:\/\/der-schulbedarf.shop\/produkt-des-monats\/#organization"},"potentialAction":[{"@type":"SearchAction","target":{"@type":"EntryPoint","urlTemplate":"https:\/\/der-schulbedarf.shop\/produkt-des-monats\/?s={search_term_string}"},"query-input":{"@type":"PropertyValueSpecification","valueRequired":true,"valueName":"search_term_string"}}],"inLanguage":"de"},{"@type":"Organization","@id":"https:\/\/der-schulbedarf.shop\/produkt-des-monats\/#organization","name":"der-Schulbedarf.shop","url":"https:\/\/der-schulbedarf.shop\/produkt-des-monats\/","logo":{"@type":"ImageObject","inLanguage":"de","@id":"https:\/\/der-schulbedarf.shop\/produkt-des-monats\/#\/schema\/logo\/image\/","url":"https:\/\/der-schulbedarf.shop\/wp-content\/uploads\/2024\/02\/grafik-e1709551115899.png","contentUrl":"https:\/\/der-schulbedarf.shop\/wp-content\/uploads\/2024\/02\/grafik-e1709551115899.png","width":80,"height":80,"caption":"der-Schulbedarf.shop"},"image":{"@id":"https:\/\/der-schulbedarf.shop\/produkt-des-monats\/#\/schema\/logo\/image\/"}}]}},"_links":{"self":[{"href":"https:\/\/der-schulbedarf.shop\/produkt-des-monats\/wp-json\/wp\/v2\/product\/2590","targetHints":{"allow":["GET"]}}],"collection":[{"href":"https:\/\/der-schulbedarf.shop\/produkt-des-monats\/wp-json\/wp\/v2\/product"}],"about":[{"href":"https:\/\/der-schulbedarf.shop\/produkt-des-monats\/wp-json\/wp\/v2\/types\/product"}],"replies":[{"embeddable":true,"href":"https:\/\/der-schulbedarf.shop\/produkt-des-monats\/wp-json\/wp\/v2\/comments?post=2590"}],"wp:featuredmedia":[{"embeddable":true,"href":"https:\/\/der-schulbedarf.shop\/produkt-des-monats\/wp-json\/wp\/v2\/media\/2729"}],"wp:attachment":[{"href":"https:\/\/der-schulbedarf.shop\/produkt-des-monats\/wp-json\/wp\/v2\/media?parent=2590"}],"wp:term":[{"taxonomy":"product_cat","embeddable":true,"href":"https:\/\/der-schulbedarf.shop\/produkt-des-monats\/wp-json\/wp\/v2\/product_cat?post=2590"},{"taxonomy":"product_tag","embeddable":true,"href":"https:\/\/der-schulbedarf.shop\/produkt-des-monats\/wp-json\/wp\/v2\/product_tag?post=2590"}],"curies":[{"name":"wp","href":"https:\/\/api.w.org\/{rel}","templated":true}]}}