{"id":2600,"date":"2023-06-15T10:32:08","date_gmt":"2023-06-15T10:32:08","guid":{"rendered":"https:\/\/der-schulbedarf.Shop\/?post_type=product&#038;p=2600"},"modified":"2024-11-27T11:53:12","modified_gmt":"2024-11-27T11:53:12","slug":"wieso-weshalb-warum-erstleser-band-3-wale-und-delfine","status":"publish","type":"product","link":"https:\/\/der-schulbedarf.shop\/produkt-des-monats\/produkt\/wieso-weshalb-warum-erstleser-band-3-wale-und-delfine\/","title":{"rendered":"Wieso? Weshalb? Warum? Erstleser, Band 3: Wale und Delfine"},"content":{"rendered":"<p>Wieso? Weshalb? Warum? Erstleser, Band 3: Wale und Delfine<\/p>\n<p>Wie schlafen Wale? Was k\u00f6nnen wir von ihnen lernen? Wodurch sind Wale und Delfine gef\u00e4hrdet? All das finden Erstleser nun Zeile f\u00fcr Zeile selbstst\u00e4ndig heraus, indem sie mit diesem Band in die Welt der Meeress\u00e4uger abtauchen. Einfache und kurze Texte machen das Selberlesen kinderleicht. Anschauliche Illustrationen und Fotos unterst\u00fctzen dabei. Und dank unterschiedlicher R\u00e4tsel und Sticker gelingt das Lesen ganz spielerisch.<\/p>\n<p>Wieso? Weshalb? Warum? Erstleser<br \/>\nDie Sachbuchreihe f\u00fcr Kinder ab der 2. Lesestufe<\/p>\n<p>Lesetraining, Sachwissen und Spielspa\u00df in einem!<br \/>\nMit der Reihe Wieso? Weshalb? Warum? Erstleser erschlie\u00dfen sich Kinder ihre Lieblingsthemen selbst. In vier Kapiteln beantworten die B\u00fccher brennende Kinderfragen in kurzen, leicht verst\u00e4ndlichen S\u00e4tzen. Wie lebt man auf einer Raumstation? Welche Sprache sprechen Wale? Wie gef\u00e4hrlich ist ein Vulkan?<br \/>\nIllustrationen und Fotos helfen den Kindern dabei, das Gelesene zu verstehen.<br \/>\nZus\u00e4tzlich gibt es am Ende jedes Kapitels Buchstaben- und Kreuzwortr\u00e4tsel, Suchbilder, Sudokus und vieles mehr. Ganze acht Seiten mit unterschiedlichsten R\u00e4tseln und ein Lese Quiz laden zum Knobeln ein. Ein Leselotto-Spiel hilft beim Verst\u00e4ndnis schwieriger W\u00f6rter. Auf einer Sticker Seite zeigen Texte, wo welcher Aufkleber hingeh\u00f6rt.<br \/>\nSpielerisch lesen lernen wird hier gro\u00dfgeschrieben.<\/p>\n","protected":false},"excerpt":{"rendered":"<p>Wie schlafen Wale? Was k\u00f6nnen wir von ihnen lernen? Wodurch sind Wale und Delfine gef\u00e4hrdet? All das finden Erstleser nun Zeile f\u00fcr Zeile selbstst\u00e4ndig heraus, indem sie mit diesem Band in die Welt der Meeress\u00e4uger abtauchen. Einfache und kurze Texte machen das Selberlesen kinderleicht. Anschauliche Illustrationen und Fotos unterst\u00fctzen dabei. Und dank unterschiedlicher R\u00e4tsel und Sticker gelingt das Lesen ganz spielerisch.<\/p>\n","protected":false},"featured_media":2706,"comment_status":"open","ping_status":"closed","template":"","meta":[],"product_cat":[224,915,944,225],"product_tag":[111,200,972,115,114,113,1055,198,181,1057,971],"class_list":{"0":"post-2600","1":"product","2":"type-product","3":"status-publish","4":"has-post-thumbnail","6":"product_cat-kinderbuecher","7":"product_cat-produkt-feeds","8":"product_cat-produktzufuehrung-geizhal","9":"product_cat-ravensburger-kinderbuecher","10":"product_tag-beschaeftigung","11":"product_tag-buch","12":"product_tag-delfine","13":"product_tag-fuer-jungen","14":"product_tag-fuer-maedchen","15":"product_tag-geschenk","16":"product_tag-kinder-ab-der-2-lesestufe","17":"product_tag-kinderbuch","18":"product_tag-kinderbuecher","19":"product_tag-kindersachbuch","20":"product_tag-wale","21":"post","22":"post-with-thumbnail","23":"post-with-thumbnail-large","25":"first","26":"instock","27":"taxable","28":"shipping-taxable","29":"purchasable","30":"product-type-simple"},"yoast_head":"<!-- This site is optimized with the Yoast SEO plugin v26.6 - https:\/\/yoast.com\/wordpress\/plugins\/seo\/ -->\n<title>Wieso? Weshalb? Warum? Erstleser, Band 3: Wale und Delfine - der-Schulbedarf.shop<\/title>\n<meta name=\"description\" content=\"Die Sachbuchreihe f\u00fcr Kinder ab der 2. Lesestufe. Wie schlafen Wale? Was k\u00f6nnen wir von ihnen lernen? Wodurch sind Wale und Delfine gef\u00e4hrdet?\" \/>\n<meta name=\"robots\" content=\"index, follow, max-snippet:-1, max-image-preview:large, max-video-preview:-1\" \/>\n<link rel=\"canonical\" href=\"https:\/\/der-schulbedarf.shop\/produkt-des-monats\/produkt\/wieso-weshalb-warum-erstleser-band-3-wale-und-delfine\/\" \/>\n<meta property=\"og:locale\" content=\"de_DE\" \/>\n<meta property=\"og:type\" content=\"article\" \/>\n<meta property=\"og:title\" content=\"Wieso? Weshalb? Warum? Erstleser, Band 3: Wale und Delfine - der-Schulbedarf.shop\" \/>\n<meta property=\"og:description\" content=\"Die Sachbuchreihe f\u00fcr Kinder ab der 2. Lesestufe. Wie schlafen Wale? Was k\u00f6nnen wir von ihnen lernen? Wodurch sind Wale und Delfine gef\u00e4hrdet?\" \/>\n<meta property=\"og:url\" content=\"https:\/\/der-schulbedarf.shop\/produkt-des-monats\/produkt\/wieso-weshalb-warum-erstleser-band-3-wale-und-delfine\/\" \/>\n<meta property=\"og:site_name\" content=\"der-Schulbedarf.shop\" \/>\n<meta property=\"article:modified_time\" content=\"2024-11-27T11:53:12+00:00\" \/>\n<meta property=\"og:image\" content=\"https:\/\/der-schulbedarf.shop\/wp-content\/uploads\/2023\/06\/60002-720x380-2.webp\" \/>\n\t<meta property=\"og:image:width\" content=\"720\" \/>\n\t<meta property=\"og:image:height\" content=\"380\" \/>\n\t<meta property=\"og:image:type\" content=\"image\/webp\" \/>\n<meta name=\"twitter:card\" content=\"summary_large_image\" \/>\n<meta name=\"twitter:label1\" content=\"Gesch\u00e4tzte Lesezeit\" \/>\n\t<meta name=\"twitter:data1\" content=\"2\u00a0Minuten\" \/>\n<script type=\"application\/ld+json\" class=\"yoast-schema-graph\">{\"@context\":\"https:\/\/schema.org\",\"@graph\":[{\"@type\":\"WebPage\",\"@id\":\"https:\/\/der-schulbedarf.shop\/produkt-des-monats\/produkt\/wieso-weshalb-warum-erstleser-band-3-wale-und-delfine\/\",\"url\":\"https:\/\/der-schulbedarf.shop\/produkt-des-monats\/produkt\/wieso-weshalb-warum-erstleser-band-3-wale-und-delfine\/\",\"name\":\"Wieso? Weshalb? Warum? Erstleser, Band 3: Wale und Delfine - der-Schulbedarf.shop\",\"isPartOf\":{\"@id\":\"https:\/\/der-schulbedarf.shop\/produkt-des-monats\/#website\"},\"primaryImageOfPage\":{\"@id\":\"https:\/\/der-schulbedarf.shop\/produkt-des-monats\/produkt\/wieso-weshalb-warum-erstleser-band-3-wale-und-delfine\/#primaryimage\"},\"image\":{\"@id\":\"https:\/\/der-schulbedarf.shop\/produkt-des-monats\/produkt\/wieso-weshalb-warum-erstleser-band-3-wale-und-delfine\/#primaryimage\"},\"thumbnailUrl\":\"https:\/\/der-schulbedarf.shop\/wp-content\/uploads\/2023\/06\/60002-720x380-2.webp\",\"datePublished\":\"2023-06-15T10:32:08+00:00\",\"dateModified\":\"2024-11-27T11:53:12+00:00\",\"description\":\"Die Sachbuchreihe f\u00fcr Kinder ab der 2. Lesestufe. Wie schlafen Wale? Was k\u00f6nnen wir von ihnen lernen? Wodurch sind Wale und Delfine gef\u00e4hrdet?\",\"breadcrumb\":{\"@id\":\"https:\/\/der-schulbedarf.shop\/produkt-des-monats\/produkt\/wieso-weshalb-warum-erstleser-band-3-wale-und-delfine\/#breadcrumb\"},\"inLanguage\":\"de\",\"potentialAction\":[{\"@type\":\"ReadAction\",\"target\":[\"https:\/\/der-schulbedarf.shop\/produkt-des-monats\/produkt\/wieso-weshalb-warum-erstleser-band-3-wale-und-delfine\/\"]}]},{\"@type\":\"ImageObject\",\"inLanguage\":\"de\",\"@id\":\"https:\/\/der-schulbedarf.shop\/produkt-des-monats\/produkt\/wieso-weshalb-warum-erstleser-band-3-wale-und-delfine\/#primaryimage\",\"url\":\"https:\/\/der-schulbedarf.shop\/wp-content\/uploads\/2023\/06\/60002-720x380-2.webp\",\"contentUrl\":\"https:\/\/der-schulbedarf.shop\/wp-content\/uploads\/2023\/06\/60002-720x380-2.webp\",\"width\":720,\"height\":380},{\"@type\":\"BreadcrumbList\",\"@id\":\"https:\/\/der-schulbedarf.shop\/produkt-des-monats\/produkt\/wieso-weshalb-warum-erstleser-band-3-wale-und-delfine\/#breadcrumb\",\"itemListElement\":[{\"@type\":\"ListItem\",\"position\":1,\"name\":\"Shop\",\"item\":\"https:\/\/der-schulbedarf.shop\/produkt-des-monats\/shop\/\"},{\"@type\":\"ListItem\",\"position\":2,\"name\":\"Wieso? Weshalb? Warum? Erstleser, Band 3: Wale und Delfine\"}]},{\"@type\":\"WebSite\",\"@id\":\"https:\/\/der-schulbedarf.shop\/produkt-des-monats\/#website\",\"url\":\"https:\/\/der-schulbedarf.shop\/produkt-des-monats\/\",\"name\":\"der-Schulbedarf.shop\",\"description\":\"\",\"publisher\":{\"@id\":\"https:\/\/der-schulbedarf.shop\/produkt-des-monats\/#organization\"},\"potentialAction\":[{\"@type\":\"SearchAction\",\"target\":{\"@type\":\"EntryPoint\",\"urlTemplate\":\"https:\/\/der-schulbedarf.shop\/produkt-des-monats\/?s={search_term_string}\"},\"query-input\":{\"@type\":\"PropertyValueSpecification\",\"valueRequired\":true,\"valueName\":\"search_term_string\"}}],\"inLanguage\":\"de\"},{\"@type\":\"Organization\",\"@id\":\"https:\/\/der-schulbedarf.shop\/produkt-des-monats\/#organization\",\"name\":\"der-Schulbedarf.shop\",\"url\":\"https:\/\/der-schulbedarf.shop\/produkt-des-monats\/\",\"logo\":{\"@type\":\"ImageObject\",\"inLanguage\":\"de\",\"@id\":\"https:\/\/der-schulbedarf.shop\/produkt-des-monats\/#\/schema\/logo\/image\/\",\"url\":\"https:\/\/der-schulbedarf.shop\/wp-content\/uploads\/2024\/02\/grafik-e1709551115899.png\",\"contentUrl\":\"https:\/\/der-schulbedarf.shop\/wp-content\/uploads\/2024\/02\/grafik-e1709551115899.png\",\"width\":80,\"height\":80,\"caption\":\"der-Schulbedarf.shop\"},\"image\":{\"@id\":\"https:\/\/der-schulbedarf.shop\/produkt-des-monats\/#\/schema\/logo\/image\/\"}}]}<\/script>\n<!-- \/ Yoast SEO plugin. -->","yoast_head_json":{"title":"Wieso? Weshalb? Warum? Erstleser, Band 3: Wale und Delfine - der-Schulbedarf.shop","description":"Die Sachbuchreihe f\u00fcr Kinder ab der 2. Lesestufe. Wie schlafen Wale? Was k\u00f6nnen wir von ihnen lernen? Wodurch sind Wale und Delfine gef\u00e4hrdet?","robots":{"index":"index","follow":"follow","max-snippet":"max-snippet:-1","max-image-preview":"max-image-preview:large","max-video-preview":"max-video-preview:-1"},"canonical":"https:\/\/der-schulbedarf.shop\/produkt-des-monats\/produkt\/wieso-weshalb-warum-erstleser-band-3-wale-und-delfine\/","og_locale":"de_DE","og_type":"article","og_title":"Wieso? Weshalb? Warum? Erstleser, Band 3: Wale und Delfine - der-Schulbedarf.shop","og_description":"Die Sachbuchreihe f\u00fcr Kinder ab der 2. Lesestufe. Wie schlafen Wale? Was k\u00f6nnen wir von ihnen lernen? Wodurch sind Wale und Delfine gef\u00e4hrdet?","og_url":"https:\/\/der-schulbedarf.shop\/produkt-des-monats\/produkt\/wieso-weshalb-warum-erstleser-band-3-wale-und-delfine\/","og_site_name":"der-Schulbedarf.shop","article_modified_time":"2024-11-27T11:53:12+00:00","og_image":[{"width":720,"height":380,"url":"https:\/\/der-schulbedarf.shop\/wp-content\/uploads\/2023\/06\/60002-720x380-2.webp","type":"image\/webp"}],"twitter_card":"summary_large_image","twitter_misc":{"Gesch\u00e4tzte Lesezeit":"2\u00a0Minuten"},"schema":{"@context":"https:\/\/schema.org","@graph":[{"@type":"WebPage","@id":"https:\/\/der-schulbedarf.shop\/produkt-des-monats\/produkt\/wieso-weshalb-warum-erstleser-band-3-wale-und-delfine\/","url":"https:\/\/der-schulbedarf.shop\/produkt-des-monats\/produkt\/wieso-weshalb-warum-erstleser-band-3-wale-und-delfine\/","name":"Wieso? Weshalb? Warum? Erstleser, Band 3: Wale und Delfine - der-Schulbedarf.shop","isPartOf":{"@id":"https:\/\/der-schulbedarf.shop\/produkt-des-monats\/#website"},"primaryImageOfPage":{"@id":"https:\/\/der-schulbedarf.shop\/produkt-des-monats\/produkt\/wieso-weshalb-warum-erstleser-band-3-wale-und-delfine\/#primaryimage"},"image":{"@id":"https:\/\/der-schulbedarf.shop\/produkt-des-monats\/produkt\/wieso-weshalb-warum-erstleser-band-3-wale-und-delfine\/#primaryimage"},"thumbnailUrl":"https:\/\/der-schulbedarf.shop\/wp-content\/uploads\/2023\/06\/60002-720x380-2.webp","datePublished":"2023-06-15T10:32:08+00:00","dateModified":"2024-11-27T11:53:12+00:00","description":"Die Sachbuchreihe f\u00fcr Kinder ab der 2. Lesestufe. Wie schlafen Wale? Was k\u00f6nnen wir von ihnen lernen? Wodurch sind Wale und Delfine gef\u00e4hrdet?","breadcrumb":{"@id":"https:\/\/der-schulbedarf.shop\/produkt-des-monats\/produkt\/wieso-weshalb-warum-erstleser-band-3-wale-und-delfine\/#breadcrumb"},"inLanguage":"de","potentialAction":[{"@type":"ReadAction","target":["https:\/\/der-schulbedarf.shop\/produkt-des-monats\/produkt\/wieso-weshalb-warum-erstleser-band-3-wale-und-delfine\/"]}]},{"@type":"ImageObject","inLanguage":"de","@id":"https:\/\/der-schulbedarf.shop\/produkt-des-monats\/produkt\/wieso-weshalb-warum-erstleser-band-3-wale-und-delfine\/#primaryimage","url":"https:\/\/der-schulbedarf.shop\/wp-content\/uploads\/2023\/06\/60002-720x380-2.webp","contentUrl":"https:\/\/der-schulbedarf.shop\/wp-content\/uploads\/2023\/06\/60002-720x380-2.webp","width":720,"height":380},{"@type":"BreadcrumbList","@id":"https:\/\/der-schulbedarf.shop\/produkt-des-monats\/produkt\/wieso-weshalb-warum-erstleser-band-3-wale-und-delfine\/#breadcrumb","itemListElement":[{"@type":"ListItem","position":1,"name":"Shop","item":"https:\/\/der-schulbedarf.shop\/produkt-des-monats\/shop\/"},{"@type":"ListItem","position":2,"name":"Wieso? Weshalb? Warum? Erstleser, Band 3: Wale und Delfine"}]},{"@type":"WebSite","@id":"https:\/\/der-schulbedarf.shop\/produkt-des-monats\/#website","url":"https:\/\/der-schulbedarf.shop\/produkt-des-monats\/","name":"der-Schulbedarf.shop","description":"","publisher":{"@id":"https:\/\/der-schulbedarf.shop\/produkt-des-monats\/#organization"},"potentialAction":[{"@type":"SearchAction","target":{"@type":"EntryPoint","urlTemplate":"https:\/\/der-schulbedarf.shop\/produkt-des-monats\/?s={search_term_string}"},"query-input":{"@type":"PropertyValueSpecification","valueRequired":true,"valueName":"search_term_string"}}],"inLanguage":"de"},{"@type":"Organization","@id":"https:\/\/der-schulbedarf.shop\/produkt-des-monats\/#organization","name":"der-Schulbedarf.shop","url":"https:\/\/der-schulbedarf.shop\/produkt-des-monats\/","logo":{"@type":"ImageObject","inLanguage":"de","@id":"https:\/\/der-schulbedarf.shop\/produkt-des-monats\/#\/schema\/logo\/image\/","url":"https:\/\/der-schulbedarf.shop\/wp-content\/uploads\/2024\/02\/grafik-e1709551115899.png","contentUrl":"https:\/\/der-schulbedarf.shop\/wp-content\/uploads\/2024\/02\/grafik-e1709551115899.png","width":80,"height":80,"caption":"der-Schulbedarf.shop"},"image":{"@id":"https:\/\/der-schulbedarf.shop\/produkt-des-monats\/#\/schema\/logo\/image\/"}}]}},"_links":{"self":[{"href":"https:\/\/der-schulbedarf.shop\/produkt-des-monats\/wp-json\/wp\/v2\/product\/2600","targetHints":{"allow":["GET"]}}],"collection":[{"href":"https:\/\/der-schulbedarf.shop\/produkt-des-monats\/wp-json\/wp\/v2\/product"}],"about":[{"href":"https:\/\/der-schulbedarf.shop\/produkt-des-monats\/wp-json\/wp\/v2\/types\/product"}],"replies":[{"embeddable":true,"href":"https:\/\/der-schulbedarf.shop\/produkt-des-monats\/wp-json\/wp\/v2\/comments?post=2600"}],"wp:featuredmedia":[{"embeddable":true,"href":"https:\/\/der-schulbedarf.shop\/produkt-des-monats\/wp-json\/wp\/v2\/media\/2706"}],"wp:attachment":[{"href":"https:\/\/der-schulbedarf.shop\/produkt-des-monats\/wp-json\/wp\/v2\/media?parent=2600"}],"wp:term":[{"taxonomy":"product_cat","embeddable":true,"href":"https:\/\/der-schulbedarf.shop\/produkt-des-monats\/wp-json\/wp\/v2\/product_cat?post=2600"},{"taxonomy":"product_tag","embeddable":true,"href":"https:\/\/der-schulbedarf.shop\/produkt-des-monats\/wp-json\/wp\/v2\/product_tag?post=2600"}],"curies":[{"name":"wp","href":"https:\/\/api.w.org\/{rel}","templated":true}]}}