{"id":2605,"date":"2023-06-15T10:56:28","date_gmt":"2023-06-15T10:56:28","guid":{"rendered":"https:\/\/der-schulbedarf.Shop\/?post_type=product&#038;p=2605"},"modified":"2024-11-27T11:51:13","modified_gmt":"2024-11-27T11:51:13","slug":"wieso-weshalb-warum-erstleser-band-4-weltraum","status":"publish","type":"product","link":"https:\/\/der-schulbedarf.shop\/produkt-des-monats\/produkt\/wieso-weshalb-warum-erstleser-band-4-weltraum\/","title":{"rendered":"Wieso? Weshalb? Warum? Erstleser, Band 4: Weltraum"},"content":{"rendered":"<p>Wieso? Weshalb? Warum? Erstleser, Band 4: Weltraum<\/p>\n<p>Ferne Galaxien, explodierende Sterne und schwarze L\u00f6cher \u2013 die unendlichen Weiten des Universums bergen jede Menge Geheimnisse. Diesen gehen Erstleser im Buch ganz selbst\u00e4ndig auf den Grund: Woraus bestehen Planeten? Was ist ein Komet? Wie gelangen Astronauten zur Raumstation? Leicht verst\u00e4ndliche Texte, anschauliche Illustrationen und Fotos helfen beim Lesen lernen. Und f\u00fcr jede Menge Spa\u00df sorgen zus\u00e4tzlich Sticker, ein Spiel und viele R\u00e4tsel.<\/p>\n<p>Wieso? Weshalb? Warum? Erstleser<br \/>\nDie Sachbuchreihe f\u00fcr Kinder ab der 2. Lesestufe<\/p>\n<p>Lesetraining, Sachwissen und Spielspa\u00df in einem!<br \/>\nMit der Reihe Wieso? Weshalb? Warum? Erstleser erschlie\u00dfen sich Kinder ihre Lieblingsthemen selbst. In vier Kapiteln beantworten die B\u00fccher brennende Kinderfragen in kurzen, leicht verst\u00e4ndlichen S\u00e4tzen. Wie lebt man auf einer Raumstation? Welche Sprache sprechen Wale? Wie gef\u00e4hrlich ist ein Vulkan?<br \/>\nIllustrationen und Fotos helfen den Kindern dabei, das Gelesene zu verstehen.<br \/>\nZus\u00e4tzlich gibt es am Ende jedes Kapitels Buchstaben- und Kreuzwortr\u00e4tsel, Suchbilder, Sudokus und vieles mehr. Ganze acht Seiten mit unterschiedlichsten R\u00e4tseln und ein Lese Quiz laden zum Knobeln ein. Ein Leselotto-Spiel hilft beim Verst\u00e4ndnis schwieriger W\u00f6rter. Auf einer Sticker Seite zeigen Texte, wo welcher Aufkleber hingeh\u00f6rt.<br \/>\nSpielerisch lesen lernen wird hier gro\u00dfgeschrieben.<\/p>\n","protected":false},"excerpt":{"rendered":"<p>Ferne Galaxien, explodierende Sterne und schwarze L\u00f6cher \u2013 die unendlichen Weiten des Universums bergen jede Menge Geheimnisse. Diesen gehen Erstleser im Buch ganz selbst\u00e4ndig auf den Grund: Woraus bestehen Planeten? Was ist ein Komet? Wie gelangen Astronauten zur Raumstation? Leicht verst\u00e4ndliche Texte, anschauliche Illustrationen und Fotos helfen beim Lesen lernen. Und f\u00fcr jede Menge Spa\u00df sorgen zus\u00e4tzlich Sticker, ein Spiel und viele R\u00e4tsel.<\/p>\n","protected":false},"featured_media":2725,"comment_status":"open","ping_status":"closed","template":"","meta":[],"product_cat":[895,224,915,944,225],"product_tag":[111,200,201,115,114,198,181],"class_list":{"0":"post-2605","1":"product","2":"type-product","3":"status-publish","4":"has-post-thumbnail","6":"product_cat-grundschule","7":"product_cat-kinderbuecher","8":"product_cat-produkt-feeds","9":"product_cat-produktzufuehrung-geizhal","10":"product_cat-ravensburger-kinderbuecher","11":"product_tag-beschaeftigung","12":"product_tag-buch","13":"product_tag-buecher","14":"product_tag-fuer-jungen","15":"product_tag-fuer-maedchen","16":"product_tag-kinderbuch","17":"product_tag-kinderbuecher","18":"post","19":"post-with-thumbnail","20":"post-with-thumbnail-large","22":"first","23":"instock","24":"taxable","25":"shipping-taxable","26":"purchasable","27":"product-type-simple"},"yoast_head":"<!-- This site is optimized with the Yoast SEO plugin v26.6 - https:\/\/yoast.com\/wordpress\/plugins\/seo\/ -->\n<title>Wieso? Weshalb? Warum? Erstleser, Band 4: Weltraum - der-Schulbedarf.shop<\/title>\n<meta name=\"description\" content=\"Die Sachbuchreihe f\u00fcr Kinder ab der 2. Lesestufe. Das Universum, Ferne Galaxien, Kometen, explodierende Sterne und schwarze L\u00f6cher \u2013 mit Spa\u00df Lernen.\" \/>\n<meta name=\"robots\" content=\"index, follow, max-snippet:-1, max-image-preview:large, max-video-preview:-1\" \/>\n<link rel=\"canonical\" href=\"https:\/\/der-schulbedarf.shop\/produkt-des-monats\/produkt\/wieso-weshalb-warum-erstleser-band-4-weltraum\/\" \/>\n<meta property=\"og:locale\" content=\"de_DE\" \/>\n<meta property=\"og:type\" content=\"article\" \/>\n<meta property=\"og:title\" content=\"Wieso? Weshalb? Warum? Erstleser, Band 4: Weltraum - der-Schulbedarf.shop\" \/>\n<meta property=\"og:description\" content=\"Die Sachbuchreihe f\u00fcr Kinder ab der 2. Lesestufe. Das Universum, Ferne Galaxien, Kometen, explodierende Sterne und schwarze L\u00f6cher \u2013 mit Spa\u00df Lernen.\" \/>\n<meta property=\"og:url\" content=\"https:\/\/der-schulbedarf.shop\/produkt-des-monats\/produkt\/wieso-weshalb-warum-erstleser-band-4-weltraum\/\" \/>\n<meta property=\"og:site_name\" content=\"der-Schulbedarf.shop\" \/>\n<meta property=\"article:modified_time\" content=\"2024-11-27T11:51:13+00:00\" \/>\n<meta property=\"og:image\" content=\"https:\/\/der-schulbedarf.shop\/wp-content\/uploads\/2023\/06\/60003-720x380-1.webp\" \/>\n\t<meta property=\"og:image:width\" content=\"720\" \/>\n\t<meta property=\"og:image:height\" content=\"380\" \/>\n\t<meta property=\"og:image:type\" content=\"image\/webp\" \/>\n<meta name=\"twitter:card\" content=\"summary_large_image\" \/>\n<meta name=\"twitter:label1\" content=\"Gesch\u00e4tzte Lesezeit\" \/>\n\t<meta name=\"twitter:data1\" content=\"2\u00a0Minuten\" \/>\n<script type=\"application\/ld+json\" class=\"yoast-schema-graph\">{\"@context\":\"https:\/\/schema.org\",\"@graph\":[{\"@type\":\"WebPage\",\"@id\":\"https:\/\/der-schulbedarf.shop\/produkt-des-monats\/produkt\/wieso-weshalb-warum-erstleser-band-4-weltraum\/\",\"url\":\"https:\/\/der-schulbedarf.shop\/produkt-des-monats\/produkt\/wieso-weshalb-warum-erstleser-band-4-weltraum\/\",\"name\":\"Wieso? Weshalb? Warum? Erstleser, Band 4: Weltraum - der-Schulbedarf.shop\",\"isPartOf\":{\"@id\":\"https:\/\/der-schulbedarf.shop\/produkt-des-monats\/#website\"},\"primaryImageOfPage\":{\"@id\":\"https:\/\/der-schulbedarf.shop\/produkt-des-monats\/produkt\/wieso-weshalb-warum-erstleser-band-4-weltraum\/#primaryimage\"},\"image\":{\"@id\":\"https:\/\/der-schulbedarf.shop\/produkt-des-monats\/produkt\/wieso-weshalb-warum-erstleser-band-4-weltraum\/#primaryimage\"},\"thumbnailUrl\":\"https:\/\/der-schulbedarf.shop\/wp-content\/uploads\/2023\/06\/60003-720x380-1.webp\",\"datePublished\":\"2023-06-15T10:56:28+00:00\",\"dateModified\":\"2024-11-27T11:51:13+00:00\",\"description\":\"Die Sachbuchreihe f\u00fcr Kinder ab der 2. Lesestufe. Das Universum, Ferne Galaxien, Kometen, explodierende Sterne und schwarze L\u00f6cher \u2013 mit Spa\u00df Lernen.\",\"breadcrumb\":{\"@id\":\"https:\/\/der-schulbedarf.shop\/produkt-des-monats\/produkt\/wieso-weshalb-warum-erstleser-band-4-weltraum\/#breadcrumb\"},\"inLanguage\":\"de\",\"potentialAction\":[{\"@type\":\"ReadAction\",\"target\":[\"https:\/\/der-schulbedarf.shop\/produkt-des-monats\/produkt\/wieso-weshalb-warum-erstleser-band-4-weltraum\/\"]}]},{\"@type\":\"ImageObject\",\"inLanguage\":\"de\",\"@id\":\"https:\/\/der-schulbedarf.shop\/produkt-des-monats\/produkt\/wieso-weshalb-warum-erstleser-band-4-weltraum\/#primaryimage\",\"url\":\"https:\/\/der-schulbedarf.shop\/wp-content\/uploads\/2023\/06\/60003-720x380-1.webp\",\"contentUrl\":\"https:\/\/der-schulbedarf.shop\/wp-content\/uploads\/2023\/06\/60003-720x380-1.webp\",\"width\":720,\"height\":380},{\"@type\":\"BreadcrumbList\",\"@id\":\"https:\/\/der-schulbedarf.shop\/produkt-des-monats\/produkt\/wieso-weshalb-warum-erstleser-band-4-weltraum\/#breadcrumb\",\"itemListElement\":[{\"@type\":\"ListItem\",\"position\":1,\"name\":\"Shop\",\"item\":\"https:\/\/der-schulbedarf.shop\/produkt-des-monats\/shop\/\"},{\"@type\":\"ListItem\",\"position\":2,\"name\":\"Wieso? Weshalb? Warum? Erstleser, Band 4: Weltraum\"}]},{\"@type\":\"WebSite\",\"@id\":\"https:\/\/der-schulbedarf.shop\/produkt-des-monats\/#website\",\"url\":\"https:\/\/der-schulbedarf.shop\/produkt-des-monats\/\",\"name\":\"der-Schulbedarf.shop\",\"description\":\"\",\"publisher\":{\"@id\":\"https:\/\/der-schulbedarf.shop\/produkt-des-monats\/#organization\"},\"potentialAction\":[{\"@type\":\"SearchAction\",\"target\":{\"@type\":\"EntryPoint\",\"urlTemplate\":\"https:\/\/der-schulbedarf.shop\/produkt-des-monats\/?s={search_term_string}\"},\"query-input\":{\"@type\":\"PropertyValueSpecification\",\"valueRequired\":true,\"valueName\":\"search_term_string\"}}],\"inLanguage\":\"de\"},{\"@type\":\"Organization\",\"@id\":\"https:\/\/der-schulbedarf.shop\/produkt-des-monats\/#organization\",\"name\":\"der-Schulbedarf.shop\",\"url\":\"https:\/\/der-schulbedarf.shop\/produkt-des-monats\/\",\"logo\":{\"@type\":\"ImageObject\",\"inLanguage\":\"de\",\"@id\":\"https:\/\/der-schulbedarf.shop\/produkt-des-monats\/#\/schema\/logo\/image\/\",\"url\":\"https:\/\/der-schulbedarf.shop\/wp-content\/uploads\/2024\/02\/grafik-e1709551115899.png\",\"contentUrl\":\"https:\/\/der-schulbedarf.shop\/wp-content\/uploads\/2024\/02\/grafik-e1709551115899.png\",\"width\":80,\"height\":80,\"caption\":\"der-Schulbedarf.shop\"},\"image\":{\"@id\":\"https:\/\/der-schulbedarf.shop\/produkt-des-monats\/#\/schema\/logo\/image\/\"}}]}<\/script>\n<!-- \/ Yoast SEO plugin. -->","yoast_head_json":{"title":"Wieso? Weshalb? Warum? Erstleser, Band 4: Weltraum - der-Schulbedarf.shop","description":"Die Sachbuchreihe f\u00fcr Kinder ab der 2. Lesestufe. Das Universum, Ferne Galaxien, Kometen, explodierende Sterne und schwarze L\u00f6cher \u2013 mit Spa\u00df Lernen.","robots":{"index":"index","follow":"follow","max-snippet":"max-snippet:-1","max-image-preview":"max-image-preview:large","max-video-preview":"max-video-preview:-1"},"canonical":"https:\/\/der-schulbedarf.shop\/produkt-des-monats\/produkt\/wieso-weshalb-warum-erstleser-band-4-weltraum\/","og_locale":"de_DE","og_type":"article","og_title":"Wieso? Weshalb? Warum? Erstleser, Band 4: Weltraum - der-Schulbedarf.shop","og_description":"Die Sachbuchreihe f\u00fcr Kinder ab der 2. Lesestufe. Das Universum, Ferne Galaxien, Kometen, explodierende Sterne und schwarze L\u00f6cher \u2013 mit Spa\u00df Lernen.","og_url":"https:\/\/der-schulbedarf.shop\/produkt-des-monats\/produkt\/wieso-weshalb-warum-erstleser-band-4-weltraum\/","og_site_name":"der-Schulbedarf.shop","article_modified_time":"2024-11-27T11:51:13+00:00","og_image":[{"width":720,"height":380,"url":"https:\/\/der-schulbedarf.shop\/wp-content\/uploads\/2023\/06\/60003-720x380-1.webp","type":"image\/webp"}],"twitter_card":"summary_large_image","twitter_misc":{"Gesch\u00e4tzte Lesezeit":"2\u00a0Minuten"},"schema":{"@context":"https:\/\/schema.org","@graph":[{"@type":"WebPage","@id":"https:\/\/der-schulbedarf.shop\/produkt-des-monats\/produkt\/wieso-weshalb-warum-erstleser-band-4-weltraum\/","url":"https:\/\/der-schulbedarf.shop\/produkt-des-monats\/produkt\/wieso-weshalb-warum-erstleser-band-4-weltraum\/","name":"Wieso? Weshalb? Warum? Erstleser, Band 4: Weltraum - der-Schulbedarf.shop","isPartOf":{"@id":"https:\/\/der-schulbedarf.shop\/produkt-des-monats\/#website"},"primaryImageOfPage":{"@id":"https:\/\/der-schulbedarf.shop\/produkt-des-monats\/produkt\/wieso-weshalb-warum-erstleser-band-4-weltraum\/#primaryimage"},"image":{"@id":"https:\/\/der-schulbedarf.shop\/produkt-des-monats\/produkt\/wieso-weshalb-warum-erstleser-band-4-weltraum\/#primaryimage"},"thumbnailUrl":"https:\/\/der-schulbedarf.shop\/wp-content\/uploads\/2023\/06\/60003-720x380-1.webp","datePublished":"2023-06-15T10:56:28+00:00","dateModified":"2024-11-27T11:51:13+00:00","description":"Die Sachbuchreihe f\u00fcr Kinder ab der 2. Lesestufe. Das Universum, Ferne Galaxien, Kometen, explodierende Sterne und schwarze L\u00f6cher \u2013 mit Spa\u00df Lernen.","breadcrumb":{"@id":"https:\/\/der-schulbedarf.shop\/produkt-des-monats\/produkt\/wieso-weshalb-warum-erstleser-band-4-weltraum\/#breadcrumb"},"inLanguage":"de","potentialAction":[{"@type":"ReadAction","target":["https:\/\/der-schulbedarf.shop\/produkt-des-monats\/produkt\/wieso-weshalb-warum-erstleser-band-4-weltraum\/"]}]},{"@type":"ImageObject","inLanguage":"de","@id":"https:\/\/der-schulbedarf.shop\/produkt-des-monats\/produkt\/wieso-weshalb-warum-erstleser-band-4-weltraum\/#primaryimage","url":"https:\/\/der-schulbedarf.shop\/wp-content\/uploads\/2023\/06\/60003-720x380-1.webp","contentUrl":"https:\/\/der-schulbedarf.shop\/wp-content\/uploads\/2023\/06\/60003-720x380-1.webp","width":720,"height":380},{"@type":"BreadcrumbList","@id":"https:\/\/der-schulbedarf.shop\/produkt-des-monats\/produkt\/wieso-weshalb-warum-erstleser-band-4-weltraum\/#breadcrumb","itemListElement":[{"@type":"ListItem","position":1,"name":"Shop","item":"https:\/\/der-schulbedarf.shop\/produkt-des-monats\/shop\/"},{"@type":"ListItem","position":2,"name":"Wieso? Weshalb? Warum? Erstleser, Band 4: Weltraum"}]},{"@type":"WebSite","@id":"https:\/\/der-schulbedarf.shop\/produkt-des-monats\/#website","url":"https:\/\/der-schulbedarf.shop\/produkt-des-monats\/","name":"der-Schulbedarf.shop","description":"","publisher":{"@id":"https:\/\/der-schulbedarf.shop\/produkt-des-monats\/#organization"},"potentialAction":[{"@type":"SearchAction","target":{"@type":"EntryPoint","urlTemplate":"https:\/\/der-schulbedarf.shop\/produkt-des-monats\/?s={search_term_string}"},"query-input":{"@type":"PropertyValueSpecification","valueRequired":true,"valueName":"search_term_string"}}],"inLanguage":"de"},{"@type":"Organization","@id":"https:\/\/der-schulbedarf.shop\/produkt-des-monats\/#organization","name":"der-Schulbedarf.shop","url":"https:\/\/der-schulbedarf.shop\/produkt-des-monats\/","logo":{"@type":"ImageObject","inLanguage":"de","@id":"https:\/\/der-schulbedarf.shop\/produkt-des-monats\/#\/schema\/logo\/image\/","url":"https:\/\/der-schulbedarf.shop\/wp-content\/uploads\/2024\/02\/grafik-e1709551115899.png","contentUrl":"https:\/\/der-schulbedarf.shop\/wp-content\/uploads\/2024\/02\/grafik-e1709551115899.png","width":80,"height":80,"caption":"der-Schulbedarf.shop"},"image":{"@id":"https:\/\/der-schulbedarf.shop\/produkt-des-monats\/#\/schema\/logo\/image\/"}}]}},"_links":{"self":[{"href":"https:\/\/der-schulbedarf.shop\/produkt-des-monats\/wp-json\/wp\/v2\/product\/2605","targetHints":{"allow":["GET"]}}],"collection":[{"href":"https:\/\/der-schulbedarf.shop\/produkt-des-monats\/wp-json\/wp\/v2\/product"}],"about":[{"href":"https:\/\/der-schulbedarf.shop\/produkt-des-monats\/wp-json\/wp\/v2\/types\/product"}],"replies":[{"embeddable":true,"href":"https:\/\/der-schulbedarf.shop\/produkt-des-monats\/wp-json\/wp\/v2\/comments?post=2605"}],"wp:featuredmedia":[{"embeddable":true,"href":"https:\/\/der-schulbedarf.shop\/produkt-des-monats\/wp-json\/wp\/v2\/media\/2725"}],"wp:attachment":[{"href":"https:\/\/der-schulbedarf.shop\/produkt-des-monats\/wp-json\/wp\/v2\/media?parent=2605"}],"wp:term":[{"taxonomy":"product_cat","embeddable":true,"href":"https:\/\/der-schulbedarf.shop\/produkt-des-monats\/wp-json\/wp\/v2\/product_cat?post=2605"},{"taxonomy":"product_tag","embeddable":true,"href":"https:\/\/der-schulbedarf.shop\/produkt-des-monats\/wp-json\/wp\/v2\/product_tag?post=2605"}],"curies":[{"name":"wp","href":"https:\/\/api.w.org\/{rel}","templated":true}]}}