{"id":2817,"date":"2023-06-16T05:10:19","date_gmt":"2023-06-16T05:10:19","guid":{"rendered":"https:\/\/der-schulbedarf.Shop\/?post_type=product&#038;p=2817"},"modified":"2024-11-27T11:46:16","modified_gmt":"2024-11-27T11:46:16","slug":"welt-der-dinosaurier","status":"publish","type":"product","link":"https:\/\/der-schulbedarf.shop\/produkt-des-monats\/produkt\/welt-der-dinosaurier\/","title":{"rendered":"Welt der Dinosaurier"},"content":{"rendered":"<p>Puzzle trifft Malbuch &#8211; diese Kombination bietet die Puzzle + Coloring Booklet Serie von Ravensburger. Neben 100 XXL-Puzzleteilen, die wie geschaffen sind f\u00fcr neugierige Kinderh\u00e4nde, liegt in jeder Packung auch ein 8-seitiges Ausmalbuch bereit. Die Malvorlagen des Booklets sind dabei thematisch auf das Puzzlemotiv abgestimmt. So k\u00f6nnen kleine Puzzler ab 6 Jahren noch kreativer in die bunten Welten von Dinosaurier, Einh\u00f6rnern und Co. eintauchen<\/p>\n<p>Der spielerische Umgang mit den farbenfrohen Puzzleteilen f\u00f6rdert die kindliche Konzentration, tr\u00e4gt zur verbesserten Koordination bei und ist auch eine anspornende Herausforderung, die gemeistert werden will. Bis Teil f\u00fcr Teil ein fertiges Bild entstanden ist, sind bei dem kleinen Puzzle-Fan Geduld und Einfallsreichtum gefragt. Daf\u00fcr winkt eine doppelte Belohnung: Im Ausmalbuch laden sch\u00f6n gezeichnete Bildvorlagen zum kreativen Gestalten mit dem Buntstift ein. So k\u00f6nnen sich Kinder einem Thema auf zwei Darstellungsebenen spielerisch n\u00e4hern.<\/p>\n<p>Die Unbedenklichkeit aller verwendeten Materialien wurde von einem unabh\u00e4ngigen Institut best\u00e4tigt. Seit mehr als 100 Jahren entwickeln wir Puzzles, wie Kinder sie lieben: altersgerecht in Motiv, Teilezahl und -gr\u00f6\u00dfe.<\/p>\n<p>Hinweis: Es sind keine Stifte im Produkt enthalten. Zum Ausmalen der Malvorlagen empfehlen wir Buntstifte.<\/p>\n","protected":false},"excerpt":{"rendered":"<p>Puzzle trifft Malbuch &#8211; diese Kombination bietet die Puzzle + Coloring Booklet Serie von Ravensburger. Neben 100 XXL-Puzzleteilen, die wie geschaffen sind f\u00fcr neugierige Kinderh\u00e4nde, liegt in jeder Packung auch ein 8-seitiges Ausmalbuch bereit. Die Malvorlagen des Booklets sind dabei thematisch auf das Puzzlemotiv abgestimmt. So k\u00f6nnen kleine Puzzler ab 6 Jahren noch kreativer in die bunten Welten von Dinosaurier, Einh\u00f6rnern und Co. eintauchen<\/p>\n","protected":false},"featured_media":2830,"comment_status":"open","ping_status":"closed","template":"","meta":[],"product_cat":[34,37],"product_tag":[113,112,207,193,154],"class_list":{"0":"post-2817","1":"product","2":"type-product","3":"status-publish","4":"has-post-thumbnail","6":"product_cat-kinderspielzeug","7":"product_cat-ravensburger","8":"product_tag-geschenk","9":"product_tag-geschenkidee","10":"product_tag-junge","11":"product_tag-ravensburger","12":"product_tag-ravensburger-puzzle","13":"post","14":"post-with-thumbnail","15":"post-with-thumbnail-large","17":"first","18":"outofstock","19":"taxable","20":"shipping-taxable","21":"purchasable","22":"product-type-simple"},"yoast_head":"<!-- This site is optimized with the Yoast SEO plugin v26.6 - https:\/\/yoast.com\/wordpress\/plugins\/seo\/ -->\n<title>Welt der Dinosaurier - der-Schulbedarf.shop<\/title>\n<meta name=\"robots\" content=\"index, follow, max-snippet:-1, max-image-preview:large, max-video-preview:-1\" \/>\n<link rel=\"canonical\" href=\"https:\/\/der-schulbedarf.shop\/produkt-des-monats\/produkt\/welt-der-dinosaurier\/\" \/>\n<meta property=\"og:locale\" content=\"de_DE\" \/>\n<meta property=\"og:type\" content=\"article\" \/>\n<meta property=\"og:title\" content=\"Welt der Dinosaurier - der-Schulbedarf.shop\" \/>\n<meta property=\"og:description\" content=\"Puzzle trifft Malbuch - diese Kombination bietet die Puzzle + Coloring Booklet Serie von Ravensburger. Neben 100 XXL-Puzzleteilen, die wie geschaffen sind f\u00fcr neugierige Kinderh\u00e4nde, liegt in jeder Packung auch ein 8-seitiges Ausmalbuch bereit. Die Malvorlagen des Booklets sind dabei thematisch auf das Puzzlemotiv abgestimmt. So k\u00f6nnen kleine Puzzler ab 6 Jahren noch kreativer in die bunten Welten von Dinosaurier, Einh\u00f6rnern und Co. eintauchen\" \/>\n<meta property=\"og:url\" content=\"https:\/\/der-schulbedarf.shop\/produkt-des-monats\/produkt\/welt-der-dinosaurier\/\" \/>\n<meta property=\"og:site_name\" content=\"der-Schulbedarf.shop\" \/>\n<meta property=\"article:modified_time\" content=\"2024-11-27T11:46:16+00:00\" \/>\n<meta property=\"og:image\" content=\"https:\/\/der-schulbedarf.shop\/wp-content\/uploads\/2023\/06\/13695-720x380-1.webp\" \/>\n\t<meta property=\"og:image:width\" content=\"720\" \/>\n\t<meta property=\"og:image:height\" content=\"380\" \/>\n\t<meta property=\"og:image:type\" content=\"image\/webp\" \/>\n<meta name=\"twitter:card\" content=\"summary_large_image\" \/>\n<meta name=\"twitter:label1\" content=\"Gesch\u00e4tzte Lesezeit\" \/>\n\t<meta name=\"twitter:data1\" content=\"1\u00a0Minute\" \/>\n<script type=\"application\/ld+json\" class=\"yoast-schema-graph\">{\"@context\":\"https:\/\/schema.org\",\"@graph\":[{\"@type\":\"WebPage\",\"@id\":\"https:\/\/der-schulbedarf.shop\/produkt-des-monats\/produkt\/welt-der-dinosaurier\/\",\"url\":\"https:\/\/der-schulbedarf.shop\/produkt-des-monats\/produkt\/welt-der-dinosaurier\/\",\"name\":\"Welt der Dinosaurier - der-Schulbedarf.shop\",\"isPartOf\":{\"@id\":\"https:\/\/der-schulbedarf.shop\/produkt-des-monats\/#website\"},\"primaryImageOfPage\":{\"@id\":\"https:\/\/der-schulbedarf.shop\/produkt-des-monats\/produkt\/welt-der-dinosaurier\/#primaryimage\"},\"image\":{\"@id\":\"https:\/\/der-schulbedarf.shop\/produkt-des-monats\/produkt\/welt-der-dinosaurier\/#primaryimage\"},\"thumbnailUrl\":\"https:\/\/der-schulbedarf.shop\/wp-content\/uploads\/2023\/06\/13695-720x380-1.webp\",\"datePublished\":\"2023-06-16T05:10:19+00:00\",\"dateModified\":\"2024-11-27T11:46:16+00:00\",\"breadcrumb\":{\"@id\":\"https:\/\/der-schulbedarf.shop\/produkt-des-monats\/produkt\/welt-der-dinosaurier\/#breadcrumb\"},\"inLanguage\":\"de\",\"potentialAction\":[{\"@type\":\"ReadAction\",\"target\":[\"https:\/\/der-schulbedarf.shop\/produkt-des-monats\/produkt\/welt-der-dinosaurier\/\"]}]},{\"@type\":\"ImageObject\",\"inLanguage\":\"de\",\"@id\":\"https:\/\/der-schulbedarf.shop\/produkt-des-monats\/produkt\/welt-der-dinosaurier\/#primaryimage\",\"url\":\"https:\/\/der-schulbedarf.shop\/wp-content\/uploads\/2023\/06\/13695-720x380-1.webp\",\"contentUrl\":\"https:\/\/der-schulbedarf.shop\/wp-content\/uploads\/2023\/06\/13695-720x380-1.webp\",\"width\":720,\"height\":380},{\"@type\":\"BreadcrumbList\",\"@id\":\"https:\/\/der-schulbedarf.shop\/produkt-des-monats\/produkt\/welt-der-dinosaurier\/#breadcrumb\",\"itemListElement\":[{\"@type\":\"ListItem\",\"position\":1,\"name\":\"Shop\",\"item\":\"https:\/\/der-schulbedarf.shop\/produkt-des-monats\/shop\/\"},{\"@type\":\"ListItem\",\"position\":2,\"name\":\"Welt der Dinosaurier\"}]},{\"@type\":\"WebSite\",\"@id\":\"https:\/\/der-schulbedarf.shop\/produkt-des-monats\/#website\",\"url\":\"https:\/\/der-schulbedarf.shop\/produkt-des-monats\/\",\"name\":\"der-Schulbedarf.shop\",\"description\":\"\",\"publisher\":{\"@id\":\"https:\/\/der-schulbedarf.shop\/produkt-des-monats\/#organization\"},\"potentialAction\":[{\"@type\":\"SearchAction\",\"target\":{\"@type\":\"EntryPoint\",\"urlTemplate\":\"https:\/\/der-schulbedarf.shop\/produkt-des-monats\/?s={search_term_string}\"},\"query-input\":{\"@type\":\"PropertyValueSpecification\",\"valueRequired\":true,\"valueName\":\"search_term_string\"}}],\"inLanguage\":\"de\"},{\"@type\":\"Organization\",\"@id\":\"https:\/\/der-schulbedarf.shop\/produkt-des-monats\/#organization\",\"name\":\"der-Schulbedarf.shop\",\"url\":\"https:\/\/der-schulbedarf.shop\/produkt-des-monats\/\",\"logo\":{\"@type\":\"ImageObject\",\"inLanguage\":\"de\",\"@id\":\"https:\/\/der-schulbedarf.shop\/produkt-des-monats\/#\/schema\/logo\/image\/\",\"url\":\"https:\/\/der-schulbedarf.shop\/wp-content\/uploads\/2024\/02\/grafik-e1709551115899.png\",\"contentUrl\":\"https:\/\/der-schulbedarf.shop\/wp-content\/uploads\/2024\/02\/grafik-e1709551115899.png\",\"width\":80,\"height\":80,\"caption\":\"der-Schulbedarf.shop\"},\"image\":{\"@id\":\"https:\/\/der-schulbedarf.shop\/produkt-des-monats\/#\/schema\/logo\/image\/\"}}]}<\/script>\n<!-- \/ Yoast SEO plugin. -->","yoast_head_json":{"title":"Welt der Dinosaurier - der-Schulbedarf.shop","robots":{"index":"index","follow":"follow","max-snippet":"max-snippet:-1","max-image-preview":"max-image-preview:large","max-video-preview":"max-video-preview:-1"},"canonical":"https:\/\/der-schulbedarf.shop\/produkt-des-monats\/produkt\/welt-der-dinosaurier\/","og_locale":"de_DE","og_type":"article","og_title":"Welt der Dinosaurier - der-Schulbedarf.shop","og_description":"Puzzle trifft Malbuch - diese Kombination bietet die Puzzle + Coloring Booklet Serie von Ravensburger. Neben 100 XXL-Puzzleteilen, die wie geschaffen sind f\u00fcr neugierige Kinderh\u00e4nde, liegt in jeder Packung auch ein 8-seitiges Ausmalbuch bereit. Die Malvorlagen des Booklets sind dabei thematisch auf das Puzzlemotiv abgestimmt. So k\u00f6nnen kleine Puzzler ab 6 Jahren noch kreativer in die bunten Welten von Dinosaurier, Einh\u00f6rnern und Co. eintauchen","og_url":"https:\/\/der-schulbedarf.shop\/produkt-des-monats\/produkt\/welt-der-dinosaurier\/","og_site_name":"der-Schulbedarf.shop","article_modified_time":"2024-11-27T11:46:16+00:00","og_image":[{"width":720,"height":380,"url":"https:\/\/der-schulbedarf.shop\/wp-content\/uploads\/2023\/06\/13695-720x380-1.webp","type":"image\/webp"}],"twitter_card":"summary_large_image","twitter_misc":{"Gesch\u00e4tzte Lesezeit":"1\u00a0Minute"},"schema":{"@context":"https:\/\/schema.org","@graph":[{"@type":"WebPage","@id":"https:\/\/der-schulbedarf.shop\/produkt-des-monats\/produkt\/welt-der-dinosaurier\/","url":"https:\/\/der-schulbedarf.shop\/produkt-des-monats\/produkt\/welt-der-dinosaurier\/","name":"Welt der Dinosaurier - der-Schulbedarf.shop","isPartOf":{"@id":"https:\/\/der-schulbedarf.shop\/produkt-des-monats\/#website"},"primaryImageOfPage":{"@id":"https:\/\/der-schulbedarf.shop\/produkt-des-monats\/produkt\/welt-der-dinosaurier\/#primaryimage"},"image":{"@id":"https:\/\/der-schulbedarf.shop\/produkt-des-monats\/produkt\/welt-der-dinosaurier\/#primaryimage"},"thumbnailUrl":"https:\/\/der-schulbedarf.shop\/wp-content\/uploads\/2023\/06\/13695-720x380-1.webp","datePublished":"2023-06-16T05:10:19+00:00","dateModified":"2024-11-27T11:46:16+00:00","breadcrumb":{"@id":"https:\/\/der-schulbedarf.shop\/produkt-des-monats\/produkt\/welt-der-dinosaurier\/#breadcrumb"},"inLanguage":"de","potentialAction":[{"@type":"ReadAction","target":["https:\/\/der-schulbedarf.shop\/produkt-des-monats\/produkt\/welt-der-dinosaurier\/"]}]},{"@type":"ImageObject","inLanguage":"de","@id":"https:\/\/der-schulbedarf.shop\/produkt-des-monats\/produkt\/welt-der-dinosaurier\/#primaryimage","url":"https:\/\/der-schulbedarf.shop\/wp-content\/uploads\/2023\/06\/13695-720x380-1.webp","contentUrl":"https:\/\/der-schulbedarf.shop\/wp-content\/uploads\/2023\/06\/13695-720x380-1.webp","width":720,"height":380},{"@type":"BreadcrumbList","@id":"https:\/\/der-schulbedarf.shop\/produkt-des-monats\/produkt\/welt-der-dinosaurier\/#breadcrumb","itemListElement":[{"@type":"ListItem","position":1,"name":"Shop","item":"https:\/\/der-schulbedarf.shop\/produkt-des-monats\/shop\/"},{"@type":"ListItem","position":2,"name":"Welt der Dinosaurier"}]},{"@type":"WebSite","@id":"https:\/\/der-schulbedarf.shop\/produkt-des-monats\/#website","url":"https:\/\/der-schulbedarf.shop\/produkt-des-monats\/","name":"der-Schulbedarf.shop","description":"","publisher":{"@id":"https:\/\/der-schulbedarf.shop\/produkt-des-monats\/#organization"},"potentialAction":[{"@type":"SearchAction","target":{"@type":"EntryPoint","urlTemplate":"https:\/\/der-schulbedarf.shop\/produkt-des-monats\/?s={search_term_string}"},"query-input":{"@type":"PropertyValueSpecification","valueRequired":true,"valueName":"search_term_string"}}],"inLanguage":"de"},{"@type":"Organization","@id":"https:\/\/der-schulbedarf.shop\/produkt-des-monats\/#organization","name":"der-Schulbedarf.shop","url":"https:\/\/der-schulbedarf.shop\/produkt-des-monats\/","logo":{"@type":"ImageObject","inLanguage":"de","@id":"https:\/\/der-schulbedarf.shop\/produkt-des-monats\/#\/schema\/logo\/image\/","url":"https:\/\/der-schulbedarf.shop\/wp-content\/uploads\/2024\/02\/grafik-e1709551115899.png","contentUrl":"https:\/\/der-schulbedarf.shop\/wp-content\/uploads\/2024\/02\/grafik-e1709551115899.png","width":80,"height":80,"caption":"der-Schulbedarf.shop"},"image":{"@id":"https:\/\/der-schulbedarf.shop\/produkt-des-monats\/#\/schema\/logo\/image\/"}}]}},"_links":{"self":[{"href":"https:\/\/der-schulbedarf.shop\/produkt-des-monats\/wp-json\/wp\/v2\/product\/2817","targetHints":{"allow":["GET"]}}],"collection":[{"href":"https:\/\/der-schulbedarf.shop\/produkt-des-monats\/wp-json\/wp\/v2\/product"}],"about":[{"href":"https:\/\/der-schulbedarf.shop\/produkt-des-monats\/wp-json\/wp\/v2\/types\/product"}],"replies":[{"embeddable":true,"href":"https:\/\/der-schulbedarf.shop\/produkt-des-monats\/wp-json\/wp\/v2\/comments?post=2817"}],"wp:featuredmedia":[{"embeddable":true,"href":"https:\/\/der-schulbedarf.shop\/produkt-des-monats\/wp-json\/wp\/v2\/media\/2830"}],"wp:attachment":[{"href":"https:\/\/der-schulbedarf.shop\/produkt-des-monats\/wp-json\/wp\/v2\/media?parent=2817"}],"wp:term":[{"taxonomy":"product_cat","embeddable":true,"href":"https:\/\/der-schulbedarf.shop\/produkt-des-monats\/wp-json\/wp\/v2\/product_cat?post=2817"},{"taxonomy":"product_tag","embeddable":true,"href":"https:\/\/der-schulbedarf.shop\/produkt-des-monats\/wp-json\/wp\/v2\/product_tag?post=2817"}],"curies":[{"name":"wp","href":"https:\/\/api.w.org\/{rel}","templated":true}]}}