{"id":2926,"date":"2023-07-12T17:00:36","date_gmt":"2023-07-12T17:00:36","guid":{"rendered":"https:\/\/der-schulbedarf.Shop\/?post_type=product&#038;p=2926"},"modified":"2025-08-12T12:20:48","modified_gmt":"2025-08-12T12:20:48","slug":"wieso-weshalb-warum-band-12-alles-ueber-dinosaurier","status":"publish","type":"product","link":"https:\/\/der-schulbedarf.shop\/produkt-des-monats\/produkt\/wieso-weshalb-warum-band-12-alles-ueber-dinosaurier\/","title":{"rendered":"Wieso? Weshalb? Warum?, Band 12: Alles \u00fcber Dinosaurier"},"content":{"rendered":"<p>Kinder lieben Dinosaurier und sie haben tausend Fragen: Wie jagten die Dinosaurier ihre Beute? Mit welchen Tricks verteidigten sie sich gegen Feinde? Und warum starben die Dinos aus? Mithilfe von Klappen blicken Kinder in ein Dinosaurierei, erforschen Fossilien und reisen zur\u00fcck in die Urzeit. Ein Buch voller Wissen \u00fcber die Welt der Saurier: vom kleinen Compsognathus, \u00fcber den gef\u00fcrchteten Tyrannosaurus rex bis zum riesigen Brachiosaurus.<\/p>\n<p>Wieso? Weshalb? Warum?<br \/>\nDie Sachbuchreihe f\u00fcr Kinder von 4\u20137 Jahren<\/p>\n<p>Jeden Tag entdecken Kinder etwas Neues \u2013 da kommen viele Fragen auf. Warum sind die Dinosaurier ausgestorben? Wo ist die Sonne in der Nacht? Wozu brauchen wir das Blut? Die beliebte Sachbuchreihe Wieso? Weshalb? Warum? gibt Kindern Antworten auf Augenh\u00f6he. Dabei werden die unterschiedlichsten Themen aus der Alltags- und Interessenswelt der Kinder altersgerecht und mit viel Liebe zum Detail unter die Lupe genommen.<br \/>\nDetailreiche Bilder, verst\u00e4ndliche Sachtexte und \u00fcberraschende Klappen, die Bewegungen oder Abl\u00e4ufe veranschaulichen und hinter die Dinge blicken lassen, erm\u00f6glichen Kindern, sich ihre Themen selbst zu erschlie\u00dfen. Der Spa\u00df am eigenh\u00e4ndigen Entdecken, die liebevolle Umsetzung und die qualitativ hochwertige Ausstattung garantieren langanhaltende Freude an jedem einzelnen Buch.<\/p>\n","protected":false},"excerpt":{"rendered":"<p>Kinder lieben Dinosaurier und sie haben tausend Fragen: Wie jagten die Dinosaurier ihre Beute? Mit welchen Tricks verteidigten sie sich gegen Feinde? Und warum starben die Dinos aus? Mithilfe von Klappen blicken Kinder in ein Dinosaurierei, erforschen Fossilien und reisen zur\u00fcck in die Urzeit. Ein Buch voller Wissen \u00fcber die Welt der Saurier: vom kleinen [&hellip;]<\/p>\n","protected":false},"featured_media":2927,"comment_status":"open","ping_status":"closed","template":"","meta":[],"product_cat":[224,915,944,225],"product_tag":[111,200,201,734,869,115,872,114,113,865,866,112,426,868,198,181,1057,864,202,168,863,862,873,870,529,167,736,738,731,867,871,861],"class_list":{"0":"post-2926","1":"product","2":"type-product","3":"status-publish","4":"has-post-thumbnail","6":"product_cat-kinderbuecher","7":"product_cat-produkt-feeds","8":"product_cat-produktzufuehrung-geizhal","9":"product_cat-ravensburger-kinderbuecher","10":"product_tag-beschaeftigung","11":"product_tag-buch","12":"product_tag-buecher","13":"product_tag-dinos","14":"product_tag-fossil","15":"product_tag-fuer-jungen","16":"product_tag-fuer-kinder-ab-4-jahre","17":"product_tag-fuer-maedchen","18":"product_tag-geschenk","19":"product_tag-geschenk-fuer-jungs","20":"product_tag-geschenk-fuer-maedchen","21":"product_tag-geschenkidee","22":"product_tag-geschichte","23":"product_tag-kinder-fragen","24":"product_tag-kinderbuch","25":"product_tag-kinderbuecher","26":"product_tag-kindersachbuch","27":"product_tag-klappen-buch","28":"product_tag-lesen","29":"product_tag-natur","30":"product_tag-sach-bilderbuch","31":"product_tag-sachbuch","32":"product_tag-sachbuecher","33":"product_tag-stegosaurus","34":"product_tag-t-rex","35":"product_tag-tiere","36":"product_tag-triceratops","37":"product_tag-tyrannosaurus-rex","38":"product_tag-urzeit","39":"product_tag-vorschule-und-kindergarten","40":"product_tag-wieso-weshalb-warum","41":"product_tag-wissen","42":"post","43":"post-with-thumbnail","44":"post-with-thumbnail-large","46":"first","47":"outofstock","48":"taxable","49":"shipping-taxable","50":"purchasable","51":"product-type-simple"},"yoast_head":"<!-- This site is optimized with the Yoast SEO plugin v26.6 - https:\/\/yoast.com\/wordpress\/plugins\/seo\/ -->\n<title>Wieso? Weshalb? Warum?, Band 12: Alles \u00fcber Dinosaurier - der-Schulbedarf.shop<\/title>\n<meta name=\"description\" content=\"Band 12: Alles \u00fcber Dinosaurier. Ein Buch mit Wissen \u00fcber die Welt der Saurier: Alles \u00fcber den gef\u00fcrchteten Tyrannosaurus rex bis zum riesigen Brachiosaurus\" \/>\n<meta name=\"robots\" content=\"index, follow, max-snippet:-1, max-image-preview:large, max-video-preview:-1\" \/>\n<link rel=\"canonical\" href=\"https:\/\/der-schulbedarf.shop\/produkt-des-monats\/produkt\/wieso-weshalb-warum-band-12-alles-ueber-dinosaurier\/\" \/>\n<meta property=\"og:locale\" content=\"de_DE\" \/>\n<meta property=\"og:type\" content=\"article\" \/>\n<meta property=\"og:title\" content=\"Wieso? Weshalb? Warum?, Band 12: Alles \u00fcber Dinosaurier - der-Schulbedarf.shop\" \/>\n<meta property=\"og:description\" content=\"Band 12: Alles \u00fcber Dinosaurier. Ein Buch mit Wissen \u00fcber die Welt der Saurier: Alles \u00fcber den gef\u00fcrchteten Tyrannosaurus rex bis zum riesigen Brachiosaurus\" \/>\n<meta property=\"og:url\" content=\"https:\/\/der-schulbedarf.shop\/produkt-des-monats\/produkt\/wieso-weshalb-warum-band-12-alles-ueber-dinosaurier\/\" \/>\n<meta property=\"og:site_name\" content=\"der-Schulbedarf.shop\" \/>\n<meta property=\"article:modified_time\" content=\"2025-08-12T12:20:48+00:00\" \/>\n<meta property=\"og:image\" content=\"https:\/\/der-schulbedarf.shop\/wp-content\/uploads\/2023\/07\/33268.jpg\" \/>\n\t<meta property=\"og:image:width\" content=\"863\" \/>\n\t<meta property=\"og:image:height\" content=\"1024\" \/>\n\t<meta property=\"og:image:type\" content=\"image\/jpeg\" \/>\n<meta name=\"twitter:card\" content=\"summary_large_image\" \/>\n<meta name=\"twitter:label1\" content=\"Gesch\u00e4tzte Lesezeit\" \/>\n\t<meta name=\"twitter:data1\" content=\"2\u00a0Minuten\" \/>\n<script type=\"application\/ld+json\" class=\"yoast-schema-graph\">{\"@context\":\"https:\/\/schema.org\",\"@graph\":[{\"@type\":\"WebPage\",\"@id\":\"https:\/\/der-schulbedarf.shop\/produkt-des-monats\/produkt\/wieso-weshalb-warum-band-12-alles-ueber-dinosaurier\/\",\"url\":\"https:\/\/der-schulbedarf.shop\/produkt-des-monats\/produkt\/wieso-weshalb-warum-band-12-alles-ueber-dinosaurier\/\",\"name\":\"Wieso? Weshalb? Warum?, Band 12: Alles \u00fcber Dinosaurier - der-Schulbedarf.shop\",\"isPartOf\":{\"@id\":\"https:\/\/der-schulbedarf.shop\/produkt-des-monats\/#website\"},\"primaryImageOfPage\":{\"@id\":\"https:\/\/der-schulbedarf.shop\/produkt-des-monats\/produkt\/wieso-weshalb-warum-band-12-alles-ueber-dinosaurier\/#primaryimage\"},\"image\":{\"@id\":\"https:\/\/der-schulbedarf.shop\/produkt-des-monats\/produkt\/wieso-weshalb-warum-band-12-alles-ueber-dinosaurier\/#primaryimage\"},\"thumbnailUrl\":\"https:\/\/der-schulbedarf.shop\/wp-content\/uploads\/2023\/07\/33268.jpg\",\"datePublished\":\"2023-07-12T17:00:36+00:00\",\"dateModified\":\"2025-08-12T12:20:48+00:00\",\"description\":\"Band 12: Alles \u00fcber Dinosaurier. Ein Buch mit Wissen \u00fcber die Welt der Saurier: Alles \u00fcber den gef\u00fcrchteten Tyrannosaurus rex bis zum riesigen Brachiosaurus\",\"breadcrumb\":{\"@id\":\"https:\/\/der-schulbedarf.shop\/produkt-des-monats\/produkt\/wieso-weshalb-warum-band-12-alles-ueber-dinosaurier\/#breadcrumb\"},\"inLanguage\":\"de\",\"potentialAction\":[{\"@type\":\"ReadAction\",\"target\":[\"https:\/\/der-schulbedarf.shop\/produkt-des-monats\/produkt\/wieso-weshalb-warum-band-12-alles-ueber-dinosaurier\/\"]}]},{\"@type\":\"ImageObject\",\"inLanguage\":\"de\",\"@id\":\"https:\/\/der-schulbedarf.shop\/produkt-des-monats\/produkt\/wieso-weshalb-warum-band-12-alles-ueber-dinosaurier\/#primaryimage\",\"url\":\"https:\/\/der-schulbedarf.shop\/wp-content\/uploads\/2023\/07\/33268.jpg\",\"contentUrl\":\"https:\/\/der-schulbedarf.shop\/wp-content\/uploads\/2023\/07\/33268.jpg\",\"width\":863,\"height\":1024},{\"@type\":\"BreadcrumbList\",\"@id\":\"https:\/\/der-schulbedarf.shop\/produkt-des-monats\/produkt\/wieso-weshalb-warum-band-12-alles-ueber-dinosaurier\/#breadcrumb\",\"itemListElement\":[{\"@type\":\"ListItem\",\"position\":1,\"name\":\"Shop\",\"item\":\"https:\/\/der-schulbedarf.shop\/produkt-des-monats\/shop\/\"},{\"@type\":\"ListItem\",\"position\":2,\"name\":\"Wieso? Weshalb? Warum?, Band 12: Alles \u00fcber Dinosaurier\"}]},{\"@type\":\"WebSite\",\"@id\":\"https:\/\/der-schulbedarf.shop\/produkt-des-monats\/#website\",\"url\":\"https:\/\/der-schulbedarf.shop\/produkt-des-monats\/\",\"name\":\"der-Schulbedarf.shop\",\"description\":\"\",\"publisher\":{\"@id\":\"https:\/\/der-schulbedarf.shop\/produkt-des-monats\/#organization\"},\"potentialAction\":[{\"@type\":\"SearchAction\",\"target\":{\"@type\":\"EntryPoint\",\"urlTemplate\":\"https:\/\/der-schulbedarf.shop\/produkt-des-monats\/?s={search_term_string}\"},\"query-input\":{\"@type\":\"PropertyValueSpecification\",\"valueRequired\":true,\"valueName\":\"search_term_string\"}}],\"inLanguage\":\"de\"},{\"@type\":\"Organization\",\"@id\":\"https:\/\/der-schulbedarf.shop\/produkt-des-monats\/#organization\",\"name\":\"der-Schulbedarf.shop\",\"url\":\"https:\/\/der-schulbedarf.shop\/produkt-des-monats\/\",\"logo\":{\"@type\":\"ImageObject\",\"inLanguage\":\"de\",\"@id\":\"https:\/\/der-schulbedarf.shop\/produkt-des-monats\/#\/schema\/logo\/image\/\",\"url\":\"https:\/\/der-schulbedarf.shop\/wp-content\/uploads\/2024\/02\/grafik-e1709551115899.png\",\"contentUrl\":\"https:\/\/der-schulbedarf.shop\/wp-content\/uploads\/2024\/02\/grafik-e1709551115899.png\",\"width\":80,\"height\":80,\"caption\":\"der-Schulbedarf.shop\"},\"image\":{\"@id\":\"https:\/\/der-schulbedarf.shop\/produkt-des-monats\/#\/schema\/logo\/image\/\"}}]}<\/script>\n<!-- \/ Yoast SEO plugin. -->","yoast_head_json":{"title":"Wieso? Weshalb? Warum?, Band 12: Alles \u00fcber Dinosaurier - der-Schulbedarf.shop","description":"Band 12: Alles \u00fcber Dinosaurier. Ein Buch mit Wissen \u00fcber die Welt der Saurier: Alles \u00fcber den gef\u00fcrchteten Tyrannosaurus rex bis zum riesigen Brachiosaurus","robots":{"index":"index","follow":"follow","max-snippet":"max-snippet:-1","max-image-preview":"max-image-preview:large","max-video-preview":"max-video-preview:-1"},"canonical":"https:\/\/der-schulbedarf.shop\/produkt-des-monats\/produkt\/wieso-weshalb-warum-band-12-alles-ueber-dinosaurier\/","og_locale":"de_DE","og_type":"article","og_title":"Wieso? Weshalb? Warum?, Band 12: Alles \u00fcber Dinosaurier - der-Schulbedarf.shop","og_description":"Band 12: Alles \u00fcber Dinosaurier. Ein Buch mit Wissen \u00fcber die Welt der Saurier: Alles \u00fcber den gef\u00fcrchteten Tyrannosaurus rex bis zum riesigen Brachiosaurus","og_url":"https:\/\/der-schulbedarf.shop\/produkt-des-monats\/produkt\/wieso-weshalb-warum-band-12-alles-ueber-dinosaurier\/","og_site_name":"der-Schulbedarf.shop","article_modified_time":"2025-08-12T12:20:48+00:00","og_image":[{"width":863,"height":1024,"url":"https:\/\/der-schulbedarf.shop\/wp-content\/uploads\/2023\/07\/33268.jpg","type":"image\/jpeg"}],"twitter_card":"summary_large_image","twitter_misc":{"Gesch\u00e4tzte Lesezeit":"2\u00a0Minuten"},"schema":{"@context":"https:\/\/schema.org","@graph":[{"@type":"WebPage","@id":"https:\/\/der-schulbedarf.shop\/produkt-des-monats\/produkt\/wieso-weshalb-warum-band-12-alles-ueber-dinosaurier\/","url":"https:\/\/der-schulbedarf.shop\/produkt-des-monats\/produkt\/wieso-weshalb-warum-band-12-alles-ueber-dinosaurier\/","name":"Wieso? Weshalb? Warum?, Band 12: Alles \u00fcber Dinosaurier - der-Schulbedarf.shop","isPartOf":{"@id":"https:\/\/der-schulbedarf.shop\/produkt-des-monats\/#website"},"primaryImageOfPage":{"@id":"https:\/\/der-schulbedarf.shop\/produkt-des-monats\/produkt\/wieso-weshalb-warum-band-12-alles-ueber-dinosaurier\/#primaryimage"},"image":{"@id":"https:\/\/der-schulbedarf.shop\/produkt-des-monats\/produkt\/wieso-weshalb-warum-band-12-alles-ueber-dinosaurier\/#primaryimage"},"thumbnailUrl":"https:\/\/der-schulbedarf.shop\/wp-content\/uploads\/2023\/07\/33268.jpg","datePublished":"2023-07-12T17:00:36+00:00","dateModified":"2025-08-12T12:20:48+00:00","description":"Band 12: Alles \u00fcber Dinosaurier. Ein Buch mit Wissen \u00fcber die Welt der Saurier: Alles \u00fcber den gef\u00fcrchteten Tyrannosaurus rex bis zum riesigen Brachiosaurus","breadcrumb":{"@id":"https:\/\/der-schulbedarf.shop\/produkt-des-monats\/produkt\/wieso-weshalb-warum-band-12-alles-ueber-dinosaurier\/#breadcrumb"},"inLanguage":"de","potentialAction":[{"@type":"ReadAction","target":["https:\/\/der-schulbedarf.shop\/produkt-des-monats\/produkt\/wieso-weshalb-warum-band-12-alles-ueber-dinosaurier\/"]}]},{"@type":"ImageObject","inLanguage":"de","@id":"https:\/\/der-schulbedarf.shop\/produkt-des-monats\/produkt\/wieso-weshalb-warum-band-12-alles-ueber-dinosaurier\/#primaryimage","url":"https:\/\/der-schulbedarf.shop\/wp-content\/uploads\/2023\/07\/33268.jpg","contentUrl":"https:\/\/der-schulbedarf.shop\/wp-content\/uploads\/2023\/07\/33268.jpg","width":863,"height":1024},{"@type":"BreadcrumbList","@id":"https:\/\/der-schulbedarf.shop\/produkt-des-monats\/produkt\/wieso-weshalb-warum-band-12-alles-ueber-dinosaurier\/#breadcrumb","itemListElement":[{"@type":"ListItem","position":1,"name":"Shop","item":"https:\/\/der-schulbedarf.shop\/produkt-des-monats\/shop\/"},{"@type":"ListItem","position":2,"name":"Wieso? Weshalb? Warum?, Band 12: Alles \u00fcber Dinosaurier"}]},{"@type":"WebSite","@id":"https:\/\/der-schulbedarf.shop\/produkt-des-monats\/#website","url":"https:\/\/der-schulbedarf.shop\/produkt-des-monats\/","name":"der-Schulbedarf.shop","description":"","publisher":{"@id":"https:\/\/der-schulbedarf.shop\/produkt-des-monats\/#organization"},"potentialAction":[{"@type":"SearchAction","target":{"@type":"EntryPoint","urlTemplate":"https:\/\/der-schulbedarf.shop\/produkt-des-monats\/?s={search_term_string}"},"query-input":{"@type":"PropertyValueSpecification","valueRequired":true,"valueName":"search_term_string"}}],"inLanguage":"de"},{"@type":"Organization","@id":"https:\/\/der-schulbedarf.shop\/produkt-des-monats\/#organization","name":"der-Schulbedarf.shop","url":"https:\/\/der-schulbedarf.shop\/produkt-des-monats\/","logo":{"@type":"ImageObject","inLanguage":"de","@id":"https:\/\/der-schulbedarf.shop\/produkt-des-monats\/#\/schema\/logo\/image\/","url":"https:\/\/der-schulbedarf.shop\/wp-content\/uploads\/2024\/02\/grafik-e1709551115899.png","contentUrl":"https:\/\/der-schulbedarf.shop\/wp-content\/uploads\/2024\/02\/grafik-e1709551115899.png","width":80,"height":80,"caption":"der-Schulbedarf.shop"},"image":{"@id":"https:\/\/der-schulbedarf.shop\/produkt-des-monats\/#\/schema\/logo\/image\/"}}]}},"_links":{"self":[{"href":"https:\/\/der-schulbedarf.shop\/produkt-des-monats\/wp-json\/wp\/v2\/product\/2926","targetHints":{"allow":["GET"]}}],"collection":[{"href":"https:\/\/der-schulbedarf.shop\/produkt-des-monats\/wp-json\/wp\/v2\/product"}],"about":[{"href":"https:\/\/der-schulbedarf.shop\/produkt-des-monats\/wp-json\/wp\/v2\/types\/product"}],"replies":[{"embeddable":true,"href":"https:\/\/der-schulbedarf.shop\/produkt-des-monats\/wp-json\/wp\/v2\/comments?post=2926"}],"wp:featuredmedia":[{"embeddable":true,"href":"https:\/\/der-schulbedarf.shop\/produkt-des-monats\/wp-json\/wp\/v2\/media\/2927"}],"wp:attachment":[{"href":"https:\/\/der-schulbedarf.shop\/produkt-des-monats\/wp-json\/wp\/v2\/media?parent=2926"}],"wp:term":[{"taxonomy":"product_cat","embeddable":true,"href":"https:\/\/der-schulbedarf.shop\/produkt-des-monats\/wp-json\/wp\/v2\/product_cat?post=2926"},{"taxonomy":"product_tag","embeddable":true,"href":"https:\/\/der-schulbedarf.shop\/produkt-des-monats\/wp-json\/wp\/v2\/product_tag?post=2926"}],"curies":[{"name":"wp","href":"https:\/\/api.w.org\/{rel}","templated":true}]}}