{"id":3002,"date":"2023-10-05T07:41:30","date_gmt":"2023-10-05T07:41:30","guid":{"rendered":"https:\/\/der-schulbedarf.Shop\/?post_type=product&#038;p=3002"},"modified":"2024-11-27T11:41:11","modified_gmt":"2024-11-27T11:41:11","slug":"lernen-lachen-selbermachen-erste-buchstaben","status":"publish","type":"product","link":"https:\/\/der-schulbedarf.shop\/produkt-des-monats\/produkt\/lernen-lachen-selbermachen-erste-buchstaben\/","title":{"rendered":"Lernen Lachen Selbermachen: Erste Buchstaben"},"content":{"rendered":"<p>Lernen Lachen Selbermachen: Erste Buchstaben<\/p>\n<h3>Beschreibung<\/h3>\n<div id=\"description\">\n<div class=\"description fr-view\">Endkundentext:<br \/>\nDas Kartenspiel \u201eErste Buchstaben\u201c f\u00f6rdert das Kennenlernen erster Buchstaben. Dabei sind die 10 Buchstaben ausgew\u00e4hlt, die sich f\u00fcr die erste Begegnung besonders eignen. Nach dem bekannten Quartett-Prinzip werden bei diesem Spiel immer vier Begriffe gesammelt und abgelegt, welche denselben Anlaut aufweisen, z.B. A wie Affe, Anker, Ampel und Apfel. Lustige Aktionskarten bringen Bewegung und \u00dcberraschung ins Spiel. Gewinner ist, wer als Erster alle seine Karten richtig ablegen konnte. F\u00fcr Abwechslung und immer wieder neuen Spielspa\u00df sorgen die Varianten \u201eBuchstabenduell\u201c, \u201eW\u00f6rterraten\u201c und \u201eW\u00f6rterschlange\u201c. Das Kinderspiel f\u00fcr 2-4 Spieler ist eine tolle Besch\u00e4ftigung f\u00fcr Zuhause und perfekt geeignet als Geburtstagsgeschenk oder Weihnachtsgeschenk f\u00fcr Kinder ab 5 Jahren. Der spannende Lernspa\u00df mit lustigen Illustrationen und witzigen Aktionskarten ist optimal f\u00fcr Vor- und Grundschulkinder.Inhalt:<br \/>\n50 Spielkarten, 1 SpielanleitungWarnhinweise:<br \/>\nKeine Warnhinweise erforderlich.<\/p>\n<\/div>\n<\/div>\n","protected":false},"excerpt":{"rendered":"<p>Lernen Lachen Selbermachen: Erste Buchstaben Beschreibung Endkundentext: Das Kartenspiel \u201eErste Buchstaben\u201c f\u00f6rdert das Kennenlernen erster Buchstaben. Dabei sind die 10 Buchstaben ausgew\u00e4hlt, die sich f\u00fcr die erste Begegnung besonders eignen. Nach dem bekannten Quartett-Prinzip werden bei diesem Spiel immer vier Begriffe gesammelt und abgelegt, welche denselben Anlaut aufweisen, z.B. A wie Affe, Anker, Ampel und [&hellip;]<\/p>\n","protected":false},"featured_media":2994,"comment_status":"open","ping_status":"closed","template":"","meta":[],"product_cat":[34,874,225,885],"product_tag":[886,481,539,173,881,128,189,193],"class_list":{"0":"post-3002","1":"product","2":"type-product","3":"status-publish","4":"has-post-thumbnail","6":"product_cat-kinderspielzeug","7":"product_cat-preisportale-neu","8":"product_cat-ravensburger-kinderbuecher","9":"product_cat-spielwaren","10":"product_tag-erste-buchstaben","11":"product_tag-fuer-kinder-ab-5-jahre","12":"product_tag-jungen","13":"product_tag-kartenspiel","14":"product_tag-kinder","15":"product_tag-kinderspielzeug","16":"product_tag-maedchen","17":"product_tag-ravensburger","18":"post","19":"post-with-thumbnail","20":"post-with-thumbnail-large","22":"first","23":"instock","24":"taxable","25":"shipping-taxable","26":"purchasable","27":"product-type-simple"},"yoast_head":"<!-- This site is optimized with the Yoast SEO plugin v26.6 - https:\/\/yoast.com\/wordpress\/plugins\/seo\/ -->\n<title>Lernen Lachen Selbermachen: Erste Buchstaben - der-Schulbedarf.shop<\/title>\n<meta name=\"description\" content=\"Lernen Lachen Selbermachen: Erste Buchstaben. Das Kartenspiel \u201eErste Buchstaben\u201c f\u00f6rdert das Kennenlernen erster Buchstaben. F\u00fcr Kinder ab 5 Jahren.\" \/>\n<meta name=\"robots\" content=\"index, follow, max-snippet:-1, max-image-preview:large, max-video-preview:-1\" \/>\n<link rel=\"canonical\" href=\"https:\/\/der-schulbedarf.shop\/produkt-des-monats\/produkt\/lernen-lachen-selbermachen-erste-buchstaben\/\" \/>\n<meta property=\"og:locale\" content=\"de_DE\" \/>\n<meta property=\"og:type\" content=\"article\" \/>\n<meta property=\"og:title\" content=\"Lernen Lachen Selbermachen: Erste Buchstaben - der-Schulbedarf.shop\" \/>\n<meta property=\"og:description\" content=\"Lernen Lachen Selbermachen: Erste Buchstaben. Das Kartenspiel \u201eErste Buchstaben\u201c f\u00f6rdert das Kennenlernen erster Buchstaben. F\u00fcr Kinder ab 5 Jahren.\" \/>\n<meta property=\"og:url\" content=\"https:\/\/der-schulbedarf.shop\/produkt-des-monats\/produkt\/lernen-lachen-selbermachen-erste-buchstaben\/\" \/>\n<meta property=\"og:site_name\" content=\"der-Schulbedarf.shop\" \/>\n<meta property=\"article:modified_time\" content=\"2024-11-27T11:41:11+00:00\" \/>\n<meta property=\"og:image\" content=\"https:\/\/der-schulbedarf.shop\/wp-content\/uploads\/2023\/10\/80659.jpg\" \/>\n\t<meta property=\"og:image:width\" content=\"228\" \/>\n\t<meta property=\"og:image:height\" content=\"360\" \/>\n\t<meta property=\"og:image:type\" content=\"image\/jpeg\" \/>\n<meta name=\"twitter:card\" content=\"summary_large_image\" \/>\n<meta name=\"twitter:label1\" content=\"Gesch\u00e4tzte Lesezeit\" \/>\n\t<meta name=\"twitter:data1\" content=\"1\u00a0Minute\" \/>\n<script type=\"application\/ld+json\" class=\"yoast-schema-graph\">{\"@context\":\"https:\/\/schema.org\",\"@graph\":[{\"@type\":\"WebPage\",\"@id\":\"https:\/\/der-schulbedarf.shop\/produkt-des-monats\/produkt\/lernen-lachen-selbermachen-erste-buchstaben\/\",\"url\":\"https:\/\/der-schulbedarf.shop\/produkt-des-monats\/produkt\/lernen-lachen-selbermachen-erste-buchstaben\/\",\"name\":\"Lernen Lachen Selbermachen: Erste Buchstaben - der-Schulbedarf.shop\",\"isPartOf\":{\"@id\":\"https:\/\/der-schulbedarf.shop\/produkt-des-monats\/#website\"},\"primaryImageOfPage\":{\"@id\":\"https:\/\/der-schulbedarf.shop\/produkt-des-monats\/produkt\/lernen-lachen-selbermachen-erste-buchstaben\/#primaryimage\"},\"image\":{\"@id\":\"https:\/\/der-schulbedarf.shop\/produkt-des-monats\/produkt\/lernen-lachen-selbermachen-erste-buchstaben\/#primaryimage\"},\"thumbnailUrl\":\"https:\/\/der-schulbedarf.shop\/wp-content\/uploads\/2023\/10\/80659.jpg\",\"datePublished\":\"2023-10-05T07:41:30+00:00\",\"dateModified\":\"2024-11-27T11:41:11+00:00\",\"description\":\"Lernen Lachen Selbermachen: Erste Buchstaben. Das Kartenspiel \u201eErste Buchstaben\u201c f\u00f6rdert das Kennenlernen erster Buchstaben. F\u00fcr Kinder ab 5 Jahren.\",\"breadcrumb\":{\"@id\":\"https:\/\/der-schulbedarf.shop\/produkt-des-monats\/produkt\/lernen-lachen-selbermachen-erste-buchstaben\/#breadcrumb\"},\"inLanguage\":\"de\",\"potentialAction\":[{\"@type\":\"ReadAction\",\"target\":[\"https:\/\/der-schulbedarf.shop\/produkt-des-monats\/produkt\/lernen-lachen-selbermachen-erste-buchstaben\/\"]}]},{\"@type\":\"ImageObject\",\"inLanguage\":\"de\",\"@id\":\"https:\/\/der-schulbedarf.shop\/produkt-des-monats\/produkt\/lernen-lachen-selbermachen-erste-buchstaben\/#primaryimage\",\"url\":\"https:\/\/der-schulbedarf.shop\/wp-content\/uploads\/2023\/10\/80659.jpg\",\"contentUrl\":\"https:\/\/der-schulbedarf.shop\/wp-content\/uploads\/2023\/10\/80659.jpg\",\"width\":228,\"height\":360},{\"@type\":\"BreadcrumbList\",\"@id\":\"https:\/\/der-schulbedarf.shop\/produkt-des-monats\/produkt\/lernen-lachen-selbermachen-erste-buchstaben\/#breadcrumb\",\"itemListElement\":[{\"@type\":\"ListItem\",\"position\":1,\"name\":\"Shop\",\"item\":\"https:\/\/der-schulbedarf.shop\/produkt-des-monats\/shop\/\"},{\"@type\":\"ListItem\",\"position\":2,\"name\":\"Lernen Lachen Selbermachen: Erste Buchstaben\"}]},{\"@type\":\"WebSite\",\"@id\":\"https:\/\/der-schulbedarf.shop\/produkt-des-monats\/#website\",\"url\":\"https:\/\/der-schulbedarf.shop\/produkt-des-monats\/\",\"name\":\"der-Schulbedarf.shop\",\"description\":\"\",\"publisher\":{\"@id\":\"https:\/\/der-schulbedarf.shop\/produkt-des-monats\/#organization\"},\"potentialAction\":[{\"@type\":\"SearchAction\",\"target\":{\"@type\":\"EntryPoint\",\"urlTemplate\":\"https:\/\/der-schulbedarf.shop\/produkt-des-monats\/?s={search_term_string}\"},\"query-input\":{\"@type\":\"PropertyValueSpecification\",\"valueRequired\":true,\"valueName\":\"search_term_string\"}}],\"inLanguage\":\"de\"},{\"@type\":\"Organization\",\"@id\":\"https:\/\/der-schulbedarf.shop\/produkt-des-monats\/#organization\",\"name\":\"der-Schulbedarf.shop\",\"url\":\"https:\/\/der-schulbedarf.shop\/produkt-des-monats\/\",\"logo\":{\"@type\":\"ImageObject\",\"inLanguage\":\"de\",\"@id\":\"https:\/\/der-schulbedarf.shop\/produkt-des-monats\/#\/schema\/logo\/image\/\",\"url\":\"https:\/\/der-schulbedarf.shop\/wp-content\/uploads\/2024\/02\/grafik-e1709551115899.png\",\"contentUrl\":\"https:\/\/der-schulbedarf.shop\/wp-content\/uploads\/2024\/02\/grafik-e1709551115899.png\",\"width\":80,\"height\":80,\"caption\":\"der-Schulbedarf.shop\"},\"image\":{\"@id\":\"https:\/\/der-schulbedarf.shop\/produkt-des-monats\/#\/schema\/logo\/image\/\"}}]}<\/script>\n<!-- \/ Yoast SEO plugin. -->","yoast_head_json":{"title":"Lernen Lachen Selbermachen: Erste Buchstaben - der-Schulbedarf.shop","description":"Lernen Lachen Selbermachen: Erste Buchstaben. Das Kartenspiel \u201eErste Buchstaben\u201c f\u00f6rdert das Kennenlernen erster Buchstaben. F\u00fcr Kinder ab 5 Jahren.","robots":{"index":"index","follow":"follow","max-snippet":"max-snippet:-1","max-image-preview":"max-image-preview:large","max-video-preview":"max-video-preview:-1"},"canonical":"https:\/\/der-schulbedarf.shop\/produkt-des-monats\/produkt\/lernen-lachen-selbermachen-erste-buchstaben\/","og_locale":"de_DE","og_type":"article","og_title":"Lernen Lachen Selbermachen: Erste Buchstaben - der-Schulbedarf.shop","og_description":"Lernen Lachen Selbermachen: Erste Buchstaben. Das Kartenspiel \u201eErste Buchstaben\u201c f\u00f6rdert das Kennenlernen erster Buchstaben. F\u00fcr Kinder ab 5 Jahren.","og_url":"https:\/\/der-schulbedarf.shop\/produkt-des-monats\/produkt\/lernen-lachen-selbermachen-erste-buchstaben\/","og_site_name":"der-Schulbedarf.shop","article_modified_time":"2024-11-27T11:41:11+00:00","og_image":[{"width":228,"height":360,"url":"https:\/\/der-schulbedarf.shop\/wp-content\/uploads\/2023\/10\/80659.jpg","type":"image\/jpeg"}],"twitter_card":"summary_large_image","twitter_misc":{"Gesch\u00e4tzte Lesezeit":"1\u00a0Minute"},"schema":{"@context":"https:\/\/schema.org","@graph":[{"@type":"WebPage","@id":"https:\/\/der-schulbedarf.shop\/produkt-des-monats\/produkt\/lernen-lachen-selbermachen-erste-buchstaben\/","url":"https:\/\/der-schulbedarf.shop\/produkt-des-monats\/produkt\/lernen-lachen-selbermachen-erste-buchstaben\/","name":"Lernen Lachen Selbermachen: Erste Buchstaben - der-Schulbedarf.shop","isPartOf":{"@id":"https:\/\/der-schulbedarf.shop\/produkt-des-monats\/#website"},"primaryImageOfPage":{"@id":"https:\/\/der-schulbedarf.shop\/produkt-des-monats\/produkt\/lernen-lachen-selbermachen-erste-buchstaben\/#primaryimage"},"image":{"@id":"https:\/\/der-schulbedarf.shop\/produkt-des-monats\/produkt\/lernen-lachen-selbermachen-erste-buchstaben\/#primaryimage"},"thumbnailUrl":"https:\/\/der-schulbedarf.shop\/wp-content\/uploads\/2023\/10\/80659.jpg","datePublished":"2023-10-05T07:41:30+00:00","dateModified":"2024-11-27T11:41:11+00:00","description":"Lernen Lachen Selbermachen: Erste Buchstaben. Das Kartenspiel \u201eErste Buchstaben\u201c f\u00f6rdert das Kennenlernen erster Buchstaben. F\u00fcr Kinder ab 5 Jahren.","breadcrumb":{"@id":"https:\/\/der-schulbedarf.shop\/produkt-des-monats\/produkt\/lernen-lachen-selbermachen-erste-buchstaben\/#breadcrumb"},"inLanguage":"de","potentialAction":[{"@type":"ReadAction","target":["https:\/\/der-schulbedarf.shop\/produkt-des-monats\/produkt\/lernen-lachen-selbermachen-erste-buchstaben\/"]}]},{"@type":"ImageObject","inLanguage":"de","@id":"https:\/\/der-schulbedarf.shop\/produkt-des-monats\/produkt\/lernen-lachen-selbermachen-erste-buchstaben\/#primaryimage","url":"https:\/\/der-schulbedarf.shop\/wp-content\/uploads\/2023\/10\/80659.jpg","contentUrl":"https:\/\/der-schulbedarf.shop\/wp-content\/uploads\/2023\/10\/80659.jpg","width":228,"height":360},{"@type":"BreadcrumbList","@id":"https:\/\/der-schulbedarf.shop\/produkt-des-monats\/produkt\/lernen-lachen-selbermachen-erste-buchstaben\/#breadcrumb","itemListElement":[{"@type":"ListItem","position":1,"name":"Shop","item":"https:\/\/der-schulbedarf.shop\/produkt-des-monats\/shop\/"},{"@type":"ListItem","position":2,"name":"Lernen Lachen Selbermachen: Erste Buchstaben"}]},{"@type":"WebSite","@id":"https:\/\/der-schulbedarf.shop\/produkt-des-monats\/#website","url":"https:\/\/der-schulbedarf.shop\/produkt-des-monats\/","name":"der-Schulbedarf.shop","description":"","publisher":{"@id":"https:\/\/der-schulbedarf.shop\/produkt-des-monats\/#organization"},"potentialAction":[{"@type":"SearchAction","target":{"@type":"EntryPoint","urlTemplate":"https:\/\/der-schulbedarf.shop\/produkt-des-monats\/?s={search_term_string}"},"query-input":{"@type":"PropertyValueSpecification","valueRequired":true,"valueName":"search_term_string"}}],"inLanguage":"de"},{"@type":"Organization","@id":"https:\/\/der-schulbedarf.shop\/produkt-des-monats\/#organization","name":"der-Schulbedarf.shop","url":"https:\/\/der-schulbedarf.shop\/produkt-des-monats\/","logo":{"@type":"ImageObject","inLanguage":"de","@id":"https:\/\/der-schulbedarf.shop\/produkt-des-monats\/#\/schema\/logo\/image\/","url":"https:\/\/der-schulbedarf.shop\/wp-content\/uploads\/2024\/02\/grafik-e1709551115899.png","contentUrl":"https:\/\/der-schulbedarf.shop\/wp-content\/uploads\/2024\/02\/grafik-e1709551115899.png","width":80,"height":80,"caption":"der-Schulbedarf.shop"},"image":{"@id":"https:\/\/der-schulbedarf.shop\/produkt-des-monats\/#\/schema\/logo\/image\/"}}]}},"_links":{"self":[{"href":"https:\/\/der-schulbedarf.shop\/produkt-des-monats\/wp-json\/wp\/v2\/product\/3002","targetHints":{"allow":["GET"]}}],"collection":[{"href":"https:\/\/der-schulbedarf.shop\/produkt-des-monats\/wp-json\/wp\/v2\/product"}],"about":[{"href":"https:\/\/der-schulbedarf.shop\/produkt-des-monats\/wp-json\/wp\/v2\/types\/product"}],"replies":[{"embeddable":true,"href":"https:\/\/der-schulbedarf.shop\/produkt-des-monats\/wp-json\/wp\/v2\/comments?post=3002"}],"wp:featuredmedia":[{"embeddable":true,"href":"https:\/\/der-schulbedarf.shop\/produkt-des-monats\/wp-json\/wp\/v2\/media\/2994"}],"wp:attachment":[{"href":"https:\/\/der-schulbedarf.shop\/produkt-des-monats\/wp-json\/wp\/v2\/media?parent=3002"}],"wp:term":[{"taxonomy":"product_cat","embeddable":true,"href":"https:\/\/der-schulbedarf.shop\/produkt-des-monats\/wp-json\/wp\/v2\/product_cat?post=3002"},{"taxonomy":"product_tag","embeddable":true,"href":"https:\/\/der-schulbedarf.shop\/produkt-des-monats\/wp-json\/wp\/v2\/product_tag?post=3002"}],"curies":[{"name":"wp","href":"https:\/\/api.w.org\/{rel}","templated":true}]}}