{"id":3003,"date":"2023-10-05T07:50:02","date_gmt":"2023-10-05T07:50:02","guid":{"rendered":"https:\/\/der-schulbedarf.Shop\/?post_type=product&#038;p=3003"},"modified":"2025-08-11T11:30:53","modified_gmt":"2025-08-11T11:30:53","slug":"lernen-lachen-selbermachen-erstes-englisch","status":"publish","type":"product","link":"https:\/\/der-schulbedarf.shop\/produkt-des-monats\/produkt\/lernen-lachen-selbermachen-erstes-englisch\/","title":{"rendered":"Lernen Lachen Selbermachen: Erstes Englisch"},"content":{"rendered":"<p>Lernen Lachen Selbermachen: Erstes Englisch<\/p>\n<h3>Beschreibung<\/h3>\n<div id=\"description\">\n<div class=\"description fr-view\">Endkundentext:<br \/>\nBeim Kartenspiel &#8222;Erstes Englisch&#8220; lernen die Kinder mit jeder Menge Spa\u00df erste englische W\u00f6rter. Wer erkennt als Erster, ob zwei Karten das gleiche Motiv zeigen? Snap! schon schnappt sich der schnellste Spieler das Kartenpaar. Wer gewinnt die meisten Paare? Profis nennen sogar die Motive auf den Karten, z. B. dog oder bookF\u00fcr Abwechslung und immer wieder neuen Spielspa\u00df sorgen drei weitere Varianten wie &#8222;Time for two&#8220; oder &#8222;Bingo&#8220;. Das Kinderspiel f\u00fcr 1-4 Spieler ist eine tolle Besch\u00e4ftigung f\u00fcr Zuhause und perfekt geeignet als Geburtstagsgeschenk oder Weihnachtsgeschenk f\u00fcr Kinder ab 6 Jahren. Der spannende Lernspa\u00df mit lustigen Illustrationen und witzigen Aktionskarten ist optimal f\u00fcr Grundschulkinder geeignet.Inhalt:<br \/>\n54 Spielkarten, 1 SpielanleitungAutorenvita:<br \/>\nKirstin Jebautzke ist ausgebildete Grund- und Hauptschullehrerin, u. a. f\u00fcr das Fach Englisch. Nach einem l\u00e4ngeren Studienaufenthalt in den USA hat sie viele Jahre erst in der Schule, dann in einem Schulbuchverlag gearbeitet. So hat sie viel Erfahrung gesammelt und wei\u00df genau, was Grundschulkinder in Theorie und Praxis brauchen, um gut Englisch zu lernen.2010 hat sie sich mit einem eigenen Redaktionsb\u00fcro selbstst\u00e4ndig gemacht und arbeitet seitdem als Autorin f\u00fcr Unterrichtsmaterialien, insbesondere f\u00fcr die Grundschule. Ihr Schwerpunkt liegt dabei auf dem Bereich Englisch. In diesem Fach redigiert sie auch Schulb\u00fccher und Fachzeitschriften.Warnhinweise:<br \/>\nKeine Warnhinweise erforderlich.<\/div>\n<\/div>\n","protected":false},"excerpt":{"rendered":"<p>Lernen Lachen Selbermachen: Erstes Englisch Beschreibung Endkundentext: Beim Kartenspiel &#8222;Erstes Englisch&#8220; lernen die Kinder mit jeder Menge Spa\u00df erste englische W\u00f6rter. Wer erkennt als Erster, ob zwei Karten das gleiche Motiv zeigen? Snap! schon schnappt sich der schnellste Spieler das Kartenpaar. Wer gewinnt die meisten Paare? Profis nennen sogar die Motive auf den Karten, z. [&hellip;]<\/p>\n","protected":false},"featured_media":2993,"comment_status":"open","ping_status":"closed","template":"","meta":[],"product_cat":[895,34,874,225,885],"product_tag":[652,539,173,887,128,189,888,193],"class_list":{"0":"post-3003","1":"product","2":"type-product","3":"status-publish","4":"has-post-thumbnail","6":"product_cat-grundschule","7":"product_cat-kinderspielzeug","8":"product_cat-preisportale-neu","9":"product_cat-ravensburger-kinderbuecher","10":"product_cat-spielwaren","11":"product_tag-ab-6-jahren","12":"product_tag-jungen","13":"product_tag-kartenspiel","14":"product_tag-kartenspiel-erstes-englisch","15":"product_tag-kinderspielzeug","16":"product_tag-maedchen","17":"product_tag-paedagogisches-lernen","18":"product_tag-ravensburger","19":"post","20":"post-with-thumbnail","21":"post-with-thumbnail-large","23":"first","24":"outofstock","25":"taxable","26":"shipping-taxable","27":"purchasable","28":"product-type-simple"},"yoast_head":"<!-- This site is optimized with the Yoast SEO plugin v26.6 - https:\/\/yoast.com\/wordpress\/plugins\/seo\/ -->\n<title>Lernen Lachen Selbermachen: Erstes Englisch - der-Schulbedarf.shop<\/title>\n<meta name=\"description\" content=\"Lernen Lachen Selbermachen: Erstes Englisch. F\u00fcr Grundschulkinder ab 6 Jahren. Spielerisches Englischlernen, von P\u00e4dagogen entwickelt.\" \/>\n<meta name=\"robots\" content=\"index, follow, max-snippet:-1, max-image-preview:large, max-video-preview:-1\" \/>\n<link rel=\"canonical\" href=\"https:\/\/der-schulbedarf.shop\/produkt-des-monats\/produkt\/lernen-lachen-selbermachen-erstes-englisch\/\" \/>\n<meta property=\"og:locale\" content=\"de_DE\" \/>\n<meta property=\"og:type\" content=\"article\" \/>\n<meta property=\"og:title\" content=\"Lernen Lachen Selbermachen: Erstes Englisch - der-Schulbedarf.shop\" \/>\n<meta property=\"og:description\" content=\"Lernen Lachen Selbermachen: Erstes Englisch. F\u00fcr Grundschulkinder ab 6 Jahren. Spielerisches Englischlernen, von P\u00e4dagogen entwickelt.\" \/>\n<meta property=\"og:url\" content=\"https:\/\/der-schulbedarf.shop\/produkt-des-monats\/produkt\/lernen-lachen-selbermachen-erstes-englisch\/\" \/>\n<meta property=\"og:site_name\" content=\"der-Schulbedarf.shop\" \/>\n<meta property=\"article:modified_time\" content=\"2025-08-11T11:30:53+00:00\" \/>\n<meta property=\"og:image\" content=\"https:\/\/der-schulbedarf.shop\/wp-content\/uploads\/2023\/10\/80543.jpg\" \/>\n\t<meta property=\"og:image:width\" content=\"228\" \/>\n\t<meta property=\"og:image:height\" content=\"360\" \/>\n\t<meta property=\"og:image:type\" content=\"image\/jpeg\" \/>\n<meta name=\"twitter:card\" content=\"summary_large_image\" \/>\n<meta name=\"twitter:label1\" content=\"Gesch\u00e4tzte Lesezeit\" \/>\n\t<meta name=\"twitter:data1\" content=\"2\u00a0Minuten\" \/>\n<script type=\"application\/ld+json\" class=\"yoast-schema-graph\">{\"@context\":\"https:\/\/schema.org\",\"@graph\":[{\"@type\":\"WebPage\",\"@id\":\"https:\/\/der-schulbedarf.shop\/produkt-des-monats\/produkt\/lernen-lachen-selbermachen-erstes-englisch\/\",\"url\":\"https:\/\/der-schulbedarf.shop\/produkt-des-monats\/produkt\/lernen-lachen-selbermachen-erstes-englisch\/\",\"name\":\"Lernen Lachen Selbermachen: Erstes Englisch - der-Schulbedarf.shop\",\"isPartOf\":{\"@id\":\"https:\/\/der-schulbedarf.shop\/produkt-des-monats\/#website\"},\"primaryImageOfPage\":{\"@id\":\"https:\/\/der-schulbedarf.shop\/produkt-des-monats\/produkt\/lernen-lachen-selbermachen-erstes-englisch\/#primaryimage\"},\"image\":{\"@id\":\"https:\/\/der-schulbedarf.shop\/produkt-des-monats\/produkt\/lernen-lachen-selbermachen-erstes-englisch\/#primaryimage\"},\"thumbnailUrl\":\"https:\/\/der-schulbedarf.shop\/wp-content\/uploads\/2023\/10\/80543.jpg\",\"datePublished\":\"2023-10-05T07:50:02+00:00\",\"dateModified\":\"2025-08-11T11:30:53+00:00\",\"description\":\"Lernen Lachen Selbermachen: Erstes Englisch. F\u00fcr Grundschulkinder ab 6 Jahren. Spielerisches Englischlernen, von P\u00e4dagogen entwickelt.\",\"breadcrumb\":{\"@id\":\"https:\/\/der-schulbedarf.shop\/produkt-des-monats\/produkt\/lernen-lachen-selbermachen-erstes-englisch\/#breadcrumb\"},\"inLanguage\":\"de\",\"potentialAction\":[{\"@type\":\"ReadAction\",\"target\":[\"https:\/\/der-schulbedarf.shop\/produkt-des-monats\/produkt\/lernen-lachen-selbermachen-erstes-englisch\/\"]}]},{\"@type\":\"ImageObject\",\"inLanguage\":\"de\",\"@id\":\"https:\/\/der-schulbedarf.shop\/produkt-des-monats\/produkt\/lernen-lachen-selbermachen-erstes-englisch\/#primaryimage\",\"url\":\"https:\/\/der-schulbedarf.shop\/wp-content\/uploads\/2023\/10\/80543.jpg\",\"contentUrl\":\"https:\/\/der-schulbedarf.shop\/wp-content\/uploads\/2023\/10\/80543.jpg\",\"width\":228,\"height\":360},{\"@type\":\"BreadcrumbList\",\"@id\":\"https:\/\/der-schulbedarf.shop\/produkt-des-monats\/produkt\/lernen-lachen-selbermachen-erstes-englisch\/#breadcrumb\",\"itemListElement\":[{\"@type\":\"ListItem\",\"position\":1,\"name\":\"Shop\",\"item\":\"https:\/\/der-schulbedarf.shop\/produkt-des-monats\/shop\/\"},{\"@type\":\"ListItem\",\"position\":2,\"name\":\"Lernen Lachen Selbermachen: Erstes Englisch\"}]},{\"@type\":\"WebSite\",\"@id\":\"https:\/\/der-schulbedarf.shop\/produkt-des-monats\/#website\",\"url\":\"https:\/\/der-schulbedarf.shop\/produkt-des-monats\/\",\"name\":\"der-Schulbedarf.shop\",\"description\":\"\",\"publisher\":{\"@id\":\"https:\/\/der-schulbedarf.shop\/produkt-des-monats\/#organization\"},\"potentialAction\":[{\"@type\":\"SearchAction\",\"target\":{\"@type\":\"EntryPoint\",\"urlTemplate\":\"https:\/\/der-schulbedarf.shop\/produkt-des-monats\/?s={search_term_string}\"},\"query-input\":{\"@type\":\"PropertyValueSpecification\",\"valueRequired\":true,\"valueName\":\"search_term_string\"}}],\"inLanguage\":\"de\"},{\"@type\":\"Organization\",\"@id\":\"https:\/\/der-schulbedarf.shop\/produkt-des-monats\/#organization\",\"name\":\"der-Schulbedarf.shop\",\"url\":\"https:\/\/der-schulbedarf.shop\/produkt-des-monats\/\",\"logo\":{\"@type\":\"ImageObject\",\"inLanguage\":\"de\",\"@id\":\"https:\/\/der-schulbedarf.shop\/produkt-des-monats\/#\/schema\/logo\/image\/\",\"url\":\"https:\/\/der-schulbedarf.shop\/wp-content\/uploads\/2024\/02\/grafik-e1709551115899.png\",\"contentUrl\":\"https:\/\/der-schulbedarf.shop\/wp-content\/uploads\/2024\/02\/grafik-e1709551115899.png\",\"width\":80,\"height\":80,\"caption\":\"der-Schulbedarf.shop\"},\"image\":{\"@id\":\"https:\/\/der-schulbedarf.shop\/produkt-des-monats\/#\/schema\/logo\/image\/\"}}]}<\/script>\n<!-- \/ Yoast SEO plugin. -->","yoast_head_json":{"title":"Lernen Lachen Selbermachen: Erstes Englisch - der-Schulbedarf.shop","description":"Lernen Lachen Selbermachen: Erstes Englisch. F\u00fcr Grundschulkinder ab 6 Jahren. Spielerisches Englischlernen, von P\u00e4dagogen entwickelt.","robots":{"index":"index","follow":"follow","max-snippet":"max-snippet:-1","max-image-preview":"max-image-preview:large","max-video-preview":"max-video-preview:-1"},"canonical":"https:\/\/der-schulbedarf.shop\/produkt-des-monats\/produkt\/lernen-lachen-selbermachen-erstes-englisch\/","og_locale":"de_DE","og_type":"article","og_title":"Lernen Lachen Selbermachen: Erstes Englisch - der-Schulbedarf.shop","og_description":"Lernen Lachen Selbermachen: Erstes Englisch. F\u00fcr Grundschulkinder ab 6 Jahren. Spielerisches Englischlernen, von P\u00e4dagogen entwickelt.","og_url":"https:\/\/der-schulbedarf.shop\/produkt-des-monats\/produkt\/lernen-lachen-selbermachen-erstes-englisch\/","og_site_name":"der-Schulbedarf.shop","article_modified_time":"2025-08-11T11:30:53+00:00","og_image":[{"width":228,"height":360,"url":"https:\/\/der-schulbedarf.shop\/wp-content\/uploads\/2023\/10\/80543.jpg","type":"image\/jpeg"}],"twitter_card":"summary_large_image","twitter_misc":{"Gesch\u00e4tzte Lesezeit":"2\u00a0Minuten"},"schema":{"@context":"https:\/\/schema.org","@graph":[{"@type":"WebPage","@id":"https:\/\/der-schulbedarf.shop\/produkt-des-monats\/produkt\/lernen-lachen-selbermachen-erstes-englisch\/","url":"https:\/\/der-schulbedarf.shop\/produkt-des-monats\/produkt\/lernen-lachen-selbermachen-erstes-englisch\/","name":"Lernen Lachen Selbermachen: Erstes Englisch - der-Schulbedarf.shop","isPartOf":{"@id":"https:\/\/der-schulbedarf.shop\/produkt-des-monats\/#website"},"primaryImageOfPage":{"@id":"https:\/\/der-schulbedarf.shop\/produkt-des-monats\/produkt\/lernen-lachen-selbermachen-erstes-englisch\/#primaryimage"},"image":{"@id":"https:\/\/der-schulbedarf.shop\/produkt-des-monats\/produkt\/lernen-lachen-selbermachen-erstes-englisch\/#primaryimage"},"thumbnailUrl":"https:\/\/der-schulbedarf.shop\/wp-content\/uploads\/2023\/10\/80543.jpg","datePublished":"2023-10-05T07:50:02+00:00","dateModified":"2025-08-11T11:30:53+00:00","description":"Lernen Lachen Selbermachen: Erstes Englisch. F\u00fcr Grundschulkinder ab 6 Jahren. Spielerisches Englischlernen, von P\u00e4dagogen entwickelt.","breadcrumb":{"@id":"https:\/\/der-schulbedarf.shop\/produkt-des-monats\/produkt\/lernen-lachen-selbermachen-erstes-englisch\/#breadcrumb"},"inLanguage":"de","potentialAction":[{"@type":"ReadAction","target":["https:\/\/der-schulbedarf.shop\/produkt-des-monats\/produkt\/lernen-lachen-selbermachen-erstes-englisch\/"]}]},{"@type":"ImageObject","inLanguage":"de","@id":"https:\/\/der-schulbedarf.shop\/produkt-des-monats\/produkt\/lernen-lachen-selbermachen-erstes-englisch\/#primaryimage","url":"https:\/\/der-schulbedarf.shop\/wp-content\/uploads\/2023\/10\/80543.jpg","contentUrl":"https:\/\/der-schulbedarf.shop\/wp-content\/uploads\/2023\/10\/80543.jpg","width":228,"height":360},{"@type":"BreadcrumbList","@id":"https:\/\/der-schulbedarf.shop\/produkt-des-monats\/produkt\/lernen-lachen-selbermachen-erstes-englisch\/#breadcrumb","itemListElement":[{"@type":"ListItem","position":1,"name":"Shop","item":"https:\/\/der-schulbedarf.shop\/produkt-des-monats\/shop\/"},{"@type":"ListItem","position":2,"name":"Lernen Lachen Selbermachen: Erstes Englisch"}]},{"@type":"WebSite","@id":"https:\/\/der-schulbedarf.shop\/produkt-des-monats\/#website","url":"https:\/\/der-schulbedarf.shop\/produkt-des-monats\/","name":"der-Schulbedarf.shop","description":"","publisher":{"@id":"https:\/\/der-schulbedarf.shop\/produkt-des-monats\/#organization"},"potentialAction":[{"@type":"SearchAction","target":{"@type":"EntryPoint","urlTemplate":"https:\/\/der-schulbedarf.shop\/produkt-des-monats\/?s={search_term_string}"},"query-input":{"@type":"PropertyValueSpecification","valueRequired":true,"valueName":"search_term_string"}}],"inLanguage":"de"},{"@type":"Organization","@id":"https:\/\/der-schulbedarf.shop\/produkt-des-monats\/#organization","name":"der-Schulbedarf.shop","url":"https:\/\/der-schulbedarf.shop\/produkt-des-monats\/","logo":{"@type":"ImageObject","inLanguage":"de","@id":"https:\/\/der-schulbedarf.shop\/produkt-des-monats\/#\/schema\/logo\/image\/","url":"https:\/\/der-schulbedarf.shop\/wp-content\/uploads\/2024\/02\/grafik-e1709551115899.png","contentUrl":"https:\/\/der-schulbedarf.shop\/wp-content\/uploads\/2024\/02\/grafik-e1709551115899.png","width":80,"height":80,"caption":"der-Schulbedarf.shop"},"image":{"@id":"https:\/\/der-schulbedarf.shop\/produkt-des-monats\/#\/schema\/logo\/image\/"}}]}},"_links":{"self":[{"href":"https:\/\/der-schulbedarf.shop\/produkt-des-monats\/wp-json\/wp\/v2\/product\/3003","targetHints":{"allow":["GET"]}}],"collection":[{"href":"https:\/\/der-schulbedarf.shop\/produkt-des-monats\/wp-json\/wp\/v2\/product"}],"about":[{"href":"https:\/\/der-schulbedarf.shop\/produkt-des-monats\/wp-json\/wp\/v2\/types\/product"}],"replies":[{"embeddable":true,"href":"https:\/\/der-schulbedarf.shop\/produkt-des-monats\/wp-json\/wp\/v2\/comments?post=3003"}],"wp:featuredmedia":[{"embeddable":true,"href":"https:\/\/der-schulbedarf.shop\/produkt-des-monats\/wp-json\/wp\/v2\/media\/2993"}],"wp:attachment":[{"href":"https:\/\/der-schulbedarf.shop\/produkt-des-monats\/wp-json\/wp\/v2\/media?parent=3003"}],"wp:term":[{"taxonomy":"product_cat","embeddable":true,"href":"https:\/\/der-schulbedarf.shop\/produkt-des-monats\/wp-json\/wp\/v2\/product_cat?post=3003"},{"taxonomy":"product_tag","embeddable":true,"href":"https:\/\/der-schulbedarf.shop\/produkt-des-monats\/wp-json\/wp\/v2\/product_tag?post=3003"}],"curies":[{"name":"wp","href":"https:\/\/api.w.org\/{rel}","templated":true}]}}