{"id":3004,"date":"2023-10-05T08:45:09","date_gmt":"2023-10-05T08:45:09","guid":{"rendered":"https:\/\/der-schulbedarf.Shop\/?post_type=product&#038;p=3004"},"modified":"2025-08-11T11:20:09","modified_gmt":"2025-08-11T11:20:09","slug":"super-trumpf-kraftprotze","status":"publish","type":"product","link":"https:\/\/der-schulbedarf.shop\/produkt-des-monats\/produkt\/super-trumpf-kraftprotze\/","title":{"rendered":"Super Trumpf Kraftprotze"},"content":{"rendered":"<p>Super Trumpf Kraftprotze<\/p>\n<h3>Beschreibung<\/h3>\n<div id=\"description\">\n<div class=\"description fr-view\">Handelstext:<br \/>\nDer Kartenspa\u00df f\u00fcr technikbegeisterte Spieler ab 7 Jahren erscheint im neuen, coolen Metallic-Look. Ob als klassisches Quartett oder Trumpfspiel: 18 verschiedene Themen, ob Cars oder Specials wie z.B. Flugzeuge, Schiffe und Traktoren, laden zum Spielen und Sammeln ein!Endkundentext:<br \/>\nSupertrumpf ist das optimale Geschenk ab 7 Jahren. Kartenspiel und Sammelspa\u00df f\u00fcr alle Auto- und Technik-Interessierte.32 coole Abbildungen und viele Infos \u00fcber die Modelle begeistern die Fans: Welches Schwergewicht hat die gr\u00f6\u00dfte Zugkraft? Und welches die h\u00f6chste Leistung? Hier \u00fcbertrumpfen sich die besten Merkmale aus f\u00fcnf Leistungs-Kategorien. Wer am Ende alle Karten besitzt, gewinnt die spannende Runde.Im kompakten Format passt das Set in jede Tasche, f\u00fcr die schnelle Spielrunde daheim oder unterwegs.Seit 1884 steht die Marke Ravensburger f\u00fcr Spiel &amp; Spa\u00df mit Qualit\u00e4t. Das deutsche Unternehmen wurde als Verlag in Ravensburg gegr\u00fcndet und erfreut seitdem Gro\u00df und Klein mit einem breiten Produktangebot von Spielen und Puzzles bis hin zu B\u00fcchern und Bastelmaterialien. Neben Spa\u00df wird bei Ravensburger das Lernen gro\u00dfgeschrieben: Der Grundsatz des Gr\u00fcnders Otto Maier lautete damals schon \u201eLernen durch Tun\u201c und wird bis heute fortgef\u00fchrt. So unterst\u00fctzen die Produkte von Ravensburger spielerisch die Entwicklung von F\u00e4higkeiten f\u00fcr jedes Alter. Toll durchdachte Spiele, ausgef\u00fchrt in hochwertiger Verarbeitung: Daf\u00fcr steht das blaue Dreieck von Ravensburger.Inhalt:<br \/>\n32 Karten<\/p>\n<p>Warnhinweise:<br \/>\nKeine Warnhinweise erforderlich.<\/p>\n<\/div>\n<\/div>\n","protected":false},"excerpt":{"rendered":"<p>Super Trumpf Kraftprotze Beschreibung Handelstext: Der Kartenspa\u00df f\u00fcr technikbegeisterte Spieler ab 7 Jahren erscheint im neuen, coolen Metallic-Look. Ob als klassisches Quartett oder Trumpfspiel: 18 verschiedene Themen, ob Cars oder Specials wie z.B. Flugzeuge, Schiffe und Traktoren, laden zum Spielen und Sammeln ein!Endkundentext: Supertrumpf ist das optimale Geschenk ab 7 Jahren. Kartenspiel und Sammelspa\u00df f\u00fcr [&hellip;]<\/p>\n","protected":false},"featured_media":2992,"comment_status":"open","ping_status":"closed","template":"","meta":[],"product_cat":[34,874,944,225,885],"product_tag":[220,539,173,189,193,889,890],"class_list":{"0":"post-3004","1":"product","2":"type-product","3":"status-publish","4":"has-post-thumbnail","6":"product_cat-kinderspielzeug","7":"product_cat-preisportale-neu","8":"product_cat-produktzufuehrung-geizhal","9":"product_cat-ravensburger-kinderbuecher","10":"product_cat-spielwaren","11":"product_tag-ab-7-jahren","12":"product_tag-jungen","13":"product_tag-kartenspiel","14":"product_tag-maedchen","15":"product_tag-ravensburger","16":"product_tag-spielwaren","17":"product_tag-super-trumpf-kraftprotze","18":"post","19":"post-with-thumbnail","20":"post-with-thumbnail-large","22":"first","23":"outofstock","24":"taxable","25":"shipping-taxable","26":"purchasable","27":"product-type-simple"},"yoast_head":"<!-- This site is optimized with the Yoast SEO plugin v26.6 - https:\/\/yoast.com\/wordpress\/plugins\/seo\/ -->\n<title>Super Trumpf Kraftprotze - der-Schulbedarf.shop<\/title>\n<meta name=\"robots\" content=\"index, follow, max-snippet:-1, max-image-preview:large, max-video-preview:-1\" \/>\n<link rel=\"canonical\" href=\"https:\/\/der-schulbedarf.shop\/produkt-des-monats\/produkt\/super-trumpf-kraftprotze\/\" \/>\n<meta property=\"og:locale\" content=\"de_DE\" \/>\n<meta property=\"og:type\" content=\"article\" \/>\n<meta property=\"og:title\" content=\"Super Trumpf Kraftprotze - der-Schulbedarf.shop\" \/>\n<meta property=\"og:description\" content=\"Super Trumpf Kraftprotze Beschreibung Handelstext: Der Kartenspa\u00df f\u00fcr technikbegeisterte Spieler ab 7 Jahren erscheint im neuen, coolen Metallic-Look. Ob als klassisches Quartett oder Trumpfspiel: 18 verschiedene Themen, ob Cars oder Specials wie z.B. Flugzeuge, Schiffe und Traktoren, laden zum Spielen und Sammeln ein!Endkundentext: Supertrumpf ist das optimale Geschenk ab 7 Jahren. Kartenspiel und Sammelspa\u00df f\u00fcr [&hellip;]\" \/>\n<meta property=\"og:url\" content=\"https:\/\/der-schulbedarf.shop\/produkt-des-monats\/produkt\/super-trumpf-kraftprotze\/\" \/>\n<meta property=\"og:site_name\" content=\"der-Schulbedarf.shop\" \/>\n<meta property=\"article:modified_time\" content=\"2025-08-11T11:20:09+00:00\" \/>\n<meta property=\"og:image\" content=\"https:\/\/der-schulbedarf.shop\/wp-content\/uploads\/2023\/10\/20695.jpg\" \/>\n\t<meta property=\"og:image:width\" content=\"237\" \/>\n\t<meta property=\"og:image:height\" content=\"360\" \/>\n\t<meta property=\"og:image:type\" content=\"image\/jpeg\" \/>\n<meta name=\"twitter:card\" content=\"summary_large_image\" \/>\n<meta name=\"twitter:label1\" content=\"Gesch\u00e4tzte Lesezeit\" \/>\n\t<meta name=\"twitter:data1\" content=\"2\u00a0Minuten\" \/>\n<script type=\"application\/ld+json\" class=\"yoast-schema-graph\">{\"@context\":\"https:\/\/schema.org\",\"@graph\":[{\"@type\":\"WebPage\",\"@id\":\"https:\/\/der-schulbedarf.shop\/produkt-des-monats\/produkt\/super-trumpf-kraftprotze\/\",\"url\":\"https:\/\/der-schulbedarf.shop\/produkt-des-monats\/produkt\/super-trumpf-kraftprotze\/\",\"name\":\"Super Trumpf Kraftprotze - der-Schulbedarf.shop\",\"isPartOf\":{\"@id\":\"https:\/\/der-schulbedarf.shop\/produkt-des-monats\/#website\"},\"primaryImageOfPage\":{\"@id\":\"https:\/\/der-schulbedarf.shop\/produkt-des-monats\/produkt\/super-trumpf-kraftprotze\/#primaryimage\"},\"image\":{\"@id\":\"https:\/\/der-schulbedarf.shop\/produkt-des-monats\/produkt\/super-trumpf-kraftprotze\/#primaryimage\"},\"thumbnailUrl\":\"https:\/\/der-schulbedarf.shop\/wp-content\/uploads\/2023\/10\/20695.jpg\",\"datePublished\":\"2023-10-05T08:45:09+00:00\",\"dateModified\":\"2025-08-11T11:20:09+00:00\",\"breadcrumb\":{\"@id\":\"https:\/\/der-schulbedarf.shop\/produkt-des-monats\/produkt\/super-trumpf-kraftprotze\/#breadcrumb\"},\"inLanguage\":\"de\",\"potentialAction\":[{\"@type\":\"ReadAction\",\"target\":[\"https:\/\/der-schulbedarf.shop\/produkt-des-monats\/produkt\/super-trumpf-kraftprotze\/\"]}]},{\"@type\":\"ImageObject\",\"inLanguage\":\"de\",\"@id\":\"https:\/\/der-schulbedarf.shop\/produkt-des-monats\/produkt\/super-trumpf-kraftprotze\/#primaryimage\",\"url\":\"https:\/\/der-schulbedarf.shop\/wp-content\/uploads\/2023\/10\/20695.jpg\",\"contentUrl\":\"https:\/\/der-schulbedarf.shop\/wp-content\/uploads\/2023\/10\/20695.jpg\",\"width\":237,\"height\":360},{\"@type\":\"BreadcrumbList\",\"@id\":\"https:\/\/der-schulbedarf.shop\/produkt-des-monats\/produkt\/super-trumpf-kraftprotze\/#breadcrumb\",\"itemListElement\":[{\"@type\":\"ListItem\",\"position\":1,\"name\":\"Shop\",\"item\":\"https:\/\/der-schulbedarf.shop\/produkt-des-monats\/shop\/\"},{\"@type\":\"ListItem\",\"position\":2,\"name\":\"Super Trumpf Kraftprotze\"}]},{\"@type\":\"WebSite\",\"@id\":\"https:\/\/der-schulbedarf.shop\/produkt-des-monats\/#website\",\"url\":\"https:\/\/der-schulbedarf.shop\/produkt-des-monats\/\",\"name\":\"der-Schulbedarf.shop\",\"description\":\"\",\"publisher\":{\"@id\":\"https:\/\/der-schulbedarf.shop\/produkt-des-monats\/#organization\"},\"potentialAction\":[{\"@type\":\"SearchAction\",\"target\":{\"@type\":\"EntryPoint\",\"urlTemplate\":\"https:\/\/der-schulbedarf.shop\/produkt-des-monats\/?s={search_term_string}\"},\"query-input\":{\"@type\":\"PropertyValueSpecification\",\"valueRequired\":true,\"valueName\":\"search_term_string\"}}],\"inLanguage\":\"de\"},{\"@type\":\"Organization\",\"@id\":\"https:\/\/der-schulbedarf.shop\/produkt-des-monats\/#organization\",\"name\":\"der-Schulbedarf.shop\",\"url\":\"https:\/\/der-schulbedarf.shop\/produkt-des-monats\/\",\"logo\":{\"@type\":\"ImageObject\",\"inLanguage\":\"de\",\"@id\":\"https:\/\/der-schulbedarf.shop\/produkt-des-monats\/#\/schema\/logo\/image\/\",\"url\":\"https:\/\/der-schulbedarf.shop\/wp-content\/uploads\/2024\/02\/grafik-e1709551115899.png\",\"contentUrl\":\"https:\/\/der-schulbedarf.shop\/wp-content\/uploads\/2024\/02\/grafik-e1709551115899.png\",\"width\":80,\"height\":80,\"caption\":\"der-Schulbedarf.shop\"},\"image\":{\"@id\":\"https:\/\/der-schulbedarf.shop\/produkt-des-monats\/#\/schema\/logo\/image\/\"}}]}<\/script>\n<!-- \/ Yoast SEO plugin. -->","yoast_head_json":{"title":"Super Trumpf Kraftprotze - der-Schulbedarf.shop","robots":{"index":"index","follow":"follow","max-snippet":"max-snippet:-1","max-image-preview":"max-image-preview:large","max-video-preview":"max-video-preview:-1"},"canonical":"https:\/\/der-schulbedarf.shop\/produkt-des-monats\/produkt\/super-trumpf-kraftprotze\/","og_locale":"de_DE","og_type":"article","og_title":"Super Trumpf Kraftprotze - der-Schulbedarf.shop","og_description":"Super Trumpf Kraftprotze Beschreibung Handelstext: Der Kartenspa\u00df f\u00fcr technikbegeisterte Spieler ab 7 Jahren erscheint im neuen, coolen Metallic-Look. Ob als klassisches Quartett oder Trumpfspiel: 18 verschiedene Themen, ob Cars oder Specials wie z.B. Flugzeuge, Schiffe und Traktoren, laden zum Spielen und Sammeln ein!Endkundentext: Supertrumpf ist das optimale Geschenk ab 7 Jahren. Kartenspiel und Sammelspa\u00df f\u00fcr [&hellip;]","og_url":"https:\/\/der-schulbedarf.shop\/produkt-des-monats\/produkt\/super-trumpf-kraftprotze\/","og_site_name":"der-Schulbedarf.shop","article_modified_time":"2025-08-11T11:20:09+00:00","og_image":[{"width":237,"height":360,"url":"https:\/\/der-schulbedarf.shop\/wp-content\/uploads\/2023\/10\/20695.jpg","type":"image\/jpeg"}],"twitter_card":"summary_large_image","twitter_misc":{"Gesch\u00e4tzte Lesezeit":"2\u00a0Minuten"},"schema":{"@context":"https:\/\/schema.org","@graph":[{"@type":"WebPage","@id":"https:\/\/der-schulbedarf.shop\/produkt-des-monats\/produkt\/super-trumpf-kraftprotze\/","url":"https:\/\/der-schulbedarf.shop\/produkt-des-monats\/produkt\/super-trumpf-kraftprotze\/","name":"Super Trumpf Kraftprotze - der-Schulbedarf.shop","isPartOf":{"@id":"https:\/\/der-schulbedarf.shop\/produkt-des-monats\/#website"},"primaryImageOfPage":{"@id":"https:\/\/der-schulbedarf.shop\/produkt-des-monats\/produkt\/super-trumpf-kraftprotze\/#primaryimage"},"image":{"@id":"https:\/\/der-schulbedarf.shop\/produkt-des-monats\/produkt\/super-trumpf-kraftprotze\/#primaryimage"},"thumbnailUrl":"https:\/\/der-schulbedarf.shop\/wp-content\/uploads\/2023\/10\/20695.jpg","datePublished":"2023-10-05T08:45:09+00:00","dateModified":"2025-08-11T11:20:09+00:00","breadcrumb":{"@id":"https:\/\/der-schulbedarf.shop\/produkt-des-monats\/produkt\/super-trumpf-kraftprotze\/#breadcrumb"},"inLanguage":"de","potentialAction":[{"@type":"ReadAction","target":["https:\/\/der-schulbedarf.shop\/produkt-des-monats\/produkt\/super-trumpf-kraftprotze\/"]}]},{"@type":"ImageObject","inLanguage":"de","@id":"https:\/\/der-schulbedarf.shop\/produkt-des-monats\/produkt\/super-trumpf-kraftprotze\/#primaryimage","url":"https:\/\/der-schulbedarf.shop\/wp-content\/uploads\/2023\/10\/20695.jpg","contentUrl":"https:\/\/der-schulbedarf.shop\/wp-content\/uploads\/2023\/10\/20695.jpg","width":237,"height":360},{"@type":"BreadcrumbList","@id":"https:\/\/der-schulbedarf.shop\/produkt-des-monats\/produkt\/super-trumpf-kraftprotze\/#breadcrumb","itemListElement":[{"@type":"ListItem","position":1,"name":"Shop","item":"https:\/\/der-schulbedarf.shop\/produkt-des-monats\/shop\/"},{"@type":"ListItem","position":2,"name":"Super Trumpf Kraftprotze"}]},{"@type":"WebSite","@id":"https:\/\/der-schulbedarf.shop\/produkt-des-monats\/#website","url":"https:\/\/der-schulbedarf.shop\/produkt-des-monats\/","name":"der-Schulbedarf.shop","description":"","publisher":{"@id":"https:\/\/der-schulbedarf.shop\/produkt-des-monats\/#organization"},"potentialAction":[{"@type":"SearchAction","target":{"@type":"EntryPoint","urlTemplate":"https:\/\/der-schulbedarf.shop\/produkt-des-monats\/?s={search_term_string}"},"query-input":{"@type":"PropertyValueSpecification","valueRequired":true,"valueName":"search_term_string"}}],"inLanguage":"de"},{"@type":"Organization","@id":"https:\/\/der-schulbedarf.shop\/produkt-des-monats\/#organization","name":"der-Schulbedarf.shop","url":"https:\/\/der-schulbedarf.shop\/produkt-des-monats\/","logo":{"@type":"ImageObject","inLanguage":"de","@id":"https:\/\/der-schulbedarf.shop\/produkt-des-monats\/#\/schema\/logo\/image\/","url":"https:\/\/der-schulbedarf.shop\/wp-content\/uploads\/2024\/02\/grafik-e1709551115899.png","contentUrl":"https:\/\/der-schulbedarf.shop\/wp-content\/uploads\/2024\/02\/grafik-e1709551115899.png","width":80,"height":80,"caption":"der-Schulbedarf.shop"},"image":{"@id":"https:\/\/der-schulbedarf.shop\/produkt-des-monats\/#\/schema\/logo\/image\/"}}]}},"_links":{"self":[{"href":"https:\/\/der-schulbedarf.shop\/produkt-des-monats\/wp-json\/wp\/v2\/product\/3004","targetHints":{"allow":["GET"]}}],"collection":[{"href":"https:\/\/der-schulbedarf.shop\/produkt-des-monats\/wp-json\/wp\/v2\/product"}],"about":[{"href":"https:\/\/der-schulbedarf.shop\/produkt-des-monats\/wp-json\/wp\/v2\/types\/product"}],"replies":[{"embeddable":true,"href":"https:\/\/der-schulbedarf.shop\/produkt-des-monats\/wp-json\/wp\/v2\/comments?post=3004"}],"wp:featuredmedia":[{"embeddable":true,"href":"https:\/\/der-schulbedarf.shop\/produkt-des-monats\/wp-json\/wp\/v2\/media\/2992"}],"wp:attachment":[{"href":"https:\/\/der-schulbedarf.shop\/produkt-des-monats\/wp-json\/wp\/v2\/media?parent=3004"}],"wp:term":[{"taxonomy":"product_cat","embeddable":true,"href":"https:\/\/der-schulbedarf.shop\/produkt-des-monats\/wp-json\/wp\/v2\/product_cat?post=3004"},{"taxonomy":"product_tag","embeddable":true,"href":"https:\/\/der-schulbedarf.shop\/produkt-des-monats\/wp-json\/wp\/v2\/product_tag?post=3004"}],"curies":[{"name":"wp","href":"https:\/\/api.w.org\/{rel}","templated":true}]}}