{"id":3006,"date":"2024-05-13T07:55:05","date_gmt":"2024-05-13T07:55:05","guid":{"rendered":"https:\/\/der-schulbedarf.Shop\/?post_type=product&#038;p=3006"},"modified":"2025-08-08T07:12:15","modified_gmt":"2025-08-08T07:12:15","slug":"bade-puzzles-zoo","status":"publish","type":"product","link":"https:\/\/der-schulbedarf.shop\/produkt-des-monats\/produkt\/bade-puzzles-zoo\/","title":{"rendered":"ministeps: Bade-Puzzles: Zoo"},"content":{"rendered":"<p>ministeps: Bade-Puzzles: Zoo<\/p>\n<h3>Beschreibung<\/h3>\n<div id=\"description\">\n<div class=\"description fr-view\">ministeps: Bade-Puzzles: Zoo. Der gro\u00dfe Puzzlespa\u00df f\u00fcr die Badewanne! Die dicken, weichen Puzzleteile aus Moosgummi sind nicht nur wasserfest und schwimmen \u2013 einmal nass haften sie auch ganz leicht auf jeder glatten Oberfl\u00e4che. Richtig kombiniert lassen sich f\u00fcnf fr\u00f6hliche Lieblingstiere entdecken. F\u00f6rdert Feinmotorik und Konzentration und animiert zum Experimentieren mit Wasser.<\/div>\n<div class=\"description fr-view\">Der lustige Badespa\u00df zum Puzzeln und Anheften! Die dicken, weichen Puzzleteile aus Moosgummi sind nicht nur wasserfest und schwimmen &#8211; einmal nass haften sie auch ganz leicht auf allen glatten Oberfl\u00e4chen. Richtig kombiniert lassen sich 5 fr\u00f6hliche Lieblingstiere aus dem Zoo entdecken. Gleichzeitig f\u00f6rdert das Puzzeln die Feinmotorik sowie die Konzentration und animiert zum Experimentieren mit Wasser.<\/div>\n<div><\/div>\n<div class=\"description fr-view\">Die ersten drei Lebensjahre eines Kleinkindes sind unglaublich spannend und voller einzigartiger Momente: das erste L\u00e4cheln, das erste Wort, der erste Schritt. Tag f\u00fcr Tag entdecken die Kleinen mit allen Sinnen ihre Umwelt und erlernen neue F\u00e4higkeiten. ministeps unterst\u00fctzt diese Entwicklung Schritt f\u00fcr Schritt und bietet Eltern die n\u00f6tige Orientierung, um ihr Kind auf liebevolle Weise zu f\u00f6rdern. Unsere hochwertigen B\u00fccher und Spielzeuge begleiten die Kleinsten somit in allen Entwicklungsphasen. Alle Materialen sind in jeder Hinsicht unbedenklich und werden regelm\u00e4\u00dfig auf Qualit\u00e4t und Sicherheit gepr\u00fcft. So bietet ministeps Vertrauen und Freude auf der gemeinsamen Entdeckungsreise durch die Welt der B\u00fccher und Spiele. Inhalt:<br \/>\nministeps: Bade-Puzzles: Zoo. 5 Puzzlemotive aus je 2 Teilen aus dickem Schaumstoff Warnhinweise: Keine Warnhinweise erforderlich.<\/div>\n<\/div>\n","protected":false},"excerpt":{"rendered":"<p>ministeps: Bade-Puzzles: Zoo Beschreibung ministeps: Bade-Puzzles: Zoo. Der gro\u00dfe Puzzlespa\u00df f\u00fcr die Badewanne! Die dicken, weichen Puzzleteile aus Moosgummi sind nicht nur wasserfest und schwimmen \u2013 einmal nass haften sie auch ganz leicht auf jeder glatten Oberfl\u00e4che. Richtig kombiniert lassen sich f\u00fcnf fr\u00f6hliche Lieblingstiere entdecken. F\u00f6rdert Feinmotorik und Konzentration und animiert zum Experimentieren mit Wasser. [&hellip;]<\/p>\n","protected":false},"featured_media":2988,"comment_status":"open","ping_status":"closed","template":"","meta":[],"product_cat":[33,34,1064,874,1063,225,37,885],"product_tag":[539,155,189,880,151,193,889],"class_list":{"0":"post-3006","1":"product","2":"type-product","3":"status-publish","4":"has-post-thumbnail","6":"product_cat-babyspielzeug","7":"product_cat-kinderspielzeug","8":"product_cat-kleinkinder","9":"product_cat-preisportale-neu","10":"product_cat-puzzle","11":"product_cat-ravensburger-kinderbuecher","12":"product_cat-ravensburger","13":"product_cat-spielwaren","14":"product_tag-jungen","15":"product_tag-kinderpuzzle","16":"product_tag-maedchen","17":"product_tag-ministeps","18":"product_tag-puzzle","19":"product_tag-ravensburger","20":"product_tag-spielwaren","21":"post","22":"post-with-thumbnail","23":"post-with-thumbnail-large","25":"first","26":"outofstock","27":"taxable","28":"shipping-taxable","29":"purchasable","30":"product-type-simple"},"yoast_head":"<!-- This site is optimized with the Yoast SEO plugin v26.6 - https:\/\/yoast.com\/wordpress\/plugins\/seo\/ -->\n<title>ministeps: Bade-Puzzles: Zoo - der-Schulbedarf.shop<\/title>\n<meta name=\"description\" content=\"ministeps: Bade-Puzzles: Zoo. F\u00fcr Kleinkinder ab 3 Jahren. F\u00f6rdert Feinmotorik und Konzentration und animiert zum Experimentieren mit Wasser.\" \/>\n<meta name=\"robots\" content=\"index, follow, max-snippet:-1, max-image-preview:large, max-video-preview:-1\" \/>\n<link rel=\"canonical\" href=\"https:\/\/der-schulbedarf.shop\/produkt-des-monats\/produkt\/bade-puzzles-zoo\/\" \/>\n<meta property=\"og:locale\" content=\"de_DE\" \/>\n<meta property=\"og:type\" content=\"article\" \/>\n<meta property=\"og:title\" content=\"ministeps: Bade-Puzzles: Zoo - der-Schulbedarf.shop\" \/>\n<meta property=\"og:description\" content=\"ministeps: Bade-Puzzles: Zoo. F\u00fcr Kleinkinder ab 3 Jahren. F\u00f6rdert Feinmotorik und Konzentration und animiert zum Experimentieren mit Wasser.\" \/>\n<meta property=\"og:url\" content=\"https:\/\/der-schulbedarf.shop\/produkt-des-monats\/produkt\/bade-puzzles-zoo\/\" \/>\n<meta property=\"og:site_name\" content=\"der-Schulbedarf.shop\" \/>\n<meta property=\"article:modified_time\" content=\"2025-08-08T07:12:15+00:00\" \/>\n<meta property=\"og:image\" content=\"https:\/\/der-schulbedarf.shop\/wp-content\/uploads\/2023\/10\/04166.jpg\" \/>\n\t<meta property=\"og:image:width\" content=\"343\" \/>\n\t<meta property=\"og:image:height\" content=\"360\" \/>\n\t<meta property=\"og:image:type\" content=\"image\/jpeg\" \/>\n<meta name=\"twitter:card\" content=\"summary_large_image\" \/>\n<meta name=\"twitter:label1\" content=\"Gesch\u00e4tzte Lesezeit\" \/>\n\t<meta name=\"twitter:data1\" content=\"2\u00a0Minuten\" \/>\n<script type=\"application\/ld+json\" class=\"yoast-schema-graph\">{\"@context\":\"https:\/\/schema.org\",\"@graph\":[{\"@type\":\"WebPage\",\"@id\":\"https:\/\/der-schulbedarf.shop\/produkt-des-monats\/produkt\/bade-puzzles-zoo\/\",\"url\":\"https:\/\/der-schulbedarf.shop\/produkt-des-monats\/produkt\/bade-puzzles-zoo\/\",\"name\":\"ministeps: Bade-Puzzles: Zoo - der-Schulbedarf.shop\",\"isPartOf\":{\"@id\":\"https:\/\/der-schulbedarf.shop\/produkt-des-monats\/#website\"},\"primaryImageOfPage\":{\"@id\":\"https:\/\/der-schulbedarf.shop\/produkt-des-monats\/produkt\/bade-puzzles-zoo\/#primaryimage\"},\"image\":{\"@id\":\"https:\/\/der-schulbedarf.shop\/produkt-des-monats\/produkt\/bade-puzzles-zoo\/#primaryimage\"},\"thumbnailUrl\":\"https:\/\/der-schulbedarf.shop\/wp-content\/uploads\/2023\/10\/04166.jpg\",\"datePublished\":\"2024-05-13T07:55:05+00:00\",\"dateModified\":\"2025-08-08T07:12:15+00:00\",\"description\":\"ministeps: Bade-Puzzles: Zoo. F\u00fcr Kleinkinder ab 3 Jahren. F\u00f6rdert Feinmotorik und Konzentration und animiert zum Experimentieren mit Wasser.\",\"breadcrumb\":{\"@id\":\"https:\/\/der-schulbedarf.shop\/produkt-des-monats\/produkt\/bade-puzzles-zoo\/#breadcrumb\"},\"inLanguage\":\"de\",\"potentialAction\":[{\"@type\":\"ReadAction\",\"target\":[\"https:\/\/der-schulbedarf.shop\/produkt-des-monats\/produkt\/bade-puzzles-zoo\/\"]}]},{\"@type\":\"ImageObject\",\"inLanguage\":\"de\",\"@id\":\"https:\/\/der-schulbedarf.shop\/produkt-des-monats\/produkt\/bade-puzzles-zoo\/#primaryimage\",\"url\":\"https:\/\/der-schulbedarf.shop\/wp-content\/uploads\/2023\/10\/04166.jpg\",\"contentUrl\":\"https:\/\/der-schulbedarf.shop\/wp-content\/uploads\/2023\/10\/04166.jpg\",\"width\":343,\"height\":360},{\"@type\":\"BreadcrumbList\",\"@id\":\"https:\/\/der-schulbedarf.shop\/produkt-des-monats\/produkt\/bade-puzzles-zoo\/#breadcrumb\",\"itemListElement\":[{\"@type\":\"ListItem\",\"position\":1,\"name\":\"Shop\",\"item\":\"https:\/\/der-schulbedarf.shop\/produkt-des-monats\/shop\/\"},{\"@type\":\"ListItem\",\"position\":2,\"name\":\"ministeps: Bade-Puzzles: Zoo\"}]},{\"@type\":\"WebSite\",\"@id\":\"https:\/\/der-schulbedarf.shop\/produkt-des-monats\/#website\",\"url\":\"https:\/\/der-schulbedarf.shop\/produkt-des-monats\/\",\"name\":\"der-Schulbedarf.shop\",\"description\":\"\",\"publisher\":{\"@id\":\"https:\/\/der-schulbedarf.shop\/produkt-des-monats\/#organization\"},\"potentialAction\":[{\"@type\":\"SearchAction\",\"target\":{\"@type\":\"EntryPoint\",\"urlTemplate\":\"https:\/\/der-schulbedarf.shop\/produkt-des-monats\/?s={search_term_string}\"},\"query-input\":{\"@type\":\"PropertyValueSpecification\",\"valueRequired\":true,\"valueName\":\"search_term_string\"}}],\"inLanguage\":\"de\"},{\"@type\":\"Organization\",\"@id\":\"https:\/\/der-schulbedarf.shop\/produkt-des-monats\/#organization\",\"name\":\"der-Schulbedarf.shop\",\"url\":\"https:\/\/der-schulbedarf.shop\/produkt-des-monats\/\",\"logo\":{\"@type\":\"ImageObject\",\"inLanguage\":\"de\",\"@id\":\"https:\/\/der-schulbedarf.shop\/produkt-des-monats\/#\/schema\/logo\/image\/\",\"url\":\"https:\/\/der-schulbedarf.shop\/wp-content\/uploads\/2024\/02\/grafik-e1709551115899.png\",\"contentUrl\":\"https:\/\/der-schulbedarf.shop\/wp-content\/uploads\/2024\/02\/grafik-e1709551115899.png\",\"width\":80,\"height\":80,\"caption\":\"der-Schulbedarf.shop\"},\"image\":{\"@id\":\"https:\/\/der-schulbedarf.shop\/produkt-des-monats\/#\/schema\/logo\/image\/\"}}]}<\/script>\n<!-- \/ Yoast SEO plugin. -->","yoast_head_json":{"title":"ministeps: Bade-Puzzles: Zoo - der-Schulbedarf.shop","description":"ministeps: Bade-Puzzles: Zoo. F\u00fcr Kleinkinder ab 3 Jahren. F\u00f6rdert Feinmotorik und Konzentration und animiert zum Experimentieren mit Wasser.","robots":{"index":"index","follow":"follow","max-snippet":"max-snippet:-1","max-image-preview":"max-image-preview:large","max-video-preview":"max-video-preview:-1"},"canonical":"https:\/\/der-schulbedarf.shop\/produkt-des-monats\/produkt\/bade-puzzles-zoo\/","og_locale":"de_DE","og_type":"article","og_title":"ministeps: Bade-Puzzles: Zoo - der-Schulbedarf.shop","og_description":"ministeps: Bade-Puzzles: Zoo. F\u00fcr Kleinkinder ab 3 Jahren. F\u00f6rdert Feinmotorik und Konzentration und animiert zum Experimentieren mit Wasser.","og_url":"https:\/\/der-schulbedarf.shop\/produkt-des-monats\/produkt\/bade-puzzles-zoo\/","og_site_name":"der-Schulbedarf.shop","article_modified_time":"2025-08-08T07:12:15+00:00","og_image":[{"width":343,"height":360,"url":"https:\/\/der-schulbedarf.shop\/wp-content\/uploads\/2023\/10\/04166.jpg","type":"image\/jpeg"}],"twitter_card":"summary_large_image","twitter_misc":{"Gesch\u00e4tzte Lesezeit":"2\u00a0Minuten"},"schema":{"@context":"https:\/\/schema.org","@graph":[{"@type":"WebPage","@id":"https:\/\/der-schulbedarf.shop\/produkt-des-monats\/produkt\/bade-puzzles-zoo\/","url":"https:\/\/der-schulbedarf.shop\/produkt-des-monats\/produkt\/bade-puzzles-zoo\/","name":"ministeps: Bade-Puzzles: Zoo - der-Schulbedarf.shop","isPartOf":{"@id":"https:\/\/der-schulbedarf.shop\/produkt-des-monats\/#website"},"primaryImageOfPage":{"@id":"https:\/\/der-schulbedarf.shop\/produkt-des-monats\/produkt\/bade-puzzles-zoo\/#primaryimage"},"image":{"@id":"https:\/\/der-schulbedarf.shop\/produkt-des-monats\/produkt\/bade-puzzles-zoo\/#primaryimage"},"thumbnailUrl":"https:\/\/der-schulbedarf.shop\/wp-content\/uploads\/2023\/10\/04166.jpg","datePublished":"2024-05-13T07:55:05+00:00","dateModified":"2025-08-08T07:12:15+00:00","description":"ministeps: Bade-Puzzles: Zoo. F\u00fcr Kleinkinder ab 3 Jahren. F\u00f6rdert Feinmotorik und Konzentration und animiert zum Experimentieren mit Wasser.","breadcrumb":{"@id":"https:\/\/der-schulbedarf.shop\/produkt-des-monats\/produkt\/bade-puzzles-zoo\/#breadcrumb"},"inLanguage":"de","potentialAction":[{"@type":"ReadAction","target":["https:\/\/der-schulbedarf.shop\/produkt-des-monats\/produkt\/bade-puzzles-zoo\/"]}]},{"@type":"ImageObject","inLanguage":"de","@id":"https:\/\/der-schulbedarf.shop\/produkt-des-monats\/produkt\/bade-puzzles-zoo\/#primaryimage","url":"https:\/\/der-schulbedarf.shop\/wp-content\/uploads\/2023\/10\/04166.jpg","contentUrl":"https:\/\/der-schulbedarf.shop\/wp-content\/uploads\/2023\/10\/04166.jpg","width":343,"height":360},{"@type":"BreadcrumbList","@id":"https:\/\/der-schulbedarf.shop\/produkt-des-monats\/produkt\/bade-puzzles-zoo\/#breadcrumb","itemListElement":[{"@type":"ListItem","position":1,"name":"Shop","item":"https:\/\/der-schulbedarf.shop\/produkt-des-monats\/shop\/"},{"@type":"ListItem","position":2,"name":"ministeps: Bade-Puzzles: Zoo"}]},{"@type":"WebSite","@id":"https:\/\/der-schulbedarf.shop\/produkt-des-monats\/#website","url":"https:\/\/der-schulbedarf.shop\/produkt-des-monats\/","name":"der-Schulbedarf.shop","description":"","publisher":{"@id":"https:\/\/der-schulbedarf.shop\/produkt-des-monats\/#organization"},"potentialAction":[{"@type":"SearchAction","target":{"@type":"EntryPoint","urlTemplate":"https:\/\/der-schulbedarf.shop\/produkt-des-monats\/?s={search_term_string}"},"query-input":{"@type":"PropertyValueSpecification","valueRequired":true,"valueName":"search_term_string"}}],"inLanguage":"de"},{"@type":"Organization","@id":"https:\/\/der-schulbedarf.shop\/produkt-des-monats\/#organization","name":"der-Schulbedarf.shop","url":"https:\/\/der-schulbedarf.shop\/produkt-des-monats\/","logo":{"@type":"ImageObject","inLanguage":"de","@id":"https:\/\/der-schulbedarf.shop\/produkt-des-monats\/#\/schema\/logo\/image\/","url":"https:\/\/der-schulbedarf.shop\/wp-content\/uploads\/2024\/02\/grafik-e1709551115899.png","contentUrl":"https:\/\/der-schulbedarf.shop\/wp-content\/uploads\/2024\/02\/grafik-e1709551115899.png","width":80,"height":80,"caption":"der-Schulbedarf.shop"},"image":{"@id":"https:\/\/der-schulbedarf.shop\/produkt-des-monats\/#\/schema\/logo\/image\/"}}]}},"_links":{"self":[{"href":"https:\/\/der-schulbedarf.shop\/produkt-des-monats\/wp-json\/wp\/v2\/product\/3006","targetHints":{"allow":["GET"]}}],"collection":[{"href":"https:\/\/der-schulbedarf.shop\/produkt-des-monats\/wp-json\/wp\/v2\/product"}],"about":[{"href":"https:\/\/der-schulbedarf.shop\/produkt-des-monats\/wp-json\/wp\/v2\/types\/product"}],"replies":[{"embeddable":true,"href":"https:\/\/der-schulbedarf.shop\/produkt-des-monats\/wp-json\/wp\/v2\/comments?post=3006"}],"wp:featuredmedia":[{"embeddable":true,"href":"https:\/\/der-schulbedarf.shop\/produkt-des-monats\/wp-json\/wp\/v2\/media\/2988"}],"wp:attachment":[{"href":"https:\/\/der-schulbedarf.shop\/produkt-des-monats\/wp-json\/wp\/v2\/media?parent=3006"}],"wp:term":[{"taxonomy":"product_cat","embeddable":true,"href":"https:\/\/der-schulbedarf.shop\/produkt-des-monats\/wp-json\/wp\/v2\/product_cat?post=3006"},{"taxonomy":"product_tag","embeddable":true,"href":"https:\/\/der-schulbedarf.shop\/produkt-des-monats\/wp-json\/wp\/v2\/product_tag?post=3006"}],"curies":[{"name":"wp","href":"https:\/\/api.w.org\/{rel}","templated":true}]}}