{"id":3018,"date":"2024-04-12T08:43:32","date_gmt":"2024-04-12T08:43:32","guid":{"rendered":"https:\/\/der-schulbedarf.Shop\/?post_type=product&#038;p=3018"},"modified":"2025-08-08T10:33:02","modified_gmt":"2025-08-08T10:33:02","slug":"tiptoi-pocket-wissen-wale-und-delfin","status":"publish","type":"product","link":"https:\/\/der-schulbedarf.shop\/produkt-des-monats\/produkt\/tiptoi-pocket-wissen-wale-und-delfin\/","title":{"rendered":"tiptoi\u00ae Pocket Wissen Wale und Delfin"},"content":{"rendered":"<p>Kompaktes Sachwissen zum Mitnehmen rund um das Thema &#8222;Wale und Delfine&#8220;<\/p>\n<p>Zusammen mit Meeresbiologin Marina entdecken die Kinder \u00fcber 20 Wal- und Delfinarten und erfahren Wissenswertes \u00fcber die Lebensweise der Tiere. Mit spannenden Sounds und abwechslungsreichen Spielen bietet dieses Buch interaktiven Lernspa\u00df f\u00fcr zu Hause und unterwegs.<\/p>\n<p>Ob Pferde und Ponys, Dinosaurier, Ballett oder Feuerwehr, mit der Reihe tiptoi Pocket Wissen k\u00f6nnen Kinder von 4 &#8211; 7 Jahren all ihre Lieblingsthemen entdecken und sammeln.<\/p>\n<p>Jeder Band bietet kompaktes Sachwissen mit vielen interessanten Informationen, authentischen Ger\u00e4uschen und kniffligen Spielen. Der tiptoi-Stift l\u00e4sst die kindgerecht aufgearbeiteten Sachthemen lebendig werden. So k\u00f6nnen sich die Kinder spannende Wissensinhalte mit viel Spa\u00df selbst\u00e4ndig und interaktiv aneignen. Die abwechslungsreichen Spiele helfen dabei, das gelernte Wissen zu vertiefen.<\/p>\n<p>Dank des handlichen Formats ist tiptoi Pocket Wissen ideal f\u00fcr unterwegs, als Geschenk zum Kindergeburtstag oder zum Schm\u00f6kern zu Hause. So wird Wissen einfach \u00fcberall lebendig!<\/p>\n<p>tiptoi-Stift nicht enthalten. Muss separat erworben werden.<\/p>\n","protected":false},"excerpt":{"rendered":"<p>Kompaktes Sachwissen zum Mitnehmen rund um das Thema &#8222;Wale und Delfine&#8220; Zusammen mit Meeresbiologin Marina entdecken die Kinder \u00fcber 20 Wal- und Delfinarten und erfahren Wissenswertes \u00fcber die Lebensweise der Tiere. Mit spannenden Sounds und abwechslungsreichen Spielen bietet dieses Buch interaktiven Lernspa\u00df f\u00fcr zu Hause und unterwegs. Ob Pferde und Ponys, Dinosaurier, Ballett oder Feuerwehr, [&hellip;]<\/p>\n","protected":false},"featured_media":3379,"comment_status":"open","ping_status":"closed","template":"","meta":[],"product_cat":[224,915,944,225,39],"product_tag":[511,221,967,111,972,924,872,481,199,223,970,968,955,881,198,181,969,202,272,193,150,142,973,480,971,861],"class_list":{"0":"post-3018","1":"product","2":"type-product","3":"status-publish","4":"has-post-thumbnail","6":"product_cat-kinderbuecher","7":"product_cat-produkt-feeds","8":"product_cat-produktzufuehrung-geizhal","9":"product_cat-ravensburger-kinderbuecher","10":"product_cat-tiptoi","11":"product_tag-1-klasse","12":"product_tag-2-klasse","13":"product_tag-audiodigital","14":"product_tag-beschaeftigung","15":"product_tag-delfine","16":"product_tag-entdecken","17":"product_tag-fuer-kinder-ab-4-jahre","18":"product_tag-fuer-kinder-ab-5-jahre","19":"product_tag-fuer-kinder-ab-6-jahre","20":"product_tag-fuer-kinder-ab-7-jahre","21":"product_tag-handlich","22":"product_tag-hoeren","23":"product_tag-interaktiv","24":"product_tag-kinder","25":"product_tag-kinderbuch","26":"product_tag-kinderbuecher","27":"product_tag-lern-und-kreativsystem","28":"product_tag-lesen","29":"product_tag-meer","30":"product_tag-ravensburger","31":"product_tag-spielen","32":"product_tag-tiptoi","33":"product_tag-unterwasser","34":"product_tag-vorschule","35":"product_tag-wale","36":"product_tag-wissen","37":"post","38":"post-with-thumbnail","39":"post-with-thumbnail-large","41":"first","42":"outofstock","43":"taxable","44":"shipping-taxable","45":"purchasable","46":"product-type-simple"},"yoast_head":"<!-- This site is optimized with the Yoast SEO plugin v26.6 - https:\/\/yoast.com\/wordpress\/plugins\/seo\/ -->\n<title>tiptoi\u00ae Pocket Wissen Wale und Delfin - der-Schulbedarf.shop<\/title>\n<meta name=\"description\" content=\"Pocket Wissen Wale und Delfin. Mit tiptoi\u00ae entdecken die Kinder interaktiv verschiedene Walarten und erfahren Wissenswertes \u00fcber das Leben der Tiere.\" \/>\n<meta name=\"robots\" content=\"index, follow, max-snippet:-1, max-image-preview:large, max-video-preview:-1\" \/>\n<link rel=\"canonical\" href=\"https:\/\/der-schulbedarf.shop\/produkt-des-monats\/produkt\/tiptoi-pocket-wissen-wale-und-delfin\/\" \/>\n<meta property=\"og:locale\" content=\"de_DE\" \/>\n<meta property=\"og:type\" content=\"article\" \/>\n<meta property=\"og:title\" content=\"tiptoi\u00ae Pocket Wissen Wale und Delfin - der-Schulbedarf.shop\" \/>\n<meta property=\"og:description\" content=\"Pocket Wissen Wale und Delfin. Mit tiptoi\u00ae entdecken die Kinder interaktiv verschiedene Walarten und erfahren Wissenswertes \u00fcber das Leben der Tiere.\" \/>\n<meta property=\"og:url\" content=\"https:\/\/der-schulbedarf.shop\/produkt-des-monats\/produkt\/tiptoi-pocket-wissen-wale-und-delfin\/\" \/>\n<meta property=\"og:site_name\" content=\"der-Schulbedarf.shop\" \/>\n<meta property=\"article:modified_time\" content=\"2025-08-08T10:33:02+00:00\" \/>\n<meta property=\"og:image\" content=\"https:\/\/der-schulbedarf.shop\/wp-content\/uploads\/2024\/04\/55409.webp\" \/>\n\t<meta property=\"og:image:width\" content=\"576\" \/>\n\t<meta property=\"og:image:height\" content=\"600\" \/>\n\t<meta property=\"og:image:type\" content=\"image\/webp\" \/>\n<meta name=\"twitter:card\" content=\"summary_large_image\" \/>\n<meta name=\"twitter:label1\" content=\"Gesch\u00e4tzte Lesezeit\" \/>\n\t<meta name=\"twitter:data1\" content=\"2\u00a0Minuten\" \/>\n<script type=\"application\/ld+json\" class=\"yoast-schema-graph\">{\"@context\":\"https:\/\/schema.org\",\"@graph\":[{\"@type\":\"WebPage\",\"@id\":\"https:\/\/der-schulbedarf.shop\/produkt-des-monats\/produkt\/tiptoi-pocket-wissen-wale-und-delfin\/\",\"url\":\"https:\/\/der-schulbedarf.shop\/produkt-des-monats\/produkt\/tiptoi-pocket-wissen-wale-und-delfin\/\",\"name\":\"tiptoi\u00ae Pocket Wissen Wale und Delfin - der-Schulbedarf.shop\",\"isPartOf\":{\"@id\":\"https:\/\/der-schulbedarf.shop\/produkt-des-monats\/#website\"},\"primaryImageOfPage\":{\"@id\":\"https:\/\/der-schulbedarf.shop\/produkt-des-monats\/produkt\/tiptoi-pocket-wissen-wale-und-delfin\/#primaryimage\"},\"image\":{\"@id\":\"https:\/\/der-schulbedarf.shop\/produkt-des-monats\/produkt\/tiptoi-pocket-wissen-wale-und-delfin\/#primaryimage\"},\"thumbnailUrl\":\"https:\/\/der-schulbedarf.shop\/wp-content\/uploads\/2024\/04\/55409.webp\",\"datePublished\":\"2024-04-12T08:43:32+00:00\",\"dateModified\":\"2025-08-08T10:33:02+00:00\",\"description\":\"Pocket Wissen Wale und Delfin. Mit tiptoi\u00ae entdecken die Kinder interaktiv verschiedene Walarten und erfahren Wissenswertes \u00fcber das Leben der Tiere.\",\"breadcrumb\":{\"@id\":\"https:\/\/der-schulbedarf.shop\/produkt-des-monats\/produkt\/tiptoi-pocket-wissen-wale-und-delfin\/#breadcrumb\"},\"inLanguage\":\"de\",\"potentialAction\":[{\"@type\":\"ReadAction\",\"target\":[\"https:\/\/der-schulbedarf.shop\/produkt-des-monats\/produkt\/tiptoi-pocket-wissen-wale-und-delfin\/\"]}]},{\"@type\":\"ImageObject\",\"inLanguage\":\"de\",\"@id\":\"https:\/\/der-schulbedarf.shop\/produkt-des-monats\/produkt\/tiptoi-pocket-wissen-wale-und-delfin\/#primaryimage\",\"url\":\"https:\/\/der-schulbedarf.shop\/wp-content\/uploads\/2024\/04\/55409.webp\",\"contentUrl\":\"https:\/\/der-schulbedarf.shop\/wp-content\/uploads\/2024\/04\/55409.webp\",\"width\":576,\"height\":600},{\"@type\":\"BreadcrumbList\",\"@id\":\"https:\/\/der-schulbedarf.shop\/produkt-des-monats\/produkt\/tiptoi-pocket-wissen-wale-und-delfin\/#breadcrumb\",\"itemListElement\":[{\"@type\":\"ListItem\",\"position\":1,\"name\":\"Shop\",\"item\":\"https:\/\/der-schulbedarf.shop\/produkt-des-monats\/shop\/\"},{\"@type\":\"ListItem\",\"position\":2,\"name\":\"tiptoi\u00ae Pocket Wissen Wale und Delfin\"}]},{\"@type\":\"WebSite\",\"@id\":\"https:\/\/der-schulbedarf.shop\/produkt-des-monats\/#website\",\"url\":\"https:\/\/der-schulbedarf.shop\/produkt-des-monats\/\",\"name\":\"der-Schulbedarf.shop\",\"description\":\"\",\"publisher\":{\"@id\":\"https:\/\/der-schulbedarf.shop\/produkt-des-monats\/#organization\"},\"potentialAction\":[{\"@type\":\"SearchAction\",\"target\":{\"@type\":\"EntryPoint\",\"urlTemplate\":\"https:\/\/der-schulbedarf.shop\/produkt-des-monats\/?s={search_term_string}\"},\"query-input\":{\"@type\":\"PropertyValueSpecification\",\"valueRequired\":true,\"valueName\":\"search_term_string\"}}],\"inLanguage\":\"de\"},{\"@type\":\"Organization\",\"@id\":\"https:\/\/der-schulbedarf.shop\/produkt-des-monats\/#organization\",\"name\":\"der-Schulbedarf.shop\",\"url\":\"https:\/\/der-schulbedarf.shop\/produkt-des-monats\/\",\"logo\":{\"@type\":\"ImageObject\",\"inLanguage\":\"de\",\"@id\":\"https:\/\/der-schulbedarf.shop\/produkt-des-monats\/#\/schema\/logo\/image\/\",\"url\":\"https:\/\/der-schulbedarf.shop\/wp-content\/uploads\/2024\/02\/grafik-e1709551115899.png\",\"contentUrl\":\"https:\/\/der-schulbedarf.shop\/wp-content\/uploads\/2024\/02\/grafik-e1709551115899.png\",\"width\":80,\"height\":80,\"caption\":\"der-Schulbedarf.shop\"},\"image\":{\"@id\":\"https:\/\/der-schulbedarf.shop\/produkt-des-monats\/#\/schema\/logo\/image\/\"}}]}<\/script>\n<!-- \/ Yoast SEO plugin. -->","yoast_head_json":{"title":"tiptoi\u00ae Pocket Wissen Wale und Delfin - der-Schulbedarf.shop","description":"Pocket Wissen Wale und Delfin. Mit tiptoi\u00ae entdecken die Kinder interaktiv verschiedene Walarten und erfahren Wissenswertes \u00fcber das Leben der Tiere.","robots":{"index":"index","follow":"follow","max-snippet":"max-snippet:-1","max-image-preview":"max-image-preview:large","max-video-preview":"max-video-preview:-1"},"canonical":"https:\/\/der-schulbedarf.shop\/produkt-des-monats\/produkt\/tiptoi-pocket-wissen-wale-und-delfin\/","og_locale":"de_DE","og_type":"article","og_title":"tiptoi\u00ae Pocket Wissen Wale und Delfin - der-Schulbedarf.shop","og_description":"Pocket Wissen Wale und Delfin. Mit tiptoi\u00ae entdecken die Kinder interaktiv verschiedene Walarten und erfahren Wissenswertes \u00fcber das Leben der Tiere.","og_url":"https:\/\/der-schulbedarf.shop\/produkt-des-monats\/produkt\/tiptoi-pocket-wissen-wale-und-delfin\/","og_site_name":"der-Schulbedarf.shop","article_modified_time":"2025-08-08T10:33:02+00:00","og_image":[{"width":576,"height":600,"url":"https:\/\/der-schulbedarf.shop\/wp-content\/uploads\/2024\/04\/55409.webp","type":"image\/webp"}],"twitter_card":"summary_large_image","twitter_misc":{"Gesch\u00e4tzte Lesezeit":"2\u00a0Minuten"},"schema":{"@context":"https:\/\/schema.org","@graph":[{"@type":"WebPage","@id":"https:\/\/der-schulbedarf.shop\/produkt-des-monats\/produkt\/tiptoi-pocket-wissen-wale-und-delfin\/","url":"https:\/\/der-schulbedarf.shop\/produkt-des-monats\/produkt\/tiptoi-pocket-wissen-wale-und-delfin\/","name":"tiptoi\u00ae Pocket Wissen Wale und Delfin - der-Schulbedarf.shop","isPartOf":{"@id":"https:\/\/der-schulbedarf.shop\/produkt-des-monats\/#website"},"primaryImageOfPage":{"@id":"https:\/\/der-schulbedarf.shop\/produkt-des-monats\/produkt\/tiptoi-pocket-wissen-wale-und-delfin\/#primaryimage"},"image":{"@id":"https:\/\/der-schulbedarf.shop\/produkt-des-monats\/produkt\/tiptoi-pocket-wissen-wale-und-delfin\/#primaryimage"},"thumbnailUrl":"https:\/\/der-schulbedarf.shop\/wp-content\/uploads\/2024\/04\/55409.webp","datePublished":"2024-04-12T08:43:32+00:00","dateModified":"2025-08-08T10:33:02+00:00","description":"Pocket Wissen Wale und Delfin. Mit tiptoi\u00ae entdecken die Kinder interaktiv verschiedene Walarten und erfahren Wissenswertes \u00fcber das Leben der Tiere.","breadcrumb":{"@id":"https:\/\/der-schulbedarf.shop\/produkt-des-monats\/produkt\/tiptoi-pocket-wissen-wale-und-delfin\/#breadcrumb"},"inLanguage":"de","potentialAction":[{"@type":"ReadAction","target":["https:\/\/der-schulbedarf.shop\/produkt-des-monats\/produkt\/tiptoi-pocket-wissen-wale-und-delfin\/"]}]},{"@type":"ImageObject","inLanguage":"de","@id":"https:\/\/der-schulbedarf.shop\/produkt-des-monats\/produkt\/tiptoi-pocket-wissen-wale-und-delfin\/#primaryimage","url":"https:\/\/der-schulbedarf.shop\/wp-content\/uploads\/2024\/04\/55409.webp","contentUrl":"https:\/\/der-schulbedarf.shop\/wp-content\/uploads\/2024\/04\/55409.webp","width":576,"height":600},{"@type":"BreadcrumbList","@id":"https:\/\/der-schulbedarf.shop\/produkt-des-monats\/produkt\/tiptoi-pocket-wissen-wale-und-delfin\/#breadcrumb","itemListElement":[{"@type":"ListItem","position":1,"name":"Shop","item":"https:\/\/der-schulbedarf.shop\/produkt-des-monats\/shop\/"},{"@type":"ListItem","position":2,"name":"tiptoi\u00ae Pocket Wissen Wale und Delfin"}]},{"@type":"WebSite","@id":"https:\/\/der-schulbedarf.shop\/produkt-des-monats\/#website","url":"https:\/\/der-schulbedarf.shop\/produkt-des-monats\/","name":"der-Schulbedarf.shop","description":"","publisher":{"@id":"https:\/\/der-schulbedarf.shop\/produkt-des-monats\/#organization"},"potentialAction":[{"@type":"SearchAction","target":{"@type":"EntryPoint","urlTemplate":"https:\/\/der-schulbedarf.shop\/produkt-des-monats\/?s={search_term_string}"},"query-input":{"@type":"PropertyValueSpecification","valueRequired":true,"valueName":"search_term_string"}}],"inLanguage":"de"},{"@type":"Organization","@id":"https:\/\/der-schulbedarf.shop\/produkt-des-monats\/#organization","name":"der-Schulbedarf.shop","url":"https:\/\/der-schulbedarf.shop\/produkt-des-monats\/","logo":{"@type":"ImageObject","inLanguage":"de","@id":"https:\/\/der-schulbedarf.shop\/produkt-des-monats\/#\/schema\/logo\/image\/","url":"https:\/\/der-schulbedarf.shop\/wp-content\/uploads\/2024\/02\/grafik-e1709551115899.png","contentUrl":"https:\/\/der-schulbedarf.shop\/wp-content\/uploads\/2024\/02\/grafik-e1709551115899.png","width":80,"height":80,"caption":"der-Schulbedarf.shop"},"image":{"@id":"https:\/\/der-schulbedarf.shop\/produkt-des-monats\/#\/schema\/logo\/image\/"}}]}},"_links":{"self":[{"href":"https:\/\/der-schulbedarf.shop\/produkt-des-monats\/wp-json\/wp\/v2\/product\/3018","targetHints":{"allow":["GET"]}}],"collection":[{"href":"https:\/\/der-schulbedarf.shop\/produkt-des-monats\/wp-json\/wp\/v2\/product"}],"about":[{"href":"https:\/\/der-schulbedarf.shop\/produkt-des-monats\/wp-json\/wp\/v2\/types\/product"}],"replies":[{"embeddable":true,"href":"https:\/\/der-schulbedarf.shop\/produkt-des-monats\/wp-json\/wp\/v2\/comments?post=3018"}],"wp:featuredmedia":[{"embeddable":true,"href":"https:\/\/der-schulbedarf.shop\/produkt-des-monats\/wp-json\/wp\/v2\/media\/3379"}],"wp:attachment":[{"href":"https:\/\/der-schulbedarf.shop\/produkt-des-monats\/wp-json\/wp\/v2\/media?parent=3018"}],"wp:term":[{"taxonomy":"product_cat","embeddable":true,"href":"https:\/\/der-schulbedarf.shop\/produkt-des-monats\/wp-json\/wp\/v2\/product_cat?post=3018"},{"taxonomy":"product_tag","embeddable":true,"href":"https:\/\/der-schulbedarf.shop\/produkt-des-monats\/wp-json\/wp\/v2\/product_tag?post=3018"}],"curies":[{"name":"wp","href":"https:\/\/api.w.org\/{rel}","templated":true}]}}