{"id":3019,"date":"2024-04-12T08:05:43","date_gmt":"2024-04-12T08:05:43","guid":{"rendered":"https:\/\/der-schulbedarf.Shop\/?post_type=product&#038;p=3019"},"modified":"2025-08-11T10:29:58","modified_gmt":"2025-08-11T10:29:58","slug":"wieso-weshalb-warum-junior-band-3-der-flughafen","status":"publish","type":"product","link":"https:\/\/der-schulbedarf.shop\/produkt-des-monats\/produkt\/wieso-weshalb-warum-junior-band-3-der-flughafen\/","title":{"rendered":"Wieso? Weshalb? Warum? junior, Band 3: Der Flughafen"},"content":{"rendered":"<p>Ein Flughafen ist ein aufregender Ort! Es wimmelt dort von Menschen und vor dem Abflug ist viel zu tun: Das Flugzeug wird startklar gemacht und mit Gep\u00e4ck beladen. Die Passagiere m\u00fcssen durch die Sicherheitskontrolle. Fluglotsen geben die Startbahn frei, und dann hebt das Flugzeug endlich ab. Auch was \u00fcber den Wolken passiert und viele weitere spannende Infos rund ums Fliegen, entdecken Kinder ab 2 Jahren in diesem Buch.<\/p>\n<p>Wieso? Weshalb? Warum? junior<br \/>\nDie Sachbuchreihe f\u00fcr Kinder von 2-4 Jahren<\/p>\n<p>Jeden Tag entdecken Kinder etwas Neues \u2013 und haben viele Fragen. Wann kommt die Feuerwehr? Was machen die Tiere im Winter? Warum muss ich Z\u00e4hne putzen? Die beliebte Sachbuchreihe Wieso? Weshalb? Warum? junior beantwortet die Fragen der Kinder auf Augenh\u00f6he. Sie beleuchtet unterschiedlichste Themen aus ihrer Alltags- und Interessenwelt altersgerecht und mit viel Liebe zum Detail.<\/p>\n<p>Die Reihe ist speziell auf kleine H\u00e4nde und die Bed\u00fcrfnisse der Kleinsten angepasst. Klare und liebevolle Bilder, kurze Sachtexte sowie handliche Klappen, die Bewegungen veranschaulichen und \u00fcberraschende und lustige Einblicke gew\u00e4hren, erm\u00f6glichen Kindern, sich ihre Themen selbst zu erschlie\u00dfen. Der Spa\u00df am eigenh\u00e4ndigen Entdecken, die liebevolle Umsetzung und die hochwertige Ausstattung garantieren langanhaltende Freude an jedem Buch.<\/p>\n","protected":false},"excerpt":{"rendered":"<p>Ein Flughafen ist ein aufregender Ort! Es wimmelt dort von Menschen und vor dem Abflug ist viel zu tun: Das Flugzeug wird startklar gemacht und mit Gep\u00e4ck beladen. Die Passagiere m\u00fcssen durch die Sicherheitskontrolle. Fluglotsen geben die Startbahn frei, und dann hebt das Flugzeug endlich ab. Auch was \u00fcber den Wolken passiert und viele weitere [&hellip;]<\/p>\n","protected":false},"featured_media":3389,"comment_status":"open","ping_status":"closed","template":"","meta":[],"product_cat":[224,1064,915,944,225,1028],"product_tag":[954,924,774,953,948,947,116,945,946,872,579,955,198,181,149,950,949,952,951,871],"class_list":{"0":"post-3019","1":"product","2":"type-product","3":"status-publish","4":"has-post-thumbnail","6":"product_cat-kinderbuecher","7":"product_cat-kleinkinder","8":"product_cat-produkt-feeds","9":"product_cat-produktzufuehrung-geizhal","10":"product_cat-ravensburger-kinderbuecher","11":"product_cat-vorschulalter","12":"product_tag-bodenpersonal","13":"product_tag-entdecken","14":"product_tag-fliegen","15":"product_tag-flubegleiter","16":"product_tag-flughafen","17":"product_tag-flugzeuge","18":"product_tag-fuer-kinder","19":"product_tag-fuer-kinder-ab-2-jahre","20":"product_tag-fuer-kinder-ab-3-jahre","21":"product_tag-fuer-kinder-ab-4-jahre","22":"product_tag-hubschrauber","23":"product_tag-interaktiv","24":"product_tag-kinderbuch","25":"product_tag-kinderbuecher","26":"product_tag-lernen","27":"product_tag-pilot","28":"product_tag-spielerisch-lernen","29":"product_tag-steward","30":"product_tag-stewardess","31":"product_tag-wieso-weshalb-warum","32":"post","33":"post-with-thumbnail","34":"post-with-thumbnail-large","36":"first","37":"outofstock","38":"taxable","39":"shipping-taxable","40":"purchasable","41":"product-type-simple"},"yoast_head":"<!-- This site is optimized with the Yoast SEO plugin v26.6 - https:\/\/yoast.com\/wordpress\/plugins\/seo\/ -->\n<title>Wieso? Weshalb? Warum? junior, Band 3: Der Flughafen - der-Schulbedarf.shop<\/title>\n<meta name=\"description\" content=\"Band 3: Der Flughafen. Sachbuchreihe f\u00fcr Kinder von 2-4 Jahren. F\u00f6rdert die Motorik dfer Kleinsten. Weckt Spielerisch das Interesse ums Fliegen, Flugh\u00e4fen.\" \/>\n<meta name=\"robots\" content=\"index, follow, max-snippet:-1, max-image-preview:large, max-video-preview:-1\" \/>\n<link rel=\"canonical\" href=\"https:\/\/der-schulbedarf.shop\/produkt-des-monats\/produkt\/wieso-weshalb-warum-junior-band-3-der-flughafen\/\" \/>\n<meta property=\"og:locale\" content=\"de_DE\" \/>\n<meta property=\"og:type\" content=\"article\" \/>\n<meta property=\"og:title\" content=\"Wieso? Weshalb? Warum? junior, Band 3: Der Flughafen - der-Schulbedarf.shop\" \/>\n<meta property=\"og:description\" content=\"Band 3: Der Flughafen. Sachbuchreihe f\u00fcr Kinder von 2-4 Jahren. F\u00f6rdert die Motorik dfer Kleinsten. Weckt Spielerisch das Interesse ums Fliegen, Flugh\u00e4fen.\" \/>\n<meta property=\"og:url\" content=\"https:\/\/der-schulbedarf.shop\/produkt-des-monats\/produkt\/wieso-weshalb-warum-junior-band-3-der-flughafen\/\" \/>\n<meta property=\"og:site_name\" content=\"der-Schulbedarf.shop\" \/>\n<meta property=\"article:modified_time\" content=\"2025-08-11T10:29:58+00:00\" \/>\n<meta property=\"og:image\" content=\"https:\/\/der-schulbedarf.shop\/wp-content\/uploads\/2024\/04\/33292.jpg\" \/>\n\t<meta property=\"og:image:width\" content=\"903\" \/>\n\t<meta property=\"og:image:height\" content=\"1024\" \/>\n\t<meta property=\"og:image:type\" content=\"image\/jpeg\" \/>\n<meta name=\"twitter:card\" content=\"summary_large_image\" \/>\n<meta name=\"twitter:label1\" content=\"Gesch\u00e4tzte Lesezeit\" \/>\n\t<meta name=\"twitter:data1\" content=\"2\u00a0Minuten\" \/>\n<script type=\"application\/ld+json\" class=\"yoast-schema-graph\">{\"@context\":\"https:\/\/schema.org\",\"@graph\":[{\"@type\":\"WebPage\",\"@id\":\"https:\/\/der-schulbedarf.shop\/produkt-des-monats\/produkt\/wieso-weshalb-warum-junior-band-3-der-flughafen\/\",\"url\":\"https:\/\/der-schulbedarf.shop\/produkt-des-monats\/produkt\/wieso-weshalb-warum-junior-band-3-der-flughafen\/\",\"name\":\"Wieso? Weshalb? Warum? junior, Band 3: Der Flughafen - der-Schulbedarf.shop\",\"isPartOf\":{\"@id\":\"https:\/\/der-schulbedarf.shop\/produkt-des-monats\/#website\"},\"primaryImageOfPage\":{\"@id\":\"https:\/\/der-schulbedarf.shop\/produkt-des-monats\/produkt\/wieso-weshalb-warum-junior-band-3-der-flughafen\/#primaryimage\"},\"image\":{\"@id\":\"https:\/\/der-schulbedarf.shop\/produkt-des-monats\/produkt\/wieso-weshalb-warum-junior-band-3-der-flughafen\/#primaryimage\"},\"thumbnailUrl\":\"https:\/\/der-schulbedarf.shop\/wp-content\/uploads\/2024\/04\/33292.jpg\",\"datePublished\":\"2024-04-12T08:05:43+00:00\",\"dateModified\":\"2025-08-11T10:29:58+00:00\",\"description\":\"Band 3: Der Flughafen. Sachbuchreihe f\u00fcr Kinder von 2-4 Jahren. F\u00f6rdert die Motorik dfer Kleinsten. Weckt Spielerisch das Interesse ums Fliegen, Flugh\u00e4fen.\",\"breadcrumb\":{\"@id\":\"https:\/\/der-schulbedarf.shop\/produkt-des-monats\/produkt\/wieso-weshalb-warum-junior-band-3-der-flughafen\/#breadcrumb\"},\"inLanguage\":\"de\",\"potentialAction\":[{\"@type\":\"ReadAction\",\"target\":[\"https:\/\/der-schulbedarf.shop\/produkt-des-monats\/produkt\/wieso-weshalb-warum-junior-band-3-der-flughafen\/\"]}]},{\"@type\":\"ImageObject\",\"inLanguage\":\"de\",\"@id\":\"https:\/\/der-schulbedarf.shop\/produkt-des-monats\/produkt\/wieso-weshalb-warum-junior-band-3-der-flughafen\/#primaryimage\",\"url\":\"https:\/\/der-schulbedarf.shop\/wp-content\/uploads\/2024\/04\/33292.jpg\",\"contentUrl\":\"https:\/\/der-schulbedarf.shop\/wp-content\/uploads\/2024\/04\/33292.jpg\",\"width\":903,\"height\":1024},{\"@type\":\"BreadcrumbList\",\"@id\":\"https:\/\/der-schulbedarf.shop\/produkt-des-monats\/produkt\/wieso-weshalb-warum-junior-band-3-der-flughafen\/#breadcrumb\",\"itemListElement\":[{\"@type\":\"ListItem\",\"position\":1,\"name\":\"Shop\",\"item\":\"https:\/\/der-schulbedarf.shop\/produkt-des-monats\/shop\/\"},{\"@type\":\"ListItem\",\"position\":2,\"name\":\"Wieso? Weshalb? Warum? junior, Band 3: Der Flughafen\"}]},{\"@type\":\"WebSite\",\"@id\":\"https:\/\/der-schulbedarf.shop\/produkt-des-monats\/#website\",\"url\":\"https:\/\/der-schulbedarf.shop\/produkt-des-monats\/\",\"name\":\"der-Schulbedarf.shop\",\"description\":\"\",\"publisher\":{\"@id\":\"https:\/\/der-schulbedarf.shop\/produkt-des-monats\/#organization\"},\"potentialAction\":[{\"@type\":\"SearchAction\",\"target\":{\"@type\":\"EntryPoint\",\"urlTemplate\":\"https:\/\/der-schulbedarf.shop\/produkt-des-monats\/?s={search_term_string}\"},\"query-input\":{\"@type\":\"PropertyValueSpecification\",\"valueRequired\":true,\"valueName\":\"search_term_string\"}}],\"inLanguage\":\"de\"},{\"@type\":\"Organization\",\"@id\":\"https:\/\/der-schulbedarf.shop\/produkt-des-monats\/#organization\",\"name\":\"der-Schulbedarf.shop\",\"url\":\"https:\/\/der-schulbedarf.shop\/produkt-des-monats\/\",\"logo\":{\"@type\":\"ImageObject\",\"inLanguage\":\"de\",\"@id\":\"https:\/\/der-schulbedarf.shop\/produkt-des-monats\/#\/schema\/logo\/image\/\",\"url\":\"https:\/\/der-schulbedarf.shop\/wp-content\/uploads\/2024\/02\/grafik-e1709551115899.png\",\"contentUrl\":\"https:\/\/der-schulbedarf.shop\/wp-content\/uploads\/2024\/02\/grafik-e1709551115899.png\",\"width\":80,\"height\":80,\"caption\":\"der-Schulbedarf.shop\"},\"image\":{\"@id\":\"https:\/\/der-schulbedarf.shop\/produkt-des-monats\/#\/schema\/logo\/image\/\"}}]}<\/script>\n<!-- \/ Yoast SEO plugin. -->","yoast_head_json":{"title":"Wieso? Weshalb? Warum? junior, Band 3: Der Flughafen - der-Schulbedarf.shop","description":"Band 3: Der Flughafen. Sachbuchreihe f\u00fcr Kinder von 2-4 Jahren. F\u00f6rdert die Motorik dfer Kleinsten. Weckt Spielerisch das Interesse ums Fliegen, Flugh\u00e4fen.","robots":{"index":"index","follow":"follow","max-snippet":"max-snippet:-1","max-image-preview":"max-image-preview:large","max-video-preview":"max-video-preview:-1"},"canonical":"https:\/\/der-schulbedarf.shop\/produkt-des-monats\/produkt\/wieso-weshalb-warum-junior-band-3-der-flughafen\/","og_locale":"de_DE","og_type":"article","og_title":"Wieso? Weshalb? Warum? junior, Band 3: Der Flughafen - der-Schulbedarf.shop","og_description":"Band 3: Der Flughafen. Sachbuchreihe f\u00fcr Kinder von 2-4 Jahren. F\u00f6rdert die Motorik dfer Kleinsten. Weckt Spielerisch das Interesse ums Fliegen, Flugh\u00e4fen.","og_url":"https:\/\/der-schulbedarf.shop\/produkt-des-monats\/produkt\/wieso-weshalb-warum-junior-band-3-der-flughafen\/","og_site_name":"der-Schulbedarf.shop","article_modified_time":"2025-08-11T10:29:58+00:00","og_image":[{"width":903,"height":1024,"url":"https:\/\/der-schulbedarf.shop\/wp-content\/uploads\/2024\/04\/33292.jpg","type":"image\/jpeg"}],"twitter_card":"summary_large_image","twitter_misc":{"Gesch\u00e4tzte Lesezeit":"2\u00a0Minuten"},"schema":{"@context":"https:\/\/schema.org","@graph":[{"@type":"WebPage","@id":"https:\/\/der-schulbedarf.shop\/produkt-des-monats\/produkt\/wieso-weshalb-warum-junior-band-3-der-flughafen\/","url":"https:\/\/der-schulbedarf.shop\/produkt-des-monats\/produkt\/wieso-weshalb-warum-junior-band-3-der-flughafen\/","name":"Wieso? Weshalb? Warum? junior, Band 3: Der Flughafen - der-Schulbedarf.shop","isPartOf":{"@id":"https:\/\/der-schulbedarf.shop\/produkt-des-monats\/#website"},"primaryImageOfPage":{"@id":"https:\/\/der-schulbedarf.shop\/produkt-des-monats\/produkt\/wieso-weshalb-warum-junior-band-3-der-flughafen\/#primaryimage"},"image":{"@id":"https:\/\/der-schulbedarf.shop\/produkt-des-monats\/produkt\/wieso-weshalb-warum-junior-band-3-der-flughafen\/#primaryimage"},"thumbnailUrl":"https:\/\/der-schulbedarf.shop\/wp-content\/uploads\/2024\/04\/33292.jpg","datePublished":"2024-04-12T08:05:43+00:00","dateModified":"2025-08-11T10:29:58+00:00","description":"Band 3: Der Flughafen. Sachbuchreihe f\u00fcr Kinder von 2-4 Jahren. F\u00f6rdert die Motorik dfer Kleinsten. Weckt Spielerisch das Interesse ums Fliegen, Flugh\u00e4fen.","breadcrumb":{"@id":"https:\/\/der-schulbedarf.shop\/produkt-des-monats\/produkt\/wieso-weshalb-warum-junior-band-3-der-flughafen\/#breadcrumb"},"inLanguage":"de","potentialAction":[{"@type":"ReadAction","target":["https:\/\/der-schulbedarf.shop\/produkt-des-monats\/produkt\/wieso-weshalb-warum-junior-band-3-der-flughafen\/"]}]},{"@type":"ImageObject","inLanguage":"de","@id":"https:\/\/der-schulbedarf.shop\/produkt-des-monats\/produkt\/wieso-weshalb-warum-junior-band-3-der-flughafen\/#primaryimage","url":"https:\/\/der-schulbedarf.shop\/wp-content\/uploads\/2024\/04\/33292.jpg","contentUrl":"https:\/\/der-schulbedarf.shop\/wp-content\/uploads\/2024\/04\/33292.jpg","width":903,"height":1024},{"@type":"BreadcrumbList","@id":"https:\/\/der-schulbedarf.shop\/produkt-des-monats\/produkt\/wieso-weshalb-warum-junior-band-3-der-flughafen\/#breadcrumb","itemListElement":[{"@type":"ListItem","position":1,"name":"Shop","item":"https:\/\/der-schulbedarf.shop\/produkt-des-monats\/shop\/"},{"@type":"ListItem","position":2,"name":"Wieso? Weshalb? Warum? junior, Band 3: Der Flughafen"}]},{"@type":"WebSite","@id":"https:\/\/der-schulbedarf.shop\/produkt-des-monats\/#website","url":"https:\/\/der-schulbedarf.shop\/produkt-des-monats\/","name":"der-Schulbedarf.shop","description":"","publisher":{"@id":"https:\/\/der-schulbedarf.shop\/produkt-des-monats\/#organization"},"potentialAction":[{"@type":"SearchAction","target":{"@type":"EntryPoint","urlTemplate":"https:\/\/der-schulbedarf.shop\/produkt-des-monats\/?s={search_term_string}"},"query-input":{"@type":"PropertyValueSpecification","valueRequired":true,"valueName":"search_term_string"}}],"inLanguage":"de"},{"@type":"Organization","@id":"https:\/\/der-schulbedarf.shop\/produkt-des-monats\/#organization","name":"der-Schulbedarf.shop","url":"https:\/\/der-schulbedarf.shop\/produkt-des-monats\/","logo":{"@type":"ImageObject","inLanguage":"de","@id":"https:\/\/der-schulbedarf.shop\/produkt-des-monats\/#\/schema\/logo\/image\/","url":"https:\/\/der-schulbedarf.shop\/wp-content\/uploads\/2024\/02\/grafik-e1709551115899.png","contentUrl":"https:\/\/der-schulbedarf.shop\/wp-content\/uploads\/2024\/02\/grafik-e1709551115899.png","width":80,"height":80,"caption":"der-Schulbedarf.shop"},"image":{"@id":"https:\/\/der-schulbedarf.shop\/produkt-des-monats\/#\/schema\/logo\/image\/"}}]}},"_links":{"self":[{"href":"https:\/\/der-schulbedarf.shop\/produkt-des-monats\/wp-json\/wp\/v2\/product\/3019","targetHints":{"allow":["GET"]}}],"collection":[{"href":"https:\/\/der-schulbedarf.shop\/produkt-des-monats\/wp-json\/wp\/v2\/product"}],"about":[{"href":"https:\/\/der-schulbedarf.shop\/produkt-des-monats\/wp-json\/wp\/v2\/types\/product"}],"replies":[{"embeddable":true,"href":"https:\/\/der-schulbedarf.shop\/produkt-des-monats\/wp-json\/wp\/v2\/comments?post=3019"}],"wp:featuredmedia":[{"embeddable":true,"href":"https:\/\/der-schulbedarf.shop\/produkt-des-monats\/wp-json\/wp\/v2\/media\/3389"}],"wp:attachment":[{"href":"https:\/\/der-schulbedarf.shop\/produkt-des-monats\/wp-json\/wp\/v2\/media?parent=3019"}],"wp:term":[{"taxonomy":"product_cat","embeddable":true,"href":"https:\/\/der-schulbedarf.shop\/produkt-des-monats\/wp-json\/wp\/v2\/product_cat?post=3019"},{"taxonomy":"product_tag","embeddable":true,"href":"https:\/\/der-schulbedarf.shop\/produkt-des-monats\/wp-json\/wp\/v2\/product_tag?post=3019"}],"curies":[{"name":"wp","href":"https:\/\/api.w.org\/{rel}","templated":true}]}}