{"id":3290,"date":"2024-03-28T10:58:12","date_gmt":"2024-03-28T10:58:12","guid":{"rendered":"https:\/\/der-schulbedarf.Shop\/?post_type=product&#038;p=3290"},"modified":"2025-08-11T11:11:03","modified_gmt":"2025-08-11T11:11:03","slug":"wieso-weshalb-warum-band-7-fahrzeuge-auf-der-baustelle","status":"publish","type":"product","link":"https:\/\/der-schulbedarf.shop\/produkt-des-monats\/produkt\/wieso-weshalb-warum-band-7-fahrzeuge-auf-der-baustelle\/","title":{"rendered":"Wieso? Weshalb? Warum?, Band 7: Fahrzeuge auf der Baustelle"},"content":{"rendered":"<p>Warum sind Bagger Allesk\u00f6nner? Wo sind gigantische Gro\u00dfmuldenkipper im Einsatz? Wer bohrt Tunnel durch Felsen und Erde? Dieses Buch nimmt Kinder mit auf die verschiedensten Baustellen und zeigt, was die Fahrzeuge und Maschinen dort leisten. Mithilfe von Klappen rei\u00dft ein Abbruchbagger ein Haus ein, wirft man einen Blick in das Innenleben eines Asphaltfertigers oder eines Betonmischfahrzeugs. Das perfekte Buch f\u00fcr Kinder, die alles \u00fcber Bagger, Kran und Co wissen m\u00f6chten.<\/p>\n","protected":false},"excerpt":{"rendered":"<p>Warum sind Bagger Allesk\u00f6nner? Wo sind gigantische Gro\u00dfmuldenkipper im Einsatz? Wer bohrt Tunnel durch Felsen und Erde? Dieses Buch nimmt Kinder mit auf die verschiedensten Baustellen und zeigt, was die Fahrzeuge und Maschinen dort leisten. Mithilfe von Klappen rei\u00dft ein Abbruchbagger ein Haus ein, wirft man einen Blick in das Innenleben eines Asphaltfertigers oder eines [&hellip;]<\/p>\n","protected":false},"featured_media":3300,"comment_status":"open","ping_status":"closed","template":"","meta":[],"product_cat":[224,915,944,225],"product_tag":[917,923,927,919,107,200,201,469,924,196,925,872,922,198,181,1057,864,920,202,179,918,863,862,921,926],"class_list":{"0":"post-3290","1":"product","2":"type-product","3":"status-publish","4":"has-post-thumbnail","6":"product_cat-kinderbuecher","7":"product_cat-produkt-feeds","8":"product_cat-produktzufuehrung-geizhal","9":"product_cat-ravensburger-kinderbuecher","10":"product_tag-bagger","11":"product_tag-bau","12":"product_tag-baumaschinen","13":"product_tag-baustelle","14":"product_tag-beschaeftigung-kinder","15":"product_tag-buch","16":"product_tag-buecher","17":"product_tag-einschulung-geschenk","18":"product_tag-entdecken","19":"product_tag-erstlesebuch","20":"product_tag-fahrzeuge","21":"product_tag-fuer-kinder-ab-4-jahre","22":"product_tag-gebaeudebau","23":"product_tag-kinderbuch","24":"product_tag-kinderbuecher","25":"product_tag-kindersachbuch","26":"product_tag-klappen-buch","27":"product_tag-kran","28":"product_tag-lesen","29":"product_tag-lesen-lernen","30":"product_tag-nutzfahrzeuge","31":"product_tag-sach-bilderbuch","32":"product_tag-sachbuch","33":"product_tag-strassenbau","34":"product_tag-tunnelbau","35":"post","36":"post-with-thumbnail","37":"post-with-thumbnail-large","39":"first","40":"outofstock","41":"taxable","42":"shipping-taxable","43":"purchasable","44":"product-type-simple"},"yoast_head":"<!-- This site is optimized with the Yoast SEO plugin v26.6 - https:\/\/yoast.com\/wordpress\/plugins\/seo\/ -->\n<title>Wieso? Weshalb? Warum?, Band 7: Fahrzeuge auf der Baustelle - der-Schulbedarf.shop<\/title>\n<meta name=\"description\" content=\"Band 7: Fahrzeuge auf der Baustelle. Beantwortet Kinderfragen \u00fcbers Bauen. Alles \u00fcber Baustellen, Bagger, Kran &amp; Co. F\u00fcr Technisch Interessierte Kinder.\" \/>\n<meta name=\"robots\" content=\"index, follow, max-snippet:-1, max-image-preview:large, max-video-preview:-1\" \/>\n<link rel=\"canonical\" href=\"https:\/\/der-schulbedarf.shop\/produkt-des-monats\/produkt\/wieso-weshalb-warum-band-7-fahrzeuge-auf-der-baustelle\/\" \/>\n<meta property=\"og:locale\" content=\"de_DE\" \/>\n<meta property=\"og:type\" content=\"article\" \/>\n<meta property=\"og:title\" content=\"Wieso? Weshalb? Warum?, Band 7: Fahrzeuge auf der Baustelle - der-Schulbedarf.shop\" \/>\n<meta property=\"og:description\" content=\"Band 7: Fahrzeuge auf der Baustelle. Beantwortet Kinderfragen \u00fcbers Bauen. Alles \u00fcber Baustellen, Bagger, Kran &amp; Co. F\u00fcr Technisch Interessierte Kinder.\" \/>\n<meta property=\"og:url\" content=\"https:\/\/der-schulbedarf.shop\/produkt-des-monats\/produkt\/wieso-weshalb-warum-band-7-fahrzeuge-auf-der-baustelle\/\" \/>\n<meta property=\"og:site_name\" content=\"der-Schulbedarf.shop\" \/>\n<meta property=\"article:modified_time\" content=\"2025-08-11T11:11:03+00:00\" \/>\n<meta property=\"og:image\" content=\"https:\/\/der-schulbedarf.shop\/wp-content\/uploads\/2024\/03\/32968.jpg\" \/>\n\t<meta property=\"og:image:width\" content=\"863\" \/>\n\t<meta property=\"og:image:height\" content=\"1024\" \/>\n\t<meta property=\"og:image:type\" content=\"image\/jpeg\" \/>\n<meta name=\"twitter:card\" content=\"summary_large_image\" \/>\n<meta name=\"twitter:label1\" content=\"Gesch\u00e4tzte Lesezeit\" \/>\n\t<meta name=\"twitter:data1\" content=\"1\u00a0Minute\" \/>\n<script type=\"application\/ld+json\" class=\"yoast-schema-graph\">{\"@context\":\"https:\/\/schema.org\",\"@graph\":[{\"@type\":\"WebPage\",\"@id\":\"https:\/\/der-schulbedarf.shop\/produkt-des-monats\/produkt\/wieso-weshalb-warum-band-7-fahrzeuge-auf-der-baustelle\/\",\"url\":\"https:\/\/der-schulbedarf.shop\/produkt-des-monats\/produkt\/wieso-weshalb-warum-band-7-fahrzeuge-auf-der-baustelle\/\",\"name\":\"Wieso? Weshalb? Warum?, Band 7: Fahrzeuge auf der Baustelle - der-Schulbedarf.shop\",\"isPartOf\":{\"@id\":\"https:\/\/der-schulbedarf.shop\/produkt-des-monats\/#website\"},\"primaryImageOfPage\":{\"@id\":\"https:\/\/der-schulbedarf.shop\/produkt-des-monats\/produkt\/wieso-weshalb-warum-band-7-fahrzeuge-auf-der-baustelle\/#primaryimage\"},\"image\":{\"@id\":\"https:\/\/der-schulbedarf.shop\/produkt-des-monats\/produkt\/wieso-weshalb-warum-band-7-fahrzeuge-auf-der-baustelle\/#primaryimage\"},\"thumbnailUrl\":\"https:\/\/der-schulbedarf.shop\/wp-content\/uploads\/2024\/03\/32968.jpg\",\"datePublished\":\"2024-03-28T10:58:12+00:00\",\"dateModified\":\"2025-08-11T11:11:03+00:00\",\"description\":\"Band 7: Fahrzeuge auf der Baustelle. Beantwortet Kinderfragen \u00fcbers Bauen. Alles \u00fcber Baustellen, Bagger, Kran & Co. F\u00fcr Technisch Interessierte Kinder.\",\"breadcrumb\":{\"@id\":\"https:\/\/der-schulbedarf.shop\/produkt-des-monats\/produkt\/wieso-weshalb-warum-band-7-fahrzeuge-auf-der-baustelle\/#breadcrumb\"},\"inLanguage\":\"de\",\"potentialAction\":[{\"@type\":\"ReadAction\",\"target\":[\"https:\/\/der-schulbedarf.shop\/produkt-des-monats\/produkt\/wieso-weshalb-warum-band-7-fahrzeuge-auf-der-baustelle\/\"]}]},{\"@type\":\"ImageObject\",\"inLanguage\":\"de\",\"@id\":\"https:\/\/der-schulbedarf.shop\/produkt-des-monats\/produkt\/wieso-weshalb-warum-band-7-fahrzeuge-auf-der-baustelle\/#primaryimage\",\"url\":\"https:\/\/der-schulbedarf.shop\/wp-content\/uploads\/2024\/03\/32968.jpg\",\"contentUrl\":\"https:\/\/der-schulbedarf.shop\/wp-content\/uploads\/2024\/03\/32968.jpg\",\"width\":863,\"height\":1024},{\"@type\":\"BreadcrumbList\",\"@id\":\"https:\/\/der-schulbedarf.shop\/produkt-des-monats\/produkt\/wieso-weshalb-warum-band-7-fahrzeuge-auf-der-baustelle\/#breadcrumb\",\"itemListElement\":[{\"@type\":\"ListItem\",\"position\":1,\"name\":\"Shop\",\"item\":\"https:\/\/der-schulbedarf.shop\/produkt-des-monats\/shop\/\"},{\"@type\":\"ListItem\",\"position\":2,\"name\":\"Wieso? Weshalb? Warum?, Band 7: Fahrzeuge auf der Baustelle\"}]},{\"@type\":\"WebSite\",\"@id\":\"https:\/\/der-schulbedarf.shop\/produkt-des-monats\/#website\",\"url\":\"https:\/\/der-schulbedarf.shop\/produkt-des-monats\/\",\"name\":\"der-Schulbedarf.shop\",\"description\":\"\",\"publisher\":{\"@id\":\"https:\/\/der-schulbedarf.shop\/produkt-des-monats\/#organization\"},\"potentialAction\":[{\"@type\":\"SearchAction\",\"target\":{\"@type\":\"EntryPoint\",\"urlTemplate\":\"https:\/\/der-schulbedarf.shop\/produkt-des-monats\/?s={search_term_string}\"},\"query-input\":{\"@type\":\"PropertyValueSpecification\",\"valueRequired\":true,\"valueName\":\"search_term_string\"}}],\"inLanguage\":\"de\"},{\"@type\":\"Organization\",\"@id\":\"https:\/\/der-schulbedarf.shop\/produkt-des-monats\/#organization\",\"name\":\"der-Schulbedarf.shop\",\"url\":\"https:\/\/der-schulbedarf.shop\/produkt-des-monats\/\",\"logo\":{\"@type\":\"ImageObject\",\"inLanguage\":\"de\",\"@id\":\"https:\/\/der-schulbedarf.shop\/produkt-des-monats\/#\/schema\/logo\/image\/\",\"url\":\"https:\/\/der-schulbedarf.shop\/wp-content\/uploads\/2024\/02\/grafik-e1709551115899.png\",\"contentUrl\":\"https:\/\/der-schulbedarf.shop\/wp-content\/uploads\/2024\/02\/grafik-e1709551115899.png\",\"width\":80,\"height\":80,\"caption\":\"der-Schulbedarf.shop\"},\"image\":{\"@id\":\"https:\/\/der-schulbedarf.shop\/produkt-des-monats\/#\/schema\/logo\/image\/\"}}]}<\/script>\n<!-- \/ Yoast SEO plugin. -->","yoast_head_json":{"title":"Wieso? Weshalb? Warum?, Band 7: Fahrzeuge auf der Baustelle - der-Schulbedarf.shop","description":"Band 7: Fahrzeuge auf der Baustelle. Beantwortet Kinderfragen \u00fcbers Bauen. Alles \u00fcber Baustellen, Bagger, Kran & Co. F\u00fcr Technisch Interessierte Kinder.","robots":{"index":"index","follow":"follow","max-snippet":"max-snippet:-1","max-image-preview":"max-image-preview:large","max-video-preview":"max-video-preview:-1"},"canonical":"https:\/\/der-schulbedarf.shop\/produkt-des-monats\/produkt\/wieso-weshalb-warum-band-7-fahrzeuge-auf-der-baustelle\/","og_locale":"de_DE","og_type":"article","og_title":"Wieso? Weshalb? Warum?, Band 7: Fahrzeuge auf der Baustelle - der-Schulbedarf.shop","og_description":"Band 7: Fahrzeuge auf der Baustelle. Beantwortet Kinderfragen \u00fcbers Bauen. Alles \u00fcber Baustellen, Bagger, Kran & Co. F\u00fcr Technisch Interessierte Kinder.","og_url":"https:\/\/der-schulbedarf.shop\/produkt-des-monats\/produkt\/wieso-weshalb-warum-band-7-fahrzeuge-auf-der-baustelle\/","og_site_name":"der-Schulbedarf.shop","article_modified_time":"2025-08-11T11:11:03+00:00","og_image":[{"width":863,"height":1024,"url":"https:\/\/der-schulbedarf.shop\/wp-content\/uploads\/2024\/03\/32968.jpg","type":"image\/jpeg"}],"twitter_card":"summary_large_image","twitter_misc":{"Gesch\u00e4tzte Lesezeit":"1\u00a0Minute"},"schema":{"@context":"https:\/\/schema.org","@graph":[{"@type":"WebPage","@id":"https:\/\/der-schulbedarf.shop\/produkt-des-monats\/produkt\/wieso-weshalb-warum-band-7-fahrzeuge-auf-der-baustelle\/","url":"https:\/\/der-schulbedarf.shop\/produkt-des-monats\/produkt\/wieso-weshalb-warum-band-7-fahrzeuge-auf-der-baustelle\/","name":"Wieso? Weshalb? Warum?, Band 7: Fahrzeuge auf der Baustelle - der-Schulbedarf.shop","isPartOf":{"@id":"https:\/\/der-schulbedarf.shop\/produkt-des-monats\/#website"},"primaryImageOfPage":{"@id":"https:\/\/der-schulbedarf.shop\/produkt-des-monats\/produkt\/wieso-weshalb-warum-band-7-fahrzeuge-auf-der-baustelle\/#primaryimage"},"image":{"@id":"https:\/\/der-schulbedarf.shop\/produkt-des-monats\/produkt\/wieso-weshalb-warum-band-7-fahrzeuge-auf-der-baustelle\/#primaryimage"},"thumbnailUrl":"https:\/\/der-schulbedarf.shop\/wp-content\/uploads\/2024\/03\/32968.jpg","datePublished":"2024-03-28T10:58:12+00:00","dateModified":"2025-08-11T11:11:03+00:00","description":"Band 7: Fahrzeuge auf der Baustelle. Beantwortet Kinderfragen \u00fcbers Bauen. Alles \u00fcber Baustellen, Bagger, Kran & Co. F\u00fcr Technisch Interessierte Kinder.","breadcrumb":{"@id":"https:\/\/der-schulbedarf.shop\/produkt-des-monats\/produkt\/wieso-weshalb-warum-band-7-fahrzeuge-auf-der-baustelle\/#breadcrumb"},"inLanguage":"de","potentialAction":[{"@type":"ReadAction","target":["https:\/\/der-schulbedarf.shop\/produkt-des-monats\/produkt\/wieso-weshalb-warum-band-7-fahrzeuge-auf-der-baustelle\/"]}]},{"@type":"ImageObject","inLanguage":"de","@id":"https:\/\/der-schulbedarf.shop\/produkt-des-monats\/produkt\/wieso-weshalb-warum-band-7-fahrzeuge-auf-der-baustelle\/#primaryimage","url":"https:\/\/der-schulbedarf.shop\/wp-content\/uploads\/2024\/03\/32968.jpg","contentUrl":"https:\/\/der-schulbedarf.shop\/wp-content\/uploads\/2024\/03\/32968.jpg","width":863,"height":1024},{"@type":"BreadcrumbList","@id":"https:\/\/der-schulbedarf.shop\/produkt-des-monats\/produkt\/wieso-weshalb-warum-band-7-fahrzeuge-auf-der-baustelle\/#breadcrumb","itemListElement":[{"@type":"ListItem","position":1,"name":"Shop","item":"https:\/\/der-schulbedarf.shop\/produkt-des-monats\/shop\/"},{"@type":"ListItem","position":2,"name":"Wieso? Weshalb? Warum?, Band 7: Fahrzeuge auf der Baustelle"}]},{"@type":"WebSite","@id":"https:\/\/der-schulbedarf.shop\/produkt-des-monats\/#website","url":"https:\/\/der-schulbedarf.shop\/produkt-des-monats\/","name":"der-Schulbedarf.shop","description":"","publisher":{"@id":"https:\/\/der-schulbedarf.shop\/produkt-des-monats\/#organization"},"potentialAction":[{"@type":"SearchAction","target":{"@type":"EntryPoint","urlTemplate":"https:\/\/der-schulbedarf.shop\/produkt-des-monats\/?s={search_term_string}"},"query-input":{"@type":"PropertyValueSpecification","valueRequired":true,"valueName":"search_term_string"}}],"inLanguage":"de"},{"@type":"Organization","@id":"https:\/\/der-schulbedarf.shop\/produkt-des-monats\/#organization","name":"der-Schulbedarf.shop","url":"https:\/\/der-schulbedarf.shop\/produkt-des-monats\/","logo":{"@type":"ImageObject","inLanguage":"de","@id":"https:\/\/der-schulbedarf.shop\/produkt-des-monats\/#\/schema\/logo\/image\/","url":"https:\/\/der-schulbedarf.shop\/wp-content\/uploads\/2024\/02\/grafik-e1709551115899.png","contentUrl":"https:\/\/der-schulbedarf.shop\/wp-content\/uploads\/2024\/02\/grafik-e1709551115899.png","width":80,"height":80,"caption":"der-Schulbedarf.shop"},"image":{"@id":"https:\/\/der-schulbedarf.shop\/produkt-des-monats\/#\/schema\/logo\/image\/"}}]}},"_links":{"self":[{"href":"https:\/\/der-schulbedarf.shop\/produkt-des-monats\/wp-json\/wp\/v2\/product\/3290","targetHints":{"allow":["GET"]}}],"collection":[{"href":"https:\/\/der-schulbedarf.shop\/produkt-des-monats\/wp-json\/wp\/v2\/product"}],"about":[{"href":"https:\/\/der-schulbedarf.shop\/produkt-des-monats\/wp-json\/wp\/v2\/types\/product"}],"replies":[{"embeddable":true,"href":"https:\/\/der-schulbedarf.shop\/produkt-des-monats\/wp-json\/wp\/v2\/comments?post=3290"}],"wp:featuredmedia":[{"embeddable":true,"href":"https:\/\/der-schulbedarf.shop\/produkt-des-monats\/wp-json\/wp\/v2\/media\/3300"}],"wp:attachment":[{"href":"https:\/\/der-schulbedarf.shop\/produkt-des-monats\/wp-json\/wp\/v2\/media?parent=3290"}],"wp:term":[{"taxonomy":"product_cat","embeddable":true,"href":"https:\/\/der-schulbedarf.shop\/produkt-des-monats\/wp-json\/wp\/v2\/product_cat?post=3290"},{"taxonomy":"product_tag","embeddable":true,"href":"https:\/\/der-schulbedarf.shop\/produkt-des-monats\/wp-json\/wp\/v2\/product_tag?post=3290"}],"curies":[{"name":"wp","href":"https:\/\/api.w.org\/{rel}","templated":true}]}}