{"id":3291,"date":"2024-03-28T11:11:53","date_gmt":"2024-03-28T11:11:53","guid":{"rendered":"https:\/\/der-schulbedarf.Shop\/?post_type=product&#038;p=3291"},"modified":"2025-08-11T10:58:13","modified_gmt":"2025-08-11T10:58:13","slug":"wieso-weshalb-warum-band-49-gefaehrliche-tiere","status":"publish","type":"product","link":"https:\/\/der-schulbedarf.shop\/produkt-des-monats\/produkt\/wieso-weshalb-warum-band-49-gefaehrliche-tiere\/","title":{"rendered":"Wieso? Weshalb? Warum?, Band 49: Gef\u00e4hrliche Tiere"},"content":{"rendered":"<p>Tierisch gef\u00e4hrlich: Hier tummeln sich allerhand Raubkatzen mit scharfen Klauen, Haie mit spitzen Z\u00e4hnen, giftige Schlangen und Spinnen. Das Buch stellt viele dieser Tiere vor und vermittelt mit eindrucksvollen Klappen, warum sie f\u00fcr andere bedrohlich sind. Wie jagen L\u00f6wen und Tiger? Warum sind manche Tiere giftig? Wie tarnen sie sich? Kinder erfahren zudem, weshalb J\u00e4ger und auch Beutetiere \u00fcber besonders scharfe Sinne verf\u00fcgen, und warum manche von ihnen Stacheln oder einen Panzer haben.<\/p>\n","protected":false},"excerpt":{"rendered":"<p>Tierisch gef\u00e4hrlich: Hier tummeln sich allerhand Raubkatzen mit scharfen Klauen, Haie mit spitzen Z\u00e4hnen, giftige Schlangen und Spinnen. Das Buch stellt viele dieser Tiere vor und vermittelt mit eindrucksvollen Klappen, warum sie f\u00fcr andere bedrohlich sind. Wie jagen L\u00f6wen und Tiger? Warum sind manche Tiere giftig? Wie tarnen sie sich? Kinder erfahren zudem, weshalb J\u00e4ger [&hellip;]<\/p>\n","protected":false},"featured_media":3304,"comment_status":"open","ping_status":"closed","template":"","meta":[],"product_cat":[224,915,944,225],"product_tag":[268,934,928,111,107,200,469,196,872,113,930,219,198,181,931,929,202,179,932,935,193,180,863,933,360,167,871],"class_list":{"0":"post-3291","1":"product","2":"type-product","3":"status-publish","4":"has-post-thumbnail","6":"product_cat-kinderbuecher","7":"product_cat-produkt-feeds","8":"product_cat-produktzufuehrung-geizhal","9":"product_cat-ravensburger-kinderbuecher","10":"product_tag-abenteuer","11":"product_tag-adler","12":"product_tag-baer","13":"product_tag-beschaeftigung","14":"product_tag-beschaeftigung-kinder","15":"product_tag-buch","16":"product_tag-einschulung-geschenk","17":"product_tag-erstlesebuch","18":"product_tag-fuer-kinder-ab-4-jahre","19":"product_tag-geschenk","20":"product_tag-hai","21":"product_tag-jaguar","22":"product_tag-kinderbuch","23":"product_tag-kinderbuecher","24":"product_tag-krokodil","25":"product_tag-leopard","26":"product_tag-lesen","27":"product_tag-lesen-lernen","28":"product_tag-raubtiere","29":"product_tag-raubvogel","30":"product_tag-ravensburger","31":"product_tag-ravensburger-erstes-lernen","32":"product_tag-sach-bilderbuch","33":"product_tag-schlange","34":"product_tag-spannend","35":"product_tag-tiere","36":"product_tag-wieso-weshalb-warum","37":"post","38":"post-with-thumbnail","39":"post-with-thumbnail-large","41":"first","42":"outofstock","43":"taxable","44":"shipping-taxable","45":"purchasable","46":"product-type-simple"},"yoast_head":"<!-- This site is optimized with the Yoast SEO plugin v26.6 - https:\/\/yoast.com\/wordpress\/plugins\/seo\/ -->\n<title>Wieso? Weshalb? Warum?, Band 49: Gef\u00e4hrliche Tiere - der-Schulbedarf.shop<\/title>\n<meta name=\"description\" content=\"Band 49: Gef\u00e4hrliche Tiere. Beantwortet Kinderfragen wie zB. warum gibt es Raubtiere?. Alles \u00fcber L\u00f6wen, Tiger, Leoparden, und andere gef\u00e4hrliche Tiere.\" \/>\n<meta name=\"robots\" content=\"index, follow, max-snippet:-1, max-image-preview:large, max-video-preview:-1\" \/>\n<link rel=\"canonical\" href=\"https:\/\/der-schulbedarf.shop\/produkt-des-monats\/produkt\/wieso-weshalb-warum-band-49-gefaehrliche-tiere\/\" \/>\n<meta property=\"og:locale\" content=\"de_DE\" \/>\n<meta property=\"og:type\" content=\"article\" \/>\n<meta property=\"og:title\" content=\"Wieso? Weshalb? Warum?, Band 49: Gef\u00e4hrliche Tiere - der-Schulbedarf.shop\" \/>\n<meta property=\"og:description\" content=\"Band 49: Gef\u00e4hrliche Tiere. Beantwortet Kinderfragen wie zB. warum gibt es Raubtiere?. Alles \u00fcber L\u00f6wen, Tiger, Leoparden, und andere gef\u00e4hrliche Tiere.\" \/>\n<meta property=\"og:url\" content=\"https:\/\/der-schulbedarf.shop\/produkt-des-monats\/produkt\/wieso-weshalb-warum-band-49-gefaehrliche-tiere\/\" \/>\n<meta property=\"og:site_name\" content=\"der-Schulbedarf.shop\" \/>\n<meta property=\"article:modified_time\" content=\"2025-08-11T10:58:13+00:00\" \/>\n<meta property=\"og:image\" content=\"https:\/\/der-schulbedarf.shop\/wp-content\/uploads\/2024\/03\/32814.jpg\" \/>\n\t<meta property=\"og:image:width\" content=\"869\" \/>\n\t<meta property=\"og:image:height\" content=\"1024\" \/>\n\t<meta property=\"og:image:type\" content=\"image\/jpeg\" \/>\n<meta name=\"twitter:card\" content=\"summary_large_image\" \/>\n<meta name=\"twitter:label1\" content=\"Gesch\u00e4tzte Lesezeit\" \/>\n\t<meta name=\"twitter:data1\" content=\"1\u00a0Minute\" \/>\n<script type=\"application\/ld+json\" class=\"yoast-schema-graph\">{\"@context\":\"https:\/\/schema.org\",\"@graph\":[{\"@type\":\"WebPage\",\"@id\":\"https:\/\/der-schulbedarf.shop\/produkt-des-monats\/produkt\/wieso-weshalb-warum-band-49-gefaehrliche-tiere\/\",\"url\":\"https:\/\/der-schulbedarf.shop\/produkt-des-monats\/produkt\/wieso-weshalb-warum-band-49-gefaehrliche-tiere\/\",\"name\":\"Wieso? Weshalb? Warum?, Band 49: Gef\u00e4hrliche Tiere - der-Schulbedarf.shop\",\"isPartOf\":{\"@id\":\"https:\/\/der-schulbedarf.shop\/produkt-des-monats\/#website\"},\"primaryImageOfPage\":{\"@id\":\"https:\/\/der-schulbedarf.shop\/produkt-des-monats\/produkt\/wieso-weshalb-warum-band-49-gefaehrliche-tiere\/#primaryimage\"},\"image\":{\"@id\":\"https:\/\/der-schulbedarf.shop\/produkt-des-monats\/produkt\/wieso-weshalb-warum-band-49-gefaehrliche-tiere\/#primaryimage\"},\"thumbnailUrl\":\"https:\/\/der-schulbedarf.shop\/wp-content\/uploads\/2024\/03\/32814.jpg\",\"datePublished\":\"2024-03-28T11:11:53+00:00\",\"dateModified\":\"2025-08-11T10:58:13+00:00\",\"description\":\"Band 49: Gef\u00e4hrliche Tiere. Beantwortet Kinderfragen wie zB. warum gibt es Raubtiere?. Alles \u00fcber L\u00f6wen, Tiger, Leoparden, und andere gef\u00e4hrliche Tiere.\",\"breadcrumb\":{\"@id\":\"https:\/\/der-schulbedarf.shop\/produkt-des-monats\/produkt\/wieso-weshalb-warum-band-49-gefaehrliche-tiere\/#breadcrumb\"},\"inLanguage\":\"de\",\"potentialAction\":[{\"@type\":\"ReadAction\",\"target\":[\"https:\/\/der-schulbedarf.shop\/produkt-des-monats\/produkt\/wieso-weshalb-warum-band-49-gefaehrliche-tiere\/\"]}]},{\"@type\":\"ImageObject\",\"inLanguage\":\"de\",\"@id\":\"https:\/\/der-schulbedarf.shop\/produkt-des-monats\/produkt\/wieso-weshalb-warum-band-49-gefaehrliche-tiere\/#primaryimage\",\"url\":\"https:\/\/der-schulbedarf.shop\/wp-content\/uploads\/2024\/03\/32814.jpg\",\"contentUrl\":\"https:\/\/der-schulbedarf.shop\/wp-content\/uploads\/2024\/03\/32814.jpg\",\"width\":869,\"height\":1024},{\"@type\":\"BreadcrumbList\",\"@id\":\"https:\/\/der-schulbedarf.shop\/produkt-des-monats\/produkt\/wieso-weshalb-warum-band-49-gefaehrliche-tiere\/#breadcrumb\",\"itemListElement\":[{\"@type\":\"ListItem\",\"position\":1,\"name\":\"Shop\",\"item\":\"https:\/\/der-schulbedarf.shop\/produkt-des-monats\/shop\/\"},{\"@type\":\"ListItem\",\"position\":2,\"name\":\"Wieso? Weshalb? Warum?, Band 49: Gef\u00e4hrliche Tiere\"}]},{\"@type\":\"WebSite\",\"@id\":\"https:\/\/der-schulbedarf.shop\/produkt-des-monats\/#website\",\"url\":\"https:\/\/der-schulbedarf.shop\/produkt-des-monats\/\",\"name\":\"der-Schulbedarf.shop\",\"description\":\"\",\"publisher\":{\"@id\":\"https:\/\/der-schulbedarf.shop\/produkt-des-monats\/#organization\"},\"potentialAction\":[{\"@type\":\"SearchAction\",\"target\":{\"@type\":\"EntryPoint\",\"urlTemplate\":\"https:\/\/der-schulbedarf.shop\/produkt-des-monats\/?s={search_term_string}\"},\"query-input\":{\"@type\":\"PropertyValueSpecification\",\"valueRequired\":true,\"valueName\":\"search_term_string\"}}],\"inLanguage\":\"de\"},{\"@type\":\"Organization\",\"@id\":\"https:\/\/der-schulbedarf.shop\/produkt-des-monats\/#organization\",\"name\":\"der-Schulbedarf.shop\",\"url\":\"https:\/\/der-schulbedarf.shop\/produkt-des-monats\/\",\"logo\":{\"@type\":\"ImageObject\",\"inLanguage\":\"de\",\"@id\":\"https:\/\/der-schulbedarf.shop\/produkt-des-monats\/#\/schema\/logo\/image\/\",\"url\":\"https:\/\/der-schulbedarf.shop\/wp-content\/uploads\/2024\/02\/grafik-e1709551115899.png\",\"contentUrl\":\"https:\/\/der-schulbedarf.shop\/wp-content\/uploads\/2024\/02\/grafik-e1709551115899.png\",\"width\":80,\"height\":80,\"caption\":\"der-Schulbedarf.shop\"},\"image\":{\"@id\":\"https:\/\/der-schulbedarf.shop\/produkt-des-monats\/#\/schema\/logo\/image\/\"}}]}<\/script>\n<!-- \/ Yoast SEO plugin. -->","yoast_head_json":{"title":"Wieso? Weshalb? Warum?, Band 49: Gef\u00e4hrliche Tiere - der-Schulbedarf.shop","description":"Band 49: Gef\u00e4hrliche Tiere. Beantwortet Kinderfragen wie zB. warum gibt es Raubtiere?. Alles \u00fcber L\u00f6wen, Tiger, Leoparden, und andere gef\u00e4hrliche Tiere.","robots":{"index":"index","follow":"follow","max-snippet":"max-snippet:-1","max-image-preview":"max-image-preview:large","max-video-preview":"max-video-preview:-1"},"canonical":"https:\/\/der-schulbedarf.shop\/produkt-des-monats\/produkt\/wieso-weshalb-warum-band-49-gefaehrliche-tiere\/","og_locale":"de_DE","og_type":"article","og_title":"Wieso? Weshalb? Warum?, Band 49: Gef\u00e4hrliche Tiere - der-Schulbedarf.shop","og_description":"Band 49: Gef\u00e4hrliche Tiere. Beantwortet Kinderfragen wie zB. warum gibt es Raubtiere?. Alles \u00fcber L\u00f6wen, Tiger, Leoparden, und andere gef\u00e4hrliche Tiere.","og_url":"https:\/\/der-schulbedarf.shop\/produkt-des-monats\/produkt\/wieso-weshalb-warum-band-49-gefaehrliche-tiere\/","og_site_name":"der-Schulbedarf.shop","article_modified_time":"2025-08-11T10:58:13+00:00","og_image":[{"width":869,"height":1024,"url":"https:\/\/der-schulbedarf.shop\/wp-content\/uploads\/2024\/03\/32814.jpg","type":"image\/jpeg"}],"twitter_card":"summary_large_image","twitter_misc":{"Gesch\u00e4tzte Lesezeit":"1\u00a0Minute"},"schema":{"@context":"https:\/\/schema.org","@graph":[{"@type":"WebPage","@id":"https:\/\/der-schulbedarf.shop\/produkt-des-monats\/produkt\/wieso-weshalb-warum-band-49-gefaehrliche-tiere\/","url":"https:\/\/der-schulbedarf.shop\/produkt-des-monats\/produkt\/wieso-weshalb-warum-band-49-gefaehrliche-tiere\/","name":"Wieso? Weshalb? Warum?, Band 49: Gef\u00e4hrliche Tiere - der-Schulbedarf.shop","isPartOf":{"@id":"https:\/\/der-schulbedarf.shop\/produkt-des-monats\/#website"},"primaryImageOfPage":{"@id":"https:\/\/der-schulbedarf.shop\/produkt-des-monats\/produkt\/wieso-weshalb-warum-band-49-gefaehrliche-tiere\/#primaryimage"},"image":{"@id":"https:\/\/der-schulbedarf.shop\/produkt-des-monats\/produkt\/wieso-weshalb-warum-band-49-gefaehrliche-tiere\/#primaryimage"},"thumbnailUrl":"https:\/\/der-schulbedarf.shop\/wp-content\/uploads\/2024\/03\/32814.jpg","datePublished":"2024-03-28T11:11:53+00:00","dateModified":"2025-08-11T10:58:13+00:00","description":"Band 49: Gef\u00e4hrliche Tiere. Beantwortet Kinderfragen wie zB. warum gibt es Raubtiere?. Alles \u00fcber L\u00f6wen, Tiger, Leoparden, und andere gef\u00e4hrliche Tiere.","breadcrumb":{"@id":"https:\/\/der-schulbedarf.shop\/produkt-des-monats\/produkt\/wieso-weshalb-warum-band-49-gefaehrliche-tiere\/#breadcrumb"},"inLanguage":"de","potentialAction":[{"@type":"ReadAction","target":["https:\/\/der-schulbedarf.shop\/produkt-des-monats\/produkt\/wieso-weshalb-warum-band-49-gefaehrliche-tiere\/"]}]},{"@type":"ImageObject","inLanguage":"de","@id":"https:\/\/der-schulbedarf.shop\/produkt-des-monats\/produkt\/wieso-weshalb-warum-band-49-gefaehrliche-tiere\/#primaryimage","url":"https:\/\/der-schulbedarf.shop\/wp-content\/uploads\/2024\/03\/32814.jpg","contentUrl":"https:\/\/der-schulbedarf.shop\/wp-content\/uploads\/2024\/03\/32814.jpg","width":869,"height":1024},{"@type":"BreadcrumbList","@id":"https:\/\/der-schulbedarf.shop\/produkt-des-monats\/produkt\/wieso-weshalb-warum-band-49-gefaehrliche-tiere\/#breadcrumb","itemListElement":[{"@type":"ListItem","position":1,"name":"Shop","item":"https:\/\/der-schulbedarf.shop\/produkt-des-monats\/shop\/"},{"@type":"ListItem","position":2,"name":"Wieso? Weshalb? Warum?, Band 49: Gef\u00e4hrliche Tiere"}]},{"@type":"WebSite","@id":"https:\/\/der-schulbedarf.shop\/produkt-des-monats\/#website","url":"https:\/\/der-schulbedarf.shop\/produkt-des-monats\/","name":"der-Schulbedarf.shop","description":"","publisher":{"@id":"https:\/\/der-schulbedarf.shop\/produkt-des-monats\/#organization"},"potentialAction":[{"@type":"SearchAction","target":{"@type":"EntryPoint","urlTemplate":"https:\/\/der-schulbedarf.shop\/produkt-des-monats\/?s={search_term_string}"},"query-input":{"@type":"PropertyValueSpecification","valueRequired":true,"valueName":"search_term_string"}}],"inLanguage":"de"},{"@type":"Organization","@id":"https:\/\/der-schulbedarf.shop\/produkt-des-monats\/#organization","name":"der-Schulbedarf.shop","url":"https:\/\/der-schulbedarf.shop\/produkt-des-monats\/","logo":{"@type":"ImageObject","inLanguage":"de","@id":"https:\/\/der-schulbedarf.shop\/produkt-des-monats\/#\/schema\/logo\/image\/","url":"https:\/\/der-schulbedarf.shop\/wp-content\/uploads\/2024\/02\/grafik-e1709551115899.png","contentUrl":"https:\/\/der-schulbedarf.shop\/wp-content\/uploads\/2024\/02\/grafik-e1709551115899.png","width":80,"height":80,"caption":"der-Schulbedarf.shop"},"image":{"@id":"https:\/\/der-schulbedarf.shop\/produkt-des-monats\/#\/schema\/logo\/image\/"}}]}},"_links":{"self":[{"href":"https:\/\/der-schulbedarf.shop\/produkt-des-monats\/wp-json\/wp\/v2\/product\/3291","targetHints":{"allow":["GET"]}}],"collection":[{"href":"https:\/\/der-schulbedarf.shop\/produkt-des-monats\/wp-json\/wp\/v2\/product"}],"about":[{"href":"https:\/\/der-schulbedarf.shop\/produkt-des-monats\/wp-json\/wp\/v2\/types\/product"}],"replies":[{"embeddable":true,"href":"https:\/\/der-schulbedarf.shop\/produkt-des-monats\/wp-json\/wp\/v2\/comments?post=3291"}],"wp:featuredmedia":[{"embeddable":true,"href":"https:\/\/der-schulbedarf.shop\/produkt-des-monats\/wp-json\/wp\/v2\/media\/3304"}],"wp:attachment":[{"href":"https:\/\/der-schulbedarf.shop\/produkt-des-monats\/wp-json\/wp\/v2\/media?parent=3291"}],"wp:term":[{"taxonomy":"product_cat","embeddable":true,"href":"https:\/\/der-schulbedarf.shop\/produkt-des-monats\/wp-json\/wp\/v2\/product_cat?post=3291"},{"taxonomy":"product_tag","embeddable":true,"href":"https:\/\/der-schulbedarf.shop\/produkt-des-monats\/wp-json\/wp\/v2\/product_tag?post=3291"}],"curies":[{"name":"wp","href":"https:\/\/api.w.org\/{rel}","templated":true}]}}