{"id":3292,"date":"2024-03-28T11:20:53","date_gmt":"2024-03-28T11:20:53","guid":{"rendered":"https:\/\/der-schulbedarf.Shop\/?post_type=product&#038;p=3292"},"modified":"2025-08-11T10:51:27","modified_gmt":"2025-08-11T10:51:27","slug":"wieso-weshalb-warum-band-23-religionen-der-welt","status":"publish","type":"product","link":"https:\/\/der-schulbedarf.shop\/produkt-des-monats\/produkt\/wieso-weshalb-warum-band-23-religionen-der-welt\/","title":{"rendered":"Wieso? Weshalb? Warum?, Band 23: Religionen der Welt"},"content":{"rendered":"<p>Woran glauben Menschen \u2013 und warum? Die Religionen sind so unterschiedlich und sich in manchen Dingen so \u00e4hnlich wie die V\u00f6lker der Welt. In diesem Sachbilderbuch entdecken Kinder die f\u00fcnf Weltreligionen Christentum, Islam, Buddhismus, Hinduismus und Judentum mit all ihren Vorstellungen, Festen und Br\u00e4uchen. Die Gemeinsamkeiten und Unterschiede zu kennen, erm\u00f6glicht einen offenen und toleranten Umgang miteinander. Klappen verschaffen dabei \u00fcberraschende Einblicke.<\/p>\n","protected":false},"excerpt":{"rendered":"<p>Woran glauben Menschen \u2013 und warum? Die Religionen sind so unterschiedlich und sich in manchen Dingen so \u00e4hnlich wie die V\u00f6lker der Welt. In diesem Sachbilderbuch entdecken Kinder die f\u00fcnf Weltreligionen Christentum, Islam, Buddhismus, Hinduismus und Judentum mit all ihren Vorstellungen, Festen und Br\u00e4uchen. Die Gemeinsamkeiten und Unterschiede zu kennen, erm\u00f6glicht einen offenen und toleranten [&hellip;]<\/p>\n","protected":false},"featured_media":3308,"comment_status":"open","ping_status":"closed","template":"","meta":[],"product_cat":[224,915,944,225],"product_tag":[111,107,200,937,941,469,196,943,113,210,112,942,938,939,940,198,181,1057,185,179,193,936,862,871,861],"class_list":{"0":"post-3292","1":"product","2":"type-product","3":"status-publish","4":"has-post-thumbnail","6":"product_cat-kinderbuecher","7":"product_cat-produkt-feeds","8":"product_cat-produktzufuehrung-geizhal","9":"product_cat-ravensburger-kinderbuecher","10":"product_tag-beschaeftigung","11":"product_tag-beschaeftigung-kinder","12":"product_tag-buch","13":"product_tag-buddhismus","14":"product_tag-christentum","15":"product_tag-einschulung-geschenk","16":"product_tag-erstlesebuch","17":"product_tag-feiertage","18":"product_tag-geschenk","19":"product_tag-geschenk-kinder","20":"product_tag-geschenkidee","21":"product_tag-glaube","22":"product_tag-hinduismus","23":"product_tag-islam","24":"product_tag-judentum","25":"product_tag-kinderbuch","26":"product_tag-kinderbuecher","27":"product_tag-kindersachbuch","28":"product_tag-leseanfaenger","29":"product_tag-lesen-lernen","30":"product_tag-ravensburger","31":"product_tag-religion","32":"product_tag-sachbuch","33":"product_tag-wieso-weshalb-warum","34":"product_tag-wissen","35":"post","36":"post-with-thumbnail","37":"post-with-thumbnail-large","39":"first","40":"outofstock","41":"taxable","42":"shipping-taxable","43":"purchasable","44":"product-type-simple"},"yoast_head":"<!-- This site is optimized with the Yoast SEO plugin v26.6 - https:\/\/yoast.com\/wordpress\/plugins\/seo\/ -->\n<title>Wieso? Weshalb? Warum?, Band 23: Religionen der Welt - der-Schulbedarf.shop<\/title>\n<meta name=\"description\" content=\"Band 23: Religionen der Welt. Sachbilderbuch f\u00fcr Kinder. Alles \u00fcber Religionen der Welt. Beantwortet fragen wie: warum, wieso, weshalb gibt es Religionen.\" \/>\n<meta name=\"robots\" content=\"index, follow, max-snippet:-1, max-image-preview:large, max-video-preview:-1\" \/>\n<link rel=\"canonical\" href=\"https:\/\/der-schulbedarf.shop\/produkt-des-monats\/produkt\/wieso-weshalb-warum-band-23-religionen-der-welt\/\" \/>\n<meta property=\"og:locale\" content=\"de_DE\" \/>\n<meta property=\"og:type\" content=\"article\" \/>\n<meta property=\"og:title\" content=\"Wieso? Weshalb? Warum?, Band 23: Religionen der Welt - der-Schulbedarf.shop\" \/>\n<meta property=\"og:description\" content=\"Band 23: Religionen der Welt. Sachbilderbuch f\u00fcr Kinder. Alles \u00fcber Religionen der Welt. Beantwortet fragen wie: warum, wieso, weshalb gibt es Religionen.\" \/>\n<meta property=\"og:url\" content=\"https:\/\/der-schulbedarf.shop\/produkt-des-monats\/produkt\/wieso-weshalb-warum-band-23-religionen-der-welt\/\" \/>\n<meta property=\"og:site_name\" content=\"der-Schulbedarf.shop\" \/>\n<meta property=\"article:modified_time\" content=\"2025-08-11T10:51:27+00:00\" \/>\n<meta property=\"og:image\" content=\"https:\/\/der-schulbedarf.shop\/wp-content\/uploads\/2024\/03\/32895.jpg\" \/>\n\t<meta property=\"og:image:width\" content=\"863\" \/>\n\t<meta property=\"og:image:height\" content=\"1024\" \/>\n\t<meta property=\"og:image:type\" content=\"image\/jpeg\" \/>\n<meta name=\"twitter:card\" content=\"summary_large_image\" \/>\n<meta name=\"twitter:label1\" content=\"Gesch\u00e4tzte Lesezeit\" \/>\n\t<meta name=\"twitter:data1\" content=\"1\u00a0Minute\" \/>\n<script type=\"application\/ld+json\" class=\"yoast-schema-graph\">{\"@context\":\"https:\/\/schema.org\",\"@graph\":[{\"@type\":\"WebPage\",\"@id\":\"https:\/\/der-schulbedarf.shop\/produkt-des-monats\/produkt\/wieso-weshalb-warum-band-23-religionen-der-welt\/\",\"url\":\"https:\/\/der-schulbedarf.shop\/produkt-des-monats\/produkt\/wieso-weshalb-warum-band-23-religionen-der-welt\/\",\"name\":\"Wieso? Weshalb? Warum?, Band 23: Religionen der Welt - der-Schulbedarf.shop\",\"isPartOf\":{\"@id\":\"https:\/\/der-schulbedarf.shop\/produkt-des-monats\/#website\"},\"primaryImageOfPage\":{\"@id\":\"https:\/\/der-schulbedarf.shop\/produkt-des-monats\/produkt\/wieso-weshalb-warum-band-23-religionen-der-welt\/#primaryimage\"},\"image\":{\"@id\":\"https:\/\/der-schulbedarf.shop\/produkt-des-monats\/produkt\/wieso-weshalb-warum-band-23-religionen-der-welt\/#primaryimage\"},\"thumbnailUrl\":\"https:\/\/der-schulbedarf.shop\/wp-content\/uploads\/2024\/03\/32895.jpg\",\"datePublished\":\"2024-03-28T11:20:53+00:00\",\"dateModified\":\"2025-08-11T10:51:27+00:00\",\"description\":\"Band 23: Religionen der Welt. Sachbilderbuch f\u00fcr Kinder. Alles \u00fcber Religionen der Welt. Beantwortet fragen wie: warum, wieso, weshalb gibt es Religionen.\",\"breadcrumb\":{\"@id\":\"https:\/\/der-schulbedarf.shop\/produkt-des-monats\/produkt\/wieso-weshalb-warum-band-23-religionen-der-welt\/#breadcrumb\"},\"inLanguage\":\"de\",\"potentialAction\":[{\"@type\":\"ReadAction\",\"target\":[\"https:\/\/der-schulbedarf.shop\/produkt-des-monats\/produkt\/wieso-weshalb-warum-band-23-religionen-der-welt\/\"]}]},{\"@type\":\"ImageObject\",\"inLanguage\":\"de\",\"@id\":\"https:\/\/der-schulbedarf.shop\/produkt-des-monats\/produkt\/wieso-weshalb-warum-band-23-religionen-der-welt\/#primaryimage\",\"url\":\"https:\/\/der-schulbedarf.shop\/wp-content\/uploads\/2024\/03\/32895.jpg\",\"contentUrl\":\"https:\/\/der-schulbedarf.shop\/wp-content\/uploads\/2024\/03\/32895.jpg\",\"width\":863,\"height\":1024},{\"@type\":\"BreadcrumbList\",\"@id\":\"https:\/\/der-schulbedarf.shop\/produkt-des-monats\/produkt\/wieso-weshalb-warum-band-23-religionen-der-welt\/#breadcrumb\",\"itemListElement\":[{\"@type\":\"ListItem\",\"position\":1,\"name\":\"Shop\",\"item\":\"https:\/\/der-schulbedarf.shop\/produkt-des-monats\/shop\/\"},{\"@type\":\"ListItem\",\"position\":2,\"name\":\"Wieso? Weshalb? Warum?, Band 23: Religionen der Welt\"}]},{\"@type\":\"WebSite\",\"@id\":\"https:\/\/der-schulbedarf.shop\/produkt-des-monats\/#website\",\"url\":\"https:\/\/der-schulbedarf.shop\/produkt-des-monats\/\",\"name\":\"der-Schulbedarf.shop\",\"description\":\"\",\"publisher\":{\"@id\":\"https:\/\/der-schulbedarf.shop\/produkt-des-monats\/#organization\"},\"potentialAction\":[{\"@type\":\"SearchAction\",\"target\":{\"@type\":\"EntryPoint\",\"urlTemplate\":\"https:\/\/der-schulbedarf.shop\/produkt-des-monats\/?s={search_term_string}\"},\"query-input\":{\"@type\":\"PropertyValueSpecification\",\"valueRequired\":true,\"valueName\":\"search_term_string\"}}],\"inLanguage\":\"de\"},{\"@type\":\"Organization\",\"@id\":\"https:\/\/der-schulbedarf.shop\/produkt-des-monats\/#organization\",\"name\":\"der-Schulbedarf.shop\",\"url\":\"https:\/\/der-schulbedarf.shop\/produkt-des-monats\/\",\"logo\":{\"@type\":\"ImageObject\",\"inLanguage\":\"de\",\"@id\":\"https:\/\/der-schulbedarf.shop\/produkt-des-monats\/#\/schema\/logo\/image\/\",\"url\":\"https:\/\/der-schulbedarf.shop\/wp-content\/uploads\/2024\/02\/grafik-e1709551115899.png\",\"contentUrl\":\"https:\/\/der-schulbedarf.shop\/wp-content\/uploads\/2024\/02\/grafik-e1709551115899.png\",\"width\":80,\"height\":80,\"caption\":\"der-Schulbedarf.shop\"},\"image\":{\"@id\":\"https:\/\/der-schulbedarf.shop\/produkt-des-monats\/#\/schema\/logo\/image\/\"}}]}<\/script>\n<!-- \/ Yoast SEO plugin. -->","yoast_head_json":{"title":"Wieso? Weshalb? Warum?, Band 23: Religionen der Welt - der-Schulbedarf.shop","description":"Band 23: Religionen der Welt. Sachbilderbuch f\u00fcr Kinder. Alles \u00fcber Religionen der Welt. Beantwortet fragen wie: warum, wieso, weshalb gibt es Religionen.","robots":{"index":"index","follow":"follow","max-snippet":"max-snippet:-1","max-image-preview":"max-image-preview:large","max-video-preview":"max-video-preview:-1"},"canonical":"https:\/\/der-schulbedarf.shop\/produkt-des-monats\/produkt\/wieso-weshalb-warum-band-23-religionen-der-welt\/","og_locale":"de_DE","og_type":"article","og_title":"Wieso? Weshalb? Warum?, Band 23: Religionen der Welt - der-Schulbedarf.shop","og_description":"Band 23: Religionen der Welt. Sachbilderbuch f\u00fcr Kinder. Alles \u00fcber Religionen der Welt. Beantwortet fragen wie: warum, wieso, weshalb gibt es Religionen.","og_url":"https:\/\/der-schulbedarf.shop\/produkt-des-monats\/produkt\/wieso-weshalb-warum-band-23-religionen-der-welt\/","og_site_name":"der-Schulbedarf.shop","article_modified_time":"2025-08-11T10:51:27+00:00","og_image":[{"width":863,"height":1024,"url":"https:\/\/der-schulbedarf.shop\/wp-content\/uploads\/2024\/03\/32895.jpg","type":"image\/jpeg"}],"twitter_card":"summary_large_image","twitter_misc":{"Gesch\u00e4tzte Lesezeit":"1\u00a0Minute"},"schema":{"@context":"https:\/\/schema.org","@graph":[{"@type":"WebPage","@id":"https:\/\/der-schulbedarf.shop\/produkt-des-monats\/produkt\/wieso-weshalb-warum-band-23-religionen-der-welt\/","url":"https:\/\/der-schulbedarf.shop\/produkt-des-monats\/produkt\/wieso-weshalb-warum-band-23-religionen-der-welt\/","name":"Wieso? Weshalb? Warum?, Band 23: Religionen der Welt - der-Schulbedarf.shop","isPartOf":{"@id":"https:\/\/der-schulbedarf.shop\/produkt-des-monats\/#website"},"primaryImageOfPage":{"@id":"https:\/\/der-schulbedarf.shop\/produkt-des-monats\/produkt\/wieso-weshalb-warum-band-23-religionen-der-welt\/#primaryimage"},"image":{"@id":"https:\/\/der-schulbedarf.shop\/produkt-des-monats\/produkt\/wieso-weshalb-warum-band-23-religionen-der-welt\/#primaryimage"},"thumbnailUrl":"https:\/\/der-schulbedarf.shop\/wp-content\/uploads\/2024\/03\/32895.jpg","datePublished":"2024-03-28T11:20:53+00:00","dateModified":"2025-08-11T10:51:27+00:00","description":"Band 23: Religionen der Welt. Sachbilderbuch f\u00fcr Kinder. Alles \u00fcber Religionen der Welt. Beantwortet fragen wie: warum, wieso, weshalb gibt es Religionen.","breadcrumb":{"@id":"https:\/\/der-schulbedarf.shop\/produkt-des-monats\/produkt\/wieso-weshalb-warum-band-23-religionen-der-welt\/#breadcrumb"},"inLanguage":"de","potentialAction":[{"@type":"ReadAction","target":["https:\/\/der-schulbedarf.shop\/produkt-des-monats\/produkt\/wieso-weshalb-warum-band-23-religionen-der-welt\/"]}]},{"@type":"ImageObject","inLanguage":"de","@id":"https:\/\/der-schulbedarf.shop\/produkt-des-monats\/produkt\/wieso-weshalb-warum-band-23-religionen-der-welt\/#primaryimage","url":"https:\/\/der-schulbedarf.shop\/wp-content\/uploads\/2024\/03\/32895.jpg","contentUrl":"https:\/\/der-schulbedarf.shop\/wp-content\/uploads\/2024\/03\/32895.jpg","width":863,"height":1024},{"@type":"BreadcrumbList","@id":"https:\/\/der-schulbedarf.shop\/produkt-des-monats\/produkt\/wieso-weshalb-warum-band-23-religionen-der-welt\/#breadcrumb","itemListElement":[{"@type":"ListItem","position":1,"name":"Shop","item":"https:\/\/der-schulbedarf.shop\/produkt-des-monats\/shop\/"},{"@type":"ListItem","position":2,"name":"Wieso? Weshalb? Warum?, Band 23: Religionen der Welt"}]},{"@type":"WebSite","@id":"https:\/\/der-schulbedarf.shop\/produkt-des-monats\/#website","url":"https:\/\/der-schulbedarf.shop\/produkt-des-monats\/","name":"der-Schulbedarf.shop","description":"","publisher":{"@id":"https:\/\/der-schulbedarf.shop\/produkt-des-monats\/#organization"},"potentialAction":[{"@type":"SearchAction","target":{"@type":"EntryPoint","urlTemplate":"https:\/\/der-schulbedarf.shop\/produkt-des-monats\/?s={search_term_string}"},"query-input":{"@type":"PropertyValueSpecification","valueRequired":true,"valueName":"search_term_string"}}],"inLanguage":"de"},{"@type":"Organization","@id":"https:\/\/der-schulbedarf.shop\/produkt-des-monats\/#organization","name":"der-Schulbedarf.shop","url":"https:\/\/der-schulbedarf.shop\/produkt-des-monats\/","logo":{"@type":"ImageObject","inLanguage":"de","@id":"https:\/\/der-schulbedarf.shop\/produkt-des-monats\/#\/schema\/logo\/image\/","url":"https:\/\/der-schulbedarf.shop\/wp-content\/uploads\/2024\/02\/grafik-e1709551115899.png","contentUrl":"https:\/\/der-schulbedarf.shop\/wp-content\/uploads\/2024\/02\/grafik-e1709551115899.png","width":80,"height":80,"caption":"der-Schulbedarf.shop"},"image":{"@id":"https:\/\/der-schulbedarf.shop\/produkt-des-monats\/#\/schema\/logo\/image\/"}}]}},"_links":{"self":[{"href":"https:\/\/der-schulbedarf.shop\/produkt-des-monats\/wp-json\/wp\/v2\/product\/3292","targetHints":{"allow":["GET"]}}],"collection":[{"href":"https:\/\/der-schulbedarf.shop\/produkt-des-monats\/wp-json\/wp\/v2\/product"}],"about":[{"href":"https:\/\/der-schulbedarf.shop\/produkt-des-monats\/wp-json\/wp\/v2\/types\/product"}],"replies":[{"embeddable":true,"href":"https:\/\/der-schulbedarf.shop\/produkt-des-monats\/wp-json\/wp\/v2\/comments?post=3292"}],"wp:featuredmedia":[{"embeddable":true,"href":"https:\/\/der-schulbedarf.shop\/produkt-des-monats\/wp-json\/wp\/v2\/media\/3308"}],"wp:attachment":[{"href":"https:\/\/der-schulbedarf.shop\/produkt-des-monats\/wp-json\/wp\/v2\/media?parent=3292"}],"wp:term":[{"taxonomy":"product_cat","embeddable":true,"href":"https:\/\/der-schulbedarf.shop\/produkt-des-monats\/wp-json\/wp\/v2\/product_cat?post=3292"},{"taxonomy":"product_tag","embeddable":true,"href":"https:\/\/der-schulbedarf.shop\/produkt-des-monats\/wp-json\/wp\/v2\/product_tag?post=3292"}],"curies":[{"name":"wp","href":"https:\/\/api.w.org\/{rel}","templated":true}]}}