{"id":3352,"date":"2024-04-12T08:25:16","date_gmt":"2024-04-12T08:25:16","guid":{"rendered":"https:\/\/der-schulbedarf.Shop\/?post_type=product&#038;p=3352"},"modified":"2025-08-08T11:00:06","modified_gmt":"2025-08-08T11:00:06","slug":"wieso-weshalb-warum-band-39-wir-entdecken-insekten","status":"publish","type":"product","link":"https:\/\/der-schulbedarf.shop\/produkt-des-monats\/produkt\/wieso-weshalb-warum-band-39-wir-entdecken-insekten\/","title":{"rendered":"Wieso? Weshalb? Warum?, Band 39: Wir entdecken Insekten"},"content":{"rendered":"<p class=\"brief-description\">Kennen, sch\u00e4tzen, sch\u00fctzen<\/p>\n<p>Dieses Buch vermittelt kleinen Forschern, wie Marienk\u00e4fer und Co. leben und warum Insekten so wichtig sind. Spannende Klappen zeigen etwa die Entwicklung des Schmetterlings. Mit praktischen Tipps zum Insektenschutz!<\/p>\n<p>Was sind Insekten? Wodurch sind die Bienen bedroht? Und welche Krabbeltiere geh\u00f6ren zur Familie der Insekten? Detailreiche Illustrationen, viele Klappen und kindgerechte Texte vermitteln, wie Insekten leben, was sie fressen und warum sie auch f\u00fcr uns Menschen so wichtig sind. Dabei werden Bienen genau unter die Lupe genommen, ebenso wie Marienk\u00e4fer, Schmetterlinge, Libellen und Co. Mit Tipps, wie man selbst zum Schutz der Insekten beitragen kann!<\/p>\n<p>Wieso? Weshalb? Warum?<br \/>\nDie Sachbuchreihe f\u00fcr Kinder von 4\u20137 Jahren<\/p>\n<p>Jeden Tag entdecken Kinder etwas Neues \u2013 da kommen viele Fragen auf. Warum sind die Dinosaurier ausgestorben? Wo ist die Sonne in der Nacht? Wozu brauchen wir das Blut? Die beliebte Sachbuchreihe Wieso? Weshalb? Warum? gibt Kindern Antworten auf Augenh\u00f6he. Dabei werden die unterschiedlichsten Themen aus der Alltags- und Interessenswelt der Kinder altersgerecht und mit viel Liebe zum Detail unter die Lupe genommen.<br \/>\nDetailreiche Bilder, verst\u00e4ndliche Sachtexte und \u00fcberraschende Klappen, die Bewegungen oder Abl\u00e4ufe veranschaulichen und hinter die Dinge blicken lassen, erm\u00f6glichen Kindern, sich ihre Themen selbst zu erschlie\u00dfen. Der Spa\u00df am eigenh\u00e4ndigen Entdecken, die liebevolle Umsetzung und die qualitativ hochwertige Ausstattung garantieren langanhaltende Freude an jedem einzelnen Buch.<\/p>\n","protected":false},"excerpt":{"rendered":"<p>Kennen, sch\u00e4tzen, sch\u00fctzen Dieses Buch vermittelt kleinen Forschern, wie Marienk\u00e4fer und Co. leben und warum Insekten so wichtig sind. Spannende Klappen zeigen etwa die Entwicklung des Schmetterlings. Mit praktischen Tipps zum Insektenschutz! Was sind Insekten? Wodurch sind die Bienen bedroht? Und welche Krabbeltiere geh\u00f6ren zur Familie der Insekten? Detailreiche Illustrationen, viele Klappen und kindgerechte Texte [&hellip;]<\/p>\n","protected":false},"featured_media":3371,"comment_status":"open","ping_status":"closed","template":"","meta":[],"product_cat":[899,900,915,944,225],"product_tag":[511,221,962,333,924,195,963,872,481,199,223,965,960,800,881,198,181,149,179,964,961,168,768,167,233,234,480,966,871],"class_list":{"0":"post-3352","1":"product","2":"type-product","3":"status-publish","4":"has-post-thumbnail","6":"product_cat-1-klasse","7":"product_cat-2-klasse","8":"product_cat-produkt-feeds","9":"product_cat-produktzufuehrung-geizhal","10":"product_cat-ravensburger-kinderbuecher","11":"product_tag-1-klasse","12":"product_tag-2-klasse","13":"product_tag-biene","14":"product_tag-blumen","15":"product_tag-entdecken","16":"product_tag-erstleser","17":"product_tag-fliege","18":"product_tag-fuer-kinder-ab-4-jahre","19":"product_tag-fuer-kinder-ab-5-jahre","20":"product_tag-fuer-kinder-ab-6-jahre","21":"product_tag-fuer-kinder-ab-7-jahre","22":"product_tag-grashuepfer","23":"product_tag-insekten","24":"product_tag-kaefer","25":"product_tag-kinder","26":"product_tag-kinderbuch","27":"product_tag-kinderbuecher","28":"product_tag-lernen","29":"product_tag-lesen-lernen","30":"product_tag-libelle","31":"product_tag-loewenzahn","32":"product_tag-natur","33":"product_tag-schmetterling","34":"product_tag-tiere","35":"product_tag-umwelt","36":"product_tag-umweltschutz","37":"product_tag-vorschule","38":"product_tag-wespe","39":"product_tag-wieso-weshalb-warum","40":"post","41":"post-with-thumbnail","42":"post-with-thumbnail-large","44":"first","45":"outofstock","46":"taxable","47":"shipping-taxable","48":"purchasable","49":"product-type-simple"},"yoast_head":"<!-- This site is optimized with the Yoast SEO plugin v26.6 - https:\/\/yoast.com\/wordpress\/plugins\/seo\/ -->\n<title>Wieso? Weshalb? Warum?, Band 39: Wir entdecken Insekten - der-Schulbedarf.shop<\/title>\n<meta name=\"description\" content=\"Wir entdecken Insekten. Sachbuchreihe f\u00fcr Kinder ab 4 Jahren. Von P\u00e4dagogen entwickelt. F\u00f6rdert spielerisch die nat\u00fcrliche Lust auf Wissen.\" \/>\n<meta name=\"robots\" content=\"index, follow, max-snippet:-1, max-image-preview:large, max-video-preview:-1\" \/>\n<link rel=\"canonical\" href=\"https:\/\/der-schulbedarf.shop\/produkt-des-monats\/produkt\/wieso-weshalb-warum-band-39-wir-entdecken-insekten\/\" \/>\n<meta property=\"og:locale\" content=\"de_DE\" \/>\n<meta property=\"og:type\" content=\"article\" \/>\n<meta property=\"og:title\" content=\"Wieso? Weshalb? Warum?, Band 39: Wir entdecken Insekten - der-Schulbedarf.shop\" \/>\n<meta property=\"og:description\" content=\"Wir entdecken Insekten. Sachbuchreihe f\u00fcr Kinder ab 4 Jahren. Von P\u00e4dagogen entwickelt. F\u00f6rdert spielerisch die nat\u00fcrliche Lust auf Wissen.\" \/>\n<meta property=\"og:url\" content=\"https:\/\/der-schulbedarf.shop\/produkt-des-monats\/produkt\/wieso-weshalb-warum-band-39-wir-entdecken-insekten\/\" \/>\n<meta property=\"og:site_name\" content=\"der-Schulbedarf.shop\" \/>\n<meta property=\"article:modified_time\" content=\"2025-08-08T11:00:06+00:00\" \/>\n<meta property=\"og:image\" content=\"https:\/\/der-schulbedarf.shop\/wp-content\/uploads\/2024\/04\/32969.jpg\" \/>\n\t<meta property=\"og:image:width\" content=\"878\" \/>\n\t<meta property=\"og:image:height\" content=\"1024\" \/>\n\t<meta property=\"og:image:type\" content=\"image\/jpeg\" \/>\n<meta name=\"twitter:card\" content=\"summary_large_image\" \/>\n<meta name=\"twitter:label1\" content=\"Gesch\u00e4tzte Lesezeit\" \/>\n\t<meta name=\"twitter:data1\" content=\"2\u00a0Minuten\" \/>\n<script type=\"application\/ld+json\" class=\"yoast-schema-graph\">{\"@context\":\"https:\/\/schema.org\",\"@graph\":[{\"@type\":\"WebPage\",\"@id\":\"https:\/\/der-schulbedarf.shop\/produkt-des-monats\/produkt\/wieso-weshalb-warum-band-39-wir-entdecken-insekten\/\",\"url\":\"https:\/\/der-schulbedarf.shop\/produkt-des-monats\/produkt\/wieso-weshalb-warum-band-39-wir-entdecken-insekten\/\",\"name\":\"Wieso? Weshalb? Warum?, Band 39: Wir entdecken Insekten - der-Schulbedarf.shop\",\"isPartOf\":{\"@id\":\"https:\/\/der-schulbedarf.shop\/produkt-des-monats\/#website\"},\"primaryImageOfPage\":{\"@id\":\"https:\/\/der-schulbedarf.shop\/produkt-des-monats\/produkt\/wieso-weshalb-warum-band-39-wir-entdecken-insekten\/#primaryimage\"},\"image\":{\"@id\":\"https:\/\/der-schulbedarf.shop\/produkt-des-monats\/produkt\/wieso-weshalb-warum-band-39-wir-entdecken-insekten\/#primaryimage\"},\"thumbnailUrl\":\"https:\/\/der-schulbedarf.shop\/wp-content\/uploads\/2024\/04\/32969.jpg\",\"datePublished\":\"2024-04-12T08:25:16+00:00\",\"dateModified\":\"2025-08-08T11:00:06+00:00\",\"description\":\"Wir entdecken Insekten. Sachbuchreihe f\u00fcr Kinder ab 4 Jahren. Von P\u00e4dagogen entwickelt. F\u00f6rdert spielerisch die nat\u00fcrliche Lust auf Wissen.\",\"breadcrumb\":{\"@id\":\"https:\/\/der-schulbedarf.shop\/produkt-des-monats\/produkt\/wieso-weshalb-warum-band-39-wir-entdecken-insekten\/#breadcrumb\"},\"inLanguage\":\"de\",\"potentialAction\":[{\"@type\":\"ReadAction\",\"target\":[\"https:\/\/der-schulbedarf.shop\/produkt-des-monats\/produkt\/wieso-weshalb-warum-band-39-wir-entdecken-insekten\/\"]}]},{\"@type\":\"ImageObject\",\"inLanguage\":\"de\",\"@id\":\"https:\/\/der-schulbedarf.shop\/produkt-des-monats\/produkt\/wieso-weshalb-warum-band-39-wir-entdecken-insekten\/#primaryimage\",\"url\":\"https:\/\/der-schulbedarf.shop\/wp-content\/uploads\/2024\/04\/32969.jpg\",\"contentUrl\":\"https:\/\/der-schulbedarf.shop\/wp-content\/uploads\/2024\/04\/32969.jpg\",\"width\":878,\"height\":1024},{\"@type\":\"BreadcrumbList\",\"@id\":\"https:\/\/der-schulbedarf.shop\/produkt-des-monats\/produkt\/wieso-weshalb-warum-band-39-wir-entdecken-insekten\/#breadcrumb\",\"itemListElement\":[{\"@type\":\"ListItem\",\"position\":1,\"name\":\"Shop\",\"item\":\"https:\/\/der-schulbedarf.shop\/produkt-des-monats\/shop\/\"},{\"@type\":\"ListItem\",\"position\":2,\"name\":\"Wieso? Weshalb? Warum?, Band 39: Wir entdecken Insekten\"}]},{\"@type\":\"WebSite\",\"@id\":\"https:\/\/der-schulbedarf.shop\/produkt-des-monats\/#website\",\"url\":\"https:\/\/der-schulbedarf.shop\/produkt-des-monats\/\",\"name\":\"der-Schulbedarf.shop\",\"description\":\"\",\"publisher\":{\"@id\":\"https:\/\/der-schulbedarf.shop\/produkt-des-monats\/#organization\"},\"potentialAction\":[{\"@type\":\"SearchAction\",\"target\":{\"@type\":\"EntryPoint\",\"urlTemplate\":\"https:\/\/der-schulbedarf.shop\/produkt-des-monats\/?s={search_term_string}\"},\"query-input\":{\"@type\":\"PropertyValueSpecification\",\"valueRequired\":true,\"valueName\":\"search_term_string\"}}],\"inLanguage\":\"de\"},{\"@type\":\"Organization\",\"@id\":\"https:\/\/der-schulbedarf.shop\/produkt-des-monats\/#organization\",\"name\":\"der-Schulbedarf.shop\",\"url\":\"https:\/\/der-schulbedarf.shop\/produkt-des-monats\/\",\"logo\":{\"@type\":\"ImageObject\",\"inLanguage\":\"de\",\"@id\":\"https:\/\/der-schulbedarf.shop\/produkt-des-monats\/#\/schema\/logo\/image\/\",\"url\":\"https:\/\/der-schulbedarf.shop\/wp-content\/uploads\/2024\/02\/grafik-e1709551115899.png\",\"contentUrl\":\"https:\/\/der-schulbedarf.shop\/wp-content\/uploads\/2024\/02\/grafik-e1709551115899.png\",\"width\":80,\"height\":80,\"caption\":\"der-Schulbedarf.shop\"},\"image\":{\"@id\":\"https:\/\/der-schulbedarf.shop\/produkt-des-monats\/#\/schema\/logo\/image\/\"}}]}<\/script>\n<!-- \/ Yoast SEO plugin. -->","yoast_head_json":{"title":"Wieso? Weshalb? Warum?, Band 39: Wir entdecken Insekten - der-Schulbedarf.shop","description":"Wir entdecken Insekten. Sachbuchreihe f\u00fcr Kinder ab 4 Jahren. Von P\u00e4dagogen entwickelt. F\u00f6rdert spielerisch die nat\u00fcrliche Lust auf Wissen.","robots":{"index":"index","follow":"follow","max-snippet":"max-snippet:-1","max-image-preview":"max-image-preview:large","max-video-preview":"max-video-preview:-1"},"canonical":"https:\/\/der-schulbedarf.shop\/produkt-des-monats\/produkt\/wieso-weshalb-warum-band-39-wir-entdecken-insekten\/","og_locale":"de_DE","og_type":"article","og_title":"Wieso? Weshalb? Warum?, Band 39: Wir entdecken Insekten - der-Schulbedarf.shop","og_description":"Wir entdecken Insekten. Sachbuchreihe f\u00fcr Kinder ab 4 Jahren. Von P\u00e4dagogen entwickelt. F\u00f6rdert spielerisch die nat\u00fcrliche Lust auf Wissen.","og_url":"https:\/\/der-schulbedarf.shop\/produkt-des-monats\/produkt\/wieso-weshalb-warum-band-39-wir-entdecken-insekten\/","og_site_name":"der-Schulbedarf.shop","article_modified_time":"2025-08-08T11:00:06+00:00","og_image":[{"width":878,"height":1024,"url":"https:\/\/der-schulbedarf.shop\/wp-content\/uploads\/2024\/04\/32969.jpg","type":"image\/jpeg"}],"twitter_card":"summary_large_image","twitter_misc":{"Gesch\u00e4tzte Lesezeit":"2\u00a0Minuten"},"schema":{"@context":"https:\/\/schema.org","@graph":[{"@type":"WebPage","@id":"https:\/\/der-schulbedarf.shop\/produkt-des-monats\/produkt\/wieso-weshalb-warum-band-39-wir-entdecken-insekten\/","url":"https:\/\/der-schulbedarf.shop\/produkt-des-monats\/produkt\/wieso-weshalb-warum-band-39-wir-entdecken-insekten\/","name":"Wieso? Weshalb? Warum?, Band 39: Wir entdecken Insekten - der-Schulbedarf.shop","isPartOf":{"@id":"https:\/\/der-schulbedarf.shop\/produkt-des-monats\/#website"},"primaryImageOfPage":{"@id":"https:\/\/der-schulbedarf.shop\/produkt-des-monats\/produkt\/wieso-weshalb-warum-band-39-wir-entdecken-insekten\/#primaryimage"},"image":{"@id":"https:\/\/der-schulbedarf.shop\/produkt-des-monats\/produkt\/wieso-weshalb-warum-band-39-wir-entdecken-insekten\/#primaryimage"},"thumbnailUrl":"https:\/\/der-schulbedarf.shop\/wp-content\/uploads\/2024\/04\/32969.jpg","datePublished":"2024-04-12T08:25:16+00:00","dateModified":"2025-08-08T11:00:06+00:00","description":"Wir entdecken Insekten. Sachbuchreihe f\u00fcr Kinder ab 4 Jahren. Von P\u00e4dagogen entwickelt. F\u00f6rdert spielerisch die nat\u00fcrliche Lust auf Wissen.","breadcrumb":{"@id":"https:\/\/der-schulbedarf.shop\/produkt-des-monats\/produkt\/wieso-weshalb-warum-band-39-wir-entdecken-insekten\/#breadcrumb"},"inLanguage":"de","potentialAction":[{"@type":"ReadAction","target":["https:\/\/der-schulbedarf.shop\/produkt-des-monats\/produkt\/wieso-weshalb-warum-band-39-wir-entdecken-insekten\/"]}]},{"@type":"ImageObject","inLanguage":"de","@id":"https:\/\/der-schulbedarf.shop\/produkt-des-monats\/produkt\/wieso-weshalb-warum-band-39-wir-entdecken-insekten\/#primaryimage","url":"https:\/\/der-schulbedarf.shop\/wp-content\/uploads\/2024\/04\/32969.jpg","contentUrl":"https:\/\/der-schulbedarf.shop\/wp-content\/uploads\/2024\/04\/32969.jpg","width":878,"height":1024},{"@type":"BreadcrumbList","@id":"https:\/\/der-schulbedarf.shop\/produkt-des-monats\/produkt\/wieso-weshalb-warum-band-39-wir-entdecken-insekten\/#breadcrumb","itemListElement":[{"@type":"ListItem","position":1,"name":"Shop","item":"https:\/\/der-schulbedarf.shop\/produkt-des-monats\/shop\/"},{"@type":"ListItem","position":2,"name":"Wieso? Weshalb? Warum?, Band 39: Wir entdecken Insekten"}]},{"@type":"WebSite","@id":"https:\/\/der-schulbedarf.shop\/produkt-des-monats\/#website","url":"https:\/\/der-schulbedarf.shop\/produkt-des-monats\/","name":"der-Schulbedarf.shop","description":"","publisher":{"@id":"https:\/\/der-schulbedarf.shop\/produkt-des-monats\/#organization"},"potentialAction":[{"@type":"SearchAction","target":{"@type":"EntryPoint","urlTemplate":"https:\/\/der-schulbedarf.shop\/produkt-des-monats\/?s={search_term_string}"},"query-input":{"@type":"PropertyValueSpecification","valueRequired":true,"valueName":"search_term_string"}}],"inLanguage":"de"},{"@type":"Organization","@id":"https:\/\/der-schulbedarf.shop\/produkt-des-monats\/#organization","name":"der-Schulbedarf.shop","url":"https:\/\/der-schulbedarf.shop\/produkt-des-monats\/","logo":{"@type":"ImageObject","inLanguage":"de","@id":"https:\/\/der-schulbedarf.shop\/produkt-des-monats\/#\/schema\/logo\/image\/","url":"https:\/\/der-schulbedarf.shop\/wp-content\/uploads\/2024\/02\/grafik-e1709551115899.png","contentUrl":"https:\/\/der-schulbedarf.shop\/wp-content\/uploads\/2024\/02\/grafik-e1709551115899.png","width":80,"height":80,"caption":"der-Schulbedarf.shop"},"image":{"@id":"https:\/\/der-schulbedarf.shop\/produkt-des-monats\/#\/schema\/logo\/image\/"}}]}},"_links":{"self":[{"href":"https:\/\/der-schulbedarf.shop\/produkt-des-monats\/wp-json\/wp\/v2\/product\/3352","targetHints":{"allow":["GET"]}}],"collection":[{"href":"https:\/\/der-schulbedarf.shop\/produkt-des-monats\/wp-json\/wp\/v2\/product"}],"about":[{"href":"https:\/\/der-schulbedarf.shop\/produkt-des-monats\/wp-json\/wp\/v2\/types\/product"}],"replies":[{"embeddable":true,"href":"https:\/\/der-schulbedarf.shop\/produkt-des-monats\/wp-json\/wp\/v2\/comments?post=3352"}],"wp:featuredmedia":[{"embeddable":true,"href":"https:\/\/der-schulbedarf.shop\/produkt-des-monats\/wp-json\/wp\/v2\/media\/3371"}],"wp:attachment":[{"href":"https:\/\/der-schulbedarf.shop\/produkt-des-monats\/wp-json\/wp\/v2\/media?parent=3352"}],"wp:term":[{"taxonomy":"product_cat","embeddable":true,"href":"https:\/\/der-schulbedarf.shop\/produkt-des-monats\/wp-json\/wp\/v2\/product_cat?post=3352"},{"taxonomy":"product_tag","embeddable":true,"href":"https:\/\/der-schulbedarf.shop\/produkt-des-monats\/wp-json\/wp\/v2\/product_tag?post=3352"}],"curies":[{"name":"wp","href":"https:\/\/api.w.org\/{rel}","templated":true}]}}