{"id":3354,"date":"2024-04-12T09:01:10","date_gmt":"2024-04-12T09:01:10","guid":{"rendered":"https:\/\/der-schulbedarf.Shop\/?post_type=product&#038;p=3354"},"modified":"2025-08-11T10:16:50","modified_gmt":"2025-08-11T10:16:50","slug":"wieso-weshalb-warum-profiwissen-band-26-umweltschutz","status":"publish","type":"product","link":"https:\/\/der-schulbedarf.shop\/produkt-des-monats\/produkt\/wieso-weshalb-warum-profiwissen-band-26-umweltschutz\/","title":{"rendered":"Wieso? Weshalb? Warum? Profi Wissen, Band 26: Umweltschutz"},"content":{"rendered":"<p class=\"brief-description\">Warum ist Plastikm\u00fcll so schlecht? Was bedeutet \u201eNachhaltigkeit\u201c? Hier erfahren Kinder, was unsere Umwelt belastet und welche Folgen der Klimawandel hat. Dazu gibt es Tipps, wie Kinder selbst aktiv werden k\u00f6nnen.<\/p>\n<p>Was hat dein Schnitzel mit dem Klimawandel zu tun? Warum ist Plastikm\u00fcll so schlecht und was bedeutet eigentlich \u201eNachhaltigkeit\u201c? Leicht verst\u00e4ndlich vermittelt dieser Band, warum das Wetter immer extremer wird und welche Folgen das f\u00fcr die Erde, Menschen und Tiere hat. Experimente veranschaulichen das Gelesene und viele Tipps regen dazu an, selbst aktiv zu werden: Denn nicht erst seit Greta Thunberg und \u201eFridays for Future\u201c ist klar: Wir m\u00fcssen jetzt handeln, denn wir haben nur einen Planeten!<\/p>\n<p>Wieso? Weshalb? Warum? ProfiWissen<br \/>\nDie Sachbuchreihe f\u00fcr Kinder von 8\u201312 Jahren<\/p>\n<p>Abtauchen ins Lieblingsthema: Wann lebten die Dinos? Wie sieht es unter der Motorhaube eines Rennwagens aus? Was passiert im Weltall? Wer das ganz genau wissen m\u00f6chte, ist bei Wieso? Weshalb? Warum? ProfiWissen richtig. Mit modernem Look, starken Bildern, verbl\u00fcffenden Fakten und einer gro\u00dfen Portion Extra-Wissen!<br \/>\nDie Texte vermitteln Sachwissen lebendig und verst\u00e4ndlich. Witzige Comics lockern die Seiten auf. Experten lassen sich in Interviews \u00fcber ihre Schulter schauen. Spezial-Wissen-K\u00e4sten bieten tiefere Einblicke. Doch hier wird nicht nur gelesen, sondern auch ausprobiert: mit vielen Anleitungen f\u00fcr Experimente. Und auf ausklappbaren Entdeckerseiten in jedem Band gibt es noch mehr zum Schauen und Staunen.<br \/>\nEin unterhaltsamer Begleiter durch die verschiedensten Wissenswelten.<\/p>\n","protected":false},"excerpt":{"rendered":"<p>Warum ist Plastikm\u00fcll so schlecht? Was bedeutet \u201eNachhaltigkeit\u201c? Hier erfahren Kinder, was unsere Umwelt belastet und welche Folgen der Klimawandel hat. Dazu gibt es Tipps, wie Kinder selbst aktiv werden k\u00f6nnen. Was hat dein Schnitzel mit dem Klimawandel zu tun? Warum ist Plastikm\u00fcll so schlecht und was bedeutet eigentlich \u201eNachhaltigkeit\u201c? Leicht verst\u00e4ndlich vermittelt dieser Band, [&hellip;]<\/p>\n","protected":false},"featured_media":3375,"comment_status":"open","ping_status":"closed","template":"","meta":[],"product_cat":[901,902,906,907,895,915,944,225,903],"product_tag":[111,924,975,976,977,381,974,113,978,881,198,181,149,202,981,980,233,234,979,871],"class_list":{"0":"post-3354","1":"product","2":"type-product","3":"status-publish","4":"has-post-thumbnail","6":"product_cat-3-klasse","7":"product_cat-4-klasse","8":"product_cat-5-klasse","9":"product_cat-6-klasse","10":"product_cat-grundschule","11":"product_cat-produkt-feeds","12":"product_cat-produktzufuehrung-geizhal","13":"product_cat-ravensburger-kinderbuecher","14":"product_cat-unterstufe","15":"product_tag-beschaeftigung","16":"product_tag-entdecken","17":"product_tag-fuer-kinder-ab-10-jahre","18":"product_tag-fuer-kinder-ab-11-jhre","19":"product_tag-fuer-kinder-ab-12-jahre","20":"product_tag-fuer-kinder-ab-8-jahre","21":"product_tag-fuer-kinder-ab-9-jahre","22":"product_tag-geschenk","23":"product_tag-grundschule","24":"product_tag-kinder","25":"product_tag-kinderbuch","26":"product_tag-kinderbuecher","27":"product_tag-lernen","28":"product_tag-lesen","29":"product_tag-recycling","30":"product_tag-treibhauseffekt","31":"product_tag-umwelt","32":"product_tag-umweltschutz","33":"product_tag-unterstufe","34":"product_tag-wieso-weshalb-warum","35":"post","36":"post-with-thumbnail","37":"post-with-thumbnail-large","39":"first","40":"outofstock","41":"taxable","42":"shipping-taxable","43":"purchasable","44":"product-type-simple"},"yoast_head":"<!-- This site is optimized with the Yoast SEO plugin v26.6 - https:\/\/yoast.com\/wordpress\/plugins\/seo\/ -->\n<title>Wieso? Weshalb? Warum? Profi Wissen, Band 26: Umweltschutz - der-Schulbedarf.shop<\/title>\n<meta name=\"description\" content=\"Profi Wissen. Band 26: Umweltschutz. Warum ist Plastikm\u00fcll so schlecht? Was bedeutet \u201eNachhaltigkeit\u201c? Hier erfahren Kinder, was unsere Umwelt belastet .\" \/>\n<meta name=\"robots\" content=\"index, follow, max-snippet:-1, max-image-preview:large, max-video-preview:-1\" \/>\n<link rel=\"canonical\" href=\"https:\/\/der-schulbedarf.shop\/produkt-des-monats\/produkt\/wieso-weshalb-warum-profiwissen-band-26-umweltschutz\/\" \/>\n<meta property=\"og:locale\" content=\"de_DE\" \/>\n<meta property=\"og:type\" content=\"article\" \/>\n<meta property=\"og:title\" content=\"Wieso? Weshalb? Warum? Profi Wissen, Band 26: Umweltschutz - der-Schulbedarf.shop\" \/>\n<meta property=\"og:description\" content=\"Profi Wissen. Band 26: Umweltschutz. Warum ist Plastikm\u00fcll so schlecht? Was bedeutet \u201eNachhaltigkeit\u201c? Hier erfahren Kinder, was unsere Umwelt belastet .\" \/>\n<meta property=\"og:url\" content=\"https:\/\/der-schulbedarf.shop\/produkt-des-monats\/produkt\/wieso-weshalb-warum-profiwissen-band-26-umweltschutz\/\" \/>\n<meta property=\"og:site_name\" content=\"der-Schulbedarf.shop\" \/>\n<meta property=\"article:modified_time\" content=\"2025-08-11T10:16:50+00:00\" \/>\n<meta property=\"og:image\" content=\"https:\/\/der-schulbedarf.shop\/wp-content\/uploads\/2024\/04\/32970.jpg\" \/>\n\t<meta property=\"og:image:width\" content=\"799\" \/>\n\t<meta property=\"og:image:height\" content=\"1024\" \/>\n\t<meta property=\"og:image:type\" content=\"image\/jpeg\" \/>\n<meta name=\"twitter:card\" content=\"summary_large_image\" \/>\n<meta name=\"twitter:label1\" content=\"Gesch\u00e4tzte Lesezeit\" \/>\n\t<meta name=\"twitter:data1\" content=\"2\u00a0Minuten\" \/>\n<script type=\"application\/ld+json\" class=\"yoast-schema-graph\">{\"@context\":\"https:\/\/schema.org\",\"@graph\":[{\"@type\":\"WebPage\",\"@id\":\"https:\/\/der-schulbedarf.shop\/produkt-des-monats\/produkt\/wieso-weshalb-warum-profiwissen-band-26-umweltschutz\/\",\"url\":\"https:\/\/der-schulbedarf.shop\/produkt-des-monats\/produkt\/wieso-weshalb-warum-profiwissen-band-26-umweltschutz\/\",\"name\":\"Wieso? Weshalb? Warum? Profi Wissen, Band 26: Umweltschutz - der-Schulbedarf.shop\",\"isPartOf\":{\"@id\":\"https:\/\/der-schulbedarf.shop\/produkt-des-monats\/#website\"},\"primaryImageOfPage\":{\"@id\":\"https:\/\/der-schulbedarf.shop\/produkt-des-monats\/produkt\/wieso-weshalb-warum-profiwissen-band-26-umweltschutz\/#primaryimage\"},\"image\":{\"@id\":\"https:\/\/der-schulbedarf.shop\/produkt-des-monats\/produkt\/wieso-weshalb-warum-profiwissen-band-26-umweltschutz\/#primaryimage\"},\"thumbnailUrl\":\"https:\/\/der-schulbedarf.shop\/wp-content\/uploads\/2024\/04\/32970.jpg\",\"datePublished\":\"2024-04-12T09:01:10+00:00\",\"dateModified\":\"2025-08-11T10:16:50+00:00\",\"description\":\"Profi Wissen. Band 26: Umweltschutz. Warum ist Plastikm\u00fcll so schlecht? Was bedeutet \u201eNachhaltigkeit\u201c? Hier erfahren Kinder, was unsere Umwelt belastet .\",\"breadcrumb\":{\"@id\":\"https:\/\/der-schulbedarf.shop\/produkt-des-monats\/produkt\/wieso-weshalb-warum-profiwissen-band-26-umweltschutz\/#breadcrumb\"},\"inLanguage\":\"de\",\"potentialAction\":[{\"@type\":\"ReadAction\",\"target\":[\"https:\/\/der-schulbedarf.shop\/produkt-des-monats\/produkt\/wieso-weshalb-warum-profiwissen-band-26-umweltschutz\/\"]}]},{\"@type\":\"ImageObject\",\"inLanguage\":\"de\",\"@id\":\"https:\/\/der-schulbedarf.shop\/produkt-des-monats\/produkt\/wieso-weshalb-warum-profiwissen-band-26-umweltschutz\/#primaryimage\",\"url\":\"https:\/\/der-schulbedarf.shop\/wp-content\/uploads\/2024\/04\/32970.jpg\",\"contentUrl\":\"https:\/\/der-schulbedarf.shop\/wp-content\/uploads\/2024\/04\/32970.jpg\",\"width\":799,\"height\":1024},{\"@type\":\"BreadcrumbList\",\"@id\":\"https:\/\/der-schulbedarf.shop\/produkt-des-monats\/produkt\/wieso-weshalb-warum-profiwissen-band-26-umweltschutz\/#breadcrumb\",\"itemListElement\":[{\"@type\":\"ListItem\",\"position\":1,\"name\":\"Shop\",\"item\":\"https:\/\/der-schulbedarf.shop\/produkt-des-monats\/shop\/\"},{\"@type\":\"ListItem\",\"position\":2,\"name\":\"Wieso? Weshalb? Warum? Profi Wissen, Band 26: Umweltschutz\"}]},{\"@type\":\"WebSite\",\"@id\":\"https:\/\/der-schulbedarf.shop\/produkt-des-monats\/#website\",\"url\":\"https:\/\/der-schulbedarf.shop\/produkt-des-monats\/\",\"name\":\"der-Schulbedarf.shop\",\"description\":\"\",\"publisher\":{\"@id\":\"https:\/\/der-schulbedarf.shop\/produkt-des-monats\/#organization\"},\"potentialAction\":[{\"@type\":\"SearchAction\",\"target\":{\"@type\":\"EntryPoint\",\"urlTemplate\":\"https:\/\/der-schulbedarf.shop\/produkt-des-monats\/?s={search_term_string}\"},\"query-input\":{\"@type\":\"PropertyValueSpecification\",\"valueRequired\":true,\"valueName\":\"search_term_string\"}}],\"inLanguage\":\"de\"},{\"@type\":\"Organization\",\"@id\":\"https:\/\/der-schulbedarf.shop\/produkt-des-monats\/#organization\",\"name\":\"der-Schulbedarf.shop\",\"url\":\"https:\/\/der-schulbedarf.shop\/produkt-des-monats\/\",\"logo\":{\"@type\":\"ImageObject\",\"inLanguage\":\"de\",\"@id\":\"https:\/\/der-schulbedarf.shop\/produkt-des-monats\/#\/schema\/logo\/image\/\",\"url\":\"https:\/\/der-schulbedarf.shop\/wp-content\/uploads\/2024\/02\/grafik-e1709551115899.png\",\"contentUrl\":\"https:\/\/der-schulbedarf.shop\/wp-content\/uploads\/2024\/02\/grafik-e1709551115899.png\",\"width\":80,\"height\":80,\"caption\":\"der-Schulbedarf.shop\"},\"image\":{\"@id\":\"https:\/\/der-schulbedarf.shop\/produkt-des-monats\/#\/schema\/logo\/image\/\"}}]}<\/script>\n<!-- \/ Yoast SEO plugin. -->","yoast_head_json":{"title":"Wieso? Weshalb? Warum? Profi Wissen, Band 26: Umweltschutz - der-Schulbedarf.shop","description":"Profi Wissen. Band 26: Umweltschutz. Warum ist Plastikm\u00fcll so schlecht? Was bedeutet \u201eNachhaltigkeit\u201c? Hier erfahren Kinder, was unsere Umwelt belastet .","robots":{"index":"index","follow":"follow","max-snippet":"max-snippet:-1","max-image-preview":"max-image-preview:large","max-video-preview":"max-video-preview:-1"},"canonical":"https:\/\/der-schulbedarf.shop\/produkt-des-monats\/produkt\/wieso-weshalb-warum-profiwissen-band-26-umweltschutz\/","og_locale":"de_DE","og_type":"article","og_title":"Wieso? Weshalb? Warum? Profi Wissen, Band 26: Umweltschutz - der-Schulbedarf.shop","og_description":"Profi Wissen. Band 26: Umweltschutz. Warum ist Plastikm\u00fcll so schlecht? Was bedeutet \u201eNachhaltigkeit\u201c? Hier erfahren Kinder, was unsere Umwelt belastet .","og_url":"https:\/\/der-schulbedarf.shop\/produkt-des-monats\/produkt\/wieso-weshalb-warum-profiwissen-band-26-umweltschutz\/","og_site_name":"der-Schulbedarf.shop","article_modified_time":"2025-08-11T10:16:50+00:00","og_image":[{"width":799,"height":1024,"url":"https:\/\/der-schulbedarf.shop\/wp-content\/uploads\/2024\/04\/32970.jpg","type":"image\/jpeg"}],"twitter_card":"summary_large_image","twitter_misc":{"Gesch\u00e4tzte Lesezeit":"2\u00a0Minuten"},"schema":{"@context":"https:\/\/schema.org","@graph":[{"@type":"WebPage","@id":"https:\/\/der-schulbedarf.shop\/produkt-des-monats\/produkt\/wieso-weshalb-warum-profiwissen-band-26-umweltschutz\/","url":"https:\/\/der-schulbedarf.shop\/produkt-des-monats\/produkt\/wieso-weshalb-warum-profiwissen-band-26-umweltschutz\/","name":"Wieso? Weshalb? Warum? Profi Wissen, Band 26: Umweltschutz - der-Schulbedarf.shop","isPartOf":{"@id":"https:\/\/der-schulbedarf.shop\/produkt-des-monats\/#website"},"primaryImageOfPage":{"@id":"https:\/\/der-schulbedarf.shop\/produkt-des-monats\/produkt\/wieso-weshalb-warum-profiwissen-band-26-umweltschutz\/#primaryimage"},"image":{"@id":"https:\/\/der-schulbedarf.shop\/produkt-des-monats\/produkt\/wieso-weshalb-warum-profiwissen-band-26-umweltschutz\/#primaryimage"},"thumbnailUrl":"https:\/\/der-schulbedarf.shop\/wp-content\/uploads\/2024\/04\/32970.jpg","datePublished":"2024-04-12T09:01:10+00:00","dateModified":"2025-08-11T10:16:50+00:00","description":"Profi Wissen. Band 26: Umweltschutz. Warum ist Plastikm\u00fcll so schlecht? Was bedeutet \u201eNachhaltigkeit\u201c? Hier erfahren Kinder, was unsere Umwelt belastet .","breadcrumb":{"@id":"https:\/\/der-schulbedarf.shop\/produkt-des-monats\/produkt\/wieso-weshalb-warum-profiwissen-band-26-umweltschutz\/#breadcrumb"},"inLanguage":"de","potentialAction":[{"@type":"ReadAction","target":["https:\/\/der-schulbedarf.shop\/produkt-des-monats\/produkt\/wieso-weshalb-warum-profiwissen-band-26-umweltschutz\/"]}]},{"@type":"ImageObject","inLanguage":"de","@id":"https:\/\/der-schulbedarf.shop\/produkt-des-monats\/produkt\/wieso-weshalb-warum-profiwissen-band-26-umweltschutz\/#primaryimage","url":"https:\/\/der-schulbedarf.shop\/wp-content\/uploads\/2024\/04\/32970.jpg","contentUrl":"https:\/\/der-schulbedarf.shop\/wp-content\/uploads\/2024\/04\/32970.jpg","width":799,"height":1024},{"@type":"BreadcrumbList","@id":"https:\/\/der-schulbedarf.shop\/produkt-des-monats\/produkt\/wieso-weshalb-warum-profiwissen-band-26-umweltschutz\/#breadcrumb","itemListElement":[{"@type":"ListItem","position":1,"name":"Shop","item":"https:\/\/der-schulbedarf.shop\/produkt-des-monats\/shop\/"},{"@type":"ListItem","position":2,"name":"Wieso? Weshalb? Warum? Profi Wissen, Band 26: Umweltschutz"}]},{"@type":"WebSite","@id":"https:\/\/der-schulbedarf.shop\/produkt-des-monats\/#website","url":"https:\/\/der-schulbedarf.shop\/produkt-des-monats\/","name":"der-Schulbedarf.shop","description":"","publisher":{"@id":"https:\/\/der-schulbedarf.shop\/produkt-des-monats\/#organization"},"potentialAction":[{"@type":"SearchAction","target":{"@type":"EntryPoint","urlTemplate":"https:\/\/der-schulbedarf.shop\/produkt-des-monats\/?s={search_term_string}"},"query-input":{"@type":"PropertyValueSpecification","valueRequired":true,"valueName":"search_term_string"}}],"inLanguage":"de"},{"@type":"Organization","@id":"https:\/\/der-schulbedarf.shop\/produkt-des-monats\/#organization","name":"der-Schulbedarf.shop","url":"https:\/\/der-schulbedarf.shop\/produkt-des-monats\/","logo":{"@type":"ImageObject","inLanguage":"de","@id":"https:\/\/der-schulbedarf.shop\/produkt-des-monats\/#\/schema\/logo\/image\/","url":"https:\/\/der-schulbedarf.shop\/wp-content\/uploads\/2024\/02\/grafik-e1709551115899.png","contentUrl":"https:\/\/der-schulbedarf.shop\/wp-content\/uploads\/2024\/02\/grafik-e1709551115899.png","width":80,"height":80,"caption":"der-Schulbedarf.shop"},"image":{"@id":"https:\/\/der-schulbedarf.shop\/produkt-des-monats\/#\/schema\/logo\/image\/"}}]}},"_links":{"self":[{"href":"https:\/\/der-schulbedarf.shop\/produkt-des-monats\/wp-json\/wp\/v2\/product\/3354","targetHints":{"allow":["GET"]}}],"collection":[{"href":"https:\/\/der-schulbedarf.shop\/produkt-des-monats\/wp-json\/wp\/v2\/product"}],"about":[{"href":"https:\/\/der-schulbedarf.shop\/produkt-des-monats\/wp-json\/wp\/v2\/types\/product"}],"replies":[{"embeddable":true,"href":"https:\/\/der-schulbedarf.shop\/produkt-des-monats\/wp-json\/wp\/v2\/comments?post=3354"}],"wp:featuredmedia":[{"embeddable":true,"href":"https:\/\/der-schulbedarf.shop\/produkt-des-monats\/wp-json\/wp\/v2\/media\/3375"}],"wp:attachment":[{"href":"https:\/\/der-schulbedarf.shop\/produkt-des-monats\/wp-json\/wp\/v2\/media?parent=3354"}],"wp:term":[{"taxonomy":"product_cat","embeddable":true,"href":"https:\/\/der-schulbedarf.shop\/produkt-des-monats\/wp-json\/wp\/v2\/product_cat?post=3354"},{"taxonomy":"product_tag","embeddable":true,"href":"https:\/\/der-schulbedarf.shop\/produkt-des-monats\/wp-json\/wp\/v2\/product_tag?post=3354"}],"curies":[{"name":"wp","href":"https:\/\/api.w.org\/{rel}","templated":true}]}}