{"id":3355,"date":"2024-04-12T09:41:11","date_gmt":"2024-04-12T09:41:11","guid":{"rendered":"https:\/\/der-schulbedarf.Shop\/?post_type=product&#038;p=3355"},"modified":"2024-11-27T11:30:04","modified_gmt":"2024-11-27T11:30:04","slug":"wieso-weshalb-warum-band-14-ich-komme-in-die-schule","status":"publish","type":"product","link":"https:\/\/der-schulbedarf.shop\/produkt-des-monats\/produkt\/wieso-weshalb-warum-band-14-ich-komme-in-die-schule\/","title":{"rendered":"Wieso? Weshalb? Warum?, Band 14: Ich komme in die Schule"},"content":{"rendered":"<p class=\"brief-description\">So gelingt der Schulstart<\/p>\n<p>Was brauche ich f\u00fcr die Schule? Wie sieht mein Klassenzimmer aus? Was lernen wir? Spielerisch werden die Erstkl\u00e4ssler auf den ersten Schultag vorbereitet und alle ihre Fragen einf\u00fchlsam beantwortet.<\/p>\n<p>Was erwartet mich in der Schule? Was lerne ich dort? Wie sieht es in einem Klassenzimmer aus? Wozu sind die Pausen da? Dieses Buch macht Kindern Lust auf die Schule und den ersten Schultag. Sie begleiten Tom und Ada beim Aussuchen des Schulranzens, bei ihrer Einschulung und einem Klassenausflug. Auch die verschiedenen R\u00e4ume in der Schule werden vorgestellt und die Kinder erfahren, worauf man auf dem Schulweg und im Stra\u00dfenverkehr achten muss.<\/p>\n<p>Wieso? Weshalb? Warum?<br \/>\nDie Sachbuchreihe f\u00fcr Kinder von 4\u20137 Jahren<\/p>\n<p>Jeden Tag entdecken Kinder etwas Neues \u2013 da kommen viele Fragen auf. Warum sind die Dinosaurier ausgestorben? Wo ist die Sonne in der Nacht? Wozu brauchen wir das Blut? Die beliebte Sachbuchreihe Wieso? Weshalb? Warum? gibt Kindern Antworten auf Augenh\u00f6he. Dabei werden die unterschiedlichsten Themen aus der Alltags- und Interessenswelt der Kinder altersgerecht und mit viel Liebe zum Detail unter die Lupe genommen.<br \/>\nDetailreiche Bilder, verst\u00e4ndliche Sachtexte und \u00fcberraschende Klappen, die Bewegungen oder Abl\u00e4ufe veranschaulichen und hinter die Dinge blicken lassen, erm\u00f6glichen Kindern, sich ihre Themen selbst zu erschlie\u00dfen. Der Spa\u00df am eigenh\u00e4ndigen Entdecken, die liebevolle Umsetzung und die qualitativ hochwertige Ausstattung garantieren langanhaltende Freude an jedem einzelnen Buch.<\/p>\n","protected":false},"excerpt":{"rendered":"<p>So gelingt der Schulstart Was brauche ich f\u00fcr die Schule? Wie sieht mein Klassenzimmer aus? Was lernen wir? Spielerisch werden die Erstkl\u00e4ssler auf den ersten Schultag vorbereitet und alle ihre Fragen einf\u00fchlsam beantwortet. Was erwartet mich in der Schule? Was lerne ich dort? Wie sieht es in einem Klassenzimmer aus? Wozu sind die Pausen da? [&hellip;]<\/p>\n","protected":false},"featured_media":3367,"comment_status":"open","ping_status":"closed","template":"","meta":[],"product_cat":[899,900,225],"product_tag":[511,221,655,469,924,195,872,481,199,223,881,198,181,149,179,522,480,871],"class_list":{"0":"post-3355","1":"product","2":"type-product","3":"status-publish","4":"has-post-thumbnail","6":"product_cat-1-klasse","7":"product_cat-2-klasse","8":"product_cat-ravensburger-kinderbuecher","9":"product_tag-1-klasse","10":"product_tag-2-klasse","11":"product_tag-einschulung","12":"product_tag-einschulung-geschenk","13":"product_tag-entdecken","14":"product_tag-erstleser","15":"product_tag-fuer-kinder-ab-4-jahre","16":"product_tag-fuer-kinder-ab-5-jahre","17":"product_tag-fuer-kinder-ab-6-jahre","18":"product_tag-fuer-kinder-ab-7-jahre","19":"product_tag-kinder","20":"product_tag-kinderbuch","21":"product_tag-kinderbuecher","22":"product_tag-lernen","23":"product_tag-lesen-lernen","24":"product_tag-schultuete","25":"product_tag-vorschule","26":"product_tag-wieso-weshalb-warum","27":"post","28":"post-with-thumbnail","29":"post-with-thumbnail-large","31":"first","32":"instock","33":"taxable","34":"shipping-taxable","35":"purchasable","36":"product-type-simple"},"yoast_head":"<!-- This site is optimized with the Yoast SEO plugin v26.6 - https:\/\/yoast.com\/wordpress\/plugins\/seo\/ -->\n<title>Wieso? Weshalb? Warum?, Band 14: Ich komme in die Schule - der-Schulbedarf.shop<\/title>\n<meta name=\"description\" content=\"Ich komme in die Schule. Was brauche ich f\u00fcr die Schule? Wie sieht mein Klassenzimmer aus? Spielerisch werden die Kinder auf den ersten Schultag vorbereitet\" \/>\n<meta name=\"robots\" content=\"index, follow, max-snippet:-1, max-image-preview:large, max-video-preview:-1\" \/>\n<link rel=\"canonical\" href=\"https:\/\/der-schulbedarf.shop\/produkt-des-monats\/produkt\/wieso-weshalb-warum-band-14-ich-komme-in-die-schule\/\" \/>\n<meta property=\"og:locale\" content=\"de_DE\" \/>\n<meta property=\"og:type\" content=\"article\" \/>\n<meta property=\"og:title\" content=\"Wieso? Weshalb? Warum?, Band 14: Ich komme in die Schule - der-Schulbedarf.shop\" \/>\n<meta property=\"og:description\" content=\"Ich komme in die Schule. Was brauche ich f\u00fcr die Schule? Wie sieht mein Klassenzimmer aus? Spielerisch werden die Kinder auf den ersten Schultag vorbereitet\" \/>\n<meta property=\"og:url\" content=\"https:\/\/der-schulbedarf.shop\/produkt-des-monats\/produkt\/wieso-weshalb-warum-band-14-ich-komme-in-die-schule\/\" \/>\n<meta property=\"og:site_name\" content=\"der-Schulbedarf.shop\" \/>\n<meta property=\"article:modified_time\" content=\"2024-11-27T11:30:04+00:00\" \/>\n<meta property=\"og:image\" content=\"https:\/\/der-schulbedarf.shop\/wp-content\/uploads\/2024\/04\/32877.jpg\" \/>\n\t<meta property=\"og:image:width\" content=\"878\" \/>\n\t<meta property=\"og:image:height\" content=\"1024\" \/>\n\t<meta property=\"og:image:type\" content=\"image\/jpeg\" \/>\n<meta name=\"twitter:card\" content=\"summary_large_image\" \/>\n<meta name=\"twitter:label1\" content=\"Gesch\u00e4tzte Lesezeit\" \/>\n\t<meta name=\"twitter:data1\" content=\"2\u00a0Minuten\" \/>\n<script type=\"application\/ld+json\" class=\"yoast-schema-graph\">{\"@context\":\"https:\/\/schema.org\",\"@graph\":[{\"@type\":\"WebPage\",\"@id\":\"https:\/\/der-schulbedarf.shop\/produkt-des-monats\/produkt\/wieso-weshalb-warum-band-14-ich-komme-in-die-schule\/\",\"url\":\"https:\/\/der-schulbedarf.shop\/produkt-des-monats\/produkt\/wieso-weshalb-warum-band-14-ich-komme-in-die-schule\/\",\"name\":\"Wieso? Weshalb? Warum?, Band 14: Ich komme in die Schule - der-Schulbedarf.shop\",\"isPartOf\":{\"@id\":\"https:\/\/der-schulbedarf.shop\/produkt-des-monats\/#website\"},\"primaryImageOfPage\":{\"@id\":\"https:\/\/der-schulbedarf.shop\/produkt-des-monats\/produkt\/wieso-weshalb-warum-band-14-ich-komme-in-die-schule\/#primaryimage\"},\"image\":{\"@id\":\"https:\/\/der-schulbedarf.shop\/produkt-des-monats\/produkt\/wieso-weshalb-warum-band-14-ich-komme-in-die-schule\/#primaryimage\"},\"thumbnailUrl\":\"https:\/\/der-schulbedarf.shop\/wp-content\/uploads\/2024\/04\/32877.jpg\",\"datePublished\":\"2024-04-12T09:41:11+00:00\",\"dateModified\":\"2024-11-27T11:30:04+00:00\",\"description\":\"Ich komme in die Schule. Was brauche ich f\u00fcr die Schule? Wie sieht mein Klassenzimmer aus? Spielerisch werden die Kinder auf den ersten Schultag vorbereitet\",\"breadcrumb\":{\"@id\":\"https:\/\/der-schulbedarf.shop\/produkt-des-monats\/produkt\/wieso-weshalb-warum-band-14-ich-komme-in-die-schule\/#breadcrumb\"},\"inLanguage\":\"de\",\"potentialAction\":[{\"@type\":\"ReadAction\",\"target\":[\"https:\/\/der-schulbedarf.shop\/produkt-des-monats\/produkt\/wieso-weshalb-warum-band-14-ich-komme-in-die-schule\/\"]}]},{\"@type\":\"ImageObject\",\"inLanguage\":\"de\",\"@id\":\"https:\/\/der-schulbedarf.shop\/produkt-des-monats\/produkt\/wieso-weshalb-warum-band-14-ich-komme-in-die-schule\/#primaryimage\",\"url\":\"https:\/\/der-schulbedarf.shop\/wp-content\/uploads\/2024\/04\/32877.jpg\",\"contentUrl\":\"https:\/\/der-schulbedarf.shop\/wp-content\/uploads\/2024\/04\/32877.jpg\",\"width\":878,\"height\":1024},{\"@type\":\"BreadcrumbList\",\"@id\":\"https:\/\/der-schulbedarf.shop\/produkt-des-monats\/produkt\/wieso-weshalb-warum-band-14-ich-komme-in-die-schule\/#breadcrumb\",\"itemListElement\":[{\"@type\":\"ListItem\",\"position\":1,\"name\":\"Shop\",\"item\":\"https:\/\/der-schulbedarf.shop\/produkt-des-monats\/shop\/\"},{\"@type\":\"ListItem\",\"position\":2,\"name\":\"Wieso? Weshalb? Warum?, Band 14: Ich komme in die Schule\"}]},{\"@type\":\"WebSite\",\"@id\":\"https:\/\/der-schulbedarf.shop\/produkt-des-monats\/#website\",\"url\":\"https:\/\/der-schulbedarf.shop\/produkt-des-monats\/\",\"name\":\"der-Schulbedarf.shop\",\"description\":\"\",\"publisher\":{\"@id\":\"https:\/\/der-schulbedarf.shop\/produkt-des-monats\/#organization\"},\"potentialAction\":[{\"@type\":\"SearchAction\",\"target\":{\"@type\":\"EntryPoint\",\"urlTemplate\":\"https:\/\/der-schulbedarf.shop\/produkt-des-monats\/?s={search_term_string}\"},\"query-input\":{\"@type\":\"PropertyValueSpecification\",\"valueRequired\":true,\"valueName\":\"search_term_string\"}}],\"inLanguage\":\"de\"},{\"@type\":\"Organization\",\"@id\":\"https:\/\/der-schulbedarf.shop\/produkt-des-monats\/#organization\",\"name\":\"der-Schulbedarf.shop\",\"url\":\"https:\/\/der-schulbedarf.shop\/produkt-des-monats\/\",\"logo\":{\"@type\":\"ImageObject\",\"inLanguage\":\"de\",\"@id\":\"https:\/\/der-schulbedarf.shop\/produkt-des-monats\/#\/schema\/logo\/image\/\",\"url\":\"https:\/\/der-schulbedarf.shop\/wp-content\/uploads\/2024\/02\/grafik-e1709551115899.png\",\"contentUrl\":\"https:\/\/der-schulbedarf.shop\/wp-content\/uploads\/2024\/02\/grafik-e1709551115899.png\",\"width\":80,\"height\":80,\"caption\":\"der-Schulbedarf.shop\"},\"image\":{\"@id\":\"https:\/\/der-schulbedarf.shop\/produkt-des-monats\/#\/schema\/logo\/image\/\"}}]}<\/script>\n<!-- \/ Yoast SEO plugin. -->","yoast_head_json":{"title":"Wieso? Weshalb? Warum?, Band 14: Ich komme in die Schule - der-Schulbedarf.shop","description":"Ich komme in die Schule. Was brauche ich f\u00fcr die Schule? Wie sieht mein Klassenzimmer aus? Spielerisch werden die Kinder auf den ersten Schultag vorbereitet","robots":{"index":"index","follow":"follow","max-snippet":"max-snippet:-1","max-image-preview":"max-image-preview:large","max-video-preview":"max-video-preview:-1"},"canonical":"https:\/\/der-schulbedarf.shop\/produkt-des-monats\/produkt\/wieso-weshalb-warum-band-14-ich-komme-in-die-schule\/","og_locale":"de_DE","og_type":"article","og_title":"Wieso? Weshalb? Warum?, Band 14: Ich komme in die Schule - der-Schulbedarf.shop","og_description":"Ich komme in die Schule. Was brauche ich f\u00fcr die Schule? Wie sieht mein Klassenzimmer aus? Spielerisch werden die Kinder auf den ersten Schultag vorbereitet","og_url":"https:\/\/der-schulbedarf.shop\/produkt-des-monats\/produkt\/wieso-weshalb-warum-band-14-ich-komme-in-die-schule\/","og_site_name":"der-Schulbedarf.shop","article_modified_time":"2024-11-27T11:30:04+00:00","og_image":[{"width":878,"height":1024,"url":"https:\/\/der-schulbedarf.shop\/wp-content\/uploads\/2024\/04\/32877.jpg","type":"image\/jpeg"}],"twitter_card":"summary_large_image","twitter_misc":{"Gesch\u00e4tzte Lesezeit":"2\u00a0Minuten"},"schema":{"@context":"https:\/\/schema.org","@graph":[{"@type":"WebPage","@id":"https:\/\/der-schulbedarf.shop\/produkt-des-monats\/produkt\/wieso-weshalb-warum-band-14-ich-komme-in-die-schule\/","url":"https:\/\/der-schulbedarf.shop\/produkt-des-monats\/produkt\/wieso-weshalb-warum-band-14-ich-komme-in-die-schule\/","name":"Wieso? Weshalb? Warum?, Band 14: Ich komme in die Schule - der-Schulbedarf.shop","isPartOf":{"@id":"https:\/\/der-schulbedarf.shop\/produkt-des-monats\/#website"},"primaryImageOfPage":{"@id":"https:\/\/der-schulbedarf.shop\/produkt-des-monats\/produkt\/wieso-weshalb-warum-band-14-ich-komme-in-die-schule\/#primaryimage"},"image":{"@id":"https:\/\/der-schulbedarf.shop\/produkt-des-monats\/produkt\/wieso-weshalb-warum-band-14-ich-komme-in-die-schule\/#primaryimage"},"thumbnailUrl":"https:\/\/der-schulbedarf.shop\/wp-content\/uploads\/2024\/04\/32877.jpg","datePublished":"2024-04-12T09:41:11+00:00","dateModified":"2024-11-27T11:30:04+00:00","description":"Ich komme in die Schule. Was brauche ich f\u00fcr die Schule? Wie sieht mein Klassenzimmer aus? Spielerisch werden die Kinder auf den ersten Schultag vorbereitet","breadcrumb":{"@id":"https:\/\/der-schulbedarf.shop\/produkt-des-monats\/produkt\/wieso-weshalb-warum-band-14-ich-komme-in-die-schule\/#breadcrumb"},"inLanguage":"de","potentialAction":[{"@type":"ReadAction","target":["https:\/\/der-schulbedarf.shop\/produkt-des-monats\/produkt\/wieso-weshalb-warum-band-14-ich-komme-in-die-schule\/"]}]},{"@type":"ImageObject","inLanguage":"de","@id":"https:\/\/der-schulbedarf.shop\/produkt-des-monats\/produkt\/wieso-weshalb-warum-band-14-ich-komme-in-die-schule\/#primaryimage","url":"https:\/\/der-schulbedarf.shop\/wp-content\/uploads\/2024\/04\/32877.jpg","contentUrl":"https:\/\/der-schulbedarf.shop\/wp-content\/uploads\/2024\/04\/32877.jpg","width":878,"height":1024},{"@type":"BreadcrumbList","@id":"https:\/\/der-schulbedarf.shop\/produkt-des-monats\/produkt\/wieso-weshalb-warum-band-14-ich-komme-in-die-schule\/#breadcrumb","itemListElement":[{"@type":"ListItem","position":1,"name":"Shop","item":"https:\/\/der-schulbedarf.shop\/produkt-des-monats\/shop\/"},{"@type":"ListItem","position":2,"name":"Wieso? Weshalb? Warum?, Band 14: Ich komme in die Schule"}]},{"@type":"WebSite","@id":"https:\/\/der-schulbedarf.shop\/produkt-des-monats\/#website","url":"https:\/\/der-schulbedarf.shop\/produkt-des-monats\/","name":"der-Schulbedarf.shop","description":"","publisher":{"@id":"https:\/\/der-schulbedarf.shop\/produkt-des-monats\/#organization"},"potentialAction":[{"@type":"SearchAction","target":{"@type":"EntryPoint","urlTemplate":"https:\/\/der-schulbedarf.shop\/produkt-des-monats\/?s={search_term_string}"},"query-input":{"@type":"PropertyValueSpecification","valueRequired":true,"valueName":"search_term_string"}}],"inLanguage":"de"},{"@type":"Organization","@id":"https:\/\/der-schulbedarf.shop\/produkt-des-monats\/#organization","name":"der-Schulbedarf.shop","url":"https:\/\/der-schulbedarf.shop\/produkt-des-monats\/","logo":{"@type":"ImageObject","inLanguage":"de","@id":"https:\/\/der-schulbedarf.shop\/produkt-des-monats\/#\/schema\/logo\/image\/","url":"https:\/\/der-schulbedarf.shop\/wp-content\/uploads\/2024\/02\/grafik-e1709551115899.png","contentUrl":"https:\/\/der-schulbedarf.shop\/wp-content\/uploads\/2024\/02\/grafik-e1709551115899.png","width":80,"height":80,"caption":"der-Schulbedarf.shop"},"image":{"@id":"https:\/\/der-schulbedarf.shop\/produkt-des-monats\/#\/schema\/logo\/image\/"}}]}},"_links":{"self":[{"href":"https:\/\/der-schulbedarf.shop\/produkt-des-monats\/wp-json\/wp\/v2\/product\/3355","targetHints":{"allow":["GET"]}}],"collection":[{"href":"https:\/\/der-schulbedarf.shop\/produkt-des-monats\/wp-json\/wp\/v2\/product"}],"about":[{"href":"https:\/\/der-schulbedarf.shop\/produkt-des-monats\/wp-json\/wp\/v2\/types\/product"}],"replies":[{"embeddable":true,"href":"https:\/\/der-schulbedarf.shop\/produkt-des-monats\/wp-json\/wp\/v2\/comments?post=3355"}],"wp:featuredmedia":[{"embeddable":true,"href":"https:\/\/der-schulbedarf.shop\/produkt-des-monats\/wp-json\/wp\/v2\/media\/3367"}],"wp:attachment":[{"href":"https:\/\/der-schulbedarf.shop\/produkt-des-monats\/wp-json\/wp\/v2\/media?parent=3355"}],"wp:term":[{"taxonomy":"product_cat","embeddable":true,"href":"https:\/\/der-schulbedarf.shop\/produkt-des-monats\/wp-json\/wp\/v2\/product_cat?post=3355"},{"taxonomy":"product_tag","embeddable":true,"href":"https:\/\/der-schulbedarf.shop\/produkt-des-monats\/wp-json\/wp\/v2\/product_tag?post=3355"}],"curies":[{"name":"wp","href":"https:\/\/api.w.org\/{rel}","templated":true}]}}