{"id":3356,"date":"2024-04-12T09:45:37","date_gmt":"2024-04-12T09:45:37","guid":{"rendered":"https:\/\/der-schulbedarf.Shop\/?post_type=product&#038;p=3356"},"modified":"2024-11-27T11:29:13","modified_gmt":"2024-11-27T11:29:13","slug":"tiptoi-wieso-weshalb-warum-wir-entdecken-die-musik","status":"publish","type":"product","link":"https:\/\/der-schulbedarf.shop\/produkt-des-monats\/produkt\/tiptoi-wieso-weshalb-warum-wir-entdecken-die-musik\/","title":{"rendered":"tiptoi\u00ae Wieso? Weshalb? Warum? Wir entdecken die Musik"},"content":{"rendered":"<p class=\"brief-description\">Hier spielt die Musik<\/p>\n<p>Wie klingt ein Saxofon und was ist ein Orchester? In diesem Buch entdecken Kinder spannendes Sachwissen rund um das Thema Musik. Mit zahlreichen Ger\u00e4uschen, Geschichten und Spielen.<\/p>\n<p>Eintauchen in die Welt der Musik<\/p>\n<p>Welche Instrumente gibt es? Was ist Rhythmus und was eine Melodie? tiptoi f\u00fchrt mit kindgerechten Wissenstexten und authentischen Ger\u00e4uschen an das Thema Musik heran. Gemeinsam mit den Freunden Tiam und Emma entdecken die Kinder verschiedene Orte und Kl\u00e4nge: In der Kita wird die Musikkiste ausgepackt, im Konzert spielt das Orchester und beim Tag der offenen T\u00fcr in der Musikschule gibt es sogar eine Klavier-Probestunde.<\/p>\n<p>Was macht der Traktor auf dem Feld? Wann kommt die Feuerwehr? Wie gro\u00df wird ein Pony?<br \/>\nDie interaktive Sachbuchreihe tiptoi Wieso? Weshalb? Warum? beantwortet wichtige Kinderfragen auf Augenh\u00f6he. Die detailreichen Bilder werden durch zahlreiche authentische Ger\u00e4usche und Erz\u00e4hltexte lebendig. Das Sachwissen wird altersgerecht erkl\u00e4rt und ist fachlich gepr\u00fcft. Dank der einfachen und intuitiven Nutzung mit dem tiptoi-Stift erschlie\u00dfen sich Kinder die Inhalte spielerisch selbst. Sie lernen, Zusammenh\u00e4nge zu begreifen, und erfahren alles \u00fcber ihren Alltag und ihre Umwelt. Zus\u00e4tzlich gibt es auf jeder Seite ein spannendes H\u00f6rspiel, das die Kinder noch tiefer in das jeweilige Thema eintauchen l\u00e4sst. So laden faszinierende Geschichten, Lieder und Spiele immer wieder zum selbstst\u00e4ndigen Entdecken und Erforschen ein.<\/p>\n<p>tiptoi-Stift nicht enthalten. Muss separat erworben werden.<\/p>\n","protected":false},"excerpt":{"rendered":"<p>Hier spielt die Musik Wie klingt ein Saxofon und was ist ein Orchester? In diesem Buch entdecken Kinder spannendes Sachwissen rund um das Thema Musik. Mit zahlreichen Ger\u00e4uschen, Geschichten und Spielen. Eintauchen in die Welt der Musik Welche Instrumente gibt es? Was ist Rhythmus und was eine Melodie? tiptoi f\u00fchrt mit kindgerechten Wissenstexten und authentischen [&hellip;]<\/p>\n","protected":false},"featured_media":3363,"comment_status":"open","ping_status":"closed","template":"","meta":[],"product_cat":[899,900,915,944,225],"product_tag":[511,221,983,924,195,872,481,199,223,968,984,955,881,198,181,149,202,179,982,150,949,142,480,871],"class_list":{"0":"post-3356","1":"product","2":"type-product","3":"status-publish","4":"has-post-thumbnail","6":"product_cat-1-klasse","7":"product_cat-2-klasse","8":"product_cat-produkt-feeds","9":"product_cat-produktzufuehrung-geizhal","10":"product_cat-ravensburger-kinderbuecher","11":"product_tag-1-klasse","12":"product_tag-2-klasse","13":"product_tag-audio","14":"product_tag-entdecken","15":"product_tag-erstleser","16":"product_tag-fuer-kinder-ab-4-jahre","17":"product_tag-fuer-kinder-ab-5-jahre","18":"product_tag-fuer-kinder-ab-6-jahre","19":"product_tag-fuer-kinder-ab-7-jahre","20":"product_tag-hoeren","21":"product_tag-instrumente","22":"product_tag-interaktiv","23":"product_tag-kinder","24":"product_tag-kinderbuch","25":"product_tag-kinderbuecher","26":"product_tag-lernen","27":"product_tag-lesen","28":"product_tag-lesen-lernen","29":"product_tag-musik","30":"product_tag-spielen","31":"product_tag-spielerisch-lernen","32":"product_tag-tiptoi","33":"product_tag-vorschule","34":"product_tag-wieso-weshalb-warum","35":"post","36":"post-with-thumbnail","37":"post-with-thumbnail-large","39":"first","40":"instock","41":"taxable","42":"shipping-taxable","43":"purchasable","44":"product-type-simple"},"yoast_head":"<!-- This site is optimized with the Yoast SEO plugin v26.6 - https:\/\/yoast.com\/wordpress\/plugins\/seo\/ -->\n<title>tiptoi\u00ae Wieso? Weshalb? Warum? Wir entdecken die Musik - der-Schulbedarf.shop<\/title>\n<meta name=\"description\" content=\"Wir entdecken die Musik. Welche Instrumente gibt es? Was ist Rhythmus und was eine Melodie? tiptoi f\u00fchrt mit kindgerechten Wissenstexten Thema Musik heran.\" \/>\n<meta name=\"robots\" content=\"index, follow, max-snippet:-1, max-image-preview:large, max-video-preview:-1\" \/>\n<link rel=\"canonical\" href=\"https:\/\/der-schulbedarf.shop\/produkt-des-monats\/produkt\/tiptoi-wieso-weshalb-warum-wir-entdecken-die-musik\/\" \/>\n<meta property=\"og:locale\" content=\"de_DE\" \/>\n<meta property=\"og:type\" content=\"article\" \/>\n<meta property=\"og:title\" content=\"tiptoi\u00ae Wieso? Weshalb? Warum? Wir entdecken die Musik - der-Schulbedarf.shop\" \/>\n<meta property=\"og:description\" content=\"Wir entdecken die Musik. Welche Instrumente gibt es? Was ist Rhythmus und was eine Melodie? tiptoi f\u00fchrt mit kindgerechten Wissenstexten Thema Musik heran.\" \/>\n<meta property=\"og:url\" content=\"https:\/\/der-schulbedarf.shop\/produkt-des-monats\/produkt\/tiptoi-wieso-weshalb-warum-wir-entdecken-die-musik\/\" \/>\n<meta property=\"og:site_name\" content=\"der-Schulbedarf.shop\" \/>\n<meta property=\"article:modified_time\" content=\"2024-11-27T11:29:13+00:00\" \/>\n<meta property=\"og:image\" content=\"https:\/\/der-schulbedarf.shop\/wp-content\/uploads\/2024\/04\/49280.jpg\" \/>\n\t<meta property=\"og:image:width\" content=\"882\" \/>\n\t<meta property=\"og:image:height\" content=\"1024\" \/>\n\t<meta property=\"og:image:type\" content=\"image\/jpeg\" \/>\n<meta name=\"twitter:card\" content=\"summary_large_image\" \/>\n<meta name=\"twitter:label1\" content=\"Gesch\u00e4tzte Lesezeit\" \/>\n\t<meta name=\"twitter:data1\" content=\"2\u00a0Minuten\" \/>\n<script type=\"application\/ld+json\" class=\"yoast-schema-graph\">{\"@context\":\"https:\/\/schema.org\",\"@graph\":[{\"@type\":\"WebPage\",\"@id\":\"https:\/\/der-schulbedarf.shop\/produkt-des-monats\/produkt\/tiptoi-wieso-weshalb-warum-wir-entdecken-die-musik\/\",\"url\":\"https:\/\/der-schulbedarf.shop\/produkt-des-monats\/produkt\/tiptoi-wieso-weshalb-warum-wir-entdecken-die-musik\/\",\"name\":\"tiptoi\u00ae Wieso? Weshalb? Warum? Wir entdecken die Musik - der-Schulbedarf.shop\",\"isPartOf\":{\"@id\":\"https:\/\/der-schulbedarf.shop\/produkt-des-monats\/#website\"},\"primaryImageOfPage\":{\"@id\":\"https:\/\/der-schulbedarf.shop\/produkt-des-monats\/produkt\/tiptoi-wieso-weshalb-warum-wir-entdecken-die-musik\/#primaryimage\"},\"image\":{\"@id\":\"https:\/\/der-schulbedarf.shop\/produkt-des-monats\/produkt\/tiptoi-wieso-weshalb-warum-wir-entdecken-die-musik\/#primaryimage\"},\"thumbnailUrl\":\"https:\/\/der-schulbedarf.shop\/wp-content\/uploads\/2024\/04\/49280.jpg\",\"datePublished\":\"2024-04-12T09:45:37+00:00\",\"dateModified\":\"2024-11-27T11:29:13+00:00\",\"description\":\"Wir entdecken die Musik. Welche Instrumente gibt es? Was ist Rhythmus und was eine Melodie? tiptoi f\u00fchrt mit kindgerechten Wissenstexten Thema Musik heran.\",\"breadcrumb\":{\"@id\":\"https:\/\/der-schulbedarf.shop\/produkt-des-monats\/produkt\/tiptoi-wieso-weshalb-warum-wir-entdecken-die-musik\/#breadcrumb\"},\"inLanguage\":\"de\",\"potentialAction\":[{\"@type\":\"ReadAction\",\"target\":[\"https:\/\/der-schulbedarf.shop\/produkt-des-monats\/produkt\/tiptoi-wieso-weshalb-warum-wir-entdecken-die-musik\/\"]}]},{\"@type\":\"ImageObject\",\"inLanguage\":\"de\",\"@id\":\"https:\/\/der-schulbedarf.shop\/produkt-des-monats\/produkt\/tiptoi-wieso-weshalb-warum-wir-entdecken-die-musik\/#primaryimage\",\"url\":\"https:\/\/der-schulbedarf.shop\/wp-content\/uploads\/2024\/04\/49280.jpg\",\"contentUrl\":\"https:\/\/der-schulbedarf.shop\/wp-content\/uploads\/2024\/04\/49280.jpg\",\"width\":882,\"height\":1024},{\"@type\":\"BreadcrumbList\",\"@id\":\"https:\/\/der-schulbedarf.shop\/produkt-des-monats\/produkt\/tiptoi-wieso-weshalb-warum-wir-entdecken-die-musik\/#breadcrumb\",\"itemListElement\":[{\"@type\":\"ListItem\",\"position\":1,\"name\":\"Shop\",\"item\":\"https:\/\/der-schulbedarf.shop\/produkt-des-monats\/shop\/\"},{\"@type\":\"ListItem\",\"position\":2,\"name\":\"tiptoi\u00ae Wieso? Weshalb? Warum? Wir entdecken die Musik\"}]},{\"@type\":\"WebSite\",\"@id\":\"https:\/\/der-schulbedarf.shop\/produkt-des-monats\/#website\",\"url\":\"https:\/\/der-schulbedarf.shop\/produkt-des-monats\/\",\"name\":\"der-Schulbedarf.shop\",\"description\":\"\",\"publisher\":{\"@id\":\"https:\/\/der-schulbedarf.shop\/produkt-des-monats\/#organization\"},\"potentialAction\":[{\"@type\":\"SearchAction\",\"target\":{\"@type\":\"EntryPoint\",\"urlTemplate\":\"https:\/\/der-schulbedarf.shop\/produkt-des-monats\/?s={search_term_string}\"},\"query-input\":{\"@type\":\"PropertyValueSpecification\",\"valueRequired\":true,\"valueName\":\"search_term_string\"}}],\"inLanguage\":\"de\"},{\"@type\":\"Organization\",\"@id\":\"https:\/\/der-schulbedarf.shop\/produkt-des-monats\/#organization\",\"name\":\"der-Schulbedarf.shop\",\"url\":\"https:\/\/der-schulbedarf.shop\/produkt-des-monats\/\",\"logo\":{\"@type\":\"ImageObject\",\"inLanguage\":\"de\",\"@id\":\"https:\/\/der-schulbedarf.shop\/produkt-des-monats\/#\/schema\/logo\/image\/\",\"url\":\"https:\/\/der-schulbedarf.shop\/wp-content\/uploads\/2024\/02\/grafik-e1709551115899.png\",\"contentUrl\":\"https:\/\/der-schulbedarf.shop\/wp-content\/uploads\/2024\/02\/grafik-e1709551115899.png\",\"width\":80,\"height\":80,\"caption\":\"der-Schulbedarf.shop\"},\"image\":{\"@id\":\"https:\/\/der-schulbedarf.shop\/produkt-des-monats\/#\/schema\/logo\/image\/\"}}]}<\/script>\n<!-- \/ Yoast SEO plugin. -->","yoast_head_json":{"title":"tiptoi\u00ae Wieso? Weshalb? Warum? Wir entdecken die Musik - der-Schulbedarf.shop","description":"Wir entdecken die Musik. Welche Instrumente gibt es? Was ist Rhythmus und was eine Melodie? tiptoi f\u00fchrt mit kindgerechten Wissenstexten Thema Musik heran.","robots":{"index":"index","follow":"follow","max-snippet":"max-snippet:-1","max-image-preview":"max-image-preview:large","max-video-preview":"max-video-preview:-1"},"canonical":"https:\/\/der-schulbedarf.shop\/produkt-des-monats\/produkt\/tiptoi-wieso-weshalb-warum-wir-entdecken-die-musik\/","og_locale":"de_DE","og_type":"article","og_title":"tiptoi\u00ae Wieso? Weshalb? Warum? Wir entdecken die Musik - der-Schulbedarf.shop","og_description":"Wir entdecken die Musik. Welche Instrumente gibt es? Was ist Rhythmus und was eine Melodie? tiptoi f\u00fchrt mit kindgerechten Wissenstexten Thema Musik heran.","og_url":"https:\/\/der-schulbedarf.shop\/produkt-des-monats\/produkt\/tiptoi-wieso-weshalb-warum-wir-entdecken-die-musik\/","og_site_name":"der-Schulbedarf.shop","article_modified_time":"2024-11-27T11:29:13+00:00","og_image":[{"width":882,"height":1024,"url":"https:\/\/der-schulbedarf.shop\/wp-content\/uploads\/2024\/04\/49280.jpg","type":"image\/jpeg"}],"twitter_card":"summary_large_image","twitter_misc":{"Gesch\u00e4tzte Lesezeit":"2\u00a0Minuten"},"schema":{"@context":"https:\/\/schema.org","@graph":[{"@type":"WebPage","@id":"https:\/\/der-schulbedarf.shop\/produkt-des-monats\/produkt\/tiptoi-wieso-weshalb-warum-wir-entdecken-die-musik\/","url":"https:\/\/der-schulbedarf.shop\/produkt-des-monats\/produkt\/tiptoi-wieso-weshalb-warum-wir-entdecken-die-musik\/","name":"tiptoi\u00ae Wieso? Weshalb? Warum? Wir entdecken die Musik - der-Schulbedarf.shop","isPartOf":{"@id":"https:\/\/der-schulbedarf.shop\/produkt-des-monats\/#website"},"primaryImageOfPage":{"@id":"https:\/\/der-schulbedarf.shop\/produkt-des-monats\/produkt\/tiptoi-wieso-weshalb-warum-wir-entdecken-die-musik\/#primaryimage"},"image":{"@id":"https:\/\/der-schulbedarf.shop\/produkt-des-monats\/produkt\/tiptoi-wieso-weshalb-warum-wir-entdecken-die-musik\/#primaryimage"},"thumbnailUrl":"https:\/\/der-schulbedarf.shop\/wp-content\/uploads\/2024\/04\/49280.jpg","datePublished":"2024-04-12T09:45:37+00:00","dateModified":"2024-11-27T11:29:13+00:00","description":"Wir entdecken die Musik. Welche Instrumente gibt es? Was ist Rhythmus und was eine Melodie? tiptoi f\u00fchrt mit kindgerechten Wissenstexten Thema Musik heran.","breadcrumb":{"@id":"https:\/\/der-schulbedarf.shop\/produkt-des-monats\/produkt\/tiptoi-wieso-weshalb-warum-wir-entdecken-die-musik\/#breadcrumb"},"inLanguage":"de","potentialAction":[{"@type":"ReadAction","target":["https:\/\/der-schulbedarf.shop\/produkt-des-monats\/produkt\/tiptoi-wieso-weshalb-warum-wir-entdecken-die-musik\/"]}]},{"@type":"ImageObject","inLanguage":"de","@id":"https:\/\/der-schulbedarf.shop\/produkt-des-monats\/produkt\/tiptoi-wieso-weshalb-warum-wir-entdecken-die-musik\/#primaryimage","url":"https:\/\/der-schulbedarf.shop\/wp-content\/uploads\/2024\/04\/49280.jpg","contentUrl":"https:\/\/der-schulbedarf.shop\/wp-content\/uploads\/2024\/04\/49280.jpg","width":882,"height":1024},{"@type":"BreadcrumbList","@id":"https:\/\/der-schulbedarf.shop\/produkt-des-monats\/produkt\/tiptoi-wieso-weshalb-warum-wir-entdecken-die-musik\/#breadcrumb","itemListElement":[{"@type":"ListItem","position":1,"name":"Shop","item":"https:\/\/der-schulbedarf.shop\/produkt-des-monats\/shop\/"},{"@type":"ListItem","position":2,"name":"tiptoi\u00ae Wieso? Weshalb? Warum? Wir entdecken die Musik"}]},{"@type":"WebSite","@id":"https:\/\/der-schulbedarf.shop\/produkt-des-monats\/#website","url":"https:\/\/der-schulbedarf.shop\/produkt-des-monats\/","name":"der-Schulbedarf.shop","description":"","publisher":{"@id":"https:\/\/der-schulbedarf.shop\/produkt-des-monats\/#organization"},"potentialAction":[{"@type":"SearchAction","target":{"@type":"EntryPoint","urlTemplate":"https:\/\/der-schulbedarf.shop\/produkt-des-monats\/?s={search_term_string}"},"query-input":{"@type":"PropertyValueSpecification","valueRequired":true,"valueName":"search_term_string"}}],"inLanguage":"de"},{"@type":"Organization","@id":"https:\/\/der-schulbedarf.shop\/produkt-des-monats\/#organization","name":"der-Schulbedarf.shop","url":"https:\/\/der-schulbedarf.shop\/produkt-des-monats\/","logo":{"@type":"ImageObject","inLanguage":"de","@id":"https:\/\/der-schulbedarf.shop\/produkt-des-monats\/#\/schema\/logo\/image\/","url":"https:\/\/der-schulbedarf.shop\/wp-content\/uploads\/2024\/02\/grafik-e1709551115899.png","contentUrl":"https:\/\/der-schulbedarf.shop\/wp-content\/uploads\/2024\/02\/grafik-e1709551115899.png","width":80,"height":80,"caption":"der-Schulbedarf.shop"},"image":{"@id":"https:\/\/der-schulbedarf.shop\/produkt-des-monats\/#\/schema\/logo\/image\/"}}]}},"_links":{"self":[{"href":"https:\/\/der-schulbedarf.shop\/produkt-des-monats\/wp-json\/wp\/v2\/product\/3356","targetHints":{"allow":["GET"]}}],"collection":[{"href":"https:\/\/der-schulbedarf.shop\/produkt-des-monats\/wp-json\/wp\/v2\/product"}],"about":[{"href":"https:\/\/der-schulbedarf.shop\/produkt-des-monats\/wp-json\/wp\/v2\/types\/product"}],"replies":[{"embeddable":true,"href":"https:\/\/der-schulbedarf.shop\/produkt-des-monats\/wp-json\/wp\/v2\/comments?post=3356"}],"wp:featuredmedia":[{"embeddable":true,"href":"https:\/\/der-schulbedarf.shop\/produkt-des-monats\/wp-json\/wp\/v2\/media\/3363"}],"wp:attachment":[{"href":"https:\/\/der-schulbedarf.shop\/produkt-des-monats\/wp-json\/wp\/v2\/media?parent=3356"}],"wp:term":[{"taxonomy":"product_cat","embeddable":true,"href":"https:\/\/der-schulbedarf.shop\/produkt-des-monats\/wp-json\/wp\/v2\/product_cat?post=3356"},{"taxonomy":"product_tag","embeddable":true,"href":"https:\/\/der-schulbedarf.shop\/produkt-des-monats\/wp-json\/wp\/v2\/product_tag?post=3356"}],"curies":[{"name":"wp","href":"https:\/\/api.w.org\/{rel}","templated":true}]}}