{"id":3357,"date":"2024-04-12T09:58:33","date_gmt":"2024-04-12T09:58:33","guid":{"rendered":"https:\/\/der-schulbedarf.Shop\/?post_type=product&#038;p=3357"},"modified":"2024-12-08T20:32:41","modified_gmt":"2024-12-08T20:32:41","slug":"tiptoi-mein-lern-spiel-abenteuer-uhr-und-zeit","status":"publish","type":"product","link":"https:\/\/der-schulbedarf.shop\/produkt-des-monats\/produkt\/tiptoi-mein-lern-spiel-abenteuer-uhr-und-zeit\/","title":{"rendered":"tiptoi\u00ae Mein Lern-Spiel-Abenteuer: Uhr und Zeit"},"content":{"rendered":"<p>Mein Lern-Spiel-Abenteuer<\/p>\n<p class=\"brief-description\">Wer wei\u00df, wie sp\u00e4t es ist?<\/p>\n<p>Wie wird die Uhr gelesen? Welchen Einfluss hat die Sonne auf Tages- und Jahreszeiten? tiptoi\u00ae vermittelt altersgerecht das Thema Zeit. Dank der Uhr mit drehbaren Zeigern wird das Lernen der Uhrzeit zum Kinderspiel.<\/p>\n<p>So wird das Uhrenlesen zum Kinderspiel!<\/p>\n<p>Die Zeit ist \u00fcberall, auch im Alltag von Paula und Moritz. Die Hauptfiguren begleiten die Kinder durch das Buch und erfahren unter anderem, was Stunden und Minuten sind, wie man sie auf der Uhr richtig abliest und was bei Paulas Freunden an den verschiedenen Wochentagen los ist. Au\u00dferdem k\u00f6nnen die Kinder durch die vier Jahreszeiten, einmal um die Welt und mit Oma in die Vergangenheit reisen.<\/p>\n<p>Mit der Reihe tiptoi Mein Lern-Spiel-Abenteuer erleben Kinder spielerisch, interaktiv und selbstst\u00e4ndig die wichtigsten Lernthemen f\u00fcr das Vorschulalter. In den B\u00e4nden der Reihe k\u00f6nnen sie zum Beispiel die Welt der Buchstaben und Zahlen erkunden, die Uhr lesen lernen oder ihr Logisches Denken verbessern. In jedem Buch gibt es \u00fcber 20 knifflige und lustige Aufgaben in zahlreichen Varianten und mit motivierender L\u00f6sungskontrolle. Dies sorgt f\u00fcr wiederholte Besch\u00e4ftigung und nachhaltigen Lernerfolg. Lustige Ger\u00e4usche, Geschichten und Lieder runden das interaktive Erlebnis ab. Die Reihe ist somit die ideale Vorbereitung f\u00fcr das Lernen im ersten Schuljahr.<\/p>\n<p>tiptoi-Stift nicht enthalten. Muss separat erworben werden.<\/p>\n","protected":false},"excerpt":{"rendered":"<p>Mein Lern-Spiel-Abenteuer Wer wei\u00df, wie sp\u00e4t es ist? Wie wird die Uhr gelesen? Welchen Einfluss hat die Sonne auf Tages- und Jahreszeiten? tiptoi\u00ae vermittelt altersgerecht das Thema Zeit. Dank der Uhr mit drehbaren Zeigern wird das Lernen der Uhrzeit zum Kinderspiel. So wird das Uhrenlesen zum Kinderspiel! Die Zeit ist \u00fcberall, auch im Alltag von [&hellip;]<\/p>\n","protected":false},"featured_media":3359,"comment_status":"open","ping_status":"closed","template":"","meta":[],"product_cat":[899,915,944,225],"product_tag":[511,221,983,987,924,195,872,481,199,968,955,988,881,198,181,149,202,179,150,949,989,142,985,480,986],"class_list":{"0":"post-3357","1":"product","2":"type-product","3":"status-publish","4":"has-post-thumbnail","6":"product_cat-1-klasse","7":"product_cat-produkt-feeds","8":"product_cat-produktzufuehrung-geizhal","9":"product_cat-ravensburger-kinderbuecher","10":"product_tag-1-klasse","11":"product_tag-2-klasse","12":"product_tag-audio","13":"product_tag-einteilung","14":"product_tag-entdecken","15":"product_tag-erstleser","16":"product_tag-fuer-kinder-ab-4-jahre","17":"product_tag-fuer-kinder-ab-5-jahre","18":"product_tag-fuer-kinder-ab-6-jahre","19":"product_tag-hoeren","20":"product_tag-interaktiv","21":"product_tag-jahreszeiten","22":"product_tag-kinder","23":"product_tag-kinderbuch","24":"product_tag-kinderbuecher","25":"product_tag-lernen","26":"product_tag-lesen","27":"product_tag-lesen-lernen","28":"product_tag-spielen","29":"product_tag-spielerisch-lernen","30":"product_tag-tageszeiten","31":"product_tag-tiptoi","32":"product_tag-uhr","33":"product_tag-vorschule","34":"product_tag-zeit","35":"post","36":"post-with-thumbnail","37":"post-with-thumbnail-large","39":"first","40":"outofstock","41":"taxable","42":"shipping-taxable","43":"purchasable","44":"product-type-simple"},"yoast_head":"<!-- This site is optimized with the Yoast SEO plugin v26.6 - https:\/\/yoast.com\/wordpress\/plugins\/seo\/ -->\n<title>tiptoi\u00ae Mein Lern-Spiel-Abenteuer: Uhr und Zeit - der-Schulbedarf.shop<\/title>\n<meta name=\"description\" content=\"Mein Lern-Spiel-Abenteuer. Wie wird die Uhr gelesen? Welchen Einfluss hat die Sonne auf Tages- und Jahreszeiten? f\u00fcr Kinder von P\u00e4dagogen entwickelt.\" \/>\n<meta name=\"robots\" content=\"index, follow, max-snippet:-1, max-image-preview:large, max-video-preview:-1\" \/>\n<link rel=\"canonical\" href=\"https:\/\/der-schulbedarf.shop\/produkt-des-monats\/produkt\/tiptoi-mein-lern-spiel-abenteuer-uhr-und-zeit\/\" \/>\n<meta property=\"og:locale\" content=\"de_DE\" \/>\n<meta property=\"og:type\" content=\"article\" \/>\n<meta property=\"og:title\" content=\"tiptoi\u00ae Mein Lern-Spiel-Abenteuer: Uhr und Zeit - der-Schulbedarf.shop\" \/>\n<meta property=\"og:description\" content=\"Mein Lern-Spiel-Abenteuer. Wie wird die Uhr gelesen? Welchen Einfluss hat die Sonne auf Tages- und Jahreszeiten? f\u00fcr Kinder von P\u00e4dagogen entwickelt.\" \/>\n<meta property=\"og:url\" content=\"https:\/\/der-schulbedarf.shop\/produkt-des-monats\/produkt\/tiptoi-mein-lern-spiel-abenteuer-uhr-und-zeit\/\" \/>\n<meta property=\"og:site_name\" content=\"der-Schulbedarf.shop\" \/>\n<meta property=\"article:modified_time\" content=\"2024-12-08T20:32:41+00:00\" \/>\n<meta property=\"og:image\" content=\"https:\/\/der-schulbedarf.shop\/wp-content\/uploads\/2024\/04\/65885.jpg\" \/>\n\t<meta property=\"og:image:width\" content=\"878\" \/>\n\t<meta property=\"og:image:height\" content=\"1024\" \/>\n\t<meta property=\"og:image:type\" content=\"image\/jpeg\" \/>\n<meta name=\"twitter:card\" content=\"summary_large_image\" \/>\n<meta name=\"twitter:label1\" content=\"Gesch\u00e4tzte Lesezeit\" \/>\n\t<meta name=\"twitter:data1\" content=\"2\u00a0Minuten\" \/>\n<script type=\"application\/ld+json\" class=\"yoast-schema-graph\">{\"@context\":\"https:\/\/schema.org\",\"@graph\":[{\"@type\":\"WebPage\",\"@id\":\"https:\/\/der-schulbedarf.shop\/produkt-des-monats\/produkt\/tiptoi-mein-lern-spiel-abenteuer-uhr-und-zeit\/\",\"url\":\"https:\/\/der-schulbedarf.shop\/produkt-des-monats\/produkt\/tiptoi-mein-lern-spiel-abenteuer-uhr-und-zeit\/\",\"name\":\"tiptoi\u00ae Mein Lern-Spiel-Abenteuer: Uhr und Zeit - der-Schulbedarf.shop\",\"isPartOf\":{\"@id\":\"https:\/\/der-schulbedarf.shop\/produkt-des-monats\/#website\"},\"primaryImageOfPage\":{\"@id\":\"https:\/\/der-schulbedarf.shop\/produkt-des-monats\/produkt\/tiptoi-mein-lern-spiel-abenteuer-uhr-und-zeit\/#primaryimage\"},\"image\":{\"@id\":\"https:\/\/der-schulbedarf.shop\/produkt-des-monats\/produkt\/tiptoi-mein-lern-spiel-abenteuer-uhr-und-zeit\/#primaryimage\"},\"thumbnailUrl\":\"https:\/\/der-schulbedarf.shop\/wp-content\/uploads\/2024\/04\/65885.jpg\",\"datePublished\":\"2024-04-12T09:58:33+00:00\",\"dateModified\":\"2024-12-08T20:32:41+00:00\",\"description\":\"Mein Lern-Spiel-Abenteuer. Wie wird die Uhr gelesen? Welchen Einfluss hat die Sonne auf Tages- und Jahreszeiten? f\u00fcr Kinder von P\u00e4dagogen entwickelt.\",\"breadcrumb\":{\"@id\":\"https:\/\/der-schulbedarf.shop\/produkt-des-monats\/produkt\/tiptoi-mein-lern-spiel-abenteuer-uhr-und-zeit\/#breadcrumb\"},\"inLanguage\":\"de\",\"potentialAction\":[{\"@type\":\"ReadAction\",\"target\":[\"https:\/\/der-schulbedarf.shop\/produkt-des-monats\/produkt\/tiptoi-mein-lern-spiel-abenteuer-uhr-und-zeit\/\"]}]},{\"@type\":\"ImageObject\",\"inLanguage\":\"de\",\"@id\":\"https:\/\/der-schulbedarf.shop\/produkt-des-monats\/produkt\/tiptoi-mein-lern-spiel-abenteuer-uhr-und-zeit\/#primaryimage\",\"url\":\"https:\/\/der-schulbedarf.shop\/wp-content\/uploads\/2024\/04\/65885.jpg\",\"contentUrl\":\"https:\/\/der-schulbedarf.shop\/wp-content\/uploads\/2024\/04\/65885.jpg\",\"width\":878,\"height\":1024},{\"@type\":\"BreadcrumbList\",\"@id\":\"https:\/\/der-schulbedarf.shop\/produkt-des-monats\/produkt\/tiptoi-mein-lern-spiel-abenteuer-uhr-und-zeit\/#breadcrumb\",\"itemListElement\":[{\"@type\":\"ListItem\",\"position\":1,\"name\":\"Shop\",\"item\":\"https:\/\/der-schulbedarf.shop\/produkt-des-monats\/shop\/\"},{\"@type\":\"ListItem\",\"position\":2,\"name\":\"tiptoi\u00ae Mein Lern-Spiel-Abenteuer: Uhr und Zeit\"}]},{\"@type\":\"WebSite\",\"@id\":\"https:\/\/der-schulbedarf.shop\/produkt-des-monats\/#website\",\"url\":\"https:\/\/der-schulbedarf.shop\/produkt-des-monats\/\",\"name\":\"der-Schulbedarf.shop\",\"description\":\"\",\"publisher\":{\"@id\":\"https:\/\/der-schulbedarf.shop\/produkt-des-monats\/#organization\"},\"potentialAction\":[{\"@type\":\"SearchAction\",\"target\":{\"@type\":\"EntryPoint\",\"urlTemplate\":\"https:\/\/der-schulbedarf.shop\/produkt-des-monats\/?s={search_term_string}\"},\"query-input\":{\"@type\":\"PropertyValueSpecification\",\"valueRequired\":true,\"valueName\":\"search_term_string\"}}],\"inLanguage\":\"de\"},{\"@type\":\"Organization\",\"@id\":\"https:\/\/der-schulbedarf.shop\/produkt-des-monats\/#organization\",\"name\":\"der-Schulbedarf.shop\",\"url\":\"https:\/\/der-schulbedarf.shop\/produkt-des-monats\/\",\"logo\":{\"@type\":\"ImageObject\",\"inLanguage\":\"de\",\"@id\":\"https:\/\/der-schulbedarf.shop\/produkt-des-monats\/#\/schema\/logo\/image\/\",\"url\":\"https:\/\/der-schulbedarf.shop\/wp-content\/uploads\/2024\/02\/grafik-e1709551115899.png\",\"contentUrl\":\"https:\/\/der-schulbedarf.shop\/wp-content\/uploads\/2024\/02\/grafik-e1709551115899.png\",\"width\":80,\"height\":80,\"caption\":\"der-Schulbedarf.shop\"},\"image\":{\"@id\":\"https:\/\/der-schulbedarf.shop\/produkt-des-monats\/#\/schema\/logo\/image\/\"}}]}<\/script>\n<!-- \/ Yoast SEO plugin. -->","yoast_head_json":{"title":"tiptoi\u00ae Mein Lern-Spiel-Abenteuer: Uhr und Zeit - der-Schulbedarf.shop","description":"Mein Lern-Spiel-Abenteuer. Wie wird die Uhr gelesen? Welchen Einfluss hat die Sonne auf Tages- und Jahreszeiten? f\u00fcr Kinder von P\u00e4dagogen entwickelt.","robots":{"index":"index","follow":"follow","max-snippet":"max-snippet:-1","max-image-preview":"max-image-preview:large","max-video-preview":"max-video-preview:-1"},"canonical":"https:\/\/der-schulbedarf.shop\/produkt-des-monats\/produkt\/tiptoi-mein-lern-spiel-abenteuer-uhr-und-zeit\/","og_locale":"de_DE","og_type":"article","og_title":"tiptoi\u00ae Mein Lern-Spiel-Abenteuer: Uhr und Zeit - der-Schulbedarf.shop","og_description":"Mein Lern-Spiel-Abenteuer. Wie wird die Uhr gelesen? Welchen Einfluss hat die Sonne auf Tages- und Jahreszeiten? f\u00fcr Kinder von P\u00e4dagogen entwickelt.","og_url":"https:\/\/der-schulbedarf.shop\/produkt-des-monats\/produkt\/tiptoi-mein-lern-spiel-abenteuer-uhr-und-zeit\/","og_site_name":"der-Schulbedarf.shop","article_modified_time":"2024-12-08T20:32:41+00:00","og_image":[{"width":878,"height":1024,"url":"https:\/\/der-schulbedarf.shop\/wp-content\/uploads\/2024\/04\/65885.jpg","type":"image\/jpeg"}],"twitter_card":"summary_large_image","twitter_misc":{"Gesch\u00e4tzte Lesezeit":"2\u00a0Minuten"},"schema":{"@context":"https:\/\/schema.org","@graph":[{"@type":"WebPage","@id":"https:\/\/der-schulbedarf.shop\/produkt-des-monats\/produkt\/tiptoi-mein-lern-spiel-abenteuer-uhr-und-zeit\/","url":"https:\/\/der-schulbedarf.shop\/produkt-des-monats\/produkt\/tiptoi-mein-lern-spiel-abenteuer-uhr-und-zeit\/","name":"tiptoi\u00ae Mein Lern-Spiel-Abenteuer: Uhr und Zeit - der-Schulbedarf.shop","isPartOf":{"@id":"https:\/\/der-schulbedarf.shop\/produkt-des-monats\/#website"},"primaryImageOfPage":{"@id":"https:\/\/der-schulbedarf.shop\/produkt-des-monats\/produkt\/tiptoi-mein-lern-spiel-abenteuer-uhr-und-zeit\/#primaryimage"},"image":{"@id":"https:\/\/der-schulbedarf.shop\/produkt-des-monats\/produkt\/tiptoi-mein-lern-spiel-abenteuer-uhr-und-zeit\/#primaryimage"},"thumbnailUrl":"https:\/\/der-schulbedarf.shop\/wp-content\/uploads\/2024\/04\/65885.jpg","datePublished":"2024-04-12T09:58:33+00:00","dateModified":"2024-12-08T20:32:41+00:00","description":"Mein Lern-Spiel-Abenteuer. Wie wird die Uhr gelesen? Welchen Einfluss hat die Sonne auf Tages- und Jahreszeiten? f\u00fcr Kinder von P\u00e4dagogen entwickelt.","breadcrumb":{"@id":"https:\/\/der-schulbedarf.shop\/produkt-des-monats\/produkt\/tiptoi-mein-lern-spiel-abenteuer-uhr-und-zeit\/#breadcrumb"},"inLanguage":"de","potentialAction":[{"@type":"ReadAction","target":["https:\/\/der-schulbedarf.shop\/produkt-des-monats\/produkt\/tiptoi-mein-lern-spiel-abenteuer-uhr-und-zeit\/"]}]},{"@type":"ImageObject","inLanguage":"de","@id":"https:\/\/der-schulbedarf.shop\/produkt-des-monats\/produkt\/tiptoi-mein-lern-spiel-abenteuer-uhr-und-zeit\/#primaryimage","url":"https:\/\/der-schulbedarf.shop\/wp-content\/uploads\/2024\/04\/65885.jpg","contentUrl":"https:\/\/der-schulbedarf.shop\/wp-content\/uploads\/2024\/04\/65885.jpg","width":878,"height":1024},{"@type":"BreadcrumbList","@id":"https:\/\/der-schulbedarf.shop\/produkt-des-monats\/produkt\/tiptoi-mein-lern-spiel-abenteuer-uhr-und-zeit\/#breadcrumb","itemListElement":[{"@type":"ListItem","position":1,"name":"Shop","item":"https:\/\/der-schulbedarf.shop\/produkt-des-monats\/shop\/"},{"@type":"ListItem","position":2,"name":"tiptoi\u00ae Mein Lern-Spiel-Abenteuer: Uhr und Zeit"}]},{"@type":"WebSite","@id":"https:\/\/der-schulbedarf.shop\/produkt-des-monats\/#website","url":"https:\/\/der-schulbedarf.shop\/produkt-des-monats\/","name":"der-Schulbedarf.shop","description":"","publisher":{"@id":"https:\/\/der-schulbedarf.shop\/produkt-des-monats\/#organization"},"potentialAction":[{"@type":"SearchAction","target":{"@type":"EntryPoint","urlTemplate":"https:\/\/der-schulbedarf.shop\/produkt-des-monats\/?s={search_term_string}"},"query-input":{"@type":"PropertyValueSpecification","valueRequired":true,"valueName":"search_term_string"}}],"inLanguage":"de"},{"@type":"Organization","@id":"https:\/\/der-schulbedarf.shop\/produkt-des-monats\/#organization","name":"der-Schulbedarf.shop","url":"https:\/\/der-schulbedarf.shop\/produkt-des-monats\/","logo":{"@type":"ImageObject","inLanguage":"de","@id":"https:\/\/der-schulbedarf.shop\/produkt-des-monats\/#\/schema\/logo\/image\/","url":"https:\/\/der-schulbedarf.shop\/wp-content\/uploads\/2024\/02\/grafik-e1709551115899.png","contentUrl":"https:\/\/der-schulbedarf.shop\/wp-content\/uploads\/2024\/02\/grafik-e1709551115899.png","width":80,"height":80,"caption":"der-Schulbedarf.shop"},"image":{"@id":"https:\/\/der-schulbedarf.shop\/produkt-des-monats\/#\/schema\/logo\/image\/"}}]}},"_links":{"self":[{"href":"https:\/\/der-schulbedarf.shop\/produkt-des-monats\/wp-json\/wp\/v2\/product\/3357","targetHints":{"allow":["GET"]}}],"collection":[{"href":"https:\/\/der-schulbedarf.shop\/produkt-des-monats\/wp-json\/wp\/v2\/product"}],"about":[{"href":"https:\/\/der-schulbedarf.shop\/produkt-des-monats\/wp-json\/wp\/v2\/types\/product"}],"replies":[{"embeddable":true,"href":"https:\/\/der-schulbedarf.shop\/produkt-des-monats\/wp-json\/wp\/v2\/comments?post=3357"}],"wp:featuredmedia":[{"embeddable":true,"href":"https:\/\/der-schulbedarf.shop\/produkt-des-monats\/wp-json\/wp\/v2\/media\/3359"}],"wp:attachment":[{"href":"https:\/\/der-schulbedarf.shop\/produkt-des-monats\/wp-json\/wp\/v2\/media?parent=3357"}],"wp:term":[{"taxonomy":"product_cat","embeddable":true,"href":"https:\/\/der-schulbedarf.shop\/produkt-des-monats\/wp-json\/wp\/v2\/product_cat?post=3357"},{"taxonomy":"product_tag","embeddable":true,"href":"https:\/\/der-schulbedarf.shop\/produkt-des-monats\/wp-json\/wp\/v2\/product_tag?post=3357"}],"curies":[{"name":"wp","href":"https:\/\/api.w.org\/{rel}","templated":true}]}}