{"id":3395,"date":"2024-04-16T09:36:22","date_gmt":"2024-04-16T09:36:22","guid":{"rendered":"https:\/\/der-schulbedarf.Shop\/?post_type=product&#038;p=3395"},"modified":"2024-11-27T11:27:37","modified_gmt":"2024-11-27T11:27:37","slug":"mach-auf-und-wieder-zu-fuehl-und-spielbuch","status":"publish","type":"product","link":"https:\/\/der-schulbedarf.shop\/produkt-des-monats\/produkt\/mach-auf-und-wieder-zu-fuehl-und-spielbuch\/","title":{"rendered":"Mach auf und wieder zu!: F\u00fchl- und Spielbuch"},"content":{"rendered":"<ul class=\"a-unordered-list a-vertical\">\n<li><span class=\"a-list-item\">Spielbuch f\u00fcr Kinder ab 2 Jahren<\/span><\/li>\n<li><span class=\"a-list-item\">Mit Rei\u00df- und Klettverschluss, Schleife, Spiegel und vielen Klappen<\/span><\/li>\n<li><span class=\"a-list-item\">F\u00f6rdert die Feinmotorik und unterst\u00fctzt beim Sprechen lernen<\/span><\/li>\n<\/ul>\n<p>Ob Klettband, Schleife oder Rei\u00dfverschluss \u2013 hier kann alles auf und zu gemacht werden. Erst mit etwas Hilfe und dann ganz allein. Eing\u00e4ngige Reime animieren zum Ausprobieren und genauen Hinsehen. Denn in den bunten Szenen gibt es viel zu entdecken!<\/p>\n<div class=\"apm-sidemodule-textright\">\n<p class=\"a-spacing-mini\">F\u00fcr einen Bilderbuchstart ins Leben\u2026<\/p>\n<p>Mit den <span class=\"a-text-bold\">Pappbilderb\u00fcchern von Ravensburger <\/span>steigen die Allerkleinsten in die fantastisch-bunte Welt der B\u00fccher ein. Dabei ist es eine Herzensangelegenheit die Anspr\u00fcche von Eltern und Kleinkindern zu erf\u00fcllen.<\/p>\n<p>Vertrauen Sie, liebe Eltern, auf die Pappbilderb\u00fccher von Ravensburger und begleiten Sie Ihr Kind dabei, wie es mit Pappbilderb\u00fcchern die <span class=\"a-text-bold\">Welt der B\u00fccher <\/span>zum ersten Mal f\u00fcr sich entdeckt \u2013 <span class=\"a-text-bold\">f\u00fcr einen Bilderbuchstart ins Leben.<\/span><\/p>\n<\/div>\n","protected":false},"excerpt":{"rendered":"<p>Mach auf und wieder zu! Spielbuch f\u00fcr Kinder ab 2 Jahren, Mit Rei\u00df- und Klettverschluss, Schleife, Spiegel und vielen Klappen, F\u00f6rdert die Feinmotorik und das Sprechen.<\/p>\n","protected":false},"featured_media":3413,"comment_status":"open","ping_status":"closed","template":"","meta":[],"product_cat":[224,915,944,225,1028],"product_tag":[111,924,1052,992,113,539,881,990,991,198,181,959,997,998,995,999,1000,875,189,193,996,994,993,1053],"class_list":{"0":"post-3395","1":"product","2":"type-product","3":"status-publish","4":"has-post-thumbnail","6":"product_cat-kinderbuecher","7":"product_cat-produkt-feeds","8":"product_cat-produktzufuehrung-geizhal","9":"product_cat-ravensburger-kinderbuecher","10":"product_cat-vorschulalter","11":"product_tag-beschaeftigung","12":"product_tag-entdecken","13":"product_tag-feinmotorik","14":"product_tag-fuehlbuch","15":"product_tag-geschenk","16":"product_tag-jungen","17":"product_tag-kinder","18":"product_tag-kinder-ab-2-jahren","19":"product_tag-kinder-ab-3-jahren","20":"product_tag-kinderbuch","21":"product_tag-kinderbuecher","22":"product_tag-kindergarten","23":"product_tag-kindertagesstaette","24":"product_tag-kita","25":"product_tag-klappe","26":"product_tag-kleinkind","27":"product_tag-kleinkinder-ab-2-jahren","28":"product_tag-kleinkinder-ab-3-jahren","29":"product_tag-maedchen","30":"product_tag-ravensburger","31":"product_tag-reissverschluss","32":"product_tag-schleife","33":"product_tag-spielbuch","34":"product_tag-sprechen","35":"post","36":"post-with-thumbnail","37":"post-with-thumbnail-large","39":"first","40":"outofstock","41":"taxable","42":"shipping-taxable","43":"purchasable","44":"product-type-simple"},"yoast_head":"<!-- This site is optimized with the Yoast SEO plugin v26.6 - https:\/\/yoast.com\/wordpress\/plugins\/seo\/ -->\n<title>Mach auf und wieder zu!: F\u00fchl- und Spielbuch - der-Schulbedarf.shop<\/title>\n<meta name=\"description\" content=\"Mach auf und wieder zu! Spielbuch f\u00fcr Kinder ab 2 Jahren, Mit Rei\u00df- und Klettverschluss, Schleife, Spiegel und vielen Klappen, F\u00f6rdert die Feinmotorik.\" \/>\n<meta name=\"robots\" content=\"index, follow, max-snippet:-1, max-image-preview:large, max-video-preview:-1\" \/>\n<link rel=\"canonical\" href=\"https:\/\/der-schulbedarf.shop\/produkt-des-monats\/produkt\/mach-auf-und-wieder-zu-fuehl-und-spielbuch\/\" \/>\n<meta property=\"og:locale\" content=\"de_DE\" \/>\n<meta property=\"og:type\" content=\"article\" \/>\n<meta property=\"og:title\" content=\"Mach auf und wieder zu!: F\u00fchl- und Spielbuch - der-Schulbedarf.shop\" \/>\n<meta property=\"og:description\" content=\"Mach auf und wieder zu! Spielbuch f\u00fcr Kinder ab 2 Jahren, Mit Rei\u00df- und Klettverschluss, Schleife, Spiegel und vielen Klappen, F\u00f6rdert die Feinmotorik.\" \/>\n<meta property=\"og:url\" content=\"https:\/\/der-schulbedarf.shop\/produkt-des-monats\/produkt\/mach-auf-und-wieder-zu-fuehl-und-spielbuch\/\" \/>\n<meta property=\"og:site_name\" content=\"der-Schulbedarf.shop\" \/>\n<meta property=\"article:modified_time\" content=\"2024-11-27T11:27:37+00:00\" \/>\n<meta property=\"og:image\" content=\"https:\/\/der-schulbedarf.shop\/wp-content\/uploads\/2024\/04\/31481.jpg\" \/>\n\t<meta property=\"og:image:width\" content=\"1024\" \/>\n\t<meta property=\"og:image:height\" content=\"966\" \/>\n\t<meta property=\"og:image:type\" content=\"image\/jpeg\" \/>\n<meta name=\"twitter:card\" content=\"summary_large_image\" \/>\n<meta name=\"twitter:label1\" content=\"Gesch\u00e4tzte Lesezeit\" \/>\n\t<meta name=\"twitter:data1\" content=\"1\u00a0Minute\" \/>\n<script type=\"application\/ld+json\" class=\"yoast-schema-graph\">{\"@context\":\"https:\/\/schema.org\",\"@graph\":[{\"@type\":\"WebPage\",\"@id\":\"https:\/\/der-schulbedarf.shop\/produkt-des-monats\/produkt\/mach-auf-und-wieder-zu-fuehl-und-spielbuch\/\",\"url\":\"https:\/\/der-schulbedarf.shop\/produkt-des-monats\/produkt\/mach-auf-und-wieder-zu-fuehl-und-spielbuch\/\",\"name\":\"Mach auf und wieder zu!: F\u00fchl- und Spielbuch - der-Schulbedarf.shop\",\"isPartOf\":{\"@id\":\"https:\/\/der-schulbedarf.shop\/produkt-des-monats\/#website\"},\"primaryImageOfPage\":{\"@id\":\"https:\/\/der-schulbedarf.shop\/produkt-des-monats\/produkt\/mach-auf-und-wieder-zu-fuehl-und-spielbuch\/#primaryimage\"},\"image\":{\"@id\":\"https:\/\/der-schulbedarf.shop\/produkt-des-monats\/produkt\/mach-auf-und-wieder-zu-fuehl-und-spielbuch\/#primaryimage\"},\"thumbnailUrl\":\"https:\/\/der-schulbedarf.shop\/wp-content\/uploads\/2024\/04\/31481.jpg\",\"datePublished\":\"2024-04-16T09:36:22+00:00\",\"dateModified\":\"2024-11-27T11:27:37+00:00\",\"description\":\"Mach auf und wieder zu! Spielbuch f\u00fcr Kinder ab 2 Jahren, Mit Rei\u00df- und Klettverschluss, Schleife, Spiegel und vielen Klappen, F\u00f6rdert die Feinmotorik.\",\"breadcrumb\":{\"@id\":\"https:\/\/der-schulbedarf.shop\/produkt-des-monats\/produkt\/mach-auf-und-wieder-zu-fuehl-und-spielbuch\/#breadcrumb\"},\"inLanguage\":\"de\",\"potentialAction\":[{\"@type\":\"ReadAction\",\"target\":[\"https:\/\/der-schulbedarf.shop\/produkt-des-monats\/produkt\/mach-auf-und-wieder-zu-fuehl-und-spielbuch\/\"]}]},{\"@type\":\"ImageObject\",\"inLanguage\":\"de\",\"@id\":\"https:\/\/der-schulbedarf.shop\/produkt-des-monats\/produkt\/mach-auf-und-wieder-zu-fuehl-und-spielbuch\/#primaryimage\",\"url\":\"https:\/\/der-schulbedarf.shop\/wp-content\/uploads\/2024\/04\/31481.jpg\",\"contentUrl\":\"https:\/\/der-schulbedarf.shop\/wp-content\/uploads\/2024\/04\/31481.jpg\",\"width\":1024,\"height\":966},{\"@type\":\"BreadcrumbList\",\"@id\":\"https:\/\/der-schulbedarf.shop\/produkt-des-monats\/produkt\/mach-auf-und-wieder-zu-fuehl-und-spielbuch\/#breadcrumb\",\"itemListElement\":[{\"@type\":\"ListItem\",\"position\":1,\"name\":\"Shop\",\"item\":\"https:\/\/der-schulbedarf.shop\/produkt-des-monats\/shop\/\"},{\"@type\":\"ListItem\",\"position\":2,\"name\":\"Mach auf und wieder zu!: F\u00fchl- und Spielbuch\"}]},{\"@type\":\"WebSite\",\"@id\":\"https:\/\/der-schulbedarf.shop\/produkt-des-monats\/#website\",\"url\":\"https:\/\/der-schulbedarf.shop\/produkt-des-monats\/\",\"name\":\"der-Schulbedarf.shop\",\"description\":\"\",\"publisher\":{\"@id\":\"https:\/\/der-schulbedarf.shop\/produkt-des-monats\/#organization\"},\"potentialAction\":[{\"@type\":\"SearchAction\",\"target\":{\"@type\":\"EntryPoint\",\"urlTemplate\":\"https:\/\/der-schulbedarf.shop\/produkt-des-monats\/?s={search_term_string}\"},\"query-input\":{\"@type\":\"PropertyValueSpecification\",\"valueRequired\":true,\"valueName\":\"search_term_string\"}}],\"inLanguage\":\"de\"},{\"@type\":\"Organization\",\"@id\":\"https:\/\/der-schulbedarf.shop\/produkt-des-monats\/#organization\",\"name\":\"der-Schulbedarf.shop\",\"url\":\"https:\/\/der-schulbedarf.shop\/produkt-des-monats\/\",\"logo\":{\"@type\":\"ImageObject\",\"inLanguage\":\"de\",\"@id\":\"https:\/\/der-schulbedarf.shop\/produkt-des-monats\/#\/schema\/logo\/image\/\",\"url\":\"https:\/\/der-schulbedarf.shop\/wp-content\/uploads\/2024\/02\/grafik-e1709551115899.png\",\"contentUrl\":\"https:\/\/der-schulbedarf.shop\/wp-content\/uploads\/2024\/02\/grafik-e1709551115899.png\",\"width\":80,\"height\":80,\"caption\":\"der-Schulbedarf.shop\"},\"image\":{\"@id\":\"https:\/\/der-schulbedarf.shop\/produkt-des-monats\/#\/schema\/logo\/image\/\"}}]}<\/script>\n<!-- \/ Yoast SEO plugin. -->","yoast_head_json":{"title":"Mach auf und wieder zu!: F\u00fchl- und Spielbuch - der-Schulbedarf.shop","description":"Mach auf und wieder zu! Spielbuch f\u00fcr Kinder ab 2 Jahren, Mit Rei\u00df- und Klettverschluss, Schleife, Spiegel und vielen Klappen, F\u00f6rdert die Feinmotorik.","robots":{"index":"index","follow":"follow","max-snippet":"max-snippet:-1","max-image-preview":"max-image-preview:large","max-video-preview":"max-video-preview:-1"},"canonical":"https:\/\/der-schulbedarf.shop\/produkt-des-monats\/produkt\/mach-auf-und-wieder-zu-fuehl-und-spielbuch\/","og_locale":"de_DE","og_type":"article","og_title":"Mach auf und wieder zu!: F\u00fchl- und Spielbuch - der-Schulbedarf.shop","og_description":"Mach auf und wieder zu! Spielbuch f\u00fcr Kinder ab 2 Jahren, Mit Rei\u00df- und Klettverschluss, Schleife, Spiegel und vielen Klappen, F\u00f6rdert die Feinmotorik.","og_url":"https:\/\/der-schulbedarf.shop\/produkt-des-monats\/produkt\/mach-auf-und-wieder-zu-fuehl-und-spielbuch\/","og_site_name":"der-Schulbedarf.shop","article_modified_time":"2024-11-27T11:27:37+00:00","og_image":[{"width":1024,"height":966,"url":"https:\/\/der-schulbedarf.shop\/wp-content\/uploads\/2024\/04\/31481.jpg","type":"image\/jpeg"}],"twitter_card":"summary_large_image","twitter_misc":{"Gesch\u00e4tzte Lesezeit":"1\u00a0Minute"},"schema":{"@context":"https:\/\/schema.org","@graph":[{"@type":"WebPage","@id":"https:\/\/der-schulbedarf.shop\/produkt-des-monats\/produkt\/mach-auf-und-wieder-zu-fuehl-und-spielbuch\/","url":"https:\/\/der-schulbedarf.shop\/produkt-des-monats\/produkt\/mach-auf-und-wieder-zu-fuehl-und-spielbuch\/","name":"Mach auf und wieder zu!: F\u00fchl- und Spielbuch - der-Schulbedarf.shop","isPartOf":{"@id":"https:\/\/der-schulbedarf.shop\/produkt-des-monats\/#website"},"primaryImageOfPage":{"@id":"https:\/\/der-schulbedarf.shop\/produkt-des-monats\/produkt\/mach-auf-und-wieder-zu-fuehl-und-spielbuch\/#primaryimage"},"image":{"@id":"https:\/\/der-schulbedarf.shop\/produkt-des-monats\/produkt\/mach-auf-und-wieder-zu-fuehl-und-spielbuch\/#primaryimage"},"thumbnailUrl":"https:\/\/der-schulbedarf.shop\/wp-content\/uploads\/2024\/04\/31481.jpg","datePublished":"2024-04-16T09:36:22+00:00","dateModified":"2024-11-27T11:27:37+00:00","description":"Mach auf und wieder zu! Spielbuch f\u00fcr Kinder ab 2 Jahren, Mit Rei\u00df- und Klettverschluss, Schleife, Spiegel und vielen Klappen, F\u00f6rdert die Feinmotorik.","breadcrumb":{"@id":"https:\/\/der-schulbedarf.shop\/produkt-des-monats\/produkt\/mach-auf-und-wieder-zu-fuehl-und-spielbuch\/#breadcrumb"},"inLanguage":"de","potentialAction":[{"@type":"ReadAction","target":["https:\/\/der-schulbedarf.shop\/produkt-des-monats\/produkt\/mach-auf-und-wieder-zu-fuehl-und-spielbuch\/"]}]},{"@type":"ImageObject","inLanguage":"de","@id":"https:\/\/der-schulbedarf.shop\/produkt-des-monats\/produkt\/mach-auf-und-wieder-zu-fuehl-und-spielbuch\/#primaryimage","url":"https:\/\/der-schulbedarf.shop\/wp-content\/uploads\/2024\/04\/31481.jpg","contentUrl":"https:\/\/der-schulbedarf.shop\/wp-content\/uploads\/2024\/04\/31481.jpg","width":1024,"height":966},{"@type":"BreadcrumbList","@id":"https:\/\/der-schulbedarf.shop\/produkt-des-monats\/produkt\/mach-auf-und-wieder-zu-fuehl-und-spielbuch\/#breadcrumb","itemListElement":[{"@type":"ListItem","position":1,"name":"Shop","item":"https:\/\/der-schulbedarf.shop\/produkt-des-monats\/shop\/"},{"@type":"ListItem","position":2,"name":"Mach auf und wieder zu!: F\u00fchl- und Spielbuch"}]},{"@type":"WebSite","@id":"https:\/\/der-schulbedarf.shop\/produkt-des-monats\/#website","url":"https:\/\/der-schulbedarf.shop\/produkt-des-monats\/","name":"der-Schulbedarf.shop","description":"","publisher":{"@id":"https:\/\/der-schulbedarf.shop\/produkt-des-monats\/#organization"},"potentialAction":[{"@type":"SearchAction","target":{"@type":"EntryPoint","urlTemplate":"https:\/\/der-schulbedarf.shop\/produkt-des-monats\/?s={search_term_string}"},"query-input":{"@type":"PropertyValueSpecification","valueRequired":true,"valueName":"search_term_string"}}],"inLanguage":"de"},{"@type":"Organization","@id":"https:\/\/der-schulbedarf.shop\/produkt-des-monats\/#organization","name":"der-Schulbedarf.shop","url":"https:\/\/der-schulbedarf.shop\/produkt-des-monats\/","logo":{"@type":"ImageObject","inLanguage":"de","@id":"https:\/\/der-schulbedarf.shop\/produkt-des-monats\/#\/schema\/logo\/image\/","url":"https:\/\/der-schulbedarf.shop\/wp-content\/uploads\/2024\/02\/grafik-e1709551115899.png","contentUrl":"https:\/\/der-schulbedarf.shop\/wp-content\/uploads\/2024\/02\/grafik-e1709551115899.png","width":80,"height":80,"caption":"der-Schulbedarf.shop"},"image":{"@id":"https:\/\/der-schulbedarf.shop\/produkt-des-monats\/#\/schema\/logo\/image\/"}}]}},"_links":{"self":[{"href":"https:\/\/der-schulbedarf.shop\/produkt-des-monats\/wp-json\/wp\/v2\/product\/3395","targetHints":{"allow":["GET"]}}],"collection":[{"href":"https:\/\/der-schulbedarf.shop\/produkt-des-monats\/wp-json\/wp\/v2\/product"}],"about":[{"href":"https:\/\/der-schulbedarf.shop\/produkt-des-monats\/wp-json\/wp\/v2\/types\/product"}],"replies":[{"embeddable":true,"href":"https:\/\/der-schulbedarf.shop\/produkt-des-monats\/wp-json\/wp\/v2\/comments?post=3395"}],"wp:featuredmedia":[{"embeddable":true,"href":"https:\/\/der-schulbedarf.shop\/produkt-des-monats\/wp-json\/wp\/v2\/media\/3413"}],"wp:attachment":[{"href":"https:\/\/der-schulbedarf.shop\/produkt-des-monats\/wp-json\/wp\/v2\/media?parent=3395"}],"wp:term":[{"taxonomy":"product_cat","embeddable":true,"href":"https:\/\/der-schulbedarf.shop\/produkt-des-monats\/wp-json\/wp\/v2\/product_cat?post=3395"},{"taxonomy":"product_tag","embeddable":true,"href":"https:\/\/der-schulbedarf.shop\/produkt-des-monats\/wp-json\/wp\/v2\/product_tag?post=3395"}],"curies":[{"name":"wp","href":"https:\/\/api.w.org\/{rel}","templated":true}]}}