{"id":3396,"date":"2024-04-16T09:42:15","date_gmt":"2024-04-16T09:42:15","guid":{"rendered":"https:\/\/der-schulbedarf.Shop\/?post_type=product&#038;p=3396"},"modified":"2024-11-27T11:27:12","modified_gmt":"2024-11-27T11:27:12","slug":"neue-experimente-fuer-neugierige-kinder","status":"publish","type":"product","link":"https:\/\/der-schulbedarf.shop\/produkt-des-monats\/produkt\/neue-experimente-fuer-neugierige-kinder\/","title":{"rendered":"Neue Experimente f\u00fcr neugierige Kinder"},"content":{"rendered":"<p>Neue Experimente f\u00fcr neugierige Kinder<\/p>\n<p class=\"brief-description\">Im Experiment die Welt entdecken<\/p>\n<p>Einfache Experimente machen auf unterhaltsame Weise naturwissenschaftliche Zusammenh\u00e4nge verst\u00e4ndlich und \u200bregen die Freude der Kinder am Forschen an.\u200b<\/p>\n<p>So macht Naturwissenschaft Spa\u00df!<\/p>\n<p>Kann Wasser kleben? Trinken Tulpen Tinte? Und was steckt hinter dem Gummihandschuhgeist?<br \/>\nKleine Forscher erkunden mit diesem Experimentebuch ganz spielerisch die geheimnisvolle Welt der Naturwissenschaften. Alle Versuche k\u00f6nnen mithilfe klarer Schritt-f\u00fcr-Schritt-Anleitungen leicht durchgef\u00fchrt werden. Die Experimente handeln von Luft und Wasser, Licht und Optik, Technik und Umwelt sowie unseren f\u00fcnf Sinnen. Zum Staunen, Forschen und Entdecken f\u00fcr Kinder im Vorschul- und Grundschulalter.<\/p>\n<p>Dieses Buch bietet viele neue Experimente zu spannenden Themen aus dem gro\u00dfen Feld der Naturwissenschaften. In den Versuchen eignen sich die Kinder im aktiven Tun spielerisch die ersten Wissensbausteine f\u00fcr die Bildung in den MINT-F\u00e4chern an. Im Vordergrund stehen grundlegende Gesetzm\u00e4\u00dfigkeiten in Physik, Biologie und Chemie. Spa\u00df, sinnvolle Besch\u00e4ftigung und Lernen gehen in diesem Buch Hand in Hand! Deshalb Neue Experimente f\u00fcr neugierige Kinder.<\/p>\n","protected":false},"excerpt":{"rendered":"<p>Neue Experimente f\u00fcr neugierige Kinder Im Experiment die Welt entdecken Einfache Experimente machen auf unterhaltsame Weise naturwissenschaftliche Zusammenh\u00e4nge verst\u00e4ndlich und \u200bregen die Freude der Kinder am Forschen an.\u200b So macht Naturwissenschaft Spa\u00df! Kann Wasser kleben? Trinken Tulpen Tinte? Und was steckt hinter dem Gummihandschuhgeist? Kleine Forscher erkunden mit diesem Experimentebuch ganz spielerisch die geheimnisvolle Welt [&hellip;]<\/p>\n","protected":false},"featured_media":3409,"comment_status":"open","ping_status":"closed","template":"","meta":[],"product_cat":[899,900,901,902,895,224,915,944,225],"product_tag":[511,221,761,1007,924,1006,1013,1011,978,881,1001,1002,1003,1004,1005,198,181,1010,1009,1008,1014,1012,193],"class_list":{"0":"post-3396","1":"product","2":"type-product","3":"status-publish","4":"has-post-thumbnail","6":"product_cat-1-klasse","7":"product_cat-2-klasse","8":"product_cat-3-klasse","9":"product_cat-4-klasse","10":"product_cat-grundschule","11":"product_cat-kinderbuecher","12":"product_cat-produkt-feeds","13":"product_cat-produktzufuehrung-geizhal","14":"product_cat-ravensburger-kinderbuecher","15":"product_tag-1-klasse","16":"product_tag-2-klasse","17":"product_tag-3-klasse","18":"product_tag-4-klasse","19":"product_tag-entdecken","20":"product_tag-ersleser","21":"product_tag-experimente","22":"product_tag-forschen","23":"product_tag-grundschule","24":"product_tag-kinder","25":"product_tag-kinder-ab-4-jahren","26":"product_tag-kinder-ab-5-jahren","27":"product_tag-kinder-ab-6-jahren","28":"product_tag-kinder-ab-7-jahren","29":"product_tag-kinder-ab-8-jahren","30":"product_tag-kinderbuch","31":"product_tag-kinderbuecher","32":"product_tag-mint","33":"product_tag-mint-faecher","34":"product_tag-naturwissenschaften","35":"product_tag-neugier","36":"product_tag-probieren","37":"product_tag-ravensburger","38":"post","39":"post-with-thumbnail","40":"post-with-thumbnail-large","42":"first","43":"instock","44":"taxable","45":"shipping-taxable","46":"purchasable","47":"product-type-simple"},"yoast_head":"<!-- This site is optimized with the Yoast SEO plugin v26.6 - https:\/\/yoast.com\/wordpress\/plugins\/seo\/ -->\n<title>Neue Experimente f\u00fcr neugierige Kinder - der-Schulbedarf.shop<\/title>\n<meta name=\"description\" content=\"Neue Experimente f\u00fcr neugierige Kinder. Spannende Themen aus dem gro\u00dfen Feld der Naturwissenschaften. F\u00fcr Kinder ab 4 Jahren. Von P\u00e4dagogen entwickelt.\" \/>\n<meta name=\"robots\" content=\"index, follow, max-snippet:-1, max-image-preview:large, max-video-preview:-1\" \/>\n<link rel=\"canonical\" href=\"https:\/\/der-schulbedarf.shop\/produkt-des-monats\/produkt\/neue-experimente-fuer-neugierige-kinder\/\" \/>\n<meta property=\"og:locale\" content=\"de_DE\" \/>\n<meta property=\"og:type\" content=\"article\" \/>\n<meta property=\"og:title\" content=\"Neue Experimente f\u00fcr neugierige Kinder - der-Schulbedarf.shop\" \/>\n<meta property=\"og:description\" content=\"Neue Experimente f\u00fcr neugierige Kinder. Spannende Themen aus dem gro\u00dfen Feld der Naturwissenschaften. F\u00fcr Kinder ab 4 Jahren. Von P\u00e4dagogen entwickelt.\" \/>\n<meta property=\"og:url\" content=\"https:\/\/der-schulbedarf.shop\/produkt-des-monats\/produkt\/neue-experimente-fuer-neugierige-kinder\/\" \/>\n<meta property=\"og:site_name\" content=\"der-Schulbedarf.shop\" \/>\n<meta property=\"article:modified_time\" content=\"2024-11-27T11:27:12+00:00\" \/>\n<meta property=\"og:image\" content=\"https:\/\/der-schulbedarf.shop\/wp-content\/uploads\/2024\/04\/48030.jpg\" \/>\n\t<meta property=\"og:image:width\" content=\"819\" \/>\n\t<meta property=\"og:image:height\" content=\"1024\" \/>\n\t<meta property=\"og:image:type\" content=\"image\/jpeg\" \/>\n<meta name=\"twitter:card\" content=\"summary_large_image\" \/>\n<meta name=\"twitter:label1\" content=\"Gesch\u00e4tzte Lesezeit\" \/>\n\t<meta name=\"twitter:data1\" content=\"2\u00a0Minuten\" \/>\n<script type=\"application\/ld+json\" class=\"yoast-schema-graph\">{\"@context\":\"https:\/\/schema.org\",\"@graph\":[{\"@type\":\"WebPage\",\"@id\":\"https:\/\/der-schulbedarf.shop\/produkt-des-monats\/produkt\/neue-experimente-fuer-neugierige-kinder\/\",\"url\":\"https:\/\/der-schulbedarf.shop\/produkt-des-monats\/produkt\/neue-experimente-fuer-neugierige-kinder\/\",\"name\":\"Neue Experimente f\u00fcr neugierige Kinder - der-Schulbedarf.shop\",\"isPartOf\":{\"@id\":\"https:\/\/der-schulbedarf.shop\/produkt-des-monats\/#website\"},\"primaryImageOfPage\":{\"@id\":\"https:\/\/der-schulbedarf.shop\/produkt-des-monats\/produkt\/neue-experimente-fuer-neugierige-kinder\/#primaryimage\"},\"image\":{\"@id\":\"https:\/\/der-schulbedarf.shop\/produkt-des-monats\/produkt\/neue-experimente-fuer-neugierige-kinder\/#primaryimage\"},\"thumbnailUrl\":\"https:\/\/der-schulbedarf.shop\/wp-content\/uploads\/2024\/04\/48030.jpg\",\"datePublished\":\"2024-04-16T09:42:15+00:00\",\"dateModified\":\"2024-11-27T11:27:12+00:00\",\"description\":\"Neue Experimente f\u00fcr neugierige Kinder. Spannende Themen aus dem gro\u00dfen Feld der Naturwissenschaften. F\u00fcr Kinder ab 4 Jahren. Von P\u00e4dagogen entwickelt.\",\"breadcrumb\":{\"@id\":\"https:\/\/der-schulbedarf.shop\/produkt-des-monats\/produkt\/neue-experimente-fuer-neugierige-kinder\/#breadcrumb\"},\"inLanguage\":\"de\",\"potentialAction\":[{\"@type\":\"ReadAction\",\"target\":[\"https:\/\/der-schulbedarf.shop\/produkt-des-monats\/produkt\/neue-experimente-fuer-neugierige-kinder\/\"]}]},{\"@type\":\"ImageObject\",\"inLanguage\":\"de\",\"@id\":\"https:\/\/der-schulbedarf.shop\/produkt-des-monats\/produkt\/neue-experimente-fuer-neugierige-kinder\/#primaryimage\",\"url\":\"https:\/\/der-schulbedarf.shop\/wp-content\/uploads\/2024\/04\/48030.jpg\",\"contentUrl\":\"https:\/\/der-schulbedarf.shop\/wp-content\/uploads\/2024\/04\/48030.jpg\",\"width\":819,\"height\":1024},{\"@type\":\"BreadcrumbList\",\"@id\":\"https:\/\/der-schulbedarf.shop\/produkt-des-monats\/produkt\/neue-experimente-fuer-neugierige-kinder\/#breadcrumb\",\"itemListElement\":[{\"@type\":\"ListItem\",\"position\":1,\"name\":\"Shop\",\"item\":\"https:\/\/der-schulbedarf.shop\/produkt-des-monats\/shop\/\"},{\"@type\":\"ListItem\",\"position\":2,\"name\":\"Neue Experimente f\u00fcr neugierige Kinder\"}]},{\"@type\":\"WebSite\",\"@id\":\"https:\/\/der-schulbedarf.shop\/produkt-des-monats\/#website\",\"url\":\"https:\/\/der-schulbedarf.shop\/produkt-des-monats\/\",\"name\":\"der-Schulbedarf.shop\",\"description\":\"\",\"publisher\":{\"@id\":\"https:\/\/der-schulbedarf.shop\/produkt-des-monats\/#organization\"},\"potentialAction\":[{\"@type\":\"SearchAction\",\"target\":{\"@type\":\"EntryPoint\",\"urlTemplate\":\"https:\/\/der-schulbedarf.shop\/produkt-des-monats\/?s={search_term_string}\"},\"query-input\":{\"@type\":\"PropertyValueSpecification\",\"valueRequired\":true,\"valueName\":\"search_term_string\"}}],\"inLanguage\":\"de\"},{\"@type\":\"Organization\",\"@id\":\"https:\/\/der-schulbedarf.shop\/produkt-des-monats\/#organization\",\"name\":\"der-Schulbedarf.shop\",\"url\":\"https:\/\/der-schulbedarf.shop\/produkt-des-monats\/\",\"logo\":{\"@type\":\"ImageObject\",\"inLanguage\":\"de\",\"@id\":\"https:\/\/der-schulbedarf.shop\/produkt-des-monats\/#\/schema\/logo\/image\/\",\"url\":\"https:\/\/der-schulbedarf.shop\/wp-content\/uploads\/2024\/02\/grafik-e1709551115899.png\",\"contentUrl\":\"https:\/\/der-schulbedarf.shop\/wp-content\/uploads\/2024\/02\/grafik-e1709551115899.png\",\"width\":80,\"height\":80,\"caption\":\"der-Schulbedarf.shop\"},\"image\":{\"@id\":\"https:\/\/der-schulbedarf.shop\/produkt-des-monats\/#\/schema\/logo\/image\/\"}}]}<\/script>\n<!-- \/ Yoast SEO plugin. -->","yoast_head_json":{"title":"Neue Experimente f\u00fcr neugierige Kinder - der-Schulbedarf.shop","description":"Neue Experimente f\u00fcr neugierige Kinder. Spannende Themen aus dem gro\u00dfen Feld der Naturwissenschaften. F\u00fcr Kinder ab 4 Jahren. Von P\u00e4dagogen entwickelt.","robots":{"index":"index","follow":"follow","max-snippet":"max-snippet:-1","max-image-preview":"max-image-preview:large","max-video-preview":"max-video-preview:-1"},"canonical":"https:\/\/der-schulbedarf.shop\/produkt-des-monats\/produkt\/neue-experimente-fuer-neugierige-kinder\/","og_locale":"de_DE","og_type":"article","og_title":"Neue Experimente f\u00fcr neugierige Kinder - der-Schulbedarf.shop","og_description":"Neue Experimente f\u00fcr neugierige Kinder. Spannende Themen aus dem gro\u00dfen Feld der Naturwissenschaften. F\u00fcr Kinder ab 4 Jahren. Von P\u00e4dagogen entwickelt.","og_url":"https:\/\/der-schulbedarf.shop\/produkt-des-monats\/produkt\/neue-experimente-fuer-neugierige-kinder\/","og_site_name":"der-Schulbedarf.shop","article_modified_time":"2024-11-27T11:27:12+00:00","og_image":[{"width":819,"height":1024,"url":"https:\/\/der-schulbedarf.shop\/wp-content\/uploads\/2024\/04\/48030.jpg","type":"image\/jpeg"}],"twitter_card":"summary_large_image","twitter_misc":{"Gesch\u00e4tzte Lesezeit":"2\u00a0Minuten"},"schema":{"@context":"https:\/\/schema.org","@graph":[{"@type":"WebPage","@id":"https:\/\/der-schulbedarf.shop\/produkt-des-monats\/produkt\/neue-experimente-fuer-neugierige-kinder\/","url":"https:\/\/der-schulbedarf.shop\/produkt-des-monats\/produkt\/neue-experimente-fuer-neugierige-kinder\/","name":"Neue Experimente f\u00fcr neugierige Kinder - der-Schulbedarf.shop","isPartOf":{"@id":"https:\/\/der-schulbedarf.shop\/produkt-des-monats\/#website"},"primaryImageOfPage":{"@id":"https:\/\/der-schulbedarf.shop\/produkt-des-monats\/produkt\/neue-experimente-fuer-neugierige-kinder\/#primaryimage"},"image":{"@id":"https:\/\/der-schulbedarf.shop\/produkt-des-monats\/produkt\/neue-experimente-fuer-neugierige-kinder\/#primaryimage"},"thumbnailUrl":"https:\/\/der-schulbedarf.shop\/wp-content\/uploads\/2024\/04\/48030.jpg","datePublished":"2024-04-16T09:42:15+00:00","dateModified":"2024-11-27T11:27:12+00:00","description":"Neue Experimente f\u00fcr neugierige Kinder. Spannende Themen aus dem gro\u00dfen Feld der Naturwissenschaften. F\u00fcr Kinder ab 4 Jahren. Von P\u00e4dagogen entwickelt.","breadcrumb":{"@id":"https:\/\/der-schulbedarf.shop\/produkt-des-monats\/produkt\/neue-experimente-fuer-neugierige-kinder\/#breadcrumb"},"inLanguage":"de","potentialAction":[{"@type":"ReadAction","target":["https:\/\/der-schulbedarf.shop\/produkt-des-monats\/produkt\/neue-experimente-fuer-neugierige-kinder\/"]}]},{"@type":"ImageObject","inLanguage":"de","@id":"https:\/\/der-schulbedarf.shop\/produkt-des-monats\/produkt\/neue-experimente-fuer-neugierige-kinder\/#primaryimage","url":"https:\/\/der-schulbedarf.shop\/wp-content\/uploads\/2024\/04\/48030.jpg","contentUrl":"https:\/\/der-schulbedarf.shop\/wp-content\/uploads\/2024\/04\/48030.jpg","width":819,"height":1024},{"@type":"BreadcrumbList","@id":"https:\/\/der-schulbedarf.shop\/produkt-des-monats\/produkt\/neue-experimente-fuer-neugierige-kinder\/#breadcrumb","itemListElement":[{"@type":"ListItem","position":1,"name":"Shop","item":"https:\/\/der-schulbedarf.shop\/produkt-des-monats\/shop\/"},{"@type":"ListItem","position":2,"name":"Neue Experimente f\u00fcr neugierige Kinder"}]},{"@type":"WebSite","@id":"https:\/\/der-schulbedarf.shop\/produkt-des-monats\/#website","url":"https:\/\/der-schulbedarf.shop\/produkt-des-monats\/","name":"der-Schulbedarf.shop","description":"","publisher":{"@id":"https:\/\/der-schulbedarf.shop\/produkt-des-monats\/#organization"},"potentialAction":[{"@type":"SearchAction","target":{"@type":"EntryPoint","urlTemplate":"https:\/\/der-schulbedarf.shop\/produkt-des-monats\/?s={search_term_string}"},"query-input":{"@type":"PropertyValueSpecification","valueRequired":true,"valueName":"search_term_string"}}],"inLanguage":"de"},{"@type":"Organization","@id":"https:\/\/der-schulbedarf.shop\/produkt-des-monats\/#organization","name":"der-Schulbedarf.shop","url":"https:\/\/der-schulbedarf.shop\/produkt-des-monats\/","logo":{"@type":"ImageObject","inLanguage":"de","@id":"https:\/\/der-schulbedarf.shop\/produkt-des-monats\/#\/schema\/logo\/image\/","url":"https:\/\/der-schulbedarf.shop\/wp-content\/uploads\/2024\/02\/grafik-e1709551115899.png","contentUrl":"https:\/\/der-schulbedarf.shop\/wp-content\/uploads\/2024\/02\/grafik-e1709551115899.png","width":80,"height":80,"caption":"der-Schulbedarf.shop"},"image":{"@id":"https:\/\/der-schulbedarf.shop\/produkt-des-monats\/#\/schema\/logo\/image\/"}}]}},"_links":{"self":[{"href":"https:\/\/der-schulbedarf.shop\/produkt-des-monats\/wp-json\/wp\/v2\/product\/3396","targetHints":{"allow":["GET"]}}],"collection":[{"href":"https:\/\/der-schulbedarf.shop\/produkt-des-monats\/wp-json\/wp\/v2\/product"}],"about":[{"href":"https:\/\/der-schulbedarf.shop\/produkt-des-monats\/wp-json\/wp\/v2\/types\/product"}],"replies":[{"embeddable":true,"href":"https:\/\/der-schulbedarf.shop\/produkt-des-monats\/wp-json\/wp\/v2\/comments?post=3396"}],"wp:featuredmedia":[{"embeddable":true,"href":"https:\/\/der-schulbedarf.shop\/produkt-des-monats\/wp-json\/wp\/v2\/media\/3409"}],"wp:attachment":[{"href":"https:\/\/der-schulbedarf.shop\/produkt-des-monats\/wp-json\/wp\/v2\/media?parent=3396"}],"wp:term":[{"taxonomy":"product_cat","embeddable":true,"href":"https:\/\/der-schulbedarf.shop\/produkt-des-monats\/wp-json\/wp\/v2\/product_cat?post=3396"},{"taxonomy":"product_tag","embeddable":true,"href":"https:\/\/der-schulbedarf.shop\/produkt-des-monats\/wp-json\/wp\/v2\/product_tag?post=3396"}],"curies":[{"name":"wp","href":"https:\/\/api.w.org\/{rel}","templated":true}]}}