{"id":3397,"date":"2024-04-16T09:47:20","date_gmt":"2024-04-16T09:47:20","guid":{"rendered":"https:\/\/der-schulbedarf.Shop\/?post_type=product&#038;p=3397"},"modified":"2024-11-27T11:26:56","modified_gmt":"2024-11-27T11:26:56","slug":"ministeps-lesen-kuscheln-augen-zu","status":"publish","type":"product","link":"https:\/\/der-schulbedarf.shop\/produkt-des-monats\/produkt\/ministeps-lesen-kuscheln-augen-zu\/","title":{"rendered":"ministeps: Lesen, kuscheln, Augen zu"},"content":{"rendered":"<p class=\"brief-description\">ministeps: Lesen, kuscheln, Augen zu Einschlafen leicht gemacht!<\/p>\n<p>Geschichte, Schlummerlicht oder Gutenachtkuss \u2013 Kinder lieben Rituale. Lustige Schieber und kurze Texte begleiten die Kleinen beim Einschlafen. So bereitet dieses Spielbuch altersgerecht aufs Schlafengehen vor.<\/p>\n<p>Jedes Kind hat ein anderes Einschlafritual: Mika liebt es, wenn Mama vor dem Schlafengehen noch eine Geschichte vorliest, Anna braucht ihr Schlummerlicht, und nach einem Gutenachtkuss schlafen auch Maya und Carlo ein.<br \/>\nLustige Schiebeeffekte ver\u00e4ndern auf jeder Seite die Bilder und begleiten verschiedene Kinder beim Einschlafen. So bereiten diese Gutenachtgeschichten die kleinen Leser ideal auf das Zu-Bett-Gehen vor. Deshalb ministeps: Lesen, kuscheln, Augen zu<\/p>\n<p>ministeps Produkte begleiten Kleinkinder Schritt f\u00fcr Schritt bei ihrer geistigen und k\u00f6rperlichen Entwicklung. Sie sind in Form und Konzept genau auf den jeweiligen Entwicklungsschritt der Kleinen abgestimmt und wurden mit P\u00e4dagogen entwickelt. So f\u00f6rdern sie Kinder altersgerecht und mit viel Spa\u00df!<br \/>\nAlle ministeps Spielzeuge und B\u00fccher bestehen aus unbedenklichen Materialien.<\/p>\n","protected":false},"excerpt":{"rendered":"<p>ministeps: Lesen, kuscheln, Augen zu Einschlafen leicht gemacht! Geschichte, Schlummerlicht oder Gutenachtkuss \u2013 Kinder lieben Rituale. Lustige Schieber und kurze Texte begleiten die Kleinen beim Einschlafen. So bereitet dieses Spielbuch altersgerecht aufs Schlafengehen vor. Jedes Kind hat ein anderes Einschlafritual: Mika liebt es, wenn Mama vor dem Schlafengehen noch eine Geschichte vorliest, Anna braucht ihr [&hellip;]<\/p>\n","protected":false},"featured_media":3400,"comment_status":"open","ping_status":"closed","template":"","meta":[],"product_cat":[224,915,944,225],"product_tag":[111,924,992,113,539,881,1015,990,991,198,181,959,997,998,995,999,1016,1000,875,189,193,993],"class_list":{"0":"post-3397","1":"product","2":"type-product","3":"status-publish","4":"has-post-thumbnail","6":"product_cat-kinderbuecher","7":"product_cat-produkt-feeds","8":"product_cat-produktzufuehrung-geizhal","9":"product_cat-ravensburger-kinderbuecher","10":"product_tag-beschaeftigung","11":"product_tag-entdecken","12":"product_tag-fuehlbuch","13":"product_tag-geschenk","14":"product_tag-jungen","15":"product_tag-kinder","16":"product_tag-kinder-ab-18-monaten","17":"product_tag-kinder-ab-2-jahren","18":"product_tag-kinder-ab-3-jahren","19":"product_tag-kinderbuch","20":"product_tag-kinderbuecher","21":"product_tag-kindergarten","22":"product_tag-kindertagesstaette","23":"product_tag-kita","24":"product_tag-klappe","25":"product_tag-kleinkind","26":"product_tag-kleinkinder-ab-18-monate","27":"product_tag-kleinkinder-ab-2-jahren","28":"product_tag-kleinkinder-ab-3-jahren","29":"product_tag-maedchen","30":"product_tag-ravensburger","31":"product_tag-spielbuch","32":"post","33":"post-with-thumbnail","34":"post-with-thumbnail-large","36":"first","37":"instock","38":"taxable","39":"shipping-taxable","40":"purchasable","41":"product-type-simple"},"yoast_head":"<!-- This site is optimized with the Yoast SEO plugin v26.6 - https:\/\/yoast.com\/wordpress\/plugins\/seo\/ -->\n<title>ministeps: Lesen, kuscheln, Augen zu - der-Schulbedarf.shop<\/title>\n<meta name=\"description\" content=\"ministeps: Lesen, kuscheln, Augen zu. Kleinkinder ab 2 Jahren, Geschichten zum Schlafengehen, F\u00f6rdert Geistige und K\u00f6rperliche Entwicklung.\" \/>\n<meta name=\"robots\" content=\"index, follow, max-snippet:-1, max-image-preview:large, max-video-preview:-1\" \/>\n<link rel=\"canonical\" href=\"https:\/\/der-schulbedarf.shop\/produkt-des-monats\/produkt\/ministeps-lesen-kuscheln-augen-zu\/\" \/>\n<meta property=\"og:locale\" content=\"de_DE\" \/>\n<meta property=\"og:type\" content=\"article\" \/>\n<meta property=\"og:title\" content=\"ministeps: Lesen, kuscheln, Augen zu - der-Schulbedarf.shop\" \/>\n<meta property=\"og:description\" content=\"ministeps: Lesen, kuscheln, Augen zu. Kleinkinder ab 2 Jahren, Geschichten zum Schlafengehen, F\u00f6rdert Geistige und K\u00f6rperliche Entwicklung.\" \/>\n<meta property=\"og:url\" content=\"https:\/\/der-schulbedarf.shop\/produkt-des-monats\/produkt\/ministeps-lesen-kuscheln-augen-zu\/\" \/>\n<meta property=\"og:site_name\" content=\"der-Schulbedarf.shop\" \/>\n<meta property=\"article:modified_time\" content=\"2024-11-27T11:26:56+00:00\" \/>\n<meta property=\"og:image\" content=\"https:\/\/der-schulbedarf.shop\/wp-content\/uploads\/2024\/04\/30285.jpg\" \/>\n\t<meta property=\"og:image:width\" content=\"1024\" \/>\n\t<meta property=\"og:image:height\" content=\"1024\" \/>\n\t<meta property=\"og:image:type\" content=\"image\/jpeg\" \/>\n<meta name=\"twitter:card\" content=\"summary_large_image\" \/>\n<meta name=\"twitter:label1\" content=\"Gesch\u00e4tzte Lesezeit\" \/>\n\t<meta name=\"twitter:data1\" content=\"2\u00a0Minuten\" \/>\n<script type=\"application\/ld+json\" class=\"yoast-schema-graph\">{\"@context\":\"https:\/\/schema.org\",\"@graph\":[{\"@type\":\"WebPage\",\"@id\":\"https:\/\/der-schulbedarf.shop\/produkt-des-monats\/produkt\/ministeps-lesen-kuscheln-augen-zu\/\",\"url\":\"https:\/\/der-schulbedarf.shop\/produkt-des-monats\/produkt\/ministeps-lesen-kuscheln-augen-zu\/\",\"name\":\"ministeps: Lesen, kuscheln, Augen zu - der-Schulbedarf.shop\",\"isPartOf\":{\"@id\":\"https:\/\/der-schulbedarf.shop\/produkt-des-monats\/#website\"},\"primaryImageOfPage\":{\"@id\":\"https:\/\/der-schulbedarf.shop\/produkt-des-monats\/produkt\/ministeps-lesen-kuscheln-augen-zu\/#primaryimage\"},\"image\":{\"@id\":\"https:\/\/der-schulbedarf.shop\/produkt-des-monats\/produkt\/ministeps-lesen-kuscheln-augen-zu\/#primaryimage\"},\"thumbnailUrl\":\"https:\/\/der-schulbedarf.shop\/wp-content\/uploads\/2024\/04\/30285.jpg\",\"datePublished\":\"2024-04-16T09:47:20+00:00\",\"dateModified\":\"2024-11-27T11:26:56+00:00\",\"description\":\"ministeps: Lesen, kuscheln, Augen zu. Kleinkinder ab 2 Jahren, Geschichten zum Schlafengehen, F\u00f6rdert Geistige und K\u00f6rperliche Entwicklung.\",\"breadcrumb\":{\"@id\":\"https:\/\/der-schulbedarf.shop\/produkt-des-monats\/produkt\/ministeps-lesen-kuscheln-augen-zu\/#breadcrumb\"},\"inLanguage\":\"de\",\"potentialAction\":[{\"@type\":\"ReadAction\",\"target\":[\"https:\/\/der-schulbedarf.shop\/produkt-des-monats\/produkt\/ministeps-lesen-kuscheln-augen-zu\/\"]}]},{\"@type\":\"ImageObject\",\"inLanguage\":\"de\",\"@id\":\"https:\/\/der-schulbedarf.shop\/produkt-des-monats\/produkt\/ministeps-lesen-kuscheln-augen-zu\/#primaryimage\",\"url\":\"https:\/\/der-schulbedarf.shop\/wp-content\/uploads\/2024\/04\/30285.jpg\",\"contentUrl\":\"https:\/\/der-schulbedarf.shop\/wp-content\/uploads\/2024\/04\/30285.jpg\",\"width\":1024,\"height\":1024},{\"@type\":\"BreadcrumbList\",\"@id\":\"https:\/\/der-schulbedarf.shop\/produkt-des-monats\/produkt\/ministeps-lesen-kuscheln-augen-zu\/#breadcrumb\",\"itemListElement\":[{\"@type\":\"ListItem\",\"position\":1,\"name\":\"Shop\",\"item\":\"https:\/\/der-schulbedarf.shop\/produkt-des-monats\/shop\/\"},{\"@type\":\"ListItem\",\"position\":2,\"name\":\"ministeps: Lesen, kuscheln, Augen zu\"}]},{\"@type\":\"WebSite\",\"@id\":\"https:\/\/der-schulbedarf.shop\/produkt-des-monats\/#website\",\"url\":\"https:\/\/der-schulbedarf.shop\/produkt-des-monats\/\",\"name\":\"der-Schulbedarf.shop\",\"description\":\"\",\"publisher\":{\"@id\":\"https:\/\/der-schulbedarf.shop\/produkt-des-monats\/#organization\"},\"potentialAction\":[{\"@type\":\"SearchAction\",\"target\":{\"@type\":\"EntryPoint\",\"urlTemplate\":\"https:\/\/der-schulbedarf.shop\/produkt-des-monats\/?s={search_term_string}\"},\"query-input\":{\"@type\":\"PropertyValueSpecification\",\"valueRequired\":true,\"valueName\":\"search_term_string\"}}],\"inLanguage\":\"de\"},{\"@type\":\"Organization\",\"@id\":\"https:\/\/der-schulbedarf.shop\/produkt-des-monats\/#organization\",\"name\":\"der-Schulbedarf.shop\",\"url\":\"https:\/\/der-schulbedarf.shop\/produkt-des-monats\/\",\"logo\":{\"@type\":\"ImageObject\",\"inLanguage\":\"de\",\"@id\":\"https:\/\/der-schulbedarf.shop\/produkt-des-monats\/#\/schema\/logo\/image\/\",\"url\":\"https:\/\/der-schulbedarf.shop\/wp-content\/uploads\/2024\/02\/grafik-e1709551115899.png\",\"contentUrl\":\"https:\/\/der-schulbedarf.shop\/wp-content\/uploads\/2024\/02\/grafik-e1709551115899.png\",\"width\":80,\"height\":80,\"caption\":\"der-Schulbedarf.shop\"},\"image\":{\"@id\":\"https:\/\/der-schulbedarf.shop\/produkt-des-monats\/#\/schema\/logo\/image\/\"}}]}<\/script>\n<!-- \/ Yoast SEO plugin. -->","yoast_head_json":{"title":"ministeps: Lesen, kuscheln, Augen zu - der-Schulbedarf.shop","description":"ministeps: Lesen, kuscheln, Augen zu. Kleinkinder ab 2 Jahren, Geschichten zum Schlafengehen, F\u00f6rdert Geistige und K\u00f6rperliche Entwicklung.","robots":{"index":"index","follow":"follow","max-snippet":"max-snippet:-1","max-image-preview":"max-image-preview:large","max-video-preview":"max-video-preview:-1"},"canonical":"https:\/\/der-schulbedarf.shop\/produkt-des-monats\/produkt\/ministeps-lesen-kuscheln-augen-zu\/","og_locale":"de_DE","og_type":"article","og_title":"ministeps: Lesen, kuscheln, Augen zu - der-Schulbedarf.shop","og_description":"ministeps: Lesen, kuscheln, Augen zu. Kleinkinder ab 2 Jahren, Geschichten zum Schlafengehen, F\u00f6rdert Geistige und K\u00f6rperliche Entwicklung.","og_url":"https:\/\/der-schulbedarf.shop\/produkt-des-monats\/produkt\/ministeps-lesen-kuscheln-augen-zu\/","og_site_name":"der-Schulbedarf.shop","article_modified_time":"2024-11-27T11:26:56+00:00","og_image":[{"width":1024,"height":1024,"url":"https:\/\/der-schulbedarf.shop\/wp-content\/uploads\/2024\/04\/30285.jpg","type":"image\/jpeg"}],"twitter_card":"summary_large_image","twitter_misc":{"Gesch\u00e4tzte Lesezeit":"2\u00a0Minuten"},"schema":{"@context":"https:\/\/schema.org","@graph":[{"@type":"WebPage","@id":"https:\/\/der-schulbedarf.shop\/produkt-des-monats\/produkt\/ministeps-lesen-kuscheln-augen-zu\/","url":"https:\/\/der-schulbedarf.shop\/produkt-des-monats\/produkt\/ministeps-lesen-kuscheln-augen-zu\/","name":"ministeps: Lesen, kuscheln, Augen zu - der-Schulbedarf.shop","isPartOf":{"@id":"https:\/\/der-schulbedarf.shop\/produkt-des-monats\/#website"},"primaryImageOfPage":{"@id":"https:\/\/der-schulbedarf.shop\/produkt-des-monats\/produkt\/ministeps-lesen-kuscheln-augen-zu\/#primaryimage"},"image":{"@id":"https:\/\/der-schulbedarf.shop\/produkt-des-monats\/produkt\/ministeps-lesen-kuscheln-augen-zu\/#primaryimage"},"thumbnailUrl":"https:\/\/der-schulbedarf.shop\/wp-content\/uploads\/2024\/04\/30285.jpg","datePublished":"2024-04-16T09:47:20+00:00","dateModified":"2024-11-27T11:26:56+00:00","description":"ministeps: Lesen, kuscheln, Augen zu. Kleinkinder ab 2 Jahren, Geschichten zum Schlafengehen, F\u00f6rdert Geistige und K\u00f6rperliche Entwicklung.","breadcrumb":{"@id":"https:\/\/der-schulbedarf.shop\/produkt-des-monats\/produkt\/ministeps-lesen-kuscheln-augen-zu\/#breadcrumb"},"inLanguage":"de","potentialAction":[{"@type":"ReadAction","target":["https:\/\/der-schulbedarf.shop\/produkt-des-monats\/produkt\/ministeps-lesen-kuscheln-augen-zu\/"]}]},{"@type":"ImageObject","inLanguage":"de","@id":"https:\/\/der-schulbedarf.shop\/produkt-des-monats\/produkt\/ministeps-lesen-kuscheln-augen-zu\/#primaryimage","url":"https:\/\/der-schulbedarf.shop\/wp-content\/uploads\/2024\/04\/30285.jpg","contentUrl":"https:\/\/der-schulbedarf.shop\/wp-content\/uploads\/2024\/04\/30285.jpg","width":1024,"height":1024},{"@type":"BreadcrumbList","@id":"https:\/\/der-schulbedarf.shop\/produkt-des-monats\/produkt\/ministeps-lesen-kuscheln-augen-zu\/#breadcrumb","itemListElement":[{"@type":"ListItem","position":1,"name":"Shop","item":"https:\/\/der-schulbedarf.shop\/produkt-des-monats\/shop\/"},{"@type":"ListItem","position":2,"name":"ministeps: Lesen, kuscheln, Augen zu"}]},{"@type":"WebSite","@id":"https:\/\/der-schulbedarf.shop\/produkt-des-monats\/#website","url":"https:\/\/der-schulbedarf.shop\/produkt-des-monats\/","name":"der-Schulbedarf.shop","description":"","publisher":{"@id":"https:\/\/der-schulbedarf.shop\/produkt-des-monats\/#organization"},"potentialAction":[{"@type":"SearchAction","target":{"@type":"EntryPoint","urlTemplate":"https:\/\/der-schulbedarf.shop\/produkt-des-monats\/?s={search_term_string}"},"query-input":{"@type":"PropertyValueSpecification","valueRequired":true,"valueName":"search_term_string"}}],"inLanguage":"de"},{"@type":"Organization","@id":"https:\/\/der-schulbedarf.shop\/produkt-des-monats\/#organization","name":"der-Schulbedarf.shop","url":"https:\/\/der-schulbedarf.shop\/produkt-des-monats\/","logo":{"@type":"ImageObject","inLanguage":"de","@id":"https:\/\/der-schulbedarf.shop\/produkt-des-monats\/#\/schema\/logo\/image\/","url":"https:\/\/der-schulbedarf.shop\/wp-content\/uploads\/2024\/02\/grafik-e1709551115899.png","contentUrl":"https:\/\/der-schulbedarf.shop\/wp-content\/uploads\/2024\/02\/grafik-e1709551115899.png","width":80,"height":80,"caption":"der-Schulbedarf.shop"},"image":{"@id":"https:\/\/der-schulbedarf.shop\/produkt-des-monats\/#\/schema\/logo\/image\/"}}]}},"_links":{"self":[{"href":"https:\/\/der-schulbedarf.shop\/produkt-des-monats\/wp-json\/wp\/v2\/product\/3397","targetHints":{"allow":["GET"]}}],"collection":[{"href":"https:\/\/der-schulbedarf.shop\/produkt-des-monats\/wp-json\/wp\/v2\/product"}],"about":[{"href":"https:\/\/der-schulbedarf.shop\/produkt-des-monats\/wp-json\/wp\/v2\/types\/product"}],"replies":[{"embeddable":true,"href":"https:\/\/der-schulbedarf.shop\/produkt-des-monats\/wp-json\/wp\/v2\/comments?post=3397"}],"wp:featuredmedia":[{"embeddable":true,"href":"https:\/\/der-schulbedarf.shop\/produkt-des-monats\/wp-json\/wp\/v2\/media\/3400"}],"wp:attachment":[{"href":"https:\/\/der-schulbedarf.shop\/produkt-des-monats\/wp-json\/wp\/v2\/media?parent=3397"}],"wp:term":[{"taxonomy":"product_cat","embeddable":true,"href":"https:\/\/der-schulbedarf.shop\/produkt-des-monats\/wp-json\/wp\/v2\/product_cat?post=3397"},{"taxonomy":"product_tag","embeddable":true,"href":"https:\/\/der-schulbedarf.shop\/produkt-des-monats\/wp-json\/wp\/v2\/product_tag?post=3397"}],"curies":[{"name":"wp","href":"https:\/\/api.w.org\/{rel}","templated":true}]}}