{"id":3398,"date":"2024-04-16T10:07:41","date_gmt":"2024-04-16T10:07:41","guid":{"rendered":"https:\/\/der-schulbedarf.Shop\/?post_type=product&#038;p=3398"},"modified":"2025-08-08T10:00:22","modified_gmt":"2025-08-08T10:00:22","slug":"ministeps-wie-klingt-deine-welt","status":"publish","type":"product","link":"https:\/\/der-schulbedarf.shop\/produkt-des-monats\/produkt\/ministeps-wie-klingt-deine-welt\/","title":{"rendered":"ministeps: Wie klingt deine Welt?"},"content":{"rendered":"<p class=\"brief-description\">ministeps: Wie klingt deine Welt? Ger\u00e4usche-Raten f\u00fcr Kleine.<\/p>\n<p>Dieses Mitmachbuch l\u00e4dt zum gemeinsamen Ger\u00e4usche machen ein. Wie kr\u00e4ht der Hahn? Wie klingt das Auto? Wie ruft die Kuh? Ein lustiges Soundbuch f\u00fcr Kleine \u2013 ganz ohne Elektronik!<\/p>\n<p>Wei\u00dft du, wie die Dinge klingen?<\/p>\n<p>Wie macht das Schaf ? Wie klingt das Auto? Wie kr\u00e4ht der Hahn? Lustige Bilder laden beim gemeinsamen Betrachten dazu ein, lustige Ger\u00e4usche zu machen. Ganz ohne Elektronik!<\/p>\n<p>Kikeriki! Wau, wau! Hup, huup! Klingeling! Welches ist dein Lieblingsger\u00e4usch? Und wie klingt eigentlich ein Gutenachtkuss?<br \/>\nDas gemeinsame Rufen, Quaken, Klingeln und T\u00f6nen macht jede Menge Spa\u00df. Ganz nebenbei f\u00f6rdert es die Sprachentwicklung der Kleinen und erweitert spielerisch den Wortschatz.<\/p>\n<p>ministeps Produkte begleiten Kleinkinder Schritt f\u00fcr Schritt bei ihrer geistigen und k\u00f6rperlichen Entwicklung. Sie sind in Form und Konzept genau auf den jeweiligen Entwicklungsschritt der Kleinen abgestimmt und wurden mit P\u00e4dagogen entwickelt. So f\u00f6rdern sie Kinder altersgerecht und mit viel Spa\u00df!<br \/>\nAlle ministeps Spielzeuge und B\u00fccher bestehen aus unbedenklichen Materialien. Deshalb ministeps: Wie klingt deine Welt?<\/p>\n","protected":false},"excerpt":{"rendered":"<p>ministeps: Wie klingt deine Welt? Mitmachbuch, Kleinkinder ab 2 Jahren, Sprachentwicklung, erweitert spielerisch den Wortschatz, von P\u00e4dagogen entwickelt.<\/p>\n","protected":false},"featured_media":3404,"comment_status":"open","ping_status":"closed","template":"","meta":[],"product_cat":[224,915,944,225,1028],"product_tag":[111,1019,1020,924,113,539,881,990,991,1017,198,181,959,997,998,999,1000,875,1018,189,193,993],"class_list":{"0":"post-3398","1":"product","2":"type-product","3":"status-publish","4":"has-post-thumbnail","6":"product_cat-kinderbuecher","7":"product_cat-produkt-feeds","8":"product_cat-produktzufuehrung-geizhal","9":"product_cat-ravensburger-kinderbuecher","10":"product_cat-vorschulalter","11":"product_tag-beschaeftigung","12":"product_tag-bilder","13":"product_tag-bilderbuch","14":"product_tag-entdecken","15":"product_tag-geschenk","16":"product_tag-jungen","17":"product_tag-kinder","18":"product_tag-kinder-ab-2-jahren","19":"product_tag-kinder-ab-3-jahren","20":"product_tag-kinder-ab-6-monate","21":"product_tag-kinderbuch","22":"product_tag-kinderbuecher","23":"product_tag-kindergarten","24":"product_tag-kindertagesstaette","25":"product_tag-kita","26":"product_tag-kleinkind","27":"product_tag-kleinkinder-ab-2-jahren","28":"product_tag-kleinkinder-ab-3-jahren","29":"product_tag-kleinkinder-ab-6-monate","30":"product_tag-maedchen","31":"product_tag-ravensburger","32":"product_tag-spielbuch","33":"post","34":"post-with-thumbnail","35":"post-with-thumbnail-large","37":"first","38":"outofstock","39":"taxable","40":"shipping-taxable","41":"purchasable","42":"product-type-simple"},"yoast_head":"<!-- This site is optimized with the Yoast SEO plugin v26.6 - https:\/\/yoast.com\/wordpress\/plugins\/seo\/ -->\n<title>ministeps: Wie klingt deine Welt? - der-Schulbedarf.shop<\/title>\n<meta name=\"description\" content=\"ministeps: Wie klingt deine Welt? Mitmachbuch, Kleinkinder ab 2 Jahren, Sprachentwicklung, erweitert spielerisch den Wortschatz, von P\u00e4dagogen entwickelt.\" \/>\n<meta name=\"robots\" content=\"index, follow, max-snippet:-1, max-image-preview:large, max-video-preview:-1\" \/>\n<link rel=\"canonical\" href=\"https:\/\/der-schulbedarf.shop\/produkt-des-monats\/produkt\/ministeps-wie-klingt-deine-welt\/\" \/>\n<meta property=\"og:locale\" content=\"de_DE\" \/>\n<meta property=\"og:type\" content=\"article\" \/>\n<meta property=\"og:title\" content=\"ministeps: Wie klingt deine Welt? - der-Schulbedarf.shop\" \/>\n<meta property=\"og:description\" content=\"ministeps: Wie klingt deine Welt? Mitmachbuch, Kleinkinder ab 2 Jahren, Sprachentwicklung, erweitert spielerisch den Wortschatz, von P\u00e4dagogen entwickelt.\" \/>\n<meta property=\"og:url\" content=\"https:\/\/der-schulbedarf.shop\/produkt-des-monats\/produkt\/ministeps-wie-klingt-deine-welt\/\" \/>\n<meta property=\"og:site_name\" content=\"der-Schulbedarf.shop\" \/>\n<meta property=\"article:modified_time\" content=\"2025-08-08T10:00:22+00:00\" \/>\n<meta property=\"og:image\" content=\"https:\/\/der-schulbedarf.shop\/wp-content\/uploads\/2024\/04\/30262.jpg\" \/>\n\t<meta property=\"og:image:width\" content=\"1024\" \/>\n\t<meta property=\"og:image:height\" content=\"1013\" \/>\n\t<meta property=\"og:image:type\" content=\"image\/jpeg\" \/>\n<meta name=\"twitter:card\" content=\"summary_large_image\" \/>\n<meta name=\"twitter:label1\" content=\"Gesch\u00e4tzte Lesezeit\" \/>\n\t<meta name=\"twitter:data1\" content=\"2\u00a0Minuten\" \/>\n<script type=\"application\/ld+json\" class=\"yoast-schema-graph\">{\"@context\":\"https:\/\/schema.org\",\"@graph\":[{\"@type\":\"WebPage\",\"@id\":\"https:\/\/der-schulbedarf.shop\/produkt-des-monats\/produkt\/ministeps-wie-klingt-deine-welt\/\",\"url\":\"https:\/\/der-schulbedarf.shop\/produkt-des-monats\/produkt\/ministeps-wie-klingt-deine-welt\/\",\"name\":\"ministeps: Wie klingt deine Welt? - der-Schulbedarf.shop\",\"isPartOf\":{\"@id\":\"https:\/\/der-schulbedarf.shop\/produkt-des-monats\/#website\"},\"primaryImageOfPage\":{\"@id\":\"https:\/\/der-schulbedarf.shop\/produkt-des-monats\/produkt\/ministeps-wie-klingt-deine-welt\/#primaryimage\"},\"image\":{\"@id\":\"https:\/\/der-schulbedarf.shop\/produkt-des-monats\/produkt\/ministeps-wie-klingt-deine-welt\/#primaryimage\"},\"thumbnailUrl\":\"https:\/\/der-schulbedarf.shop\/wp-content\/uploads\/2024\/04\/30262.jpg\",\"datePublished\":\"2024-04-16T10:07:41+00:00\",\"dateModified\":\"2025-08-08T10:00:22+00:00\",\"description\":\"ministeps: Wie klingt deine Welt? Mitmachbuch, Kleinkinder ab 2 Jahren, Sprachentwicklung, erweitert spielerisch den Wortschatz, von P\u00e4dagogen entwickelt.\",\"breadcrumb\":{\"@id\":\"https:\/\/der-schulbedarf.shop\/produkt-des-monats\/produkt\/ministeps-wie-klingt-deine-welt\/#breadcrumb\"},\"inLanguage\":\"de\",\"potentialAction\":[{\"@type\":\"ReadAction\",\"target\":[\"https:\/\/der-schulbedarf.shop\/produkt-des-monats\/produkt\/ministeps-wie-klingt-deine-welt\/\"]}]},{\"@type\":\"ImageObject\",\"inLanguage\":\"de\",\"@id\":\"https:\/\/der-schulbedarf.shop\/produkt-des-monats\/produkt\/ministeps-wie-klingt-deine-welt\/#primaryimage\",\"url\":\"https:\/\/der-schulbedarf.shop\/wp-content\/uploads\/2024\/04\/30262.jpg\",\"contentUrl\":\"https:\/\/der-schulbedarf.shop\/wp-content\/uploads\/2024\/04\/30262.jpg\",\"width\":1024,\"height\":1013},{\"@type\":\"BreadcrumbList\",\"@id\":\"https:\/\/der-schulbedarf.shop\/produkt-des-monats\/produkt\/ministeps-wie-klingt-deine-welt\/#breadcrumb\",\"itemListElement\":[{\"@type\":\"ListItem\",\"position\":1,\"name\":\"Shop\",\"item\":\"https:\/\/der-schulbedarf.shop\/produkt-des-monats\/shop\/\"},{\"@type\":\"ListItem\",\"position\":2,\"name\":\"ministeps: Wie klingt deine Welt?\"}]},{\"@type\":\"WebSite\",\"@id\":\"https:\/\/der-schulbedarf.shop\/produkt-des-monats\/#website\",\"url\":\"https:\/\/der-schulbedarf.shop\/produkt-des-monats\/\",\"name\":\"der-Schulbedarf.shop\",\"description\":\"\",\"publisher\":{\"@id\":\"https:\/\/der-schulbedarf.shop\/produkt-des-monats\/#organization\"},\"potentialAction\":[{\"@type\":\"SearchAction\",\"target\":{\"@type\":\"EntryPoint\",\"urlTemplate\":\"https:\/\/der-schulbedarf.shop\/produkt-des-monats\/?s={search_term_string}\"},\"query-input\":{\"@type\":\"PropertyValueSpecification\",\"valueRequired\":true,\"valueName\":\"search_term_string\"}}],\"inLanguage\":\"de\"},{\"@type\":\"Organization\",\"@id\":\"https:\/\/der-schulbedarf.shop\/produkt-des-monats\/#organization\",\"name\":\"der-Schulbedarf.shop\",\"url\":\"https:\/\/der-schulbedarf.shop\/produkt-des-monats\/\",\"logo\":{\"@type\":\"ImageObject\",\"inLanguage\":\"de\",\"@id\":\"https:\/\/der-schulbedarf.shop\/produkt-des-monats\/#\/schema\/logo\/image\/\",\"url\":\"https:\/\/der-schulbedarf.shop\/wp-content\/uploads\/2024\/02\/grafik-e1709551115899.png\",\"contentUrl\":\"https:\/\/der-schulbedarf.shop\/wp-content\/uploads\/2024\/02\/grafik-e1709551115899.png\",\"width\":80,\"height\":80,\"caption\":\"der-Schulbedarf.shop\"},\"image\":{\"@id\":\"https:\/\/der-schulbedarf.shop\/produkt-des-monats\/#\/schema\/logo\/image\/\"}}]}<\/script>\n<!-- \/ Yoast SEO plugin. -->","yoast_head_json":{"title":"ministeps: Wie klingt deine Welt? - der-Schulbedarf.shop","description":"ministeps: Wie klingt deine Welt? Mitmachbuch, Kleinkinder ab 2 Jahren, Sprachentwicklung, erweitert spielerisch den Wortschatz, von P\u00e4dagogen entwickelt.","robots":{"index":"index","follow":"follow","max-snippet":"max-snippet:-1","max-image-preview":"max-image-preview:large","max-video-preview":"max-video-preview:-1"},"canonical":"https:\/\/der-schulbedarf.shop\/produkt-des-monats\/produkt\/ministeps-wie-klingt-deine-welt\/","og_locale":"de_DE","og_type":"article","og_title":"ministeps: Wie klingt deine Welt? - der-Schulbedarf.shop","og_description":"ministeps: Wie klingt deine Welt? Mitmachbuch, Kleinkinder ab 2 Jahren, Sprachentwicklung, erweitert spielerisch den Wortschatz, von P\u00e4dagogen entwickelt.","og_url":"https:\/\/der-schulbedarf.shop\/produkt-des-monats\/produkt\/ministeps-wie-klingt-deine-welt\/","og_site_name":"der-Schulbedarf.shop","article_modified_time":"2025-08-08T10:00:22+00:00","og_image":[{"width":1024,"height":1013,"url":"https:\/\/der-schulbedarf.shop\/wp-content\/uploads\/2024\/04\/30262.jpg","type":"image\/jpeg"}],"twitter_card":"summary_large_image","twitter_misc":{"Gesch\u00e4tzte Lesezeit":"2\u00a0Minuten"},"schema":{"@context":"https:\/\/schema.org","@graph":[{"@type":"WebPage","@id":"https:\/\/der-schulbedarf.shop\/produkt-des-monats\/produkt\/ministeps-wie-klingt-deine-welt\/","url":"https:\/\/der-schulbedarf.shop\/produkt-des-monats\/produkt\/ministeps-wie-klingt-deine-welt\/","name":"ministeps: Wie klingt deine Welt? - der-Schulbedarf.shop","isPartOf":{"@id":"https:\/\/der-schulbedarf.shop\/produkt-des-monats\/#website"},"primaryImageOfPage":{"@id":"https:\/\/der-schulbedarf.shop\/produkt-des-monats\/produkt\/ministeps-wie-klingt-deine-welt\/#primaryimage"},"image":{"@id":"https:\/\/der-schulbedarf.shop\/produkt-des-monats\/produkt\/ministeps-wie-klingt-deine-welt\/#primaryimage"},"thumbnailUrl":"https:\/\/der-schulbedarf.shop\/wp-content\/uploads\/2024\/04\/30262.jpg","datePublished":"2024-04-16T10:07:41+00:00","dateModified":"2025-08-08T10:00:22+00:00","description":"ministeps: Wie klingt deine Welt? Mitmachbuch, Kleinkinder ab 2 Jahren, Sprachentwicklung, erweitert spielerisch den Wortschatz, von P\u00e4dagogen entwickelt.","breadcrumb":{"@id":"https:\/\/der-schulbedarf.shop\/produkt-des-monats\/produkt\/ministeps-wie-klingt-deine-welt\/#breadcrumb"},"inLanguage":"de","potentialAction":[{"@type":"ReadAction","target":["https:\/\/der-schulbedarf.shop\/produkt-des-monats\/produkt\/ministeps-wie-klingt-deine-welt\/"]}]},{"@type":"ImageObject","inLanguage":"de","@id":"https:\/\/der-schulbedarf.shop\/produkt-des-monats\/produkt\/ministeps-wie-klingt-deine-welt\/#primaryimage","url":"https:\/\/der-schulbedarf.shop\/wp-content\/uploads\/2024\/04\/30262.jpg","contentUrl":"https:\/\/der-schulbedarf.shop\/wp-content\/uploads\/2024\/04\/30262.jpg","width":1024,"height":1013},{"@type":"BreadcrumbList","@id":"https:\/\/der-schulbedarf.shop\/produkt-des-monats\/produkt\/ministeps-wie-klingt-deine-welt\/#breadcrumb","itemListElement":[{"@type":"ListItem","position":1,"name":"Shop","item":"https:\/\/der-schulbedarf.shop\/produkt-des-monats\/shop\/"},{"@type":"ListItem","position":2,"name":"ministeps: Wie klingt deine Welt?"}]},{"@type":"WebSite","@id":"https:\/\/der-schulbedarf.shop\/produkt-des-monats\/#website","url":"https:\/\/der-schulbedarf.shop\/produkt-des-monats\/","name":"der-Schulbedarf.shop","description":"","publisher":{"@id":"https:\/\/der-schulbedarf.shop\/produkt-des-monats\/#organization"},"potentialAction":[{"@type":"SearchAction","target":{"@type":"EntryPoint","urlTemplate":"https:\/\/der-schulbedarf.shop\/produkt-des-monats\/?s={search_term_string}"},"query-input":{"@type":"PropertyValueSpecification","valueRequired":true,"valueName":"search_term_string"}}],"inLanguage":"de"},{"@type":"Organization","@id":"https:\/\/der-schulbedarf.shop\/produkt-des-monats\/#organization","name":"der-Schulbedarf.shop","url":"https:\/\/der-schulbedarf.shop\/produkt-des-monats\/","logo":{"@type":"ImageObject","inLanguage":"de","@id":"https:\/\/der-schulbedarf.shop\/produkt-des-monats\/#\/schema\/logo\/image\/","url":"https:\/\/der-schulbedarf.shop\/wp-content\/uploads\/2024\/02\/grafik-e1709551115899.png","contentUrl":"https:\/\/der-schulbedarf.shop\/wp-content\/uploads\/2024\/02\/grafik-e1709551115899.png","width":80,"height":80,"caption":"der-Schulbedarf.shop"},"image":{"@id":"https:\/\/der-schulbedarf.shop\/produkt-des-monats\/#\/schema\/logo\/image\/"}}]}},"_links":{"self":[{"href":"https:\/\/der-schulbedarf.shop\/produkt-des-monats\/wp-json\/wp\/v2\/product\/3398","targetHints":{"allow":["GET"]}}],"collection":[{"href":"https:\/\/der-schulbedarf.shop\/produkt-des-monats\/wp-json\/wp\/v2\/product"}],"about":[{"href":"https:\/\/der-schulbedarf.shop\/produkt-des-monats\/wp-json\/wp\/v2\/types\/product"}],"replies":[{"embeddable":true,"href":"https:\/\/der-schulbedarf.shop\/produkt-des-monats\/wp-json\/wp\/v2\/comments?post=3398"}],"wp:featuredmedia":[{"embeddable":true,"href":"https:\/\/der-schulbedarf.shop\/produkt-des-monats\/wp-json\/wp\/v2\/media\/3404"}],"wp:attachment":[{"href":"https:\/\/der-schulbedarf.shop\/produkt-des-monats\/wp-json\/wp\/v2\/media?parent=3398"}],"wp:term":[{"taxonomy":"product_cat","embeddable":true,"href":"https:\/\/der-schulbedarf.shop\/produkt-des-monats\/wp-json\/wp\/v2\/product_cat?post=3398"},{"taxonomy":"product_tag","embeddable":true,"href":"https:\/\/der-schulbedarf.shop\/produkt-des-monats\/wp-json\/wp\/v2\/product_tag?post=3398"}],"curies":[{"name":"wp","href":"https:\/\/api.w.org\/{rel}","templated":true}]}}