{"id":3424,"date":"2024-05-03T10:18:53","date_gmt":"2024-05-03T10:18:53","guid":{"rendered":"https:\/\/der-schulbedarf.Shop\/?post_type=product&#038;p=3424"},"modified":"2025-08-08T09:41:40","modified_gmt":"2025-08-08T09:41:40","slug":"dragon-ninjas-band-4-der-drache-der-erde","status":"publish","type":"product","link":"https:\/\/der-schulbedarf.shop\/produkt-des-monats\/produkt\/dragon-ninjas-band-4-der-drache-der-erde\/","title":{"rendered":"Dragon Ninjas, Band 4: Der Drache der Erde"},"content":{"rendered":"<p>Dragon Ninjas Band 4<\/p>\n<p>Diese Ninjas sind drachenstark!<\/p>\n<p>Die Dragon Ninjas sind fassungslos: Der b\u00f6se Drache O-Gonsho hat drei der magischen Ninja-Waffen in seine Gewalt gebracht! Lian, Sui und Pepp m\u00fcssen die vierte Waffe unbedingt vor ihm finden, sonst ist alles verloren. Sofort begeben sich die Freunde in die W\u00e4lder von Chipanea \u2013 dort bewacht der Drache der Erde die magische Armbrust Yuki, deren Pfeile Erdbeben ausl\u00f6sen k\u00f6nnen \u2026<\/p>\n<p>Ein geheimes Ninja-Internat.<br \/>\nVier magische Waffen.<br \/>\nUnd ein b\u00f6ser Drache, der sie in seinen Besitz bringen will &#8230;<br \/>\nNur die Ninja-Sch\u00fcler Lian, Sui und Pepp k\u00f6nnen seine Pl\u00e4ne durchkreuzen. Denn sie sind Dragon Ninjas!<\/p>\n<p>Entdecke alle Abenteuer der \u201eDragon Ninjas\u201c-Reihe:<br \/>\nBand 1: Der Drache der Berge<br \/>\nBand 2: Der Drache des Feuers<br \/>\nBand 3: Der Drache des Himmels<br \/>\nBand 4: Der Drache der Erde<br \/>\nBand 5: Der Drache der Schatten<br \/>\nBand 6: Der Drache des Wassers<\/p>\n","protected":false},"excerpt":{"rendered":"<p>Dragon Ninjas Band 4 Diese Ninjas sind drachenstark! Die Dragon Ninjas sind fassungslos: Der b\u00f6se Drache O-Gonsho hat drei der magischen Ninja-Waffen in seine Gewalt gebracht! Lian, Sui und Pepp m\u00fcssen die vierte Waffe unbedingt vor ihm finden, sonst ist alles verloren. Sofort begeben sich die Freunde in die W\u00e4lder von Chipanea \u2013 dort bewacht [&hellip;]<\/p>\n","protected":false},"featured_media":3431,"comment_status":"open","ping_status":"closed","template":"","meta":[],"product_cat":[901,902,944,225],"product_tag":[761,1007,268,1022,111,247,1023,113,978,317,198,181,149,202,1021,193,1024,502,360],"class_list":{"0":"post-3424","1":"product","2":"type-product","3":"status-publish","4":"has-post-thumbnail","6":"product_cat-3-klasse","7":"product_cat-4-klasse","8":"product_cat-produktzufuehrung-geizhal","9":"product_cat-ravensburger-kinderbuecher","10":"product_tag-3-klasse","11":"product_tag-4-klasse","12":"product_tag-abenteuer","13":"product_tag-asien","14":"product_tag-beschaeftigung","15":"product_tag-drache","16":"product_tag-fernost","17":"product_tag-geschenk","18":"product_tag-grundschule","19":"product_tag-japan","20":"product_tag-kinderbuch","21":"product_tag-kinderbuecher","22":"product_tag-lernen","23":"product_tag-lesen","24":"product_tag-ninjas","25":"product_tag-ravensburger","26":"product_tag-schaetze","27":"product_tag-schatzsuche","28":"product_tag-spannend","29":"post","30":"post-with-thumbnail","31":"post-with-thumbnail-large","33":"first","34":"outofstock","35":"taxable","36":"shipping-taxable","37":"purchasable","38":"product-type-simple"},"yoast_head":"<!-- This site is optimized with the Yoast SEO plugin v26.6 - https:\/\/yoast.com\/wordpress\/plugins\/seo\/ -->\n<title>Dragon Ninjas Band 4- der-Schulbedarf.shop<\/title>\n<meta name=\"description\" content=\"Dragon Ninjas Band 4. F\u00fcr Kinder ab der 3 Klasse . Spannende Drachenabenteuer. Von P\u00e4dagogen entwickelt. F\u00f6rdert die Lesekompetenz. Preis 11,99\u20ac\" \/>\n<meta name=\"robots\" content=\"index, follow, max-snippet:-1, max-image-preview:large, max-video-preview:-1\" \/>\n<link rel=\"canonical\" href=\"https:\/\/der-schulbedarf.shop\/produkt-des-monats\/produkt\/dragon-ninjas-band-4-der-drache-der-erde\/\" \/>\n<meta property=\"og:locale\" content=\"de_DE\" \/>\n<meta property=\"og:type\" content=\"article\" \/>\n<meta property=\"og:title\" content=\"Dragon Ninjas Band 4- der-Schulbedarf.shop\" \/>\n<meta property=\"og:description\" content=\"Dragon Ninjas Band 4. F\u00fcr Kinder ab der 3 Klasse . Spannende Drachenabenteuer. Von P\u00e4dagogen entwickelt. F\u00f6rdert die Lesekompetenz. Preis 11,99\u20ac\" \/>\n<meta property=\"og:url\" content=\"https:\/\/der-schulbedarf.shop\/produkt-des-monats\/produkt\/dragon-ninjas-band-4-der-drache-der-erde\/\" \/>\n<meta property=\"og:site_name\" content=\"der-Schulbedarf.shop\" \/>\n<meta property=\"article:modified_time\" content=\"2025-08-08T09:41:40+00:00\" \/>\n<meta property=\"og:image\" content=\"https:\/\/der-schulbedarf.shop\/wp-content\/uploads\/2024\/05\/40521.jpg\" \/>\n\t<meta property=\"og:image:width\" content=\"693\" \/>\n\t<meta property=\"og:image:height\" content=\"1024\" \/>\n\t<meta property=\"og:image:type\" content=\"image\/jpeg\" \/>\n<meta name=\"twitter:card\" content=\"summary_large_image\" \/>\n<meta name=\"twitter:label1\" content=\"Gesch\u00e4tzte Lesezeit\" \/>\n\t<meta name=\"twitter:data1\" content=\"1\u00a0Minute\" \/>\n<script type=\"application\/ld+json\" class=\"yoast-schema-graph\">{\"@context\":\"https:\/\/schema.org\",\"@graph\":[{\"@type\":\"WebPage\",\"@id\":\"https:\/\/der-schulbedarf.shop\/produkt-des-monats\/produkt\/dragon-ninjas-band-4-der-drache-der-erde\/\",\"url\":\"https:\/\/der-schulbedarf.shop\/produkt-des-monats\/produkt\/dragon-ninjas-band-4-der-drache-der-erde\/\",\"name\":\"Dragon Ninjas Band 4- der-Schulbedarf.shop\",\"isPartOf\":{\"@id\":\"https:\/\/der-schulbedarf.shop\/produkt-des-monats\/#website\"},\"primaryImageOfPage\":{\"@id\":\"https:\/\/der-schulbedarf.shop\/produkt-des-monats\/produkt\/dragon-ninjas-band-4-der-drache-der-erde\/#primaryimage\"},\"image\":{\"@id\":\"https:\/\/der-schulbedarf.shop\/produkt-des-monats\/produkt\/dragon-ninjas-band-4-der-drache-der-erde\/#primaryimage\"},\"thumbnailUrl\":\"https:\/\/der-schulbedarf.shop\/wp-content\/uploads\/2024\/05\/40521.jpg\",\"datePublished\":\"2024-05-03T10:18:53+00:00\",\"dateModified\":\"2025-08-08T09:41:40+00:00\",\"description\":\"Dragon Ninjas Band 4. F\u00fcr Kinder ab der 3 Klasse . Spannende Drachenabenteuer. Von P\u00e4dagogen entwickelt. F\u00f6rdert die Lesekompetenz. Preis 11,99\u20ac\",\"breadcrumb\":{\"@id\":\"https:\/\/der-schulbedarf.shop\/produkt-des-monats\/produkt\/dragon-ninjas-band-4-der-drache-der-erde\/#breadcrumb\"},\"inLanguage\":\"de\",\"potentialAction\":[{\"@type\":\"ReadAction\",\"target\":[\"https:\/\/der-schulbedarf.shop\/produkt-des-monats\/produkt\/dragon-ninjas-band-4-der-drache-der-erde\/\"]}]},{\"@type\":\"ImageObject\",\"inLanguage\":\"de\",\"@id\":\"https:\/\/der-schulbedarf.shop\/produkt-des-monats\/produkt\/dragon-ninjas-band-4-der-drache-der-erde\/#primaryimage\",\"url\":\"https:\/\/der-schulbedarf.shop\/wp-content\/uploads\/2024\/05\/40521.jpg\",\"contentUrl\":\"https:\/\/der-schulbedarf.shop\/wp-content\/uploads\/2024\/05\/40521.jpg\",\"width\":693,\"height\":1024},{\"@type\":\"BreadcrumbList\",\"@id\":\"https:\/\/der-schulbedarf.shop\/produkt-des-monats\/produkt\/dragon-ninjas-band-4-der-drache-der-erde\/#breadcrumb\",\"itemListElement\":[{\"@type\":\"ListItem\",\"position\":1,\"name\":\"Shop\",\"item\":\"https:\/\/der-schulbedarf.shop\/produkt-des-monats\/shop\/\"},{\"@type\":\"ListItem\",\"position\":2,\"name\":\"Dragon Ninjas, Band 4: Der Drache der Erde\"}]},{\"@type\":\"WebSite\",\"@id\":\"https:\/\/der-schulbedarf.shop\/produkt-des-monats\/#website\",\"url\":\"https:\/\/der-schulbedarf.shop\/produkt-des-monats\/\",\"name\":\"der-Schulbedarf.shop\",\"description\":\"\",\"publisher\":{\"@id\":\"https:\/\/der-schulbedarf.shop\/produkt-des-monats\/#organization\"},\"potentialAction\":[{\"@type\":\"SearchAction\",\"target\":{\"@type\":\"EntryPoint\",\"urlTemplate\":\"https:\/\/der-schulbedarf.shop\/produkt-des-monats\/?s={search_term_string}\"},\"query-input\":{\"@type\":\"PropertyValueSpecification\",\"valueRequired\":true,\"valueName\":\"search_term_string\"}}],\"inLanguage\":\"de\"},{\"@type\":\"Organization\",\"@id\":\"https:\/\/der-schulbedarf.shop\/produkt-des-monats\/#organization\",\"name\":\"der-Schulbedarf.shop\",\"url\":\"https:\/\/der-schulbedarf.shop\/produkt-des-monats\/\",\"logo\":{\"@type\":\"ImageObject\",\"inLanguage\":\"de\",\"@id\":\"https:\/\/der-schulbedarf.shop\/produkt-des-monats\/#\/schema\/logo\/image\/\",\"url\":\"https:\/\/der-schulbedarf.shop\/wp-content\/uploads\/2024\/02\/grafik-e1709551115899.png\",\"contentUrl\":\"https:\/\/der-schulbedarf.shop\/wp-content\/uploads\/2024\/02\/grafik-e1709551115899.png\",\"width\":80,\"height\":80,\"caption\":\"der-Schulbedarf.shop\"},\"image\":{\"@id\":\"https:\/\/der-schulbedarf.shop\/produkt-des-monats\/#\/schema\/logo\/image\/\"}}]}<\/script>\n<!-- \/ Yoast SEO plugin. -->","yoast_head_json":{"title":"Dragon Ninjas Band 4- der-Schulbedarf.shop","description":"Dragon Ninjas Band 4. F\u00fcr Kinder ab der 3 Klasse . Spannende Drachenabenteuer. Von P\u00e4dagogen entwickelt. F\u00f6rdert die Lesekompetenz. Preis 11,99\u20ac","robots":{"index":"index","follow":"follow","max-snippet":"max-snippet:-1","max-image-preview":"max-image-preview:large","max-video-preview":"max-video-preview:-1"},"canonical":"https:\/\/der-schulbedarf.shop\/produkt-des-monats\/produkt\/dragon-ninjas-band-4-der-drache-der-erde\/","og_locale":"de_DE","og_type":"article","og_title":"Dragon Ninjas Band 4- der-Schulbedarf.shop","og_description":"Dragon Ninjas Band 4. F\u00fcr Kinder ab der 3 Klasse . Spannende Drachenabenteuer. Von P\u00e4dagogen entwickelt. F\u00f6rdert die Lesekompetenz. Preis 11,99\u20ac","og_url":"https:\/\/der-schulbedarf.shop\/produkt-des-monats\/produkt\/dragon-ninjas-band-4-der-drache-der-erde\/","og_site_name":"der-Schulbedarf.shop","article_modified_time":"2025-08-08T09:41:40+00:00","og_image":[{"width":693,"height":1024,"url":"https:\/\/der-schulbedarf.shop\/wp-content\/uploads\/2024\/05\/40521.jpg","type":"image\/jpeg"}],"twitter_card":"summary_large_image","twitter_misc":{"Gesch\u00e4tzte Lesezeit":"1\u00a0Minute"},"schema":{"@context":"https:\/\/schema.org","@graph":[{"@type":"WebPage","@id":"https:\/\/der-schulbedarf.shop\/produkt-des-monats\/produkt\/dragon-ninjas-band-4-der-drache-der-erde\/","url":"https:\/\/der-schulbedarf.shop\/produkt-des-monats\/produkt\/dragon-ninjas-band-4-der-drache-der-erde\/","name":"Dragon Ninjas Band 4- der-Schulbedarf.shop","isPartOf":{"@id":"https:\/\/der-schulbedarf.shop\/produkt-des-monats\/#website"},"primaryImageOfPage":{"@id":"https:\/\/der-schulbedarf.shop\/produkt-des-monats\/produkt\/dragon-ninjas-band-4-der-drache-der-erde\/#primaryimage"},"image":{"@id":"https:\/\/der-schulbedarf.shop\/produkt-des-monats\/produkt\/dragon-ninjas-band-4-der-drache-der-erde\/#primaryimage"},"thumbnailUrl":"https:\/\/der-schulbedarf.shop\/wp-content\/uploads\/2024\/05\/40521.jpg","datePublished":"2024-05-03T10:18:53+00:00","dateModified":"2025-08-08T09:41:40+00:00","description":"Dragon Ninjas Band 4. F\u00fcr Kinder ab der 3 Klasse . Spannende Drachenabenteuer. Von P\u00e4dagogen entwickelt. F\u00f6rdert die Lesekompetenz. Preis 11,99\u20ac","breadcrumb":{"@id":"https:\/\/der-schulbedarf.shop\/produkt-des-monats\/produkt\/dragon-ninjas-band-4-der-drache-der-erde\/#breadcrumb"},"inLanguage":"de","potentialAction":[{"@type":"ReadAction","target":["https:\/\/der-schulbedarf.shop\/produkt-des-monats\/produkt\/dragon-ninjas-band-4-der-drache-der-erde\/"]}]},{"@type":"ImageObject","inLanguage":"de","@id":"https:\/\/der-schulbedarf.shop\/produkt-des-monats\/produkt\/dragon-ninjas-band-4-der-drache-der-erde\/#primaryimage","url":"https:\/\/der-schulbedarf.shop\/wp-content\/uploads\/2024\/05\/40521.jpg","contentUrl":"https:\/\/der-schulbedarf.shop\/wp-content\/uploads\/2024\/05\/40521.jpg","width":693,"height":1024},{"@type":"BreadcrumbList","@id":"https:\/\/der-schulbedarf.shop\/produkt-des-monats\/produkt\/dragon-ninjas-band-4-der-drache-der-erde\/#breadcrumb","itemListElement":[{"@type":"ListItem","position":1,"name":"Shop","item":"https:\/\/der-schulbedarf.shop\/produkt-des-monats\/shop\/"},{"@type":"ListItem","position":2,"name":"Dragon Ninjas, Band 4: Der Drache der Erde"}]},{"@type":"WebSite","@id":"https:\/\/der-schulbedarf.shop\/produkt-des-monats\/#website","url":"https:\/\/der-schulbedarf.shop\/produkt-des-monats\/","name":"der-Schulbedarf.shop","description":"","publisher":{"@id":"https:\/\/der-schulbedarf.shop\/produkt-des-monats\/#organization"},"potentialAction":[{"@type":"SearchAction","target":{"@type":"EntryPoint","urlTemplate":"https:\/\/der-schulbedarf.shop\/produkt-des-monats\/?s={search_term_string}"},"query-input":{"@type":"PropertyValueSpecification","valueRequired":true,"valueName":"search_term_string"}}],"inLanguage":"de"},{"@type":"Organization","@id":"https:\/\/der-schulbedarf.shop\/produkt-des-monats\/#organization","name":"der-Schulbedarf.shop","url":"https:\/\/der-schulbedarf.shop\/produkt-des-monats\/","logo":{"@type":"ImageObject","inLanguage":"de","@id":"https:\/\/der-schulbedarf.shop\/produkt-des-monats\/#\/schema\/logo\/image\/","url":"https:\/\/der-schulbedarf.shop\/wp-content\/uploads\/2024\/02\/grafik-e1709551115899.png","contentUrl":"https:\/\/der-schulbedarf.shop\/wp-content\/uploads\/2024\/02\/grafik-e1709551115899.png","width":80,"height":80,"caption":"der-Schulbedarf.shop"},"image":{"@id":"https:\/\/der-schulbedarf.shop\/produkt-des-monats\/#\/schema\/logo\/image\/"}}]}},"_links":{"self":[{"href":"https:\/\/der-schulbedarf.shop\/produkt-des-monats\/wp-json\/wp\/v2\/product\/3424","targetHints":{"allow":["GET"]}}],"collection":[{"href":"https:\/\/der-schulbedarf.shop\/produkt-des-monats\/wp-json\/wp\/v2\/product"}],"about":[{"href":"https:\/\/der-schulbedarf.shop\/produkt-des-monats\/wp-json\/wp\/v2\/types\/product"}],"replies":[{"embeddable":true,"href":"https:\/\/der-schulbedarf.shop\/produkt-des-monats\/wp-json\/wp\/v2\/comments?post=3424"}],"wp:featuredmedia":[{"embeddable":true,"href":"https:\/\/der-schulbedarf.shop\/produkt-des-monats\/wp-json\/wp\/v2\/media\/3431"}],"wp:attachment":[{"href":"https:\/\/der-schulbedarf.shop\/produkt-des-monats\/wp-json\/wp\/v2\/media?parent=3424"}],"wp:term":[{"taxonomy":"product_cat","embeddable":true,"href":"https:\/\/der-schulbedarf.shop\/produkt-des-monats\/wp-json\/wp\/v2\/product_cat?post=3424"},{"taxonomy":"product_tag","embeddable":true,"href":"https:\/\/der-schulbedarf.shop\/produkt-des-monats\/wp-json\/wp\/v2\/product_tag?post=3424"}],"curies":[{"name":"wp","href":"https:\/\/api.w.org\/{rel}","templated":true}]}}