{"id":3506,"date":"2024-05-08T10:10:29","date_gmt":"2024-05-08T10:10:29","guid":{"rendered":"https:\/\/der-schulbedarf.Shop\/?post_type=product&#038;p=3506"},"modified":"2024-11-27T11:21:24","modified_gmt":"2024-11-27T11:21:24","slug":"ministeps-alles-was-raeder-hat","status":"publish","type":"product","link":"https:\/\/der-schulbedarf.shop\/produkt-des-monats\/produkt\/ministeps-alles-was-raeder-hat\/","title":{"rendered":"ministeps: Alles, was R\u00e4der hat"},"content":{"rendered":"<p>Kleinkinder lieben Fahrzeuge, egal ob Feuerwehrauto, Bagger oder M\u00fcllabfuhr! In diesem Spielbuch k\u00f6nnen Kinder ab 18 Monaten auf jeder Seite mithelfen und selbst aktiv werden.<br \/>\nGro\u00dfe Drehscheiben, spannende Klappen und stabile Schieber binden die Kleinen ins Geschehen ein und lassen die Szenen lebendig werden. Da ist Spielspa\u00df garantiert! Und ganz nebenbei f\u00f6rdert das Buch den Tastsinn und die Feinmotorik der Kinder.<\/p>\n<p>Die Feuerwehr l\u00f6scht ein Feuer, der Bagger hebt eine Grube aus und die M\u00fcllabfuhr leert die Tonnen aus. Auf jeder Seite gibt es ein anderes spannendes Fahrzeugabenteuer, bei dem die Kleinen mitmachen k\u00f6nnen. Beim Drehen an der Scheibe blinkt das Blaulicht der Feuerwehr, mit dem Schieber bewegt sich der lange Arm des Baggers und die M\u00fclltonne wird in das Auto gehoben und hinter der Klappe am Feuerwehrauto verstecken sich viele spannende Feuerwehrger\u00e4te. Interaktive Spielm\u00f6glichkeiten binden in diesem Spielbuch die Kinder ins Geschehen ein und animieren sie zum genauen Hinsehen und Mitmachen. Kurze Texte begleiten die Bilder und animieren Entdecken der vielen kleinen Details in den Bildern. Das schult die Wahrnehmung, den Tastsinn und die Feinmotorik der Kleinen. ministeps Produkte begleiten Kinder Schritt f\u00fcr Schritt bei ihrer geistigen und k\u00f6rperlichen Entwicklung. Sie sind in Form und Konzept genau auf den jeweiligen Entwicklungsschritt der Kleinen abgestimmt. So f\u00f6rdert dieses Spielbuch Kleinkinder altersgerecht und mit viel Spa\u00df!<\/p>\n<p>&nbsp;<\/p>\n<p>&nbsp;<\/p>\n","protected":false},"excerpt":{"rendered":"<p>Kleinkinder lieben Fahrzeuge, egal ob Feuerwehrauto, Bagger oder M\u00fcllabfuhr! In diesem Spielbuch k\u00f6nnen Kinder ab 18 Monaten auf jeder Seite mithelfen und selbst aktiv werden. Gro\u00dfe Drehscheiben, spannende Klappen und stabile Schieber binden die Kleinen ins Geschehen ein und lassen die Szenen lebendig werden. Da ist Spielspa\u00df garantiert! Und ganz nebenbei f\u00f6rdert das Buch den [&hellip;]<\/p>\n","protected":false},"featured_media":3507,"comment_status":"open","ping_status":"closed","template":"","meta":[],"product_cat":[1028],"product_tag":[1030,893,1038,1040,879,917,166,919,111,200,201,1034,1029,1036,147,115,1043,114,113,112,1042,198,181,1037,880,1039,148,1032,1033,1041,1035,1031],"class_list":{"0":"post-3506","1":"product","2":"type-product","3":"status-publish","4":"has-post-thumbnail","6":"product_cat-vorschulalter","7":"product_tag-auto","8":"product_tag-baby","9":"product_tag-baby-buch","10":"product_tag-baby-erstausstattung","11":"product_tag-babyspielzeug","12":"product_tag-bagger","13":"product_tag-bauernhof","14":"product_tag-baustelle","15":"product_tag-beschaeftigung","16":"product_tag-buch","17":"product_tag-buecher","18":"product_tag-drehscheibe","19":"product_tag-einsatz-fahrzeuge","20":"product_tag-fein-motorik","21":"product_tag-feuerwehr","22":"product_tag-fuer-jungen","23":"product_tag-fuer-kinder-ab-18-monate","24":"product_tag-fuer-maedchen","25":"product_tag-geschenk","26":"product_tag-geschenkidee","27":"product_tag-kinder-alltag","28":"product_tag-kinderbuch","29":"product_tag-kinderbuecher","30":"product_tag-klein-kind","31":"product_tag-ministeps","32":"product_tag-papp-bilderbuch","33":"product_tag-polizei","34":"product_tag-schiebe-buch","35":"product_tag-spiel-buch","36":"product_tag-sprach-entwicklung","37":"product_tag-tast-sinn","38":"product_tag-tatuetata","39":"post","40":"post-with-thumbnail","41":"post-with-thumbnail-large","43":"first","44":"outofstock","45":"taxable","46":"shipping-taxable","47":"purchasable","48":"product-type-simple"},"yoast_head":"<!-- This site is optimized with the Yoast SEO plugin v26.6 - https:\/\/yoast.com\/wordpress\/plugins\/seo\/ -->\n<title>ministeps: Alles, was R\u00e4der hat - der-Schulbedarf.shop<\/title>\n<meta name=\"robots\" content=\"index, follow, max-snippet:-1, max-image-preview:large, max-video-preview:-1\" \/>\n<link rel=\"canonical\" href=\"https:\/\/der-schulbedarf.shop\/produkt-des-monats\/produkt\/ministeps-alles-was-raeder-hat\/\" \/>\n<meta property=\"og:locale\" content=\"de_DE\" \/>\n<meta property=\"og:type\" content=\"article\" \/>\n<meta property=\"og:title\" content=\"ministeps: Alles, was R\u00e4der hat - der-Schulbedarf.shop\" \/>\n<meta property=\"og:description\" content=\"Kleinkinder lieben Fahrzeuge, egal ob Feuerwehrauto, Bagger oder M\u00fcllabfuhr! In diesem Spielbuch k\u00f6nnen Kinder ab 18 Monaten auf jeder Seite mithelfen und selbst aktiv werden. Gro\u00dfe Drehscheiben, spannende Klappen und stabile Schieber binden die Kleinen ins Geschehen ein und lassen die Szenen lebendig werden. Da ist Spielspa\u00df garantiert! Und ganz nebenbei f\u00f6rdert das Buch den [&hellip;]\" \/>\n<meta property=\"og:url\" content=\"https:\/\/der-schulbedarf.shop\/produkt-des-monats\/produkt\/ministeps-alles-was-raeder-hat\/\" \/>\n<meta property=\"og:site_name\" content=\"der-Schulbedarf.shop\" \/>\n<meta property=\"article:modified_time\" content=\"2024-11-27T11:21:24+00:00\" \/>\n<meta property=\"og:image\" content=\"https:\/\/der-schulbedarf.shop\/wp-content\/uploads\/2024\/05\/31587.jpg\" \/>\n\t<meta property=\"og:image:width\" content=\"1024\" \/>\n\t<meta property=\"og:image:height\" content=\"1019\" \/>\n\t<meta property=\"og:image:type\" content=\"image\/jpeg\" \/>\n<meta name=\"twitter:card\" content=\"summary_large_image\" \/>\n<meta name=\"twitter:label1\" content=\"Gesch\u00e4tzte Lesezeit\" \/>\n\t<meta name=\"twitter:data1\" content=\"2\u00a0Minuten\" \/>\n<script type=\"application\/ld+json\" class=\"yoast-schema-graph\">{\"@context\":\"https:\/\/schema.org\",\"@graph\":[{\"@type\":\"WebPage\",\"@id\":\"https:\/\/der-schulbedarf.shop\/produkt-des-monats\/produkt\/ministeps-alles-was-raeder-hat\/\",\"url\":\"https:\/\/der-schulbedarf.shop\/produkt-des-monats\/produkt\/ministeps-alles-was-raeder-hat\/\",\"name\":\"ministeps: Alles, was R\u00e4der hat - der-Schulbedarf.shop\",\"isPartOf\":{\"@id\":\"https:\/\/der-schulbedarf.shop\/produkt-des-monats\/#website\"},\"primaryImageOfPage\":{\"@id\":\"https:\/\/der-schulbedarf.shop\/produkt-des-monats\/produkt\/ministeps-alles-was-raeder-hat\/#primaryimage\"},\"image\":{\"@id\":\"https:\/\/der-schulbedarf.shop\/produkt-des-monats\/produkt\/ministeps-alles-was-raeder-hat\/#primaryimage\"},\"thumbnailUrl\":\"https:\/\/der-schulbedarf.shop\/wp-content\/uploads\/2024\/05\/31587.jpg\",\"datePublished\":\"2024-05-08T10:10:29+00:00\",\"dateModified\":\"2024-11-27T11:21:24+00:00\",\"breadcrumb\":{\"@id\":\"https:\/\/der-schulbedarf.shop\/produkt-des-monats\/produkt\/ministeps-alles-was-raeder-hat\/#breadcrumb\"},\"inLanguage\":\"de\",\"potentialAction\":[{\"@type\":\"ReadAction\",\"target\":[\"https:\/\/der-schulbedarf.shop\/produkt-des-monats\/produkt\/ministeps-alles-was-raeder-hat\/\"]}]},{\"@type\":\"ImageObject\",\"inLanguage\":\"de\",\"@id\":\"https:\/\/der-schulbedarf.shop\/produkt-des-monats\/produkt\/ministeps-alles-was-raeder-hat\/#primaryimage\",\"url\":\"https:\/\/der-schulbedarf.shop\/wp-content\/uploads\/2024\/05\/31587.jpg\",\"contentUrl\":\"https:\/\/der-schulbedarf.shop\/wp-content\/uploads\/2024\/05\/31587.jpg\",\"width\":1024,\"height\":1019},{\"@type\":\"BreadcrumbList\",\"@id\":\"https:\/\/der-schulbedarf.shop\/produkt-des-monats\/produkt\/ministeps-alles-was-raeder-hat\/#breadcrumb\",\"itemListElement\":[{\"@type\":\"ListItem\",\"position\":1,\"name\":\"Shop\",\"item\":\"https:\/\/der-schulbedarf.shop\/produkt-des-monats\/shop\/\"},{\"@type\":\"ListItem\",\"position\":2,\"name\":\"ministeps: Alles, was R\u00e4der hat\"}]},{\"@type\":\"WebSite\",\"@id\":\"https:\/\/der-schulbedarf.shop\/produkt-des-monats\/#website\",\"url\":\"https:\/\/der-schulbedarf.shop\/produkt-des-monats\/\",\"name\":\"der-Schulbedarf.shop\",\"description\":\"\",\"publisher\":{\"@id\":\"https:\/\/der-schulbedarf.shop\/produkt-des-monats\/#organization\"},\"potentialAction\":[{\"@type\":\"SearchAction\",\"target\":{\"@type\":\"EntryPoint\",\"urlTemplate\":\"https:\/\/der-schulbedarf.shop\/produkt-des-monats\/?s={search_term_string}\"},\"query-input\":{\"@type\":\"PropertyValueSpecification\",\"valueRequired\":true,\"valueName\":\"search_term_string\"}}],\"inLanguage\":\"de\"},{\"@type\":\"Organization\",\"@id\":\"https:\/\/der-schulbedarf.shop\/produkt-des-monats\/#organization\",\"name\":\"der-Schulbedarf.shop\",\"url\":\"https:\/\/der-schulbedarf.shop\/produkt-des-monats\/\",\"logo\":{\"@type\":\"ImageObject\",\"inLanguage\":\"de\",\"@id\":\"https:\/\/der-schulbedarf.shop\/produkt-des-monats\/#\/schema\/logo\/image\/\",\"url\":\"https:\/\/der-schulbedarf.shop\/wp-content\/uploads\/2024\/02\/grafik-e1709551115899.png\",\"contentUrl\":\"https:\/\/der-schulbedarf.shop\/wp-content\/uploads\/2024\/02\/grafik-e1709551115899.png\",\"width\":80,\"height\":80,\"caption\":\"der-Schulbedarf.shop\"},\"image\":{\"@id\":\"https:\/\/der-schulbedarf.shop\/produkt-des-monats\/#\/schema\/logo\/image\/\"}}]}<\/script>\n<!-- \/ Yoast SEO plugin. -->","yoast_head_json":{"title":"ministeps: Alles, was R\u00e4der hat - der-Schulbedarf.shop","robots":{"index":"index","follow":"follow","max-snippet":"max-snippet:-1","max-image-preview":"max-image-preview:large","max-video-preview":"max-video-preview:-1"},"canonical":"https:\/\/der-schulbedarf.shop\/produkt-des-monats\/produkt\/ministeps-alles-was-raeder-hat\/","og_locale":"de_DE","og_type":"article","og_title":"ministeps: Alles, was R\u00e4der hat - der-Schulbedarf.shop","og_description":"Kleinkinder lieben Fahrzeuge, egal ob Feuerwehrauto, Bagger oder M\u00fcllabfuhr! In diesem Spielbuch k\u00f6nnen Kinder ab 18 Monaten auf jeder Seite mithelfen und selbst aktiv werden. Gro\u00dfe Drehscheiben, spannende Klappen und stabile Schieber binden die Kleinen ins Geschehen ein und lassen die Szenen lebendig werden. Da ist Spielspa\u00df garantiert! Und ganz nebenbei f\u00f6rdert das Buch den [&hellip;]","og_url":"https:\/\/der-schulbedarf.shop\/produkt-des-monats\/produkt\/ministeps-alles-was-raeder-hat\/","og_site_name":"der-Schulbedarf.shop","article_modified_time":"2024-11-27T11:21:24+00:00","og_image":[{"width":1024,"height":1019,"url":"https:\/\/der-schulbedarf.shop\/wp-content\/uploads\/2024\/05\/31587.jpg","type":"image\/jpeg"}],"twitter_card":"summary_large_image","twitter_misc":{"Gesch\u00e4tzte Lesezeit":"2\u00a0Minuten"},"schema":{"@context":"https:\/\/schema.org","@graph":[{"@type":"WebPage","@id":"https:\/\/der-schulbedarf.shop\/produkt-des-monats\/produkt\/ministeps-alles-was-raeder-hat\/","url":"https:\/\/der-schulbedarf.shop\/produkt-des-monats\/produkt\/ministeps-alles-was-raeder-hat\/","name":"ministeps: Alles, was R\u00e4der hat - der-Schulbedarf.shop","isPartOf":{"@id":"https:\/\/der-schulbedarf.shop\/produkt-des-monats\/#website"},"primaryImageOfPage":{"@id":"https:\/\/der-schulbedarf.shop\/produkt-des-monats\/produkt\/ministeps-alles-was-raeder-hat\/#primaryimage"},"image":{"@id":"https:\/\/der-schulbedarf.shop\/produkt-des-monats\/produkt\/ministeps-alles-was-raeder-hat\/#primaryimage"},"thumbnailUrl":"https:\/\/der-schulbedarf.shop\/wp-content\/uploads\/2024\/05\/31587.jpg","datePublished":"2024-05-08T10:10:29+00:00","dateModified":"2024-11-27T11:21:24+00:00","breadcrumb":{"@id":"https:\/\/der-schulbedarf.shop\/produkt-des-monats\/produkt\/ministeps-alles-was-raeder-hat\/#breadcrumb"},"inLanguage":"de","potentialAction":[{"@type":"ReadAction","target":["https:\/\/der-schulbedarf.shop\/produkt-des-monats\/produkt\/ministeps-alles-was-raeder-hat\/"]}]},{"@type":"ImageObject","inLanguage":"de","@id":"https:\/\/der-schulbedarf.shop\/produkt-des-monats\/produkt\/ministeps-alles-was-raeder-hat\/#primaryimage","url":"https:\/\/der-schulbedarf.shop\/wp-content\/uploads\/2024\/05\/31587.jpg","contentUrl":"https:\/\/der-schulbedarf.shop\/wp-content\/uploads\/2024\/05\/31587.jpg","width":1024,"height":1019},{"@type":"BreadcrumbList","@id":"https:\/\/der-schulbedarf.shop\/produkt-des-monats\/produkt\/ministeps-alles-was-raeder-hat\/#breadcrumb","itemListElement":[{"@type":"ListItem","position":1,"name":"Shop","item":"https:\/\/der-schulbedarf.shop\/produkt-des-monats\/shop\/"},{"@type":"ListItem","position":2,"name":"ministeps: Alles, was R\u00e4der hat"}]},{"@type":"WebSite","@id":"https:\/\/der-schulbedarf.shop\/produkt-des-monats\/#website","url":"https:\/\/der-schulbedarf.shop\/produkt-des-monats\/","name":"der-Schulbedarf.shop","description":"","publisher":{"@id":"https:\/\/der-schulbedarf.shop\/produkt-des-monats\/#organization"},"potentialAction":[{"@type":"SearchAction","target":{"@type":"EntryPoint","urlTemplate":"https:\/\/der-schulbedarf.shop\/produkt-des-monats\/?s={search_term_string}"},"query-input":{"@type":"PropertyValueSpecification","valueRequired":true,"valueName":"search_term_string"}}],"inLanguage":"de"},{"@type":"Organization","@id":"https:\/\/der-schulbedarf.shop\/produkt-des-monats\/#organization","name":"der-Schulbedarf.shop","url":"https:\/\/der-schulbedarf.shop\/produkt-des-monats\/","logo":{"@type":"ImageObject","inLanguage":"de","@id":"https:\/\/der-schulbedarf.shop\/produkt-des-monats\/#\/schema\/logo\/image\/","url":"https:\/\/der-schulbedarf.shop\/wp-content\/uploads\/2024\/02\/grafik-e1709551115899.png","contentUrl":"https:\/\/der-schulbedarf.shop\/wp-content\/uploads\/2024\/02\/grafik-e1709551115899.png","width":80,"height":80,"caption":"der-Schulbedarf.shop"},"image":{"@id":"https:\/\/der-schulbedarf.shop\/produkt-des-monats\/#\/schema\/logo\/image\/"}}]}},"_links":{"self":[{"href":"https:\/\/der-schulbedarf.shop\/produkt-des-monats\/wp-json\/wp\/v2\/product\/3506","targetHints":{"allow":["GET"]}}],"collection":[{"href":"https:\/\/der-schulbedarf.shop\/produkt-des-monats\/wp-json\/wp\/v2\/product"}],"about":[{"href":"https:\/\/der-schulbedarf.shop\/produkt-des-monats\/wp-json\/wp\/v2\/types\/product"}],"replies":[{"embeddable":true,"href":"https:\/\/der-schulbedarf.shop\/produkt-des-monats\/wp-json\/wp\/v2\/comments?post=3506"}],"wp:featuredmedia":[{"embeddable":true,"href":"https:\/\/der-schulbedarf.shop\/produkt-des-monats\/wp-json\/wp\/v2\/media\/3507"}],"wp:attachment":[{"href":"https:\/\/der-schulbedarf.shop\/produkt-des-monats\/wp-json\/wp\/v2\/media?parent=3506"}],"wp:term":[{"taxonomy":"product_cat","embeddable":true,"href":"https:\/\/der-schulbedarf.shop\/produkt-des-monats\/wp-json\/wp\/v2\/product_cat?post=3506"},{"taxonomy":"product_tag","embeddable":true,"href":"https:\/\/der-schulbedarf.shop\/produkt-des-monats\/wp-json\/wp\/v2\/product_tag?post=3506"}],"curies":[{"name":"wp","href":"https:\/\/api.w.org\/{rel}","templated":true}]}}