{"id":3517,"date":"2024-05-13T08:07:50","date_gmt":"2024-05-13T08:07:50","guid":{"rendered":"https:\/\/der-schulbedarf.Shop\/?post_type=product&#038;p=3517"},"modified":"2024-11-27T11:14:11","modified_gmt":"2024-11-27T11:14:11","slug":"ministeps-emils-buntes-regenbogen-spiel","status":"publish","type":"product","link":"https:\/\/der-schulbedarf.shop\/produkt-des-monats\/produkt\/ministeps-emils-buntes-regenbogen-spiel\/","title":{"rendered":"ministeps: Emils buntes Regenbogen-Spiel"},"content":{"rendered":"<p>Bei diesem allerersten Spiel zum Farbenlernen helfen die Kinder gemeinsam, zu jeder Farbe ein passendes Tier zu finden und an den Spielplan anzupuzzeln, bis am Ende die Sonne erscheint und ein wundersch\u00f6ner dreidimensionaler Regenbogen \u00fcber der bunten Blumenwiese erstrahlt. Das kooperative Spiel unterst\u00fctzt den Sinn f\u00fcr Gemeinsamkeit und das Einhalten von Regeln, au\u00dferdem werden wichtige Kompetenzen wie Konzentration und Sprachentwicklung gef\u00f6rdert.<\/p>\n<p>Die ersten drei Lebensjahre eines Kleinkindes sind unglaublich spannend und voller einzigartiger Momente: das erste L\u00e4cheln, das erste Wort, der erste Schritt. Tag f\u00fcr Tag entdecken die Kleinen mit allen Sinnen ihre Umwelt und erlernen neue F\u00e4higkeiten. ministeps unterst\u00fctzt diese Entwicklung Schritt f\u00fcr Schritt und bietet Eltern die n\u00f6tige Orientierung, um ihr Kind auf liebevolle Weise zu f\u00f6rdern. Unsere hochwertigen B\u00fccher und Spielzeuge begleiten die Kleinsten somit in allen Entwicklungsphasen. Alle Materialen sind in jeder Hinsicht unbedenklich und werden regelm\u00e4\u00dfig auf Qualit\u00e4t und Sicherheit gepr\u00fcft. So bietet ministeps Vertrauen und Freude auf der gemeinsamen Entdeckungsreise durch die Welt der B\u00fccher und Spiele.<\/p>\n<p>Alter: \u00a0\u00a0 ab 24 Monaten<\/p>\n<p>Spielzeit: \u00a0\u00a0\u00a0\u00a0\u00a0\u00a0\u00a0\u00a0\u00a0\u00a0 ca. 15-20 Minuten<\/p>\n<p>Schachtelgr\u00f6\u00dfe: \u00a0\u00a0\u00a0\u00a0\u00a0\u00a0\u00a0\u00a0\u00a0\u00a0 30 x 30 x 7 cm<\/p>\n<p>Abmessung: \u00a0\u00a0\u00a0 ca. 7 cm<\/p>\n<p>FSC\u00ae-Zertifizierung:\u00a0\u00a0\u00a0\u00a0 FSC Mix<\/p>\n<p>CE-Zertifizierung:\u00a0\u00a0\u00a0\u00a0\u00a0\u00a0\u00a0\u00a0\u00a0 ja<\/p>\n<p>Inhalt \/ Ausstattung:\u00a0\u00a0\u00a0\u00a0 Mit gro\u00dfem Regenbogen aus 6 Teilen, Holzw\u00fcrfel und 6 Schiebewolken, Spielplan mit 12 Puzzle-Elementen zum Zuordnen<\/p>\n","protected":false},"excerpt":{"rendered":"<p>Bei diesem allerersten Spiel zum Farbenlernen helfen die Kinder gemeinsam, zu jeder Farbe ein passendes Tier zu finden und an den Spielplan anzupuzzeln, bis am Ende die Sonne erscheint und ein wundersch\u00f6ner dreidimensionaler Regenbogen \u00fcber der bunten Blumenwiese erstrahlt. Das kooperative Spiel unterst\u00fctzt den Sinn f\u00fcr Gemeinsamkeit und das Einhalten von Regeln, au\u00dferdem werden wichtige [&hellip;]<\/p>\n","protected":false},"featured_media":3518,"comment_status":"open","ping_status":"closed","template":"","meta":[],"product_cat":[34,37,885,1028],"product_tag":[1044,1045,107,539,128,1047,189,880,151,304,138,1046,867],"class_list":{"0":"post-3517","1":"product","2":"type-product","3":"status-publish","4":"has-post-thumbnail","6":"product_cat-kinderspielzeug","7":"product_cat-ravensburger","8":"product_cat-spielwaren","9":"product_cat-vorschulalter","10":"product_tag-ab-2-jahren","11":"product_tag-ab-24-monaten","12":"product_tag-beschaeftigung-kinder","13":"product_tag-jungen","14":"product_tag-kinderspielzeug","15":"product_tag-kita-kindertagesstaette","16":"product_tag-maedchen","17":"product_tag-ministeps","18":"product_tag-puzzle","19":"product_tag-spass","20":"product_tag-spielzeug","21":"product_tag-vorschulalter","22":"product_tag-vorschule-und-kindergarten","23":"post","24":"post-with-thumbnail","25":"post-with-thumbnail-large","27":"first","28":"outofstock","29":"taxable","30":"shipping-taxable","31":"purchasable","32":"product-type-simple"},"yoast_head":"<!-- This site is optimized with the Yoast SEO plugin v26.6 - https:\/\/yoast.com\/wordpress\/plugins\/seo\/ -->\n<title>ministeps: Emils buntes Regenbogen-Spiel - der-Schulbedarf.shop<\/title>\n<meta name=\"description\" content=\"Alter: \u00a0\u00a0 ab 24 MonatenSpielzeit: \u00a0\u00a0\u00a0\u00a0\u00a0\u00a0\u00a0\u00a0\u00a0\u00a0 ca. 15-20 MinutenSchachtelgr\u00f6\u00dfe: \u00a0\u00a0\u00a0\u00a0\u00a0\u00a0\u00a0\u00a0\u00a0\u00a0 30 x 30 x 7 cmAbmessung: \u00a0\u00a0\u00a0 ca. 7 cmFSC\u00ae-Zertifizierung:\u00a0\u00a0\u00a0\u00a0 FSC MixCE-Zertifizierung:\u00a0\u00a0\u00a0\u00a0\u00a0\u00a0\u00a0\u00a0\u00a0 jaInhalt \/ Ausstattung:\u00a0\u00a0\u00a0\u00a0 Mit gro\u00dfem Regenbogen aus 6 Teilen, Holzw\u00fcrfel und 6 Schiebewolken, Spielplan mit 12 Puzzle-Elementen zum Zuordnen\" \/>\n<meta name=\"robots\" content=\"index, follow, max-snippet:-1, max-image-preview:large, max-video-preview:-1\" \/>\n<link rel=\"canonical\" href=\"https:\/\/der-schulbedarf.shop\/produkt-des-monats\/produkt\/ministeps-emils-buntes-regenbogen-spiel\/\" \/>\n<meta property=\"og:locale\" content=\"de_DE\" \/>\n<meta property=\"og:type\" content=\"article\" \/>\n<meta property=\"og:title\" content=\"ministeps: Emils buntes Regenbogen-Spiel - der-Schulbedarf.shop\" \/>\n<meta property=\"og:description\" content=\"Alter: \u00a0\u00a0 ab 24 MonatenSpielzeit: \u00a0\u00a0\u00a0\u00a0\u00a0\u00a0\u00a0\u00a0\u00a0\u00a0 ca. 15-20 MinutenSchachtelgr\u00f6\u00dfe: \u00a0\u00a0\u00a0\u00a0\u00a0\u00a0\u00a0\u00a0\u00a0\u00a0 30 x 30 x 7 cmAbmessung: \u00a0\u00a0\u00a0 ca. 7 cmFSC\u00ae-Zertifizierung:\u00a0\u00a0\u00a0\u00a0 FSC MixCE-Zertifizierung:\u00a0\u00a0\u00a0\u00a0\u00a0\u00a0\u00a0\u00a0\u00a0 jaInhalt \/ Ausstattung:\u00a0\u00a0\u00a0\u00a0 Mit gro\u00dfem Regenbogen aus 6 Teilen, Holzw\u00fcrfel und 6 Schiebewolken, Spielplan mit 12 Puzzle-Elementen zum Zuordnen\" \/>\n<meta property=\"og:url\" content=\"https:\/\/der-schulbedarf.shop\/produkt-des-monats\/produkt\/ministeps-emils-buntes-regenbogen-spiel\/\" \/>\n<meta property=\"og:site_name\" content=\"der-Schulbedarf.shop\" \/>\n<meta property=\"article:modified_time\" content=\"2024-11-27T11:14:11+00:00\" \/>\n<meta property=\"og:image\" content=\"https:\/\/der-schulbedarf.shop\/wp-content\/uploads\/2024\/05\/ministeps-Emils-buntes-Regenbogen-Spiel-Kinderspiel-ab-age-Jahren-04582.webp\" \/>\n\t<meta property=\"og:image:width\" content=\"418\" \/>\n\t<meta property=\"og:image:height\" content=\"445\" \/>\n\t<meta property=\"og:image:type\" content=\"image\/webp\" \/>\n<meta name=\"twitter:card\" content=\"summary_large_image\" \/>\n<meta name=\"twitter:label1\" content=\"Gesch\u00e4tzte Lesezeit\" \/>\n\t<meta name=\"twitter:data1\" content=\"2\u00a0Minuten\" \/>\n<script type=\"application\/ld+json\" class=\"yoast-schema-graph\">{\"@context\":\"https:\/\/schema.org\",\"@graph\":[{\"@type\":\"WebPage\",\"@id\":\"https:\/\/der-schulbedarf.shop\/produkt-des-monats\/produkt\/ministeps-emils-buntes-regenbogen-spiel\/\",\"url\":\"https:\/\/der-schulbedarf.shop\/produkt-des-monats\/produkt\/ministeps-emils-buntes-regenbogen-spiel\/\",\"name\":\"ministeps: Emils buntes Regenbogen-Spiel - der-Schulbedarf.shop\",\"isPartOf\":{\"@id\":\"https:\/\/der-schulbedarf.shop\/produkt-des-monats\/#website\"},\"primaryImageOfPage\":{\"@id\":\"https:\/\/der-schulbedarf.shop\/produkt-des-monats\/produkt\/ministeps-emils-buntes-regenbogen-spiel\/#primaryimage\"},\"image\":{\"@id\":\"https:\/\/der-schulbedarf.shop\/produkt-des-monats\/produkt\/ministeps-emils-buntes-regenbogen-spiel\/#primaryimage\"},\"thumbnailUrl\":\"https:\/\/der-schulbedarf.shop\/wp-content\/uploads\/2024\/05\/ministeps-Emils-buntes-Regenbogen-Spiel-Kinderspiel-ab-age-Jahren-04582.webp\",\"datePublished\":\"2024-05-13T08:07:50+00:00\",\"dateModified\":\"2024-11-27T11:14:11+00:00\",\"description\":\"Alter: \u00a0\u00a0 ab 24 MonatenSpielzeit: \u00a0\u00a0\u00a0\u00a0\u00a0\u00a0\u00a0\u00a0\u00a0\u00a0 ca. 15-20 MinutenSchachtelgr\u00f6\u00dfe: \u00a0\u00a0\u00a0\u00a0\u00a0\u00a0\u00a0\u00a0\u00a0\u00a0 30 x 30 x 7 cmAbmessung: \u00a0\u00a0\u00a0 ca. 7 cmFSC\u00ae-Zertifizierung:\u00a0\u00a0\u00a0\u00a0 FSC MixCE-Zertifizierung:\u00a0\u00a0\u00a0\u00a0\u00a0\u00a0\u00a0\u00a0\u00a0 jaInhalt \/ Ausstattung:\u00a0\u00a0\u00a0\u00a0 Mit gro\u00dfem Regenbogen aus 6 Teilen, Holzw\u00fcrfel und 6 Schiebewolken, Spielplan mit 12 Puzzle-Elementen zum Zuordnen\",\"breadcrumb\":{\"@id\":\"https:\/\/der-schulbedarf.shop\/produkt-des-monats\/produkt\/ministeps-emils-buntes-regenbogen-spiel\/#breadcrumb\"},\"inLanguage\":\"de\",\"potentialAction\":[{\"@type\":\"ReadAction\",\"target\":[\"https:\/\/der-schulbedarf.shop\/produkt-des-monats\/produkt\/ministeps-emils-buntes-regenbogen-spiel\/\"]}]},{\"@type\":\"ImageObject\",\"inLanguage\":\"de\",\"@id\":\"https:\/\/der-schulbedarf.shop\/produkt-des-monats\/produkt\/ministeps-emils-buntes-regenbogen-spiel\/#primaryimage\",\"url\":\"https:\/\/der-schulbedarf.shop\/wp-content\/uploads\/2024\/05\/ministeps-Emils-buntes-Regenbogen-Spiel-Kinderspiel-ab-age-Jahren-04582.webp\",\"contentUrl\":\"https:\/\/der-schulbedarf.shop\/wp-content\/uploads\/2024\/05\/ministeps-Emils-buntes-Regenbogen-Spiel-Kinderspiel-ab-age-Jahren-04582.webp\",\"width\":418,\"height\":445},{\"@type\":\"BreadcrumbList\",\"@id\":\"https:\/\/der-schulbedarf.shop\/produkt-des-monats\/produkt\/ministeps-emils-buntes-regenbogen-spiel\/#breadcrumb\",\"itemListElement\":[{\"@type\":\"ListItem\",\"position\":1,\"name\":\"Shop\",\"item\":\"https:\/\/der-schulbedarf.shop\/produkt-des-monats\/shop\/\"},{\"@type\":\"ListItem\",\"position\":2,\"name\":\"ministeps: Emils buntes Regenbogen-Spiel\"}]},{\"@type\":\"WebSite\",\"@id\":\"https:\/\/der-schulbedarf.shop\/produkt-des-monats\/#website\",\"url\":\"https:\/\/der-schulbedarf.shop\/produkt-des-monats\/\",\"name\":\"der-Schulbedarf.shop\",\"description\":\"\",\"publisher\":{\"@id\":\"https:\/\/der-schulbedarf.shop\/produkt-des-monats\/#organization\"},\"potentialAction\":[{\"@type\":\"SearchAction\",\"target\":{\"@type\":\"EntryPoint\",\"urlTemplate\":\"https:\/\/der-schulbedarf.shop\/produkt-des-monats\/?s={search_term_string}\"},\"query-input\":{\"@type\":\"PropertyValueSpecification\",\"valueRequired\":true,\"valueName\":\"search_term_string\"}}],\"inLanguage\":\"de\"},{\"@type\":\"Organization\",\"@id\":\"https:\/\/der-schulbedarf.shop\/produkt-des-monats\/#organization\",\"name\":\"der-Schulbedarf.shop\",\"url\":\"https:\/\/der-schulbedarf.shop\/produkt-des-monats\/\",\"logo\":{\"@type\":\"ImageObject\",\"inLanguage\":\"de\",\"@id\":\"https:\/\/der-schulbedarf.shop\/produkt-des-monats\/#\/schema\/logo\/image\/\",\"url\":\"https:\/\/der-schulbedarf.shop\/wp-content\/uploads\/2024\/02\/grafik-e1709551115899.png\",\"contentUrl\":\"https:\/\/der-schulbedarf.shop\/wp-content\/uploads\/2024\/02\/grafik-e1709551115899.png\",\"width\":80,\"height\":80,\"caption\":\"der-Schulbedarf.shop\"},\"image\":{\"@id\":\"https:\/\/der-schulbedarf.shop\/produkt-des-monats\/#\/schema\/logo\/image\/\"}}]}<\/script>\n<!-- \/ Yoast SEO plugin. -->","yoast_head_json":{"title":"ministeps: Emils buntes Regenbogen-Spiel - der-Schulbedarf.shop","description":"Alter: \u00a0\u00a0 ab 24 MonatenSpielzeit: \u00a0\u00a0\u00a0\u00a0\u00a0\u00a0\u00a0\u00a0\u00a0\u00a0 ca. 15-20 MinutenSchachtelgr\u00f6\u00dfe: \u00a0\u00a0\u00a0\u00a0\u00a0\u00a0\u00a0\u00a0\u00a0\u00a0 30 x 30 x 7 cmAbmessung: \u00a0\u00a0\u00a0 ca. 7 cmFSC\u00ae-Zertifizierung:\u00a0\u00a0\u00a0\u00a0 FSC MixCE-Zertifizierung:\u00a0\u00a0\u00a0\u00a0\u00a0\u00a0\u00a0\u00a0\u00a0 jaInhalt \/ Ausstattung:\u00a0\u00a0\u00a0\u00a0 Mit gro\u00dfem Regenbogen aus 6 Teilen, Holzw\u00fcrfel und 6 Schiebewolken, Spielplan mit 12 Puzzle-Elementen zum Zuordnen","robots":{"index":"index","follow":"follow","max-snippet":"max-snippet:-1","max-image-preview":"max-image-preview:large","max-video-preview":"max-video-preview:-1"},"canonical":"https:\/\/der-schulbedarf.shop\/produkt-des-monats\/produkt\/ministeps-emils-buntes-regenbogen-spiel\/","og_locale":"de_DE","og_type":"article","og_title":"ministeps: Emils buntes Regenbogen-Spiel - der-Schulbedarf.shop","og_description":"Alter: \u00a0\u00a0 ab 24 MonatenSpielzeit: \u00a0\u00a0\u00a0\u00a0\u00a0\u00a0\u00a0\u00a0\u00a0\u00a0 ca. 15-20 MinutenSchachtelgr\u00f6\u00dfe: \u00a0\u00a0\u00a0\u00a0\u00a0\u00a0\u00a0\u00a0\u00a0\u00a0 30 x 30 x 7 cmAbmessung: \u00a0\u00a0\u00a0 ca. 7 cmFSC\u00ae-Zertifizierung:\u00a0\u00a0\u00a0\u00a0 FSC MixCE-Zertifizierung:\u00a0\u00a0\u00a0\u00a0\u00a0\u00a0\u00a0\u00a0\u00a0 jaInhalt \/ Ausstattung:\u00a0\u00a0\u00a0\u00a0 Mit gro\u00dfem Regenbogen aus 6 Teilen, Holzw\u00fcrfel und 6 Schiebewolken, Spielplan mit 12 Puzzle-Elementen zum Zuordnen","og_url":"https:\/\/der-schulbedarf.shop\/produkt-des-monats\/produkt\/ministeps-emils-buntes-regenbogen-spiel\/","og_site_name":"der-Schulbedarf.shop","article_modified_time":"2024-11-27T11:14:11+00:00","og_image":[{"width":418,"height":445,"url":"https:\/\/der-schulbedarf.shop\/wp-content\/uploads\/2024\/05\/ministeps-Emils-buntes-Regenbogen-Spiel-Kinderspiel-ab-age-Jahren-04582.webp","type":"image\/webp"}],"twitter_card":"summary_large_image","twitter_misc":{"Gesch\u00e4tzte Lesezeit":"2\u00a0Minuten"},"schema":{"@context":"https:\/\/schema.org","@graph":[{"@type":"WebPage","@id":"https:\/\/der-schulbedarf.shop\/produkt-des-monats\/produkt\/ministeps-emils-buntes-regenbogen-spiel\/","url":"https:\/\/der-schulbedarf.shop\/produkt-des-monats\/produkt\/ministeps-emils-buntes-regenbogen-spiel\/","name":"ministeps: Emils buntes Regenbogen-Spiel - der-Schulbedarf.shop","isPartOf":{"@id":"https:\/\/der-schulbedarf.shop\/produkt-des-monats\/#website"},"primaryImageOfPage":{"@id":"https:\/\/der-schulbedarf.shop\/produkt-des-monats\/produkt\/ministeps-emils-buntes-regenbogen-spiel\/#primaryimage"},"image":{"@id":"https:\/\/der-schulbedarf.shop\/produkt-des-monats\/produkt\/ministeps-emils-buntes-regenbogen-spiel\/#primaryimage"},"thumbnailUrl":"https:\/\/der-schulbedarf.shop\/wp-content\/uploads\/2024\/05\/ministeps-Emils-buntes-Regenbogen-Spiel-Kinderspiel-ab-age-Jahren-04582.webp","datePublished":"2024-05-13T08:07:50+00:00","dateModified":"2024-11-27T11:14:11+00:00","description":"Alter: \u00a0\u00a0 ab 24 MonatenSpielzeit: \u00a0\u00a0\u00a0\u00a0\u00a0\u00a0\u00a0\u00a0\u00a0\u00a0 ca. 15-20 MinutenSchachtelgr\u00f6\u00dfe: \u00a0\u00a0\u00a0\u00a0\u00a0\u00a0\u00a0\u00a0\u00a0\u00a0 30 x 30 x 7 cmAbmessung: \u00a0\u00a0\u00a0 ca. 7 cmFSC\u00ae-Zertifizierung:\u00a0\u00a0\u00a0\u00a0 FSC MixCE-Zertifizierung:\u00a0\u00a0\u00a0\u00a0\u00a0\u00a0\u00a0\u00a0\u00a0 jaInhalt \/ Ausstattung:\u00a0\u00a0\u00a0\u00a0 Mit gro\u00dfem Regenbogen aus 6 Teilen, Holzw\u00fcrfel und 6 Schiebewolken, Spielplan mit 12 Puzzle-Elementen zum Zuordnen","breadcrumb":{"@id":"https:\/\/der-schulbedarf.shop\/produkt-des-monats\/produkt\/ministeps-emils-buntes-regenbogen-spiel\/#breadcrumb"},"inLanguage":"de","potentialAction":[{"@type":"ReadAction","target":["https:\/\/der-schulbedarf.shop\/produkt-des-monats\/produkt\/ministeps-emils-buntes-regenbogen-spiel\/"]}]},{"@type":"ImageObject","inLanguage":"de","@id":"https:\/\/der-schulbedarf.shop\/produkt-des-monats\/produkt\/ministeps-emils-buntes-regenbogen-spiel\/#primaryimage","url":"https:\/\/der-schulbedarf.shop\/wp-content\/uploads\/2024\/05\/ministeps-Emils-buntes-Regenbogen-Spiel-Kinderspiel-ab-age-Jahren-04582.webp","contentUrl":"https:\/\/der-schulbedarf.shop\/wp-content\/uploads\/2024\/05\/ministeps-Emils-buntes-Regenbogen-Spiel-Kinderspiel-ab-age-Jahren-04582.webp","width":418,"height":445},{"@type":"BreadcrumbList","@id":"https:\/\/der-schulbedarf.shop\/produkt-des-monats\/produkt\/ministeps-emils-buntes-regenbogen-spiel\/#breadcrumb","itemListElement":[{"@type":"ListItem","position":1,"name":"Shop","item":"https:\/\/der-schulbedarf.shop\/produkt-des-monats\/shop\/"},{"@type":"ListItem","position":2,"name":"ministeps: Emils buntes Regenbogen-Spiel"}]},{"@type":"WebSite","@id":"https:\/\/der-schulbedarf.shop\/produkt-des-monats\/#website","url":"https:\/\/der-schulbedarf.shop\/produkt-des-monats\/","name":"der-Schulbedarf.shop","description":"","publisher":{"@id":"https:\/\/der-schulbedarf.shop\/produkt-des-monats\/#organization"},"potentialAction":[{"@type":"SearchAction","target":{"@type":"EntryPoint","urlTemplate":"https:\/\/der-schulbedarf.shop\/produkt-des-monats\/?s={search_term_string}"},"query-input":{"@type":"PropertyValueSpecification","valueRequired":true,"valueName":"search_term_string"}}],"inLanguage":"de"},{"@type":"Organization","@id":"https:\/\/der-schulbedarf.shop\/produkt-des-monats\/#organization","name":"der-Schulbedarf.shop","url":"https:\/\/der-schulbedarf.shop\/produkt-des-monats\/","logo":{"@type":"ImageObject","inLanguage":"de","@id":"https:\/\/der-schulbedarf.shop\/produkt-des-monats\/#\/schema\/logo\/image\/","url":"https:\/\/der-schulbedarf.shop\/wp-content\/uploads\/2024\/02\/grafik-e1709551115899.png","contentUrl":"https:\/\/der-schulbedarf.shop\/wp-content\/uploads\/2024\/02\/grafik-e1709551115899.png","width":80,"height":80,"caption":"der-Schulbedarf.shop"},"image":{"@id":"https:\/\/der-schulbedarf.shop\/produkt-des-monats\/#\/schema\/logo\/image\/"}}]}},"_links":{"self":[{"href":"https:\/\/der-schulbedarf.shop\/produkt-des-monats\/wp-json\/wp\/v2\/product\/3517","targetHints":{"allow":["GET"]}}],"collection":[{"href":"https:\/\/der-schulbedarf.shop\/produkt-des-monats\/wp-json\/wp\/v2\/product"}],"about":[{"href":"https:\/\/der-schulbedarf.shop\/produkt-des-monats\/wp-json\/wp\/v2\/types\/product"}],"replies":[{"embeddable":true,"href":"https:\/\/der-schulbedarf.shop\/produkt-des-monats\/wp-json\/wp\/v2\/comments?post=3517"}],"wp:featuredmedia":[{"embeddable":true,"href":"https:\/\/der-schulbedarf.shop\/produkt-des-monats\/wp-json\/wp\/v2\/media\/3518"}],"wp:attachment":[{"href":"https:\/\/der-schulbedarf.shop\/produkt-des-monats\/wp-json\/wp\/v2\/media?parent=3517"}],"wp:term":[{"taxonomy":"product_cat","embeddable":true,"href":"https:\/\/der-schulbedarf.shop\/produkt-des-monats\/wp-json\/wp\/v2\/product_cat?post=3517"},{"taxonomy":"product_tag","embeddable":true,"href":"https:\/\/der-schulbedarf.shop\/produkt-des-monats\/wp-json\/wp\/v2\/product_tag?post=3517"}],"curies":[{"name":"wp","href":"https:\/\/api.w.org\/{rel}","templated":true}]}}