{"id":3519,"date":"2024-05-13T08:15:12","date_gmt":"2024-05-13T08:15:12","guid":{"rendered":"https:\/\/der-schulbedarf.Shop\/?post_type=product&#038;p=3519"},"modified":"2024-11-27T11:13:56","modified_gmt":"2024-11-27T11:13:56","slug":"ministeps-wer-macht-was","status":"publish","type":"product","link":"https:\/\/der-schulbedarf.shop\/produkt-des-monats\/produkt\/ministeps-wer-macht-was\/","title":{"rendered":"ministeps: Wer macht was?"},"content":{"rendered":"<p class=\"brief-description\">Hier ist was los!<\/p>\n<p>Wer f\u00fcttert die Tiere? Was macht Mateo im Sandkasten? Wer gie\u00dft die Blumen? 21 Magnete k\u00f6nnen in diesem Buch an die richtige Stelle platziert oder ganz frei auf den magnetischen Seiten verteilt werden.<\/p>\n<p>Magnetbuch mit vielen Magneten zum Spielen<\/p>\n<p>Hier sind viele Leute unterwegs! Aber wer macht eigentlich was? Bauer Emil f\u00fcttert auf dem Bauernhof die K\u00fche, Lukas fotografiert die Tiger im Zoo und Nele baut auf dem Spielplatz eine gro\u00dfe Sandburg. Und was machen Mara, Mateo und Opa? Gro\u00dfe Spielszenen laden dazu ein, 21 Magnete den richtigen Bildern zuzuordnen oder auf den vollfl\u00e4chig magnetischen Seiten ganz frei damit zu spielen. Nach dem Spiel k\u00f6nnen alle Magnete direkt im Buch aufbewahrt werden.<\/p>\n<p>ministeps Produkte begleiten Kleinkinder Schritt f\u00fcr Schritt bei ihrer geistigen und k\u00f6rperlichen Entwicklung. Sie sind in Form und Konzept genau auf den jeweiligen Entwicklungsschritt der Kleinen abgestimmt und wurden mit P\u00e4dagogen entwickelt. So f\u00f6rdern sie Kinder altersgerecht und mit viel Spa\u00df!<br \/>\nAlle ministeps Spielzeuge und B\u00fccher bestehen aus unbedenklichen Materialien.<\/p>\n<p>EAN:\u00a0\u00a0\u00a0\u00a0 9783473302505<\/p>\n<p>ISBN:\u00a0\u00a0\u00a0 978-3-473-30250-5<\/p>\n<p>Alter: \u00a0\u00a0 ab 24 Monaten<\/p>\n<p>Anzahl der Seiten: \u00a0\u00a0\u00a0\u00a0\u00a0\u00a0\u00a0 10<\/p>\n<p>Einband: \u00a0\u00a0\u00a0\u00a0\u00a0\u00a0\u00a0\u00a0\u00a0\u00a0\u00a0 Spiralbindung<\/p>\n<p>Format: \u00a0\u00a0\u00a0\u00a0\u00a0\u00a0\u00a0\u00a0\u00a0\u00a0\u00a0\u00a0\u00a0 22,6 x 24,4 cm<\/p>\n<p>FSC\u00ae-Zertifizierung:\u00a0\u00a0\u00a0\u00a0 FSC Mix<\/p>\n<p>CE-Zertifizierung:\u00a0\u00a0\u00a0\u00a0\u00a0\u00a0\u00a0\u00a0\u00a0 ja<\/p>\n","protected":false},"excerpt":{"rendered":"<p>Hier ist was los! Wer f\u00fcttert die Tiere? Was macht Mateo im Sandkasten? Wer gie\u00dft die Blumen? 21 Magnete k\u00f6nnen in diesem Buch an die richtige Stelle platziert oder ganz frei auf den magnetischen Seiten verteilt werden. Magnetbuch mit vielen Magneten zum Spielen Hier sind viele Leute unterwegs! Aber wer macht eigentlich was? Bauer Emil [&hellip;]<\/p>\n","protected":false},"featured_media":3520,"comment_status":"open","ping_status":"closed","template":"","meta":[],"product_cat":[224,34,225,37,1028],"product_tag":[1044,1045,111,539,959,997,998,149,189,1048,880,193,480],"class_list":{"0":"post-3519","1":"product","2":"type-product","3":"status-publish","4":"has-post-thumbnail","6":"product_cat-kinderbuecher","7":"product_cat-kinderspielzeug","8":"product_cat-ravensburger-kinderbuecher","9":"product_cat-ravensburger","10":"product_cat-vorschulalter","11":"product_tag-ab-2-jahren","12":"product_tag-ab-24-monaten","13":"product_tag-beschaeftigung","14":"product_tag-jungen","15":"product_tag-kindergarten","16":"product_tag-kindertagesstaette","17":"product_tag-kita","18":"product_tag-lernen","19":"product_tag-maedchen","20":"product_tag-magnetbuch","21":"product_tag-ministeps","22":"product_tag-ravensburger","23":"product_tag-vorschule","24":"post","25":"post-with-thumbnail","26":"post-with-thumbnail-large","28":"first","29":"outofstock","30":"taxable","31":"shipping-taxable","32":"purchasable","33":"product-type-simple"},"yoast_head":"<!-- This site is optimized with the Yoast SEO plugin v26.6 - https:\/\/yoast.com\/wordpress\/plugins\/seo\/ -->\n<title>ministeps: Wer macht was? - der-Schulbedarf.shop<\/title>\n<meta name=\"description\" content=\"Hier ist was los! Wer f\u00fcttert die Tiere? Was macht Mateo im Sandkasten? Wer gie\u00dft die Blumen? 21 Magnete k\u00f6nnen in diesem Buch an die richtige Stelle platziert oder ganz frei auf den magnetischen Seiten verteilt werden. Magnetbuch mit vielen Magneten zum Spielen\" \/>\n<meta name=\"robots\" content=\"index, follow, max-snippet:-1, max-image-preview:large, max-video-preview:-1\" \/>\n<link rel=\"canonical\" href=\"https:\/\/der-schulbedarf.shop\/produkt-des-monats\/produkt\/ministeps-wer-macht-was\/\" \/>\n<meta property=\"og:locale\" content=\"de_DE\" \/>\n<meta property=\"og:type\" content=\"article\" \/>\n<meta property=\"og:title\" content=\"ministeps: Wer macht was? - der-Schulbedarf.shop\" \/>\n<meta property=\"og:description\" content=\"Hier ist was los! Wer f\u00fcttert die Tiere? Was macht Mateo im Sandkasten? Wer gie\u00dft die Blumen? 21 Magnete k\u00f6nnen in diesem Buch an die richtige Stelle platziert oder ganz frei auf den magnetischen Seiten verteilt werden. Magnetbuch mit vielen Magneten zum Spielen\" \/>\n<meta property=\"og:url\" content=\"https:\/\/der-schulbedarf.shop\/produkt-des-monats\/produkt\/ministeps-wer-macht-was\/\" \/>\n<meta property=\"og:site_name\" content=\"der-Schulbedarf.shop\" \/>\n<meta property=\"article:modified_time\" content=\"2024-11-27T11:13:56+00:00\" \/>\n<meta property=\"og:image\" content=\"https:\/\/der-schulbedarf.shop\/wp-content\/uploads\/2024\/05\/ministeps-Wer-macht-was-30250.webp\" \/>\n\t<meta property=\"og:image:width\" content=\"475\" \/>\n\t<meta property=\"og:image:height\" content=\"445\" \/>\n\t<meta property=\"og:image:type\" content=\"image\/webp\" \/>\n<meta name=\"twitter:card\" content=\"summary_large_image\" \/>\n<meta name=\"twitter:label1\" content=\"Gesch\u00e4tzte Lesezeit\" \/>\n\t<meta name=\"twitter:data1\" content=\"2\u00a0Minuten\" \/>\n<script type=\"application\/ld+json\" class=\"yoast-schema-graph\">{\"@context\":\"https:\/\/schema.org\",\"@graph\":[{\"@type\":\"WebPage\",\"@id\":\"https:\/\/der-schulbedarf.shop\/produkt-des-monats\/produkt\/ministeps-wer-macht-was\/\",\"url\":\"https:\/\/der-schulbedarf.shop\/produkt-des-monats\/produkt\/ministeps-wer-macht-was\/\",\"name\":\"ministeps: Wer macht was? - der-Schulbedarf.shop\",\"isPartOf\":{\"@id\":\"https:\/\/der-schulbedarf.shop\/produkt-des-monats\/#website\"},\"primaryImageOfPage\":{\"@id\":\"https:\/\/der-schulbedarf.shop\/produkt-des-monats\/produkt\/ministeps-wer-macht-was\/#primaryimage\"},\"image\":{\"@id\":\"https:\/\/der-schulbedarf.shop\/produkt-des-monats\/produkt\/ministeps-wer-macht-was\/#primaryimage\"},\"thumbnailUrl\":\"https:\/\/der-schulbedarf.shop\/wp-content\/uploads\/2024\/05\/ministeps-Wer-macht-was-30250.webp\",\"datePublished\":\"2024-05-13T08:15:12+00:00\",\"dateModified\":\"2024-11-27T11:13:56+00:00\",\"description\":\"Hier ist was los! Wer f\u00fcttert die Tiere? Was macht Mateo im Sandkasten? Wer gie\u00dft die Blumen? 21 Magnete k\u00f6nnen in diesem Buch an die richtige Stelle platziert oder ganz frei auf den magnetischen Seiten verteilt werden. Magnetbuch mit vielen Magneten zum Spielen\",\"breadcrumb\":{\"@id\":\"https:\/\/der-schulbedarf.shop\/produkt-des-monats\/produkt\/ministeps-wer-macht-was\/#breadcrumb\"},\"inLanguage\":\"de\",\"potentialAction\":[{\"@type\":\"ReadAction\",\"target\":[\"https:\/\/der-schulbedarf.shop\/produkt-des-monats\/produkt\/ministeps-wer-macht-was\/\"]}]},{\"@type\":\"ImageObject\",\"inLanguage\":\"de\",\"@id\":\"https:\/\/der-schulbedarf.shop\/produkt-des-monats\/produkt\/ministeps-wer-macht-was\/#primaryimage\",\"url\":\"https:\/\/der-schulbedarf.shop\/wp-content\/uploads\/2024\/05\/ministeps-Wer-macht-was-30250.webp\",\"contentUrl\":\"https:\/\/der-schulbedarf.shop\/wp-content\/uploads\/2024\/05\/ministeps-Wer-macht-was-30250.webp\",\"width\":475,\"height\":445},{\"@type\":\"BreadcrumbList\",\"@id\":\"https:\/\/der-schulbedarf.shop\/produkt-des-monats\/produkt\/ministeps-wer-macht-was\/#breadcrumb\",\"itemListElement\":[{\"@type\":\"ListItem\",\"position\":1,\"name\":\"Shop\",\"item\":\"https:\/\/der-schulbedarf.shop\/produkt-des-monats\/shop\/\"},{\"@type\":\"ListItem\",\"position\":2,\"name\":\"ministeps: Wer macht was?\"}]},{\"@type\":\"WebSite\",\"@id\":\"https:\/\/der-schulbedarf.shop\/produkt-des-monats\/#website\",\"url\":\"https:\/\/der-schulbedarf.shop\/produkt-des-monats\/\",\"name\":\"der-Schulbedarf.shop\",\"description\":\"\",\"publisher\":{\"@id\":\"https:\/\/der-schulbedarf.shop\/produkt-des-monats\/#organization\"},\"potentialAction\":[{\"@type\":\"SearchAction\",\"target\":{\"@type\":\"EntryPoint\",\"urlTemplate\":\"https:\/\/der-schulbedarf.shop\/produkt-des-monats\/?s={search_term_string}\"},\"query-input\":{\"@type\":\"PropertyValueSpecification\",\"valueRequired\":true,\"valueName\":\"search_term_string\"}}],\"inLanguage\":\"de\"},{\"@type\":\"Organization\",\"@id\":\"https:\/\/der-schulbedarf.shop\/produkt-des-monats\/#organization\",\"name\":\"der-Schulbedarf.shop\",\"url\":\"https:\/\/der-schulbedarf.shop\/produkt-des-monats\/\",\"logo\":{\"@type\":\"ImageObject\",\"inLanguage\":\"de\",\"@id\":\"https:\/\/der-schulbedarf.shop\/produkt-des-monats\/#\/schema\/logo\/image\/\",\"url\":\"https:\/\/der-schulbedarf.shop\/wp-content\/uploads\/2024\/02\/grafik-e1709551115899.png\",\"contentUrl\":\"https:\/\/der-schulbedarf.shop\/wp-content\/uploads\/2024\/02\/grafik-e1709551115899.png\",\"width\":80,\"height\":80,\"caption\":\"der-Schulbedarf.shop\"},\"image\":{\"@id\":\"https:\/\/der-schulbedarf.shop\/produkt-des-monats\/#\/schema\/logo\/image\/\"}}]}<\/script>\n<!-- \/ Yoast SEO plugin. -->","yoast_head_json":{"title":"ministeps: Wer macht was? - der-Schulbedarf.shop","description":"Hier ist was los! Wer f\u00fcttert die Tiere? Was macht Mateo im Sandkasten? Wer gie\u00dft die Blumen? 21 Magnete k\u00f6nnen in diesem Buch an die richtige Stelle platziert oder ganz frei auf den magnetischen Seiten verteilt werden. Magnetbuch mit vielen Magneten zum Spielen","robots":{"index":"index","follow":"follow","max-snippet":"max-snippet:-1","max-image-preview":"max-image-preview:large","max-video-preview":"max-video-preview:-1"},"canonical":"https:\/\/der-schulbedarf.shop\/produkt-des-monats\/produkt\/ministeps-wer-macht-was\/","og_locale":"de_DE","og_type":"article","og_title":"ministeps: Wer macht was? - der-Schulbedarf.shop","og_description":"Hier ist was los! Wer f\u00fcttert die Tiere? Was macht Mateo im Sandkasten? Wer gie\u00dft die Blumen? 21 Magnete k\u00f6nnen in diesem Buch an die richtige Stelle platziert oder ganz frei auf den magnetischen Seiten verteilt werden. Magnetbuch mit vielen Magneten zum Spielen","og_url":"https:\/\/der-schulbedarf.shop\/produkt-des-monats\/produkt\/ministeps-wer-macht-was\/","og_site_name":"der-Schulbedarf.shop","article_modified_time":"2024-11-27T11:13:56+00:00","og_image":[{"width":475,"height":445,"url":"https:\/\/der-schulbedarf.shop\/wp-content\/uploads\/2024\/05\/ministeps-Wer-macht-was-30250.webp","type":"image\/webp"}],"twitter_card":"summary_large_image","twitter_misc":{"Gesch\u00e4tzte Lesezeit":"2\u00a0Minuten"},"schema":{"@context":"https:\/\/schema.org","@graph":[{"@type":"WebPage","@id":"https:\/\/der-schulbedarf.shop\/produkt-des-monats\/produkt\/ministeps-wer-macht-was\/","url":"https:\/\/der-schulbedarf.shop\/produkt-des-monats\/produkt\/ministeps-wer-macht-was\/","name":"ministeps: Wer macht was? - der-Schulbedarf.shop","isPartOf":{"@id":"https:\/\/der-schulbedarf.shop\/produkt-des-monats\/#website"},"primaryImageOfPage":{"@id":"https:\/\/der-schulbedarf.shop\/produkt-des-monats\/produkt\/ministeps-wer-macht-was\/#primaryimage"},"image":{"@id":"https:\/\/der-schulbedarf.shop\/produkt-des-monats\/produkt\/ministeps-wer-macht-was\/#primaryimage"},"thumbnailUrl":"https:\/\/der-schulbedarf.shop\/wp-content\/uploads\/2024\/05\/ministeps-Wer-macht-was-30250.webp","datePublished":"2024-05-13T08:15:12+00:00","dateModified":"2024-11-27T11:13:56+00:00","description":"Hier ist was los! Wer f\u00fcttert die Tiere? Was macht Mateo im Sandkasten? Wer gie\u00dft die Blumen? 21 Magnete k\u00f6nnen in diesem Buch an die richtige Stelle platziert oder ganz frei auf den magnetischen Seiten verteilt werden. Magnetbuch mit vielen Magneten zum Spielen","breadcrumb":{"@id":"https:\/\/der-schulbedarf.shop\/produkt-des-monats\/produkt\/ministeps-wer-macht-was\/#breadcrumb"},"inLanguage":"de","potentialAction":[{"@type":"ReadAction","target":["https:\/\/der-schulbedarf.shop\/produkt-des-monats\/produkt\/ministeps-wer-macht-was\/"]}]},{"@type":"ImageObject","inLanguage":"de","@id":"https:\/\/der-schulbedarf.shop\/produkt-des-monats\/produkt\/ministeps-wer-macht-was\/#primaryimage","url":"https:\/\/der-schulbedarf.shop\/wp-content\/uploads\/2024\/05\/ministeps-Wer-macht-was-30250.webp","contentUrl":"https:\/\/der-schulbedarf.shop\/wp-content\/uploads\/2024\/05\/ministeps-Wer-macht-was-30250.webp","width":475,"height":445},{"@type":"BreadcrumbList","@id":"https:\/\/der-schulbedarf.shop\/produkt-des-monats\/produkt\/ministeps-wer-macht-was\/#breadcrumb","itemListElement":[{"@type":"ListItem","position":1,"name":"Shop","item":"https:\/\/der-schulbedarf.shop\/produkt-des-monats\/shop\/"},{"@type":"ListItem","position":2,"name":"ministeps: Wer macht was?"}]},{"@type":"WebSite","@id":"https:\/\/der-schulbedarf.shop\/produkt-des-monats\/#website","url":"https:\/\/der-schulbedarf.shop\/produkt-des-monats\/","name":"der-Schulbedarf.shop","description":"","publisher":{"@id":"https:\/\/der-schulbedarf.shop\/produkt-des-monats\/#organization"},"potentialAction":[{"@type":"SearchAction","target":{"@type":"EntryPoint","urlTemplate":"https:\/\/der-schulbedarf.shop\/produkt-des-monats\/?s={search_term_string}"},"query-input":{"@type":"PropertyValueSpecification","valueRequired":true,"valueName":"search_term_string"}}],"inLanguage":"de"},{"@type":"Organization","@id":"https:\/\/der-schulbedarf.shop\/produkt-des-monats\/#organization","name":"der-Schulbedarf.shop","url":"https:\/\/der-schulbedarf.shop\/produkt-des-monats\/","logo":{"@type":"ImageObject","inLanguage":"de","@id":"https:\/\/der-schulbedarf.shop\/produkt-des-monats\/#\/schema\/logo\/image\/","url":"https:\/\/der-schulbedarf.shop\/wp-content\/uploads\/2024\/02\/grafik-e1709551115899.png","contentUrl":"https:\/\/der-schulbedarf.shop\/wp-content\/uploads\/2024\/02\/grafik-e1709551115899.png","width":80,"height":80,"caption":"der-Schulbedarf.shop"},"image":{"@id":"https:\/\/der-schulbedarf.shop\/produkt-des-monats\/#\/schema\/logo\/image\/"}}]}},"_links":{"self":[{"href":"https:\/\/der-schulbedarf.shop\/produkt-des-monats\/wp-json\/wp\/v2\/product\/3519","targetHints":{"allow":["GET"]}}],"collection":[{"href":"https:\/\/der-schulbedarf.shop\/produkt-des-monats\/wp-json\/wp\/v2\/product"}],"about":[{"href":"https:\/\/der-schulbedarf.shop\/produkt-des-monats\/wp-json\/wp\/v2\/types\/product"}],"replies":[{"embeddable":true,"href":"https:\/\/der-schulbedarf.shop\/produkt-des-monats\/wp-json\/wp\/v2\/comments?post=3519"}],"wp:featuredmedia":[{"embeddable":true,"href":"https:\/\/der-schulbedarf.shop\/produkt-des-monats\/wp-json\/wp\/v2\/media\/3520"}],"wp:attachment":[{"href":"https:\/\/der-schulbedarf.shop\/produkt-des-monats\/wp-json\/wp\/v2\/media?parent=3519"}],"wp:term":[{"taxonomy":"product_cat","embeddable":true,"href":"https:\/\/der-schulbedarf.shop\/produkt-des-monats\/wp-json\/wp\/v2\/product_cat?post=3519"},{"taxonomy":"product_tag","embeddable":true,"href":"https:\/\/der-schulbedarf.shop\/produkt-des-monats\/wp-json\/wp\/v2\/product_tag?post=3519"}],"curies":[{"name":"wp","href":"https:\/\/api.w.org\/{rel}","templated":true}]}}