{"id":3521,"date":"2024-05-13T08:21:38","date_gmt":"2024-05-13T08:21:38","guid":{"rendered":"https:\/\/der-schulbedarf.Shop\/?post_type=product&#038;p=3521"},"modified":"2024-11-27T11:07:37","modified_gmt":"2024-11-27T11:07:37","slug":"ministeps-wer-spielt-mit-wem-bauernhoftiere","status":"publish","type":"product","link":"https:\/\/der-schulbedarf.shop\/produkt-des-monats\/produkt\/ministeps-wer-spielt-mit-wem-bauernhoftiere\/","title":{"rendered":"ministeps: Wer spielt mit wem? Bauernhoftiere"},"content":{"rendered":"<p class=\"brief-description\">Magnetspa\u00df auf dem Bauernhof<\/p>\n<p>Die Bauernhoftiere wollen spielen! Aus sechs gro\u00dfen Magneten k\u00f6nnen Kinder das passende Tier ausw\u00e4hlen und den Szenen zuordnen. Kurze Reime und Aufforderungen helfen beim Zuordnen und f\u00f6rdern das erste Sprechen.<\/p>\n<p>Wer spielt auf dem Bauernhof?<\/p>\n<p>Auf dem Bauernhof wird wild gespielt: Vergn\u00fcgt suhlen sich die Ferkel im Matsch und die G\u00e4nse planschen am Wasser. Huch, und wo flitzen die M\u00e4use denn hin? In diesem Spielbuch k\u00f6nnen Kinder ab 12 Monaten aus sechs magnetischen Tieren w\u00e4hlen und diese in die Szene setzen. Das animiert zum Zuordnen und freien Spiel. Die gro\u00dfen Magnete erm\u00f6glichen auch kleinen Kinderh\u00e4nden ein leichtes Greifen. Ideal kombinierbar mit dem ministeps-Titel \u201eMein erstes Magnetbuch: Wer geh\u00f6rt zu wem? Tierkinder\u201c.<\/p>\n<p>ministeps Produkte begleiten Kleinkinder Schritt f\u00fcr Schritt bei ihrer geistigen und k\u00f6rperlichen Entwicklung. Sie sind in Form und Konzept genau auf den jeweiligen Entwicklungsschritt der Kleinen abgestimmt und wurden mit P\u00e4dagogen entwickelt. So f\u00f6rdern sie Kinder altersgerecht und mit viel Spa\u00df!<br \/>\nAlle ministeps Spielzeuge und B\u00fccher bestehen aus unbedenklichen Materialien.<\/p>\n<p>EAN:\u00a0\u00a0\u00a0\u00a0 9783473302871<\/p>\n<p>ISBN:\u00a0\u00a0\u00a0 978-3-473-30287-1<\/p>\n<p>Alter: \u00a0\u00a0 ab 12 Monaten<\/p>\n<p>Anzahl der Seiten: \u00a0\u00a0\u00a0\u00a0\u00a0\u00a0\u00a0 10<\/p>\n<p>Einband: \u00a0\u00a0\u00a0\u00a0\u00a0\u00a0\u00a0\u00a0\u00a0\u00a0\u00a0 Pappe<\/p>\n<p>Format: \u00a0\u00a0\u00a0\u00a0\u00a0\u00a0\u00a0\u00a0\u00a0\u00a0\u00a0\u00a0\u00a0 19 x 19,1 cm<\/p>\n<p>FSC\u00ae-Zertifizierung:\u00a0\u00a0\u00a0\u00a0 FSC Mix<\/p>\n<p>CE-Zertifizierung:\u00a0\u00a0\u00a0\u00a0\u00a0\u00a0\u00a0\u00a0\u00a0 ja<\/p>\n","protected":false},"excerpt":{"rendered":"<p>Magnetspa\u00df auf dem Bauernhof Die Bauernhoftiere wollen spielen! Aus sechs gro\u00dfen Magneten k\u00f6nnen Kinder das passende Tier ausw\u00e4hlen und den Szenen zuordnen. Kurze Reime und Aufforderungen helfen beim Zuordnen und f\u00f6rdern das erste Sprechen. Wer spielt auf dem Bauernhof? Auf dem Bauernhof wird wild gespielt: Vergn\u00fcgt suhlen sich die Ferkel im Matsch und die G\u00e4nse [&hellip;]<\/p>\n","protected":false},"featured_media":3522,"comment_status":"open","ping_status":"closed","template":"","meta":[],"product_cat":[225,1028],"product_tag":[1049,111,539,997,1050,149,189,1048,880,193,1051,480],"class_list":{"0":"post-3521","1":"product","2":"type-product","3":"status-publish","4":"has-post-thumbnail","6":"product_cat-ravensburger-kinderbuecher","7":"product_cat-vorschulalter","8":"product_tag-ab-12-monaten","9":"product_tag-beschaeftigung","10":"product_tag-jungen","11":"product_tag-kindertagesstaette","12":"product_tag-kita-kindergarten","13":"product_tag-lernen","14":"product_tag-maedchen","15":"product_tag-magnetbuch","16":"product_tag-ministeps","17":"product_tag-ravensburger","18":"product_tag-spielerisches-lernen","19":"product_tag-vorschule","20":"post","21":"post-with-thumbnail","22":"post-with-thumbnail-large","24":"first","25":"outofstock","26":"taxable","27":"shipping-taxable","28":"purchasable","29":"product-type-simple"},"yoast_head":"<!-- This site is optimized with the Yoast SEO plugin v26.6 - https:\/\/yoast.com\/wordpress\/plugins\/seo\/ -->\n<title>ministeps: Wer spielt mit wem? Bauernhoftiere - der-Schulbedarf.shop<\/title>\n<meta name=\"description\" content=\"Magnetspa\u00df auf dem Bauernhof. Die Bauernhoftiere wollen spielen! Aus sechs gro\u00dfen Magneten k\u00f6nnen Kinder das passende Tier ausw\u00e4hlen und den Szenen zuordnen. Kurze Reime und Aufforderungen helfen beim Zuordnen und f\u00f6rdern das erste Sprechen.\" \/>\n<meta name=\"robots\" content=\"index, follow, max-snippet:-1, max-image-preview:large, max-video-preview:-1\" \/>\n<link rel=\"canonical\" href=\"https:\/\/der-schulbedarf.shop\/produkt-des-monats\/produkt\/ministeps-wer-spielt-mit-wem-bauernhoftiere\/\" \/>\n<meta property=\"og:locale\" content=\"de_DE\" \/>\n<meta property=\"og:type\" content=\"article\" \/>\n<meta property=\"og:title\" content=\"ministeps: Wer spielt mit wem? Bauernhoftiere - der-Schulbedarf.shop\" \/>\n<meta property=\"og:description\" content=\"Magnetspa\u00df auf dem Bauernhof. Die Bauernhoftiere wollen spielen! Aus sechs gro\u00dfen Magneten k\u00f6nnen Kinder das passende Tier ausw\u00e4hlen und den Szenen zuordnen. Kurze Reime und Aufforderungen helfen beim Zuordnen und f\u00f6rdern das erste Sprechen.\" \/>\n<meta property=\"og:url\" content=\"https:\/\/der-schulbedarf.shop\/produkt-des-monats\/produkt\/ministeps-wer-spielt-mit-wem-bauernhoftiere\/\" \/>\n<meta property=\"og:site_name\" content=\"der-Schulbedarf.shop\" \/>\n<meta property=\"article:modified_time\" content=\"2024-11-27T11:07:37+00:00\" \/>\n<meta property=\"og:image\" content=\"https:\/\/der-schulbedarf.shop\/wp-content\/uploads\/2024\/05\/ministeps-Mein-erstes-Magnetbuch-Wer-spielt-mit-wem-Bauernhoftiere-30287.webp\" \/>\n\t<meta property=\"og:image:width\" content=\"449\" \/>\n\t<meta property=\"og:image:height\" content=\"445\" \/>\n\t<meta property=\"og:image:type\" content=\"image\/webp\" \/>\n<meta name=\"twitter:card\" content=\"summary_large_image\" \/>\n<meta name=\"twitter:label1\" content=\"Gesch\u00e4tzte Lesezeit\" \/>\n\t<meta name=\"twitter:data1\" content=\"2\u00a0Minuten\" \/>\n<script type=\"application\/ld+json\" class=\"yoast-schema-graph\">{\"@context\":\"https:\/\/schema.org\",\"@graph\":[{\"@type\":\"WebPage\",\"@id\":\"https:\/\/der-schulbedarf.shop\/produkt-des-monats\/produkt\/ministeps-wer-spielt-mit-wem-bauernhoftiere\/\",\"url\":\"https:\/\/der-schulbedarf.shop\/produkt-des-monats\/produkt\/ministeps-wer-spielt-mit-wem-bauernhoftiere\/\",\"name\":\"ministeps: Wer spielt mit wem? Bauernhoftiere - der-Schulbedarf.shop\",\"isPartOf\":{\"@id\":\"https:\/\/der-schulbedarf.shop\/produkt-des-monats\/#website\"},\"primaryImageOfPage\":{\"@id\":\"https:\/\/der-schulbedarf.shop\/produkt-des-monats\/produkt\/ministeps-wer-spielt-mit-wem-bauernhoftiere\/#primaryimage\"},\"image\":{\"@id\":\"https:\/\/der-schulbedarf.shop\/produkt-des-monats\/produkt\/ministeps-wer-spielt-mit-wem-bauernhoftiere\/#primaryimage\"},\"thumbnailUrl\":\"https:\/\/der-schulbedarf.shop\/wp-content\/uploads\/2024\/05\/ministeps-Mein-erstes-Magnetbuch-Wer-spielt-mit-wem-Bauernhoftiere-30287.webp\",\"datePublished\":\"2024-05-13T08:21:38+00:00\",\"dateModified\":\"2024-11-27T11:07:37+00:00\",\"description\":\"Magnetspa\u00df auf dem Bauernhof. Die Bauernhoftiere wollen spielen! Aus sechs gro\u00dfen Magneten k\u00f6nnen Kinder das passende Tier ausw\u00e4hlen und den Szenen zuordnen. Kurze Reime und Aufforderungen helfen beim Zuordnen und f\u00f6rdern das erste Sprechen.\",\"breadcrumb\":{\"@id\":\"https:\/\/der-schulbedarf.shop\/produkt-des-monats\/produkt\/ministeps-wer-spielt-mit-wem-bauernhoftiere\/#breadcrumb\"},\"inLanguage\":\"de\",\"potentialAction\":[{\"@type\":\"ReadAction\",\"target\":[\"https:\/\/der-schulbedarf.shop\/produkt-des-monats\/produkt\/ministeps-wer-spielt-mit-wem-bauernhoftiere\/\"]}]},{\"@type\":\"ImageObject\",\"inLanguage\":\"de\",\"@id\":\"https:\/\/der-schulbedarf.shop\/produkt-des-monats\/produkt\/ministeps-wer-spielt-mit-wem-bauernhoftiere\/#primaryimage\",\"url\":\"https:\/\/der-schulbedarf.shop\/wp-content\/uploads\/2024\/05\/ministeps-Mein-erstes-Magnetbuch-Wer-spielt-mit-wem-Bauernhoftiere-30287.webp\",\"contentUrl\":\"https:\/\/der-schulbedarf.shop\/wp-content\/uploads\/2024\/05\/ministeps-Mein-erstes-Magnetbuch-Wer-spielt-mit-wem-Bauernhoftiere-30287.webp\",\"width\":449,\"height\":445},{\"@type\":\"BreadcrumbList\",\"@id\":\"https:\/\/der-schulbedarf.shop\/produkt-des-monats\/produkt\/ministeps-wer-spielt-mit-wem-bauernhoftiere\/#breadcrumb\",\"itemListElement\":[{\"@type\":\"ListItem\",\"position\":1,\"name\":\"Shop\",\"item\":\"https:\/\/der-schulbedarf.shop\/produkt-des-monats\/shop\/\"},{\"@type\":\"ListItem\",\"position\":2,\"name\":\"ministeps: Wer spielt mit wem? Bauernhoftiere\"}]},{\"@type\":\"WebSite\",\"@id\":\"https:\/\/der-schulbedarf.shop\/produkt-des-monats\/#website\",\"url\":\"https:\/\/der-schulbedarf.shop\/produkt-des-monats\/\",\"name\":\"der-Schulbedarf.shop\",\"description\":\"\",\"publisher\":{\"@id\":\"https:\/\/der-schulbedarf.shop\/produkt-des-monats\/#organization\"},\"potentialAction\":[{\"@type\":\"SearchAction\",\"target\":{\"@type\":\"EntryPoint\",\"urlTemplate\":\"https:\/\/der-schulbedarf.shop\/produkt-des-monats\/?s={search_term_string}\"},\"query-input\":{\"@type\":\"PropertyValueSpecification\",\"valueRequired\":true,\"valueName\":\"search_term_string\"}}],\"inLanguage\":\"de\"},{\"@type\":\"Organization\",\"@id\":\"https:\/\/der-schulbedarf.shop\/produkt-des-monats\/#organization\",\"name\":\"der-Schulbedarf.shop\",\"url\":\"https:\/\/der-schulbedarf.shop\/produkt-des-monats\/\",\"logo\":{\"@type\":\"ImageObject\",\"inLanguage\":\"de\",\"@id\":\"https:\/\/der-schulbedarf.shop\/produkt-des-monats\/#\/schema\/logo\/image\/\",\"url\":\"https:\/\/der-schulbedarf.shop\/wp-content\/uploads\/2024\/02\/grafik-e1709551115899.png\",\"contentUrl\":\"https:\/\/der-schulbedarf.shop\/wp-content\/uploads\/2024\/02\/grafik-e1709551115899.png\",\"width\":80,\"height\":80,\"caption\":\"der-Schulbedarf.shop\"},\"image\":{\"@id\":\"https:\/\/der-schulbedarf.shop\/produkt-des-monats\/#\/schema\/logo\/image\/\"}}]}<\/script>\n<!-- \/ Yoast SEO plugin. -->","yoast_head_json":{"title":"ministeps: Wer spielt mit wem? Bauernhoftiere - der-Schulbedarf.shop","description":"Magnetspa\u00df auf dem Bauernhof. Die Bauernhoftiere wollen spielen! Aus sechs gro\u00dfen Magneten k\u00f6nnen Kinder das passende Tier ausw\u00e4hlen und den Szenen zuordnen. Kurze Reime und Aufforderungen helfen beim Zuordnen und f\u00f6rdern das erste Sprechen.","robots":{"index":"index","follow":"follow","max-snippet":"max-snippet:-1","max-image-preview":"max-image-preview:large","max-video-preview":"max-video-preview:-1"},"canonical":"https:\/\/der-schulbedarf.shop\/produkt-des-monats\/produkt\/ministeps-wer-spielt-mit-wem-bauernhoftiere\/","og_locale":"de_DE","og_type":"article","og_title":"ministeps: Wer spielt mit wem? Bauernhoftiere - der-Schulbedarf.shop","og_description":"Magnetspa\u00df auf dem Bauernhof. Die Bauernhoftiere wollen spielen! Aus sechs gro\u00dfen Magneten k\u00f6nnen Kinder das passende Tier ausw\u00e4hlen und den Szenen zuordnen. Kurze Reime und Aufforderungen helfen beim Zuordnen und f\u00f6rdern das erste Sprechen.","og_url":"https:\/\/der-schulbedarf.shop\/produkt-des-monats\/produkt\/ministeps-wer-spielt-mit-wem-bauernhoftiere\/","og_site_name":"der-Schulbedarf.shop","article_modified_time":"2024-11-27T11:07:37+00:00","og_image":[{"width":449,"height":445,"url":"https:\/\/der-schulbedarf.shop\/wp-content\/uploads\/2024\/05\/ministeps-Mein-erstes-Magnetbuch-Wer-spielt-mit-wem-Bauernhoftiere-30287.webp","type":"image\/webp"}],"twitter_card":"summary_large_image","twitter_misc":{"Gesch\u00e4tzte Lesezeit":"2\u00a0Minuten"},"schema":{"@context":"https:\/\/schema.org","@graph":[{"@type":"WebPage","@id":"https:\/\/der-schulbedarf.shop\/produkt-des-monats\/produkt\/ministeps-wer-spielt-mit-wem-bauernhoftiere\/","url":"https:\/\/der-schulbedarf.shop\/produkt-des-monats\/produkt\/ministeps-wer-spielt-mit-wem-bauernhoftiere\/","name":"ministeps: Wer spielt mit wem? Bauernhoftiere - der-Schulbedarf.shop","isPartOf":{"@id":"https:\/\/der-schulbedarf.shop\/produkt-des-monats\/#website"},"primaryImageOfPage":{"@id":"https:\/\/der-schulbedarf.shop\/produkt-des-monats\/produkt\/ministeps-wer-spielt-mit-wem-bauernhoftiere\/#primaryimage"},"image":{"@id":"https:\/\/der-schulbedarf.shop\/produkt-des-monats\/produkt\/ministeps-wer-spielt-mit-wem-bauernhoftiere\/#primaryimage"},"thumbnailUrl":"https:\/\/der-schulbedarf.shop\/wp-content\/uploads\/2024\/05\/ministeps-Mein-erstes-Magnetbuch-Wer-spielt-mit-wem-Bauernhoftiere-30287.webp","datePublished":"2024-05-13T08:21:38+00:00","dateModified":"2024-11-27T11:07:37+00:00","description":"Magnetspa\u00df auf dem Bauernhof. Die Bauernhoftiere wollen spielen! Aus sechs gro\u00dfen Magneten k\u00f6nnen Kinder das passende Tier ausw\u00e4hlen und den Szenen zuordnen. Kurze Reime und Aufforderungen helfen beim Zuordnen und f\u00f6rdern das erste Sprechen.","breadcrumb":{"@id":"https:\/\/der-schulbedarf.shop\/produkt-des-monats\/produkt\/ministeps-wer-spielt-mit-wem-bauernhoftiere\/#breadcrumb"},"inLanguage":"de","potentialAction":[{"@type":"ReadAction","target":["https:\/\/der-schulbedarf.shop\/produkt-des-monats\/produkt\/ministeps-wer-spielt-mit-wem-bauernhoftiere\/"]}]},{"@type":"ImageObject","inLanguage":"de","@id":"https:\/\/der-schulbedarf.shop\/produkt-des-monats\/produkt\/ministeps-wer-spielt-mit-wem-bauernhoftiere\/#primaryimage","url":"https:\/\/der-schulbedarf.shop\/wp-content\/uploads\/2024\/05\/ministeps-Mein-erstes-Magnetbuch-Wer-spielt-mit-wem-Bauernhoftiere-30287.webp","contentUrl":"https:\/\/der-schulbedarf.shop\/wp-content\/uploads\/2024\/05\/ministeps-Mein-erstes-Magnetbuch-Wer-spielt-mit-wem-Bauernhoftiere-30287.webp","width":449,"height":445},{"@type":"BreadcrumbList","@id":"https:\/\/der-schulbedarf.shop\/produkt-des-monats\/produkt\/ministeps-wer-spielt-mit-wem-bauernhoftiere\/#breadcrumb","itemListElement":[{"@type":"ListItem","position":1,"name":"Shop","item":"https:\/\/der-schulbedarf.shop\/produkt-des-monats\/shop\/"},{"@type":"ListItem","position":2,"name":"ministeps: Wer spielt mit wem? Bauernhoftiere"}]},{"@type":"WebSite","@id":"https:\/\/der-schulbedarf.shop\/produkt-des-monats\/#website","url":"https:\/\/der-schulbedarf.shop\/produkt-des-monats\/","name":"der-Schulbedarf.shop","description":"","publisher":{"@id":"https:\/\/der-schulbedarf.shop\/produkt-des-monats\/#organization"},"potentialAction":[{"@type":"SearchAction","target":{"@type":"EntryPoint","urlTemplate":"https:\/\/der-schulbedarf.shop\/produkt-des-monats\/?s={search_term_string}"},"query-input":{"@type":"PropertyValueSpecification","valueRequired":true,"valueName":"search_term_string"}}],"inLanguage":"de"},{"@type":"Organization","@id":"https:\/\/der-schulbedarf.shop\/produkt-des-monats\/#organization","name":"der-Schulbedarf.shop","url":"https:\/\/der-schulbedarf.shop\/produkt-des-monats\/","logo":{"@type":"ImageObject","inLanguage":"de","@id":"https:\/\/der-schulbedarf.shop\/produkt-des-monats\/#\/schema\/logo\/image\/","url":"https:\/\/der-schulbedarf.shop\/wp-content\/uploads\/2024\/02\/grafik-e1709551115899.png","contentUrl":"https:\/\/der-schulbedarf.shop\/wp-content\/uploads\/2024\/02\/grafik-e1709551115899.png","width":80,"height":80,"caption":"der-Schulbedarf.shop"},"image":{"@id":"https:\/\/der-schulbedarf.shop\/produkt-des-monats\/#\/schema\/logo\/image\/"}}]}},"_links":{"self":[{"href":"https:\/\/der-schulbedarf.shop\/produkt-des-monats\/wp-json\/wp\/v2\/product\/3521","targetHints":{"allow":["GET"]}}],"collection":[{"href":"https:\/\/der-schulbedarf.shop\/produkt-des-monats\/wp-json\/wp\/v2\/product"}],"about":[{"href":"https:\/\/der-schulbedarf.shop\/produkt-des-monats\/wp-json\/wp\/v2\/types\/product"}],"replies":[{"embeddable":true,"href":"https:\/\/der-schulbedarf.shop\/produkt-des-monats\/wp-json\/wp\/v2\/comments?post=3521"}],"wp:featuredmedia":[{"embeddable":true,"href":"https:\/\/der-schulbedarf.shop\/produkt-des-monats\/wp-json\/wp\/v2\/media\/3522"}],"wp:attachment":[{"href":"https:\/\/der-schulbedarf.shop\/produkt-des-monats\/wp-json\/wp\/v2\/media?parent=3521"}],"wp:term":[{"taxonomy":"product_cat","embeddable":true,"href":"https:\/\/der-schulbedarf.shop\/produkt-des-monats\/wp-json\/wp\/v2\/product_cat?post=3521"},{"taxonomy":"product_tag","embeddable":true,"href":"https:\/\/der-schulbedarf.shop\/produkt-des-monats\/wp-json\/wp\/v2\/product_tag?post=3521"}],"curies":[{"name":"wp","href":"https:\/\/api.w.org\/{rel}","templated":true}]}}