{"id":3693,"date":"2024-08-26T09:46:20","date_gmt":"2024-08-26T09:46:20","guid":{"rendered":"https:\/\/der-schulbedarf.shop\/produkt-des-monats\/?post_type=product&#038;p=3693"},"modified":"2025-08-05T12:05:22","modified_gmt":"2025-08-05T12:05:22","slug":"der-stabilo-easy-graph-s","status":"publish","type":"product","link":"https:\/\/der-schulbedarf.shop\/produkt-des-monats\/produkt\/der-stabilo-easy-graph-s\/","title":{"rendered":"Der STABILO EASY graph S"},"content":{"rendered":"<p>Der STABILO EASY graph S ist ein ergonomischer Bleistift, der speziell f\u00fcr Schreibanf\u00e4nger entwickelt wurde. Er hat eine HB-Mine mit einem Durchmesser von 2,2 mm, die sich ideal f\u00fcr feine Schreibarbeiten eignet. Die Dreikantform des Bleistifts und die rutschfesten Griffzonen sorgen f\u00fcr eine bequeme Handhabung und f\u00f6rdern eine korrekte Stifthaltung.<\/p>\n<p>Der Bleistift ist aus hochwertigem Holz gefertigt und in einer ansprechenden blauen Farbe gehalten. Die Packung enth\u00e4lt zwei Bleistifte, die sich perfekt f\u00fcr den Einsatz in der Schule oder zu Hause eignen. Der STABILO EASYgraph S unterst\u00fctzt Kinder dabei, das Schreiben leichter und pr\u00e4ziser zu erlernen.<\/p>\n","protected":false},"excerpt":{"rendered":"<p>Der STABILO EASY graph S ist ein ergonomischer Bleistift, der speziell f\u00fcr Schreibanf\u00e4nger entwickelt wurde. Er hat eine HB-Mine mit einem Durchmesser von 2,2 mm, die sich ideal f\u00fcr feine Schreibarbeiten eignet. Die Dreikantform des Bleistifts und die rutschfesten Griffzonen sorgen f\u00fcr eine bequeme Handhabung und f\u00f6rdern eine korrekte Stifthaltung. Der Bleistift ist aus hochwertigem [&hellip;]<\/p>\n","protected":false},"featured_media":3714,"comment_status":"open","ping_status":"closed","template":"","meta":[],"product_cat":[1076],"product_tag":[],"class_list":{"0":"post-3693","1":"product","2":"type-product","3":"status-publish","4":"has-post-thumbnail","6":"product_cat-schreibwaren","7":"post","8":"post-with-thumbnail","9":"post-with-thumbnail-large","11":"first","12":"outofstock","13":"taxable","14":"shipping-taxable","15":"purchasable","16":"product-type-simple"},"yoast_head":"<!-- This site is optimized with the Yoast SEO plugin v26.6 - https:\/\/yoast.com\/wordpress\/plugins\/seo\/ -->\n<title>Der STABILO EASY graph S - der-Schulbedarf.shop<\/title>\n<meta name=\"robots\" content=\"index, follow, max-snippet:-1, max-image-preview:large, max-video-preview:-1\" \/>\n<link rel=\"canonical\" href=\"https:\/\/der-schulbedarf.shop\/produkt-des-monats\/produkt\/der-stabilo-easy-graph-s\/\" \/>\n<meta property=\"og:locale\" content=\"de_DE\" \/>\n<meta property=\"og:type\" content=\"article\" \/>\n<meta property=\"og:title\" content=\"Der STABILO EASY graph S - der-Schulbedarf.shop\" \/>\n<meta property=\"og:description\" content=\"Der STABILO EASY graph S ist ein ergonomischer Bleistift, der speziell f\u00fcr Schreibanf\u00e4nger entwickelt wurde. Er hat eine HB-Mine mit einem Durchmesser von 2,2 mm, die sich ideal f\u00fcr feine Schreibarbeiten eignet. Die Dreikantform des Bleistifts und die rutschfesten Griffzonen sorgen f\u00fcr eine bequeme Handhabung und f\u00f6rdern eine korrekte Stifthaltung. Der Bleistift ist aus hochwertigem [&hellip;]\" \/>\n<meta property=\"og:url\" content=\"https:\/\/der-schulbedarf.shop\/produkt-des-monats\/produkt\/der-stabilo-easy-graph-s\/\" \/>\n<meta property=\"og:site_name\" content=\"der-Schulbedarf.shop\" \/>\n<meta property=\"article:modified_time\" content=\"2025-08-05T12:05:22+00:00\" \/>\n<meta property=\"og:image\" content=\"https:\/\/der-schulbedarf.shop\/wp-content\/uploads\/2024\/08\/1724052443991.png\" \/>\n\t<meta property=\"og:image:width\" content=\"1500\" \/>\n\t<meta property=\"og:image:height\" content=\"2000\" \/>\n\t<meta property=\"og:image:type\" content=\"image\/png\" \/>\n<meta name=\"twitter:card\" content=\"summary_large_image\" \/>\n<meta name=\"twitter:label1\" content=\"Gesch\u00e4tzte Lesezeit\" \/>\n\t<meta name=\"twitter:data1\" content=\"1\u00a0Minute\" \/>\n<script type=\"application\/ld+json\" class=\"yoast-schema-graph\">{\"@context\":\"https:\/\/schema.org\",\"@graph\":[{\"@type\":\"WebPage\",\"@id\":\"https:\/\/der-schulbedarf.shop\/produkt-des-monats\/produkt\/der-stabilo-easy-graph-s\/\",\"url\":\"https:\/\/der-schulbedarf.shop\/produkt-des-monats\/produkt\/der-stabilo-easy-graph-s\/\",\"name\":\"Der STABILO EASY graph S - der-Schulbedarf.shop\",\"isPartOf\":{\"@id\":\"https:\/\/der-schulbedarf.shop\/produkt-des-monats\/#website\"},\"primaryImageOfPage\":{\"@id\":\"https:\/\/der-schulbedarf.shop\/produkt-des-monats\/produkt\/der-stabilo-easy-graph-s\/#primaryimage\"},\"image\":{\"@id\":\"https:\/\/der-schulbedarf.shop\/produkt-des-monats\/produkt\/der-stabilo-easy-graph-s\/#primaryimage\"},\"thumbnailUrl\":\"https:\/\/der-schulbedarf.shop\/wp-content\/uploads\/2024\/08\/1724052443991.png\",\"datePublished\":\"2024-08-26T09:46:20+00:00\",\"dateModified\":\"2025-08-05T12:05:22+00:00\",\"breadcrumb\":{\"@id\":\"https:\/\/der-schulbedarf.shop\/produkt-des-monats\/produkt\/der-stabilo-easy-graph-s\/#breadcrumb\"},\"inLanguage\":\"de\",\"potentialAction\":[{\"@type\":\"ReadAction\",\"target\":[\"https:\/\/der-schulbedarf.shop\/produkt-des-monats\/produkt\/der-stabilo-easy-graph-s\/\"]}]},{\"@type\":\"ImageObject\",\"inLanguage\":\"de\",\"@id\":\"https:\/\/der-schulbedarf.shop\/produkt-des-monats\/produkt\/der-stabilo-easy-graph-s\/#primaryimage\",\"url\":\"https:\/\/der-schulbedarf.shop\/wp-content\/uploads\/2024\/08\/1724052443991.png\",\"contentUrl\":\"https:\/\/der-schulbedarf.shop\/wp-content\/uploads\/2024\/08\/1724052443991.png\",\"width\":1500,\"height\":2000},{\"@type\":\"BreadcrumbList\",\"@id\":\"https:\/\/der-schulbedarf.shop\/produkt-des-monats\/produkt\/der-stabilo-easy-graph-s\/#breadcrumb\",\"itemListElement\":[{\"@type\":\"ListItem\",\"position\":1,\"name\":\"Shop\",\"item\":\"https:\/\/der-schulbedarf.shop\/produkt-des-monats\/shop\/\"},{\"@type\":\"ListItem\",\"position\":2,\"name\":\"Der STABILO EASY graph S\"}]},{\"@type\":\"WebSite\",\"@id\":\"https:\/\/der-schulbedarf.shop\/produkt-des-monats\/#website\",\"url\":\"https:\/\/der-schulbedarf.shop\/produkt-des-monats\/\",\"name\":\"der-Schulbedarf.shop\",\"description\":\"\",\"publisher\":{\"@id\":\"https:\/\/der-schulbedarf.shop\/produkt-des-monats\/#organization\"},\"potentialAction\":[{\"@type\":\"SearchAction\",\"target\":{\"@type\":\"EntryPoint\",\"urlTemplate\":\"https:\/\/der-schulbedarf.shop\/produkt-des-monats\/?s={search_term_string}\"},\"query-input\":{\"@type\":\"PropertyValueSpecification\",\"valueRequired\":true,\"valueName\":\"search_term_string\"}}],\"inLanguage\":\"de\"},{\"@type\":\"Organization\",\"@id\":\"https:\/\/der-schulbedarf.shop\/produkt-des-monats\/#organization\",\"name\":\"der-Schulbedarf.shop\",\"url\":\"https:\/\/der-schulbedarf.shop\/produkt-des-monats\/\",\"logo\":{\"@type\":\"ImageObject\",\"inLanguage\":\"de\",\"@id\":\"https:\/\/der-schulbedarf.shop\/produkt-des-monats\/#\/schema\/logo\/image\/\",\"url\":\"https:\/\/der-schulbedarf.shop\/wp-content\/uploads\/2024\/02\/grafik-e1709551115899.png\",\"contentUrl\":\"https:\/\/der-schulbedarf.shop\/wp-content\/uploads\/2024\/02\/grafik-e1709551115899.png\",\"width\":80,\"height\":80,\"caption\":\"der-Schulbedarf.shop\"},\"image\":{\"@id\":\"https:\/\/der-schulbedarf.shop\/produkt-des-monats\/#\/schema\/logo\/image\/\"}}]}<\/script>\n<!-- \/ Yoast SEO plugin. -->","yoast_head_json":{"title":"Der STABILO EASY graph S - der-Schulbedarf.shop","robots":{"index":"index","follow":"follow","max-snippet":"max-snippet:-1","max-image-preview":"max-image-preview:large","max-video-preview":"max-video-preview:-1"},"canonical":"https:\/\/der-schulbedarf.shop\/produkt-des-monats\/produkt\/der-stabilo-easy-graph-s\/","og_locale":"de_DE","og_type":"article","og_title":"Der STABILO EASY graph S - der-Schulbedarf.shop","og_description":"Der STABILO EASY graph S ist ein ergonomischer Bleistift, der speziell f\u00fcr Schreibanf\u00e4nger entwickelt wurde. Er hat eine HB-Mine mit einem Durchmesser von 2,2 mm, die sich ideal f\u00fcr feine Schreibarbeiten eignet. Die Dreikantform des Bleistifts und die rutschfesten Griffzonen sorgen f\u00fcr eine bequeme Handhabung und f\u00f6rdern eine korrekte Stifthaltung. Der Bleistift ist aus hochwertigem [&hellip;]","og_url":"https:\/\/der-schulbedarf.shop\/produkt-des-monats\/produkt\/der-stabilo-easy-graph-s\/","og_site_name":"der-Schulbedarf.shop","article_modified_time":"2025-08-05T12:05:22+00:00","og_image":[{"width":1500,"height":2000,"url":"https:\/\/der-schulbedarf.shop\/wp-content\/uploads\/2024\/08\/1724052443991.png","type":"image\/png"}],"twitter_card":"summary_large_image","twitter_misc":{"Gesch\u00e4tzte Lesezeit":"1\u00a0Minute"},"schema":{"@context":"https:\/\/schema.org","@graph":[{"@type":"WebPage","@id":"https:\/\/der-schulbedarf.shop\/produkt-des-monats\/produkt\/der-stabilo-easy-graph-s\/","url":"https:\/\/der-schulbedarf.shop\/produkt-des-monats\/produkt\/der-stabilo-easy-graph-s\/","name":"Der STABILO EASY graph S - der-Schulbedarf.shop","isPartOf":{"@id":"https:\/\/der-schulbedarf.shop\/produkt-des-monats\/#website"},"primaryImageOfPage":{"@id":"https:\/\/der-schulbedarf.shop\/produkt-des-monats\/produkt\/der-stabilo-easy-graph-s\/#primaryimage"},"image":{"@id":"https:\/\/der-schulbedarf.shop\/produkt-des-monats\/produkt\/der-stabilo-easy-graph-s\/#primaryimage"},"thumbnailUrl":"https:\/\/der-schulbedarf.shop\/wp-content\/uploads\/2024\/08\/1724052443991.png","datePublished":"2024-08-26T09:46:20+00:00","dateModified":"2025-08-05T12:05:22+00:00","breadcrumb":{"@id":"https:\/\/der-schulbedarf.shop\/produkt-des-monats\/produkt\/der-stabilo-easy-graph-s\/#breadcrumb"},"inLanguage":"de","potentialAction":[{"@type":"ReadAction","target":["https:\/\/der-schulbedarf.shop\/produkt-des-monats\/produkt\/der-stabilo-easy-graph-s\/"]}]},{"@type":"ImageObject","inLanguage":"de","@id":"https:\/\/der-schulbedarf.shop\/produkt-des-monats\/produkt\/der-stabilo-easy-graph-s\/#primaryimage","url":"https:\/\/der-schulbedarf.shop\/wp-content\/uploads\/2024\/08\/1724052443991.png","contentUrl":"https:\/\/der-schulbedarf.shop\/wp-content\/uploads\/2024\/08\/1724052443991.png","width":1500,"height":2000},{"@type":"BreadcrumbList","@id":"https:\/\/der-schulbedarf.shop\/produkt-des-monats\/produkt\/der-stabilo-easy-graph-s\/#breadcrumb","itemListElement":[{"@type":"ListItem","position":1,"name":"Shop","item":"https:\/\/der-schulbedarf.shop\/produkt-des-monats\/shop\/"},{"@type":"ListItem","position":2,"name":"Der STABILO EASY graph S"}]},{"@type":"WebSite","@id":"https:\/\/der-schulbedarf.shop\/produkt-des-monats\/#website","url":"https:\/\/der-schulbedarf.shop\/produkt-des-monats\/","name":"der-Schulbedarf.shop","description":"","publisher":{"@id":"https:\/\/der-schulbedarf.shop\/produkt-des-monats\/#organization"},"potentialAction":[{"@type":"SearchAction","target":{"@type":"EntryPoint","urlTemplate":"https:\/\/der-schulbedarf.shop\/produkt-des-monats\/?s={search_term_string}"},"query-input":{"@type":"PropertyValueSpecification","valueRequired":true,"valueName":"search_term_string"}}],"inLanguage":"de"},{"@type":"Organization","@id":"https:\/\/der-schulbedarf.shop\/produkt-des-monats\/#organization","name":"der-Schulbedarf.shop","url":"https:\/\/der-schulbedarf.shop\/produkt-des-monats\/","logo":{"@type":"ImageObject","inLanguage":"de","@id":"https:\/\/der-schulbedarf.shop\/produkt-des-monats\/#\/schema\/logo\/image\/","url":"https:\/\/der-schulbedarf.shop\/wp-content\/uploads\/2024\/02\/grafik-e1709551115899.png","contentUrl":"https:\/\/der-schulbedarf.shop\/wp-content\/uploads\/2024\/02\/grafik-e1709551115899.png","width":80,"height":80,"caption":"der-Schulbedarf.shop"},"image":{"@id":"https:\/\/der-schulbedarf.shop\/produkt-des-monats\/#\/schema\/logo\/image\/"}}]}},"_links":{"self":[{"href":"https:\/\/der-schulbedarf.shop\/produkt-des-monats\/wp-json\/wp\/v2\/product\/3693","targetHints":{"allow":["GET"]}}],"collection":[{"href":"https:\/\/der-schulbedarf.shop\/produkt-des-monats\/wp-json\/wp\/v2\/product"}],"about":[{"href":"https:\/\/der-schulbedarf.shop\/produkt-des-monats\/wp-json\/wp\/v2\/types\/product"}],"replies":[{"embeddable":true,"href":"https:\/\/der-schulbedarf.shop\/produkt-des-monats\/wp-json\/wp\/v2\/comments?post=3693"}],"wp:featuredmedia":[{"embeddable":true,"href":"https:\/\/der-schulbedarf.shop\/produkt-des-monats\/wp-json\/wp\/v2\/media\/3714"}],"wp:attachment":[{"href":"https:\/\/der-schulbedarf.shop\/produkt-des-monats\/wp-json\/wp\/v2\/media?parent=3693"}],"wp:term":[{"taxonomy":"product_cat","embeddable":true,"href":"https:\/\/der-schulbedarf.shop\/produkt-des-monats\/wp-json\/wp\/v2\/product_cat?post=3693"},{"taxonomy":"product_tag","embeddable":true,"href":"https:\/\/der-schulbedarf.shop\/produkt-des-monats\/wp-json\/wp\/v2\/product_tag?post=3693"}],"curies":[{"name":"wp","href":"https:\/\/api.w.org\/{rel}","templated":true}]}}