{"id":3694,"date":"2024-08-26T09:46:19","date_gmt":"2024-08-26T09:46:19","guid":{"rendered":"https:\/\/der-schulbedarf.shop\/produkt-des-monats\/?post_type=product&#038;p=3694"},"modified":"2024-11-27T10:59:37","modified_gmt":"2024-11-27T10:59:37","slug":"pagemarker-12x44-mm-5x25-bl","status":"publish","type":"product","link":"https:\/\/der-schulbedarf.shop\/produkt-des-monats\/produkt\/pagemarker-12x44-mm-5x25-bl\/","title":{"rendered":"Pagemarker 12&#215;44 mm, 5&#215;25 Bl."},"content":{"rendered":"<p>Pagemarker 12&#215;44 mm. 5&#215;25 Bl.<\/p>\n<p>Das Set aus Haftnotizen und Markern von <strong>info<\/strong> ist ein praktisches Werkzeug f\u00fcr die Organisation und Strukturierung von Aufgaben im B\u00fcro, in der Schule oder zu Hause. Das Set umfasst verschiedene Farben und Gr\u00f6\u00dfen, darunter gr\u00f6\u00dfere gelbe Haftnotizen sowie schmalere Marker. Es gibt sie in Blau, Gr\u00fcn, Gelb, Orange und Pink. Diese Vielfalt erm\u00f6glicht es, wichtige Informationen farblich zu kennzeichnen und schnell wiederzufinden.<\/p>\n<p>Die Haftnotizen und Marker sind mit einem wasserbasierten Kleber versehen, der f\u00fcr eine starke Haftung sorgt. Aber gleichzeitig r\u00fcckstandsfrei wieder entfernt werden kann. Dank der vor gestanzten L\u00f6cher am oberen Rand l\u00e4sst sich das Set auch in einem Ringbuch oder Ordner aufbewahren, sodass die Notizen immer griffbereit sind. Dieses Produkt ist ideal f\u00fcr alle, die ihre Notizen \u00fcbersichtlich und farblich sortiert halten m\u00f6chten.<\/p>\n","protected":false},"excerpt":{"rendered":"<p>Pagemarker 12&#215;44 mm. 5&#215;25 Bl. Das Set aus Haftnotizen und Markern von info ist ein praktisches Werkzeug f\u00fcr die Organisation und Strukturierung von Aufgaben im B\u00fcro, in der Schule oder zu Hause. Das Set umfasst verschiedene Farben und Gr\u00f6\u00dfen, darunter gr\u00f6\u00dfere gelbe Haftnotizen sowie schmalere Marker. Es gibt sie in Blau, Gr\u00fcn, Gelb, Orange und [&hellip;]<\/p>\n","protected":false},"featured_media":3716,"comment_status":"open","ping_status":"closed","template":"","meta":[],"product_cat":[895,898,896,904,905,897,1076,1079],"product_tag":[554,1092,978,1088,1090,448,1089,1081,1093,249],"class_list":{"0":"post-3694","1":"product","2":"type-product","3":"status-publish","4":"has-post-thumbnail","6":"product_cat-grundschule","7":"product_cat-gymnasium","8":"product_cat-hauptschule","9":"product_cat-mittelstufe","10":"product_cat-oberstufe","11":"product_cat-realschule","12":"product_cat-schreibwaren","13":"product_cat-schulbedarf","14":"product_tag-basteln","15":"product_tag-beruf","16":"product_tag-grundschule","17":"product_tag-gymnasium","18":"product_tag-hauptschule","19":"product_tag-hobby","20":"product_tag-realschule","21":"product_tag-schreibwaren","22":"product_tag-schulbedarf","23":"product_tag-schule","24":"post","25":"post-with-thumbnail","26":"post-with-thumbnail-large","28":"first","29":"instock","30":"taxable","31":"shipping-taxable","32":"purchasable","33":"product-type-simple"},"yoast_head":"<!-- This site is optimized with the Yoast SEO plugin v26.6 - https:\/\/yoast.com\/wordpress\/plugins\/seo\/ -->\n<title>Pagemarker 12x44 mm, 5x25 Bl. - der-Schulbedarf.shop<\/title>\n<meta name=\"description\" content=\"Pagemarker 12x44 mm. 5x25 Bl. Hochwertige Haftnotizen und Marker. In Blau, Gr\u00fcn, Gelb, Orange und Pink. Auch gut geeignet f\u00fcr Ordner und Ringb\u00fccher. 1,31\u20ac\" \/>\n<meta name=\"robots\" content=\"index, follow, max-snippet:-1, max-image-preview:large, max-video-preview:-1\" \/>\n<link rel=\"canonical\" href=\"https:\/\/der-schulbedarf.shop\/produkt-des-monats\/produkt\/pagemarker-12x44-mm-5x25-bl\/\" \/>\n<meta property=\"og:locale\" content=\"de_DE\" \/>\n<meta property=\"og:type\" content=\"article\" \/>\n<meta property=\"og:title\" content=\"Pagemarker 12x44 mm, 5x25 Bl. - der-Schulbedarf.shop\" \/>\n<meta property=\"og:description\" content=\"Pagemarker 12x44 mm. 5x25 Bl. Hochwertige Haftnotizen und Marker. In Blau, Gr\u00fcn, Gelb, Orange und Pink. Auch gut geeignet f\u00fcr Ordner und Ringb\u00fccher. 1,31\u20ac\" \/>\n<meta property=\"og:url\" content=\"https:\/\/der-schulbedarf.shop\/produkt-des-monats\/produkt\/pagemarker-12x44-mm-5x25-bl\/\" \/>\n<meta property=\"og:site_name\" content=\"der-Schulbedarf.shop\" \/>\n<meta property=\"article:modified_time\" content=\"2024-11-27T10:59:37+00:00\" \/>\n<meta property=\"og:image\" content=\"https:\/\/der-schulbedarf.shop\/wp-content\/uploads\/2024\/08\/1724052453535.png\" \/>\n\t<meta property=\"og:image:width\" content=\"1500\" \/>\n\t<meta property=\"og:image:height\" content=\"2000\" \/>\n\t<meta property=\"og:image:type\" content=\"image\/png\" \/>\n<meta name=\"twitter:card\" content=\"summary_large_image\" \/>\n<meta name=\"twitter:label1\" content=\"Gesch\u00e4tzte Lesezeit\" \/>\n\t<meta name=\"twitter:data1\" content=\"1\u00a0Minute\" \/>\n<script type=\"application\/ld+json\" class=\"yoast-schema-graph\">{\"@context\":\"https:\/\/schema.org\",\"@graph\":[{\"@type\":\"WebPage\",\"@id\":\"https:\/\/der-schulbedarf.shop\/produkt-des-monats\/produkt\/pagemarker-12x44-mm-5x25-bl\/\",\"url\":\"https:\/\/der-schulbedarf.shop\/produkt-des-monats\/produkt\/pagemarker-12x44-mm-5x25-bl\/\",\"name\":\"Pagemarker 12x44 mm, 5x25 Bl. - der-Schulbedarf.shop\",\"isPartOf\":{\"@id\":\"https:\/\/der-schulbedarf.shop\/produkt-des-monats\/#website\"},\"primaryImageOfPage\":{\"@id\":\"https:\/\/der-schulbedarf.shop\/produkt-des-monats\/produkt\/pagemarker-12x44-mm-5x25-bl\/#primaryimage\"},\"image\":{\"@id\":\"https:\/\/der-schulbedarf.shop\/produkt-des-monats\/produkt\/pagemarker-12x44-mm-5x25-bl\/#primaryimage\"},\"thumbnailUrl\":\"https:\/\/der-schulbedarf.shop\/wp-content\/uploads\/2024\/08\/1724052453535.png\",\"datePublished\":\"2024-08-26T09:46:19+00:00\",\"dateModified\":\"2024-11-27T10:59:37+00:00\",\"description\":\"Pagemarker 12x44 mm. 5x25 Bl. Hochwertige Haftnotizen und Marker. In Blau, Gr\u00fcn, Gelb, Orange und Pink. Auch gut geeignet f\u00fcr Ordner und Ringb\u00fccher. 1,31\u20ac\",\"breadcrumb\":{\"@id\":\"https:\/\/der-schulbedarf.shop\/produkt-des-monats\/produkt\/pagemarker-12x44-mm-5x25-bl\/#breadcrumb\"},\"inLanguage\":\"de\",\"potentialAction\":[{\"@type\":\"ReadAction\",\"target\":[\"https:\/\/der-schulbedarf.shop\/produkt-des-monats\/produkt\/pagemarker-12x44-mm-5x25-bl\/\"]}]},{\"@type\":\"ImageObject\",\"inLanguage\":\"de\",\"@id\":\"https:\/\/der-schulbedarf.shop\/produkt-des-monats\/produkt\/pagemarker-12x44-mm-5x25-bl\/#primaryimage\",\"url\":\"https:\/\/der-schulbedarf.shop\/wp-content\/uploads\/2024\/08\/1724052453535.png\",\"contentUrl\":\"https:\/\/der-schulbedarf.shop\/wp-content\/uploads\/2024\/08\/1724052453535.png\",\"width\":1500,\"height\":2000},{\"@type\":\"BreadcrumbList\",\"@id\":\"https:\/\/der-schulbedarf.shop\/produkt-des-monats\/produkt\/pagemarker-12x44-mm-5x25-bl\/#breadcrumb\",\"itemListElement\":[{\"@type\":\"ListItem\",\"position\":1,\"name\":\"Shop\",\"item\":\"https:\/\/der-schulbedarf.shop\/produkt-des-monats\/shop\/\"},{\"@type\":\"ListItem\",\"position\":2,\"name\":\"Pagemarker 12&#215;44 mm, 5&#215;25 Bl.\"}]},{\"@type\":\"WebSite\",\"@id\":\"https:\/\/der-schulbedarf.shop\/produkt-des-monats\/#website\",\"url\":\"https:\/\/der-schulbedarf.shop\/produkt-des-monats\/\",\"name\":\"der-Schulbedarf.shop\",\"description\":\"\",\"publisher\":{\"@id\":\"https:\/\/der-schulbedarf.shop\/produkt-des-monats\/#organization\"},\"potentialAction\":[{\"@type\":\"SearchAction\",\"target\":{\"@type\":\"EntryPoint\",\"urlTemplate\":\"https:\/\/der-schulbedarf.shop\/produkt-des-monats\/?s={search_term_string}\"},\"query-input\":{\"@type\":\"PropertyValueSpecification\",\"valueRequired\":true,\"valueName\":\"search_term_string\"}}],\"inLanguage\":\"de\"},{\"@type\":\"Organization\",\"@id\":\"https:\/\/der-schulbedarf.shop\/produkt-des-monats\/#organization\",\"name\":\"der-Schulbedarf.shop\",\"url\":\"https:\/\/der-schulbedarf.shop\/produkt-des-monats\/\",\"logo\":{\"@type\":\"ImageObject\",\"inLanguage\":\"de\",\"@id\":\"https:\/\/der-schulbedarf.shop\/produkt-des-monats\/#\/schema\/logo\/image\/\",\"url\":\"https:\/\/der-schulbedarf.shop\/wp-content\/uploads\/2024\/02\/grafik-e1709551115899.png\",\"contentUrl\":\"https:\/\/der-schulbedarf.shop\/wp-content\/uploads\/2024\/02\/grafik-e1709551115899.png\",\"width\":80,\"height\":80,\"caption\":\"der-Schulbedarf.shop\"},\"image\":{\"@id\":\"https:\/\/der-schulbedarf.shop\/produkt-des-monats\/#\/schema\/logo\/image\/\"}}]}<\/script>\n<!-- \/ Yoast SEO plugin. -->","yoast_head_json":{"title":"Pagemarker 12x44 mm, 5x25 Bl. - der-Schulbedarf.shop","description":"Pagemarker 12x44 mm. 5x25 Bl. Hochwertige Haftnotizen und Marker. In Blau, Gr\u00fcn, Gelb, Orange und Pink. Auch gut geeignet f\u00fcr Ordner und Ringb\u00fccher. 1,31\u20ac","robots":{"index":"index","follow":"follow","max-snippet":"max-snippet:-1","max-image-preview":"max-image-preview:large","max-video-preview":"max-video-preview:-1"},"canonical":"https:\/\/der-schulbedarf.shop\/produkt-des-monats\/produkt\/pagemarker-12x44-mm-5x25-bl\/","og_locale":"de_DE","og_type":"article","og_title":"Pagemarker 12x44 mm, 5x25 Bl. - der-Schulbedarf.shop","og_description":"Pagemarker 12x44 mm. 5x25 Bl. Hochwertige Haftnotizen und Marker. In Blau, Gr\u00fcn, Gelb, Orange und Pink. Auch gut geeignet f\u00fcr Ordner und Ringb\u00fccher. 1,31\u20ac","og_url":"https:\/\/der-schulbedarf.shop\/produkt-des-monats\/produkt\/pagemarker-12x44-mm-5x25-bl\/","og_site_name":"der-Schulbedarf.shop","article_modified_time":"2024-11-27T10:59:37+00:00","og_image":[{"width":1500,"height":2000,"url":"https:\/\/der-schulbedarf.shop\/wp-content\/uploads\/2024\/08\/1724052453535.png","type":"image\/png"}],"twitter_card":"summary_large_image","twitter_misc":{"Gesch\u00e4tzte Lesezeit":"1\u00a0Minute"},"schema":{"@context":"https:\/\/schema.org","@graph":[{"@type":"WebPage","@id":"https:\/\/der-schulbedarf.shop\/produkt-des-monats\/produkt\/pagemarker-12x44-mm-5x25-bl\/","url":"https:\/\/der-schulbedarf.shop\/produkt-des-monats\/produkt\/pagemarker-12x44-mm-5x25-bl\/","name":"Pagemarker 12x44 mm, 5x25 Bl. - der-Schulbedarf.shop","isPartOf":{"@id":"https:\/\/der-schulbedarf.shop\/produkt-des-monats\/#website"},"primaryImageOfPage":{"@id":"https:\/\/der-schulbedarf.shop\/produkt-des-monats\/produkt\/pagemarker-12x44-mm-5x25-bl\/#primaryimage"},"image":{"@id":"https:\/\/der-schulbedarf.shop\/produkt-des-monats\/produkt\/pagemarker-12x44-mm-5x25-bl\/#primaryimage"},"thumbnailUrl":"https:\/\/der-schulbedarf.shop\/wp-content\/uploads\/2024\/08\/1724052453535.png","datePublished":"2024-08-26T09:46:19+00:00","dateModified":"2024-11-27T10:59:37+00:00","description":"Pagemarker 12x44 mm. 5x25 Bl. Hochwertige Haftnotizen und Marker. In Blau, Gr\u00fcn, Gelb, Orange und Pink. Auch gut geeignet f\u00fcr Ordner und Ringb\u00fccher. 1,31\u20ac","breadcrumb":{"@id":"https:\/\/der-schulbedarf.shop\/produkt-des-monats\/produkt\/pagemarker-12x44-mm-5x25-bl\/#breadcrumb"},"inLanguage":"de","potentialAction":[{"@type":"ReadAction","target":["https:\/\/der-schulbedarf.shop\/produkt-des-monats\/produkt\/pagemarker-12x44-mm-5x25-bl\/"]}]},{"@type":"ImageObject","inLanguage":"de","@id":"https:\/\/der-schulbedarf.shop\/produkt-des-monats\/produkt\/pagemarker-12x44-mm-5x25-bl\/#primaryimage","url":"https:\/\/der-schulbedarf.shop\/wp-content\/uploads\/2024\/08\/1724052453535.png","contentUrl":"https:\/\/der-schulbedarf.shop\/wp-content\/uploads\/2024\/08\/1724052453535.png","width":1500,"height":2000},{"@type":"BreadcrumbList","@id":"https:\/\/der-schulbedarf.shop\/produkt-des-monats\/produkt\/pagemarker-12x44-mm-5x25-bl\/#breadcrumb","itemListElement":[{"@type":"ListItem","position":1,"name":"Shop","item":"https:\/\/der-schulbedarf.shop\/produkt-des-monats\/shop\/"},{"@type":"ListItem","position":2,"name":"Pagemarker 12&#215;44 mm, 5&#215;25 Bl."}]},{"@type":"WebSite","@id":"https:\/\/der-schulbedarf.shop\/produkt-des-monats\/#website","url":"https:\/\/der-schulbedarf.shop\/produkt-des-monats\/","name":"der-Schulbedarf.shop","description":"","publisher":{"@id":"https:\/\/der-schulbedarf.shop\/produkt-des-monats\/#organization"},"potentialAction":[{"@type":"SearchAction","target":{"@type":"EntryPoint","urlTemplate":"https:\/\/der-schulbedarf.shop\/produkt-des-monats\/?s={search_term_string}"},"query-input":{"@type":"PropertyValueSpecification","valueRequired":true,"valueName":"search_term_string"}}],"inLanguage":"de"},{"@type":"Organization","@id":"https:\/\/der-schulbedarf.shop\/produkt-des-monats\/#organization","name":"der-Schulbedarf.shop","url":"https:\/\/der-schulbedarf.shop\/produkt-des-monats\/","logo":{"@type":"ImageObject","inLanguage":"de","@id":"https:\/\/der-schulbedarf.shop\/produkt-des-monats\/#\/schema\/logo\/image\/","url":"https:\/\/der-schulbedarf.shop\/wp-content\/uploads\/2024\/02\/grafik-e1709551115899.png","contentUrl":"https:\/\/der-schulbedarf.shop\/wp-content\/uploads\/2024\/02\/grafik-e1709551115899.png","width":80,"height":80,"caption":"der-Schulbedarf.shop"},"image":{"@id":"https:\/\/der-schulbedarf.shop\/produkt-des-monats\/#\/schema\/logo\/image\/"}}]}},"_links":{"self":[{"href":"https:\/\/der-schulbedarf.shop\/produkt-des-monats\/wp-json\/wp\/v2\/product\/3694","targetHints":{"allow":["GET"]}}],"collection":[{"href":"https:\/\/der-schulbedarf.shop\/produkt-des-monats\/wp-json\/wp\/v2\/product"}],"about":[{"href":"https:\/\/der-schulbedarf.shop\/produkt-des-monats\/wp-json\/wp\/v2\/types\/product"}],"replies":[{"embeddable":true,"href":"https:\/\/der-schulbedarf.shop\/produkt-des-monats\/wp-json\/wp\/v2\/comments?post=3694"}],"wp:featuredmedia":[{"embeddable":true,"href":"https:\/\/der-schulbedarf.shop\/produkt-des-monats\/wp-json\/wp\/v2\/media\/3716"}],"wp:attachment":[{"href":"https:\/\/der-schulbedarf.shop\/produkt-des-monats\/wp-json\/wp\/v2\/media?parent=3694"}],"wp:term":[{"taxonomy":"product_cat","embeddable":true,"href":"https:\/\/der-schulbedarf.shop\/produkt-des-monats\/wp-json\/wp\/v2\/product_cat?post=3694"},{"taxonomy":"product_tag","embeddable":true,"href":"https:\/\/der-schulbedarf.shop\/produkt-des-monats\/wp-json\/wp\/v2\/product_tag?post=3694"}],"curies":[{"name":"wp","href":"https:\/\/api.w.org\/{rel}","templated":true}]}}