{"id":3696,"date":"2024-08-26T09:46:20","date_gmt":"2024-08-26T09:46:20","guid":{"rendered":"https:\/\/der-schulbedarf.shop\/produkt-des-monats\/?post_type=product&#038;p=3696"},"modified":"2024-11-27T10:57:37","modified_gmt":"2024-11-27T10:57:37","slug":"sigma-notes-bunt-75x75mm-6x80","status":"publish","type":"product","link":"https:\/\/der-schulbedarf.shop\/produkt-des-monats\/produkt\/sigma-notes-bunt-75x75mm-6x80\/","title":{"rendered":"Sigma Notes Bunt 75x75mm 6&#215;80"},"content":{"rendered":"<p>Sigma Notes Bunt 75x75mm 6&#215;80<\/p>\n<p>Das Produkt auf dem Bild ist ein Block von \u201eSIGMA Adhesive Notes\u201c in einer rosa Verpackung. Diese Haftnotizen sind quadratisch und haben die Abmessungen 75 x 75 mm. Jede Packung enth\u00e4lt 80 Blatt, die sich ideal zum schnellen Notieren von wichtigen Informationen, Erinnerungen oder Nachrichten eignen. Die Notizen sind repositionierbar, sodass sie leicht entfernt und an anderer Stelle wieder angebracht werden k\u00f6nnen, ohne R\u00fcckst\u00e4nde zu hinterlassen. Das Produkt tr\u00e4gt das FSC-Label, was bedeutet, dass das Papier aus verantwortungsvoll bewirtschafteten W\u00e4ldern stammt. Diese Haftnotizen sind perfekt f\u00fcr den Einsatz im B\u00fcro, zu Hause oder in der Schule.<\/p>\n","protected":false},"excerpt":{"rendered":"<p>Sigma Notes Bunt 75x75mm 6&#215;80 Das Produkt auf dem Bild ist ein Block von \u201eSIGMA Adhesive Notes\u201c in einer rosa Verpackung. Diese Haftnotizen sind quadratisch und haben die Abmessungen 75 x 75 mm. Jede Packung enth\u00e4lt 80 Blatt, die sich ideal zum schnellen Notieren von wichtigen Informationen, Erinnerungen oder Nachrichten eignen. Die Notizen sind repositionierbar, [&hellip;]<\/p>\n","protected":false},"featured_media":3718,"comment_status":"open","ping_status":"closed","template":"","meta":[],"product_cat":[895,898,896,904,905,1076,1079],"product_tag":[554,1092,978,1088,1090,448,1089,1081,1093,249],"class_list":{"0":"post-3696","1":"product","2":"type-product","3":"status-publish","4":"has-post-thumbnail","6":"product_cat-grundschule","7":"product_cat-gymnasium","8":"product_cat-hauptschule","9":"product_cat-mittelstufe","10":"product_cat-oberstufe","11":"product_cat-schreibwaren","12":"product_cat-schulbedarf","13":"product_tag-basteln","14":"product_tag-beruf","15":"product_tag-grundschule","16":"product_tag-gymnasium","17":"product_tag-hauptschule","18":"product_tag-hobby","19":"product_tag-realschule","20":"product_tag-schreibwaren","21":"product_tag-schulbedarf","22":"product_tag-schule","23":"post","24":"post-with-thumbnail","25":"post-with-thumbnail-large","27":"first","28":"instock","29":"taxable","30":"shipping-taxable","31":"purchasable","32":"product-type-simple"},"yoast_head":"<!-- This site is optimized with the Yoast SEO plugin v26.6 - https:\/\/yoast.com\/wordpress\/plugins\/seo\/ -->\n<title>Sigma Notes Bunt 75x75mm 6x80 - der-Schulbedarf.shop<\/title>\n<meta name=\"description\" content=\"Sigma Notes Bunt 75x75mm 6x80. Praktische Haftnotizen. Mit den Abmessungen 75 x 75 mm. Die Notizen sind repositionierbar somit leicht zu entfernen. 4,28\u20ac\" \/>\n<meta name=\"robots\" content=\"index, follow, max-snippet:-1, max-image-preview:large, max-video-preview:-1\" \/>\n<link rel=\"canonical\" href=\"https:\/\/der-schulbedarf.shop\/produkt-des-monats\/produkt\/sigma-notes-bunt-75x75mm-6x80\/\" \/>\n<meta property=\"og:locale\" content=\"de_DE\" \/>\n<meta property=\"og:type\" content=\"article\" \/>\n<meta property=\"og:title\" content=\"Sigma Notes Bunt 75x75mm 6x80 - der-Schulbedarf.shop\" \/>\n<meta property=\"og:description\" content=\"Sigma Notes Bunt 75x75mm 6x80. Praktische Haftnotizen. Mit den Abmessungen 75 x 75 mm. Die Notizen sind repositionierbar somit leicht zu entfernen. 4,28\u20ac\" \/>\n<meta property=\"og:url\" content=\"https:\/\/der-schulbedarf.shop\/produkt-des-monats\/produkt\/sigma-notes-bunt-75x75mm-6x80\/\" \/>\n<meta property=\"og:site_name\" content=\"der-Schulbedarf.shop\" \/>\n<meta property=\"article:modified_time\" content=\"2024-11-27T10:57:37+00:00\" \/>\n<meta property=\"og:image\" content=\"https:\/\/der-schulbedarf.shop\/wp-content\/uploads\/2024\/08\/1724052462696.png\" \/>\n\t<meta property=\"og:image:width\" content=\"1500\" \/>\n\t<meta property=\"og:image:height\" content=\"2000\" \/>\n\t<meta property=\"og:image:type\" content=\"image\/png\" \/>\n<meta name=\"twitter:card\" content=\"summary_large_image\" \/>\n<meta name=\"twitter:label1\" content=\"Gesch\u00e4tzte Lesezeit\" \/>\n\t<meta name=\"twitter:data1\" content=\"1\u00a0Minute\" \/>\n<script type=\"application\/ld+json\" class=\"yoast-schema-graph\">{\"@context\":\"https:\/\/schema.org\",\"@graph\":[{\"@type\":\"WebPage\",\"@id\":\"https:\/\/der-schulbedarf.shop\/produkt-des-monats\/produkt\/sigma-notes-bunt-75x75mm-6x80\/\",\"url\":\"https:\/\/der-schulbedarf.shop\/produkt-des-monats\/produkt\/sigma-notes-bunt-75x75mm-6x80\/\",\"name\":\"Sigma Notes Bunt 75x75mm 6x80 - der-Schulbedarf.shop\",\"isPartOf\":{\"@id\":\"https:\/\/der-schulbedarf.shop\/produkt-des-monats\/#website\"},\"primaryImageOfPage\":{\"@id\":\"https:\/\/der-schulbedarf.shop\/produkt-des-monats\/produkt\/sigma-notes-bunt-75x75mm-6x80\/#primaryimage\"},\"image\":{\"@id\":\"https:\/\/der-schulbedarf.shop\/produkt-des-monats\/produkt\/sigma-notes-bunt-75x75mm-6x80\/#primaryimage\"},\"thumbnailUrl\":\"https:\/\/der-schulbedarf.shop\/wp-content\/uploads\/2024\/08\/1724052462696.png\",\"datePublished\":\"2024-08-26T09:46:20+00:00\",\"dateModified\":\"2024-11-27T10:57:37+00:00\",\"description\":\"Sigma Notes Bunt 75x75mm 6x80. Praktische Haftnotizen. Mit den Abmessungen 75 x 75 mm. Die Notizen sind repositionierbar somit leicht zu entfernen. 4,28\u20ac\",\"breadcrumb\":{\"@id\":\"https:\/\/der-schulbedarf.shop\/produkt-des-monats\/produkt\/sigma-notes-bunt-75x75mm-6x80\/#breadcrumb\"},\"inLanguage\":\"de\",\"potentialAction\":[{\"@type\":\"ReadAction\",\"target\":[\"https:\/\/der-schulbedarf.shop\/produkt-des-monats\/produkt\/sigma-notes-bunt-75x75mm-6x80\/\"]}]},{\"@type\":\"ImageObject\",\"inLanguage\":\"de\",\"@id\":\"https:\/\/der-schulbedarf.shop\/produkt-des-monats\/produkt\/sigma-notes-bunt-75x75mm-6x80\/#primaryimage\",\"url\":\"https:\/\/der-schulbedarf.shop\/wp-content\/uploads\/2024\/08\/1724052462696.png\",\"contentUrl\":\"https:\/\/der-schulbedarf.shop\/wp-content\/uploads\/2024\/08\/1724052462696.png\",\"width\":1500,\"height\":2000},{\"@type\":\"BreadcrumbList\",\"@id\":\"https:\/\/der-schulbedarf.shop\/produkt-des-monats\/produkt\/sigma-notes-bunt-75x75mm-6x80\/#breadcrumb\",\"itemListElement\":[{\"@type\":\"ListItem\",\"position\":1,\"name\":\"Shop\",\"item\":\"https:\/\/der-schulbedarf.shop\/produkt-des-monats\/shop\/\"},{\"@type\":\"ListItem\",\"position\":2,\"name\":\"Sigma Notes Bunt 75x75mm 6&#215;80\"}]},{\"@type\":\"WebSite\",\"@id\":\"https:\/\/der-schulbedarf.shop\/produkt-des-monats\/#website\",\"url\":\"https:\/\/der-schulbedarf.shop\/produkt-des-monats\/\",\"name\":\"der-Schulbedarf.shop\",\"description\":\"\",\"publisher\":{\"@id\":\"https:\/\/der-schulbedarf.shop\/produkt-des-monats\/#organization\"},\"potentialAction\":[{\"@type\":\"SearchAction\",\"target\":{\"@type\":\"EntryPoint\",\"urlTemplate\":\"https:\/\/der-schulbedarf.shop\/produkt-des-monats\/?s={search_term_string}\"},\"query-input\":{\"@type\":\"PropertyValueSpecification\",\"valueRequired\":true,\"valueName\":\"search_term_string\"}}],\"inLanguage\":\"de\"},{\"@type\":\"Organization\",\"@id\":\"https:\/\/der-schulbedarf.shop\/produkt-des-monats\/#organization\",\"name\":\"der-Schulbedarf.shop\",\"url\":\"https:\/\/der-schulbedarf.shop\/produkt-des-monats\/\",\"logo\":{\"@type\":\"ImageObject\",\"inLanguage\":\"de\",\"@id\":\"https:\/\/der-schulbedarf.shop\/produkt-des-monats\/#\/schema\/logo\/image\/\",\"url\":\"https:\/\/der-schulbedarf.shop\/wp-content\/uploads\/2024\/02\/grafik-e1709551115899.png\",\"contentUrl\":\"https:\/\/der-schulbedarf.shop\/wp-content\/uploads\/2024\/02\/grafik-e1709551115899.png\",\"width\":80,\"height\":80,\"caption\":\"der-Schulbedarf.shop\"},\"image\":{\"@id\":\"https:\/\/der-schulbedarf.shop\/produkt-des-monats\/#\/schema\/logo\/image\/\"}}]}<\/script>\n<!-- \/ Yoast SEO plugin. -->","yoast_head_json":{"title":"Sigma Notes Bunt 75x75mm 6x80 - der-Schulbedarf.shop","description":"Sigma Notes Bunt 75x75mm 6x80. Praktische Haftnotizen. Mit den Abmessungen 75 x 75 mm. Die Notizen sind repositionierbar somit leicht zu entfernen. 4,28\u20ac","robots":{"index":"index","follow":"follow","max-snippet":"max-snippet:-1","max-image-preview":"max-image-preview:large","max-video-preview":"max-video-preview:-1"},"canonical":"https:\/\/der-schulbedarf.shop\/produkt-des-monats\/produkt\/sigma-notes-bunt-75x75mm-6x80\/","og_locale":"de_DE","og_type":"article","og_title":"Sigma Notes Bunt 75x75mm 6x80 - der-Schulbedarf.shop","og_description":"Sigma Notes Bunt 75x75mm 6x80. Praktische Haftnotizen. Mit den Abmessungen 75 x 75 mm. Die Notizen sind repositionierbar somit leicht zu entfernen. 4,28\u20ac","og_url":"https:\/\/der-schulbedarf.shop\/produkt-des-monats\/produkt\/sigma-notes-bunt-75x75mm-6x80\/","og_site_name":"der-Schulbedarf.shop","article_modified_time":"2024-11-27T10:57:37+00:00","og_image":[{"width":1500,"height":2000,"url":"https:\/\/der-schulbedarf.shop\/wp-content\/uploads\/2024\/08\/1724052462696.png","type":"image\/png"}],"twitter_card":"summary_large_image","twitter_misc":{"Gesch\u00e4tzte Lesezeit":"1\u00a0Minute"},"schema":{"@context":"https:\/\/schema.org","@graph":[{"@type":"WebPage","@id":"https:\/\/der-schulbedarf.shop\/produkt-des-monats\/produkt\/sigma-notes-bunt-75x75mm-6x80\/","url":"https:\/\/der-schulbedarf.shop\/produkt-des-monats\/produkt\/sigma-notes-bunt-75x75mm-6x80\/","name":"Sigma Notes Bunt 75x75mm 6x80 - der-Schulbedarf.shop","isPartOf":{"@id":"https:\/\/der-schulbedarf.shop\/produkt-des-monats\/#website"},"primaryImageOfPage":{"@id":"https:\/\/der-schulbedarf.shop\/produkt-des-monats\/produkt\/sigma-notes-bunt-75x75mm-6x80\/#primaryimage"},"image":{"@id":"https:\/\/der-schulbedarf.shop\/produkt-des-monats\/produkt\/sigma-notes-bunt-75x75mm-6x80\/#primaryimage"},"thumbnailUrl":"https:\/\/der-schulbedarf.shop\/wp-content\/uploads\/2024\/08\/1724052462696.png","datePublished":"2024-08-26T09:46:20+00:00","dateModified":"2024-11-27T10:57:37+00:00","description":"Sigma Notes Bunt 75x75mm 6x80. Praktische Haftnotizen. Mit den Abmessungen 75 x 75 mm. Die Notizen sind repositionierbar somit leicht zu entfernen. 4,28\u20ac","breadcrumb":{"@id":"https:\/\/der-schulbedarf.shop\/produkt-des-monats\/produkt\/sigma-notes-bunt-75x75mm-6x80\/#breadcrumb"},"inLanguage":"de","potentialAction":[{"@type":"ReadAction","target":["https:\/\/der-schulbedarf.shop\/produkt-des-monats\/produkt\/sigma-notes-bunt-75x75mm-6x80\/"]}]},{"@type":"ImageObject","inLanguage":"de","@id":"https:\/\/der-schulbedarf.shop\/produkt-des-monats\/produkt\/sigma-notes-bunt-75x75mm-6x80\/#primaryimage","url":"https:\/\/der-schulbedarf.shop\/wp-content\/uploads\/2024\/08\/1724052462696.png","contentUrl":"https:\/\/der-schulbedarf.shop\/wp-content\/uploads\/2024\/08\/1724052462696.png","width":1500,"height":2000},{"@type":"BreadcrumbList","@id":"https:\/\/der-schulbedarf.shop\/produkt-des-monats\/produkt\/sigma-notes-bunt-75x75mm-6x80\/#breadcrumb","itemListElement":[{"@type":"ListItem","position":1,"name":"Shop","item":"https:\/\/der-schulbedarf.shop\/produkt-des-monats\/shop\/"},{"@type":"ListItem","position":2,"name":"Sigma Notes Bunt 75x75mm 6&#215;80"}]},{"@type":"WebSite","@id":"https:\/\/der-schulbedarf.shop\/produkt-des-monats\/#website","url":"https:\/\/der-schulbedarf.shop\/produkt-des-monats\/","name":"der-Schulbedarf.shop","description":"","publisher":{"@id":"https:\/\/der-schulbedarf.shop\/produkt-des-monats\/#organization"},"potentialAction":[{"@type":"SearchAction","target":{"@type":"EntryPoint","urlTemplate":"https:\/\/der-schulbedarf.shop\/produkt-des-monats\/?s={search_term_string}"},"query-input":{"@type":"PropertyValueSpecification","valueRequired":true,"valueName":"search_term_string"}}],"inLanguage":"de"},{"@type":"Organization","@id":"https:\/\/der-schulbedarf.shop\/produkt-des-monats\/#organization","name":"der-Schulbedarf.shop","url":"https:\/\/der-schulbedarf.shop\/produkt-des-monats\/","logo":{"@type":"ImageObject","inLanguage":"de","@id":"https:\/\/der-schulbedarf.shop\/produkt-des-monats\/#\/schema\/logo\/image\/","url":"https:\/\/der-schulbedarf.shop\/wp-content\/uploads\/2024\/02\/grafik-e1709551115899.png","contentUrl":"https:\/\/der-schulbedarf.shop\/wp-content\/uploads\/2024\/02\/grafik-e1709551115899.png","width":80,"height":80,"caption":"der-Schulbedarf.shop"},"image":{"@id":"https:\/\/der-schulbedarf.shop\/produkt-des-monats\/#\/schema\/logo\/image\/"}}]}},"_links":{"self":[{"href":"https:\/\/der-schulbedarf.shop\/produkt-des-monats\/wp-json\/wp\/v2\/product\/3696","targetHints":{"allow":["GET"]}}],"collection":[{"href":"https:\/\/der-schulbedarf.shop\/produkt-des-monats\/wp-json\/wp\/v2\/product"}],"about":[{"href":"https:\/\/der-schulbedarf.shop\/produkt-des-monats\/wp-json\/wp\/v2\/types\/product"}],"replies":[{"embeddable":true,"href":"https:\/\/der-schulbedarf.shop\/produkt-des-monats\/wp-json\/wp\/v2\/comments?post=3696"}],"wp:featuredmedia":[{"embeddable":true,"href":"https:\/\/der-schulbedarf.shop\/produkt-des-monats\/wp-json\/wp\/v2\/media\/3718"}],"wp:attachment":[{"href":"https:\/\/der-schulbedarf.shop\/produkt-des-monats\/wp-json\/wp\/v2\/media?parent=3696"}],"wp:term":[{"taxonomy":"product_cat","embeddable":true,"href":"https:\/\/der-schulbedarf.shop\/produkt-des-monats\/wp-json\/wp\/v2\/product_cat?post=3696"},{"taxonomy":"product_tag","embeddable":true,"href":"https:\/\/der-schulbedarf.shop\/produkt-des-monats\/wp-json\/wp\/v2\/product_tag?post=3696"}],"curies":[{"name":"wp","href":"https:\/\/api.w.org\/{rel}","templated":true}]}}