{"id":3697,"date":"2024-08-26T09:46:20","date_gmt":"2024-08-26T09:46:20","guid":{"rendered":"https:\/\/der-schulbedarf.shop\/produkt-des-monats\/?post_type=product&#038;p=3697"},"modified":"2025-08-04T14:32:11","modified_gmt":"2025-08-04T14:32:11","slug":"karteikarte-a7-linie-weiss","status":"publish","type":"product","link":"https:\/\/der-schulbedarf.shop\/produkt-des-monats\/produkt\/karteikarte-a7-linie-weiss\/","title":{"rendered":"Karteikarte A7 Linie Weiss"},"content":{"rendered":"<p>Das Produkt auf dem Bild ist ein Paket \u201eBRUNNEN Karteikarten A7\u201c. Diese Karteikarten sind in der Gr\u00f6\u00dfe A7 (74 x 105 mm) und eignen sich ideal f\u00fcr Lernzwecke, Notizen oder die Organisation von Informationen. Das Paket enth\u00e4lt 100 St\u00fcck linierte Karteikarten, die robust und hochwertig verarbeitet sind. Sie bieten ausreichend Platz f\u00fcr Stichpunkte, Definitionen oder andere wichtige Informationen. Die Karteikarten sind in Deutschland hergestellt, was f\u00fcr eine hohe Qualit\u00e4t und Langlebigkeit spricht. Sie sind ein n\u00fctzliches Hilfsmittel f\u00fcr Sch\u00fcler, Studenten oder Berufst\u00e4tige, die ihre Notizen effektiv organisieren m\u00f6chten.<\/p>\n","protected":false},"excerpt":{"rendered":"<p>Das Produkt auf dem Bild ist ein Paket \u201eBRUNNEN Karteikarten A7\u201c. Diese Karteikarten sind in der Gr\u00f6\u00dfe A7 (74 x 105 mm) und eignen sich ideal f\u00fcr Lernzwecke, Notizen oder die Organisation von Informationen. Das Paket enth\u00e4lt 100 St\u00fcck linierte Karteikarten, die robust und hochwertig verarbeitet sind. Sie bieten ausreichend Platz f\u00fcr Stichpunkte, Definitionen oder [&hellip;]<\/p>\n","protected":false},"featured_media":3719,"comment_status":"open","ping_status":"closed","template":"","meta":[],"product_cat":[1076],"product_tag":[],"class_list":{"0":"post-3697","1":"product","2":"type-product","3":"status-publish","4":"has-post-thumbnail","6":"product_cat-schreibwaren","7":"post","8":"post-with-thumbnail","9":"post-with-thumbnail-large","11":"first","12":"outofstock","13":"taxable","14":"shipping-taxable","15":"purchasable","16":"product-type-simple"},"yoast_head":"<!-- This site is optimized with the Yoast SEO plugin v26.6 - https:\/\/yoast.com\/wordpress\/plugins\/seo\/ -->\n<title>Karteikarte A7 Linie Weiss - der-Schulbedarf.shop<\/title>\n<meta name=\"robots\" content=\"index, follow, max-snippet:-1, max-image-preview:large, max-video-preview:-1\" \/>\n<link rel=\"canonical\" href=\"https:\/\/der-schulbedarf.shop\/produkt-des-monats\/produkt\/karteikarte-a7-linie-weiss\/\" \/>\n<meta property=\"og:locale\" content=\"de_DE\" \/>\n<meta property=\"og:type\" content=\"article\" \/>\n<meta property=\"og:title\" content=\"Karteikarte A7 Linie Weiss - der-Schulbedarf.shop\" \/>\n<meta property=\"og:description\" content=\"Das Produkt auf dem Bild ist ein Paket \u201eBRUNNEN Karteikarten A7\u201c. Diese Karteikarten sind in der Gr\u00f6\u00dfe A7 (74 x 105 mm) und eignen sich ideal f\u00fcr Lernzwecke, Notizen oder die Organisation von Informationen. Das Paket enth\u00e4lt 100 St\u00fcck linierte Karteikarten, die robust und hochwertig verarbeitet sind. Sie bieten ausreichend Platz f\u00fcr Stichpunkte, Definitionen oder [&hellip;]\" \/>\n<meta property=\"og:url\" content=\"https:\/\/der-schulbedarf.shop\/produkt-des-monats\/produkt\/karteikarte-a7-linie-weiss\/\" \/>\n<meta property=\"og:site_name\" content=\"der-Schulbedarf.shop\" \/>\n<meta property=\"article:modified_time\" content=\"2025-08-04T14:32:11+00:00\" \/>\n<meta property=\"og:image\" content=\"https:\/\/der-schulbedarf.shop\/wp-content\/uploads\/2024\/08\/1724052467665.png\" \/>\n\t<meta property=\"og:image:width\" content=\"1500\" \/>\n\t<meta property=\"og:image:height\" content=\"2000\" \/>\n\t<meta property=\"og:image:type\" content=\"image\/png\" \/>\n<meta name=\"twitter:card\" content=\"summary_large_image\" \/>\n<meta name=\"twitter:label1\" content=\"Gesch\u00e4tzte Lesezeit\" \/>\n\t<meta name=\"twitter:data1\" content=\"1\u00a0Minute\" \/>\n<script type=\"application\/ld+json\" class=\"yoast-schema-graph\">{\"@context\":\"https:\/\/schema.org\",\"@graph\":[{\"@type\":\"WebPage\",\"@id\":\"https:\/\/der-schulbedarf.shop\/produkt-des-monats\/produkt\/karteikarte-a7-linie-weiss\/\",\"url\":\"https:\/\/der-schulbedarf.shop\/produkt-des-monats\/produkt\/karteikarte-a7-linie-weiss\/\",\"name\":\"Karteikarte A7 Linie Weiss - der-Schulbedarf.shop\",\"isPartOf\":{\"@id\":\"https:\/\/der-schulbedarf.shop\/produkt-des-monats\/#website\"},\"primaryImageOfPage\":{\"@id\":\"https:\/\/der-schulbedarf.shop\/produkt-des-monats\/produkt\/karteikarte-a7-linie-weiss\/#primaryimage\"},\"image\":{\"@id\":\"https:\/\/der-schulbedarf.shop\/produkt-des-monats\/produkt\/karteikarte-a7-linie-weiss\/#primaryimage\"},\"thumbnailUrl\":\"https:\/\/der-schulbedarf.shop\/wp-content\/uploads\/2024\/08\/1724052467665.png\",\"datePublished\":\"2024-08-26T09:46:20+00:00\",\"dateModified\":\"2025-08-04T14:32:11+00:00\",\"breadcrumb\":{\"@id\":\"https:\/\/der-schulbedarf.shop\/produkt-des-monats\/produkt\/karteikarte-a7-linie-weiss\/#breadcrumb\"},\"inLanguage\":\"de\",\"potentialAction\":[{\"@type\":\"ReadAction\",\"target\":[\"https:\/\/der-schulbedarf.shop\/produkt-des-monats\/produkt\/karteikarte-a7-linie-weiss\/\"]}]},{\"@type\":\"ImageObject\",\"inLanguage\":\"de\",\"@id\":\"https:\/\/der-schulbedarf.shop\/produkt-des-monats\/produkt\/karteikarte-a7-linie-weiss\/#primaryimage\",\"url\":\"https:\/\/der-schulbedarf.shop\/wp-content\/uploads\/2024\/08\/1724052467665.png\",\"contentUrl\":\"https:\/\/der-schulbedarf.shop\/wp-content\/uploads\/2024\/08\/1724052467665.png\",\"width\":1500,\"height\":2000},{\"@type\":\"BreadcrumbList\",\"@id\":\"https:\/\/der-schulbedarf.shop\/produkt-des-monats\/produkt\/karteikarte-a7-linie-weiss\/#breadcrumb\",\"itemListElement\":[{\"@type\":\"ListItem\",\"position\":1,\"name\":\"Shop\",\"item\":\"https:\/\/der-schulbedarf.shop\/produkt-des-monats\/shop\/\"},{\"@type\":\"ListItem\",\"position\":2,\"name\":\"Karteikarte A7 Linie Weiss\"}]},{\"@type\":\"WebSite\",\"@id\":\"https:\/\/der-schulbedarf.shop\/produkt-des-monats\/#website\",\"url\":\"https:\/\/der-schulbedarf.shop\/produkt-des-monats\/\",\"name\":\"der-Schulbedarf.shop\",\"description\":\"\",\"publisher\":{\"@id\":\"https:\/\/der-schulbedarf.shop\/produkt-des-monats\/#organization\"},\"potentialAction\":[{\"@type\":\"SearchAction\",\"target\":{\"@type\":\"EntryPoint\",\"urlTemplate\":\"https:\/\/der-schulbedarf.shop\/produkt-des-monats\/?s={search_term_string}\"},\"query-input\":{\"@type\":\"PropertyValueSpecification\",\"valueRequired\":true,\"valueName\":\"search_term_string\"}}],\"inLanguage\":\"de\"},{\"@type\":\"Organization\",\"@id\":\"https:\/\/der-schulbedarf.shop\/produkt-des-monats\/#organization\",\"name\":\"der-Schulbedarf.shop\",\"url\":\"https:\/\/der-schulbedarf.shop\/produkt-des-monats\/\",\"logo\":{\"@type\":\"ImageObject\",\"inLanguage\":\"de\",\"@id\":\"https:\/\/der-schulbedarf.shop\/produkt-des-monats\/#\/schema\/logo\/image\/\",\"url\":\"https:\/\/der-schulbedarf.shop\/wp-content\/uploads\/2024\/02\/grafik-e1709551115899.png\",\"contentUrl\":\"https:\/\/der-schulbedarf.shop\/wp-content\/uploads\/2024\/02\/grafik-e1709551115899.png\",\"width\":80,\"height\":80,\"caption\":\"der-Schulbedarf.shop\"},\"image\":{\"@id\":\"https:\/\/der-schulbedarf.shop\/produkt-des-monats\/#\/schema\/logo\/image\/\"}}]}<\/script>\n<!-- \/ Yoast SEO plugin. -->","yoast_head_json":{"title":"Karteikarte A7 Linie Weiss - der-Schulbedarf.shop","robots":{"index":"index","follow":"follow","max-snippet":"max-snippet:-1","max-image-preview":"max-image-preview:large","max-video-preview":"max-video-preview:-1"},"canonical":"https:\/\/der-schulbedarf.shop\/produkt-des-monats\/produkt\/karteikarte-a7-linie-weiss\/","og_locale":"de_DE","og_type":"article","og_title":"Karteikarte A7 Linie Weiss - der-Schulbedarf.shop","og_description":"Das Produkt auf dem Bild ist ein Paket \u201eBRUNNEN Karteikarten A7\u201c. Diese Karteikarten sind in der Gr\u00f6\u00dfe A7 (74 x 105 mm) und eignen sich ideal f\u00fcr Lernzwecke, Notizen oder die Organisation von Informationen. Das Paket enth\u00e4lt 100 St\u00fcck linierte Karteikarten, die robust und hochwertig verarbeitet sind. Sie bieten ausreichend Platz f\u00fcr Stichpunkte, Definitionen oder [&hellip;]","og_url":"https:\/\/der-schulbedarf.shop\/produkt-des-monats\/produkt\/karteikarte-a7-linie-weiss\/","og_site_name":"der-Schulbedarf.shop","article_modified_time":"2025-08-04T14:32:11+00:00","og_image":[{"width":1500,"height":2000,"url":"https:\/\/der-schulbedarf.shop\/wp-content\/uploads\/2024\/08\/1724052467665.png","type":"image\/png"}],"twitter_card":"summary_large_image","twitter_misc":{"Gesch\u00e4tzte Lesezeit":"1\u00a0Minute"},"schema":{"@context":"https:\/\/schema.org","@graph":[{"@type":"WebPage","@id":"https:\/\/der-schulbedarf.shop\/produkt-des-monats\/produkt\/karteikarte-a7-linie-weiss\/","url":"https:\/\/der-schulbedarf.shop\/produkt-des-monats\/produkt\/karteikarte-a7-linie-weiss\/","name":"Karteikarte A7 Linie Weiss - der-Schulbedarf.shop","isPartOf":{"@id":"https:\/\/der-schulbedarf.shop\/produkt-des-monats\/#website"},"primaryImageOfPage":{"@id":"https:\/\/der-schulbedarf.shop\/produkt-des-monats\/produkt\/karteikarte-a7-linie-weiss\/#primaryimage"},"image":{"@id":"https:\/\/der-schulbedarf.shop\/produkt-des-monats\/produkt\/karteikarte-a7-linie-weiss\/#primaryimage"},"thumbnailUrl":"https:\/\/der-schulbedarf.shop\/wp-content\/uploads\/2024\/08\/1724052467665.png","datePublished":"2024-08-26T09:46:20+00:00","dateModified":"2025-08-04T14:32:11+00:00","breadcrumb":{"@id":"https:\/\/der-schulbedarf.shop\/produkt-des-monats\/produkt\/karteikarte-a7-linie-weiss\/#breadcrumb"},"inLanguage":"de","potentialAction":[{"@type":"ReadAction","target":["https:\/\/der-schulbedarf.shop\/produkt-des-monats\/produkt\/karteikarte-a7-linie-weiss\/"]}]},{"@type":"ImageObject","inLanguage":"de","@id":"https:\/\/der-schulbedarf.shop\/produkt-des-monats\/produkt\/karteikarte-a7-linie-weiss\/#primaryimage","url":"https:\/\/der-schulbedarf.shop\/wp-content\/uploads\/2024\/08\/1724052467665.png","contentUrl":"https:\/\/der-schulbedarf.shop\/wp-content\/uploads\/2024\/08\/1724052467665.png","width":1500,"height":2000},{"@type":"BreadcrumbList","@id":"https:\/\/der-schulbedarf.shop\/produkt-des-monats\/produkt\/karteikarte-a7-linie-weiss\/#breadcrumb","itemListElement":[{"@type":"ListItem","position":1,"name":"Shop","item":"https:\/\/der-schulbedarf.shop\/produkt-des-monats\/shop\/"},{"@type":"ListItem","position":2,"name":"Karteikarte A7 Linie Weiss"}]},{"@type":"WebSite","@id":"https:\/\/der-schulbedarf.shop\/produkt-des-monats\/#website","url":"https:\/\/der-schulbedarf.shop\/produkt-des-monats\/","name":"der-Schulbedarf.shop","description":"","publisher":{"@id":"https:\/\/der-schulbedarf.shop\/produkt-des-monats\/#organization"},"potentialAction":[{"@type":"SearchAction","target":{"@type":"EntryPoint","urlTemplate":"https:\/\/der-schulbedarf.shop\/produkt-des-monats\/?s={search_term_string}"},"query-input":{"@type":"PropertyValueSpecification","valueRequired":true,"valueName":"search_term_string"}}],"inLanguage":"de"},{"@type":"Organization","@id":"https:\/\/der-schulbedarf.shop\/produkt-des-monats\/#organization","name":"der-Schulbedarf.shop","url":"https:\/\/der-schulbedarf.shop\/produkt-des-monats\/","logo":{"@type":"ImageObject","inLanguage":"de","@id":"https:\/\/der-schulbedarf.shop\/produkt-des-monats\/#\/schema\/logo\/image\/","url":"https:\/\/der-schulbedarf.shop\/wp-content\/uploads\/2024\/02\/grafik-e1709551115899.png","contentUrl":"https:\/\/der-schulbedarf.shop\/wp-content\/uploads\/2024\/02\/grafik-e1709551115899.png","width":80,"height":80,"caption":"der-Schulbedarf.shop"},"image":{"@id":"https:\/\/der-schulbedarf.shop\/produkt-des-monats\/#\/schema\/logo\/image\/"}}]}},"_links":{"self":[{"href":"https:\/\/der-schulbedarf.shop\/produkt-des-monats\/wp-json\/wp\/v2\/product\/3697","targetHints":{"allow":["GET"]}}],"collection":[{"href":"https:\/\/der-schulbedarf.shop\/produkt-des-monats\/wp-json\/wp\/v2\/product"}],"about":[{"href":"https:\/\/der-schulbedarf.shop\/produkt-des-monats\/wp-json\/wp\/v2\/types\/product"}],"replies":[{"embeddable":true,"href":"https:\/\/der-schulbedarf.shop\/produkt-des-monats\/wp-json\/wp\/v2\/comments?post=3697"}],"wp:featuredmedia":[{"embeddable":true,"href":"https:\/\/der-schulbedarf.shop\/produkt-des-monats\/wp-json\/wp\/v2\/media\/3719"}],"wp:attachment":[{"href":"https:\/\/der-schulbedarf.shop\/produkt-des-monats\/wp-json\/wp\/v2\/media?parent=3697"}],"wp:term":[{"taxonomy":"product_cat","embeddable":true,"href":"https:\/\/der-schulbedarf.shop\/produkt-des-monats\/wp-json\/wp\/v2\/product_cat?post=3697"},{"taxonomy":"product_tag","embeddable":true,"href":"https:\/\/der-schulbedarf.shop\/produkt-des-monats\/wp-json\/wp\/v2\/product_tag?post=3697"}],"curies":[{"name":"wp","href":"https:\/\/api.w.org\/{rel}","templated":true}]}}