{"id":3699,"date":"2024-08-26T09:53:40","date_gmt":"2024-08-26T09:53:40","guid":{"rendered":"https:\/\/der-schulbedarf.shop\/produkt-des-monats\/?post_type=product&#038;p=3699"},"modified":"2024-11-27T10:45:01","modified_gmt":"2024-11-27T10:45:01","slug":"aristo-geo-dreiceck-griff-16-cm","status":"publish","type":"product","link":"https:\/\/der-schulbedarf.shop\/produkt-des-monats\/produkt\/aristo-geo-dreiceck-griff-16-cm\/","title":{"rendered":"Aristo Geo-Dreiceck Griff 16 cm"},"content":{"rendered":"<p><strong>ARISTO College<\/strong> bietet mit diesem Geodreieck ein praktisches Werkzeug f\u00fcr pr\u00e4zises Zeichnen und Messen.<\/p>\n<p><strong>Merkmale:<\/strong><\/p>\n<ul>\n<li><strong>Vielseitigkeit:<\/strong> Das Geodreieck kombiniert mehrere Funktionen in einem: Winkelmesser, Lineal und Schablone f\u00fcr parallele Linien.<\/li>\n<li><strong>Pr\u00e4zision:<\/strong> Die klaren Markierungen und die transparente Ausf\u00fchrung erm\u00f6glichen exaktes Arbeiten.<\/li>\n<li><strong>Robuste Qualit\u00e4t:<\/strong> Das Geodreieck ist aus strapazierf\u00e4higem Kunststoff gefertigt und somit langlebig im t\u00e4glichen Gebrauch.<\/li>\n<li><strong>Handlich:<\/strong> Die kompakte Gr\u00f6\u00dfe und das leichte Gewicht machen das Geodreieck ideal f\u00fcr den Einsatz in Schule, Studium und B\u00fcro.<\/li>\n<li><strong>Hypotenuse:<\/strong> Mit einer Hypotenusenl\u00e4nge von 16 cm bietet das Geodreieck ausreichend Platz f\u00fcr verschiedene Zeichnungen.<\/li>\n<\/ul>\n<p><strong>Anwendungsbereiche:<\/strong><\/p>\n<ul>\n<li><strong>Geometrie:<\/strong> Zeichnen von Winkeln, parallelen Linien und geometrischen Figuren<\/li>\n<li><strong>Technische Zeichnungen:<\/strong> Erstellen von Skizzen und Pl\u00e4nen<\/li>\n<li><strong>Schularbeiten:<\/strong> F\u00fcr alle mathematischen und technischen F\u00e4cher<\/li>\n<\/ul>\n<p><strong>Vorteile:<\/strong><\/p>\n<ul>\n<li><strong>Effizienz:<\/strong> Sparen Sie Zeit und M\u00fche durch die Kombination mehrerer Funktionen in einem Werkzeug.<\/li>\n<li><strong>Genauigkeit:<\/strong> Die pr\u00e4zisen Markierungen gew\u00e4hrleisten exakte Ergebnisse.<\/li>\n<li><strong>Langlebigkeit:<\/strong> Das robuste Material h\u00e4lt auch intensiver Nutzung stand.<\/li>\n<\/ul>\n<p><strong>Fazit:<\/strong><\/p>\n<p>Das ARISTO College Geodreieck ist ein unverzichtbares Werkzeug f\u00fcr alle, die Wert auf Pr\u00e4zision und Vielseitigkeit legen. Ob Sch\u00fcler, Studenten oder Berufst\u00e4tige \u2013 dieses Geodreieck ist ein zuverl\u00e4ssiger Begleiter f\u00fcr alle zeichnerischen Aufgaben.<\/p>\n<p><strong>Hinweis:<\/strong> Die genaue Ausstattung und die spezifischen Funktionen k\u00f6nnen je nach Produktvariante leicht abweichen.<\/p>\n","protected":false},"excerpt":{"rendered":"<p>ARISTO College bietet mit diesem Geodreieck ein praktisches Werkzeug f\u00fcr pr\u00e4zises Zeichnen und Messen. Merkmale: Vielseitigkeit: Das Geodreieck kombiniert mehrere Funktionen in einem: Winkelmesser, Lineal und Schablone f\u00fcr parallele Linien. Pr\u00e4zision: Die klaren Markierungen und die transparente Ausf\u00fchrung erm\u00f6glichen exaktes Arbeiten. Robuste Qualit\u00e4t: Das Geodreieck ist aus strapazierf\u00e4higem Kunststoff gefertigt und somit langlebig im t\u00e4glichen [&hellip;]<\/p>\n","protected":false},"featured_media":3723,"comment_status":"open","ping_status":"closed","template":"","meta":[],"product_cat":[1076],"product_tag":[],"class_list":{"0":"post-3699","1":"product","2":"type-product","3":"status-publish","4":"has-post-thumbnail","6":"product_cat-schreibwaren","7":"post","8":"post-with-thumbnail","9":"post-with-thumbnail-large","11":"first","12":"instock","13":"taxable","14":"shipping-taxable","15":"purchasable","16":"product-type-simple"},"yoast_head":"<!-- This site is optimized with the Yoast SEO plugin v26.6 - https:\/\/yoast.com\/wordpress\/plugins\/seo\/ -->\n<title>Aristo Geo-Dreiceck Griff 16 cm - der-Schulbedarf.shop<\/title>\n<meta name=\"robots\" content=\"index, follow, max-snippet:-1, max-image-preview:large, max-video-preview:-1\" \/>\n<link rel=\"canonical\" href=\"https:\/\/der-schulbedarf.shop\/produkt-des-monats\/produkt\/aristo-geo-dreiceck-griff-16-cm\/\" \/>\n<meta property=\"og:locale\" content=\"de_DE\" \/>\n<meta property=\"og:type\" content=\"article\" \/>\n<meta property=\"og:title\" content=\"Aristo Geo-Dreiceck Griff 16 cm - der-Schulbedarf.shop\" \/>\n<meta property=\"og:description\" content=\"ARISTO College bietet mit diesem Geodreieck ein praktisches Werkzeug f\u00fcr pr\u00e4zises Zeichnen und Messen. Merkmale: Vielseitigkeit: Das Geodreieck kombiniert mehrere Funktionen in einem: Winkelmesser, Lineal und Schablone f\u00fcr parallele Linien. Pr\u00e4zision: Die klaren Markierungen und die transparente Ausf\u00fchrung erm\u00f6glichen exaktes Arbeiten. Robuste Qualit\u00e4t: Das Geodreieck ist aus strapazierf\u00e4higem Kunststoff gefertigt und somit langlebig im t\u00e4glichen [&hellip;]\" \/>\n<meta property=\"og:url\" content=\"https:\/\/der-schulbedarf.shop\/produkt-des-monats\/produkt\/aristo-geo-dreiceck-griff-16-cm\/\" \/>\n<meta property=\"og:site_name\" content=\"der-Schulbedarf.shop\" \/>\n<meta property=\"article:modified_time\" content=\"2024-11-27T10:45:01+00:00\" \/>\n<meta property=\"og:image\" content=\"https:\/\/der-schulbedarf.shop\/wp-content\/uploads\/2024\/08\/1724052498395.png\" \/>\n\t<meta property=\"og:image:width\" content=\"1500\" \/>\n\t<meta property=\"og:image:height\" content=\"2000\" \/>\n\t<meta property=\"og:image:type\" content=\"image\/png\" \/>\n<meta name=\"twitter:card\" content=\"summary_large_image\" \/>\n<meta name=\"twitter:label1\" content=\"Gesch\u00e4tzte Lesezeit\" \/>\n\t<meta name=\"twitter:data1\" content=\"2\u00a0Minuten\" \/>\n<script type=\"application\/ld+json\" class=\"yoast-schema-graph\">{\"@context\":\"https:\/\/schema.org\",\"@graph\":[{\"@type\":\"WebPage\",\"@id\":\"https:\/\/der-schulbedarf.shop\/produkt-des-monats\/produkt\/aristo-geo-dreiceck-griff-16-cm\/\",\"url\":\"https:\/\/der-schulbedarf.shop\/produkt-des-monats\/produkt\/aristo-geo-dreiceck-griff-16-cm\/\",\"name\":\"Aristo Geo-Dreiceck Griff 16 cm - der-Schulbedarf.shop\",\"isPartOf\":{\"@id\":\"https:\/\/der-schulbedarf.shop\/produkt-des-monats\/#website\"},\"primaryImageOfPage\":{\"@id\":\"https:\/\/der-schulbedarf.shop\/produkt-des-monats\/produkt\/aristo-geo-dreiceck-griff-16-cm\/#primaryimage\"},\"image\":{\"@id\":\"https:\/\/der-schulbedarf.shop\/produkt-des-monats\/produkt\/aristo-geo-dreiceck-griff-16-cm\/#primaryimage\"},\"thumbnailUrl\":\"https:\/\/der-schulbedarf.shop\/wp-content\/uploads\/2024\/08\/1724052498395.png\",\"datePublished\":\"2024-08-26T09:53:40+00:00\",\"dateModified\":\"2024-11-27T10:45:01+00:00\",\"breadcrumb\":{\"@id\":\"https:\/\/der-schulbedarf.shop\/produkt-des-monats\/produkt\/aristo-geo-dreiceck-griff-16-cm\/#breadcrumb\"},\"inLanguage\":\"de\",\"potentialAction\":[{\"@type\":\"ReadAction\",\"target\":[\"https:\/\/der-schulbedarf.shop\/produkt-des-monats\/produkt\/aristo-geo-dreiceck-griff-16-cm\/\"]}]},{\"@type\":\"ImageObject\",\"inLanguage\":\"de\",\"@id\":\"https:\/\/der-schulbedarf.shop\/produkt-des-monats\/produkt\/aristo-geo-dreiceck-griff-16-cm\/#primaryimage\",\"url\":\"https:\/\/der-schulbedarf.shop\/wp-content\/uploads\/2024\/08\/1724052498395.png\",\"contentUrl\":\"https:\/\/der-schulbedarf.shop\/wp-content\/uploads\/2024\/08\/1724052498395.png\",\"width\":1500,\"height\":2000},{\"@type\":\"BreadcrumbList\",\"@id\":\"https:\/\/der-schulbedarf.shop\/produkt-des-monats\/produkt\/aristo-geo-dreiceck-griff-16-cm\/#breadcrumb\",\"itemListElement\":[{\"@type\":\"ListItem\",\"position\":1,\"name\":\"Shop\",\"item\":\"https:\/\/der-schulbedarf.shop\/produkt-des-monats\/shop\/\"},{\"@type\":\"ListItem\",\"position\":2,\"name\":\"Aristo Geo-Dreiceck Griff 16 cm\"}]},{\"@type\":\"WebSite\",\"@id\":\"https:\/\/der-schulbedarf.shop\/produkt-des-monats\/#website\",\"url\":\"https:\/\/der-schulbedarf.shop\/produkt-des-monats\/\",\"name\":\"der-Schulbedarf.shop\",\"description\":\"\",\"publisher\":{\"@id\":\"https:\/\/der-schulbedarf.shop\/produkt-des-monats\/#organization\"},\"potentialAction\":[{\"@type\":\"SearchAction\",\"target\":{\"@type\":\"EntryPoint\",\"urlTemplate\":\"https:\/\/der-schulbedarf.shop\/produkt-des-monats\/?s={search_term_string}\"},\"query-input\":{\"@type\":\"PropertyValueSpecification\",\"valueRequired\":true,\"valueName\":\"search_term_string\"}}],\"inLanguage\":\"de\"},{\"@type\":\"Organization\",\"@id\":\"https:\/\/der-schulbedarf.shop\/produkt-des-monats\/#organization\",\"name\":\"der-Schulbedarf.shop\",\"url\":\"https:\/\/der-schulbedarf.shop\/produkt-des-monats\/\",\"logo\":{\"@type\":\"ImageObject\",\"inLanguage\":\"de\",\"@id\":\"https:\/\/der-schulbedarf.shop\/produkt-des-monats\/#\/schema\/logo\/image\/\",\"url\":\"https:\/\/der-schulbedarf.shop\/wp-content\/uploads\/2024\/02\/grafik-e1709551115899.png\",\"contentUrl\":\"https:\/\/der-schulbedarf.shop\/wp-content\/uploads\/2024\/02\/grafik-e1709551115899.png\",\"width\":80,\"height\":80,\"caption\":\"der-Schulbedarf.shop\"},\"image\":{\"@id\":\"https:\/\/der-schulbedarf.shop\/produkt-des-monats\/#\/schema\/logo\/image\/\"}}]}<\/script>\n<!-- \/ Yoast SEO plugin. -->","yoast_head_json":{"title":"Aristo Geo-Dreiceck Griff 16 cm - der-Schulbedarf.shop","robots":{"index":"index","follow":"follow","max-snippet":"max-snippet:-1","max-image-preview":"max-image-preview:large","max-video-preview":"max-video-preview:-1"},"canonical":"https:\/\/der-schulbedarf.shop\/produkt-des-monats\/produkt\/aristo-geo-dreiceck-griff-16-cm\/","og_locale":"de_DE","og_type":"article","og_title":"Aristo Geo-Dreiceck Griff 16 cm - der-Schulbedarf.shop","og_description":"ARISTO College bietet mit diesem Geodreieck ein praktisches Werkzeug f\u00fcr pr\u00e4zises Zeichnen und Messen. Merkmale: Vielseitigkeit: Das Geodreieck kombiniert mehrere Funktionen in einem: Winkelmesser, Lineal und Schablone f\u00fcr parallele Linien. Pr\u00e4zision: Die klaren Markierungen und die transparente Ausf\u00fchrung erm\u00f6glichen exaktes Arbeiten. Robuste Qualit\u00e4t: Das Geodreieck ist aus strapazierf\u00e4higem Kunststoff gefertigt und somit langlebig im t\u00e4glichen [&hellip;]","og_url":"https:\/\/der-schulbedarf.shop\/produkt-des-monats\/produkt\/aristo-geo-dreiceck-griff-16-cm\/","og_site_name":"der-Schulbedarf.shop","article_modified_time":"2024-11-27T10:45:01+00:00","og_image":[{"width":1500,"height":2000,"url":"https:\/\/der-schulbedarf.shop\/wp-content\/uploads\/2024\/08\/1724052498395.png","type":"image\/png"}],"twitter_card":"summary_large_image","twitter_misc":{"Gesch\u00e4tzte Lesezeit":"2\u00a0Minuten"},"schema":{"@context":"https:\/\/schema.org","@graph":[{"@type":"WebPage","@id":"https:\/\/der-schulbedarf.shop\/produkt-des-monats\/produkt\/aristo-geo-dreiceck-griff-16-cm\/","url":"https:\/\/der-schulbedarf.shop\/produkt-des-monats\/produkt\/aristo-geo-dreiceck-griff-16-cm\/","name":"Aristo Geo-Dreiceck Griff 16 cm - der-Schulbedarf.shop","isPartOf":{"@id":"https:\/\/der-schulbedarf.shop\/produkt-des-monats\/#website"},"primaryImageOfPage":{"@id":"https:\/\/der-schulbedarf.shop\/produkt-des-monats\/produkt\/aristo-geo-dreiceck-griff-16-cm\/#primaryimage"},"image":{"@id":"https:\/\/der-schulbedarf.shop\/produkt-des-monats\/produkt\/aristo-geo-dreiceck-griff-16-cm\/#primaryimage"},"thumbnailUrl":"https:\/\/der-schulbedarf.shop\/wp-content\/uploads\/2024\/08\/1724052498395.png","datePublished":"2024-08-26T09:53:40+00:00","dateModified":"2024-11-27T10:45:01+00:00","breadcrumb":{"@id":"https:\/\/der-schulbedarf.shop\/produkt-des-monats\/produkt\/aristo-geo-dreiceck-griff-16-cm\/#breadcrumb"},"inLanguage":"de","potentialAction":[{"@type":"ReadAction","target":["https:\/\/der-schulbedarf.shop\/produkt-des-monats\/produkt\/aristo-geo-dreiceck-griff-16-cm\/"]}]},{"@type":"ImageObject","inLanguage":"de","@id":"https:\/\/der-schulbedarf.shop\/produkt-des-monats\/produkt\/aristo-geo-dreiceck-griff-16-cm\/#primaryimage","url":"https:\/\/der-schulbedarf.shop\/wp-content\/uploads\/2024\/08\/1724052498395.png","contentUrl":"https:\/\/der-schulbedarf.shop\/wp-content\/uploads\/2024\/08\/1724052498395.png","width":1500,"height":2000},{"@type":"BreadcrumbList","@id":"https:\/\/der-schulbedarf.shop\/produkt-des-monats\/produkt\/aristo-geo-dreiceck-griff-16-cm\/#breadcrumb","itemListElement":[{"@type":"ListItem","position":1,"name":"Shop","item":"https:\/\/der-schulbedarf.shop\/produkt-des-monats\/shop\/"},{"@type":"ListItem","position":2,"name":"Aristo Geo-Dreiceck Griff 16 cm"}]},{"@type":"WebSite","@id":"https:\/\/der-schulbedarf.shop\/produkt-des-monats\/#website","url":"https:\/\/der-schulbedarf.shop\/produkt-des-monats\/","name":"der-Schulbedarf.shop","description":"","publisher":{"@id":"https:\/\/der-schulbedarf.shop\/produkt-des-monats\/#organization"},"potentialAction":[{"@type":"SearchAction","target":{"@type":"EntryPoint","urlTemplate":"https:\/\/der-schulbedarf.shop\/produkt-des-monats\/?s={search_term_string}"},"query-input":{"@type":"PropertyValueSpecification","valueRequired":true,"valueName":"search_term_string"}}],"inLanguage":"de"},{"@type":"Organization","@id":"https:\/\/der-schulbedarf.shop\/produkt-des-monats\/#organization","name":"der-Schulbedarf.shop","url":"https:\/\/der-schulbedarf.shop\/produkt-des-monats\/","logo":{"@type":"ImageObject","inLanguage":"de","@id":"https:\/\/der-schulbedarf.shop\/produkt-des-monats\/#\/schema\/logo\/image\/","url":"https:\/\/der-schulbedarf.shop\/wp-content\/uploads\/2024\/02\/grafik-e1709551115899.png","contentUrl":"https:\/\/der-schulbedarf.shop\/wp-content\/uploads\/2024\/02\/grafik-e1709551115899.png","width":80,"height":80,"caption":"der-Schulbedarf.shop"},"image":{"@id":"https:\/\/der-schulbedarf.shop\/produkt-des-monats\/#\/schema\/logo\/image\/"}}]}},"_links":{"self":[{"href":"https:\/\/der-schulbedarf.shop\/produkt-des-monats\/wp-json\/wp\/v2\/product\/3699","targetHints":{"allow":["GET"]}}],"collection":[{"href":"https:\/\/der-schulbedarf.shop\/produkt-des-monats\/wp-json\/wp\/v2\/product"}],"about":[{"href":"https:\/\/der-schulbedarf.shop\/produkt-des-monats\/wp-json\/wp\/v2\/types\/product"}],"replies":[{"embeddable":true,"href":"https:\/\/der-schulbedarf.shop\/produkt-des-monats\/wp-json\/wp\/v2\/comments?post=3699"}],"wp:featuredmedia":[{"embeddable":true,"href":"https:\/\/der-schulbedarf.shop\/produkt-des-monats\/wp-json\/wp\/v2\/media\/3723"}],"wp:attachment":[{"href":"https:\/\/der-schulbedarf.shop\/produkt-des-monats\/wp-json\/wp\/v2\/media?parent=3699"}],"wp:term":[{"taxonomy":"product_cat","embeddable":true,"href":"https:\/\/der-schulbedarf.shop\/produkt-des-monats\/wp-json\/wp\/v2\/product_cat?post=3699"},{"taxonomy":"product_tag","embeddable":true,"href":"https:\/\/der-schulbedarf.shop\/produkt-des-monats\/wp-json\/wp\/v2\/product_tag?post=3699"}],"curies":[{"name":"wp","href":"https:\/\/api.w.org\/{rel}","templated":true}]}}