{"id":3701,"date":"2024-08-26T09:46:19","date_gmt":"2024-08-26T09:46:19","guid":{"rendered":"https:\/\/der-schulbedarf.shop\/produkt-des-monats\/?post_type=product&#038;p=3701"},"modified":"2025-08-06T14:56:44","modified_gmt":"2025-08-06T14:56:44","slug":"collegeblock-a4-prem-lin-25","status":"publish","type":"product","link":"https:\/\/der-schulbedarf.shop\/produkt-des-monats\/produkt\/collegeblock-a4-prem-lin-25\/","title":{"rendered":"Collegeblock A4 Prem Lin. 25"},"content":{"rendered":"<p>Collegeblock A4 Prem Lin. 25<\/p>\n<p>Dieser Student Block stammt von der Marke <strong>Brunnen<\/strong> und ist in Deutschland hergestellt. Der Block hat ein modernes Design mit einem dunkelgrauen, karierten Cover. Das Cover ist durch ein auff\u00e4lliges <strong>&#8222;Student 80&#8220;<\/strong> Logo in gro\u00dfen, wei\u00dfen Buchstaben gepr\u00e4gt .Die Spirale befindet sich an der oberen Kante, wodurch das Bl\u00e4ttern und Schreiben erleichtert wird. Der Block enth\u00e4lt hochwertiges Papier, das durch das <strong>&#8222;Premium Papier&#8220;<\/strong>-Siegel best\u00e4tigt ist. und ist somit ideal f\u00fcr Notizen und Skizzen geeignet. Die robuste Verarbeitung und das klare, \u00fcbersichtliche Layout machen diesen Block zu einem zuverl\u00e4ssigen Begleiter f\u00fcr Schule, Studium oder Beruf.<\/p>\n","protected":false},"excerpt":{"rendered":"<p>Collegeblock A4 Prem Lin. 25 Dieser Student Block stammt von der Marke Brunnen und ist in Deutschland hergestellt. Der Block hat ein modernes Design mit einem dunkelgrauen, karierten Cover. Das Cover ist durch ein auff\u00e4lliges &#8222;Student 80&#8220; Logo in gro\u00dfen, wei\u00dfen Buchstaben gepr\u00e4gt .Die Spirale befindet sich an der oberen Kante, wodurch das Bl\u00e4ttern und [&hellip;]<\/p>\n","protected":false},"featured_media":3730,"comment_status":"open","ping_status":"closed","template":"","meta":[],"product_cat":[895,898,896,904,905,897,1076,1079,903],"product_tag":[369,1087,1084,1088,1090,1083,1091,1086,1089,1081,249,1085],"class_list":{"0":"post-3701","1":"product","2":"type-product","3":"status-publish","4":"has-post-thumbnail","6":"product_cat-grundschule","7":"product_cat-gymnasium","8":"product_cat-hauptschule","9":"product_cat-mittelstufe","10":"product_cat-oberstufe","11":"product_cat-realschule","12":"product_cat-schreibwaren","13":"product_cat-schulbedarf","14":"product_cat-unterstufe","15":"product_tag-arbeit","16":"product_tag-ausbildung","17":"product_tag-collageblock-din-a4","18":"product_tag-gymnasium","19":"product_tag-hauptschule","20":"product_tag-notizblock","21":"product_tag-premium-papier","22":"product_tag-privat","23":"product_tag-realschule","24":"product_tag-schreibwaren","25":"product_tag-schule","26":"product_tag-studieren","27":"post","28":"post-with-thumbnail","29":"post-with-thumbnail-large","31":"first","32":"outofstock","33":"taxable","34":"shipping-taxable","35":"purchasable","36":"product-type-simple"},"yoast_head":"<!-- This site is optimized with the Yoast SEO plugin v26.6 - https:\/\/yoast.com\/wordpress\/plugins\/seo\/ -->\n<title>Collegeblock A4 Prem Lin. 25 - der-Schulbedarf.shop<\/title>\n<meta name=\"description\" content=\"Collegeblock A4 Prem Lin 25. Der Block enth\u00e4lt hochwertiges Papier, das durch das &quot;Premium Papier&quot;-Siegel best\u00e4tigt ist. Ideal f\u00fcr Schule, Arbeit. Preis 2,69\u20ac\" \/>\n<meta name=\"robots\" content=\"index, follow, max-snippet:-1, max-image-preview:large, max-video-preview:-1\" \/>\n<link rel=\"canonical\" href=\"https:\/\/der-schulbedarf.shop\/produkt-des-monats\/produkt\/collegeblock-a4-prem-lin-25\/\" \/>\n<meta property=\"og:locale\" content=\"de_DE\" \/>\n<meta property=\"og:type\" content=\"article\" \/>\n<meta property=\"og:title\" content=\"Collegeblock A4 Prem Lin. 25 - der-Schulbedarf.shop\" \/>\n<meta property=\"og:description\" content=\"Collegeblock A4 Prem Lin 25. Der Block enth\u00e4lt hochwertiges Papier, das durch das &quot;Premium Papier&quot;-Siegel best\u00e4tigt ist. Ideal f\u00fcr Schule, Arbeit. Preis 2,69\u20ac\" \/>\n<meta property=\"og:url\" content=\"https:\/\/der-schulbedarf.shop\/produkt-des-monats\/produkt\/collegeblock-a4-prem-lin-25\/\" \/>\n<meta property=\"og:site_name\" content=\"der-Schulbedarf.shop\" \/>\n<meta property=\"article:modified_time\" content=\"2025-08-06T14:56:44+00:00\" \/>\n<meta property=\"og:image\" content=\"https:\/\/der-schulbedarf.shop\/wp-content\/uploads\/2024\/08\/ImportedPhoto_1724073544052.png\" \/>\n\t<meta property=\"og:image:width\" content=\"1190\" \/>\n\t<meta property=\"og:image:height\" content=\"2115\" \/>\n\t<meta property=\"og:image:type\" content=\"image\/png\" \/>\n<meta name=\"twitter:card\" content=\"summary_large_image\" \/>\n<meta name=\"twitter:label1\" content=\"Gesch\u00e4tzte Lesezeit\" \/>\n\t<meta name=\"twitter:data1\" content=\"1\u00a0Minute\" \/>\n<script type=\"application\/ld+json\" class=\"yoast-schema-graph\">{\"@context\":\"https:\/\/schema.org\",\"@graph\":[{\"@type\":\"WebPage\",\"@id\":\"https:\/\/der-schulbedarf.shop\/produkt-des-monats\/produkt\/collegeblock-a4-prem-lin-25\/\",\"url\":\"https:\/\/der-schulbedarf.shop\/produkt-des-monats\/produkt\/collegeblock-a4-prem-lin-25\/\",\"name\":\"Collegeblock A4 Prem Lin. 25 - der-Schulbedarf.shop\",\"isPartOf\":{\"@id\":\"https:\/\/der-schulbedarf.shop\/produkt-des-monats\/#website\"},\"primaryImageOfPage\":{\"@id\":\"https:\/\/der-schulbedarf.shop\/produkt-des-monats\/produkt\/collegeblock-a4-prem-lin-25\/#primaryimage\"},\"image\":{\"@id\":\"https:\/\/der-schulbedarf.shop\/produkt-des-monats\/produkt\/collegeblock-a4-prem-lin-25\/#primaryimage\"},\"thumbnailUrl\":\"https:\/\/der-schulbedarf.shop\/wp-content\/uploads\/2024\/08\/ImportedPhoto_1724073544052.png\",\"datePublished\":\"2024-08-26T09:46:19+00:00\",\"dateModified\":\"2025-08-06T14:56:44+00:00\",\"description\":\"Collegeblock A4 Prem Lin 25. Der Block enth\u00e4lt hochwertiges Papier, das durch das \\\"Premium Papier\\\"-Siegel best\u00e4tigt ist. Ideal f\u00fcr Schule, Arbeit. Preis 2,69\u20ac\",\"breadcrumb\":{\"@id\":\"https:\/\/der-schulbedarf.shop\/produkt-des-monats\/produkt\/collegeblock-a4-prem-lin-25\/#breadcrumb\"},\"inLanguage\":\"de\",\"potentialAction\":[{\"@type\":\"ReadAction\",\"target\":[\"https:\/\/der-schulbedarf.shop\/produkt-des-monats\/produkt\/collegeblock-a4-prem-lin-25\/\"]}]},{\"@type\":\"ImageObject\",\"inLanguage\":\"de\",\"@id\":\"https:\/\/der-schulbedarf.shop\/produkt-des-monats\/produkt\/collegeblock-a4-prem-lin-25\/#primaryimage\",\"url\":\"https:\/\/der-schulbedarf.shop\/wp-content\/uploads\/2024\/08\/ImportedPhoto_1724073544052.png\",\"contentUrl\":\"https:\/\/der-schulbedarf.shop\/wp-content\/uploads\/2024\/08\/ImportedPhoto_1724073544052.png\",\"width\":1190,\"height\":2115},{\"@type\":\"BreadcrumbList\",\"@id\":\"https:\/\/der-schulbedarf.shop\/produkt-des-monats\/produkt\/collegeblock-a4-prem-lin-25\/#breadcrumb\",\"itemListElement\":[{\"@type\":\"ListItem\",\"position\":1,\"name\":\"Shop\",\"item\":\"https:\/\/der-schulbedarf.shop\/produkt-des-monats\/shop\/\"},{\"@type\":\"ListItem\",\"position\":2,\"name\":\"Collegeblock A4 Prem Lin. 25\"}]},{\"@type\":\"WebSite\",\"@id\":\"https:\/\/der-schulbedarf.shop\/produkt-des-monats\/#website\",\"url\":\"https:\/\/der-schulbedarf.shop\/produkt-des-monats\/\",\"name\":\"der-Schulbedarf.shop\",\"description\":\"\",\"publisher\":{\"@id\":\"https:\/\/der-schulbedarf.shop\/produkt-des-monats\/#organization\"},\"potentialAction\":[{\"@type\":\"SearchAction\",\"target\":{\"@type\":\"EntryPoint\",\"urlTemplate\":\"https:\/\/der-schulbedarf.shop\/produkt-des-monats\/?s={search_term_string}\"},\"query-input\":{\"@type\":\"PropertyValueSpecification\",\"valueRequired\":true,\"valueName\":\"search_term_string\"}}],\"inLanguage\":\"de\"},{\"@type\":\"Organization\",\"@id\":\"https:\/\/der-schulbedarf.shop\/produkt-des-monats\/#organization\",\"name\":\"der-Schulbedarf.shop\",\"url\":\"https:\/\/der-schulbedarf.shop\/produkt-des-monats\/\",\"logo\":{\"@type\":\"ImageObject\",\"inLanguage\":\"de\",\"@id\":\"https:\/\/der-schulbedarf.shop\/produkt-des-monats\/#\/schema\/logo\/image\/\",\"url\":\"https:\/\/der-schulbedarf.shop\/wp-content\/uploads\/2024\/02\/grafik-e1709551115899.png\",\"contentUrl\":\"https:\/\/der-schulbedarf.shop\/wp-content\/uploads\/2024\/02\/grafik-e1709551115899.png\",\"width\":80,\"height\":80,\"caption\":\"der-Schulbedarf.shop\"},\"image\":{\"@id\":\"https:\/\/der-schulbedarf.shop\/produkt-des-monats\/#\/schema\/logo\/image\/\"}}]}<\/script>\n<!-- \/ Yoast SEO plugin. -->","yoast_head_json":{"title":"Collegeblock A4 Prem Lin. 25 - der-Schulbedarf.shop","description":"Collegeblock A4 Prem Lin 25. Der Block enth\u00e4lt hochwertiges Papier, das durch das \"Premium Papier\"-Siegel best\u00e4tigt ist. Ideal f\u00fcr Schule, Arbeit. Preis 2,69\u20ac","robots":{"index":"index","follow":"follow","max-snippet":"max-snippet:-1","max-image-preview":"max-image-preview:large","max-video-preview":"max-video-preview:-1"},"canonical":"https:\/\/der-schulbedarf.shop\/produkt-des-monats\/produkt\/collegeblock-a4-prem-lin-25\/","og_locale":"de_DE","og_type":"article","og_title":"Collegeblock A4 Prem Lin. 25 - der-Schulbedarf.shop","og_description":"Collegeblock A4 Prem Lin 25. Der Block enth\u00e4lt hochwertiges Papier, das durch das \"Premium Papier\"-Siegel best\u00e4tigt ist. Ideal f\u00fcr Schule, Arbeit. Preis 2,69\u20ac","og_url":"https:\/\/der-schulbedarf.shop\/produkt-des-monats\/produkt\/collegeblock-a4-prem-lin-25\/","og_site_name":"der-Schulbedarf.shop","article_modified_time":"2025-08-06T14:56:44+00:00","og_image":[{"width":1190,"height":2115,"url":"https:\/\/der-schulbedarf.shop\/wp-content\/uploads\/2024\/08\/ImportedPhoto_1724073544052.png","type":"image\/png"}],"twitter_card":"summary_large_image","twitter_misc":{"Gesch\u00e4tzte Lesezeit":"1\u00a0Minute"},"schema":{"@context":"https:\/\/schema.org","@graph":[{"@type":"WebPage","@id":"https:\/\/der-schulbedarf.shop\/produkt-des-monats\/produkt\/collegeblock-a4-prem-lin-25\/","url":"https:\/\/der-schulbedarf.shop\/produkt-des-monats\/produkt\/collegeblock-a4-prem-lin-25\/","name":"Collegeblock A4 Prem Lin. 25 - der-Schulbedarf.shop","isPartOf":{"@id":"https:\/\/der-schulbedarf.shop\/produkt-des-monats\/#website"},"primaryImageOfPage":{"@id":"https:\/\/der-schulbedarf.shop\/produkt-des-monats\/produkt\/collegeblock-a4-prem-lin-25\/#primaryimage"},"image":{"@id":"https:\/\/der-schulbedarf.shop\/produkt-des-monats\/produkt\/collegeblock-a4-prem-lin-25\/#primaryimage"},"thumbnailUrl":"https:\/\/der-schulbedarf.shop\/wp-content\/uploads\/2024\/08\/ImportedPhoto_1724073544052.png","datePublished":"2024-08-26T09:46:19+00:00","dateModified":"2025-08-06T14:56:44+00:00","description":"Collegeblock A4 Prem Lin 25. Der Block enth\u00e4lt hochwertiges Papier, das durch das \"Premium Papier\"-Siegel best\u00e4tigt ist. Ideal f\u00fcr Schule, Arbeit. Preis 2,69\u20ac","breadcrumb":{"@id":"https:\/\/der-schulbedarf.shop\/produkt-des-monats\/produkt\/collegeblock-a4-prem-lin-25\/#breadcrumb"},"inLanguage":"de","potentialAction":[{"@type":"ReadAction","target":["https:\/\/der-schulbedarf.shop\/produkt-des-monats\/produkt\/collegeblock-a4-prem-lin-25\/"]}]},{"@type":"ImageObject","inLanguage":"de","@id":"https:\/\/der-schulbedarf.shop\/produkt-des-monats\/produkt\/collegeblock-a4-prem-lin-25\/#primaryimage","url":"https:\/\/der-schulbedarf.shop\/wp-content\/uploads\/2024\/08\/ImportedPhoto_1724073544052.png","contentUrl":"https:\/\/der-schulbedarf.shop\/wp-content\/uploads\/2024\/08\/ImportedPhoto_1724073544052.png","width":1190,"height":2115},{"@type":"BreadcrumbList","@id":"https:\/\/der-schulbedarf.shop\/produkt-des-monats\/produkt\/collegeblock-a4-prem-lin-25\/#breadcrumb","itemListElement":[{"@type":"ListItem","position":1,"name":"Shop","item":"https:\/\/der-schulbedarf.shop\/produkt-des-monats\/shop\/"},{"@type":"ListItem","position":2,"name":"Collegeblock A4 Prem Lin. 25"}]},{"@type":"WebSite","@id":"https:\/\/der-schulbedarf.shop\/produkt-des-monats\/#website","url":"https:\/\/der-schulbedarf.shop\/produkt-des-monats\/","name":"der-Schulbedarf.shop","description":"","publisher":{"@id":"https:\/\/der-schulbedarf.shop\/produkt-des-monats\/#organization"},"potentialAction":[{"@type":"SearchAction","target":{"@type":"EntryPoint","urlTemplate":"https:\/\/der-schulbedarf.shop\/produkt-des-monats\/?s={search_term_string}"},"query-input":{"@type":"PropertyValueSpecification","valueRequired":true,"valueName":"search_term_string"}}],"inLanguage":"de"},{"@type":"Organization","@id":"https:\/\/der-schulbedarf.shop\/produkt-des-monats\/#organization","name":"der-Schulbedarf.shop","url":"https:\/\/der-schulbedarf.shop\/produkt-des-monats\/","logo":{"@type":"ImageObject","inLanguage":"de","@id":"https:\/\/der-schulbedarf.shop\/produkt-des-monats\/#\/schema\/logo\/image\/","url":"https:\/\/der-schulbedarf.shop\/wp-content\/uploads\/2024\/02\/grafik-e1709551115899.png","contentUrl":"https:\/\/der-schulbedarf.shop\/wp-content\/uploads\/2024\/02\/grafik-e1709551115899.png","width":80,"height":80,"caption":"der-Schulbedarf.shop"},"image":{"@id":"https:\/\/der-schulbedarf.shop\/produkt-des-monats\/#\/schema\/logo\/image\/"}}]}},"_links":{"self":[{"href":"https:\/\/der-schulbedarf.shop\/produkt-des-monats\/wp-json\/wp\/v2\/product\/3701","targetHints":{"allow":["GET"]}}],"collection":[{"href":"https:\/\/der-schulbedarf.shop\/produkt-des-monats\/wp-json\/wp\/v2\/product"}],"about":[{"href":"https:\/\/der-schulbedarf.shop\/produkt-des-monats\/wp-json\/wp\/v2\/types\/product"}],"replies":[{"embeddable":true,"href":"https:\/\/der-schulbedarf.shop\/produkt-des-monats\/wp-json\/wp\/v2\/comments?post=3701"}],"wp:featuredmedia":[{"embeddable":true,"href":"https:\/\/der-schulbedarf.shop\/produkt-des-monats\/wp-json\/wp\/v2\/media\/3730"}],"wp:attachment":[{"href":"https:\/\/der-schulbedarf.shop\/produkt-des-monats\/wp-json\/wp\/v2\/media?parent=3701"}],"wp:term":[{"taxonomy":"product_cat","embeddable":true,"href":"https:\/\/der-schulbedarf.shop\/produkt-des-monats\/wp-json\/wp\/v2\/product_cat?post=3701"},{"taxonomy":"product_tag","embeddable":true,"href":"https:\/\/der-schulbedarf.shop\/produkt-des-monats\/wp-json\/wp\/v2\/product_tag?post=3701"}],"curies":[{"name":"wp","href":"https:\/\/api.w.org\/{rel}","templated":true}]}}