{"id":3703,"date":"2024-08-26T09:46:19","date_gmt":"2024-08-26T09:46:19","guid":{"rendered":"https:\/\/der-schulbedarf.shop\/produkt-des-monats\/?post_type=product&#038;p=3703"},"modified":"2025-08-06T14:48:45","modified_gmt":"2025-08-06T14:48:45","slug":"e8000-1-freeze-tiefkuehlmarker","status":"publish","type":"product","link":"https:\/\/der-schulbedarf.shop\/produkt-des-monats\/produkt\/e8000-1-freeze-tiefkuehlmarker\/","title":{"rendered":"E8000\/1 Freeze Tiefk\u00fchlmarker"},"content":{"rendered":"<p>E8000\/1 Freeze Tiefk\u00fchlmarker<\/p>\n<p>Der <strong>edding 8000 Tiefk\u00fchlmarker<\/strong> ist ein spezieller Permanentmarker, der sich ideal zum Beschriften von Tiefk\u00fchlverpackungen und Gefrierbeuteln eignet. Dieser Marker ist frostbest\u00e4ndig und bleibt auch bei extrem niedrigen Temperaturen bis zu -25\u00b0C zuverl\u00e4ssig lesbar. Mit einer feinen Rundspitze von 1 mm erm\u00f6glicht er pr\u00e4zise und klare Beschriftungen, die dauerhaft und wasserfest sind.<\/p>\n<p>Der Marker wird in einer praktischen Blisterverpackung geliefert, die die sichere Aufbewahrung gew\u00e4hrleistet. Die Tinte ist schnell trocknend und best\u00e4ndig gegen Abrieb, sodass sie nicht verwischt oder verblasst, selbst wenn die beschrifteten Gegenst\u00e4nde eingefroren werden.<\/p>\n<p>Der edding 8000 ist ein unverzichtbares Hilfsmittel f\u00fcr den Haushalt, besonders beim Einfrieren und Lagern von Lebensmitteln, um den \u00dcberblick \u00fcber das Gefriergut zu behalten.<\/p>\n","protected":false},"excerpt":{"rendered":"<p>E8000\/1 Freeze Tiefk\u00fchlmarker Der edding 8000 Tiefk\u00fchlmarker ist ein spezieller Permanentmarker, der sich ideal zum Beschriften von Tiefk\u00fchlverpackungen und Gefrierbeuteln eignet. Dieser Marker ist frostbest\u00e4ndig und bleibt auch bei extrem niedrigen Temperaturen bis zu -25\u00b0C zuverl\u00e4ssig lesbar. Mit einer feinen Rundspitze von 1 mm erm\u00f6glicht er pr\u00e4zise und klare Beschriftungen, die dauerhaft und wasserfest sind. [&hellip;]<\/p>\n","protected":false},"featured_media":3721,"comment_status":"open","ping_status":"closed","template":"","meta":[],"product_cat":[895,898,896,904,905,1076,1079],"product_tag":[554,1092,978,1088,1090,448,1089,555,1081,1093,249],"class_list":{"0":"post-3703","1":"product","2":"type-product","3":"status-publish","4":"has-post-thumbnail","6":"product_cat-grundschule","7":"product_cat-gymnasium","8":"product_cat-hauptschule","9":"product_cat-mittelstufe","10":"product_cat-oberstufe","11":"product_cat-schreibwaren","12":"product_cat-schulbedarf","13":"product_tag-basteln","14":"product_tag-beruf","15":"product_tag-grundschule","16":"product_tag-gymnasium","17":"product_tag-hauptschule","18":"product_tag-hobby","19":"product_tag-realschule","20":"product_tag-reparieren","21":"product_tag-schreibwaren","22":"product_tag-schulbedarf","23":"product_tag-schule","24":"post","25":"post-with-thumbnail","26":"post-with-thumbnail-large","28":"first","29":"outofstock","30":"taxable","31":"shipping-taxable","32":"purchasable","33":"product-type-simple"},"yoast_head":"<!-- This site is optimized with the Yoast SEO plugin v26.6 - https:\/\/yoast.com\/wordpress\/plugins\/seo\/ -->\n<title>E8000\/1 Freeze Tiefk\u00fchlmarker - der-Schulbedarf.shop<\/title>\n<meta name=\"description\" content=\"E8000\/1 Freeze Tiefk\u00fchlmarker. Der Edding 8000 Tiefk\u00fchlmarker ist ein spezieller Permanentmarker, der Ideal Tiefk\u00fchlwaren ist. Preis 2,42\u20ac\" \/>\n<meta name=\"robots\" content=\"index, follow, max-snippet:-1, max-image-preview:large, max-video-preview:-1\" \/>\n<link rel=\"canonical\" href=\"https:\/\/der-schulbedarf.shop\/produkt-des-monats\/produkt\/e8000-1-freeze-tiefkuehlmarker\/\" \/>\n<meta property=\"og:locale\" content=\"de_DE\" \/>\n<meta property=\"og:type\" content=\"article\" \/>\n<meta property=\"og:title\" content=\"E8000\/1 Freeze Tiefk\u00fchlmarker - der-Schulbedarf.shop\" \/>\n<meta property=\"og:description\" content=\"E8000\/1 Freeze Tiefk\u00fchlmarker. Der Edding 8000 Tiefk\u00fchlmarker ist ein spezieller Permanentmarker, der Ideal Tiefk\u00fchlwaren ist. Preis 2,42\u20ac\" \/>\n<meta property=\"og:url\" content=\"https:\/\/der-schulbedarf.shop\/produkt-des-monats\/produkt\/e8000-1-freeze-tiefkuehlmarker\/\" \/>\n<meta property=\"og:site_name\" content=\"der-Schulbedarf.shop\" \/>\n<meta property=\"article:modified_time\" content=\"2025-08-06T14:48:45+00:00\" \/>\n<meta property=\"og:image\" content=\"https:\/\/der-schulbedarf.shop\/wp-content\/uploads\/2024\/08\/1724052487193.png\" \/>\n\t<meta property=\"og:image:width\" content=\"1500\" \/>\n\t<meta property=\"og:image:height\" content=\"2000\" \/>\n\t<meta property=\"og:image:type\" content=\"image\/png\" \/>\n<meta name=\"twitter:card\" content=\"summary_large_image\" \/>\n<meta name=\"twitter:label1\" content=\"Gesch\u00e4tzte Lesezeit\" \/>\n\t<meta name=\"twitter:data1\" content=\"1\u00a0Minute\" \/>\n<script type=\"application\/ld+json\" class=\"yoast-schema-graph\">{\"@context\":\"https:\/\/schema.org\",\"@graph\":[{\"@type\":\"WebPage\",\"@id\":\"https:\/\/der-schulbedarf.shop\/produkt-des-monats\/produkt\/e8000-1-freeze-tiefkuehlmarker\/\",\"url\":\"https:\/\/der-schulbedarf.shop\/produkt-des-monats\/produkt\/e8000-1-freeze-tiefkuehlmarker\/\",\"name\":\"E8000\/1 Freeze Tiefk\u00fchlmarker - der-Schulbedarf.shop\",\"isPartOf\":{\"@id\":\"https:\/\/der-schulbedarf.shop\/produkt-des-monats\/#website\"},\"primaryImageOfPage\":{\"@id\":\"https:\/\/der-schulbedarf.shop\/produkt-des-monats\/produkt\/e8000-1-freeze-tiefkuehlmarker\/#primaryimage\"},\"image\":{\"@id\":\"https:\/\/der-schulbedarf.shop\/produkt-des-monats\/produkt\/e8000-1-freeze-tiefkuehlmarker\/#primaryimage\"},\"thumbnailUrl\":\"https:\/\/der-schulbedarf.shop\/wp-content\/uploads\/2024\/08\/1724052487193.png\",\"datePublished\":\"2024-08-26T09:46:19+00:00\",\"dateModified\":\"2025-08-06T14:48:45+00:00\",\"description\":\"E8000\/1 Freeze Tiefk\u00fchlmarker. Der Edding 8000 Tiefk\u00fchlmarker ist ein spezieller Permanentmarker, der Ideal Tiefk\u00fchlwaren ist. Preis 2,42\u20ac\",\"breadcrumb\":{\"@id\":\"https:\/\/der-schulbedarf.shop\/produkt-des-monats\/produkt\/e8000-1-freeze-tiefkuehlmarker\/#breadcrumb\"},\"inLanguage\":\"de\",\"potentialAction\":[{\"@type\":\"ReadAction\",\"target\":[\"https:\/\/der-schulbedarf.shop\/produkt-des-monats\/produkt\/e8000-1-freeze-tiefkuehlmarker\/\"]}]},{\"@type\":\"ImageObject\",\"inLanguage\":\"de\",\"@id\":\"https:\/\/der-schulbedarf.shop\/produkt-des-monats\/produkt\/e8000-1-freeze-tiefkuehlmarker\/#primaryimage\",\"url\":\"https:\/\/der-schulbedarf.shop\/wp-content\/uploads\/2024\/08\/1724052487193.png\",\"contentUrl\":\"https:\/\/der-schulbedarf.shop\/wp-content\/uploads\/2024\/08\/1724052487193.png\",\"width\":1500,\"height\":2000},{\"@type\":\"BreadcrumbList\",\"@id\":\"https:\/\/der-schulbedarf.shop\/produkt-des-monats\/produkt\/e8000-1-freeze-tiefkuehlmarker\/#breadcrumb\",\"itemListElement\":[{\"@type\":\"ListItem\",\"position\":1,\"name\":\"Shop\",\"item\":\"https:\/\/der-schulbedarf.shop\/produkt-des-monats\/shop\/\"},{\"@type\":\"ListItem\",\"position\":2,\"name\":\"E8000\/1 Freeze Tiefk\u00fchlmarker\"}]},{\"@type\":\"WebSite\",\"@id\":\"https:\/\/der-schulbedarf.shop\/produkt-des-monats\/#website\",\"url\":\"https:\/\/der-schulbedarf.shop\/produkt-des-monats\/\",\"name\":\"der-Schulbedarf.shop\",\"description\":\"\",\"publisher\":{\"@id\":\"https:\/\/der-schulbedarf.shop\/produkt-des-monats\/#organization\"},\"potentialAction\":[{\"@type\":\"SearchAction\",\"target\":{\"@type\":\"EntryPoint\",\"urlTemplate\":\"https:\/\/der-schulbedarf.shop\/produkt-des-monats\/?s={search_term_string}\"},\"query-input\":{\"@type\":\"PropertyValueSpecification\",\"valueRequired\":true,\"valueName\":\"search_term_string\"}}],\"inLanguage\":\"de\"},{\"@type\":\"Organization\",\"@id\":\"https:\/\/der-schulbedarf.shop\/produkt-des-monats\/#organization\",\"name\":\"der-Schulbedarf.shop\",\"url\":\"https:\/\/der-schulbedarf.shop\/produkt-des-monats\/\",\"logo\":{\"@type\":\"ImageObject\",\"inLanguage\":\"de\",\"@id\":\"https:\/\/der-schulbedarf.shop\/produkt-des-monats\/#\/schema\/logo\/image\/\",\"url\":\"https:\/\/der-schulbedarf.shop\/wp-content\/uploads\/2024\/02\/grafik-e1709551115899.png\",\"contentUrl\":\"https:\/\/der-schulbedarf.shop\/wp-content\/uploads\/2024\/02\/grafik-e1709551115899.png\",\"width\":80,\"height\":80,\"caption\":\"der-Schulbedarf.shop\"},\"image\":{\"@id\":\"https:\/\/der-schulbedarf.shop\/produkt-des-monats\/#\/schema\/logo\/image\/\"}}]}<\/script>\n<!-- \/ Yoast SEO plugin. -->","yoast_head_json":{"title":"E8000\/1 Freeze Tiefk\u00fchlmarker - der-Schulbedarf.shop","description":"E8000\/1 Freeze Tiefk\u00fchlmarker. Der Edding 8000 Tiefk\u00fchlmarker ist ein spezieller Permanentmarker, der Ideal Tiefk\u00fchlwaren ist. Preis 2,42\u20ac","robots":{"index":"index","follow":"follow","max-snippet":"max-snippet:-1","max-image-preview":"max-image-preview:large","max-video-preview":"max-video-preview:-1"},"canonical":"https:\/\/der-schulbedarf.shop\/produkt-des-monats\/produkt\/e8000-1-freeze-tiefkuehlmarker\/","og_locale":"de_DE","og_type":"article","og_title":"E8000\/1 Freeze Tiefk\u00fchlmarker - der-Schulbedarf.shop","og_description":"E8000\/1 Freeze Tiefk\u00fchlmarker. Der Edding 8000 Tiefk\u00fchlmarker ist ein spezieller Permanentmarker, der Ideal Tiefk\u00fchlwaren ist. Preis 2,42\u20ac","og_url":"https:\/\/der-schulbedarf.shop\/produkt-des-monats\/produkt\/e8000-1-freeze-tiefkuehlmarker\/","og_site_name":"der-Schulbedarf.shop","article_modified_time":"2025-08-06T14:48:45+00:00","og_image":[{"width":1500,"height":2000,"url":"https:\/\/der-schulbedarf.shop\/wp-content\/uploads\/2024\/08\/1724052487193.png","type":"image\/png"}],"twitter_card":"summary_large_image","twitter_misc":{"Gesch\u00e4tzte Lesezeit":"1\u00a0Minute"},"schema":{"@context":"https:\/\/schema.org","@graph":[{"@type":"WebPage","@id":"https:\/\/der-schulbedarf.shop\/produkt-des-monats\/produkt\/e8000-1-freeze-tiefkuehlmarker\/","url":"https:\/\/der-schulbedarf.shop\/produkt-des-monats\/produkt\/e8000-1-freeze-tiefkuehlmarker\/","name":"E8000\/1 Freeze Tiefk\u00fchlmarker - der-Schulbedarf.shop","isPartOf":{"@id":"https:\/\/der-schulbedarf.shop\/produkt-des-monats\/#website"},"primaryImageOfPage":{"@id":"https:\/\/der-schulbedarf.shop\/produkt-des-monats\/produkt\/e8000-1-freeze-tiefkuehlmarker\/#primaryimage"},"image":{"@id":"https:\/\/der-schulbedarf.shop\/produkt-des-monats\/produkt\/e8000-1-freeze-tiefkuehlmarker\/#primaryimage"},"thumbnailUrl":"https:\/\/der-schulbedarf.shop\/wp-content\/uploads\/2024\/08\/1724052487193.png","datePublished":"2024-08-26T09:46:19+00:00","dateModified":"2025-08-06T14:48:45+00:00","description":"E8000\/1 Freeze Tiefk\u00fchlmarker. Der Edding 8000 Tiefk\u00fchlmarker ist ein spezieller Permanentmarker, der Ideal Tiefk\u00fchlwaren ist. Preis 2,42\u20ac","breadcrumb":{"@id":"https:\/\/der-schulbedarf.shop\/produkt-des-monats\/produkt\/e8000-1-freeze-tiefkuehlmarker\/#breadcrumb"},"inLanguage":"de","potentialAction":[{"@type":"ReadAction","target":["https:\/\/der-schulbedarf.shop\/produkt-des-monats\/produkt\/e8000-1-freeze-tiefkuehlmarker\/"]}]},{"@type":"ImageObject","inLanguage":"de","@id":"https:\/\/der-schulbedarf.shop\/produkt-des-monats\/produkt\/e8000-1-freeze-tiefkuehlmarker\/#primaryimage","url":"https:\/\/der-schulbedarf.shop\/wp-content\/uploads\/2024\/08\/1724052487193.png","contentUrl":"https:\/\/der-schulbedarf.shop\/wp-content\/uploads\/2024\/08\/1724052487193.png","width":1500,"height":2000},{"@type":"BreadcrumbList","@id":"https:\/\/der-schulbedarf.shop\/produkt-des-monats\/produkt\/e8000-1-freeze-tiefkuehlmarker\/#breadcrumb","itemListElement":[{"@type":"ListItem","position":1,"name":"Shop","item":"https:\/\/der-schulbedarf.shop\/produkt-des-monats\/shop\/"},{"@type":"ListItem","position":2,"name":"E8000\/1 Freeze Tiefk\u00fchlmarker"}]},{"@type":"WebSite","@id":"https:\/\/der-schulbedarf.shop\/produkt-des-monats\/#website","url":"https:\/\/der-schulbedarf.shop\/produkt-des-monats\/","name":"der-Schulbedarf.shop","description":"","publisher":{"@id":"https:\/\/der-schulbedarf.shop\/produkt-des-monats\/#organization"},"potentialAction":[{"@type":"SearchAction","target":{"@type":"EntryPoint","urlTemplate":"https:\/\/der-schulbedarf.shop\/produkt-des-monats\/?s={search_term_string}"},"query-input":{"@type":"PropertyValueSpecification","valueRequired":true,"valueName":"search_term_string"}}],"inLanguage":"de"},{"@type":"Organization","@id":"https:\/\/der-schulbedarf.shop\/produkt-des-monats\/#organization","name":"der-Schulbedarf.shop","url":"https:\/\/der-schulbedarf.shop\/produkt-des-monats\/","logo":{"@type":"ImageObject","inLanguage":"de","@id":"https:\/\/der-schulbedarf.shop\/produkt-des-monats\/#\/schema\/logo\/image\/","url":"https:\/\/der-schulbedarf.shop\/wp-content\/uploads\/2024\/02\/grafik-e1709551115899.png","contentUrl":"https:\/\/der-schulbedarf.shop\/wp-content\/uploads\/2024\/02\/grafik-e1709551115899.png","width":80,"height":80,"caption":"der-Schulbedarf.shop"},"image":{"@id":"https:\/\/der-schulbedarf.shop\/produkt-des-monats\/#\/schema\/logo\/image\/"}}]}},"_links":{"self":[{"href":"https:\/\/der-schulbedarf.shop\/produkt-des-monats\/wp-json\/wp\/v2\/product\/3703","targetHints":{"allow":["GET"]}}],"collection":[{"href":"https:\/\/der-schulbedarf.shop\/produkt-des-monats\/wp-json\/wp\/v2\/product"}],"about":[{"href":"https:\/\/der-schulbedarf.shop\/produkt-des-monats\/wp-json\/wp\/v2\/types\/product"}],"replies":[{"embeddable":true,"href":"https:\/\/der-schulbedarf.shop\/produkt-des-monats\/wp-json\/wp\/v2\/comments?post=3703"}],"wp:featuredmedia":[{"embeddable":true,"href":"https:\/\/der-schulbedarf.shop\/produkt-des-monats\/wp-json\/wp\/v2\/media\/3721"}],"wp:attachment":[{"href":"https:\/\/der-schulbedarf.shop\/produkt-des-monats\/wp-json\/wp\/v2\/media?parent=3703"}],"wp:term":[{"taxonomy":"product_cat","embeddable":true,"href":"https:\/\/der-schulbedarf.shop\/produkt-des-monats\/wp-json\/wp\/v2\/product_cat?post=3703"},{"taxonomy":"product_tag","embeddable":true,"href":"https:\/\/der-schulbedarf.shop\/produkt-des-monats\/wp-json\/wp\/v2\/product_tag?post=3703"}],"curies":[{"name":"wp","href":"https:\/\/api.w.org\/{rel}","templated":true}]}}