{"id":3704,"date":"2024-08-26T09:46:19","date_gmt":"2024-08-26T09:46:19","guid":{"rendered":"https:\/\/der-schulbedarf.shop\/produkt-des-monats\/?post_type=product&#038;p=3704"},"modified":"2025-08-06T15:12:08","modified_gmt":"2025-08-06T15:12:08","slug":"stabilo-pen-68-etui-10er-leuch","status":"publish","type":"product","link":"https:\/\/der-schulbedarf.shop\/produkt-des-monats\/produkt\/stabilo-pen-68-etui-10er-leuch\/","title":{"rendered":"Stabilo Pen 68 Etui 10er Leuch"},"content":{"rendered":"<p>Der STABILO Pen 68 ist ein hochwertiger Fasermaler, der sich durch seine leuchtenden und intensiven Farben auszeichnet. Diese Packung enth\u00e4lt 10 verschiedene Farben, die ideal zum Zeichnen, Ausmalen und kreativen Gestalten sind. Die Stifte haben eine robuste Spitze, die eine gleichm\u00e4\u00dfige Farbverteilung gew\u00e4hrleistet und auch bei l\u00e4ngerer Nutzung nicht ausfranst.<\/p>\n<p>Der STABILO Pen 68 bietet eine hohe Farbbrillanz und ist sowohl f\u00fcr Hobbyk\u00fcnstler als auch f\u00fcr professionelle Anwender geeignet. Er trocknet schnell und ist somit auch perfekt f\u00fcr detaillierte Arbeiten und den Einsatz auf verschiedenen Papierarten. Die Stifte sind langlebig und bieten eine lange Nutzungsdauer. Sie sind in einer praktischen Verpackung untergebracht, die die Stifte sicher h\u00e4lt und eine einfache Handhabung erm\u00f6glicht.<\/p>\n","protected":false},"excerpt":{"rendered":"<p>Der STABILO Pen 68 ist ein hochwertiger Fasermaler, der sich durch seine leuchtenden und intensiven Farben auszeichnet. Diese Packung enth\u00e4lt 10 verschiedene Farben, die ideal zum Zeichnen, Ausmalen und kreativen Gestalten sind. Die Stifte haben eine robuste Spitze, die eine gleichm\u00e4\u00dfige Farbverteilung gew\u00e4hrleistet und auch bei l\u00e4ngerer Nutzung nicht ausfranst. Der STABILO Pen 68 bietet [&hellip;]<\/p>\n","protected":false},"featured_media":3715,"comment_status":"open","ping_status":"closed","template":"","meta":[],"product_cat":[895,898,896,904,905,897,1076,1079],"product_tag":[554,1092,978,1088,1090,448,1089,555,1081,1093,249],"class_list":{"0":"post-3704","1":"product","2":"type-product","3":"status-publish","4":"has-post-thumbnail","6":"product_cat-grundschule","7":"product_cat-gymnasium","8":"product_cat-hauptschule","9":"product_cat-mittelstufe","10":"product_cat-oberstufe","11":"product_cat-realschule","12":"product_cat-schreibwaren","13":"product_cat-schulbedarf","14":"product_tag-basteln","15":"product_tag-beruf","16":"product_tag-grundschule","17":"product_tag-gymnasium","18":"product_tag-hauptschule","19":"product_tag-hobby","20":"product_tag-realschule","21":"product_tag-reparieren","22":"product_tag-schreibwaren","23":"product_tag-schulbedarf","24":"product_tag-schule","25":"post","26":"post-with-thumbnail","27":"post-with-thumbnail-large","29":"first","30":"outofstock","31":"taxable","32":"shipping-taxable","33":"purchasable","34":"product-type-simple"},"yoast_head":"<!-- This site is optimized with the Yoast SEO plugin v26.6 - https:\/\/yoast.com\/wordpress\/plugins\/seo\/ -->\n<title>Stabilo Pen 68 Etui 10er Leuch - der-Schulbedarf.shop<\/title>\n<meta name=\"description\" content=\"Stabilo Pen 68 Etui 10er Leuch. Der STABILO Pen ist ein hochwertiger Fasermaler, der sich durch seine leuchtenden und intensiven Farben auszeichnet. 4,49\u20ac\" \/>\n<meta name=\"robots\" content=\"index, follow, max-snippet:-1, max-image-preview:large, max-video-preview:-1\" \/>\n<link rel=\"canonical\" href=\"https:\/\/der-schulbedarf.shop\/produkt-des-monats\/produkt\/stabilo-pen-68-etui-10er-leuch\/\" \/>\n<meta property=\"og:locale\" content=\"de_DE\" \/>\n<meta property=\"og:type\" content=\"article\" \/>\n<meta property=\"og:title\" content=\"Stabilo Pen 68 Etui 10er Leuch - der-Schulbedarf.shop\" \/>\n<meta property=\"og:description\" content=\"Stabilo Pen 68 Etui 10er Leuch. Der STABILO Pen ist ein hochwertiger Fasermaler, der sich durch seine leuchtenden und intensiven Farben auszeichnet. 4,49\u20ac\" \/>\n<meta property=\"og:url\" content=\"https:\/\/der-schulbedarf.shop\/produkt-des-monats\/produkt\/stabilo-pen-68-etui-10er-leuch\/\" \/>\n<meta property=\"og:site_name\" content=\"der-Schulbedarf.shop\" \/>\n<meta property=\"article:modified_time\" content=\"2025-08-06T15:12:08+00:00\" \/>\n<meta property=\"og:image\" content=\"https:\/\/der-schulbedarf.shop\/wp-content\/uploads\/2024\/08\/1724052447834.png\" \/>\n\t<meta property=\"og:image:width\" content=\"1500\" \/>\n\t<meta property=\"og:image:height\" content=\"2000\" \/>\n\t<meta property=\"og:image:type\" content=\"image\/png\" \/>\n<meta name=\"twitter:card\" content=\"summary_large_image\" \/>\n<meta name=\"twitter:label1\" content=\"Gesch\u00e4tzte Lesezeit\" \/>\n\t<meta name=\"twitter:data1\" content=\"1\u00a0Minute\" \/>\n<script type=\"application\/ld+json\" class=\"yoast-schema-graph\">{\"@context\":\"https:\/\/schema.org\",\"@graph\":[{\"@type\":\"WebPage\",\"@id\":\"https:\/\/der-schulbedarf.shop\/produkt-des-monats\/produkt\/stabilo-pen-68-etui-10er-leuch\/\",\"url\":\"https:\/\/der-schulbedarf.shop\/produkt-des-monats\/produkt\/stabilo-pen-68-etui-10er-leuch\/\",\"name\":\"Stabilo Pen 68 Etui 10er Leuch - der-Schulbedarf.shop\",\"isPartOf\":{\"@id\":\"https:\/\/der-schulbedarf.shop\/produkt-des-monats\/#website\"},\"primaryImageOfPage\":{\"@id\":\"https:\/\/der-schulbedarf.shop\/produkt-des-monats\/produkt\/stabilo-pen-68-etui-10er-leuch\/#primaryimage\"},\"image\":{\"@id\":\"https:\/\/der-schulbedarf.shop\/produkt-des-monats\/produkt\/stabilo-pen-68-etui-10er-leuch\/#primaryimage\"},\"thumbnailUrl\":\"https:\/\/der-schulbedarf.shop\/wp-content\/uploads\/2024\/08\/1724052447834.png\",\"datePublished\":\"2024-08-26T09:46:19+00:00\",\"dateModified\":\"2025-08-06T15:12:08+00:00\",\"description\":\"Stabilo Pen 68 Etui 10er Leuch. Der STABILO Pen ist ein hochwertiger Fasermaler, der sich durch seine leuchtenden und intensiven Farben auszeichnet. 4,49\u20ac\",\"breadcrumb\":{\"@id\":\"https:\/\/der-schulbedarf.shop\/produkt-des-monats\/produkt\/stabilo-pen-68-etui-10er-leuch\/#breadcrumb\"},\"inLanguage\":\"de\",\"potentialAction\":[{\"@type\":\"ReadAction\",\"target\":[\"https:\/\/der-schulbedarf.shop\/produkt-des-monats\/produkt\/stabilo-pen-68-etui-10er-leuch\/\"]}]},{\"@type\":\"ImageObject\",\"inLanguage\":\"de\",\"@id\":\"https:\/\/der-schulbedarf.shop\/produkt-des-monats\/produkt\/stabilo-pen-68-etui-10er-leuch\/#primaryimage\",\"url\":\"https:\/\/der-schulbedarf.shop\/wp-content\/uploads\/2024\/08\/1724052447834.png\",\"contentUrl\":\"https:\/\/der-schulbedarf.shop\/wp-content\/uploads\/2024\/08\/1724052447834.png\",\"width\":1500,\"height\":2000},{\"@type\":\"BreadcrumbList\",\"@id\":\"https:\/\/der-schulbedarf.shop\/produkt-des-monats\/produkt\/stabilo-pen-68-etui-10er-leuch\/#breadcrumb\",\"itemListElement\":[{\"@type\":\"ListItem\",\"position\":1,\"name\":\"Shop\",\"item\":\"https:\/\/der-schulbedarf.shop\/produkt-des-monats\/shop\/\"},{\"@type\":\"ListItem\",\"position\":2,\"name\":\"Stabilo Pen 68 Etui 10er Leuch\"}]},{\"@type\":\"WebSite\",\"@id\":\"https:\/\/der-schulbedarf.shop\/produkt-des-monats\/#website\",\"url\":\"https:\/\/der-schulbedarf.shop\/produkt-des-monats\/\",\"name\":\"der-Schulbedarf.shop\",\"description\":\"\",\"publisher\":{\"@id\":\"https:\/\/der-schulbedarf.shop\/produkt-des-monats\/#organization\"},\"potentialAction\":[{\"@type\":\"SearchAction\",\"target\":{\"@type\":\"EntryPoint\",\"urlTemplate\":\"https:\/\/der-schulbedarf.shop\/produkt-des-monats\/?s={search_term_string}\"},\"query-input\":{\"@type\":\"PropertyValueSpecification\",\"valueRequired\":true,\"valueName\":\"search_term_string\"}}],\"inLanguage\":\"de\"},{\"@type\":\"Organization\",\"@id\":\"https:\/\/der-schulbedarf.shop\/produkt-des-monats\/#organization\",\"name\":\"der-Schulbedarf.shop\",\"url\":\"https:\/\/der-schulbedarf.shop\/produkt-des-monats\/\",\"logo\":{\"@type\":\"ImageObject\",\"inLanguage\":\"de\",\"@id\":\"https:\/\/der-schulbedarf.shop\/produkt-des-monats\/#\/schema\/logo\/image\/\",\"url\":\"https:\/\/der-schulbedarf.shop\/wp-content\/uploads\/2024\/02\/grafik-e1709551115899.png\",\"contentUrl\":\"https:\/\/der-schulbedarf.shop\/wp-content\/uploads\/2024\/02\/grafik-e1709551115899.png\",\"width\":80,\"height\":80,\"caption\":\"der-Schulbedarf.shop\"},\"image\":{\"@id\":\"https:\/\/der-schulbedarf.shop\/produkt-des-monats\/#\/schema\/logo\/image\/\"}}]}<\/script>\n<!-- \/ Yoast SEO plugin. -->","yoast_head_json":{"title":"Stabilo Pen 68 Etui 10er Leuch - der-Schulbedarf.shop","description":"Stabilo Pen 68 Etui 10er Leuch. Der STABILO Pen ist ein hochwertiger Fasermaler, der sich durch seine leuchtenden und intensiven Farben auszeichnet. 4,49\u20ac","robots":{"index":"index","follow":"follow","max-snippet":"max-snippet:-1","max-image-preview":"max-image-preview:large","max-video-preview":"max-video-preview:-1"},"canonical":"https:\/\/der-schulbedarf.shop\/produkt-des-monats\/produkt\/stabilo-pen-68-etui-10er-leuch\/","og_locale":"de_DE","og_type":"article","og_title":"Stabilo Pen 68 Etui 10er Leuch - der-Schulbedarf.shop","og_description":"Stabilo Pen 68 Etui 10er Leuch. Der STABILO Pen ist ein hochwertiger Fasermaler, der sich durch seine leuchtenden und intensiven Farben auszeichnet. 4,49\u20ac","og_url":"https:\/\/der-schulbedarf.shop\/produkt-des-monats\/produkt\/stabilo-pen-68-etui-10er-leuch\/","og_site_name":"der-Schulbedarf.shop","article_modified_time":"2025-08-06T15:12:08+00:00","og_image":[{"width":1500,"height":2000,"url":"https:\/\/der-schulbedarf.shop\/wp-content\/uploads\/2024\/08\/1724052447834.png","type":"image\/png"}],"twitter_card":"summary_large_image","twitter_misc":{"Gesch\u00e4tzte Lesezeit":"1\u00a0Minute"},"schema":{"@context":"https:\/\/schema.org","@graph":[{"@type":"WebPage","@id":"https:\/\/der-schulbedarf.shop\/produkt-des-monats\/produkt\/stabilo-pen-68-etui-10er-leuch\/","url":"https:\/\/der-schulbedarf.shop\/produkt-des-monats\/produkt\/stabilo-pen-68-etui-10er-leuch\/","name":"Stabilo Pen 68 Etui 10er Leuch - der-Schulbedarf.shop","isPartOf":{"@id":"https:\/\/der-schulbedarf.shop\/produkt-des-monats\/#website"},"primaryImageOfPage":{"@id":"https:\/\/der-schulbedarf.shop\/produkt-des-monats\/produkt\/stabilo-pen-68-etui-10er-leuch\/#primaryimage"},"image":{"@id":"https:\/\/der-schulbedarf.shop\/produkt-des-monats\/produkt\/stabilo-pen-68-etui-10er-leuch\/#primaryimage"},"thumbnailUrl":"https:\/\/der-schulbedarf.shop\/wp-content\/uploads\/2024\/08\/1724052447834.png","datePublished":"2024-08-26T09:46:19+00:00","dateModified":"2025-08-06T15:12:08+00:00","description":"Stabilo Pen 68 Etui 10er Leuch. Der STABILO Pen ist ein hochwertiger Fasermaler, der sich durch seine leuchtenden und intensiven Farben auszeichnet. 4,49\u20ac","breadcrumb":{"@id":"https:\/\/der-schulbedarf.shop\/produkt-des-monats\/produkt\/stabilo-pen-68-etui-10er-leuch\/#breadcrumb"},"inLanguage":"de","potentialAction":[{"@type":"ReadAction","target":["https:\/\/der-schulbedarf.shop\/produkt-des-monats\/produkt\/stabilo-pen-68-etui-10er-leuch\/"]}]},{"@type":"ImageObject","inLanguage":"de","@id":"https:\/\/der-schulbedarf.shop\/produkt-des-monats\/produkt\/stabilo-pen-68-etui-10er-leuch\/#primaryimage","url":"https:\/\/der-schulbedarf.shop\/wp-content\/uploads\/2024\/08\/1724052447834.png","contentUrl":"https:\/\/der-schulbedarf.shop\/wp-content\/uploads\/2024\/08\/1724052447834.png","width":1500,"height":2000},{"@type":"BreadcrumbList","@id":"https:\/\/der-schulbedarf.shop\/produkt-des-monats\/produkt\/stabilo-pen-68-etui-10er-leuch\/#breadcrumb","itemListElement":[{"@type":"ListItem","position":1,"name":"Shop","item":"https:\/\/der-schulbedarf.shop\/produkt-des-monats\/shop\/"},{"@type":"ListItem","position":2,"name":"Stabilo Pen 68 Etui 10er Leuch"}]},{"@type":"WebSite","@id":"https:\/\/der-schulbedarf.shop\/produkt-des-monats\/#website","url":"https:\/\/der-schulbedarf.shop\/produkt-des-monats\/","name":"der-Schulbedarf.shop","description":"","publisher":{"@id":"https:\/\/der-schulbedarf.shop\/produkt-des-monats\/#organization"},"potentialAction":[{"@type":"SearchAction","target":{"@type":"EntryPoint","urlTemplate":"https:\/\/der-schulbedarf.shop\/produkt-des-monats\/?s={search_term_string}"},"query-input":{"@type":"PropertyValueSpecification","valueRequired":true,"valueName":"search_term_string"}}],"inLanguage":"de"},{"@type":"Organization","@id":"https:\/\/der-schulbedarf.shop\/produkt-des-monats\/#organization","name":"der-Schulbedarf.shop","url":"https:\/\/der-schulbedarf.shop\/produkt-des-monats\/","logo":{"@type":"ImageObject","inLanguage":"de","@id":"https:\/\/der-schulbedarf.shop\/produkt-des-monats\/#\/schema\/logo\/image\/","url":"https:\/\/der-schulbedarf.shop\/wp-content\/uploads\/2024\/02\/grafik-e1709551115899.png","contentUrl":"https:\/\/der-schulbedarf.shop\/wp-content\/uploads\/2024\/02\/grafik-e1709551115899.png","width":80,"height":80,"caption":"der-Schulbedarf.shop"},"image":{"@id":"https:\/\/der-schulbedarf.shop\/produkt-des-monats\/#\/schema\/logo\/image\/"}}]}},"_links":{"self":[{"href":"https:\/\/der-schulbedarf.shop\/produkt-des-monats\/wp-json\/wp\/v2\/product\/3704","targetHints":{"allow":["GET"]}}],"collection":[{"href":"https:\/\/der-schulbedarf.shop\/produkt-des-monats\/wp-json\/wp\/v2\/product"}],"about":[{"href":"https:\/\/der-schulbedarf.shop\/produkt-des-monats\/wp-json\/wp\/v2\/types\/product"}],"replies":[{"embeddable":true,"href":"https:\/\/der-schulbedarf.shop\/produkt-des-monats\/wp-json\/wp\/v2\/comments?post=3704"}],"wp:featuredmedia":[{"embeddable":true,"href":"https:\/\/der-schulbedarf.shop\/produkt-des-monats\/wp-json\/wp\/v2\/media\/3715"}],"wp:attachment":[{"href":"https:\/\/der-schulbedarf.shop\/produkt-des-monats\/wp-json\/wp\/v2\/media?parent=3704"}],"wp:term":[{"taxonomy":"product_cat","embeddable":true,"href":"https:\/\/der-schulbedarf.shop\/produkt-des-monats\/wp-json\/wp\/v2\/product_cat?post=3704"},{"taxonomy":"product_tag","embeddable":true,"href":"https:\/\/der-schulbedarf.shop\/produkt-des-monats\/wp-json\/wp\/v2\/product_tag?post=3704"}],"curies":[{"name":"wp","href":"https:\/\/api.w.org\/{rel}","templated":true}]}}