{"id":3706,"date":"2024-08-26T09:46:19","date_gmt":"2024-08-26T09:46:19","guid":{"rendered":"https:\/\/der-schulbedarf.shop\/produkt-des-monats\/?post_type=product&#038;p=3706"},"modified":"2024-11-27T11:02:55","modified_gmt":"2024-11-27T11:02:55","slug":"uhu-stic-82-g-vorteilspack41","status":"publish","type":"product","link":"https:\/\/der-schulbedarf.shop\/produkt-des-monats\/produkt\/uhu-stic-82-g-vorteilspack41\/","title":{"rendered":"UHU Stic 8,2 g Vorteilspack4+1"},"content":{"rendered":"<p>Produktname: UHU stic Klebestift Vorteilspack \u2013 4 Standard-Klebestifte + 1 UHU Magic Blue<\/p>\n<p>Produktdetails:<\/p>\n<p>Marke: UHU<br \/>\nProduktart: Klebestifte<br \/>\nInhalt: 4 x 8,2 g UHU stic + 1 x 8,2 g UHU stic Magic Blue<br \/>\nBesonderheit: 98% nat\u00fcrliche Inhaltsstoffe (inkl. Wasser)<br \/>\nQualit\u00e4tssiegel: \u00d6KO-TEST \u201eSehr gut\u201c<br \/>\nEigenschaften: Stark und schnell, l\u00f6semittelfrei<br \/>\nZus\u00e4tzlicher Stift: UHU stic Magic Blue \u2013 Farbe \u00e4ndert sich beim Trocknen von Blau zu Transparent<br \/>\nAnwendungsbereich: Papier, Karton und leichte Materialien<\/p>\n<p>Beschreibung:<br \/>\nDer UHU stic Klebestift Vorteilspack bietet Ihnen f\u00fcnf praktische Klebestifte f\u00fcr Schule, B\u00fcro und Bastelarbeiten. Die vier klassischen UHU stic Klebestifte sind stark und schnell haftend und dabei zu 98% aus nat\u00fcrlichen Inhaltsstoffen hergestellt, was sie besonders umweltfreundlich macht. Dank der l\u00f6semittelfreien Formel ist der Klebstoff auch f\u00fcr Kinder sicher. Als besonderes Highlight enth\u00e4lt dieses Set einen UHU stic Magic Blue, der beim Auftragen blau ist und beim Trocknen transparent wird \u2013 ideal f\u00fcr pr\u00e4zises Arbeiten. Das \u00d6KO-TEST \u201eSehr gut\u201c-Siegel best\u00e4tigt die hohe Qualit\u00e4t und Sicherheit dieser Klebestifte.<\/p>\n<p>Preis: 4,40 \u20ac<\/p>\n","protected":false},"excerpt":{"rendered":"<p>Produktname: UHU stic Klebestift Vorteilspack \u2013 4 Standard-Klebestifte + 1 UHU Magic Blue Produktdetails: Marke: UHU Produktart: Klebestifte Inhalt: 4 x 8,2 g UHU stic + 1 x 8,2 g UHU stic Magic Blue Besonderheit: 98% nat\u00fcrliche Inhaltsstoffe (inkl. Wasser) Qualit\u00e4tssiegel: \u00d6KO-TEST \u201eSehr gut\u201c Eigenschaften: Stark und schnell, l\u00f6semittelfrei Zus\u00e4tzlicher Stift: UHU stic Magic Blue [&hellip;]<\/p>\n","protected":false},"featured_media":3709,"comment_status":"open","ping_status":"closed","template":"","meta":[],"product_cat":[895,898,896,905,897,1076,1079],"product_tag":[554,1092,978,1088,1090,448,1089,555,1093,249],"class_list":{"0":"post-3706","1":"product","2":"type-product","3":"status-publish","4":"has-post-thumbnail","6":"product_cat-grundschule","7":"product_cat-gymnasium","8":"product_cat-hauptschule","9":"product_cat-oberstufe","10":"product_cat-realschule","11":"product_cat-schreibwaren","12":"product_cat-schulbedarf","13":"product_tag-basteln","14":"product_tag-beruf","15":"product_tag-grundschule","16":"product_tag-gymnasium","17":"product_tag-hauptschule","18":"product_tag-hobby","19":"product_tag-realschule","20":"product_tag-reparieren","21":"product_tag-schulbedarf","22":"product_tag-schule","23":"post","24":"post-with-thumbnail","25":"post-with-thumbnail-large","27":"first","28":"instock","29":"taxable","30":"shipping-taxable","31":"purchasable","32":"product-type-simple"},"yoast_head":"<!-- This site is optimized with the Yoast SEO plugin v26.6 - https:\/\/yoast.com\/wordpress\/plugins\/seo\/ -->\n<title>UHU Stic 8,2 g Vorteilspack4+1 - der-Schulbedarf.shop<\/title>\n<meta name=\"description\" content=\"UHU Stic 8.2 g Vorteilspack4+1. Allzweckkleber f\u00fcr Schule, Hobby und vieles mehr. Kindersicher da L\u00f6sungsmittelfrei. Laut \u00d6KO-TEST \u201eSehr gut &quot;Preis 4,40\u20ac\" \/>\n<meta name=\"robots\" content=\"index, follow, max-snippet:-1, max-image-preview:large, max-video-preview:-1\" \/>\n<link rel=\"canonical\" href=\"https:\/\/der-schulbedarf.shop\/produkt-des-monats\/produkt\/uhu-stic-82-g-vorteilspack41\/\" \/>\n<meta property=\"og:locale\" content=\"de_DE\" \/>\n<meta property=\"og:type\" content=\"article\" \/>\n<meta property=\"og:title\" content=\"UHU Stic 8,2 g Vorteilspack4+1 - der-Schulbedarf.shop\" \/>\n<meta property=\"og:description\" content=\"UHU Stic 8.2 g Vorteilspack4+1. Allzweckkleber f\u00fcr Schule, Hobby und vieles mehr. Kindersicher da L\u00f6sungsmittelfrei. Laut \u00d6KO-TEST \u201eSehr gut &quot;Preis 4,40\u20ac\" \/>\n<meta property=\"og:url\" content=\"https:\/\/der-schulbedarf.shop\/produkt-des-monats\/produkt\/uhu-stic-82-g-vorteilspack41\/\" \/>\n<meta property=\"og:site_name\" content=\"der-Schulbedarf.shop\" \/>\n<meta property=\"article:modified_time\" content=\"2024-11-27T11:02:55+00:00\" \/>\n<meta property=\"og:image\" content=\"https:\/\/der-schulbedarf.shop\/wp-content\/uploads\/2024\/08\/1724052495173.png\" \/>\n\t<meta property=\"og:image:width\" content=\"1500\" \/>\n\t<meta property=\"og:image:height\" content=\"2000\" \/>\n\t<meta property=\"og:image:type\" content=\"image\/png\" \/>\n<meta name=\"twitter:card\" content=\"summary_large_image\" \/>\n<meta name=\"twitter:label1\" content=\"Gesch\u00e4tzte Lesezeit\" \/>\n\t<meta name=\"twitter:data1\" content=\"2\u00a0Minuten\" \/>\n<script type=\"application\/ld+json\" class=\"yoast-schema-graph\">{\"@context\":\"https:\/\/schema.org\",\"@graph\":[{\"@type\":\"WebPage\",\"@id\":\"https:\/\/der-schulbedarf.shop\/produkt-des-monats\/produkt\/uhu-stic-82-g-vorteilspack41\/\",\"url\":\"https:\/\/der-schulbedarf.shop\/produkt-des-monats\/produkt\/uhu-stic-82-g-vorteilspack41\/\",\"name\":\"UHU Stic 8,2 g Vorteilspack4+1 - der-Schulbedarf.shop\",\"isPartOf\":{\"@id\":\"https:\/\/der-schulbedarf.shop\/produkt-des-monats\/#website\"},\"primaryImageOfPage\":{\"@id\":\"https:\/\/der-schulbedarf.shop\/produkt-des-monats\/produkt\/uhu-stic-82-g-vorteilspack41\/#primaryimage\"},\"image\":{\"@id\":\"https:\/\/der-schulbedarf.shop\/produkt-des-monats\/produkt\/uhu-stic-82-g-vorteilspack41\/#primaryimage\"},\"thumbnailUrl\":\"https:\/\/der-schulbedarf.shop\/wp-content\/uploads\/2024\/08\/1724052495173.png\",\"datePublished\":\"2024-08-26T09:46:19+00:00\",\"dateModified\":\"2024-11-27T11:02:55+00:00\",\"description\":\"UHU Stic 8.2 g Vorteilspack4+1. Allzweckkleber f\u00fcr Schule, Hobby und vieles mehr. Kindersicher da L\u00f6sungsmittelfrei. Laut \u00d6KO-TEST \u201eSehr gut \\\"Preis 4,40\u20ac\",\"breadcrumb\":{\"@id\":\"https:\/\/der-schulbedarf.shop\/produkt-des-monats\/produkt\/uhu-stic-82-g-vorteilspack41\/#breadcrumb\"},\"inLanguage\":\"de\",\"potentialAction\":[{\"@type\":\"ReadAction\",\"target\":[\"https:\/\/der-schulbedarf.shop\/produkt-des-monats\/produkt\/uhu-stic-82-g-vorteilspack41\/\"]}]},{\"@type\":\"ImageObject\",\"inLanguage\":\"de\",\"@id\":\"https:\/\/der-schulbedarf.shop\/produkt-des-monats\/produkt\/uhu-stic-82-g-vorteilspack41\/#primaryimage\",\"url\":\"https:\/\/der-schulbedarf.shop\/wp-content\/uploads\/2024\/08\/1724052495173.png\",\"contentUrl\":\"https:\/\/der-schulbedarf.shop\/wp-content\/uploads\/2024\/08\/1724052495173.png\",\"width\":1500,\"height\":2000},{\"@type\":\"BreadcrumbList\",\"@id\":\"https:\/\/der-schulbedarf.shop\/produkt-des-monats\/produkt\/uhu-stic-82-g-vorteilspack41\/#breadcrumb\",\"itemListElement\":[{\"@type\":\"ListItem\",\"position\":1,\"name\":\"Shop\",\"item\":\"https:\/\/der-schulbedarf.shop\/produkt-des-monats\/shop\/\"},{\"@type\":\"ListItem\",\"position\":2,\"name\":\"UHU Stic 8,2 g Vorteilspack4+1\"}]},{\"@type\":\"WebSite\",\"@id\":\"https:\/\/der-schulbedarf.shop\/produkt-des-monats\/#website\",\"url\":\"https:\/\/der-schulbedarf.shop\/produkt-des-monats\/\",\"name\":\"der-Schulbedarf.shop\",\"description\":\"\",\"publisher\":{\"@id\":\"https:\/\/der-schulbedarf.shop\/produkt-des-monats\/#organization\"},\"potentialAction\":[{\"@type\":\"SearchAction\",\"target\":{\"@type\":\"EntryPoint\",\"urlTemplate\":\"https:\/\/der-schulbedarf.shop\/produkt-des-monats\/?s={search_term_string}\"},\"query-input\":{\"@type\":\"PropertyValueSpecification\",\"valueRequired\":true,\"valueName\":\"search_term_string\"}}],\"inLanguage\":\"de\"},{\"@type\":\"Organization\",\"@id\":\"https:\/\/der-schulbedarf.shop\/produkt-des-monats\/#organization\",\"name\":\"der-Schulbedarf.shop\",\"url\":\"https:\/\/der-schulbedarf.shop\/produkt-des-monats\/\",\"logo\":{\"@type\":\"ImageObject\",\"inLanguage\":\"de\",\"@id\":\"https:\/\/der-schulbedarf.shop\/produkt-des-monats\/#\/schema\/logo\/image\/\",\"url\":\"https:\/\/der-schulbedarf.shop\/wp-content\/uploads\/2024\/02\/grafik-e1709551115899.png\",\"contentUrl\":\"https:\/\/der-schulbedarf.shop\/wp-content\/uploads\/2024\/02\/grafik-e1709551115899.png\",\"width\":80,\"height\":80,\"caption\":\"der-Schulbedarf.shop\"},\"image\":{\"@id\":\"https:\/\/der-schulbedarf.shop\/produkt-des-monats\/#\/schema\/logo\/image\/\"}}]}<\/script>\n<!-- \/ Yoast SEO plugin. -->","yoast_head_json":{"title":"UHU Stic 8,2 g Vorteilspack4+1 - der-Schulbedarf.shop","description":"UHU Stic 8.2 g Vorteilspack4+1. Allzweckkleber f\u00fcr Schule, Hobby und vieles mehr. Kindersicher da L\u00f6sungsmittelfrei. Laut \u00d6KO-TEST \u201eSehr gut \"Preis 4,40\u20ac","robots":{"index":"index","follow":"follow","max-snippet":"max-snippet:-1","max-image-preview":"max-image-preview:large","max-video-preview":"max-video-preview:-1"},"canonical":"https:\/\/der-schulbedarf.shop\/produkt-des-monats\/produkt\/uhu-stic-82-g-vorteilspack41\/","og_locale":"de_DE","og_type":"article","og_title":"UHU Stic 8,2 g Vorteilspack4+1 - der-Schulbedarf.shop","og_description":"UHU Stic 8.2 g Vorteilspack4+1. Allzweckkleber f\u00fcr Schule, Hobby und vieles mehr. Kindersicher da L\u00f6sungsmittelfrei. Laut \u00d6KO-TEST \u201eSehr gut \"Preis 4,40\u20ac","og_url":"https:\/\/der-schulbedarf.shop\/produkt-des-monats\/produkt\/uhu-stic-82-g-vorteilspack41\/","og_site_name":"der-Schulbedarf.shop","article_modified_time":"2024-11-27T11:02:55+00:00","og_image":[{"width":1500,"height":2000,"url":"https:\/\/der-schulbedarf.shop\/wp-content\/uploads\/2024\/08\/1724052495173.png","type":"image\/png"}],"twitter_card":"summary_large_image","twitter_misc":{"Gesch\u00e4tzte Lesezeit":"2\u00a0Minuten"},"schema":{"@context":"https:\/\/schema.org","@graph":[{"@type":"WebPage","@id":"https:\/\/der-schulbedarf.shop\/produkt-des-monats\/produkt\/uhu-stic-82-g-vorteilspack41\/","url":"https:\/\/der-schulbedarf.shop\/produkt-des-monats\/produkt\/uhu-stic-82-g-vorteilspack41\/","name":"UHU Stic 8,2 g Vorteilspack4+1 - der-Schulbedarf.shop","isPartOf":{"@id":"https:\/\/der-schulbedarf.shop\/produkt-des-monats\/#website"},"primaryImageOfPage":{"@id":"https:\/\/der-schulbedarf.shop\/produkt-des-monats\/produkt\/uhu-stic-82-g-vorteilspack41\/#primaryimage"},"image":{"@id":"https:\/\/der-schulbedarf.shop\/produkt-des-monats\/produkt\/uhu-stic-82-g-vorteilspack41\/#primaryimage"},"thumbnailUrl":"https:\/\/der-schulbedarf.shop\/wp-content\/uploads\/2024\/08\/1724052495173.png","datePublished":"2024-08-26T09:46:19+00:00","dateModified":"2024-11-27T11:02:55+00:00","description":"UHU Stic 8.2 g Vorteilspack4+1. Allzweckkleber f\u00fcr Schule, Hobby und vieles mehr. Kindersicher da L\u00f6sungsmittelfrei. Laut \u00d6KO-TEST \u201eSehr gut \"Preis 4,40\u20ac","breadcrumb":{"@id":"https:\/\/der-schulbedarf.shop\/produkt-des-monats\/produkt\/uhu-stic-82-g-vorteilspack41\/#breadcrumb"},"inLanguage":"de","potentialAction":[{"@type":"ReadAction","target":["https:\/\/der-schulbedarf.shop\/produkt-des-monats\/produkt\/uhu-stic-82-g-vorteilspack41\/"]}]},{"@type":"ImageObject","inLanguage":"de","@id":"https:\/\/der-schulbedarf.shop\/produkt-des-monats\/produkt\/uhu-stic-82-g-vorteilspack41\/#primaryimage","url":"https:\/\/der-schulbedarf.shop\/wp-content\/uploads\/2024\/08\/1724052495173.png","contentUrl":"https:\/\/der-schulbedarf.shop\/wp-content\/uploads\/2024\/08\/1724052495173.png","width":1500,"height":2000},{"@type":"BreadcrumbList","@id":"https:\/\/der-schulbedarf.shop\/produkt-des-monats\/produkt\/uhu-stic-82-g-vorteilspack41\/#breadcrumb","itemListElement":[{"@type":"ListItem","position":1,"name":"Shop","item":"https:\/\/der-schulbedarf.shop\/produkt-des-monats\/shop\/"},{"@type":"ListItem","position":2,"name":"UHU Stic 8,2 g Vorteilspack4+1"}]},{"@type":"WebSite","@id":"https:\/\/der-schulbedarf.shop\/produkt-des-monats\/#website","url":"https:\/\/der-schulbedarf.shop\/produkt-des-monats\/","name":"der-Schulbedarf.shop","description":"","publisher":{"@id":"https:\/\/der-schulbedarf.shop\/produkt-des-monats\/#organization"},"potentialAction":[{"@type":"SearchAction","target":{"@type":"EntryPoint","urlTemplate":"https:\/\/der-schulbedarf.shop\/produkt-des-monats\/?s={search_term_string}"},"query-input":{"@type":"PropertyValueSpecification","valueRequired":true,"valueName":"search_term_string"}}],"inLanguage":"de"},{"@type":"Organization","@id":"https:\/\/der-schulbedarf.shop\/produkt-des-monats\/#organization","name":"der-Schulbedarf.shop","url":"https:\/\/der-schulbedarf.shop\/produkt-des-monats\/","logo":{"@type":"ImageObject","inLanguage":"de","@id":"https:\/\/der-schulbedarf.shop\/produkt-des-monats\/#\/schema\/logo\/image\/","url":"https:\/\/der-schulbedarf.shop\/wp-content\/uploads\/2024\/02\/grafik-e1709551115899.png","contentUrl":"https:\/\/der-schulbedarf.shop\/wp-content\/uploads\/2024\/02\/grafik-e1709551115899.png","width":80,"height":80,"caption":"der-Schulbedarf.shop"},"image":{"@id":"https:\/\/der-schulbedarf.shop\/produkt-des-monats\/#\/schema\/logo\/image\/"}}]}},"_links":{"self":[{"href":"https:\/\/der-schulbedarf.shop\/produkt-des-monats\/wp-json\/wp\/v2\/product\/3706","targetHints":{"allow":["GET"]}}],"collection":[{"href":"https:\/\/der-schulbedarf.shop\/produkt-des-monats\/wp-json\/wp\/v2\/product"}],"about":[{"href":"https:\/\/der-schulbedarf.shop\/produkt-des-monats\/wp-json\/wp\/v2\/types\/product"}],"replies":[{"embeddable":true,"href":"https:\/\/der-schulbedarf.shop\/produkt-des-monats\/wp-json\/wp\/v2\/comments?post=3706"}],"wp:featuredmedia":[{"embeddable":true,"href":"https:\/\/der-schulbedarf.shop\/produkt-des-monats\/wp-json\/wp\/v2\/media\/3709"}],"wp:attachment":[{"href":"https:\/\/der-schulbedarf.shop\/produkt-des-monats\/wp-json\/wp\/v2\/media?parent=3706"}],"wp:term":[{"taxonomy":"product_cat","embeddable":true,"href":"https:\/\/der-schulbedarf.shop\/produkt-des-monats\/wp-json\/wp\/v2\/product_cat?post=3706"},{"taxonomy":"product_tag","embeddable":true,"href":"https:\/\/der-schulbedarf.shop\/produkt-des-monats\/wp-json\/wp\/v2\/product_tag?post=3706"}],"curies":[{"name":"wp","href":"https:\/\/api.w.org\/{rel}","templated":true}]}}